{"id":26203,"date":"2025-12-22T13:43:28","date_gmt":"2025-12-22T12:43:28","guid":{"rendered":"https:\/\/mestra.es\/?post_type=product&#038;p=26203"},"modified":"2026-01-19T08:49:24","modified_gmt":"2026-01-19T07:49:24","slug":"taille-platre-mulhacen-papier-de-verre-copia-2","status":"publish","type":"product","link":"https:\/\/mestra.es\/fr\/producto\/taille-platre-mulhacen-papier-de-verre-copia-2\/","title":{"rendered":"TAILLE PL\u00c2TRE MULHACEN &#8211; \u00c0 sec en toile  \u00e9meri"},"content":{"rendered":"<p>La principale caract\u00e9ristique du taille-pl\u00e2tre est que l\u00b4op\u00e9ration de surfa\u00e7age se fait \u00e0 sec. Stabilit\u00e9 du mat\u00e9riel \u00e0 d\u00e9couper du fait qu\u00b4il n\u00b4a pas \u00e9t\u00e9 humidifi\u00e9. Plus de rendement et une plus longue dur\u00e9e, effort minimal. Aspirateur en option (absolument necessaire).<\/p>\n<p>Un taille pl\u00e2tre, moderne et versatile. Il est \u00e9quip\u00e9 d\u2019un moteur puissant de 1600 W<br \/>\nd\u2019un frein d\u2019arr\u00eat instantan\u00e9, d\u2019une fa\u00e7ade amovible pour un acc\u00e8s rapide au disque,<br \/>\nUn t\u00e9moin de fonctionnement, des disques \u00e0 fixation de type boucle\/cochet (Velcro\u00ae), un circuit de nettoyage innovateur, table de travail inclinable&#8230; et un grand nombre d\u2019\u00e9l\u00e9ments qui font du Taille-pl\u00e2tre Mulhac\u00e9n -probablement- le mieux \u00e9quipe du march\u00e9. Le rapport qualit\u00e9\/prix est sans \u00e9gal.<\/p>\n<p><strong>Tondeuse mod\u00e8le moderne et polyvalente pour <a href=\"https:\/\/es.wikipedia.org\/wiki\/Pr%C3%B3tesis_dental\">laboratoire dentaire<\/a>.<\/strong><\/p>\n<p>Il dispose d&rsquo;un puissant moteur de 1 600 W avec frein int\u00e9gr\u00e9, d&rsquo;un couvercle d&rsquo;ouverture pour un acc\u00e8s rapide au disque, d&rsquo;un voyant de fonctionnement, de disques de fixation de type boucle\/crochet (Velcro<sup>\u00ae<\/sup>), d&rsquo;un circuit de nettoyage sophistiqu\u00e9, d&rsquo;une table r\u00e9glable et d&rsquo;innombrables autres \u00e9l\u00e9ments qui en font le mod\u00e8le de tondeuse -probablement- le plus complet du march\u00e9.<\/p>\n<p>Rapport qualit\u00e9\/prix imbattable.<\/p>\n<ul>\n<li>Puissance : 1 600 W<\/li>\n<li>Vitesse : 3 000 tr\/min<\/li>\n<li>Tension : 230 V, 50\/60 Hz<\/li>\n<li>Diam\u00e8tre de l&rsquo;abrasif : 250 mm<\/li>\n<\/ul>\n<table>\n<tbody>\n<tr>\n<td><img loading=\"lazy\" decoding=\"async\" src=\"https:\/\/mestra.es\/wp-content\/uploads\/2024\/07\/1129-RECORTADORA-DE-MODELOS-MULHACEN.jpg\" width=\"350\" height=\"350\" \/><\/td>\n<td>\n<ul>\n<li>Couvercle facilement amovible (charni\u00e8re \u00e0 ouverture totale). Nettoyage et accessibilit\u00e9 faciles au disque.<\/li>\n<li>Fabriqu\u00e9 en plastiques techniques \u00e0 haute r\u00e9sistance.<\/li>\n<li>Absence de corrosion.<\/li>\n<\/ul>\n<\/td>\n<\/tr>\n<\/tbody>\n<\/table>\n<table>\n<tbody>\n<tr>\n<td><img loading=\"lazy\" decoding=\"async\" src=\"https:\/\/mestra.es\/wp-content\/uploads\/2024\/07\/1130-RECORTADORA-DE-MODELOS-MULHACEN.jpg\" width=\"350\" height=\"350\" \/><\/td>\n<td>\n<ul>\n<li>Disque abrasif de type boucle\/crochet (Velcro) avec une grande capacit\u00e9 de coupe et un remplacement tr\u00e8s facile.<\/li>\n<\/ul>\n<\/td>\n<\/tr>\n<\/tbody>\n<\/table>\n<table>\n<tbody>\n<tr>\n<td><img loading=\"lazy\" decoding=\"async\" src=\"https:\/\/mestra.es\/wp-content\/uploads\/2024\/07\/080093-C-300x225-1.jpg\" width=\"350\" height=\"350\" \/><\/td>\n<td>\n<ul>\n<li>Large table de travail : 121 mm de large. (Probablement le plus grand du march\u00e9).<\/li>\n<\/ul>\n<\/td>\n<\/tr>\n<\/tbody>\n<\/table>\n<table>\n<tbody>\n<tr>\n<td><img loading=\"lazy\" decoding=\"async\" src=\"https:\/\/mestra.es\/wp-content\/uploads\/2024\/07\/080093-D-300x225-1.jpg\" width=\"150\" height=\"150\" \/><\/td>\n<td>\n<ul>\n<li>Table de support r\u00e9glable en hauteur.<\/li>\n<\/ul>\n<\/td>\n<\/tr>\n<\/tbody>\n<\/table>\n<table>\n<tbody>\n<tr>\n<td><img loading=\"lazy\" decoding=\"async\" src=\"https:\/\/mestra.es\/wp-content\/uploads\/2024\/07\/080093-E-300x225-1.jpg\" width=\"350\" height=\"350\" \/><\/td>\n<td>\n<ul>\n<li>Cl\u00e9 de r\u00e9gulation de l&rsquo;eau.<\/li>\n<li>Sortie lat\u00e9rale des d\u00e9chets, les turbulences produites par le disque mobile contribuent \u00e0 l&rsquo;\u00e9vacuation des d\u00e9chets.<\/li>\n<\/ul>\n<\/td>\n<\/tr>\n<\/tbody>\n<\/table>\n<table>\n<tbody>\n<tr>\n<td><img loading=\"lazy\" decoding=\"async\" src=\"https:\/\/mestra.es\/wp-content\/uploads\/2024\/07\/080093-F-225x300-1.jpg\" width=\"350\" height=\"350\" \/><\/td>\n<td>\n<ul>\n<li>La partie sup\u00e9rieure est pr\u00e9vue pour accueillir un plateau grand mod\u00e8le (R\u00e9f. 100062). Lib\u00e9ration de la table de travail<\/li>\n<\/ul>\n<\/td>\n<\/tr>\n<\/tbody>\n<\/table>\n<table>\n<tbody>\n<tr>\n<td><img loading=\"lazy\" decoding=\"async\" src=\"https:\/\/mestra.es\/wp-content\/uploads\/2024\/07\/080093-G-300x274-1.jpg\" width=\"150\" height=\"150\" \/><\/td>\n<td>\n<ul>\n<li>Moteur de 1 600 W et 3 000 tr\/min.<\/li>\n<li>Frein int\u00e9gr\u00e9.<\/li>\n<\/ul>\n<\/td>\n<\/tr>\n<\/tbody>\n<\/table>\n<table>\n<tbody>\n<tr>\n<td><img decoding=\"async\" src=\"https:\/\/mestra.es\/wp-content\/uploads\/2024\/07\/080093-I-.jpg\" \/><\/td>\n<td>\n<ul>\n<li>Adaptation simple aux carafes R\u00e9f. 080085 et R\u00e9f.080087.<\/li>\n<\/ul>\n<\/td>\n<\/tr>\n<\/tbody>\n<\/table>\n<ul>\n<li><\/li>\n<\/ul>\n<p><iframe loading=\"lazy\" src=\"https:\/\/www.youtube.com\/embed\/Km4k1zg_uDk?si=mSUWePF-dVhEdk8H\" width=\"560\" height=\"315\" frameborder=\"0\" allowfullscreen=\"allowfullscreen\"><\/iframe><\/p>\n","protected":false},"excerpt":{"rendered":"<p>TAILLE PL\u00c2TRE MULHACEN &#8211; \u00c0 sec en toile \u00e9meri<br \/>\nDimensions: 340 x 340 x 320 mm<\/p>\n","protected":false},"featured_media":26206,"template":"","meta":{"_acf_changed":false,"_monsterinsights_skip_tracking":false,"_monsterinsights_sitenote_active":false,"_monsterinsights_sitenote_note":"","_monsterinsights_sitenote_category":0},"product_brand":[],"product_cat":[1905],"product_tag":[],"class_list":{"0":"post-26203","1":"product","2":"type-product","3":"status-publish","4":"has-post-thumbnail","6":"product_cat-taille-platre-mulhacen","8":"first","9":"instock","10":"taxable","11":"shipping-taxable","12":"purchasable","13":"product-type-simple"},"acf":[],"yoast_head":"<!-- This site is optimized with the Yoast SEO plugin v27.2 - https:\/\/yoast.com\/product\/yoast-seo-wordpress\/ -->\n<title>TAILLE PL\u00c2TRE MULHACEN - \u00c0 sec en toile \u00e9meri | MESTRA<\/title>\n<meta name=\"description\" content=\"Chez MESTRA nous avons des Taille-pl\u00e2tre Mulhac\u00e9n \u00e0 sec en toile \u00e9meri. Consultez notre catalogue de mat\u00e9riel dentaire et passez votre commande d\u00e8s maintenant.\" \/>\n<meta name=\"robots\" content=\"index, follow, max-snippet:-1, max-image-preview:large, max-video-preview:-1\" \/>\n<link rel=\"canonical\" href=\"https:\/\/mestra.es\/fr\/producto\/taille-platre-mulhacen-papier-de-verre-copia-2\/\" \/>\n<meta property=\"og:locale\" content=\"fr_FR\" \/>\n<meta property=\"og:type\" content=\"article\" \/>\n<meta property=\"og:title\" content=\"TAILLE PL\u00c2TRE MULHACEN - \u00c0 sec en toile \u00e9meri | MESTRA\" \/>\n<meta property=\"og:description\" content=\"Chez MESTRA nous avons des Taille-pl\u00e2tre Mulhac\u00e9n \u00e0 sec en toile \u00e9meri. Consultez notre catalogue de mat\u00e9riel dentaire et passez votre commande d\u00e8s maintenant.\" \/>\n<meta property=\"og:url\" content=\"https:\/\/mestra.es\/fr\/producto\/taille-platre-mulhacen-papier-de-verre-copia-2\/\" \/>\n<meta property=\"og:site_name\" content=\"Talleres Mestra\" \/>\n<meta property=\"article:modified_time\" content=\"2026-01-19T07:49:24+00:00\" \/>\n<meta property=\"og:image\" content=\"https:\/\/mestra.es\/wp-content\/uploads\/2025\/12\/080096.jpg\" \/>\n\t<meta property=\"og:image:width\" content=\"600\" \/>\n\t<meta property=\"og:image:height\" content=\"600\" \/>\n\t<meta property=\"og:image:type\" content=\"image\/jpeg\" \/>\n<meta name=\"twitter:card\" content=\"summary_large_image\" \/>\n<meta name=\"twitter:label1\" content=\"Prix\" \/>\n\t<meta name=\"twitter:data1\" content=\"0,00&nbsp;&euro;\" \/>\n\t<meta name=\"twitter:label2\" content=\"Disponibilit\u00e9\" \/>\n\t<meta name=\"twitter:data2\" content=\"En stock\" \/>\n<script type=\"application\/ld+json\" class=\"yoast-schema-graph\">{\"@context\":\"https:\/\/schema.org\",\"@graph\":[{\"@type\":\"WebPage\",\"@id\":\"https:\/\/mestra.es\/fr\/producto\/taille-platre-mulhacen-papier-de-verre-copia-2\/\",\"url\":\"https:\/\/mestra.es\/fr\/producto\/taille-platre-mulhacen-papier-de-verre-copia-2\/\",\"name\":\"TAILLE PL\u00c2TRE MULHACEN - \u00c0 sec en toile \u00e9meri | MESTRA\",\"isPartOf\":{\"@id\":\"https:\/\/mestra.es\/fr\/#website\"},\"primaryImageOfPage\":{\"@id\":\"https:\/\/mestra.es\/fr\/producto\/taille-platre-mulhacen-papier-de-verre-copia-2\/#primaryimage\"},\"image\":{\"@id\":\"https:\/\/mestra.es\/fr\/producto\/taille-platre-mulhacen-papier-de-verre-copia-2\/#primaryimage\"},\"thumbnailUrl\":\"https:\/\/mestra.es\/wp-content\/uploads\/2025\/12\/080096.jpg\",\"datePublished\":\"2025-12-22T12:43:28+00:00\",\"dateModified\":\"2026-01-19T07:49:24+00:00\",\"description\":\"Chez MESTRA nous avons des Taille-pl\u00e2tre Mulhac\u00e9n \u00e0 sec en toile \u00e9meri. Consultez notre catalogue de mat\u00e9riel dentaire et passez votre commande d\u00e8s maintenant.\",\"breadcrumb\":{\"@id\":\"https:\/\/mestra.es\/fr\/producto\/taille-platre-mulhacen-papier-de-verre-copia-2\/#breadcrumb\"},\"inLanguage\":\"fr-FR\",\"potentialAction\":[{\"@type\":\"ReadAction\",\"target\":[\"https:\/\/mestra.es\/fr\/producto\/taille-platre-mulhacen-papier-de-verre-copia-2\/\"]}]},{\"@type\":\"ImageObject\",\"inLanguage\":\"fr-FR\",\"@id\":\"https:\/\/mestra.es\/fr\/producto\/taille-platre-mulhacen-papier-de-verre-copia-2\/#primaryimage\",\"url\":\"https:\/\/mestra.es\/wp-content\/uploads\/2025\/12\/080096.jpg\",\"contentUrl\":\"https:\/\/mestra.es\/wp-content\/uploads\/2025\/12\/080096.jpg\",\"width\":600,\"height\":600,\"caption\":\"recortadora en seco\"},{\"@type\":\"BreadcrumbList\",\"@id\":\"https:\/\/mestra.es\/fr\/producto\/taille-platre-mulhacen-papier-de-verre-copia-2\/#breadcrumb\",\"itemListElement\":[{\"@type\":\"ListItem\",\"position\":1,\"name\":\"Portada\",\"item\":\"https:\/\/mestra.es\/fr\/\"},{\"@type\":\"ListItem\",\"position\":2,\"name\":\"Boutique\",\"item\":\"https:\/\/mestra.es\/fr\/boutique\/\"},{\"@type\":\"ListItem\",\"position\":3,\"name\":\"TAILLE PL\u00c2TRE MULHACEN &#8211; \u00c0 sec en toile \u00e9meri\"}]},{\"@type\":\"WebSite\",\"@id\":\"https:\/\/mestra.es\/fr\/#website\",\"url\":\"https:\/\/mestra.es\/fr\/\",\"name\":\"Talleres Mestra\",\"description\":\"\",\"publisher\":{\"@id\":\"https:\/\/mestra.es\/fr\/#organization\"},\"potentialAction\":[{\"@type\":\"SearchAction\",\"target\":{\"@type\":\"EntryPoint\",\"urlTemplate\":\"https:\/\/mestra.es\/fr\/?s={search_term_string}\"},\"query-input\":{\"@type\":\"PropertyValueSpecification\",\"valueRequired\":true,\"valueName\":\"search_term_string\"}}],\"inLanguage\":\"fr-FR\"},{\"@type\":\"Organization\",\"@id\":\"https:\/\/mestra.es\/fr\/#organization\",\"name\":\"Talleres Mestra\",\"url\":\"https:\/\/mestra.es\/fr\/\",\"logo\":{\"@type\":\"ImageObject\",\"inLanguage\":\"fr-FR\",\"@id\":\"https:\/\/mestra.es\/fr\/#\/schema\/logo\/image\/\",\"url\":\"https:\/\/mestra.es\/wp-content\/uploads\/2024\/05\/logo_mestra.png\",\"contentUrl\":\"https:\/\/mestra.es\/wp-content\/uploads\/2024\/05\/logo_mestra.png\",\"width\":300,\"height\":170,\"caption\":\"Talleres Mestra\"},\"image\":{\"@id\":\"https:\/\/mestra.es\/fr\/#\/schema\/logo\/image\/\"}}]}<\/script>\n<meta property=\"product:price:amount\" content=\"0.00\" \/>\n<meta property=\"product:price:currency\" content=\"EUR\" \/>\n<meta property=\"og:availability\" content=\"instock\" \/>\n<meta property=\"product:availability\" content=\"instock\" \/>\n<meta property=\"product:retailer_item_id\" content=\"080096\" \/>\n<meta property=\"product:condition\" content=\"new\" \/>\n<!-- \/ Yoast SEO plugin. -->","yoast_head_json":{"title":"TAILLE PL\u00c2TRE MULHACEN - \u00c0 sec en toile \u00e9meri | MESTRA","description":"Chez MESTRA nous avons des Taille-pl\u00e2tre Mulhac\u00e9n \u00e0 sec en toile \u00e9meri. Consultez notre catalogue de mat\u00e9riel dentaire et passez votre commande d\u00e8s maintenant.","robots":{"index":"index","follow":"follow","max-snippet":"max-snippet:-1","max-image-preview":"max-image-preview:large","max-video-preview":"max-video-preview:-1"},"canonical":"https:\/\/mestra.es\/fr\/producto\/taille-platre-mulhacen-papier-de-verre-copia-2\/","og_locale":"fr_FR","og_type":"article","og_title":"TAILLE PL\u00c2TRE MULHACEN - \u00c0 sec en toile \u00e9meri | MESTRA","og_description":"Chez MESTRA nous avons des Taille-pl\u00e2tre Mulhac\u00e9n \u00e0 sec en toile \u00e9meri. Consultez notre catalogue de mat\u00e9riel dentaire et passez votre commande d\u00e8s maintenant.","og_url":"https:\/\/mestra.es\/fr\/producto\/taille-platre-mulhacen-papier-de-verre-copia-2\/","og_site_name":"Talleres Mestra","article_modified_time":"2026-01-19T07:49:24+00:00","og_image":[{"width":600,"height":600,"url":"https:\/\/mestra.es\/wp-content\/uploads\/2025\/12\/080096.jpg","type":"image\/jpeg"}],"twitter_card":"summary_large_image","twitter_misc":{"Prix":"0,00&nbsp;&euro;","Disponibilit\u00e9":"En stock"},"schema":{"@context":"https:\/\/schema.org","@graph":[{"@type":"WebPage","@id":"https:\/\/mestra.es\/fr\/producto\/taille-platre-mulhacen-papier-de-verre-copia-2\/","url":"https:\/\/mestra.es\/fr\/producto\/taille-platre-mulhacen-papier-de-verre-copia-2\/","name":"TAILLE PL\u00c2TRE MULHACEN - \u00c0 sec en toile \u00e9meri | MESTRA","isPartOf":{"@id":"https:\/\/mestra.es\/fr\/#website"},"primaryImageOfPage":{"@id":"https:\/\/mestra.es\/fr\/producto\/taille-platre-mulhacen-papier-de-verre-copia-2\/#primaryimage"},"image":{"@id":"https:\/\/mestra.es\/fr\/producto\/taille-platre-mulhacen-papier-de-verre-copia-2\/#primaryimage"},"thumbnailUrl":"https:\/\/mestra.es\/wp-content\/uploads\/2025\/12\/080096.jpg","datePublished":"2025-12-22T12:43:28+00:00","dateModified":"2026-01-19T07:49:24+00:00","description":"Chez MESTRA nous avons des Taille-pl\u00e2tre Mulhac\u00e9n \u00e0 sec en toile \u00e9meri. Consultez notre catalogue de mat\u00e9riel dentaire et passez votre commande d\u00e8s maintenant.","breadcrumb":{"@id":"https:\/\/mestra.es\/fr\/producto\/taille-platre-mulhacen-papier-de-verre-copia-2\/#breadcrumb"},"inLanguage":"fr-FR","potentialAction":[{"@type":"ReadAction","target":["https:\/\/mestra.es\/fr\/producto\/taille-platre-mulhacen-papier-de-verre-copia-2\/"]}]},{"@type":"ImageObject","inLanguage":"fr-FR","@id":"https:\/\/mestra.es\/fr\/producto\/taille-platre-mulhacen-papier-de-verre-copia-2\/#primaryimage","url":"https:\/\/mestra.es\/wp-content\/uploads\/2025\/12\/080096.jpg","contentUrl":"https:\/\/mestra.es\/wp-content\/uploads\/2025\/12\/080096.jpg","width":600,"height":600,"caption":"recortadora en seco"},{"@type":"BreadcrumbList","@id":"https:\/\/mestra.es\/fr\/producto\/taille-platre-mulhacen-papier-de-verre-copia-2\/#breadcrumb","itemListElement":[{"@type":"ListItem","position":1,"name":"Portada","item":"https:\/\/mestra.es\/fr\/"},{"@type":"ListItem","position":2,"name":"Boutique","item":"https:\/\/mestra.es\/fr\/boutique\/"},{"@type":"ListItem","position":3,"name":"TAILLE PL\u00c2TRE MULHACEN &#8211; \u00c0 sec en toile \u00e9meri"}]},{"@type":"WebSite","@id":"https:\/\/mestra.es\/fr\/#website","url":"https:\/\/mestra.es\/fr\/","name":"Talleres Mestra","description":"","publisher":{"@id":"https:\/\/mestra.es\/fr\/#organization"},"potentialAction":[{"@type":"SearchAction","target":{"@type":"EntryPoint","urlTemplate":"https:\/\/mestra.es\/fr\/?s={search_term_string}"},"query-input":{"@type":"PropertyValueSpecification","valueRequired":true,"valueName":"search_term_string"}}],"inLanguage":"fr-FR"},{"@type":"Organization","@id":"https:\/\/mestra.es\/fr\/#organization","name":"Talleres Mestra","url":"https:\/\/mestra.es\/fr\/","logo":{"@type":"ImageObject","inLanguage":"fr-FR","@id":"https:\/\/mestra.es\/fr\/#\/schema\/logo\/image\/","url":"https:\/\/mestra.es\/wp-content\/uploads\/2024\/05\/logo_mestra.png","contentUrl":"https:\/\/mestra.es\/wp-content\/uploads\/2024\/05\/logo_mestra.png","width":300,"height":170,"caption":"Talleres Mestra"},"image":{"@id":"https:\/\/mestra.es\/fr\/#\/schema\/logo\/image\/"}}]},"product_price_amount":"0.00","product_price_currency":"EUR","og_availability":"instock","product_availability":"instock","product_retailer_item_id":"080096","product_condition":"new"},"_links":{"self":[{"href":"https:\/\/mestra.es\/fr\/wp-json\/wp\/v2\/product\/26203","targetHints":{"allow":["GET"]}}],"collection":[{"href":"https:\/\/mestra.es\/fr\/wp-json\/wp\/v2\/product"}],"about":[{"href":"https:\/\/mestra.es\/fr\/wp-json\/wp\/v2\/types\/product"}],"wp:featuredmedia":[{"embeddable":true,"href":"https:\/\/mestra.es\/fr\/wp-json\/wp\/v2\/media\/26206"}],"wp:attachment":[{"href":"https:\/\/mestra.es\/fr\/wp-json\/wp\/v2\/media?parent=26203"}],"wp:term":[{"taxonomy":"product_brand","embeddable":true,"href":"https:\/\/mestra.es\/fr\/wp-json\/wp\/v2\/product_brand?post=26203"},{"taxonomy":"product_cat","embeddable":true,"href":"https:\/\/mestra.es\/fr\/wp-json\/wp\/v2\/product_cat?post=26203"},{"taxonomy":"product_tag","embeddable":true,"href":"https:\/\/mestra.es\/fr\/wp-json\/wp\/v2\/product_tag?post=26203"}],"curies":[{"name":"wp","href":"https:\/\/api.w.org\/{rel}","templated":true}]}}