{"id":25826,"date":"2025-11-10T11:57:10","date_gmt":"2025-11-10T10:57:10","guid":{"rendered":"https:\/\/mestra.es\/producto\/estacion-de-trabajo\/"},"modified":"2026-04-07T08:49:55","modified_gmt":"2026-04-07T06:49:55","slug":"estacion-de-trabajo","status":"publish","type":"product","link":"https:\/\/mestra.es\/fr\/producto\/estacion-de-trabajo\/","title":{"rendered":"Poste de travail"},"content":{"rendered":"<p>Poste de travail sp\u00e9cialement con\u00e7u pour r\u00e9pondre aux exigences de la finition et du polissage. Structure en acier \u00e9maill\u00e9 associ\u00e9e \u00e0 un plan de travail en bois. Un poste de travail spacieux, robuste et parfaitement \u00e9clair\u00e9 pour un travail pr\u00e9cis et confortable. Comprend une pi\u00e8ce \u00e0 main \u00e0 brosse RENHE 119.<\/p>\n<p><strong>SYST\u00c8ME D&rsquo;EXTRACTION<br \/>\n<\/strong>Le poste int\u00e8gre un syst\u00e8me d&rsquo;aspiration double (sup\u00e9rieur et inf\u00e9rieur) con\u00e7u pour maintenir un environnement de travail propre et sain\u00a0:<\/p>\n<ul>\n<li>Activation de l&rsquo;aspiration ind\u00e9pendante ou synchronis\u00e9e avec la pi\u00e8ce \u00e0 main.<\/li>\n<li>R\u00e9glage de la puissance par molette.<\/li>\n<li>Double syst\u00e8me de filtration facilement accessible pour un entretien simple et rapide.<\/li>\n<li>Inclut des bouchons pour d\u00e9sactiver l&rsquo;aspiration sup\u00e9rieure ou inf\u00e9rieure selon les besoins.<\/li>\n<\/ul>\n<p><strong>PANNEAU DE COMMANDE ET \u00c9QUIPEMENTS<\/strong><\/p>\n<ul>\n<li>Interrupteur principal et interrupteur d&rsquo;\u00e9clairage ind\u00e9pendant.<\/li>\n<li>P\u00e9dale pour l&rsquo;activation de la pi\u00e8ce \u00e0 main et de l&rsquo;aspiration.<\/li>\n<li>Panneau de commande du micromoteur avec r\u00e9glage de la vitesse et du sens de rotation de la pi\u00e8ce \u00e0 main.<\/li>\n<li>Prise de courant int\u00e9gr\u00e9e pour accessoires suppl\u00e9mentaires. Pistolet \u00e0 air comprim\u00e9 avec manom\u00e8tre int\u00e9gr\u00e9.<\/li>\n<\/ul>\n<p><strong>ERGONOMIE ET \u200b\u200bRANGEMENT<\/strong><\/p>\n<ul>\n<li>Plan de travail en bois \u00e0 inclinaison r\u00e9glable pour un confort de travail optimal.<\/li>\n<li>Deux tiroirs centraux et un tiroir lat\u00e9ral pour une organisation efficace.<br \/>\nLentille flexible pour grossissement.<\/li>\n<li>Deux \u00e9crans de protection en polycarbonate pour l&rsquo;\u00e9tabli.<\/li>\n<\/ul>\n","protected":false},"excerpt":{"rendered":"<p>Poste de travail sp\u00e9cialement con\u00e7u pour r\u00e9pondre aux exigences de la finition et du polissage.<\/p>\n","protected":false},"featured_media":25824,"template":"","meta":{"_acf_changed":false,"_monsterinsights_skip_tracking":false,"_monsterinsights_sitenote_active":false,"_monsterinsights_sitenote_note":"","_monsterinsights_sitenote_category":0},"product_brand":[],"product_cat":[1324],"product_tag":[],"class_list":{"0":"post-25826","1":"product","2":"type-product","3":"status-publish","4":"has-post-thumbnail","6":"product_cat-cabines-de-travail","8":"first","9":"instock","10":"taxable","11":"shipping-taxable","12":"purchasable","13":"product-type-simple"},"acf":[],"yoast_head":"<!-- This site is optimized with the Yoast SEO plugin v27.2 - https:\/\/yoast.com\/product\/yoast-seo-wordpress\/ -->\n<title>Poste de travail | MESTRA S.A.<\/title>\n<meta name=\"description\" content=\"Chez MESTRA nous avons des poste de travail. Consultez notre catalogue de mat\u00e9riel dentaire et passez votre commande d\u00e8s maintenant.\" \/>\n<meta name=\"robots\" content=\"index, follow, max-snippet:-1, max-image-preview:large, max-video-preview:-1\" \/>\n<link rel=\"canonical\" href=\"https:\/\/mestra.es\/fr\/producto\/estacion-de-trabajo\/\" \/>\n<meta property=\"og:locale\" content=\"fr_FR\" \/>\n<meta property=\"og:type\" content=\"article\" \/>\n<meta property=\"og:title\" content=\"Poste de travail | MESTRA S.A.\" \/>\n<meta property=\"og:description\" content=\"Chez MESTRA nous avons des poste de travail. Consultez notre catalogue de mat\u00e9riel dentaire et passez votre commande d\u00e8s maintenant.\" \/>\n<meta property=\"og:url\" content=\"https:\/\/mestra.es\/fr\/producto\/estacion-de-trabajo\/\" \/>\n<meta property=\"og:site_name\" content=\"Talleres Mestra\" \/>\n<meta property=\"article:modified_time\" content=\"2026-04-07T06:49:55+00:00\" \/>\n<meta property=\"og:image\" content=\"https:\/\/mestra.es\/wp-content\/uploads\/2025\/11\/080195.jpg\" \/>\n\t<meta property=\"og:image:width\" content=\"600\" \/>\n\t<meta property=\"og:image:height\" content=\"600\" \/>\n\t<meta property=\"og:image:type\" content=\"image\/jpeg\" \/>\n<meta name=\"twitter:card\" content=\"summary_large_image\" \/>\n<meta name=\"twitter:label1\" content=\"Prix\" \/>\n\t<meta name=\"twitter:data1\" content=\"1,00&nbsp;&euro;\" \/>\n\t<meta name=\"twitter:label2\" content=\"Disponibilit\u00e9\" \/>\n\t<meta name=\"twitter:data2\" content=\"En stock\" \/>\n<script type=\"application\/ld+json\" class=\"yoast-schema-graph\">{\"@context\":\"https:\/\/schema.org\",\"@graph\":[{\"@type\":\"WebPage\",\"@id\":\"https:\/\/mestra.es\/fr\/producto\/estacion-de-trabajo\/\",\"url\":\"https:\/\/mestra.es\/fr\/producto\/estacion-de-trabajo\/\",\"name\":\"Poste de travail | MESTRA S.A.\",\"isPartOf\":{\"@id\":\"https:\/\/mestra.es\/fr\/#website\"},\"primaryImageOfPage\":{\"@id\":\"https:\/\/mestra.es\/fr\/producto\/estacion-de-trabajo\/#primaryimage\"},\"image\":{\"@id\":\"https:\/\/mestra.es\/fr\/producto\/estacion-de-trabajo\/#primaryimage\"},\"thumbnailUrl\":\"https:\/\/mestra.es\/wp-content\/uploads\/2025\/11\/080195.jpg\",\"datePublished\":\"2025-11-10T10:57:10+00:00\",\"dateModified\":\"2026-04-07T06:49:55+00:00\",\"description\":\"Chez MESTRA nous avons des poste de travail. Consultez notre catalogue de mat\u00e9riel dentaire et passez votre commande d\u00e8s maintenant.\",\"breadcrumb\":{\"@id\":\"https:\/\/mestra.es\/fr\/producto\/estacion-de-trabajo\/#breadcrumb\"},\"inLanguage\":\"fr-FR\",\"potentialAction\":[{\"@type\":\"ReadAction\",\"target\":[\"https:\/\/mestra.es\/fr\/producto\/estacion-de-trabajo\/\"]}]},{\"@type\":\"ImageObject\",\"inLanguage\":\"fr-FR\",\"@id\":\"https:\/\/mestra.es\/fr\/producto\/estacion-de-trabajo\/#primaryimage\",\"url\":\"https:\/\/mestra.es\/wp-content\/uploads\/2025\/11\/080195.jpg\",\"contentUrl\":\"https:\/\/mestra.es\/wp-content\/uploads\/2025\/11\/080195.jpg\",\"width\":600,\"height\":600},{\"@type\":\"BreadcrumbList\",\"@id\":\"https:\/\/mestra.es\/fr\/producto\/estacion-de-trabajo\/#breadcrumb\",\"itemListElement\":[{\"@type\":\"ListItem\",\"position\":1,\"name\":\"Portada\",\"item\":\"https:\/\/mestra.es\/fr\/\"},{\"@type\":\"ListItem\",\"position\":2,\"name\":\"Boutique\",\"item\":\"https:\/\/mestra.es\/fr\/boutique\/\"},{\"@type\":\"ListItem\",\"position\":3,\"name\":\"Poste de travail\"}]},{\"@type\":\"WebSite\",\"@id\":\"https:\/\/mestra.es\/fr\/#website\",\"url\":\"https:\/\/mestra.es\/fr\/\",\"name\":\"Talleres Mestra\",\"description\":\"\",\"publisher\":{\"@id\":\"https:\/\/mestra.es\/fr\/#organization\"},\"potentialAction\":[{\"@type\":\"SearchAction\",\"target\":{\"@type\":\"EntryPoint\",\"urlTemplate\":\"https:\/\/mestra.es\/fr\/?s={search_term_string}\"},\"query-input\":{\"@type\":\"PropertyValueSpecification\",\"valueRequired\":true,\"valueName\":\"search_term_string\"}}],\"inLanguage\":\"fr-FR\"},{\"@type\":\"Organization\",\"@id\":\"https:\/\/mestra.es\/fr\/#organization\",\"name\":\"Talleres Mestra\",\"url\":\"https:\/\/mestra.es\/fr\/\",\"logo\":{\"@type\":\"ImageObject\",\"inLanguage\":\"fr-FR\",\"@id\":\"https:\/\/mestra.es\/fr\/#\/schema\/logo\/image\/\",\"url\":\"https:\/\/mestra.es\/wp-content\/uploads\/2024\/05\/logo_mestra.png\",\"contentUrl\":\"https:\/\/mestra.es\/wp-content\/uploads\/2024\/05\/logo_mestra.png\",\"width\":300,\"height\":170,\"caption\":\"Talleres Mestra\"},\"image\":{\"@id\":\"https:\/\/mestra.es\/fr\/#\/schema\/logo\/image\/\"}}]}<\/script>\n<meta property=\"product:price:amount\" content=\"1.00\" \/>\n<meta property=\"product:price:currency\" content=\"EUR\" \/>\n<meta property=\"og:availability\" content=\"instock\" \/>\n<meta property=\"product:availability\" content=\"instock\" \/>\n<meta property=\"product:retailer_item_id\" content=\"080195\" \/>\n<meta property=\"product:condition\" content=\"new\" \/>\n<!-- \/ Yoast SEO plugin. -->","yoast_head_json":{"title":"Poste de travail | MESTRA S.A.","description":"Chez MESTRA nous avons des poste de travail. Consultez notre catalogue de mat\u00e9riel dentaire et passez votre commande d\u00e8s maintenant.","robots":{"index":"index","follow":"follow","max-snippet":"max-snippet:-1","max-image-preview":"max-image-preview:large","max-video-preview":"max-video-preview:-1"},"canonical":"https:\/\/mestra.es\/fr\/producto\/estacion-de-trabajo\/","og_locale":"fr_FR","og_type":"article","og_title":"Poste de travail | MESTRA S.A.","og_description":"Chez MESTRA nous avons des poste de travail. Consultez notre catalogue de mat\u00e9riel dentaire et passez votre commande d\u00e8s maintenant.","og_url":"https:\/\/mestra.es\/fr\/producto\/estacion-de-trabajo\/","og_site_name":"Talleres Mestra","article_modified_time":"2026-04-07T06:49:55+00:00","og_image":[{"width":600,"height":600,"url":"https:\/\/mestra.es\/wp-content\/uploads\/2025\/11\/080195.jpg","type":"image\/jpeg"}],"twitter_card":"summary_large_image","twitter_misc":{"Prix":"1,00&nbsp;&euro;","Disponibilit\u00e9":"En stock"},"schema":{"@context":"https:\/\/schema.org","@graph":[{"@type":"WebPage","@id":"https:\/\/mestra.es\/fr\/producto\/estacion-de-trabajo\/","url":"https:\/\/mestra.es\/fr\/producto\/estacion-de-trabajo\/","name":"Poste de travail | MESTRA S.A.","isPartOf":{"@id":"https:\/\/mestra.es\/fr\/#website"},"primaryImageOfPage":{"@id":"https:\/\/mestra.es\/fr\/producto\/estacion-de-trabajo\/#primaryimage"},"image":{"@id":"https:\/\/mestra.es\/fr\/producto\/estacion-de-trabajo\/#primaryimage"},"thumbnailUrl":"https:\/\/mestra.es\/wp-content\/uploads\/2025\/11\/080195.jpg","datePublished":"2025-11-10T10:57:10+00:00","dateModified":"2026-04-07T06:49:55+00:00","description":"Chez MESTRA nous avons des poste de travail. Consultez notre catalogue de mat\u00e9riel dentaire et passez votre commande d\u00e8s maintenant.","breadcrumb":{"@id":"https:\/\/mestra.es\/fr\/producto\/estacion-de-trabajo\/#breadcrumb"},"inLanguage":"fr-FR","potentialAction":[{"@type":"ReadAction","target":["https:\/\/mestra.es\/fr\/producto\/estacion-de-trabajo\/"]}]},{"@type":"ImageObject","inLanguage":"fr-FR","@id":"https:\/\/mestra.es\/fr\/producto\/estacion-de-trabajo\/#primaryimage","url":"https:\/\/mestra.es\/wp-content\/uploads\/2025\/11\/080195.jpg","contentUrl":"https:\/\/mestra.es\/wp-content\/uploads\/2025\/11\/080195.jpg","width":600,"height":600},{"@type":"BreadcrumbList","@id":"https:\/\/mestra.es\/fr\/producto\/estacion-de-trabajo\/#breadcrumb","itemListElement":[{"@type":"ListItem","position":1,"name":"Portada","item":"https:\/\/mestra.es\/fr\/"},{"@type":"ListItem","position":2,"name":"Boutique","item":"https:\/\/mestra.es\/fr\/boutique\/"},{"@type":"ListItem","position":3,"name":"Poste de travail"}]},{"@type":"WebSite","@id":"https:\/\/mestra.es\/fr\/#website","url":"https:\/\/mestra.es\/fr\/","name":"Talleres Mestra","description":"","publisher":{"@id":"https:\/\/mestra.es\/fr\/#organization"},"potentialAction":[{"@type":"SearchAction","target":{"@type":"EntryPoint","urlTemplate":"https:\/\/mestra.es\/fr\/?s={search_term_string}"},"query-input":{"@type":"PropertyValueSpecification","valueRequired":true,"valueName":"search_term_string"}}],"inLanguage":"fr-FR"},{"@type":"Organization","@id":"https:\/\/mestra.es\/fr\/#organization","name":"Talleres Mestra","url":"https:\/\/mestra.es\/fr\/","logo":{"@type":"ImageObject","inLanguage":"fr-FR","@id":"https:\/\/mestra.es\/fr\/#\/schema\/logo\/image\/","url":"https:\/\/mestra.es\/wp-content\/uploads\/2024\/05\/logo_mestra.png","contentUrl":"https:\/\/mestra.es\/wp-content\/uploads\/2024\/05\/logo_mestra.png","width":300,"height":170,"caption":"Talleres Mestra"},"image":{"@id":"https:\/\/mestra.es\/fr\/#\/schema\/logo\/image\/"}}]},"product_price_amount":"1.00","product_price_currency":"EUR","og_availability":"instock","product_availability":"instock","product_retailer_item_id":"080195","product_condition":"new"},"_links":{"self":[{"href":"https:\/\/mestra.es\/fr\/wp-json\/wp\/v2\/product\/25826","targetHints":{"allow":["GET"]}}],"collection":[{"href":"https:\/\/mestra.es\/fr\/wp-json\/wp\/v2\/product"}],"about":[{"href":"https:\/\/mestra.es\/fr\/wp-json\/wp\/v2\/types\/product"}],"wp:featuredmedia":[{"embeddable":true,"href":"https:\/\/mestra.es\/fr\/wp-json\/wp\/v2\/media\/25824"}],"wp:attachment":[{"href":"https:\/\/mestra.es\/fr\/wp-json\/wp\/v2\/media?parent=25826"}],"wp:term":[{"taxonomy":"product_brand","embeddable":true,"href":"https:\/\/mestra.es\/fr\/wp-json\/wp\/v2\/product_brand?post=25826"},{"taxonomy":"product_cat","embeddable":true,"href":"https:\/\/mestra.es\/fr\/wp-json\/wp\/v2\/product_cat?post=25826"},{"taxonomy":"product_tag","embeddable":true,"href":"https:\/\/mestra.es\/fr\/wp-json\/wp\/v2\/product_tag?post=25826"}],"curies":[{"name":"wp","href":"https:\/\/api.w.org\/{rel}","templated":true}]}}