{"id":23812,"date":"2025-09-05T11:36:55","date_gmt":"2025-09-05T09:36:55","guid":{"rendered":"https:\/\/mestra.es\/?post_type=product&#038;p=23812"},"modified":"2025-09-05T11:50:50","modified_gmt":"2025-09-05T09:50:50","slug":"induction-aspiration-copia-3","status":"publish","type":"product","link":"https:\/\/mestra.es\/fr\/producto\/induction-aspiration-copia-3\/","title":{"rendered":"ASPIRATION INDUCTION \u00ab\u00a0S\u00a0\u00bb + TUBE LED"},"content":{"rendered":"<p>Configuration de base du mod\u00e8le S, avec un tuyau flexible et extensible jusqu&rsquo;\u00e0 70 cm, qui dirige l&rsquo;aspiration vers la zone de travail.<br \/>\nGr\u00e2ce \u00e0 son \u00e9clairage LED, il permet des op\u00e9rations de polissage et de retouche petites et d\u00e9licates.<\/p>\n<ul>\n<li>Orientation facile de la buse d&rsquo;aspiration.<\/li>\n<li>Eclairage LED int\u00e9gr\u00e9.<\/li>\n<\/ul>\n","protected":false},"excerpt":{"rendered":"<p>Aspiration sp\u00e9cialement indiqu\u00e9e pour les cabinets et les laboratoires dentaires. Elle a la taille parfaite pour la poser sur l\u2019\u00e9tabli. Esth\u00e9tique soign\u00e9e.<\/p>\n<p>Le mod\u00e8le Sirocco S int\u00e8gre deux \u00e9tapes de filtrage; un premier filtre HEPA circulaire (collecteur de particules \u00e0 haut rendement) et un deuxi\u00e8me filtre HEPA int\u00e9rieur. Gr\u00e2ce \u00e0 sa conception efficace, l\u2019op\u00e9ration de changement de filtre est extr\u00eamement simple.<\/p>\n<p>L\u2019unit\u00e9 dispose \u00e9galement d\u2019un syst\u00e8me de d\u00e9tection de micro-moteur externe et d\u2019un r\u00e9glage de puissance \u00e0 sept niveaux diff\u00e9rents.Sirocco mod\u00e8le S, avec un tube flexible extensible jusqu\u2019\u00e0 70\u2006cm et utilis\u00e9 pour diriger l\u2019aspiration vers la zone de travail. Gr\u00e2ce \u00e0 sa lumi\u00e8re LED, il permet de petites et d\u00e9licates op\u00e9rations de polissage et de finition.<\/p>\n<p>\u00b7 La bouche d\u2019aspiration est facilement orientable.<br \/>\n\u00b7 Eclairage LED int\u00e9gr\u00e9.<\/p>\n<p><strong>La machine est livr\u00e9e avec:<\/strong><\/p>\n<ul>\n<li>C\u00e2ble de connexion;<\/li>\n<li>Le tube d\u2019aspiration;<\/li>\n<li>Manuel d\u2019instructions.<\/li>\n<\/ul>\n","protected":false},"featured_media":7413,"template":"","meta":{"_acf_changed":false,"_monsterinsights_skip_tracking":false,"_monsterinsights_sitenote_active":false,"_monsterinsights_sitenote_note":"","_monsterinsights_sitenote_category":0},"product_brand":[],"product_cat":[2040,2043],"product_tag":[],"class_list":{"0":"post-23812","1":"product","2":"type-product","3":"status-publish","4":"has-post-thumbnail","6":"product_cat-aspiration-par-induction","7":"product_cat-aspiration-par-induction-fr","9":"first","10":"instock","11":"product-type-simple"},"acf":[],"yoast_head":"<!-- This site is optimized with the Yoast SEO plugin v27.2 - https:\/\/yoast.com\/product\/yoast-seo-wordpress\/ -->\n<title>Induction Aspiration | MESTRA<\/title>\n<meta name=\"description\" content=\"Chez MESTRA, nous disposons de l&#039;aspiration par induction Sirocco. Consultez notre catalogue de mat\u00e9riel dentaire et passez votre commande d\u00e8s maintenant.\" \/>\n<meta name=\"robots\" content=\"index, follow, max-snippet:-1, max-image-preview:large, max-video-preview:-1\" \/>\n<link rel=\"canonical\" href=\"https:\/\/mestra.es\/fr\/producto\/induction-aspiration-copia-3\/\" \/>\n<meta property=\"og:locale\" content=\"fr_FR\" \/>\n<meta property=\"og:type\" content=\"article\" \/>\n<meta property=\"og:title\" content=\"Induction Aspiration | MESTRA\" \/>\n<meta property=\"og:description\" content=\"Chez MESTRA, nous disposons de l&#039;aspiration par induction Sirocco. Consultez notre catalogue de mat\u00e9riel dentaire et passez votre commande d\u00e8s maintenant.\" \/>\n<meta property=\"og:url\" content=\"https:\/\/mestra.es\/fr\/producto\/induction-aspiration-copia-3\/\" \/>\n<meta property=\"og:site_name\" content=\"Talleres Mestra\" \/>\n<meta property=\"article:modified_time\" content=\"2025-09-05T09:50:50+00:00\" \/>\n<meta property=\"og:image\" content=\"https:\/\/mestra.es\/wp-content\/uploads\/2024\/03\/grupind.jpg\" \/>\n\t<meta property=\"og:image:width\" content=\"335\" \/>\n\t<meta property=\"og:image:height\" content=\"313\" \/>\n\t<meta property=\"og:image:type\" content=\"image\/jpeg\" \/>\n<meta name=\"twitter:card\" content=\"summary_large_image\" \/>\n<meta name=\"twitter:label1\" content=\"Prix\" \/>\n\t<meta name=\"twitter:data1\" content=\"\" \/>\n\t<meta name=\"twitter:label2\" content=\"Disponibilit\u00e9\" \/>\n\t<meta name=\"twitter:data2\" content=\"En stock\" \/>\n<script type=\"application\/ld+json\" class=\"yoast-schema-graph\">{\"@context\":\"https:\/\/schema.org\",\"@graph\":[{\"@type\":\"WebPage\",\"@id\":\"https:\/\/mestra.es\/fr\/producto\/induction-aspiration-copia-3\/\",\"url\":\"https:\/\/mestra.es\/fr\/producto\/induction-aspiration-copia-3\/\",\"name\":\"Induction Aspiration | MESTRA\",\"isPartOf\":{\"@id\":\"https:\/\/mestra.es\/fr\/#website\"},\"primaryImageOfPage\":{\"@id\":\"https:\/\/mestra.es\/fr\/producto\/induction-aspiration-copia-3\/#primaryimage\"},\"image\":{\"@id\":\"https:\/\/mestra.es\/fr\/producto\/induction-aspiration-copia-3\/#primaryimage\"},\"thumbnailUrl\":\"https:\/\/mestra.es\/wp-content\/uploads\/2024\/03\/grupind.jpg\",\"datePublished\":\"2025-09-05T09:36:55+00:00\",\"dateModified\":\"2025-09-05T09:50:50+00:00\",\"description\":\"Chez MESTRA, nous disposons de l'aspiration par induction Sirocco. Consultez notre catalogue de mat\u00e9riel dentaire et passez votre commande d\u00e8s maintenant.\",\"breadcrumb\":{\"@id\":\"https:\/\/mestra.es\/fr\/producto\/induction-aspiration-copia-3\/#breadcrumb\"},\"inLanguage\":\"fr-FR\",\"potentialAction\":[{\"@type\":\"ReadAction\",\"target\":[\"https:\/\/mestra.es\/fr\/producto\/induction-aspiration-copia-3\/\"]}]},{\"@type\":\"ImageObject\",\"inLanguage\":\"fr-FR\",\"@id\":\"https:\/\/mestra.es\/fr\/producto\/induction-aspiration-copia-3\/#primaryimage\",\"url\":\"https:\/\/mestra.es\/wp-content\/uploads\/2024\/03\/grupind.jpg\",\"contentUrl\":\"https:\/\/mestra.es\/wp-content\/uploads\/2024\/03\/grupind.jpg\",\"width\":335,\"height\":313,\"caption\":\"Aspiraci\u00f3n Inducci\u00f3n\"},{\"@type\":\"BreadcrumbList\",\"@id\":\"https:\/\/mestra.es\/fr\/producto\/induction-aspiration-copia-3\/#breadcrumb\",\"itemListElement\":[{\"@type\":\"ListItem\",\"position\":1,\"name\":\"Portada\",\"item\":\"https:\/\/mestra.es\/fr\/\"},{\"@type\":\"ListItem\",\"position\":2,\"name\":\"Boutique\",\"item\":\"https:\/\/mestra.es\/fr\/boutique\/\"},{\"@type\":\"ListItem\",\"position\":3,\"name\":\"ASPIRATION INDUCTION \u00abS\u00bb + TUBE LED\"}]},{\"@type\":\"WebSite\",\"@id\":\"https:\/\/mestra.es\/fr\/#website\",\"url\":\"https:\/\/mestra.es\/fr\/\",\"name\":\"Talleres Mestra\",\"description\":\"\",\"publisher\":{\"@id\":\"https:\/\/mestra.es\/fr\/#organization\"},\"potentialAction\":[{\"@type\":\"SearchAction\",\"target\":{\"@type\":\"EntryPoint\",\"urlTemplate\":\"https:\/\/mestra.es\/fr\/?s={search_term_string}\"},\"query-input\":{\"@type\":\"PropertyValueSpecification\",\"valueRequired\":true,\"valueName\":\"search_term_string\"}}],\"inLanguage\":\"fr-FR\"},{\"@type\":\"Organization\",\"@id\":\"https:\/\/mestra.es\/fr\/#organization\",\"name\":\"Talleres Mestra\",\"url\":\"https:\/\/mestra.es\/fr\/\",\"logo\":{\"@type\":\"ImageObject\",\"inLanguage\":\"fr-FR\",\"@id\":\"https:\/\/mestra.es\/fr\/#\/schema\/logo\/image\/\",\"url\":\"https:\/\/mestra.es\/wp-content\/uploads\/2024\/05\/logo_mestra.png\",\"contentUrl\":\"https:\/\/mestra.es\/wp-content\/uploads\/2024\/05\/logo_mestra.png\",\"width\":300,\"height\":170,\"caption\":\"Talleres Mestra\"},\"image\":{\"@id\":\"https:\/\/mestra.es\/fr\/#\/schema\/logo\/image\/\"}}]}<\/script>\n<meta property=\"product:price:currency\" content=\"EUR\" \/>\n<meta property=\"og:availability\" content=\"instock\" \/>\n<meta property=\"product:availability\" content=\"instock\" \/>\n<meta property=\"product:retailer_item_id\" content=\"080534AT\" \/>\n<meta property=\"product:condition\" content=\"new\" \/>\n<!-- \/ Yoast SEO plugin. -->","yoast_head_json":{"title":"Induction Aspiration | MESTRA","description":"Chez MESTRA, nous disposons de l'aspiration par induction Sirocco. Consultez notre catalogue de mat\u00e9riel dentaire et passez votre commande d\u00e8s maintenant.","robots":{"index":"index","follow":"follow","max-snippet":"max-snippet:-1","max-image-preview":"max-image-preview:large","max-video-preview":"max-video-preview:-1"},"canonical":"https:\/\/mestra.es\/fr\/producto\/induction-aspiration-copia-3\/","og_locale":"fr_FR","og_type":"article","og_title":"Induction Aspiration | MESTRA","og_description":"Chez MESTRA, nous disposons de l'aspiration par induction Sirocco. Consultez notre catalogue de mat\u00e9riel dentaire et passez votre commande d\u00e8s maintenant.","og_url":"https:\/\/mestra.es\/fr\/producto\/induction-aspiration-copia-3\/","og_site_name":"Talleres Mestra","article_modified_time":"2025-09-05T09:50:50+00:00","og_image":[{"width":335,"height":313,"url":"https:\/\/mestra.es\/wp-content\/uploads\/2024\/03\/grupind.jpg","type":"image\/jpeg"}],"twitter_card":"summary_large_image","twitter_misc":{"Prix":"","Disponibilit\u00e9":"En stock"},"schema":{"@context":"https:\/\/schema.org","@graph":[{"@type":"WebPage","@id":"https:\/\/mestra.es\/fr\/producto\/induction-aspiration-copia-3\/","url":"https:\/\/mestra.es\/fr\/producto\/induction-aspiration-copia-3\/","name":"Induction Aspiration | MESTRA","isPartOf":{"@id":"https:\/\/mestra.es\/fr\/#website"},"primaryImageOfPage":{"@id":"https:\/\/mestra.es\/fr\/producto\/induction-aspiration-copia-3\/#primaryimage"},"image":{"@id":"https:\/\/mestra.es\/fr\/producto\/induction-aspiration-copia-3\/#primaryimage"},"thumbnailUrl":"https:\/\/mestra.es\/wp-content\/uploads\/2024\/03\/grupind.jpg","datePublished":"2025-09-05T09:36:55+00:00","dateModified":"2025-09-05T09:50:50+00:00","description":"Chez MESTRA, nous disposons de l'aspiration par induction Sirocco. Consultez notre catalogue de mat\u00e9riel dentaire et passez votre commande d\u00e8s maintenant.","breadcrumb":{"@id":"https:\/\/mestra.es\/fr\/producto\/induction-aspiration-copia-3\/#breadcrumb"},"inLanguage":"fr-FR","potentialAction":[{"@type":"ReadAction","target":["https:\/\/mestra.es\/fr\/producto\/induction-aspiration-copia-3\/"]}]},{"@type":"ImageObject","inLanguage":"fr-FR","@id":"https:\/\/mestra.es\/fr\/producto\/induction-aspiration-copia-3\/#primaryimage","url":"https:\/\/mestra.es\/wp-content\/uploads\/2024\/03\/grupind.jpg","contentUrl":"https:\/\/mestra.es\/wp-content\/uploads\/2024\/03\/grupind.jpg","width":335,"height":313,"caption":"Aspiraci\u00f3n Inducci\u00f3n"},{"@type":"BreadcrumbList","@id":"https:\/\/mestra.es\/fr\/producto\/induction-aspiration-copia-3\/#breadcrumb","itemListElement":[{"@type":"ListItem","position":1,"name":"Portada","item":"https:\/\/mestra.es\/fr\/"},{"@type":"ListItem","position":2,"name":"Boutique","item":"https:\/\/mestra.es\/fr\/boutique\/"},{"@type":"ListItem","position":3,"name":"ASPIRATION INDUCTION \u00abS\u00bb + TUBE LED"}]},{"@type":"WebSite","@id":"https:\/\/mestra.es\/fr\/#website","url":"https:\/\/mestra.es\/fr\/","name":"Talleres Mestra","description":"","publisher":{"@id":"https:\/\/mestra.es\/fr\/#organization"},"potentialAction":[{"@type":"SearchAction","target":{"@type":"EntryPoint","urlTemplate":"https:\/\/mestra.es\/fr\/?s={search_term_string}"},"query-input":{"@type":"PropertyValueSpecification","valueRequired":true,"valueName":"search_term_string"}}],"inLanguage":"fr-FR"},{"@type":"Organization","@id":"https:\/\/mestra.es\/fr\/#organization","name":"Talleres Mestra","url":"https:\/\/mestra.es\/fr\/","logo":{"@type":"ImageObject","inLanguage":"fr-FR","@id":"https:\/\/mestra.es\/fr\/#\/schema\/logo\/image\/","url":"https:\/\/mestra.es\/wp-content\/uploads\/2024\/05\/logo_mestra.png","contentUrl":"https:\/\/mestra.es\/wp-content\/uploads\/2024\/05\/logo_mestra.png","width":300,"height":170,"caption":"Talleres Mestra"},"image":{"@id":"https:\/\/mestra.es\/fr\/#\/schema\/logo\/image\/"}}]},"product_price_currency":"EUR","og_availability":"instock","product_availability":"instock","product_retailer_item_id":"080534AT","product_condition":"new"},"_links":{"self":[{"href":"https:\/\/mestra.es\/fr\/wp-json\/wp\/v2\/product\/23812","targetHints":{"allow":["GET"]}}],"collection":[{"href":"https:\/\/mestra.es\/fr\/wp-json\/wp\/v2\/product"}],"about":[{"href":"https:\/\/mestra.es\/fr\/wp-json\/wp\/v2\/types\/product"}],"wp:featuredmedia":[{"embeddable":true,"href":"https:\/\/mestra.es\/fr\/wp-json\/wp\/v2\/media\/7413"}],"wp:attachment":[{"href":"https:\/\/mestra.es\/fr\/wp-json\/wp\/v2\/media?parent=23812"}],"wp:term":[{"taxonomy":"product_brand","embeddable":true,"href":"https:\/\/mestra.es\/fr\/wp-json\/wp\/v2\/product_brand?post=23812"},{"taxonomy":"product_cat","embeddable":true,"href":"https:\/\/mestra.es\/fr\/wp-json\/wp\/v2\/product_cat?post=23812"},{"taxonomy":"product_tag","embeddable":true,"href":"https:\/\/mestra.es\/fr\/wp-json\/wp\/v2\/product_tag?post=23812"}],"curies":[{"name":"wp","href":"https:\/\/api.w.org\/{rel}","templated":true}]}}