{"id":20949,"date":"2025-09-15T15:16:49","date_gmt":"2025-09-15T13:16:49","guid":{"rendered":"https:\/\/mestra.es\/?post_type=product&#038;p=20949"},"modified":"2026-04-14T10:10:53","modified_gmt":"2026-04-14T08:10:53","slug":"loupes-dentaires-galileennes","status":"publish","type":"product","link":"https:\/\/mestra.es\/fr\/producto\/loupes-dentaires-galileennes\/","title":{"rendered":"LOUPES DENTAIRES GALIL\u00c9ENNES"},"content":{"rendered":"<h2><strong>LOUPES DENTAIRES GALIL\u00c9ENNES<\/strong><\/h2>\n<h3>Sans m\u00e9canisme de charni\u00e8re<\/h3>\n<p>Ils n&rsquo;ont pas de m\u00e9canisme de basculement et sont donc plus l\u00e9gers. Leur profondeur de champ et leur champ de vision sont plus grands et plus larges qu&rsquo;avec le syst\u00e8me \u00e0 bascule.<\/p>\n<p>Comme chaque loupe doit \u00eatre fabriqu\u00e9e sur mesure en fonction de l&rsquo;\u00e9cart pupillaire de l&rsquo;utilisateur, le co\u00fbt est plus \u00e9lev\u00e9 et cela prend du temps. Gr\u00e2ce \u00e0 la nouvelle conception r\u00e9volutionnaire, nous pouvons d\u00e9sormais proposer trois types diff\u00e9rents de lunettes de s\u00e9curit\u00e9: SS, S, R, L.<\/p>\n<p>Les clients peuvent facilement choisir eux-m\u00eames les lunettes qui leur conviennent. Ins\u00e9rez les lentilles de protection appropri\u00e9es dans la monture et vissez les loupes. Vos loupes sont pr\u00eates \u00e0 l&#8217;emploi.<\/p>\n<ul>\n<li>Branches flexibles.<\/li>\n<li>Profondeur de champ sup\u00e9rieure.<\/li>\n<li>Coussinets.<\/li>\n<li>Pas d&rsquo;ajustement pupillaire n\u00e9cessaire.<\/li>\n<li>Anti-d\u00e9formation.<\/li>\n<li>Poids ultra-l\u00e9ger.<\/li>\n<li>Images les plus lumineuses.<\/li>\n<li>Grossissement 3,0X<\/li>\n<li>Grand champ de vision.<\/li>\n<\/ul>\n","protected":false},"excerpt":{"rendered":"<p>LOUPES DENTAIRES GALIL\u00c9ENNES<\/p>\n","protected":false},"featured_media":20935,"template":"","meta":{"_acf_changed":false,"_monsterinsights_skip_tracking":false,"_monsterinsights_sitenote_active":false,"_monsterinsights_sitenote_note":"","_monsterinsights_sitenote_category":0},"product_brand":[],"product_cat":[1321],"product_tag":[],"class_list":{"0":"post-20949","1":"product","2":"type-product","3":"status-publish","4":"has-post-thumbnail","6":"product_cat-loupes-microscopes","8":"first","9":"instock","10":"taxable","11":"shipping-taxable","12":"purchasable","13":"product-type-simple"},"acf":[],"yoast_head":"<!-- This site is optimized with the Yoast SEO plugin v27.2 - https:\/\/yoast.com\/product\/yoast-seo-wordpress\/ -->\n<title>LOUPES DENTAIRES GALIL\u00c9ENNES | MESTRA<\/title>\n<meta name=\"description\" content=\"Chez MESTRA nous avons des loupes dentaires galil\u00e9ennes. Consultez notre catalogue de mat\u00e9riel dentaire et passez votre commande d\u00e8s maintenant.\" \/>\n<meta name=\"robots\" content=\"index, follow, max-snippet:-1, max-image-preview:large, max-video-preview:-1\" \/>\n<link rel=\"canonical\" href=\"https:\/\/mestra.es\/fr\/producto\/loupes-dentaires-galileennes\/\" \/>\n<meta property=\"og:locale\" content=\"fr_FR\" \/>\n<meta property=\"og:type\" content=\"article\" \/>\n<meta property=\"og:title\" content=\"LOUPES DENTAIRES GALIL\u00c9ENNES | MESTRA\" \/>\n<meta property=\"og:description\" content=\"Chez MESTRA nous avons des loupes dentaires galil\u00e9ennes. Consultez notre catalogue de mat\u00e9riel dentaire et passez votre commande d\u00e8s maintenant.\" \/>\n<meta property=\"og:url\" content=\"https:\/\/mestra.es\/fr\/producto\/loupes-dentaires-galileennes\/\" \/>\n<meta property=\"og:site_name\" content=\"Talleres Mestra\" \/>\n<meta property=\"article:modified_time\" content=\"2026-04-14T08:10:53+00:00\" \/>\n<meta property=\"og:image\" content=\"https:\/\/mestra.es\/wp-content\/uploads\/2025\/06\/100093.jpg\" \/>\n\t<meta property=\"og:image:width\" content=\"600\" \/>\n\t<meta property=\"og:image:height\" content=\"600\" \/>\n\t<meta property=\"og:image:type\" content=\"image\/jpeg\" \/>\n<meta name=\"twitter:card\" content=\"summary_large_image\" \/>\n<meta name=\"twitter:label1\" content=\"Prix\" \/>\n\t<meta name=\"twitter:data1\" content=\"0,00&nbsp;&euro;\" \/>\n\t<meta name=\"twitter:label2\" content=\"Disponibilit\u00e9\" \/>\n\t<meta name=\"twitter:data2\" content=\"En stock\" \/>\n<script type=\"application\/ld+json\" class=\"yoast-schema-graph\">{\"@context\":\"https:\/\/schema.org\",\"@graph\":[{\"@type\":\"WebPage\",\"@id\":\"https:\/\/mestra.es\/fr\/producto\/loupes-dentaires-galileennes\/\",\"url\":\"https:\/\/mestra.es\/fr\/producto\/loupes-dentaires-galileennes\/\",\"name\":\"LOUPES DENTAIRES GALIL\u00c9ENNES | MESTRA\",\"isPartOf\":{\"@id\":\"https:\/\/mestra.es\/fr\/#website\"},\"primaryImageOfPage\":{\"@id\":\"https:\/\/mestra.es\/fr\/producto\/loupes-dentaires-galileennes\/#primaryimage\"},\"image\":{\"@id\":\"https:\/\/mestra.es\/fr\/producto\/loupes-dentaires-galileennes\/#primaryimage\"},\"thumbnailUrl\":\"https:\/\/mestra.es\/wp-content\/uploads\/2025\/06\/100093.jpg\",\"datePublished\":\"2025-09-15T13:16:49+00:00\",\"dateModified\":\"2026-04-14T08:10:53+00:00\",\"description\":\"Chez MESTRA nous avons des loupes dentaires galil\u00e9ennes. Consultez notre catalogue de mat\u00e9riel dentaire et passez votre commande d\u00e8s maintenant.\",\"breadcrumb\":{\"@id\":\"https:\/\/mestra.es\/fr\/producto\/loupes-dentaires-galileennes\/#breadcrumb\"},\"inLanguage\":\"fr-FR\",\"potentialAction\":[{\"@type\":\"ReadAction\",\"target\":[\"https:\/\/mestra.es\/fr\/producto\/loupes-dentaires-galileennes\/\"]}]},{\"@type\":\"ImageObject\",\"inLanguage\":\"fr-FR\",\"@id\":\"https:\/\/mestra.es\/fr\/producto\/loupes-dentaires-galileennes\/#primaryimage\",\"url\":\"https:\/\/mestra.es\/wp-content\/uploads\/2025\/06\/100093.jpg\",\"contentUrl\":\"https:\/\/mestra.es\/wp-content\/uploads\/2025\/06\/100093.jpg\",\"width\":600,\"height\":600,\"caption\":\"lupas dentales galileanas\"},{\"@type\":\"BreadcrumbList\",\"@id\":\"https:\/\/mestra.es\/fr\/producto\/loupes-dentaires-galileennes\/#breadcrumb\",\"itemListElement\":[{\"@type\":\"ListItem\",\"position\":1,\"name\":\"Portada\",\"item\":\"https:\/\/mestra.es\/fr\/\"},{\"@type\":\"ListItem\",\"position\":2,\"name\":\"Boutique\",\"item\":\"https:\/\/mestra.es\/fr\/boutique\/\"},{\"@type\":\"ListItem\",\"position\":3,\"name\":\"LOUPES DENTAIRES GALIL\u00c9ENNES\"}]},{\"@type\":\"WebSite\",\"@id\":\"https:\/\/mestra.es\/fr\/#website\",\"url\":\"https:\/\/mestra.es\/fr\/\",\"name\":\"Talleres Mestra\",\"description\":\"\",\"publisher\":{\"@id\":\"https:\/\/mestra.es\/fr\/#organization\"},\"potentialAction\":[{\"@type\":\"SearchAction\",\"target\":{\"@type\":\"EntryPoint\",\"urlTemplate\":\"https:\/\/mestra.es\/fr\/?s={search_term_string}\"},\"query-input\":{\"@type\":\"PropertyValueSpecification\",\"valueRequired\":true,\"valueName\":\"search_term_string\"}}],\"inLanguage\":\"fr-FR\"},{\"@type\":\"Organization\",\"@id\":\"https:\/\/mestra.es\/fr\/#organization\",\"name\":\"Talleres Mestra\",\"url\":\"https:\/\/mestra.es\/fr\/\",\"logo\":{\"@type\":\"ImageObject\",\"inLanguage\":\"fr-FR\",\"@id\":\"https:\/\/mestra.es\/fr\/#\/schema\/logo\/image\/\",\"url\":\"https:\/\/mestra.es\/wp-content\/uploads\/2024\/05\/logo_mestra.png\",\"contentUrl\":\"https:\/\/mestra.es\/wp-content\/uploads\/2024\/05\/logo_mestra.png\",\"width\":300,\"height\":170,\"caption\":\"Talleres Mestra\"},\"image\":{\"@id\":\"https:\/\/mestra.es\/fr\/#\/schema\/logo\/image\/\"}}]}<\/script>\n<meta property=\"product:price:amount\" content=\"0.00\" \/>\n<meta property=\"product:price:currency\" content=\"EUR\" \/>\n<meta property=\"og:availability\" content=\"instock\" \/>\n<meta property=\"product:availability\" content=\"instock\" \/>\n<meta property=\"product:retailer_item_id\" content=\"100093\" \/>\n<meta property=\"product:condition\" content=\"new\" \/>\n<!-- \/ Yoast SEO plugin. -->","yoast_head_json":{"title":"LOUPES DENTAIRES GALIL\u00c9ENNES | MESTRA","description":"Chez MESTRA nous avons des loupes dentaires galil\u00e9ennes. Consultez notre catalogue de mat\u00e9riel dentaire et passez votre commande d\u00e8s maintenant.","robots":{"index":"index","follow":"follow","max-snippet":"max-snippet:-1","max-image-preview":"max-image-preview:large","max-video-preview":"max-video-preview:-1"},"canonical":"https:\/\/mestra.es\/fr\/producto\/loupes-dentaires-galileennes\/","og_locale":"fr_FR","og_type":"article","og_title":"LOUPES DENTAIRES GALIL\u00c9ENNES | MESTRA","og_description":"Chez MESTRA nous avons des loupes dentaires galil\u00e9ennes. Consultez notre catalogue de mat\u00e9riel dentaire et passez votre commande d\u00e8s maintenant.","og_url":"https:\/\/mestra.es\/fr\/producto\/loupes-dentaires-galileennes\/","og_site_name":"Talleres Mestra","article_modified_time":"2026-04-14T08:10:53+00:00","og_image":[{"width":600,"height":600,"url":"https:\/\/mestra.es\/wp-content\/uploads\/2025\/06\/100093.jpg","type":"image\/jpeg"}],"twitter_card":"summary_large_image","twitter_misc":{"Prix":"0,00&nbsp;&euro;","Disponibilit\u00e9":"En stock"},"schema":{"@context":"https:\/\/schema.org","@graph":[{"@type":"WebPage","@id":"https:\/\/mestra.es\/fr\/producto\/loupes-dentaires-galileennes\/","url":"https:\/\/mestra.es\/fr\/producto\/loupes-dentaires-galileennes\/","name":"LOUPES DENTAIRES GALIL\u00c9ENNES | MESTRA","isPartOf":{"@id":"https:\/\/mestra.es\/fr\/#website"},"primaryImageOfPage":{"@id":"https:\/\/mestra.es\/fr\/producto\/loupes-dentaires-galileennes\/#primaryimage"},"image":{"@id":"https:\/\/mestra.es\/fr\/producto\/loupes-dentaires-galileennes\/#primaryimage"},"thumbnailUrl":"https:\/\/mestra.es\/wp-content\/uploads\/2025\/06\/100093.jpg","datePublished":"2025-09-15T13:16:49+00:00","dateModified":"2026-04-14T08:10:53+00:00","description":"Chez MESTRA nous avons des loupes dentaires galil\u00e9ennes. Consultez notre catalogue de mat\u00e9riel dentaire et passez votre commande d\u00e8s maintenant.","breadcrumb":{"@id":"https:\/\/mestra.es\/fr\/producto\/loupes-dentaires-galileennes\/#breadcrumb"},"inLanguage":"fr-FR","potentialAction":[{"@type":"ReadAction","target":["https:\/\/mestra.es\/fr\/producto\/loupes-dentaires-galileennes\/"]}]},{"@type":"ImageObject","inLanguage":"fr-FR","@id":"https:\/\/mestra.es\/fr\/producto\/loupes-dentaires-galileennes\/#primaryimage","url":"https:\/\/mestra.es\/wp-content\/uploads\/2025\/06\/100093.jpg","contentUrl":"https:\/\/mestra.es\/wp-content\/uploads\/2025\/06\/100093.jpg","width":600,"height":600,"caption":"lupas dentales galileanas"},{"@type":"BreadcrumbList","@id":"https:\/\/mestra.es\/fr\/producto\/loupes-dentaires-galileennes\/#breadcrumb","itemListElement":[{"@type":"ListItem","position":1,"name":"Portada","item":"https:\/\/mestra.es\/fr\/"},{"@type":"ListItem","position":2,"name":"Boutique","item":"https:\/\/mestra.es\/fr\/boutique\/"},{"@type":"ListItem","position":3,"name":"LOUPES DENTAIRES GALIL\u00c9ENNES"}]},{"@type":"WebSite","@id":"https:\/\/mestra.es\/fr\/#website","url":"https:\/\/mestra.es\/fr\/","name":"Talleres Mestra","description":"","publisher":{"@id":"https:\/\/mestra.es\/fr\/#organization"},"potentialAction":[{"@type":"SearchAction","target":{"@type":"EntryPoint","urlTemplate":"https:\/\/mestra.es\/fr\/?s={search_term_string}"},"query-input":{"@type":"PropertyValueSpecification","valueRequired":true,"valueName":"search_term_string"}}],"inLanguage":"fr-FR"},{"@type":"Organization","@id":"https:\/\/mestra.es\/fr\/#organization","name":"Talleres Mestra","url":"https:\/\/mestra.es\/fr\/","logo":{"@type":"ImageObject","inLanguage":"fr-FR","@id":"https:\/\/mestra.es\/fr\/#\/schema\/logo\/image\/","url":"https:\/\/mestra.es\/wp-content\/uploads\/2024\/05\/logo_mestra.png","contentUrl":"https:\/\/mestra.es\/wp-content\/uploads\/2024\/05\/logo_mestra.png","width":300,"height":170,"caption":"Talleres Mestra"},"image":{"@id":"https:\/\/mestra.es\/fr\/#\/schema\/logo\/image\/"}}]},"product_price_amount":"0.00","product_price_currency":"EUR","og_availability":"instock","product_availability":"instock","product_retailer_item_id":"100093","product_condition":"new"},"_links":{"self":[{"href":"https:\/\/mestra.es\/fr\/wp-json\/wp\/v2\/product\/20949","targetHints":{"allow":["GET"]}}],"collection":[{"href":"https:\/\/mestra.es\/fr\/wp-json\/wp\/v2\/product"}],"about":[{"href":"https:\/\/mestra.es\/fr\/wp-json\/wp\/v2\/types\/product"}],"wp:featuredmedia":[{"embeddable":true,"href":"https:\/\/mestra.es\/fr\/wp-json\/wp\/v2\/media\/20935"}],"wp:attachment":[{"href":"https:\/\/mestra.es\/fr\/wp-json\/wp\/v2\/media?parent=20949"}],"wp:term":[{"taxonomy":"product_brand","embeddable":true,"href":"https:\/\/mestra.es\/fr\/wp-json\/wp\/v2\/product_brand?post=20949"},{"taxonomy":"product_cat","embeddable":true,"href":"https:\/\/mestra.es\/fr\/wp-json\/wp\/v2\/product_cat?post=20949"},{"taxonomy":"product_tag","embeddable":true,"href":"https:\/\/mestra.es\/fr\/wp-json\/wp\/v2\/product_tag?post=20949"}],"curies":[{"name":"wp","href":"https:\/\/api.w.org\/{rel}","templated":true}]}}