{"id":20883,"date":"2025-07-28T09:22:59","date_gmt":"2025-07-28T07:22:59","guid":{"rendered":"https:\/\/mestra.es\/?post_type=product&#038;p=20883"},"modified":"2025-12-19T08:22:02","modified_gmt":"2025-12-19T07:22:02","slug":"nettoyeur-a-ultrasons-da10","status":"publish","type":"product","link":"https:\/\/mestra.es\/fr\/producto\/nettoyeur-a-ultrasons-da10\/","title":{"rendered":"Nettoyeur \u00e0 ultrasons DA10"},"content":{"rendered":"<h2><strong>Nettoyeur \u00e0 ultrasons DA10<\/strong><\/h2>\n<h4><strong>Option simple, \u00e9conomique et efficace.<\/strong><\/h4>\n<p>&nbsp;<\/p>\n<p><span style=\"text-decoration: underline;\"><strong>\u00c9LECTRONIQUE DE HAUTE PERFORMANCE<\/strong><\/span><\/p>\n<ul>\n<li>\u00c9quip\u00e9 d&rsquo;un chipset de pointe et d&rsquo;algorithmes avanc\u00e9s.<\/li>\n<li>Fait automatiquement la distinction entre la dent et la gencive.<\/li>\n<li>Garantit un nettoyage confortable et s\u00fbr.<\/li>\n<\/ul>\n<p><span style=\"text-decoration: underline;\"><strong>PI\u00c8CE \u00c0 MAIN DE HAUTE QUALIT\u00c9 AVEC \u00c9CLAIRAGE<\/strong><\/span><\/p>\n<ul>\n<li>La conception amovible permet une st\u00e9rilisation \u00e0 haute temp\u00e9rature et \u00e0 haute pression.<\/li>\n<li>Lumi\u00e8re teint\u00e9e pour une meilleure visibilit\u00e9 pendant le traitement.<\/li>\n<\/ul>\n<p><span style=\"text-decoration: underline;\"><strong>RETOUR D&rsquo;INFORMATION INTELLIGENT SUR LE NIVEAU DE PUISSANCE<\/strong><\/span><\/p>\n<ul>\n<li>Ajuste automatiquement la puissance en fonction de la duret\u00e9 de la pierre.<\/li>\n<li>Efficacit\u00e9 de nettoyage accrue.<\/li>\n<\/ul>\n<table style=\"table-layout: fixed;\">\n<tbody>\n<tr>\n<td><img decoding=\"async\" src=\"https:\/\/mestra.es\/wp-content\/uploads\/2025\/06\/pantalla_100750.jpg\" \/><\/td>\n<td><strong><span style=\"text-decoration: underline;\">\u00c9CRAN TACTILE \u00c9L\u00c9GANT<\/span><\/strong><\/p>\n<ul>\n<li>Panneau tactile \u00e9tanche \u00e0 r\u00e9ponse imm\u00e9diate.<\/li>\n<li><span style=\"text-decoration: underline;\">Passez rapidement d&rsquo;un mode \u00e0 l&rsquo;autre d&rsquo;une simple pression:<\/span>\n<ol>\n<li>G (Nettoyage g\u00e9n\u00e9ral), P (Parodontal), E (Endodontique)<\/li>\n<li>12 niveaux de puissance pour un traitement personnalis\u00e9.<\/li>\n<\/ol>\n<\/li>\n<\/ul>\n<\/td>\n<\/tr>\n<tr>\n<td><img decoding=\"async\" src=\"https:\/\/mestra.es\/wp-content\/uploads\/2025\/06\/puntas_100750.jpg\" \/><\/td>\n<td><strong><span style=\"text-decoration: underline;\">MODES ET CONSEILS SP\u00c9CIALIS\u00c9S<\/span><\/strong><\/p>\n<p><strong>G1 &#8211;<\/strong> Enl\u00e8ve les gros calculs supragingivaux.<br \/>\n<strong>G2 &#8211;<\/strong> Bord plat pour le tartre supragingival dense.<br \/>\n<strong>G4 &#8211;<\/strong> Nettoyage interdentaire et \u00e9limination de la plaque.<br \/>\n<strong>P1 &#8211;<\/strong> Traitement parodontal (tartre sous-gingival).<\/td>\n<\/tr>\n<tr>\n<td><img decoding=\"async\" src=\"https:\/\/mestra.es\/wp-content\/uploads\/2025\/06\/supragingiva_100750.jpg\" \/><\/td>\n<td><strong><span style=\"text-decoration: underline;\">R\u00c9SULTATS AVANT\/APR\u00c8S<\/span><\/strong><\/p>\n<p><strong><span style=\"text-decoration: underline;\">Nettoyage supra-gingival<\/span><\/strong><br \/>\n\u00c9limination des gros calculs dans toutes les directions.<\/td>\n<\/tr>\n<tr>\n<td><img decoding=\"async\" src=\"https:\/\/mestra.es\/wp-content\/uploads\/2025\/06\/periodont_100750.jpg\" \/><\/td>\n<td><strong><span style=\"text-decoration: underline;\">R\u00c9SULTATS AVANT\/APR\u00c8S<\/span><\/strong><\/p>\n<p><strong><span style=\"text-decoration: underline;\">Traitement parodontal<\/span><\/strong><br \/>\n\u00c9limination du tartre sous-gingival et irrigation.<\/td>\n<\/tr>\n<\/tbody>\n<\/table>\n","protected":false},"excerpt":{"rendered":"<p>Nettoyeur \u00e0 ultrasons DA10<\/p>\n","protected":false},"featured_media":20869,"template":"","meta":{"_acf_changed":false,"_monsterinsights_skip_tracking":false,"_monsterinsights_sitenote_active":false,"_monsterinsights_sitenote_note":"","_monsterinsights_sitenote_category":0},"product_brand":[],"product_cat":[1970],"product_tag":[],"class_list":{"0":"post-20883","1":"product","2":"type-product","3":"status-publish","4":"has-post-thumbnail","6":"product_cat-prophylaxie","8":"first","9":"instock","10":"taxable","11":"shipping-taxable","12":"purchasable","13":"product-type-simple"},"acf":[],"yoast_head":"<!-- This site is optimized with the Yoast SEO plugin v27.2 - https:\/\/yoast.com\/product\/yoast-seo-wordpress\/ -->\n<title>Nettoyeur \u00e0 ultrasons DA10 | MESTRA<\/title>\n<meta name=\"description\" content=\"Chez MESTRA nous avons des nettoyeur \u00e0 ultrasons DA10. Consultez notre catalogue de mat\u00e9riel dentaire et passez votre commande d\u00e8s maintenant.\" \/>\n<meta name=\"robots\" content=\"index, follow, max-snippet:-1, max-image-preview:large, max-video-preview:-1\" \/>\n<link rel=\"canonical\" href=\"https:\/\/mestra.es\/fr\/producto\/nettoyeur-a-ultrasons-da10\/\" \/>\n<meta property=\"og:locale\" content=\"fr_FR\" \/>\n<meta property=\"og:type\" content=\"article\" \/>\n<meta property=\"og:title\" content=\"Nettoyeur \u00e0 ultrasons DA10 | MESTRA\" \/>\n<meta property=\"og:description\" content=\"Chez MESTRA nous avons des nettoyeur \u00e0 ultrasons DA10. Consultez notre catalogue de mat\u00e9riel dentaire et passez votre commande d\u00e8s maintenant.\" \/>\n<meta property=\"og:url\" content=\"https:\/\/mestra.es\/fr\/producto\/nettoyeur-a-ultrasons-da10\/\" \/>\n<meta property=\"og:site_name\" content=\"Talleres Mestra\" \/>\n<meta property=\"article:modified_time\" content=\"2025-12-19T07:22:02+00:00\" \/>\n<meta property=\"og:image\" content=\"https:\/\/mestra.es\/wp-content\/uploads\/2025\/06\/100750.jpg\" \/>\n\t<meta property=\"og:image:width\" content=\"600\" \/>\n\t<meta property=\"og:image:height\" content=\"600\" \/>\n\t<meta property=\"og:image:type\" content=\"image\/jpeg\" \/>\n<meta name=\"twitter:card\" content=\"summary_large_image\" \/>\n<meta name=\"twitter:label1\" content=\"Prix\" \/>\n\t<meta name=\"twitter:data1\" content=\"0,00&nbsp;&euro;\" \/>\n\t<meta name=\"twitter:label2\" content=\"Disponibilit\u00e9\" \/>\n\t<meta name=\"twitter:data2\" content=\"En stock\" \/>\n<script type=\"application\/ld+json\" class=\"yoast-schema-graph\">{\"@context\":\"https:\/\/schema.org\",\"@graph\":[{\"@type\":\"WebPage\",\"@id\":\"https:\/\/mestra.es\/fr\/producto\/nettoyeur-a-ultrasons-da10\/\",\"url\":\"https:\/\/mestra.es\/fr\/producto\/nettoyeur-a-ultrasons-da10\/\",\"name\":\"Nettoyeur \u00e0 ultrasons DA10 | MESTRA\",\"isPartOf\":{\"@id\":\"https:\/\/mestra.es\/fr\/#website\"},\"primaryImageOfPage\":{\"@id\":\"https:\/\/mestra.es\/fr\/producto\/nettoyeur-a-ultrasons-da10\/#primaryimage\"},\"image\":{\"@id\":\"https:\/\/mestra.es\/fr\/producto\/nettoyeur-a-ultrasons-da10\/#primaryimage\"},\"thumbnailUrl\":\"https:\/\/mestra.es\/wp-content\/uploads\/2025\/06\/100750.jpg\",\"datePublished\":\"2025-07-28T07:22:59+00:00\",\"dateModified\":\"2025-12-19T07:22:02+00:00\",\"description\":\"Chez MESTRA nous avons des nettoyeur \u00e0 ultrasons DA10. Consultez notre catalogue de mat\u00e9riel dentaire et passez votre commande d\u00e8s maintenant.\",\"breadcrumb\":{\"@id\":\"https:\/\/mestra.es\/fr\/producto\/nettoyeur-a-ultrasons-da10\/#breadcrumb\"},\"inLanguage\":\"fr-FR\",\"potentialAction\":[{\"@type\":\"ReadAction\",\"target\":[\"https:\/\/mestra.es\/fr\/producto\/nettoyeur-a-ultrasons-da10\/\"]}]},{\"@type\":\"ImageObject\",\"inLanguage\":\"fr-FR\",\"@id\":\"https:\/\/mestra.es\/fr\/producto\/nettoyeur-a-ultrasons-da10\/#primaryimage\",\"url\":\"https:\/\/mestra.es\/wp-content\/uploads\/2025\/06\/100750.jpg\",\"contentUrl\":\"https:\/\/mestra.es\/wp-content\/uploads\/2025\/06\/100750.jpg\",\"width\":600,\"height\":600,\"caption\":\"Limpiador de ultrasonidos DA10\"},{\"@type\":\"BreadcrumbList\",\"@id\":\"https:\/\/mestra.es\/fr\/producto\/nettoyeur-a-ultrasons-da10\/#breadcrumb\",\"itemListElement\":[{\"@type\":\"ListItem\",\"position\":1,\"name\":\"Portada\",\"item\":\"https:\/\/mestra.es\/fr\/\"},{\"@type\":\"ListItem\",\"position\":2,\"name\":\"Boutique\",\"item\":\"https:\/\/mestra.es\/fr\/boutique\/\"},{\"@type\":\"ListItem\",\"position\":3,\"name\":\"Nettoyeur \u00e0 ultrasons DA10\"}]},{\"@type\":\"WebSite\",\"@id\":\"https:\/\/mestra.es\/fr\/#website\",\"url\":\"https:\/\/mestra.es\/fr\/\",\"name\":\"Talleres Mestra\",\"description\":\"\",\"publisher\":{\"@id\":\"https:\/\/mestra.es\/fr\/#organization\"},\"potentialAction\":[{\"@type\":\"SearchAction\",\"target\":{\"@type\":\"EntryPoint\",\"urlTemplate\":\"https:\/\/mestra.es\/fr\/?s={search_term_string}\"},\"query-input\":{\"@type\":\"PropertyValueSpecification\",\"valueRequired\":true,\"valueName\":\"search_term_string\"}}],\"inLanguage\":\"fr-FR\"},{\"@type\":\"Organization\",\"@id\":\"https:\/\/mestra.es\/fr\/#organization\",\"name\":\"Talleres Mestra\",\"url\":\"https:\/\/mestra.es\/fr\/\",\"logo\":{\"@type\":\"ImageObject\",\"inLanguage\":\"fr-FR\",\"@id\":\"https:\/\/mestra.es\/fr\/#\/schema\/logo\/image\/\",\"url\":\"https:\/\/mestra.es\/wp-content\/uploads\/2024\/05\/logo_mestra.png\",\"contentUrl\":\"https:\/\/mestra.es\/wp-content\/uploads\/2024\/05\/logo_mestra.png\",\"width\":300,\"height\":170,\"caption\":\"Talleres Mestra\"},\"image\":{\"@id\":\"https:\/\/mestra.es\/fr\/#\/schema\/logo\/image\/\"}}]}<\/script>\n<meta property=\"product:price:amount\" content=\"0.00\" \/>\n<meta property=\"product:price:currency\" content=\"EUR\" \/>\n<meta property=\"og:availability\" content=\"instock\" \/>\n<meta property=\"product:availability\" content=\"instock\" \/>\n<meta property=\"product:retailer_item_id\" content=\"100750\" \/>\n<meta property=\"product:condition\" content=\"new\" \/>\n<!-- \/ Yoast SEO plugin. -->","yoast_head_json":{"title":"Nettoyeur \u00e0 ultrasons DA10 | MESTRA","description":"Chez MESTRA nous avons des nettoyeur \u00e0 ultrasons DA10. Consultez notre catalogue de mat\u00e9riel dentaire et passez votre commande d\u00e8s maintenant.","robots":{"index":"index","follow":"follow","max-snippet":"max-snippet:-1","max-image-preview":"max-image-preview:large","max-video-preview":"max-video-preview:-1"},"canonical":"https:\/\/mestra.es\/fr\/producto\/nettoyeur-a-ultrasons-da10\/","og_locale":"fr_FR","og_type":"article","og_title":"Nettoyeur \u00e0 ultrasons DA10 | MESTRA","og_description":"Chez MESTRA nous avons des nettoyeur \u00e0 ultrasons DA10. Consultez notre catalogue de mat\u00e9riel dentaire et passez votre commande d\u00e8s maintenant.","og_url":"https:\/\/mestra.es\/fr\/producto\/nettoyeur-a-ultrasons-da10\/","og_site_name":"Talleres Mestra","article_modified_time":"2025-12-19T07:22:02+00:00","og_image":[{"width":600,"height":600,"url":"https:\/\/mestra.es\/wp-content\/uploads\/2025\/06\/100750.jpg","type":"image\/jpeg"}],"twitter_card":"summary_large_image","twitter_misc":{"Prix":"0,00&nbsp;&euro;","Disponibilit\u00e9":"En stock"},"schema":{"@context":"https:\/\/schema.org","@graph":[{"@type":"WebPage","@id":"https:\/\/mestra.es\/fr\/producto\/nettoyeur-a-ultrasons-da10\/","url":"https:\/\/mestra.es\/fr\/producto\/nettoyeur-a-ultrasons-da10\/","name":"Nettoyeur \u00e0 ultrasons DA10 | MESTRA","isPartOf":{"@id":"https:\/\/mestra.es\/fr\/#website"},"primaryImageOfPage":{"@id":"https:\/\/mestra.es\/fr\/producto\/nettoyeur-a-ultrasons-da10\/#primaryimage"},"image":{"@id":"https:\/\/mestra.es\/fr\/producto\/nettoyeur-a-ultrasons-da10\/#primaryimage"},"thumbnailUrl":"https:\/\/mestra.es\/wp-content\/uploads\/2025\/06\/100750.jpg","datePublished":"2025-07-28T07:22:59+00:00","dateModified":"2025-12-19T07:22:02+00:00","description":"Chez MESTRA nous avons des nettoyeur \u00e0 ultrasons DA10. Consultez notre catalogue de mat\u00e9riel dentaire et passez votre commande d\u00e8s maintenant.","breadcrumb":{"@id":"https:\/\/mestra.es\/fr\/producto\/nettoyeur-a-ultrasons-da10\/#breadcrumb"},"inLanguage":"fr-FR","potentialAction":[{"@type":"ReadAction","target":["https:\/\/mestra.es\/fr\/producto\/nettoyeur-a-ultrasons-da10\/"]}]},{"@type":"ImageObject","inLanguage":"fr-FR","@id":"https:\/\/mestra.es\/fr\/producto\/nettoyeur-a-ultrasons-da10\/#primaryimage","url":"https:\/\/mestra.es\/wp-content\/uploads\/2025\/06\/100750.jpg","contentUrl":"https:\/\/mestra.es\/wp-content\/uploads\/2025\/06\/100750.jpg","width":600,"height":600,"caption":"Limpiador de ultrasonidos DA10"},{"@type":"BreadcrumbList","@id":"https:\/\/mestra.es\/fr\/producto\/nettoyeur-a-ultrasons-da10\/#breadcrumb","itemListElement":[{"@type":"ListItem","position":1,"name":"Portada","item":"https:\/\/mestra.es\/fr\/"},{"@type":"ListItem","position":2,"name":"Boutique","item":"https:\/\/mestra.es\/fr\/boutique\/"},{"@type":"ListItem","position":3,"name":"Nettoyeur \u00e0 ultrasons DA10"}]},{"@type":"WebSite","@id":"https:\/\/mestra.es\/fr\/#website","url":"https:\/\/mestra.es\/fr\/","name":"Talleres Mestra","description":"","publisher":{"@id":"https:\/\/mestra.es\/fr\/#organization"},"potentialAction":[{"@type":"SearchAction","target":{"@type":"EntryPoint","urlTemplate":"https:\/\/mestra.es\/fr\/?s={search_term_string}"},"query-input":{"@type":"PropertyValueSpecification","valueRequired":true,"valueName":"search_term_string"}}],"inLanguage":"fr-FR"},{"@type":"Organization","@id":"https:\/\/mestra.es\/fr\/#organization","name":"Talleres Mestra","url":"https:\/\/mestra.es\/fr\/","logo":{"@type":"ImageObject","inLanguage":"fr-FR","@id":"https:\/\/mestra.es\/fr\/#\/schema\/logo\/image\/","url":"https:\/\/mestra.es\/wp-content\/uploads\/2024\/05\/logo_mestra.png","contentUrl":"https:\/\/mestra.es\/wp-content\/uploads\/2024\/05\/logo_mestra.png","width":300,"height":170,"caption":"Talleres Mestra"},"image":{"@id":"https:\/\/mestra.es\/fr\/#\/schema\/logo\/image\/"}}]},"product_price_amount":"0.00","product_price_currency":"EUR","og_availability":"instock","product_availability":"instock","product_retailer_item_id":"100750","product_condition":"new"},"_links":{"self":[{"href":"https:\/\/mestra.es\/fr\/wp-json\/wp\/v2\/product\/20883","targetHints":{"allow":["GET"]}}],"collection":[{"href":"https:\/\/mestra.es\/fr\/wp-json\/wp\/v2\/product"}],"about":[{"href":"https:\/\/mestra.es\/fr\/wp-json\/wp\/v2\/types\/product"}],"wp:featuredmedia":[{"embeddable":true,"href":"https:\/\/mestra.es\/fr\/wp-json\/wp\/v2\/media\/20869"}],"wp:attachment":[{"href":"https:\/\/mestra.es\/fr\/wp-json\/wp\/v2\/media?parent=20883"}],"wp:term":[{"taxonomy":"product_brand","embeddable":true,"href":"https:\/\/mestra.es\/fr\/wp-json\/wp\/v2\/product_brand?post=20883"},{"taxonomy":"product_cat","embeddable":true,"href":"https:\/\/mestra.es\/fr\/wp-json\/wp\/v2\/product_cat?post=20883"},{"taxonomy":"product_tag","embeddable":true,"href":"https:\/\/mestra.es\/fr\/wp-json\/wp\/v2\/product_tag?post=20883"}],"curies":[{"name":"wp","href":"https:\/\/api.w.org\/{rel}","templated":true}]}}