{"id":20865,"date":"2025-07-28T09:21:53","date_gmt":"2025-07-28T07:21:53","guid":{"rendered":"https:\/\/mestra.es\/?post_type=product&#038;p=20865"},"modified":"2025-12-19T09:25:04","modified_gmt":"2025-12-19T08:25:04","slug":"lampe-a-polymeriser-vafu","status":"publish","type":"product","link":"https:\/\/mestra.es\/fr\/producto\/lampe-a-polymeriser-vafu\/","title":{"rendered":"Lampe \u00e0 polym\u00e9riser VAFU"},"content":{"rendered":"<p>La lampe de polym\u00e9risation MESTRA VAFU est une lampe de polym\u00e9risation dentaire haut de gamme pour la polym\u00e9risation dentaire. Sa puissance lumineuse atteint 3200 mW\/cm\u00b2, ce qui permet une polym\u00e9risation ultra-rapide en seulement 1 ou 2 secondes, r\u00e9duisant consid\u00e9rablement le temps de pr\u00e9sence de la lampe en bouche et optimisant le confort du patient.<\/p>\n<p>Elle est dot\u00e9e d&rsquo;une t\u00eate multi-LED avanc\u00e9e, compos\u00e9e de quatre LED ind\u00e9pendantes. Chacune \u00e9met \u00e0 une fr\u00e9quence diff\u00e9rente, ce qui permet d&rsquo;obtenir un spectre lumineux exceptionnellement large (de 385 nm \u00e0 515 nm). Cela garantit une polym\u00e9risation efficace de pratiquement tous les mat\u00e9riaux dentaires disponibles dans le commerce en un temps record.<\/p>\n<p><span style=\"text-decoration: underline;\"><strong>CARACT\u00c9RISTIQUES SUPPL\u00c9MENTAIRES<\/strong><\/span><\/p>\n<ul>\n<li><strong>Compteur d&rsquo;intensit\u00e9 lumineuse int\u00e9gr\u00e9:<\/strong> contr\u00f4le les performances de la lampe en rapprochant simplement la t\u00eate de la base de chargement, ce qui garantit un fonctionnement optimal.<\/li>\n<li><strong>Jeu de lentilles:<\/strong> Concentre la lumi\u00e8re avec pr\u00e9cision pour des t\u00e2ches sp\u00e9cifiques. Quatre lentilles sp\u00e9cialis\u00e9es pour les diff\u00e9rentes t\u00e2ches et sc\u00e9narios rencontr\u00e9s dans les proc\u00e9dures dentaires.<\/li>\n<li><strong>Chargement sans fil et sans connecteur:<\/strong> une base propre, pratique et sans tracas simplifie le rechargement. Une seule charge de batterie peut suffire pour 500 cures.<\/li>\n<\/ul>\n<p>&nbsp;<\/p>\n<table style=\"table-layout: fixed;\">\n<tbody>\n<tr>\n<td><img decoding=\"async\" src=\"https:\/\/mestra.es\/wp-content\/uploads\/2025\/06\/led_100710.jpg\" \/><\/td>\n<td><span style=\"text-decoration: underline;\"><strong>4 LENTILLES LED DIFF\u00c9RENTES<\/strong><\/span><\/p>\n<p>Chaque lentille fonctionne \u00e0 une fr\u00e9quence diff\u00e9rente.<br \/>\nLe spectre lumineux balay\u00e9 s&rsquo;\u00e9tend de 385 nm \u00e0 515 nm, ce qui signifie que presque tous les mat\u00e9riaux du march\u00e9 peuvent \u00eatre durcis en un temps record.<\/p>\n<p>Tout cela en conservant une surface d&rsquo;application efficace de 10 mm\u00b2, ce qui est suffisant pour durcir m\u00eame les r\u00e9parations les plus importantes.<\/td>\n<\/tr>\n<\/tbody>\n<\/table>\n<table style=\"table-layout: fixed;\">\n<tbody>\n<tr>\n<td><img decoding=\"async\" src=\"https:\/\/mestra.es\/wp-content\/uploads\/2025\/06\/detector-caries_100705.jpg\" \/><\/td>\n<td><strong>D\u00c9TECTION PR\u00c9CISE DES CARIES<\/strong><\/p>\n<p>L&rsquo;appareil est fourni avec deux t\u00eates: l&rsquo;une d&rsquo;elles est un d\u00e9tecteur de caries. La tonalit\u00e9 de la lumi\u00e8re \u00e9mise par cette seconde t\u00eate produit des ombres sur les dents pr\u00e9sentant des caries, ce qui permet une d\u00e9tection facile et pr\u00e9coce.<\/td>\n<\/tr>\n<\/tbody>\n<\/table>\n<table style=\"table-layout: fixed;\">\n<tbody>\n<tr>\n<td><img decoding=\"async\" src=\"https:\/\/mestra.es\/wp-content\/uploads\/2025\/06\/cabezal2_100710.jpg\" \/><\/td>\n<td>\n<ul>\n<li><strong><span style=\"text-decoration: underline;\">T\u00caTE PIVOTANTE<\/span><\/strong><br \/>\nFournit un \u00e9clairage enveloppant, permettant d&rsquo;\u00e9clairer facilement les diff\u00e9rents angles de la bouche.<\/p>\n<p>&nbsp;<\/p>\n<p>&nbsp;<\/li>\n<li><strong><span style=\"text-decoration: underline;\">4 T\u00caTES MAGN\u00c9TIQUES<\/span><\/strong><br \/>\n4 types de durcissement, y compris la lentille de durcissement sph\u00e9rique, le guidage du canal radiculaire et le durcissement ponctuel, pour r\u00e9pondre aux diff\u00e9rents besoins cliniques.<\/li>\n<\/ul>\n<\/td>\n<\/tr>\n<\/tbody>\n<\/table>\n<table style=\"table-layout: fixed;\">\n<tbody>\n<tr>\n<td><img decoding=\"async\" src=\"https:\/\/mestra.es\/wp-content\/uploads\/2025\/06\/medidor_100710.jpg\" \/><\/td>\n<td><strong><span style=\"text-decoration: underline;\">D\u00c9TECTEUR D&rsquo;INTENSIT\u00c9 LUMINEUSE<\/span><\/strong><\/p>\n<p>Ce d\u00e9tecteur est int\u00e9gr\u00e9 dans la base de chargement elle-m\u00eame. Il suffit d&rsquo;approcher la t\u00eate du capteur pour savoir si la lampe fonctionne correctement.<\/td>\n<\/tr>\n<\/tbody>\n<\/table>\n","protected":false},"excerpt":{"rendered":"<p>Lampe \u00e0 polym\u00e9riser VAFU<br \/>\nGamme sup\u00e9rieure.<\/p>\n","protected":false},"featured_media":20839,"template":"","meta":{"_acf_changed":false,"_monsterinsights_skip_tracking":false,"_monsterinsights_sitenote_active":false,"_monsterinsights_sitenote_note":"","_monsterinsights_sitenote_category":0},"product_brand":[],"product_cat":[1994],"product_tag":[],"class_list":{"0":"post-20865","1":"product","2":"type-product","3":"status-publish","4":"has-post-thumbnail","6":"product_cat-lampes-uv","8":"first","9":"instock","10":"taxable","11":"shipping-taxable","12":"purchasable","13":"product-type-simple"},"acf":[],"yoast_head":"<!-- This site is optimized with the Yoast SEO plugin v27.2 - https:\/\/yoast.com\/product\/yoast-seo-wordpress\/ -->\n<title>Lampe \u00e0 polym\u00e9riser VAFU | MESTRA<\/title>\n<meta name=\"description\" content=\"Chez MESTRA nous avons des mlampe \u00e0 polym\u00e9riser VAFU. Consultez notre catalogue de mat\u00e9riel dentaire et passez votre commande d\u00e8s maintenant.\" \/>\n<meta name=\"robots\" content=\"index, follow, max-snippet:-1, max-image-preview:large, max-video-preview:-1\" \/>\n<link rel=\"canonical\" href=\"https:\/\/mestra.es\/fr\/producto\/lampe-a-polymeriser-vafu\/\" \/>\n<meta property=\"og:locale\" content=\"fr_FR\" \/>\n<meta property=\"og:type\" content=\"article\" \/>\n<meta property=\"og:title\" content=\"Lampe \u00e0 polym\u00e9riser VAFU | MESTRA\" \/>\n<meta property=\"og:description\" content=\"Chez MESTRA nous avons des mlampe \u00e0 polym\u00e9riser VAFU. Consultez notre catalogue de mat\u00e9riel dentaire et passez votre commande d\u00e8s maintenant.\" \/>\n<meta property=\"og:url\" content=\"https:\/\/mestra.es\/fr\/producto\/lampe-a-polymeriser-vafu\/\" \/>\n<meta property=\"og:site_name\" content=\"Talleres Mestra\" \/>\n<meta property=\"article:modified_time\" content=\"2025-12-19T08:25:04+00:00\" \/>\n<meta property=\"og:image\" content=\"https:\/\/mestra.es\/wp-content\/uploads\/2025\/06\/100710.jpg\" \/>\n\t<meta property=\"og:image:width\" content=\"600\" \/>\n\t<meta property=\"og:image:height\" content=\"600\" \/>\n\t<meta property=\"og:image:type\" content=\"image\/jpeg\" \/>\n<meta name=\"twitter:card\" content=\"summary_large_image\" \/>\n<meta name=\"twitter:label1\" content=\"Prix\" \/>\n\t<meta name=\"twitter:data1\" content=\"0,00&nbsp;&euro;\" \/>\n\t<meta name=\"twitter:label2\" content=\"Disponibilit\u00e9\" \/>\n\t<meta name=\"twitter:data2\" content=\"En stock\" \/>\n<script type=\"application\/ld+json\" class=\"yoast-schema-graph\">{\"@context\":\"https:\/\/schema.org\",\"@graph\":[{\"@type\":\"WebPage\",\"@id\":\"https:\/\/mestra.es\/fr\/producto\/lampe-a-polymeriser-vafu\/\",\"url\":\"https:\/\/mestra.es\/fr\/producto\/lampe-a-polymeriser-vafu\/\",\"name\":\"Lampe \u00e0 polym\u00e9riser VAFU | MESTRA\",\"isPartOf\":{\"@id\":\"https:\/\/mestra.es\/fr\/#website\"},\"primaryImageOfPage\":{\"@id\":\"https:\/\/mestra.es\/fr\/producto\/lampe-a-polymeriser-vafu\/#primaryimage\"},\"image\":{\"@id\":\"https:\/\/mestra.es\/fr\/producto\/lampe-a-polymeriser-vafu\/#primaryimage\"},\"thumbnailUrl\":\"https:\/\/mestra.es\/wp-content\/uploads\/2025\/06\/100710.jpg\",\"datePublished\":\"2025-07-28T07:21:53+00:00\",\"dateModified\":\"2025-12-19T08:25:04+00:00\",\"description\":\"Chez MESTRA nous avons des mlampe \u00e0 polym\u00e9riser VAFU. Consultez notre catalogue de mat\u00e9riel dentaire et passez votre commande d\u00e8s maintenant.\",\"breadcrumb\":{\"@id\":\"https:\/\/mestra.es\/fr\/producto\/lampe-a-polymeriser-vafu\/#breadcrumb\"},\"inLanguage\":\"fr-FR\",\"potentialAction\":[{\"@type\":\"ReadAction\",\"target\":[\"https:\/\/mestra.es\/fr\/producto\/lampe-a-polymeriser-vafu\/\"]}]},{\"@type\":\"ImageObject\",\"inLanguage\":\"fr-FR\",\"@id\":\"https:\/\/mestra.es\/fr\/producto\/lampe-a-polymeriser-vafu\/#primaryimage\",\"url\":\"https:\/\/mestra.es\/wp-content\/uploads\/2025\/06\/100710.jpg\",\"contentUrl\":\"https:\/\/mestra.es\/wp-content\/uploads\/2025\/06\/100710.jpg\",\"width\":600,\"height\":600,\"caption\":\"L\u00e1mpara de curado VAFU\"},{\"@type\":\"BreadcrumbList\",\"@id\":\"https:\/\/mestra.es\/fr\/producto\/lampe-a-polymeriser-vafu\/#breadcrumb\",\"itemListElement\":[{\"@type\":\"ListItem\",\"position\":1,\"name\":\"Portada\",\"item\":\"https:\/\/mestra.es\/fr\/\"},{\"@type\":\"ListItem\",\"position\":2,\"name\":\"Boutique\",\"item\":\"https:\/\/mestra.es\/fr\/boutique\/\"},{\"@type\":\"ListItem\",\"position\":3,\"name\":\"Lampe \u00e0 polym\u00e9riser VAFU\"}]},{\"@type\":\"WebSite\",\"@id\":\"https:\/\/mestra.es\/fr\/#website\",\"url\":\"https:\/\/mestra.es\/fr\/\",\"name\":\"Talleres Mestra\",\"description\":\"\",\"publisher\":{\"@id\":\"https:\/\/mestra.es\/fr\/#organization\"},\"potentialAction\":[{\"@type\":\"SearchAction\",\"target\":{\"@type\":\"EntryPoint\",\"urlTemplate\":\"https:\/\/mestra.es\/fr\/?s={search_term_string}\"},\"query-input\":{\"@type\":\"PropertyValueSpecification\",\"valueRequired\":true,\"valueName\":\"search_term_string\"}}],\"inLanguage\":\"fr-FR\"},{\"@type\":\"Organization\",\"@id\":\"https:\/\/mestra.es\/fr\/#organization\",\"name\":\"Talleres Mestra\",\"url\":\"https:\/\/mestra.es\/fr\/\",\"logo\":{\"@type\":\"ImageObject\",\"inLanguage\":\"fr-FR\",\"@id\":\"https:\/\/mestra.es\/fr\/#\/schema\/logo\/image\/\",\"url\":\"https:\/\/mestra.es\/wp-content\/uploads\/2024\/05\/logo_mestra.png\",\"contentUrl\":\"https:\/\/mestra.es\/wp-content\/uploads\/2024\/05\/logo_mestra.png\",\"width\":300,\"height\":170,\"caption\":\"Talleres Mestra\"},\"image\":{\"@id\":\"https:\/\/mestra.es\/fr\/#\/schema\/logo\/image\/\"}}]}<\/script>\n<meta property=\"product:price:amount\" content=\"0.00\" \/>\n<meta property=\"product:price:currency\" content=\"EUR\" \/>\n<meta property=\"og:availability\" content=\"instock\" \/>\n<meta property=\"product:availability\" content=\"instock\" \/>\n<meta property=\"product:retailer_item_id\" content=\"100710\" \/>\n<meta property=\"product:condition\" content=\"new\" \/>\n<!-- \/ Yoast SEO plugin. -->","yoast_head_json":{"title":"Lampe \u00e0 polym\u00e9riser VAFU | MESTRA","description":"Chez MESTRA nous avons des mlampe \u00e0 polym\u00e9riser VAFU. Consultez notre catalogue de mat\u00e9riel dentaire et passez votre commande d\u00e8s maintenant.","robots":{"index":"index","follow":"follow","max-snippet":"max-snippet:-1","max-image-preview":"max-image-preview:large","max-video-preview":"max-video-preview:-1"},"canonical":"https:\/\/mestra.es\/fr\/producto\/lampe-a-polymeriser-vafu\/","og_locale":"fr_FR","og_type":"article","og_title":"Lampe \u00e0 polym\u00e9riser VAFU | MESTRA","og_description":"Chez MESTRA nous avons des mlampe \u00e0 polym\u00e9riser VAFU. Consultez notre catalogue de mat\u00e9riel dentaire et passez votre commande d\u00e8s maintenant.","og_url":"https:\/\/mestra.es\/fr\/producto\/lampe-a-polymeriser-vafu\/","og_site_name":"Talleres Mestra","article_modified_time":"2025-12-19T08:25:04+00:00","og_image":[{"width":600,"height":600,"url":"https:\/\/mestra.es\/wp-content\/uploads\/2025\/06\/100710.jpg","type":"image\/jpeg"}],"twitter_card":"summary_large_image","twitter_misc":{"Prix":"0,00&nbsp;&euro;","Disponibilit\u00e9":"En stock"},"schema":{"@context":"https:\/\/schema.org","@graph":[{"@type":"WebPage","@id":"https:\/\/mestra.es\/fr\/producto\/lampe-a-polymeriser-vafu\/","url":"https:\/\/mestra.es\/fr\/producto\/lampe-a-polymeriser-vafu\/","name":"Lampe \u00e0 polym\u00e9riser VAFU | MESTRA","isPartOf":{"@id":"https:\/\/mestra.es\/fr\/#website"},"primaryImageOfPage":{"@id":"https:\/\/mestra.es\/fr\/producto\/lampe-a-polymeriser-vafu\/#primaryimage"},"image":{"@id":"https:\/\/mestra.es\/fr\/producto\/lampe-a-polymeriser-vafu\/#primaryimage"},"thumbnailUrl":"https:\/\/mestra.es\/wp-content\/uploads\/2025\/06\/100710.jpg","datePublished":"2025-07-28T07:21:53+00:00","dateModified":"2025-12-19T08:25:04+00:00","description":"Chez MESTRA nous avons des mlampe \u00e0 polym\u00e9riser VAFU. Consultez notre catalogue de mat\u00e9riel dentaire et passez votre commande d\u00e8s maintenant.","breadcrumb":{"@id":"https:\/\/mestra.es\/fr\/producto\/lampe-a-polymeriser-vafu\/#breadcrumb"},"inLanguage":"fr-FR","potentialAction":[{"@type":"ReadAction","target":["https:\/\/mestra.es\/fr\/producto\/lampe-a-polymeriser-vafu\/"]}]},{"@type":"ImageObject","inLanguage":"fr-FR","@id":"https:\/\/mestra.es\/fr\/producto\/lampe-a-polymeriser-vafu\/#primaryimage","url":"https:\/\/mestra.es\/wp-content\/uploads\/2025\/06\/100710.jpg","contentUrl":"https:\/\/mestra.es\/wp-content\/uploads\/2025\/06\/100710.jpg","width":600,"height":600,"caption":"L\u00e1mpara de curado VAFU"},{"@type":"BreadcrumbList","@id":"https:\/\/mestra.es\/fr\/producto\/lampe-a-polymeriser-vafu\/#breadcrumb","itemListElement":[{"@type":"ListItem","position":1,"name":"Portada","item":"https:\/\/mestra.es\/fr\/"},{"@type":"ListItem","position":2,"name":"Boutique","item":"https:\/\/mestra.es\/fr\/boutique\/"},{"@type":"ListItem","position":3,"name":"Lampe \u00e0 polym\u00e9riser VAFU"}]},{"@type":"WebSite","@id":"https:\/\/mestra.es\/fr\/#website","url":"https:\/\/mestra.es\/fr\/","name":"Talleres Mestra","description":"","publisher":{"@id":"https:\/\/mestra.es\/fr\/#organization"},"potentialAction":[{"@type":"SearchAction","target":{"@type":"EntryPoint","urlTemplate":"https:\/\/mestra.es\/fr\/?s={search_term_string}"},"query-input":{"@type":"PropertyValueSpecification","valueRequired":true,"valueName":"search_term_string"}}],"inLanguage":"fr-FR"},{"@type":"Organization","@id":"https:\/\/mestra.es\/fr\/#organization","name":"Talleres Mestra","url":"https:\/\/mestra.es\/fr\/","logo":{"@type":"ImageObject","inLanguage":"fr-FR","@id":"https:\/\/mestra.es\/fr\/#\/schema\/logo\/image\/","url":"https:\/\/mestra.es\/wp-content\/uploads\/2024\/05\/logo_mestra.png","contentUrl":"https:\/\/mestra.es\/wp-content\/uploads\/2024\/05\/logo_mestra.png","width":300,"height":170,"caption":"Talleres Mestra"},"image":{"@id":"https:\/\/mestra.es\/fr\/#\/schema\/logo\/image\/"}}]},"product_price_amount":"0.00","product_price_currency":"EUR","og_availability":"instock","product_availability":"instock","product_retailer_item_id":"100710","product_condition":"new"},"_links":{"self":[{"href":"https:\/\/mestra.es\/fr\/wp-json\/wp\/v2\/product\/20865","targetHints":{"allow":["GET"]}}],"collection":[{"href":"https:\/\/mestra.es\/fr\/wp-json\/wp\/v2\/product"}],"about":[{"href":"https:\/\/mestra.es\/fr\/wp-json\/wp\/v2\/types\/product"}],"wp:featuredmedia":[{"embeddable":true,"href":"https:\/\/mestra.es\/fr\/wp-json\/wp\/v2\/media\/20839"}],"wp:attachment":[{"href":"https:\/\/mestra.es\/fr\/wp-json\/wp\/v2\/media?parent=20865"}],"wp:term":[{"taxonomy":"product_brand","embeddable":true,"href":"https:\/\/mestra.es\/fr\/wp-json\/wp\/v2\/product_brand?post=20865"},{"taxonomy":"product_cat","embeddable":true,"href":"https:\/\/mestra.es\/fr\/wp-json\/wp\/v2\/product_cat?post=20865"},{"taxonomy":"product_tag","embeddable":true,"href":"https:\/\/mestra.es\/fr\/wp-json\/wp\/v2\/product_tag?post=20865"}],"curies":[{"name":"wp","href":"https:\/\/api.w.org\/{rel}","templated":true}]}}