{"id":20622,"date":"2025-06-16T16:11:38","date_gmt":"2025-06-16T14:11:38","guid":{"rendered":"https:\/\/mestra.es\/?post_type=product&#038;p=20622"},"modified":"2026-01-15T14:52:07","modified_gmt":"2026-01-15T13:52:07","slug":"taille-platre-classic-disque-en-carborundum-copia","status":"publish","type":"product","link":"https:\/\/mestra.es\/fr\/producto\/taille-platre-classic-disque-en-carborundum-copia\/","title":{"rendered":"TAILLE-PLATR\u00ca (Classic) &#8211;  Disque diamant\u00e9"},"content":{"rendered":"<h2>Famille de taille-pl\u00e2tre con\u00e7us pour une utilisation intense dans le laboratoire dentaire.<\/h2>\n<p>Fiabilit\u00e9, robustesse et long\u00e9vit\u00e9 sont ses caract\u00e9ristiques principales. Cette gamme de taille-pl\u00e2tre est \u00e0 m\u00eame de satisfaire le plus grandes exigences et des conditions de travail extr\u00eames.<\/p>\n<p>C\u2019est une machine pr\u00e9cise gr\u00e2ce \u00e0 laquelle on peut r\u00e9aliser des travaux de pr\u00e9paration de mod\u00e8les d\u2019une mani\u00e8re rapide et simple. La famille de taille-pl\u00e2tre de la gamme classic est un excellent choix pour les techniciens qui d\u00e9sirent une machine durable, d\u2019un entretien simple et une abilit\u00e9 \u00e0 toute \u00e9preuve. En r\u00e9sum\u00e9, un appareil capable de satisfaire les exigences des professionnels durant de longues, longues ann\u00e9es.<\/p>\n<p>Le taille pla\u0302tre MESTRA est une machine robuste, fabrique\u0301e suivant les dernie\u0300res nouveaute\u0301s applique\u0301es aux machines de ces caracte\u0301ristiques. On peut facilement en appre\u0301cier la robustesse. Son poids de plus de 21 kg, (ce qui est un maximum pour une machine de ce type) et le fait qu\u2019elle est appuye\u0301e sur des caoutchoucs antide\u0301rapants, en font une machine tre\u0300s stable pendant l\u2019operation de surfac\u0327age.<\/p>\n<p>La meule soigneusement contre-pese\u0301e en re\u0301sines spe\u0301ciales en fait une machine silen- cieuse.La meule est monte\u0301e sur un plateau en aluminium et fait corps avec lui.On obtient ainsi une surface de travail de 120 mm, sans axe ni e\u0301crou exte\u0301rieur pouvant ge\u0302ner l\u2019abrasion.<\/p>\n<p>Le moteu rest care\u0301ne\u0301, ce qui lui donne un aspect plus compactet harmonieux, et davantage de se\u0301curite\u0301 au cours du travail en e\u0301vitant d\u2019e\u0301ventuels accidents.<\/p>\n<p>Le taille-pla\u0302tre MESTRA est muni d\u2019une e\u0301lectro-vanne (syste\u0300me e\u0300lectronique d\u2019entre\u0301e d\u2019eau) commande\u0301e par un interrupteur, prote\u0301ge\u0301 par un capuchon isolant en PVC, pour e\u0301viter les de\u0301charges e\u0301lectriques dues a\u0300 l\u2019humidite\u0301.<\/p>\n<ul>\n<li>Le ca\u0302ble de connexion est muni d\u2019une prise de terre.<\/li>\n<li>Le taille-pla\u0302tre est e\u0301quipe\u0301e d\u2019un robinet, pour pouvoir ajuster directement le de\u0301bit de l\u2019eau. Ceci e\u0301vite les incommodite\u0301s et les pertes de temps.<\/li>\n<li>Syste\u0300me d\u2019e\u0301coulement late\u0301ral conc\u0327u de manie\u0300re a\u0300 e\u0301viter les bouchages, gra\u0302ce a\u0300 un orifice de sortie de 30 mm. L\u2019eau et les particules de pla\u0302tre sont pousse\u0301es Voir produits l\u2019exte\u0301rieurparles turbulences d\u2019air produites par la meule.<\/li>\n<li>Pie\u0300ce d\u2019appui des mode\u0300les basculante, avec trois positions de travail.<\/li>\n<li>Moteur uniphase\u0301, isole\u0301 de l\u2019humidite\u0301 par un joint a\u0300 ressort inoxydable, parfaitement ajuste\u0301 au bout de l\u2019essieu moteur fabrique\u0301 en acier inoxydable durci et rectifie\u0301.<\/li>\n<\/ul>\n<p>Letaille-pla\u0302tre MESTRA est entie\u0300rement en aluminium; les petites pie\u0300ces sont en acier inoxydable. Finition: peinture e\u0301poxy, lui donnant toujours l\u2019aspect du neuf.<\/p>\n<p>Du \u00e0 sa vitesse de rotation mod\u00e9r\u00e9e, il b\u00e9n\u00e9icie d\u2019une utilisation ais\u00e9e d\u2019un fonctionnement silencieux ainsi qu\u2019un faible \u00e9claboussement de l\u2019eau. Il est conseill\u00e9 aux professionnels peu sujets \u00e0 la taille des mod\u00e8les qui effectuent leurs pr\u00e9parations dans des espaces qui doivent demeurer propres et peu bruyants (cabinets dentaires).<\/p>\n<p><strong>Contenu de l&#8217;emballage<\/strong><\/p>\n<p>La machine est livr\u00e9e avec ses accessoires :<\/p>\n<ul>\n<li>Un tube en caoutchouc<\/li>\n<li>Une cl\u00e9 pour desserrer le disque.<\/li>\n<\/ul>\n","protected":false},"excerpt":{"rendered":"<p>TAILLE-PLATR\u00ca (Classic) &#8211; Disque diamant\u00e9<br \/>\n1500 rpm, 3000 rpm<\/p>\n","protected":false},"featured_media":20587,"template":"","meta":{"_acf_changed":false,"_monsterinsights_skip_tracking":false,"_monsterinsights_sitenote_active":false,"_monsterinsights_sitenote_note":"","_monsterinsights_sitenote_category":0},"product_brand":[],"product_cat":[1911],"product_tag":[],"class_list":{"0":"post-20622","1":"product","2":"type-product","3":"status-publish","4":"has-post-thumbnail","6":"product_cat-taille-platre-classic","8":"first","9":"instock","10":"taxable","11":"shipping-taxable","12":"purchasable","13":"product-type-variable"},"acf":[],"yoast_head":"<!-- This site is optimized with the Yoast SEO plugin v27.2 - https:\/\/yoast.com\/product\/yoast-seo-wordpress\/ -->\n<title>TAILLE-PLATR\u00ca (Classic) - Disque diamant\u00e9 | MESTRA<\/title>\n<meta name=\"description\" content=\"Chez MESTRA nous avons des TAILLE-PLATR\u00ca (Classic) - Disque diamant\u00e9. Consultez notre catalogue de mat\u00e9riel dentaire et passez votre commande d\u00e8s maintenant.\" \/>\n<meta name=\"robots\" content=\"index, follow, max-snippet:-1, max-image-preview:large, max-video-preview:-1\" \/>\n<link rel=\"canonical\" href=\"https:\/\/mestra.es\/fr\/producto\/taille-platre-classic-disque-en-carborundum-copia\/\" \/>\n<meta property=\"og:locale\" content=\"fr_FR\" \/>\n<meta property=\"og:type\" content=\"article\" \/>\n<meta property=\"og:title\" content=\"TAILLE-PLATR\u00ca (Classic) - Disque diamant\u00e9 | MESTRA\" \/>\n<meta property=\"og:description\" content=\"Chez MESTRA nous avons des TAILLE-PLATR\u00ca (Classic) - Disque diamant\u00e9. Consultez notre catalogue de mat\u00e9riel dentaire et passez votre commande d\u00e8s maintenant.\" \/>\n<meta property=\"og:url\" content=\"https:\/\/mestra.es\/fr\/producto\/taille-platre-classic-disque-en-carborundum-copia\/\" \/>\n<meta property=\"og:site_name\" content=\"Talleres Mestra\" \/>\n<meta property=\"article:modified_time\" content=\"2026-01-15T13:52:07+00:00\" \/>\n<meta property=\"og:image\" content=\"https:\/\/mestra.es\/wp-content\/uploads\/2025\/06\/080081.jpg\" \/>\n\t<meta property=\"og:image:width\" content=\"600\" \/>\n\t<meta property=\"og:image:height\" content=\"600\" \/>\n\t<meta property=\"og:image:type\" content=\"image\/jpeg\" \/>\n<meta name=\"twitter:card\" content=\"summary_large_image\" \/>\n<meta name=\"twitter:label1\" content=\"Disponibilit\u00e9\" \/>\n\t<meta name=\"twitter:data1\" content=\"En stock\" \/>\n<script type=\"application\/ld+json\" class=\"yoast-schema-graph\">{\"@context\":\"https:\/\/schema.org\",\"@graph\":[{\"@type\":\"WebPage\",\"@id\":\"https:\/\/mestra.es\/fr\/producto\/taille-platre-classic-disque-en-carborundum-copia\/\",\"url\":\"https:\/\/mestra.es\/fr\/producto\/taille-platre-classic-disque-en-carborundum-copia\/\",\"name\":\"TAILLE-PLATR\u00ca (Classic) - Disque diamant\u00e9 | MESTRA\",\"isPartOf\":{\"@id\":\"https:\/\/mestra.es\/fr\/#website\"},\"primaryImageOfPage\":{\"@id\":\"https:\/\/mestra.es\/fr\/producto\/taille-platre-classic-disque-en-carborundum-copia\/#primaryimage\"},\"image\":{\"@id\":\"https:\/\/mestra.es\/fr\/producto\/taille-platre-classic-disque-en-carborundum-copia\/#primaryimage\"},\"thumbnailUrl\":\"https:\/\/mestra.es\/wp-content\/uploads\/2025\/06\/080081.jpg\",\"datePublished\":\"2025-06-16T14:11:38+00:00\",\"dateModified\":\"2026-01-15T13:52:07+00:00\",\"description\":\"Chez MESTRA nous avons des TAILLE-PLATR\u00ca (Classic) - Disque diamant\u00e9. Consultez notre catalogue de mat\u00e9riel dentaire et passez votre commande d\u00e8s maintenant.\",\"breadcrumb\":{\"@id\":\"https:\/\/mestra.es\/fr\/producto\/taille-platre-classic-disque-en-carborundum-copia\/#breadcrumb\"},\"inLanguage\":\"fr-FR\",\"potentialAction\":[{\"@type\":\"ReadAction\",\"target\":[\"https:\/\/mestra.es\/fr\/producto\/taille-platre-classic-disque-en-carborundum-copia\/\"]}]},{\"@type\":\"ImageObject\",\"inLanguage\":\"fr-FR\",\"@id\":\"https:\/\/mestra.es\/fr\/producto\/taille-platre-classic-disque-en-carborundum-copia\/#primaryimage\",\"url\":\"https:\/\/mestra.es\/wp-content\/uploads\/2025\/06\/080081.jpg\",\"contentUrl\":\"https:\/\/mestra.es\/wp-content\/uploads\/2025\/06\/080081.jpg\",\"width\":600,\"height\":600,\"caption\":\"recortadora classic diamante\"},{\"@type\":\"BreadcrumbList\",\"@id\":\"https:\/\/mestra.es\/fr\/producto\/taille-platre-classic-disque-en-carborundum-copia\/#breadcrumb\",\"itemListElement\":[{\"@type\":\"ListItem\",\"position\":1,\"name\":\"Portada\",\"item\":\"https:\/\/mestra.es\/fr\/\"},{\"@type\":\"ListItem\",\"position\":2,\"name\":\"Boutique\",\"item\":\"https:\/\/mestra.es\/fr\/boutique\/\"},{\"@type\":\"ListItem\",\"position\":3,\"name\":\"TAILLE-PLATR\u00ca (Classic) &#8211; Disque diamant\u00e9\"}]},{\"@type\":\"WebSite\",\"@id\":\"https:\/\/mestra.es\/fr\/#website\",\"url\":\"https:\/\/mestra.es\/fr\/\",\"name\":\"Talleres Mestra\",\"description\":\"\",\"publisher\":{\"@id\":\"https:\/\/mestra.es\/fr\/#organization\"},\"potentialAction\":[{\"@type\":\"SearchAction\",\"target\":{\"@type\":\"EntryPoint\",\"urlTemplate\":\"https:\/\/mestra.es\/fr\/?s={search_term_string}\"},\"query-input\":{\"@type\":\"PropertyValueSpecification\",\"valueRequired\":true,\"valueName\":\"search_term_string\"}}],\"inLanguage\":\"fr-FR\"},{\"@type\":\"Organization\",\"@id\":\"https:\/\/mestra.es\/fr\/#organization\",\"name\":\"Talleres Mestra\",\"url\":\"https:\/\/mestra.es\/fr\/\",\"logo\":{\"@type\":\"ImageObject\",\"inLanguage\":\"fr-FR\",\"@id\":\"https:\/\/mestra.es\/fr\/#\/schema\/logo\/image\/\",\"url\":\"https:\/\/mestra.es\/wp-content\/uploads\/2024\/05\/logo_mestra.png\",\"contentUrl\":\"https:\/\/mestra.es\/wp-content\/uploads\/2024\/05\/logo_mestra.png\",\"width\":300,\"height\":170,\"caption\":\"Talleres Mestra\"},\"image\":{\"@id\":\"https:\/\/mestra.es\/fr\/#\/schema\/logo\/image\/\"}}]}<\/script>\n<meta property=\"og:availability\" content=\"instock\" \/>\n<meta property=\"product:availability\" content=\"instock\" \/>\n<meta property=\"product:retailer_item_id\" content=\"080081-080083\" \/>\n<meta property=\"product:condition\" content=\"new\" \/>\n<!-- \/ Yoast SEO plugin. -->","yoast_head_json":{"title":"TAILLE-PLATR\u00ca (Classic) - Disque diamant\u00e9 | MESTRA","description":"Chez MESTRA nous avons des TAILLE-PLATR\u00ca (Classic) - Disque diamant\u00e9. Consultez notre catalogue de mat\u00e9riel dentaire et passez votre commande d\u00e8s maintenant.","robots":{"index":"index","follow":"follow","max-snippet":"max-snippet:-1","max-image-preview":"max-image-preview:large","max-video-preview":"max-video-preview:-1"},"canonical":"https:\/\/mestra.es\/fr\/producto\/taille-platre-classic-disque-en-carborundum-copia\/","og_locale":"fr_FR","og_type":"article","og_title":"TAILLE-PLATR\u00ca (Classic) - Disque diamant\u00e9 | MESTRA","og_description":"Chez MESTRA nous avons des TAILLE-PLATR\u00ca (Classic) - Disque diamant\u00e9. Consultez notre catalogue de mat\u00e9riel dentaire et passez votre commande d\u00e8s maintenant.","og_url":"https:\/\/mestra.es\/fr\/producto\/taille-platre-classic-disque-en-carborundum-copia\/","og_site_name":"Talleres Mestra","article_modified_time":"2026-01-15T13:52:07+00:00","og_image":[{"width":600,"height":600,"url":"https:\/\/mestra.es\/wp-content\/uploads\/2025\/06\/080081.jpg","type":"image\/jpeg"}],"twitter_card":"summary_large_image","twitter_misc":{"Disponibilit\u00e9":"En stock"},"schema":{"@context":"https:\/\/schema.org","@graph":[{"@type":"WebPage","@id":"https:\/\/mestra.es\/fr\/producto\/taille-platre-classic-disque-en-carborundum-copia\/","url":"https:\/\/mestra.es\/fr\/producto\/taille-platre-classic-disque-en-carborundum-copia\/","name":"TAILLE-PLATR\u00ca (Classic) - Disque diamant\u00e9 | MESTRA","isPartOf":{"@id":"https:\/\/mestra.es\/fr\/#website"},"primaryImageOfPage":{"@id":"https:\/\/mestra.es\/fr\/producto\/taille-platre-classic-disque-en-carborundum-copia\/#primaryimage"},"image":{"@id":"https:\/\/mestra.es\/fr\/producto\/taille-platre-classic-disque-en-carborundum-copia\/#primaryimage"},"thumbnailUrl":"https:\/\/mestra.es\/wp-content\/uploads\/2025\/06\/080081.jpg","datePublished":"2025-06-16T14:11:38+00:00","dateModified":"2026-01-15T13:52:07+00:00","description":"Chez MESTRA nous avons des TAILLE-PLATR\u00ca (Classic) - Disque diamant\u00e9. Consultez notre catalogue de mat\u00e9riel dentaire et passez votre commande d\u00e8s maintenant.","breadcrumb":{"@id":"https:\/\/mestra.es\/fr\/producto\/taille-platre-classic-disque-en-carborundum-copia\/#breadcrumb"},"inLanguage":"fr-FR","potentialAction":[{"@type":"ReadAction","target":["https:\/\/mestra.es\/fr\/producto\/taille-platre-classic-disque-en-carborundum-copia\/"]}]},{"@type":"ImageObject","inLanguage":"fr-FR","@id":"https:\/\/mestra.es\/fr\/producto\/taille-platre-classic-disque-en-carborundum-copia\/#primaryimage","url":"https:\/\/mestra.es\/wp-content\/uploads\/2025\/06\/080081.jpg","contentUrl":"https:\/\/mestra.es\/wp-content\/uploads\/2025\/06\/080081.jpg","width":600,"height":600,"caption":"recortadora classic diamante"},{"@type":"BreadcrumbList","@id":"https:\/\/mestra.es\/fr\/producto\/taille-platre-classic-disque-en-carborundum-copia\/#breadcrumb","itemListElement":[{"@type":"ListItem","position":1,"name":"Portada","item":"https:\/\/mestra.es\/fr\/"},{"@type":"ListItem","position":2,"name":"Boutique","item":"https:\/\/mestra.es\/fr\/boutique\/"},{"@type":"ListItem","position":3,"name":"TAILLE-PLATR\u00ca (Classic) &#8211; Disque diamant\u00e9"}]},{"@type":"WebSite","@id":"https:\/\/mestra.es\/fr\/#website","url":"https:\/\/mestra.es\/fr\/","name":"Talleres Mestra","description":"","publisher":{"@id":"https:\/\/mestra.es\/fr\/#organization"},"potentialAction":[{"@type":"SearchAction","target":{"@type":"EntryPoint","urlTemplate":"https:\/\/mestra.es\/fr\/?s={search_term_string}"},"query-input":{"@type":"PropertyValueSpecification","valueRequired":true,"valueName":"search_term_string"}}],"inLanguage":"fr-FR"},{"@type":"Organization","@id":"https:\/\/mestra.es\/fr\/#organization","name":"Talleres Mestra","url":"https:\/\/mestra.es\/fr\/","logo":{"@type":"ImageObject","inLanguage":"fr-FR","@id":"https:\/\/mestra.es\/fr\/#\/schema\/logo\/image\/","url":"https:\/\/mestra.es\/wp-content\/uploads\/2024\/05\/logo_mestra.png","contentUrl":"https:\/\/mestra.es\/wp-content\/uploads\/2024\/05\/logo_mestra.png","width":300,"height":170,"caption":"Talleres Mestra"},"image":{"@id":"https:\/\/mestra.es\/fr\/#\/schema\/logo\/image\/"}}]},"og_availability":"instock","product_availability":"instock","product_retailer_item_id":"080081-080083","product_condition":"new"},"_links":{"self":[{"href":"https:\/\/mestra.es\/fr\/wp-json\/wp\/v2\/product\/20622","targetHints":{"allow":["GET"]}}],"collection":[{"href":"https:\/\/mestra.es\/fr\/wp-json\/wp\/v2\/product"}],"about":[{"href":"https:\/\/mestra.es\/fr\/wp-json\/wp\/v2\/types\/product"}],"wp:featuredmedia":[{"embeddable":true,"href":"https:\/\/mestra.es\/fr\/wp-json\/wp\/v2\/media\/20587"}],"wp:attachment":[{"href":"https:\/\/mestra.es\/fr\/wp-json\/wp\/v2\/media?parent=20622"}],"wp:term":[{"taxonomy":"product_brand","embeddable":true,"href":"https:\/\/mestra.es\/fr\/wp-json\/wp\/v2\/product_brand?post=20622"},{"taxonomy":"product_cat","embeddable":true,"href":"https:\/\/mestra.es\/fr\/wp-json\/wp\/v2\/product_cat?post=20622"},{"taxonomy":"product_tag","embeddable":true,"href":"https:\/\/mestra.es\/fr\/wp-json\/wp\/v2\/product_tag?post=20622"}],"curies":[{"name":"wp","href":"https:\/\/api.w.org\/{rel}","templated":true}]}}