{"id":20536,"date":"2025-06-16T10:58:14","date_gmt":"2025-06-16T08:58:14","guid":{"rendered":"https:\/\/mestra.es\/?post_type=product&#038;p=20536"},"modified":"2026-01-15T14:32:27","modified_gmt":"2026-01-15T13:32:27","slug":"taille-platre-serantes-toile-emeri-copia","status":"publish","type":"product","link":"https:\/\/mestra.es\/fr\/producto\/taille-platre-serantes-toile-emeri-copia\/","title":{"rendered":"TAILLE PL\u00c2TRE SERANTES &#8211; DIAMANT"},"content":{"rendered":"<h2>Ultra compact. Il est certainement le taille-pl\u00e2tre aux dimensions les plus r\u00e9duites du march\u00e9.<\/h2>\n<p>Il est le petit fr\u00e8re du mod\u00e8le Mulhac\u00e9n (080093), avec lequel il partage de nombreuses caract\u00e9ristiques, \u00e0 l\u2019exception des dimensions. Nous pouvons citer son moteur de 1600 W avec le frein int\u00e9gr\u00e9. La fa\u00e7ade amovible \u00e0 ouverture facile pour acc\u00e9der au disqu, disques \u00e0 fixation de type velcro\u00a9 tr\u00e8s facile \u00e0 changer, syst\u00e8me d\u2019irrigation d\u2019eau pour le nettoyage, fabrication en composite de grande r\u00e9sistance \u00e9vitant toute corrosion, etc.<\/p>\n<p>Id\u00e9al pour les applications dentaires g\u00e9n\u00e9rales et en particulier pour les environnements dans lesquels l\u2019utilisateur n\u2019a pas beaucoup d\u2019espace, mais qui ne veut n\u00e9anmoins pas renoncer aux possibilit\u00e9s qu\u2019offre un taille-pl\u00e2tre professionnel en termes de productivit\u00e9 et de qualit\u00e9 : les dimensions de la table et de la fen\u00eatre de travail ont \u00e9t\u00e9 \u00e9tudi\u00e9es pour effectuer des travaux similaires \u00e0 ceux effectu\u00e9s sur les taille-pl\u00e2tre plus grands.<\/p>\n<p><strong>Le taille-pl\u00e2tre Serantes est propos\u00e9 en trois versions diff\u00e9rentes, toutes avec un syst\u00e8me de fixation de disque auto-agrippant:<\/strong><\/p>\n<ul>\n<li><strong>R\u00e9f. 080097 Taille pl\u00e2tre Serantes &#8211; Toile \u00e9meri<\/strong><br \/>\nAvec un choix de disque abrasif conventionnel \u00e0 grain 80 ou 120. Version \u00e0 usage g\u00e9n\u00e9ral id\u00e9ale pour tout travail de mod\u00e8les.<\/li>\n<li><strong>R\u00e9f. 080098 Taille pl\u00e2tre Serantes &#8211; Diamant<\/strong><br \/>\nAvec disque diamant. Pour les plus exigeants : la vitesse de travail et la productivit\u00e9 sont de mise.<\/li>\n<li><strong>R\u00e9f. 080099 Taille pl\u00e2tre Serantes &#8211; Toile \u00e9meri sec<\/strong><br \/>\nA sec. Con\u00e7u pour des installations d\u00e9pourvues d\u2019une installation d\u2019arriv\u00e9e et d\u2019\u00e9vacuation d\u2019eau ou pour ceux qui pr\u00e9f\u00e8rent travailler les mod\u00e8les \u00e0 sec (syst\u00e8me d\u2019aspiration obligatoire).<\/li>\n<\/ul>\n<p>Serantes est enti\u00e8rement compatible avec la gamme des bacs de d\u00e9cantation MESTRA. Livr\u00e9 avec 2 disques de toile \u00e9meri<\/p>\n<p>Tondeuse mod\u00e8le ultra compacte avec disque jetable.<\/p>\n","protected":false},"excerpt":{"rendered":"<p>TAILLE PL\u00c2TRE SERANTES &#8211; DIAMANT<br \/>\nUltra compact.<\/p>\n<p><strong>ATTENTION!<\/strong><br \/>\n<strong>Les disques diamant\u00e9s sont tr\u00e8s sensibles \u00e0 la chaleur: Ne jamais couper ou meuler des rev\u00eatements ou des pi\u00e8ces m\u00e9talliques.<\/strong><\/p>\n","protected":false},"featured_media":9973,"template":"","meta":{"_acf_changed":false,"_monsterinsights_skip_tracking":false,"_monsterinsights_sitenote_active":false,"_monsterinsights_sitenote_note":"","_monsterinsights_sitenote_category":0},"product_brand":[],"product_cat":[1908],"product_tag":[],"class_list":{"0":"post-20536","1":"product","2":"type-product","3":"status-publish","4":"has-post-thumbnail","6":"product_cat-taille-platre-serantes","8":"first","9":"instock","10":"taxable","11":"shipping-taxable","12":"purchasable","13":"product-type-simple"},"acf":[],"yoast_head":"<!-- This site is optimized with the Yoast SEO plugin v27.2 - https:\/\/yoast.com\/product\/yoast-seo-wordpress\/ -->\n<title>TAILLE PL\u00c2TRE SERANTES - DIAMANT | MESTRA<\/title>\n<meta name=\"description\" content=\"Chez MESTRA nous avons des taille pl\u00e2tre Serantes - Diamant. Consultez notre catalogue de mat\u00e9riel dentaire et passez votre commande d\u00e8s maintenant.\" \/>\n<meta name=\"robots\" content=\"index, follow, max-snippet:-1, max-image-preview:large, max-video-preview:-1\" \/>\n<link rel=\"canonical\" href=\"https:\/\/mestra.es\/fr\/producto\/taille-platre-serantes-toile-emeri-copia\/\" \/>\n<meta property=\"og:locale\" content=\"fr_FR\" \/>\n<meta property=\"og:type\" content=\"article\" \/>\n<meta property=\"og:title\" content=\"TAILLE PL\u00c2TRE SERANTES - DIAMANT | MESTRA\" \/>\n<meta property=\"og:description\" content=\"Chez MESTRA nous avons des taille pl\u00e2tre Serantes - Diamant. Consultez notre catalogue de mat\u00e9riel dentaire et passez votre commande d\u00e8s maintenant.\" \/>\n<meta property=\"og:url\" content=\"https:\/\/mestra.es\/fr\/producto\/taille-platre-serantes-toile-emeri-copia\/\" \/>\n<meta property=\"og:site_name\" content=\"Talleres Mestra\" \/>\n<meta property=\"article:modified_time\" content=\"2026-01-15T13:32:27+00:00\" \/>\n<meta property=\"og:image\" content=\"https:\/\/mestra.es\/wp-content\/uploads\/2024\/03\/080098.jpg\" \/>\n\t<meta property=\"og:image:width\" content=\"600\" \/>\n\t<meta property=\"og:image:height\" content=\"600\" \/>\n\t<meta property=\"og:image:type\" content=\"image\/jpeg\" \/>\n<meta name=\"twitter:card\" content=\"summary_large_image\" \/>\n<meta name=\"twitter:label1\" content=\"Prix\" \/>\n\t<meta name=\"twitter:data1\" content=\"0,00&nbsp;&euro;\" \/>\n\t<meta name=\"twitter:label2\" content=\"Disponibilit\u00e9\" \/>\n\t<meta name=\"twitter:data2\" content=\"En stock\" \/>\n<script type=\"application\/ld+json\" class=\"yoast-schema-graph\">{\"@context\":\"https:\/\/schema.org\",\"@graph\":[{\"@type\":\"WebPage\",\"@id\":\"https:\/\/mestra.es\/fr\/producto\/taille-platre-serantes-toile-emeri-copia\/\",\"url\":\"https:\/\/mestra.es\/fr\/producto\/taille-platre-serantes-toile-emeri-copia\/\",\"name\":\"TAILLE PL\u00c2TRE SERANTES - DIAMANT | MESTRA\",\"isPartOf\":{\"@id\":\"https:\/\/mestra.es\/fr\/#website\"},\"primaryImageOfPage\":{\"@id\":\"https:\/\/mestra.es\/fr\/producto\/taille-platre-serantes-toile-emeri-copia\/#primaryimage\"},\"image\":{\"@id\":\"https:\/\/mestra.es\/fr\/producto\/taille-platre-serantes-toile-emeri-copia\/#primaryimage\"},\"thumbnailUrl\":\"https:\/\/mestra.es\/wp-content\/uploads\/2024\/03\/080098.jpg\",\"datePublished\":\"2025-06-16T08:58:14+00:00\",\"dateModified\":\"2026-01-15T13:32:27+00:00\",\"description\":\"Chez MESTRA nous avons des taille pl\u00e2tre Serantes - Diamant. Consultez notre catalogue de mat\u00e9riel dentaire et passez votre commande d\u00e8s maintenant.\",\"breadcrumb\":{\"@id\":\"https:\/\/mestra.es\/fr\/producto\/taille-platre-serantes-toile-emeri-copia\/#breadcrumb\"},\"inLanguage\":\"fr-FR\",\"potentialAction\":[{\"@type\":\"ReadAction\",\"target\":[\"https:\/\/mestra.es\/fr\/producto\/taille-platre-serantes-toile-emeri-copia\/\"]}]},{\"@type\":\"ImageObject\",\"inLanguage\":\"fr-FR\",\"@id\":\"https:\/\/mestra.es\/fr\/producto\/taille-platre-serantes-toile-emeri-copia\/#primaryimage\",\"url\":\"https:\/\/mestra.es\/wp-content\/uploads\/2024\/03\/080098.jpg\",\"contentUrl\":\"https:\/\/mestra.es\/wp-content\/uploads\/2024\/03\/080098.jpg\",\"width\":600,\"height\":600,\"caption\":\"recortadora serantes disco diamante\"},{\"@type\":\"BreadcrumbList\",\"@id\":\"https:\/\/mestra.es\/fr\/producto\/taille-platre-serantes-toile-emeri-copia\/#breadcrumb\",\"itemListElement\":[{\"@type\":\"ListItem\",\"position\":1,\"name\":\"Portada\",\"item\":\"https:\/\/mestra.es\/fr\/\"},{\"@type\":\"ListItem\",\"position\":2,\"name\":\"Boutique\",\"item\":\"https:\/\/mestra.es\/fr\/boutique\/\"},{\"@type\":\"ListItem\",\"position\":3,\"name\":\"TAILLE PL\u00c2TRE SERANTES &#8211; DIAMANT\"}]},{\"@type\":\"WebSite\",\"@id\":\"https:\/\/mestra.es\/fr\/#website\",\"url\":\"https:\/\/mestra.es\/fr\/\",\"name\":\"Talleres Mestra\",\"description\":\"\",\"publisher\":{\"@id\":\"https:\/\/mestra.es\/fr\/#organization\"},\"potentialAction\":[{\"@type\":\"SearchAction\",\"target\":{\"@type\":\"EntryPoint\",\"urlTemplate\":\"https:\/\/mestra.es\/fr\/?s={search_term_string}\"},\"query-input\":{\"@type\":\"PropertyValueSpecification\",\"valueRequired\":true,\"valueName\":\"search_term_string\"}}],\"inLanguage\":\"fr-FR\"},{\"@type\":\"Organization\",\"@id\":\"https:\/\/mestra.es\/fr\/#organization\",\"name\":\"Talleres Mestra\",\"url\":\"https:\/\/mestra.es\/fr\/\",\"logo\":{\"@type\":\"ImageObject\",\"inLanguage\":\"fr-FR\",\"@id\":\"https:\/\/mestra.es\/fr\/#\/schema\/logo\/image\/\",\"url\":\"https:\/\/mestra.es\/wp-content\/uploads\/2024\/05\/logo_mestra.png\",\"contentUrl\":\"https:\/\/mestra.es\/wp-content\/uploads\/2024\/05\/logo_mestra.png\",\"width\":300,\"height\":170,\"caption\":\"Talleres Mestra\"},\"image\":{\"@id\":\"https:\/\/mestra.es\/fr\/#\/schema\/logo\/image\/\"}}]}<\/script>\n<meta property=\"product:price:amount\" content=\"0.00\" \/>\n<meta property=\"product:price:currency\" content=\"EUR\" \/>\n<meta property=\"og:availability\" content=\"instock\" \/>\n<meta property=\"product:availability\" content=\"instock\" \/>\n<meta property=\"product:retailer_item_id\" content=\"080098\" \/>\n<meta property=\"product:condition\" content=\"new\" \/>\n<!-- \/ Yoast SEO plugin. -->","yoast_head_json":{"title":"TAILLE PL\u00c2TRE SERANTES - DIAMANT | MESTRA","description":"Chez MESTRA nous avons des taille pl\u00e2tre Serantes - Diamant. Consultez notre catalogue de mat\u00e9riel dentaire et passez votre commande d\u00e8s maintenant.","robots":{"index":"index","follow":"follow","max-snippet":"max-snippet:-1","max-image-preview":"max-image-preview:large","max-video-preview":"max-video-preview:-1"},"canonical":"https:\/\/mestra.es\/fr\/producto\/taille-platre-serantes-toile-emeri-copia\/","og_locale":"fr_FR","og_type":"article","og_title":"TAILLE PL\u00c2TRE SERANTES - DIAMANT | MESTRA","og_description":"Chez MESTRA nous avons des taille pl\u00e2tre Serantes - Diamant. Consultez notre catalogue de mat\u00e9riel dentaire et passez votre commande d\u00e8s maintenant.","og_url":"https:\/\/mestra.es\/fr\/producto\/taille-platre-serantes-toile-emeri-copia\/","og_site_name":"Talleres Mestra","article_modified_time":"2026-01-15T13:32:27+00:00","og_image":[{"width":600,"height":600,"url":"https:\/\/mestra.es\/wp-content\/uploads\/2024\/03\/080098.jpg","type":"image\/jpeg"}],"twitter_card":"summary_large_image","twitter_misc":{"Prix":"0,00&nbsp;&euro;","Disponibilit\u00e9":"En stock"},"schema":{"@context":"https:\/\/schema.org","@graph":[{"@type":"WebPage","@id":"https:\/\/mestra.es\/fr\/producto\/taille-platre-serantes-toile-emeri-copia\/","url":"https:\/\/mestra.es\/fr\/producto\/taille-platre-serantes-toile-emeri-copia\/","name":"TAILLE PL\u00c2TRE SERANTES - DIAMANT | MESTRA","isPartOf":{"@id":"https:\/\/mestra.es\/fr\/#website"},"primaryImageOfPage":{"@id":"https:\/\/mestra.es\/fr\/producto\/taille-platre-serantes-toile-emeri-copia\/#primaryimage"},"image":{"@id":"https:\/\/mestra.es\/fr\/producto\/taille-platre-serantes-toile-emeri-copia\/#primaryimage"},"thumbnailUrl":"https:\/\/mestra.es\/wp-content\/uploads\/2024\/03\/080098.jpg","datePublished":"2025-06-16T08:58:14+00:00","dateModified":"2026-01-15T13:32:27+00:00","description":"Chez MESTRA nous avons des taille pl\u00e2tre Serantes - Diamant. Consultez notre catalogue de mat\u00e9riel dentaire et passez votre commande d\u00e8s maintenant.","breadcrumb":{"@id":"https:\/\/mestra.es\/fr\/producto\/taille-platre-serantes-toile-emeri-copia\/#breadcrumb"},"inLanguage":"fr-FR","potentialAction":[{"@type":"ReadAction","target":["https:\/\/mestra.es\/fr\/producto\/taille-platre-serantes-toile-emeri-copia\/"]}]},{"@type":"ImageObject","inLanguage":"fr-FR","@id":"https:\/\/mestra.es\/fr\/producto\/taille-platre-serantes-toile-emeri-copia\/#primaryimage","url":"https:\/\/mestra.es\/wp-content\/uploads\/2024\/03\/080098.jpg","contentUrl":"https:\/\/mestra.es\/wp-content\/uploads\/2024\/03\/080098.jpg","width":600,"height":600,"caption":"recortadora serantes disco diamante"},{"@type":"BreadcrumbList","@id":"https:\/\/mestra.es\/fr\/producto\/taille-platre-serantes-toile-emeri-copia\/#breadcrumb","itemListElement":[{"@type":"ListItem","position":1,"name":"Portada","item":"https:\/\/mestra.es\/fr\/"},{"@type":"ListItem","position":2,"name":"Boutique","item":"https:\/\/mestra.es\/fr\/boutique\/"},{"@type":"ListItem","position":3,"name":"TAILLE PL\u00c2TRE SERANTES &#8211; DIAMANT"}]},{"@type":"WebSite","@id":"https:\/\/mestra.es\/fr\/#website","url":"https:\/\/mestra.es\/fr\/","name":"Talleres Mestra","description":"","publisher":{"@id":"https:\/\/mestra.es\/fr\/#organization"},"potentialAction":[{"@type":"SearchAction","target":{"@type":"EntryPoint","urlTemplate":"https:\/\/mestra.es\/fr\/?s={search_term_string}"},"query-input":{"@type":"PropertyValueSpecification","valueRequired":true,"valueName":"search_term_string"}}],"inLanguage":"fr-FR"},{"@type":"Organization","@id":"https:\/\/mestra.es\/fr\/#organization","name":"Talleres Mestra","url":"https:\/\/mestra.es\/fr\/","logo":{"@type":"ImageObject","inLanguage":"fr-FR","@id":"https:\/\/mestra.es\/fr\/#\/schema\/logo\/image\/","url":"https:\/\/mestra.es\/wp-content\/uploads\/2024\/05\/logo_mestra.png","contentUrl":"https:\/\/mestra.es\/wp-content\/uploads\/2024\/05\/logo_mestra.png","width":300,"height":170,"caption":"Talleres Mestra"},"image":{"@id":"https:\/\/mestra.es\/fr\/#\/schema\/logo\/image\/"}}]},"product_price_amount":"0.00","product_price_currency":"EUR","og_availability":"instock","product_availability":"instock","product_retailer_item_id":"080098","product_condition":"new"},"_links":{"self":[{"href":"https:\/\/mestra.es\/fr\/wp-json\/wp\/v2\/product\/20536","targetHints":{"allow":["GET"]}}],"collection":[{"href":"https:\/\/mestra.es\/fr\/wp-json\/wp\/v2\/product"}],"about":[{"href":"https:\/\/mestra.es\/fr\/wp-json\/wp\/v2\/types\/product"}],"wp:featuredmedia":[{"embeddable":true,"href":"https:\/\/mestra.es\/fr\/wp-json\/wp\/v2\/media\/9973"}],"wp:attachment":[{"href":"https:\/\/mestra.es\/fr\/wp-json\/wp\/v2\/media?parent=20536"}],"wp:term":[{"taxonomy":"product_brand","embeddable":true,"href":"https:\/\/mestra.es\/fr\/wp-json\/wp\/v2\/product_brand?post=20536"},{"taxonomy":"product_cat","embeddable":true,"href":"https:\/\/mestra.es\/fr\/wp-json\/wp\/v2\/product_cat?post=20536"},{"taxonomy":"product_tag","embeddable":true,"href":"https:\/\/mestra.es\/fr\/wp-json\/wp\/v2\/product_tag?post=20536"}],"curies":[{"name":"wp","href":"https:\/\/api.w.org\/{rel}","templated":true}]}}