{"id":20511,"date":"2025-06-13T12:29:14","date_gmt":"2025-06-13T10:29:14","guid":{"rendered":"https:\/\/mestra.es\/?post_type=product&#038;p=20511"},"modified":"2025-06-13T12:55:43","modified_gmt":"2025-06-13T10:55:43","slug":"accessoire-pour-mulhacen-disque-scratch-papier-de-verre-grain-120-fin-5-u-copia","status":"publish","type":"product","link":"https:\/\/mestra.es\/fr\/producto\/accessoire-pour-mulhacen-disque-scratch-papier-de-verre-grain-120-fin-5-u-copia\/","title":{"rendered":"Accessoire pour MULHACEN &#8211; Disque diamant (1 u.)"},"content":{"rendered":"<p>Accesorio para MULHACEN, disque diamant (1 u.)<\/p>\n","protected":false},"excerpt":{"rendered":"<p>Disque diamant (1 u.)<\/p>\n<p><strong>ATTENTION!<\/strong><br \/>\n<strong>Les disques de diamant sont tr\u00e8s sensibles \u00e0 la chaleur\u00a0: Ne pas enregistrer ni corriger aucun rev\u00eatement ni pi\u00e8ce m\u00e9tallique.<\/strong><\/p>\n","protected":false},"featured_media":20514,"template":"","meta":{"_acf_changed":false,"_monsterinsights_skip_tracking":false,"_monsterinsights_sitenote_active":false,"_monsterinsights_sitenote_note":"","_monsterinsights_sitenote_category":0},"product_brand":[],"product_cat":[1905],"product_tag":[],"class_list":{"0":"post-20511","1":"product","2":"type-product","3":"status-publish","4":"has-post-thumbnail","6":"product_cat-taille-platre-mulhacen","8":"first","9":"instock","10":"taxable","11":"shipping-taxable","12":"purchasable","13":"product-type-simple"},"acf":[],"yoast_head":"<!-- This site is optimized with the Yoast SEO plugin v27.2 - https:\/\/yoast.com\/product\/yoast-seo-wordpress\/ -->\n<title>MULHACEN Disque diamant (1 u.) | MESTRA<\/title>\n<meta name=\"description\" content=\"Chez MESTRA nous avons des MULHACEN Disque diamant (1 u.). Consultez notre catalogue de mat\u00e9riel dentaire et passez votre commande d\u00e8s maintenant.\" \/>\n<meta name=\"robots\" content=\"index, follow, max-snippet:-1, max-image-preview:large, max-video-preview:-1\" \/>\n<link rel=\"canonical\" href=\"https:\/\/mestra.es\/fr\/producto\/accessoire-pour-mulhacen-disque-scratch-papier-de-verre-grain-120-fin-5-u-copia\/\" \/>\n<meta property=\"og:locale\" content=\"fr_FR\" \/>\n<meta property=\"og:type\" content=\"article\" \/>\n<meta property=\"og:title\" content=\"MULHACEN Disque diamant (1 u.) | MESTRA\" \/>\n<meta property=\"og:description\" content=\"Chez MESTRA nous avons des MULHACEN Disque diamant (1 u.). Consultez notre catalogue de mat\u00e9riel dentaire et passez votre commande d\u00e8s maintenant.\" \/>\n<meta property=\"og:url\" content=\"https:\/\/mestra.es\/fr\/producto\/accessoire-pour-mulhacen-disque-scratch-papier-de-verre-grain-120-fin-5-u-copia\/\" \/>\n<meta property=\"og:site_name\" content=\"Talleres Mestra\" \/>\n<meta property=\"article:modified_time\" content=\"2025-06-13T10:55:43+00:00\" \/>\n<meta property=\"og:image\" content=\"https:\/\/mestra.es\/wp-content\/uploads\/2025\/06\/080093-55.jpg\" \/>\n\t<meta property=\"og:image:width\" content=\"600\" \/>\n\t<meta property=\"og:image:height\" content=\"600\" \/>\n\t<meta property=\"og:image:type\" content=\"image\/jpeg\" \/>\n<meta name=\"twitter:card\" content=\"summary_large_image\" \/>\n<meta name=\"twitter:label1\" content=\"Prix\" \/>\n\t<meta name=\"twitter:data1\" content=\"0,00&nbsp;&euro;\" \/>\n\t<meta name=\"twitter:label2\" content=\"Disponibilit\u00e9\" \/>\n\t<meta name=\"twitter:data2\" content=\"En stock\" \/>\n<script type=\"application\/ld+json\" class=\"yoast-schema-graph\">{\"@context\":\"https:\/\/schema.org\",\"@graph\":[{\"@type\":\"WebPage\",\"@id\":\"https:\/\/mestra.es\/fr\/producto\/accessoire-pour-mulhacen-disque-scratch-papier-de-verre-grain-120-fin-5-u-copia\/\",\"url\":\"https:\/\/mestra.es\/fr\/producto\/accessoire-pour-mulhacen-disque-scratch-papier-de-verre-grain-120-fin-5-u-copia\/\",\"name\":\"MULHACEN Disque diamant (1 u.) | MESTRA\",\"isPartOf\":{\"@id\":\"https:\/\/mestra.es\/fr\/#website\"},\"primaryImageOfPage\":{\"@id\":\"https:\/\/mestra.es\/fr\/producto\/accessoire-pour-mulhacen-disque-scratch-papier-de-verre-grain-120-fin-5-u-copia\/#primaryimage\"},\"image\":{\"@id\":\"https:\/\/mestra.es\/fr\/producto\/accessoire-pour-mulhacen-disque-scratch-papier-de-verre-grain-120-fin-5-u-copia\/#primaryimage\"},\"thumbnailUrl\":\"https:\/\/mestra.es\/wp-content\/uploads\/2025\/06\/080093-55.jpg\",\"datePublished\":\"2025-06-13T10:29:14+00:00\",\"dateModified\":\"2025-06-13T10:55:43+00:00\",\"description\":\"Chez MESTRA nous avons des MULHACEN Disque diamant (1 u.). Consultez notre catalogue de mat\u00e9riel dentaire et passez votre commande d\u00e8s maintenant.\",\"breadcrumb\":{\"@id\":\"https:\/\/mestra.es\/fr\/producto\/accessoire-pour-mulhacen-disque-scratch-papier-de-verre-grain-120-fin-5-u-copia\/#breadcrumb\"},\"inLanguage\":\"fr-FR\",\"potentialAction\":[{\"@type\":\"ReadAction\",\"target\":[\"https:\/\/mestra.es\/fr\/producto\/accessoire-pour-mulhacen-disque-scratch-papier-de-verre-grain-120-fin-5-u-copia\/\"]}]},{\"@type\":\"ImageObject\",\"inLanguage\":\"fr-FR\",\"@id\":\"https:\/\/mestra.es\/fr\/producto\/accessoire-pour-mulhacen-disque-scratch-papier-de-verre-grain-120-fin-5-u-copia\/#primaryimage\",\"url\":\"https:\/\/mestra.es\/wp-content\/uploads\/2025\/06\/080093-55.jpg\",\"contentUrl\":\"https:\/\/mestra.es\/wp-content\/uploads\/2025\/06\/080093-55.jpg\",\"width\":600,\"height\":600,\"caption\":\"ACCESORIO DISCO DIAMANTE\"},{\"@type\":\"BreadcrumbList\",\"@id\":\"https:\/\/mestra.es\/fr\/producto\/accessoire-pour-mulhacen-disque-scratch-papier-de-verre-grain-120-fin-5-u-copia\/#breadcrumb\",\"itemListElement\":[{\"@type\":\"ListItem\",\"position\":1,\"name\":\"Portada\",\"item\":\"https:\/\/mestra.es\/fr\/\"},{\"@type\":\"ListItem\",\"position\":2,\"name\":\"Boutique\",\"item\":\"https:\/\/mestra.es\/fr\/boutique\/\"},{\"@type\":\"ListItem\",\"position\":3,\"name\":\"Accessoire pour MULHACEN &#8211; Disque diamant (1 u.)\"}]},{\"@type\":\"WebSite\",\"@id\":\"https:\/\/mestra.es\/fr\/#website\",\"url\":\"https:\/\/mestra.es\/fr\/\",\"name\":\"Talleres Mestra\",\"description\":\"\",\"publisher\":{\"@id\":\"https:\/\/mestra.es\/fr\/#organization\"},\"potentialAction\":[{\"@type\":\"SearchAction\",\"target\":{\"@type\":\"EntryPoint\",\"urlTemplate\":\"https:\/\/mestra.es\/fr\/?s={search_term_string}\"},\"query-input\":{\"@type\":\"PropertyValueSpecification\",\"valueRequired\":true,\"valueName\":\"search_term_string\"}}],\"inLanguage\":\"fr-FR\"},{\"@type\":\"Organization\",\"@id\":\"https:\/\/mestra.es\/fr\/#organization\",\"name\":\"Talleres Mestra\",\"url\":\"https:\/\/mestra.es\/fr\/\",\"logo\":{\"@type\":\"ImageObject\",\"inLanguage\":\"fr-FR\",\"@id\":\"https:\/\/mestra.es\/fr\/#\/schema\/logo\/image\/\",\"url\":\"https:\/\/mestra.es\/wp-content\/uploads\/2024\/05\/logo_mestra.png\",\"contentUrl\":\"https:\/\/mestra.es\/wp-content\/uploads\/2024\/05\/logo_mestra.png\",\"width\":300,\"height\":170,\"caption\":\"Talleres Mestra\"},\"image\":{\"@id\":\"https:\/\/mestra.es\/fr\/#\/schema\/logo\/image\/\"}}]}<\/script>\n<meta property=\"product:price:amount\" content=\"0.00\" \/>\n<meta property=\"product:price:currency\" content=\"EUR\" \/>\n<meta property=\"og:availability\" content=\"instock\" \/>\n<meta property=\"product:availability\" content=\"instock\" \/>\n<meta property=\"product:retailer_item_id\" content=\"080093-55\" \/>\n<meta property=\"product:condition\" content=\"new\" \/>\n<!-- \/ Yoast SEO plugin. -->","yoast_head_json":{"title":"MULHACEN Disque diamant (1 u.) | MESTRA","description":"Chez MESTRA nous avons des MULHACEN Disque diamant (1 u.). Consultez notre catalogue de mat\u00e9riel dentaire et passez votre commande d\u00e8s maintenant.","robots":{"index":"index","follow":"follow","max-snippet":"max-snippet:-1","max-image-preview":"max-image-preview:large","max-video-preview":"max-video-preview:-1"},"canonical":"https:\/\/mestra.es\/fr\/producto\/accessoire-pour-mulhacen-disque-scratch-papier-de-verre-grain-120-fin-5-u-copia\/","og_locale":"fr_FR","og_type":"article","og_title":"MULHACEN Disque diamant (1 u.) | MESTRA","og_description":"Chez MESTRA nous avons des MULHACEN Disque diamant (1 u.). Consultez notre catalogue de mat\u00e9riel dentaire et passez votre commande d\u00e8s maintenant.","og_url":"https:\/\/mestra.es\/fr\/producto\/accessoire-pour-mulhacen-disque-scratch-papier-de-verre-grain-120-fin-5-u-copia\/","og_site_name":"Talleres Mestra","article_modified_time":"2025-06-13T10:55:43+00:00","og_image":[{"width":600,"height":600,"url":"https:\/\/mestra.es\/wp-content\/uploads\/2025\/06\/080093-55.jpg","type":"image\/jpeg"}],"twitter_card":"summary_large_image","twitter_misc":{"Prix":"0,00&nbsp;&euro;","Disponibilit\u00e9":"En stock"},"schema":{"@context":"https:\/\/schema.org","@graph":[{"@type":"WebPage","@id":"https:\/\/mestra.es\/fr\/producto\/accessoire-pour-mulhacen-disque-scratch-papier-de-verre-grain-120-fin-5-u-copia\/","url":"https:\/\/mestra.es\/fr\/producto\/accessoire-pour-mulhacen-disque-scratch-papier-de-verre-grain-120-fin-5-u-copia\/","name":"MULHACEN Disque diamant (1 u.) | MESTRA","isPartOf":{"@id":"https:\/\/mestra.es\/fr\/#website"},"primaryImageOfPage":{"@id":"https:\/\/mestra.es\/fr\/producto\/accessoire-pour-mulhacen-disque-scratch-papier-de-verre-grain-120-fin-5-u-copia\/#primaryimage"},"image":{"@id":"https:\/\/mestra.es\/fr\/producto\/accessoire-pour-mulhacen-disque-scratch-papier-de-verre-grain-120-fin-5-u-copia\/#primaryimage"},"thumbnailUrl":"https:\/\/mestra.es\/wp-content\/uploads\/2025\/06\/080093-55.jpg","datePublished":"2025-06-13T10:29:14+00:00","dateModified":"2025-06-13T10:55:43+00:00","description":"Chez MESTRA nous avons des MULHACEN Disque diamant (1 u.). Consultez notre catalogue de mat\u00e9riel dentaire et passez votre commande d\u00e8s maintenant.","breadcrumb":{"@id":"https:\/\/mestra.es\/fr\/producto\/accessoire-pour-mulhacen-disque-scratch-papier-de-verre-grain-120-fin-5-u-copia\/#breadcrumb"},"inLanguage":"fr-FR","potentialAction":[{"@type":"ReadAction","target":["https:\/\/mestra.es\/fr\/producto\/accessoire-pour-mulhacen-disque-scratch-papier-de-verre-grain-120-fin-5-u-copia\/"]}]},{"@type":"ImageObject","inLanguage":"fr-FR","@id":"https:\/\/mestra.es\/fr\/producto\/accessoire-pour-mulhacen-disque-scratch-papier-de-verre-grain-120-fin-5-u-copia\/#primaryimage","url":"https:\/\/mestra.es\/wp-content\/uploads\/2025\/06\/080093-55.jpg","contentUrl":"https:\/\/mestra.es\/wp-content\/uploads\/2025\/06\/080093-55.jpg","width":600,"height":600,"caption":"ACCESORIO DISCO DIAMANTE"},{"@type":"BreadcrumbList","@id":"https:\/\/mestra.es\/fr\/producto\/accessoire-pour-mulhacen-disque-scratch-papier-de-verre-grain-120-fin-5-u-copia\/#breadcrumb","itemListElement":[{"@type":"ListItem","position":1,"name":"Portada","item":"https:\/\/mestra.es\/fr\/"},{"@type":"ListItem","position":2,"name":"Boutique","item":"https:\/\/mestra.es\/fr\/boutique\/"},{"@type":"ListItem","position":3,"name":"Accessoire pour MULHACEN &#8211; Disque diamant (1 u.)"}]},{"@type":"WebSite","@id":"https:\/\/mestra.es\/fr\/#website","url":"https:\/\/mestra.es\/fr\/","name":"Talleres Mestra","description":"","publisher":{"@id":"https:\/\/mestra.es\/fr\/#organization"},"potentialAction":[{"@type":"SearchAction","target":{"@type":"EntryPoint","urlTemplate":"https:\/\/mestra.es\/fr\/?s={search_term_string}"},"query-input":{"@type":"PropertyValueSpecification","valueRequired":true,"valueName":"search_term_string"}}],"inLanguage":"fr-FR"},{"@type":"Organization","@id":"https:\/\/mestra.es\/fr\/#organization","name":"Talleres Mestra","url":"https:\/\/mestra.es\/fr\/","logo":{"@type":"ImageObject","inLanguage":"fr-FR","@id":"https:\/\/mestra.es\/fr\/#\/schema\/logo\/image\/","url":"https:\/\/mestra.es\/wp-content\/uploads\/2024\/05\/logo_mestra.png","contentUrl":"https:\/\/mestra.es\/wp-content\/uploads\/2024\/05\/logo_mestra.png","width":300,"height":170,"caption":"Talleres Mestra"},"image":{"@id":"https:\/\/mestra.es\/fr\/#\/schema\/logo\/image\/"}}]},"product_price_amount":"0.00","product_price_currency":"EUR","og_availability":"instock","product_availability":"instock","product_retailer_item_id":"080093-55","product_condition":"new"},"_links":{"self":[{"href":"https:\/\/mestra.es\/fr\/wp-json\/wp\/v2\/product\/20511","targetHints":{"allow":["GET"]}}],"collection":[{"href":"https:\/\/mestra.es\/fr\/wp-json\/wp\/v2\/product"}],"about":[{"href":"https:\/\/mestra.es\/fr\/wp-json\/wp\/v2\/types\/product"}],"wp:featuredmedia":[{"embeddable":true,"href":"https:\/\/mestra.es\/fr\/wp-json\/wp\/v2\/media\/20514"}],"wp:attachment":[{"href":"https:\/\/mestra.es\/fr\/wp-json\/wp\/v2\/media?parent=20511"}],"wp:term":[{"taxonomy":"product_brand","embeddable":true,"href":"https:\/\/mestra.es\/fr\/wp-json\/wp\/v2\/product_brand?post=20511"},{"taxonomy":"product_cat","embeddable":true,"href":"https:\/\/mestra.es\/fr\/wp-json\/wp\/v2\/product_cat?post=20511"},{"taxonomy":"product_tag","embeddable":true,"href":"https:\/\/mestra.es\/fr\/wp-json\/wp\/v2\/product_tag?post=20511"}],"curies":[{"name":"wp","href":"https:\/\/api.w.org\/{rel}","templated":true}]}}