{"id":19975,"date":"2025-06-10T12:22:39","date_gmt":"2025-06-10T10:22:39","guid":{"rendered":"https:\/\/mestra.es\/producto\/pinza-horno-ceramica-25-cm\/"},"modified":"2025-06-10T12:24:26","modified_gmt":"2025-06-10T10:24:26","slug":"pinza-horno-ceramica-25-cm","status":"publish","type":"product","link":"https:\/\/mestra.es\/fr\/producto\/pinza-horno-ceramica-25-cm\/","title":{"rendered":"PINCE POUR FOUR CERAMIQUE 25 cm"},"content":{"rendered":"","protected":false},"excerpt":{"rendered":"","protected":false},"featured_media":19973,"template":"","meta":{"_acf_changed":false,"_monsterinsights_skip_tracking":false,"_monsterinsights_sitenote_active":false,"_monsterinsights_sitenote_note":"","_monsterinsights_sitenote_category":0},"product_brand":[],"product_cat":[1865],"product_tag":[],"class_list":{"0":"post-19975","1":"product","2":"type-product","3":"status-publish","4":"has-post-thumbnail","6":"product_cat-plateaux-de-four","8":"first","9":"instock","10":"taxable","11":"shipping-taxable","12":"purchasable","13":"product-type-simple"},"acf":[],"yoast_head":"<!-- This site is optimized with the Yoast SEO plugin v27.2 - https:\/\/yoast.com\/product\/yoast-seo-wordpress\/ -->\n<title>PINCE POUR FOUR CERAMIQUE 25 cm | MESTRA<\/title>\n<meta name=\"description\" content=\"Chez MESTRA nous avons des pince pour four ceramique. Consultez notre catalogue de mat\u00e9riel dentaire et passez votre commande d\u00e8s maintenant.En MESTRA disponemos de pinza para horno de cer\u00e1mica de 25 cm. Consulta nuestro cat\u00e1logo de aparatolog\u00eda dental y haz ya tu pedido.\" \/>\n<meta name=\"robots\" content=\"index, follow, max-snippet:-1, max-image-preview:large, max-video-preview:-1\" \/>\n<link rel=\"canonical\" href=\"https:\/\/mestra.es\/fr\/producto\/pinza-horno-ceramica-25-cm\/\" \/>\n<meta property=\"og:locale\" content=\"fr_FR\" \/>\n<meta property=\"og:type\" content=\"article\" \/>\n<meta property=\"og:title\" content=\"PINCE POUR FOUR CERAMIQUE 25 cm | MESTRA\" \/>\n<meta property=\"og:description\" content=\"Chez MESTRA nous avons des pince pour four ceramique. Consultez notre catalogue de mat\u00e9riel dentaire et passez votre commande d\u00e8s maintenant.En MESTRA disponemos de pinza para horno de cer\u00e1mica de 25 cm. Consulta nuestro cat\u00e1logo de aparatolog\u00eda dental y haz ya tu pedido.\" \/>\n<meta property=\"og:url\" content=\"https:\/\/mestra.es\/fr\/producto\/pinza-horno-ceramica-25-cm\/\" \/>\n<meta property=\"og:site_name\" content=\"Talleres Mestra\" \/>\n<meta property=\"article:modified_time\" content=\"2025-06-10T10:24:26+00:00\" \/>\n<meta property=\"og:image\" content=\"https:\/\/mestra.es\/wp-content\/uploads\/2025\/06\/060370.jpg\" \/>\n\t<meta property=\"og:image:width\" content=\"600\" \/>\n\t<meta property=\"og:image:height\" content=\"600\" \/>\n\t<meta property=\"og:image:type\" content=\"image\/jpeg\" \/>\n<meta name=\"twitter:card\" content=\"summary_large_image\" \/>\n<meta name=\"twitter:label1\" content=\"Prix\" \/>\n\t<meta name=\"twitter:data1\" content=\"0,00&nbsp;&euro;\" \/>\n\t<meta name=\"twitter:label2\" content=\"Disponibilit\u00e9\" \/>\n\t<meta name=\"twitter:data2\" content=\"En stock\" \/>\n<script type=\"application\/ld+json\" class=\"yoast-schema-graph\">{\"@context\":\"https:\/\/schema.org\",\"@graph\":[{\"@type\":\"WebPage\",\"@id\":\"https:\/\/mestra.es\/fr\/producto\/pinza-horno-ceramica-25-cm\/\",\"url\":\"https:\/\/mestra.es\/fr\/producto\/pinza-horno-ceramica-25-cm\/\",\"name\":\"PINCE POUR FOUR CERAMIQUE 25 cm | MESTRA\",\"isPartOf\":{\"@id\":\"https:\/\/mestra.es\/fr\/#website\"},\"primaryImageOfPage\":{\"@id\":\"https:\/\/mestra.es\/fr\/producto\/pinza-horno-ceramica-25-cm\/#primaryimage\"},\"image\":{\"@id\":\"https:\/\/mestra.es\/fr\/producto\/pinza-horno-ceramica-25-cm\/#primaryimage\"},\"thumbnailUrl\":\"https:\/\/mestra.es\/wp-content\/uploads\/2025\/06\/060370.jpg\",\"datePublished\":\"2025-06-10T10:22:39+00:00\",\"dateModified\":\"2025-06-10T10:24:26+00:00\",\"description\":\"Chez MESTRA nous avons des pince pour four ceramique. Consultez notre catalogue de mat\u00e9riel dentaire et passez votre commande d\u00e8s maintenant.En MESTRA disponemos de pinza para horno de cer\u00e1mica de 25 cm. Consulta nuestro cat\u00e1logo de aparatolog\u00eda dental y haz ya tu pedido.\",\"breadcrumb\":{\"@id\":\"https:\/\/mestra.es\/fr\/producto\/pinza-horno-ceramica-25-cm\/#breadcrumb\"},\"inLanguage\":\"fr-FR\",\"potentialAction\":[{\"@type\":\"ReadAction\",\"target\":[\"https:\/\/mestra.es\/fr\/producto\/pinza-horno-ceramica-25-cm\/\"]}]},{\"@type\":\"ImageObject\",\"inLanguage\":\"fr-FR\",\"@id\":\"https:\/\/mestra.es\/fr\/producto\/pinza-horno-ceramica-25-cm\/#primaryimage\",\"url\":\"https:\/\/mestra.es\/wp-content\/uploads\/2025\/06\/060370.jpg\",\"contentUrl\":\"https:\/\/mestra.es\/wp-content\/uploads\/2025\/06\/060370.jpg\",\"width\":600,\"height\":600,\"caption\":\"PINZA HORNO CERAMICA 25 cm\"},{\"@type\":\"BreadcrumbList\",\"@id\":\"https:\/\/mestra.es\/fr\/producto\/pinza-horno-ceramica-25-cm\/#breadcrumb\",\"itemListElement\":[{\"@type\":\"ListItem\",\"position\":1,\"name\":\"Portada\",\"item\":\"https:\/\/mestra.es\/fr\/\"},{\"@type\":\"ListItem\",\"position\":2,\"name\":\"Boutique\",\"item\":\"https:\/\/mestra.es\/fr\/boutique\/\"},{\"@type\":\"ListItem\",\"position\":3,\"name\":\"PINCE POUR FOUR CERAMIQUE 25 cm\"}]},{\"@type\":\"WebSite\",\"@id\":\"https:\/\/mestra.es\/fr\/#website\",\"url\":\"https:\/\/mestra.es\/fr\/\",\"name\":\"Talleres Mestra\",\"description\":\"\",\"publisher\":{\"@id\":\"https:\/\/mestra.es\/fr\/#organization\"},\"potentialAction\":[{\"@type\":\"SearchAction\",\"target\":{\"@type\":\"EntryPoint\",\"urlTemplate\":\"https:\/\/mestra.es\/fr\/?s={search_term_string}\"},\"query-input\":{\"@type\":\"PropertyValueSpecification\",\"valueRequired\":true,\"valueName\":\"search_term_string\"}}],\"inLanguage\":\"fr-FR\"},{\"@type\":\"Organization\",\"@id\":\"https:\/\/mestra.es\/fr\/#organization\",\"name\":\"Talleres Mestra\",\"url\":\"https:\/\/mestra.es\/fr\/\",\"logo\":{\"@type\":\"ImageObject\",\"inLanguage\":\"fr-FR\",\"@id\":\"https:\/\/mestra.es\/fr\/#\/schema\/logo\/image\/\",\"url\":\"https:\/\/mestra.es\/wp-content\/uploads\/2024\/05\/logo_mestra.png\",\"contentUrl\":\"https:\/\/mestra.es\/wp-content\/uploads\/2024\/05\/logo_mestra.png\",\"width\":300,\"height\":170,\"caption\":\"Talleres Mestra\"},\"image\":{\"@id\":\"https:\/\/mestra.es\/fr\/#\/schema\/logo\/image\/\"}}]}<\/script>\n<meta property=\"product:price:amount\" content=\"0.00\" \/>\n<meta property=\"product:price:currency\" content=\"EUR\" \/>\n<meta property=\"og:availability\" content=\"instock\" \/>\n<meta property=\"product:availability\" content=\"instock\" \/>\n<meta property=\"product:retailer_item_id\" content=\"060370\" \/>\n<meta property=\"product:condition\" content=\"new\" \/>\n<!-- \/ Yoast SEO plugin. -->","yoast_head_json":{"title":"PINCE POUR FOUR CERAMIQUE 25 cm | MESTRA","description":"Chez MESTRA nous avons des pince pour four ceramique. Consultez notre catalogue de mat\u00e9riel dentaire et passez votre commande d\u00e8s maintenant.En MESTRA disponemos de pinza para horno de cer\u00e1mica de 25 cm. Consulta nuestro cat\u00e1logo de aparatolog\u00eda dental y haz ya tu pedido.","robots":{"index":"index","follow":"follow","max-snippet":"max-snippet:-1","max-image-preview":"max-image-preview:large","max-video-preview":"max-video-preview:-1"},"canonical":"https:\/\/mestra.es\/fr\/producto\/pinza-horno-ceramica-25-cm\/","og_locale":"fr_FR","og_type":"article","og_title":"PINCE POUR FOUR CERAMIQUE 25 cm | MESTRA","og_description":"Chez MESTRA nous avons des pince pour four ceramique. Consultez notre catalogue de mat\u00e9riel dentaire et passez votre commande d\u00e8s maintenant.En MESTRA disponemos de pinza para horno de cer\u00e1mica de 25 cm. Consulta nuestro cat\u00e1logo de aparatolog\u00eda dental y haz ya tu pedido.","og_url":"https:\/\/mestra.es\/fr\/producto\/pinza-horno-ceramica-25-cm\/","og_site_name":"Talleres Mestra","article_modified_time":"2025-06-10T10:24:26+00:00","og_image":[{"width":600,"height":600,"url":"https:\/\/mestra.es\/wp-content\/uploads\/2025\/06\/060370.jpg","type":"image\/jpeg"}],"twitter_card":"summary_large_image","twitter_misc":{"Prix":"0,00&nbsp;&euro;","Disponibilit\u00e9":"En stock"},"schema":{"@context":"https:\/\/schema.org","@graph":[{"@type":"WebPage","@id":"https:\/\/mestra.es\/fr\/producto\/pinza-horno-ceramica-25-cm\/","url":"https:\/\/mestra.es\/fr\/producto\/pinza-horno-ceramica-25-cm\/","name":"PINCE POUR FOUR CERAMIQUE 25 cm | MESTRA","isPartOf":{"@id":"https:\/\/mestra.es\/fr\/#website"},"primaryImageOfPage":{"@id":"https:\/\/mestra.es\/fr\/producto\/pinza-horno-ceramica-25-cm\/#primaryimage"},"image":{"@id":"https:\/\/mestra.es\/fr\/producto\/pinza-horno-ceramica-25-cm\/#primaryimage"},"thumbnailUrl":"https:\/\/mestra.es\/wp-content\/uploads\/2025\/06\/060370.jpg","datePublished":"2025-06-10T10:22:39+00:00","dateModified":"2025-06-10T10:24:26+00:00","description":"Chez MESTRA nous avons des pince pour four ceramique. Consultez notre catalogue de mat\u00e9riel dentaire et passez votre commande d\u00e8s maintenant.En MESTRA disponemos de pinza para horno de cer\u00e1mica de 25 cm. Consulta nuestro cat\u00e1logo de aparatolog\u00eda dental y haz ya tu pedido.","breadcrumb":{"@id":"https:\/\/mestra.es\/fr\/producto\/pinza-horno-ceramica-25-cm\/#breadcrumb"},"inLanguage":"fr-FR","potentialAction":[{"@type":"ReadAction","target":["https:\/\/mestra.es\/fr\/producto\/pinza-horno-ceramica-25-cm\/"]}]},{"@type":"ImageObject","inLanguage":"fr-FR","@id":"https:\/\/mestra.es\/fr\/producto\/pinza-horno-ceramica-25-cm\/#primaryimage","url":"https:\/\/mestra.es\/wp-content\/uploads\/2025\/06\/060370.jpg","contentUrl":"https:\/\/mestra.es\/wp-content\/uploads\/2025\/06\/060370.jpg","width":600,"height":600,"caption":"PINZA HORNO CERAMICA 25 cm"},{"@type":"BreadcrumbList","@id":"https:\/\/mestra.es\/fr\/producto\/pinza-horno-ceramica-25-cm\/#breadcrumb","itemListElement":[{"@type":"ListItem","position":1,"name":"Portada","item":"https:\/\/mestra.es\/fr\/"},{"@type":"ListItem","position":2,"name":"Boutique","item":"https:\/\/mestra.es\/fr\/boutique\/"},{"@type":"ListItem","position":3,"name":"PINCE POUR FOUR CERAMIQUE 25 cm"}]},{"@type":"WebSite","@id":"https:\/\/mestra.es\/fr\/#website","url":"https:\/\/mestra.es\/fr\/","name":"Talleres Mestra","description":"","publisher":{"@id":"https:\/\/mestra.es\/fr\/#organization"},"potentialAction":[{"@type":"SearchAction","target":{"@type":"EntryPoint","urlTemplate":"https:\/\/mestra.es\/fr\/?s={search_term_string}"},"query-input":{"@type":"PropertyValueSpecification","valueRequired":true,"valueName":"search_term_string"}}],"inLanguage":"fr-FR"},{"@type":"Organization","@id":"https:\/\/mestra.es\/fr\/#organization","name":"Talleres Mestra","url":"https:\/\/mestra.es\/fr\/","logo":{"@type":"ImageObject","inLanguage":"fr-FR","@id":"https:\/\/mestra.es\/fr\/#\/schema\/logo\/image\/","url":"https:\/\/mestra.es\/wp-content\/uploads\/2024\/05\/logo_mestra.png","contentUrl":"https:\/\/mestra.es\/wp-content\/uploads\/2024\/05\/logo_mestra.png","width":300,"height":170,"caption":"Talleres Mestra"},"image":{"@id":"https:\/\/mestra.es\/fr\/#\/schema\/logo\/image\/"}}]},"product_price_amount":"0.00","product_price_currency":"EUR","og_availability":"instock","product_availability":"instock","product_retailer_item_id":"060370","product_condition":"new"},"_links":{"self":[{"href":"https:\/\/mestra.es\/fr\/wp-json\/wp\/v2\/product\/19975","targetHints":{"allow":["GET"]}}],"collection":[{"href":"https:\/\/mestra.es\/fr\/wp-json\/wp\/v2\/product"}],"about":[{"href":"https:\/\/mestra.es\/fr\/wp-json\/wp\/v2\/types\/product"}],"wp:featuredmedia":[{"embeddable":true,"href":"https:\/\/mestra.es\/fr\/wp-json\/wp\/v2\/media\/19973"}],"wp:attachment":[{"href":"https:\/\/mestra.es\/fr\/wp-json\/wp\/v2\/media?parent=19975"}],"wp:term":[{"taxonomy":"product_brand","embeddable":true,"href":"https:\/\/mestra.es\/fr\/wp-json\/wp\/v2\/product_brand?post=19975"},{"taxonomy":"product_cat","embeddable":true,"href":"https:\/\/mestra.es\/fr\/wp-json\/wp\/v2\/product_cat?post=19975"},{"taxonomy":"product_tag","embeddable":true,"href":"https:\/\/mestra.es\/fr\/wp-json\/wp\/v2\/product_tag?post=19975"}],"curies":[{"name":"wp","href":"https:\/\/api.w.org\/{rel}","templated":true}]}}