{"id":19648,"date":"2025-05-26T10:30:01","date_gmt":"2025-05-26T08:30:01","guid":{"rendered":"https:\/\/mestra.es\/producto\/cajas-con-esponja\/"},"modified":"2025-07-01T10:51:44","modified_gmt":"2025-07-01T08:51:44","slug":"cajas-con-esponja","status":"publish","type":"product","link":"https:\/\/mestra.es\/fr\/producto\/cajas-con-esponja\/","title":{"rendered":"Bo\u00eetes en d&rsquo;\u00e9ponge"},"content":{"rendered":"<p>Bo\u00eetes en d&rsquo;\u00e9ponge.<br \/>\nSans fermeture de s\u00e9curit\u00e9.<br \/>\nFabriqu\u00e9es en plastique.<\/p>\n","protected":false},"excerpt":{"rendered":"<p>Bo\u00eetes en d&rsquo;\u00e9ponge.<\/p>\n","protected":false},"featured_media":19642,"template":"","meta":{"_acf_changed":false,"_monsterinsights_skip_tracking":false,"_monsterinsights_sitenote_active":false,"_monsterinsights_sitenote_note":"","_monsterinsights_sitenote_category":0},"product_brand":[],"product_cat":[1942,1856],"product_tag":[],"class_list":{"0":"post-19648","1":"product","2":"type-product","3":"status-publish","4":"has-post-thumbnail","6":"product_cat-boites-de-transport-fr","7":"product_cat-boites-de-transport","9":"first","10":"instock","11":"taxable","12":"shipping-taxable","13":"purchasable","14":"product-type-variable"},"acf":[],"yoast_head":"<!-- This site is optimized with the Yoast SEO plugin v27.2 - https:\/\/yoast.com\/product\/yoast-seo-wordpress\/ -->\n<title>Bo\u00eetes en d&#039;\u00e9ponge | MESTRA<\/title>\n<meta name=\"description\" content=\"Chez MESTRA nous avons des bo\u00eetes en d&#039;\u00e9ponge. Consultez notre catalogue de mat\u00e9riel dentaire et passez votre commande d\u00e8s maintenant.En MESTRA disponemos de cajas con esponja de varios tama\u00f1os. Consulta nuestro cat\u00e1logo de aparatolog\u00eda dental y haz ya tu pedido.\" \/>\n<meta name=\"robots\" content=\"index, follow, max-snippet:-1, max-image-preview:large, max-video-preview:-1\" \/>\n<link rel=\"canonical\" href=\"https:\/\/mestra.es\/fr\/producto\/cajas-con-esponja\/\" \/>\n<meta property=\"og:locale\" content=\"fr_FR\" \/>\n<meta property=\"og:type\" content=\"article\" \/>\n<meta property=\"og:title\" content=\"Bo\u00eetes en d&#039;\u00e9ponge | MESTRA\" \/>\n<meta property=\"og:description\" content=\"Chez MESTRA nous avons des bo\u00eetes en d&#039;\u00e9ponge. Consultez notre catalogue de mat\u00e9riel dentaire et passez votre commande d\u00e8s maintenant.En MESTRA disponemos de cajas con esponja de varios tama\u00f1os. Consulta nuestro cat\u00e1logo de aparatolog\u00eda dental y haz ya tu pedido.\" \/>\n<meta property=\"og:url\" content=\"https:\/\/mestra.es\/fr\/producto\/cajas-con-esponja\/\" \/>\n<meta property=\"og:site_name\" content=\"Talleres Mestra\" \/>\n<meta property=\"article:modified_time\" content=\"2025-07-01T08:51:44+00:00\" \/>\n<meta property=\"og:image\" content=\"https:\/\/mestra.es\/wp-content\/uploads\/2025\/05\/100255-56.jpg\" \/>\n\t<meta property=\"og:image:width\" content=\"600\" \/>\n\t<meta property=\"og:image:height\" content=\"600\" \/>\n\t<meta property=\"og:image:type\" content=\"image\/jpeg\" \/>\n<meta name=\"twitter:card\" content=\"summary_large_image\" \/>\n<meta name=\"twitter:label1\" content=\"Disponibilit\u00e9\" \/>\n\t<meta name=\"twitter:data1\" content=\"En stock\" \/>\n<script type=\"application\/ld+json\" class=\"yoast-schema-graph\">{\"@context\":\"https:\/\/schema.org\",\"@graph\":[{\"@type\":\"WebPage\",\"@id\":\"https:\/\/mestra.es\/fr\/producto\/cajas-con-esponja\/\",\"url\":\"https:\/\/mestra.es\/fr\/producto\/cajas-con-esponja\/\",\"name\":\"Bo\u00eetes en d'\u00e9ponge | MESTRA\",\"isPartOf\":{\"@id\":\"https:\/\/mestra.es\/fr\/#website\"},\"primaryImageOfPage\":{\"@id\":\"https:\/\/mestra.es\/fr\/producto\/cajas-con-esponja\/#primaryimage\"},\"image\":{\"@id\":\"https:\/\/mestra.es\/fr\/producto\/cajas-con-esponja\/#primaryimage\"},\"thumbnailUrl\":\"https:\/\/mestra.es\/wp-content\/uploads\/2025\/05\/100255-56.jpg\",\"datePublished\":\"2025-05-26T08:30:01+00:00\",\"dateModified\":\"2025-07-01T08:51:44+00:00\",\"description\":\"Chez MESTRA nous avons des bo\u00eetes en d'\u00e9ponge. Consultez notre catalogue de mat\u00e9riel dentaire et passez votre commande d\u00e8s maintenant.En MESTRA disponemos de cajas con esponja de varios tama\u00f1os. Consulta nuestro cat\u00e1logo de aparatolog\u00eda dental y haz ya tu pedido.\",\"breadcrumb\":{\"@id\":\"https:\/\/mestra.es\/fr\/producto\/cajas-con-esponja\/#breadcrumb\"},\"inLanguage\":\"fr-FR\",\"potentialAction\":[{\"@type\":\"ReadAction\",\"target\":[\"https:\/\/mestra.es\/fr\/producto\/cajas-con-esponja\/\"]}]},{\"@type\":\"ImageObject\",\"inLanguage\":\"fr-FR\",\"@id\":\"https:\/\/mestra.es\/fr\/producto\/cajas-con-esponja\/#primaryimage\",\"url\":\"https:\/\/mestra.es\/wp-content\/uploads\/2025\/05\/100255-56.jpg\",\"contentUrl\":\"https:\/\/mestra.es\/wp-content\/uploads\/2025\/05\/100255-56.jpg\",\"width\":600,\"height\":600},{\"@type\":\"BreadcrumbList\",\"@id\":\"https:\/\/mestra.es\/fr\/producto\/cajas-con-esponja\/#breadcrumb\",\"itemListElement\":[{\"@type\":\"ListItem\",\"position\":1,\"name\":\"Portada\",\"item\":\"https:\/\/mestra.es\/fr\/\"},{\"@type\":\"ListItem\",\"position\":2,\"name\":\"Boutique\",\"item\":\"https:\/\/mestra.es\/fr\/boutique\/\"},{\"@type\":\"ListItem\",\"position\":3,\"name\":\"Bo\u00eetes en d&#8217;\u00e9ponge\"}]},{\"@type\":\"WebSite\",\"@id\":\"https:\/\/mestra.es\/fr\/#website\",\"url\":\"https:\/\/mestra.es\/fr\/\",\"name\":\"Talleres Mestra\",\"description\":\"\",\"publisher\":{\"@id\":\"https:\/\/mestra.es\/fr\/#organization\"},\"potentialAction\":[{\"@type\":\"SearchAction\",\"target\":{\"@type\":\"EntryPoint\",\"urlTemplate\":\"https:\/\/mestra.es\/fr\/?s={search_term_string}\"},\"query-input\":{\"@type\":\"PropertyValueSpecification\",\"valueRequired\":true,\"valueName\":\"search_term_string\"}}],\"inLanguage\":\"fr-FR\"},{\"@type\":\"Organization\",\"@id\":\"https:\/\/mestra.es\/fr\/#organization\",\"name\":\"Talleres Mestra\",\"url\":\"https:\/\/mestra.es\/fr\/\",\"logo\":{\"@type\":\"ImageObject\",\"inLanguage\":\"fr-FR\",\"@id\":\"https:\/\/mestra.es\/fr\/#\/schema\/logo\/image\/\",\"url\":\"https:\/\/mestra.es\/wp-content\/uploads\/2024\/05\/logo_mestra.png\",\"contentUrl\":\"https:\/\/mestra.es\/wp-content\/uploads\/2024\/05\/logo_mestra.png\",\"width\":300,\"height\":170,\"caption\":\"Talleres Mestra\"},\"image\":{\"@id\":\"https:\/\/mestra.es\/fr\/#\/schema\/logo\/image\/\"}}]}<\/script>\n<meta property=\"og:availability\" content=\"instock\" \/>\n<meta property=\"product:availability\" content=\"instock\" \/>\n<meta property=\"product:retailer_item_id\" content=\"100255, 100256\" \/>\n<meta property=\"product:condition\" content=\"new\" \/>\n<!-- \/ Yoast SEO plugin. -->","yoast_head_json":{"title":"Bo\u00eetes en d'\u00e9ponge | MESTRA","description":"Chez MESTRA nous avons des bo\u00eetes en d'\u00e9ponge. Consultez notre catalogue de mat\u00e9riel dentaire et passez votre commande d\u00e8s maintenant.En MESTRA disponemos de cajas con esponja de varios tama\u00f1os. Consulta nuestro cat\u00e1logo de aparatolog\u00eda dental y haz ya tu pedido.","robots":{"index":"index","follow":"follow","max-snippet":"max-snippet:-1","max-image-preview":"max-image-preview:large","max-video-preview":"max-video-preview:-1"},"canonical":"https:\/\/mestra.es\/fr\/producto\/cajas-con-esponja\/","og_locale":"fr_FR","og_type":"article","og_title":"Bo\u00eetes en d'\u00e9ponge | MESTRA","og_description":"Chez MESTRA nous avons des bo\u00eetes en d'\u00e9ponge. Consultez notre catalogue de mat\u00e9riel dentaire et passez votre commande d\u00e8s maintenant.En MESTRA disponemos de cajas con esponja de varios tama\u00f1os. Consulta nuestro cat\u00e1logo de aparatolog\u00eda dental y haz ya tu pedido.","og_url":"https:\/\/mestra.es\/fr\/producto\/cajas-con-esponja\/","og_site_name":"Talleres Mestra","article_modified_time":"2025-07-01T08:51:44+00:00","og_image":[{"width":600,"height":600,"url":"https:\/\/mestra.es\/wp-content\/uploads\/2025\/05\/100255-56.jpg","type":"image\/jpeg"}],"twitter_card":"summary_large_image","twitter_misc":{"Disponibilit\u00e9":"En stock"},"schema":{"@context":"https:\/\/schema.org","@graph":[{"@type":"WebPage","@id":"https:\/\/mestra.es\/fr\/producto\/cajas-con-esponja\/","url":"https:\/\/mestra.es\/fr\/producto\/cajas-con-esponja\/","name":"Bo\u00eetes en d'\u00e9ponge | MESTRA","isPartOf":{"@id":"https:\/\/mestra.es\/fr\/#website"},"primaryImageOfPage":{"@id":"https:\/\/mestra.es\/fr\/producto\/cajas-con-esponja\/#primaryimage"},"image":{"@id":"https:\/\/mestra.es\/fr\/producto\/cajas-con-esponja\/#primaryimage"},"thumbnailUrl":"https:\/\/mestra.es\/wp-content\/uploads\/2025\/05\/100255-56.jpg","datePublished":"2025-05-26T08:30:01+00:00","dateModified":"2025-07-01T08:51:44+00:00","description":"Chez MESTRA nous avons des bo\u00eetes en d'\u00e9ponge. Consultez notre catalogue de mat\u00e9riel dentaire et passez votre commande d\u00e8s maintenant.En MESTRA disponemos de cajas con esponja de varios tama\u00f1os. Consulta nuestro cat\u00e1logo de aparatolog\u00eda dental y haz ya tu pedido.","breadcrumb":{"@id":"https:\/\/mestra.es\/fr\/producto\/cajas-con-esponja\/#breadcrumb"},"inLanguage":"fr-FR","potentialAction":[{"@type":"ReadAction","target":["https:\/\/mestra.es\/fr\/producto\/cajas-con-esponja\/"]}]},{"@type":"ImageObject","inLanguage":"fr-FR","@id":"https:\/\/mestra.es\/fr\/producto\/cajas-con-esponja\/#primaryimage","url":"https:\/\/mestra.es\/wp-content\/uploads\/2025\/05\/100255-56.jpg","contentUrl":"https:\/\/mestra.es\/wp-content\/uploads\/2025\/05\/100255-56.jpg","width":600,"height":600},{"@type":"BreadcrumbList","@id":"https:\/\/mestra.es\/fr\/producto\/cajas-con-esponja\/#breadcrumb","itemListElement":[{"@type":"ListItem","position":1,"name":"Portada","item":"https:\/\/mestra.es\/fr\/"},{"@type":"ListItem","position":2,"name":"Boutique","item":"https:\/\/mestra.es\/fr\/boutique\/"},{"@type":"ListItem","position":3,"name":"Bo\u00eetes en d&#8217;\u00e9ponge"}]},{"@type":"WebSite","@id":"https:\/\/mestra.es\/fr\/#website","url":"https:\/\/mestra.es\/fr\/","name":"Talleres Mestra","description":"","publisher":{"@id":"https:\/\/mestra.es\/fr\/#organization"},"potentialAction":[{"@type":"SearchAction","target":{"@type":"EntryPoint","urlTemplate":"https:\/\/mestra.es\/fr\/?s={search_term_string}"},"query-input":{"@type":"PropertyValueSpecification","valueRequired":true,"valueName":"search_term_string"}}],"inLanguage":"fr-FR"},{"@type":"Organization","@id":"https:\/\/mestra.es\/fr\/#organization","name":"Talleres Mestra","url":"https:\/\/mestra.es\/fr\/","logo":{"@type":"ImageObject","inLanguage":"fr-FR","@id":"https:\/\/mestra.es\/fr\/#\/schema\/logo\/image\/","url":"https:\/\/mestra.es\/wp-content\/uploads\/2024\/05\/logo_mestra.png","contentUrl":"https:\/\/mestra.es\/wp-content\/uploads\/2024\/05\/logo_mestra.png","width":300,"height":170,"caption":"Talleres Mestra"},"image":{"@id":"https:\/\/mestra.es\/fr\/#\/schema\/logo\/image\/"}}]},"og_availability":"instock","product_availability":"instock","product_retailer_item_id":"100255, 100256","product_condition":"new"},"_links":{"self":[{"href":"https:\/\/mestra.es\/fr\/wp-json\/wp\/v2\/product\/19648","targetHints":{"allow":["GET"]}}],"collection":[{"href":"https:\/\/mestra.es\/fr\/wp-json\/wp\/v2\/product"}],"about":[{"href":"https:\/\/mestra.es\/fr\/wp-json\/wp\/v2\/types\/product"}],"wp:featuredmedia":[{"embeddable":true,"href":"https:\/\/mestra.es\/fr\/wp-json\/wp\/v2\/media\/19642"}],"wp:attachment":[{"href":"https:\/\/mestra.es\/fr\/wp-json\/wp\/v2\/media?parent=19648"}],"wp:term":[{"taxonomy":"product_brand","embeddable":true,"href":"https:\/\/mestra.es\/fr\/wp-json\/wp\/v2\/product_brand?post=19648"},{"taxonomy":"product_cat","embeddable":true,"href":"https:\/\/mestra.es\/fr\/wp-json\/wp\/v2\/product_cat?post=19648"},{"taxonomy":"product_tag","embeddable":true,"href":"https:\/\/mestra.es\/fr\/wp-json\/wp\/v2\/product_tag?post=19648"}],"curies":[{"name":"wp","href":"https:\/\/api.w.org\/{rel}","templated":true}]}}