{"id":19605,"date":"2025-05-26T09:27:23","date_gmt":"2025-05-26T07:27:23","guid":{"rendered":"https:\/\/mestra.es\/producto\/cajas-para-transporte-de-modelos\/"},"modified":"2025-05-26T09:32:44","modified_gmt":"2025-05-26T07:32:44","slug":"cajas-para-transporte-de-modelos","status":"publish","type":"product","link":"https:\/\/mestra.es\/fr\/producto\/cajas-para-transporte-de-modelos\/","title":{"rendered":"Bo\u00eetes pour transporter les mod\u00e8les"},"content":{"rendered":"<p>Bo\u00eetes pour transporter les mod\u00e8les. 100 u.<br \/>\nBo\u00eete pr\u00e9form\u00e9e id\u00e9ale pour le transport des mod\u00e8les et de petits objets (appareils d\u2019orthodontie, proth\u00e8ses, etc.) entre le laboratoire et le cabinet. Les principaux avantages du syst\u00e8me sont:<\/p>\n<ul>\n<li>La bo\u00eete contient tout: on n\u2019a pas besoin d\u2019ajouter du papier bulles, du ruban adh\u00e9sif ni aucun autre \u00e9l\u00e9ment auxiliaire d\u2019emballage.<\/li>\n<li>En peu de temps la bo\u00eete est pr\u00eate. Le montage est tr\u00e8s simple.<\/li>\n<li>La bo\u00eete est homologu\u00e9e pour le transport par la poste ou par agence de transports.<\/li>\n<li>La marchandise voyage suspendue moyennant un ing\u00e9nieux syst\u00e8me qui la prot\u00e8ge des coups, des vibrations et des mauvais traitements.<\/li>\n<li>L\u2019\u00e9lasticit\u00e9 du film d\u2019emballage permet de s\u2019adapter \u00e0 n\u2019importe quelle forme d\u2019objet \u00e0 transporter.<\/li>\n<li>L\u2019ouverture est imm\u00e9diate sans besoin de ciseaux d\u2019autres outils.<\/li>\n<li>Lorsque la bo\u00eete est d\u00e9pli\u00e9e, elle occupe tr\u00e8s peu d\u2019espace et peut se stocker n\u2019importe o\u00f9. (Elle occupe 10 fois moins de place qu\u2019une bo\u00eete d\u00e9j\u00e0 form\u00e9e).<\/li>\n<li>Ce syst\u00e8me permet diverses r\u00e9utilisations, ce qui en fait un emballage \u00e9cologique. Il est compos\u00e9 de plus de 30% de papier recycl\u00e9, et rentre dans les exigences Allemande RESY environnementales requises par la norme.<\/li>\n<li>Bo\u00eete pour le transport des proth\u00e8ses (par 100).<\/li>\n<\/ul>\n","protected":false},"excerpt":{"rendered":"<p>Bo\u00eetes pour transporter les mod\u00e8les. 100 u.<\/p>\n","protected":false},"featured_media":19603,"template":"","meta":{"_acf_changed":false,"_monsterinsights_skip_tracking":false,"_monsterinsights_sitenote_active":false,"_monsterinsights_sitenote_note":"","_monsterinsights_sitenote_category":0},"product_brand":[],"product_cat":[1856],"product_tag":[],"class_list":{"0":"post-19605","1":"product","2":"type-product","3":"status-publish","4":"has-post-thumbnail","6":"product_cat-boites-de-transport","8":"first","9":"instock","10":"taxable","11":"shipping-taxable","12":"purchasable","13":"product-type-simple"},"acf":[],"yoast_head":"<!-- This site is optimized with the Yoast SEO plugin v27.2 - https:\/\/yoast.com\/product\/yoast-seo-wordpress\/ -->\n<title>Bo\u00eetes pour transporter les mod\u00e8les | MESTRA<\/title>\n<meta name=\"description\" content=\"Chez MESTRA nous avons des injecteurs de polyamide dentaire. Consultez notre catalogue de mat\u00e9riel dentaire et passez votre commande d\u00e8s maintenant.\" \/>\n<meta name=\"robots\" content=\"index, follow, max-snippet:-1, max-image-preview:large, max-video-preview:-1\" \/>\n<link rel=\"canonical\" href=\"https:\/\/mestra.es\/fr\/producto\/cajas-para-transporte-de-modelos\/\" \/>\n<meta property=\"og:locale\" content=\"fr_FR\" \/>\n<meta property=\"og:type\" content=\"article\" \/>\n<meta property=\"og:title\" content=\"Bo\u00eetes pour transporter les mod\u00e8les | MESTRA\" \/>\n<meta property=\"og:description\" content=\"Chez MESTRA nous avons des injecteurs de polyamide dentaire. Consultez notre catalogue de mat\u00e9riel dentaire et passez votre commande d\u00e8s maintenant.\" \/>\n<meta property=\"og:url\" content=\"https:\/\/mestra.es\/fr\/producto\/cajas-para-transporte-de-modelos\/\" \/>\n<meta property=\"og:site_name\" content=\"Talleres Mestra\" \/>\n<meta property=\"article:modified_time\" content=\"2025-05-26T07:32:44+00:00\" \/>\n<meta property=\"og:image\" content=\"https:\/\/mestra.es\/wp-content\/uploads\/2025\/05\/110000.jpg\" \/>\n\t<meta property=\"og:image:width\" content=\"600\" \/>\n\t<meta property=\"og:image:height\" content=\"600\" \/>\n\t<meta property=\"og:image:type\" content=\"image\/jpeg\" \/>\n<meta name=\"twitter:card\" content=\"summary_large_image\" \/>\n<meta name=\"twitter:label1\" content=\"Prix\" \/>\n\t<meta name=\"twitter:data1\" content=\"0,00&nbsp;&euro;\" \/>\n\t<meta name=\"twitter:label2\" content=\"Disponibilit\u00e9\" \/>\n\t<meta name=\"twitter:data2\" content=\"En stock\" \/>\n<script type=\"application\/ld+json\" class=\"yoast-schema-graph\">{\"@context\":\"https:\/\/schema.org\",\"@graph\":[{\"@type\":\"WebPage\",\"@id\":\"https:\/\/mestra.es\/fr\/producto\/cajas-para-transporte-de-modelos\/\",\"url\":\"https:\/\/mestra.es\/fr\/producto\/cajas-para-transporte-de-modelos\/\",\"name\":\"Bo\u00eetes pour transporter les mod\u00e8les | MESTRA\",\"isPartOf\":{\"@id\":\"https:\/\/mestra.es\/fr\/#website\"},\"primaryImageOfPage\":{\"@id\":\"https:\/\/mestra.es\/fr\/producto\/cajas-para-transporte-de-modelos\/#primaryimage\"},\"image\":{\"@id\":\"https:\/\/mestra.es\/fr\/producto\/cajas-para-transporte-de-modelos\/#primaryimage\"},\"thumbnailUrl\":\"https:\/\/mestra.es\/wp-content\/uploads\/2025\/05\/110000.jpg\",\"datePublished\":\"2025-05-26T07:27:23+00:00\",\"dateModified\":\"2025-05-26T07:32:44+00:00\",\"description\":\"Chez MESTRA nous avons des injecteurs de polyamide dentaire. Consultez notre catalogue de mat\u00e9riel dentaire et passez votre commande d\u00e8s maintenant.\",\"breadcrumb\":{\"@id\":\"https:\/\/mestra.es\/fr\/producto\/cajas-para-transporte-de-modelos\/#breadcrumb\"},\"inLanguage\":\"fr-FR\",\"potentialAction\":[{\"@type\":\"ReadAction\",\"target\":[\"https:\/\/mestra.es\/fr\/producto\/cajas-para-transporte-de-modelos\/\"]}]},{\"@type\":\"ImageObject\",\"inLanguage\":\"fr-FR\",\"@id\":\"https:\/\/mestra.es\/fr\/producto\/cajas-para-transporte-de-modelos\/#primaryimage\",\"url\":\"https:\/\/mestra.es\/wp-content\/uploads\/2025\/05\/110000.jpg\",\"contentUrl\":\"https:\/\/mestra.es\/wp-content\/uploads\/2025\/05\/110000.jpg\",\"width\":600,\"height\":600},{\"@type\":\"BreadcrumbList\",\"@id\":\"https:\/\/mestra.es\/fr\/producto\/cajas-para-transporte-de-modelos\/#breadcrumb\",\"itemListElement\":[{\"@type\":\"ListItem\",\"position\":1,\"name\":\"Portada\",\"item\":\"https:\/\/mestra.es\/fr\/\"},{\"@type\":\"ListItem\",\"position\":2,\"name\":\"Boutique\",\"item\":\"https:\/\/mestra.es\/fr\/boutique\/\"},{\"@type\":\"ListItem\",\"position\":3,\"name\":\"Bo\u00eetes pour transporter les mod\u00e8les\"}]},{\"@type\":\"WebSite\",\"@id\":\"https:\/\/mestra.es\/fr\/#website\",\"url\":\"https:\/\/mestra.es\/fr\/\",\"name\":\"Talleres Mestra\",\"description\":\"\",\"publisher\":{\"@id\":\"https:\/\/mestra.es\/fr\/#organization\"},\"potentialAction\":[{\"@type\":\"SearchAction\",\"target\":{\"@type\":\"EntryPoint\",\"urlTemplate\":\"https:\/\/mestra.es\/fr\/?s={search_term_string}\"},\"query-input\":{\"@type\":\"PropertyValueSpecification\",\"valueRequired\":true,\"valueName\":\"search_term_string\"}}],\"inLanguage\":\"fr-FR\"},{\"@type\":\"Organization\",\"@id\":\"https:\/\/mestra.es\/fr\/#organization\",\"name\":\"Talleres Mestra\",\"url\":\"https:\/\/mestra.es\/fr\/\",\"logo\":{\"@type\":\"ImageObject\",\"inLanguage\":\"fr-FR\",\"@id\":\"https:\/\/mestra.es\/fr\/#\/schema\/logo\/image\/\",\"url\":\"https:\/\/mestra.es\/wp-content\/uploads\/2024\/05\/logo_mestra.png\",\"contentUrl\":\"https:\/\/mestra.es\/wp-content\/uploads\/2024\/05\/logo_mestra.png\",\"width\":300,\"height\":170,\"caption\":\"Talleres Mestra\"},\"image\":{\"@id\":\"https:\/\/mestra.es\/fr\/#\/schema\/logo\/image\/\"}}]}<\/script>\n<meta property=\"product:price:amount\" content=\"0.00\" \/>\n<meta property=\"product:price:currency\" content=\"EUR\" \/>\n<meta property=\"og:availability\" content=\"instock\" \/>\n<meta property=\"product:availability\" content=\"instock\" \/>\n<meta property=\"product:retailer_item_id\" content=\"110000\" \/>\n<meta property=\"product:condition\" content=\"new\" \/>\n<!-- \/ Yoast SEO plugin. -->","yoast_head_json":{"title":"Bo\u00eetes pour transporter les mod\u00e8les | MESTRA","description":"Chez MESTRA nous avons des injecteurs de polyamide dentaire. Consultez notre catalogue de mat\u00e9riel dentaire et passez votre commande d\u00e8s maintenant.","robots":{"index":"index","follow":"follow","max-snippet":"max-snippet:-1","max-image-preview":"max-image-preview:large","max-video-preview":"max-video-preview:-1"},"canonical":"https:\/\/mestra.es\/fr\/producto\/cajas-para-transporte-de-modelos\/","og_locale":"fr_FR","og_type":"article","og_title":"Bo\u00eetes pour transporter les mod\u00e8les | MESTRA","og_description":"Chez MESTRA nous avons des injecteurs de polyamide dentaire. Consultez notre catalogue de mat\u00e9riel dentaire et passez votre commande d\u00e8s maintenant.","og_url":"https:\/\/mestra.es\/fr\/producto\/cajas-para-transporte-de-modelos\/","og_site_name":"Talleres Mestra","article_modified_time":"2025-05-26T07:32:44+00:00","og_image":[{"width":600,"height":600,"url":"https:\/\/mestra.es\/wp-content\/uploads\/2025\/05\/110000.jpg","type":"image\/jpeg"}],"twitter_card":"summary_large_image","twitter_misc":{"Prix":"0,00&nbsp;&euro;","Disponibilit\u00e9":"En stock"},"schema":{"@context":"https:\/\/schema.org","@graph":[{"@type":"WebPage","@id":"https:\/\/mestra.es\/fr\/producto\/cajas-para-transporte-de-modelos\/","url":"https:\/\/mestra.es\/fr\/producto\/cajas-para-transporte-de-modelos\/","name":"Bo\u00eetes pour transporter les mod\u00e8les | MESTRA","isPartOf":{"@id":"https:\/\/mestra.es\/fr\/#website"},"primaryImageOfPage":{"@id":"https:\/\/mestra.es\/fr\/producto\/cajas-para-transporte-de-modelos\/#primaryimage"},"image":{"@id":"https:\/\/mestra.es\/fr\/producto\/cajas-para-transporte-de-modelos\/#primaryimage"},"thumbnailUrl":"https:\/\/mestra.es\/wp-content\/uploads\/2025\/05\/110000.jpg","datePublished":"2025-05-26T07:27:23+00:00","dateModified":"2025-05-26T07:32:44+00:00","description":"Chez MESTRA nous avons des injecteurs de polyamide dentaire. Consultez notre catalogue de mat\u00e9riel dentaire et passez votre commande d\u00e8s maintenant.","breadcrumb":{"@id":"https:\/\/mestra.es\/fr\/producto\/cajas-para-transporte-de-modelos\/#breadcrumb"},"inLanguage":"fr-FR","potentialAction":[{"@type":"ReadAction","target":["https:\/\/mestra.es\/fr\/producto\/cajas-para-transporte-de-modelos\/"]}]},{"@type":"ImageObject","inLanguage":"fr-FR","@id":"https:\/\/mestra.es\/fr\/producto\/cajas-para-transporte-de-modelos\/#primaryimage","url":"https:\/\/mestra.es\/wp-content\/uploads\/2025\/05\/110000.jpg","contentUrl":"https:\/\/mestra.es\/wp-content\/uploads\/2025\/05\/110000.jpg","width":600,"height":600},{"@type":"BreadcrumbList","@id":"https:\/\/mestra.es\/fr\/producto\/cajas-para-transporte-de-modelos\/#breadcrumb","itemListElement":[{"@type":"ListItem","position":1,"name":"Portada","item":"https:\/\/mestra.es\/fr\/"},{"@type":"ListItem","position":2,"name":"Boutique","item":"https:\/\/mestra.es\/fr\/boutique\/"},{"@type":"ListItem","position":3,"name":"Bo\u00eetes pour transporter les mod\u00e8les"}]},{"@type":"WebSite","@id":"https:\/\/mestra.es\/fr\/#website","url":"https:\/\/mestra.es\/fr\/","name":"Talleres Mestra","description":"","publisher":{"@id":"https:\/\/mestra.es\/fr\/#organization"},"potentialAction":[{"@type":"SearchAction","target":{"@type":"EntryPoint","urlTemplate":"https:\/\/mestra.es\/fr\/?s={search_term_string}"},"query-input":{"@type":"PropertyValueSpecification","valueRequired":true,"valueName":"search_term_string"}}],"inLanguage":"fr-FR"},{"@type":"Organization","@id":"https:\/\/mestra.es\/fr\/#organization","name":"Talleres Mestra","url":"https:\/\/mestra.es\/fr\/","logo":{"@type":"ImageObject","inLanguage":"fr-FR","@id":"https:\/\/mestra.es\/fr\/#\/schema\/logo\/image\/","url":"https:\/\/mestra.es\/wp-content\/uploads\/2024\/05\/logo_mestra.png","contentUrl":"https:\/\/mestra.es\/wp-content\/uploads\/2024\/05\/logo_mestra.png","width":300,"height":170,"caption":"Talleres Mestra"},"image":{"@id":"https:\/\/mestra.es\/fr\/#\/schema\/logo\/image\/"}}]},"product_price_amount":"0.00","product_price_currency":"EUR","og_availability":"instock","product_availability":"instock","product_retailer_item_id":"110000","product_condition":"new"},"_links":{"self":[{"href":"https:\/\/mestra.es\/fr\/wp-json\/wp\/v2\/product\/19605","targetHints":{"allow":["GET"]}}],"collection":[{"href":"https:\/\/mestra.es\/fr\/wp-json\/wp\/v2\/product"}],"about":[{"href":"https:\/\/mestra.es\/fr\/wp-json\/wp\/v2\/types\/product"}],"wp:featuredmedia":[{"embeddable":true,"href":"https:\/\/mestra.es\/fr\/wp-json\/wp\/v2\/media\/19603"}],"wp:attachment":[{"href":"https:\/\/mestra.es\/fr\/wp-json\/wp\/v2\/media?parent=19605"}],"wp:term":[{"taxonomy":"product_brand","embeddable":true,"href":"https:\/\/mestra.es\/fr\/wp-json\/wp\/v2\/product_brand?post=19605"},{"taxonomy":"product_cat","embeddable":true,"href":"https:\/\/mestra.es\/fr\/wp-json\/wp\/v2\/product_cat?post=19605"},{"taxonomy":"product_tag","embeddable":true,"href":"https:\/\/mestra.es\/fr\/wp-json\/wp\/v2\/product_tag?post=19605"}],"curies":[{"name":"wp","href":"https:\/\/api.w.org\/{rel}","templated":true}]}}