{"id":19570,"date":"2025-05-23T11:21:27","date_gmt":"2025-05-23T09:21:27","guid":{"rendered":"https:\/\/mestra.es\/producto\/microesfera-de-vidrio-50-micras-3kg-mestra\/"},"modified":"2025-05-23T11:25:45","modified_gmt":"2025-05-23T09:25:45","slug":"microesfera-de-vidrio-50-micras-3kg-mestra","status":"publish","type":"product","link":"https:\/\/mestra.es\/fr\/producto\/microesfera-de-vidrio-50-micras-3kg-mestra\/","title":{"rendered":"Microsph\u00e8res de verre (3 kgs)"},"content":{"rendered":"<p>S\u00e9lectionn\u00e9es pour ses propri\u00e9t\u00e9s. Grande homog\u00e9n\u00e9it\u00e9 des sph\u00e8res dans la taille et dans la r\u00e9sistance \u00e0 l\u2019impact. Contrairement \u00e0 l\u2019oxyde d\u2019alumine, l\u2019arrondi des billes de verre permet l\u2019\u00e9crasement des parties saillantes de la proth\u00e8se sabl\u00e9e.<\/p>\n<p>Le r\u00e9sultat: une surface brillante et lisse au toucher. Parfaitement adapt\u00e9e au traitement des proth\u00e8ses. Conditionnement en pots de 3,3 kg dimension 50 microns.<\/p>\n","protected":false},"excerpt":{"rendered":"<p>Microesfera de vidrio de muy alta calidad. 50 micras, 3kg.<\/p>\n","protected":false},"featured_media":9983,"template":"","meta":{"_acf_changed":false,"_monsterinsights_skip_tracking":false,"_monsterinsights_sitenote_active":false,"_monsterinsights_sitenote_note":"","_monsterinsights_sitenote_category":0},"product_brand":[],"product_cat":[1365],"product_tag":[],"class_list":{"0":"post-19570","1":"product","2":"type-product","3":"status-publish","4":"has-post-thumbnail","6":"product_cat-sableuses","8":"first","9":"instock","10":"taxable","11":"shipping-taxable","12":"product-type-simple"},"acf":[],"yoast_head":"<!-- This site is optimized with the Yoast SEO plugin v27.2 - https:\/\/yoast.com\/product\/yoast-seo-wordpress\/ -->\n<title>Microsph\u00e8res de verre (3 kgs) - Talleres Mestra<\/title>\n<meta name=\"description\" content=\"Chez MESTRA, nous disposons de microsph\u00e8res de verre de 50 microns. Consultez notre catalogue de mat\u00e9riel dentaire et passez votre commande d\u00e8s maintenant.\" \/>\n<meta name=\"robots\" content=\"index, follow, max-snippet:-1, max-image-preview:large, max-video-preview:-1\" \/>\n<link rel=\"canonical\" href=\"https:\/\/mestra.es\/fr\/producto\/microesfera-de-vidrio-50-micras-3kg-mestra\/\" \/>\n<meta property=\"og:locale\" content=\"fr_FR\" \/>\n<meta property=\"og:type\" content=\"article\" \/>\n<meta property=\"og:title\" content=\"Microsph\u00e8res de verre (3 kgs) - Talleres Mestra\" \/>\n<meta property=\"og:description\" content=\"Chez MESTRA, nous disposons de microsph\u00e8res de verre de 50 microns. Consultez notre catalogue de mat\u00e9riel dentaire et passez votre commande d\u00e8s maintenant.\" \/>\n<meta property=\"og:url\" content=\"https:\/\/mestra.es\/fr\/producto\/microesfera-de-vidrio-50-micras-3kg-mestra\/\" \/>\n<meta property=\"og:site_name\" content=\"Talleres Mestra\" \/>\n<meta property=\"article:modified_time\" content=\"2025-05-23T09:25:45+00:00\" \/>\n<meta property=\"og:image\" content=\"https:\/\/mestra.es\/wp-content\/uploads\/2024\/03\/080312.jpg\" \/>\n\t<meta property=\"og:image:width\" content=\"600\" \/>\n\t<meta property=\"og:image:height\" content=\"600\" \/>\n\t<meta property=\"og:image:type\" content=\"image\/jpeg\" \/>\n<meta name=\"twitter:card\" content=\"summary_large_image\" \/>\n<meta name=\"twitter:label1\" content=\"Prix\" \/>\n\t<meta name=\"twitter:data1\" content=\"\" \/>\n\t<meta name=\"twitter:label2\" content=\"Disponibilit\u00e9\" \/>\n\t<meta name=\"twitter:data2\" content=\"En stock\" \/>\n<script type=\"application\/ld+json\" class=\"yoast-schema-graph\">{\"@context\":\"https:\/\/schema.org\",\"@graph\":[{\"@type\":\"WebPage\",\"@id\":\"https:\/\/mestra.es\/fr\/producto\/microesfera-de-vidrio-50-micras-3kg-mestra\/\",\"url\":\"https:\/\/mestra.es\/fr\/producto\/microesfera-de-vidrio-50-micras-3kg-mestra\/\",\"name\":\"Microsph\u00e8res de verre (3 kgs) - Talleres Mestra\",\"isPartOf\":{\"@id\":\"https:\/\/mestra.es\/fr\/#website\"},\"primaryImageOfPage\":{\"@id\":\"https:\/\/mestra.es\/fr\/producto\/microesfera-de-vidrio-50-micras-3kg-mestra\/#primaryimage\"},\"image\":{\"@id\":\"https:\/\/mestra.es\/fr\/producto\/microesfera-de-vidrio-50-micras-3kg-mestra\/#primaryimage\"},\"thumbnailUrl\":\"https:\/\/mestra.es\/wp-content\/uploads\/2024\/03\/080312.jpg\",\"datePublished\":\"2025-05-23T09:21:27+00:00\",\"dateModified\":\"2025-05-23T09:25:45+00:00\",\"description\":\"Chez MESTRA, nous disposons de microsph\u00e8res de verre de 50 microns. Consultez notre catalogue de mat\u00e9riel dentaire et passez votre commande d\u00e8s maintenant.\",\"breadcrumb\":{\"@id\":\"https:\/\/mestra.es\/fr\/producto\/microesfera-de-vidrio-50-micras-3kg-mestra\/#breadcrumb\"},\"inLanguage\":\"fr-FR\",\"potentialAction\":[{\"@type\":\"ReadAction\",\"target\":[\"https:\/\/mestra.es\/fr\/producto\/microesfera-de-vidrio-50-micras-3kg-mestra\/\"]}]},{\"@type\":\"ImageObject\",\"inLanguage\":\"fr-FR\",\"@id\":\"https:\/\/mestra.es\/fr\/producto\/microesfera-de-vidrio-50-micras-3kg-mestra\/#primaryimage\",\"url\":\"https:\/\/mestra.es\/wp-content\/uploads\/2024\/03\/080312.jpg\",\"contentUrl\":\"https:\/\/mestra.es\/wp-content\/uploads\/2024\/03\/080312.jpg\",\"width\":600,\"height\":600},{\"@type\":\"BreadcrumbList\",\"@id\":\"https:\/\/mestra.es\/fr\/producto\/microesfera-de-vidrio-50-micras-3kg-mestra\/#breadcrumb\",\"itemListElement\":[{\"@type\":\"ListItem\",\"position\":1,\"name\":\"Portada\",\"item\":\"https:\/\/mestra.es\/fr\/\"},{\"@type\":\"ListItem\",\"position\":2,\"name\":\"Boutique\",\"item\":\"https:\/\/mestra.es\/fr\/boutique\/\"},{\"@type\":\"ListItem\",\"position\":3,\"name\":\"Microsph\u00e8res de verre (3 kgs)\"}]},{\"@type\":\"WebSite\",\"@id\":\"https:\/\/mestra.es\/fr\/#website\",\"url\":\"https:\/\/mestra.es\/fr\/\",\"name\":\"Talleres Mestra\",\"description\":\"\",\"publisher\":{\"@id\":\"https:\/\/mestra.es\/fr\/#organization\"},\"potentialAction\":[{\"@type\":\"SearchAction\",\"target\":{\"@type\":\"EntryPoint\",\"urlTemplate\":\"https:\/\/mestra.es\/fr\/?s={search_term_string}\"},\"query-input\":{\"@type\":\"PropertyValueSpecification\",\"valueRequired\":true,\"valueName\":\"search_term_string\"}}],\"inLanguage\":\"fr-FR\"},{\"@type\":\"Organization\",\"@id\":\"https:\/\/mestra.es\/fr\/#organization\",\"name\":\"Talleres Mestra\",\"url\":\"https:\/\/mestra.es\/fr\/\",\"logo\":{\"@type\":\"ImageObject\",\"inLanguage\":\"fr-FR\",\"@id\":\"https:\/\/mestra.es\/fr\/#\/schema\/logo\/image\/\",\"url\":\"https:\/\/mestra.es\/wp-content\/uploads\/2024\/05\/logo_mestra.png\",\"contentUrl\":\"https:\/\/mestra.es\/wp-content\/uploads\/2024\/05\/logo_mestra.png\",\"width\":300,\"height\":170,\"caption\":\"Talleres Mestra\"},\"image\":{\"@id\":\"https:\/\/mestra.es\/fr\/#\/schema\/logo\/image\/\"}}]}<\/script>\n<meta property=\"product:price:currency\" content=\"EUR\" \/>\n<meta property=\"og:availability\" content=\"instock\" \/>\n<meta property=\"product:availability\" content=\"instock\" \/>\n<meta property=\"product:condition\" content=\"new\" \/>\n<!-- \/ Yoast SEO plugin. -->","yoast_head_json":{"title":"Microsph\u00e8res de verre (3 kgs) - Talleres Mestra","description":"Chez MESTRA, nous disposons de microsph\u00e8res de verre de 50 microns. Consultez notre catalogue de mat\u00e9riel dentaire et passez votre commande d\u00e8s maintenant.","robots":{"index":"index","follow":"follow","max-snippet":"max-snippet:-1","max-image-preview":"max-image-preview:large","max-video-preview":"max-video-preview:-1"},"canonical":"https:\/\/mestra.es\/fr\/producto\/microesfera-de-vidrio-50-micras-3kg-mestra\/","og_locale":"fr_FR","og_type":"article","og_title":"Microsph\u00e8res de verre (3 kgs) - Talleres Mestra","og_description":"Chez MESTRA, nous disposons de microsph\u00e8res de verre de 50 microns. Consultez notre catalogue de mat\u00e9riel dentaire et passez votre commande d\u00e8s maintenant.","og_url":"https:\/\/mestra.es\/fr\/producto\/microesfera-de-vidrio-50-micras-3kg-mestra\/","og_site_name":"Talleres Mestra","article_modified_time":"2025-05-23T09:25:45+00:00","og_image":[{"width":600,"height":600,"url":"https:\/\/mestra.es\/wp-content\/uploads\/2024\/03\/080312.jpg","type":"image\/jpeg"}],"twitter_card":"summary_large_image","twitter_misc":{"Prix":"","Disponibilit\u00e9":"En stock"},"schema":{"@context":"https:\/\/schema.org","@graph":[{"@type":"WebPage","@id":"https:\/\/mestra.es\/fr\/producto\/microesfera-de-vidrio-50-micras-3kg-mestra\/","url":"https:\/\/mestra.es\/fr\/producto\/microesfera-de-vidrio-50-micras-3kg-mestra\/","name":"Microsph\u00e8res de verre (3 kgs) - Talleres Mestra","isPartOf":{"@id":"https:\/\/mestra.es\/fr\/#website"},"primaryImageOfPage":{"@id":"https:\/\/mestra.es\/fr\/producto\/microesfera-de-vidrio-50-micras-3kg-mestra\/#primaryimage"},"image":{"@id":"https:\/\/mestra.es\/fr\/producto\/microesfera-de-vidrio-50-micras-3kg-mestra\/#primaryimage"},"thumbnailUrl":"https:\/\/mestra.es\/wp-content\/uploads\/2024\/03\/080312.jpg","datePublished":"2025-05-23T09:21:27+00:00","dateModified":"2025-05-23T09:25:45+00:00","description":"Chez MESTRA, nous disposons de microsph\u00e8res de verre de 50 microns. Consultez notre catalogue de mat\u00e9riel dentaire et passez votre commande d\u00e8s maintenant.","breadcrumb":{"@id":"https:\/\/mestra.es\/fr\/producto\/microesfera-de-vidrio-50-micras-3kg-mestra\/#breadcrumb"},"inLanguage":"fr-FR","potentialAction":[{"@type":"ReadAction","target":["https:\/\/mestra.es\/fr\/producto\/microesfera-de-vidrio-50-micras-3kg-mestra\/"]}]},{"@type":"ImageObject","inLanguage":"fr-FR","@id":"https:\/\/mestra.es\/fr\/producto\/microesfera-de-vidrio-50-micras-3kg-mestra\/#primaryimage","url":"https:\/\/mestra.es\/wp-content\/uploads\/2024\/03\/080312.jpg","contentUrl":"https:\/\/mestra.es\/wp-content\/uploads\/2024\/03\/080312.jpg","width":600,"height":600},{"@type":"BreadcrumbList","@id":"https:\/\/mestra.es\/fr\/producto\/microesfera-de-vidrio-50-micras-3kg-mestra\/#breadcrumb","itemListElement":[{"@type":"ListItem","position":1,"name":"Portada","item":"https:\/\/mestra.es\/fr\/"},{"@type":"ListItem","position":2,"name":"Boutique","item":"https:\/\/mestra.es\/fr\/boutique\/"},{"@type":"ListItem","position":3,"name":"Microsph\u00e8res de verre (3 kgs)"}]},{"@type":"WebSite","@id":"https:\/\/mestra.es\/fr\/#website","url":"https:\/\/mestra.es\/fr\/","name":"Talleres Mestra","description":"","publisher":{"@id":"https:\/\/mestra.es\/fr\/#organization"},"potentialAction":[{"@type":"SearchAction","target":{"@type":"EntryPoint","urlTemplate":"https:\/\/mestra.es\/fr\/?s={search_term_string}"},"query-input":{"@type":"PropertyValueSpecification","valueRequired":true,"valueName":"search_term_string"}}],"inLanguage":"fr-FR"},{"@type":"Organization","@id":"https:\/\/mestra.es\/fr\/#organization","name":"Talleres Mestra","url":"https:\/\/mestra.es\/fr\/","logo":{"@type":"ImageObject","inLanguage":"fr-FR","@id":"https:\/\/mestra.es\/fr\/#\/schema\/logo\/image\/","url":"https:\/\/mestra.es\/wp-content\/uploads\/2024\/05\/logo_mestra.png","contentUrl":"https:\/\/mestra.es\/wp-content\/uploads\/2024\/05\/logo_mestra.png","width":300,"height":170,"caption":"Talleres Mestra"},"image":{"@id":"https:\/\/mestra.es\/fr\/#\/schema\/logo\/image\/"}}]},"product_price_currency":"EUR","og_availability":"instock","product_availability":"instock","product_condition":"new"},"_links":{"self":[{"href":"https:\/\/mestra.es\/fr\/wp-json\/wp\/v2\/product\/19570","targetHints":{"allow":["GET"]}}],"collection":[{"href":"https:\/\/mestra.es\/fr\/wp-json\/wp\/v2\/product"}],"about":[{"href":"https:\/\/mestra.es\/fr\/wp-json\/wp\/v2\/types\/product"}],"wp:featuredmedia":[{"embeddable":true,"href":"https:\/\/mestra.es\/fr\/wp-json\/wp\/v2\/media\/9983"}],"wp:attachment":[{"href":"https:\/\/mestra.es\/fr\/wp-json\/wp\/v2\/media?parent=19570"}],"wp:term":[{"taxonomy":"product_brand","embeddable":true,"href":"https:\/\/mestra.es\/fr\/wp-json\/wp\/v2\/product_brand?post=19570"},{"taxonomy":"product_cat","embeddable":true,"href":"https:\/\/mestra.es\/fr\/wp-json\/wp\/v2\/product_cat?post=19570"},{"taxonomy":"product_tag","embeddable":true,"href":"https:\/\/mestra.es\/fr\/wp-json\/wp\/v2\/product_tag?post=19570"}],"curies":[{"name":"wp","href":"https:\/\/api.w.org\/{rel}","templated":true}]}}