{"id":18615,"date":"2025-03-07T11:02:08","date_gmt":"2025-03-07T10:02:08","guid":{"rendered":"https:\/\/mestra.es\/?post_type=product&#038;p=18615"},"modified":"2025-03-07T11:18:12","modified_gmt":"2025-03-07T10:18:12","slug":"box-de-finition-eclipse-copia","status":"publish","type":"product","link":"https:\/\/mestra.es\/fr\/producto\/box-de-finition-eclipse-copia\/","title":{"rendered":"BOX DE FINITION &#8211; ECLIPSE avec aspiration int\u00e9gr\u00e9e"},"content":{"rendered":"<p>Ce caisson pr\u00e9sente des caract\u00e9ristiques similaires \u00e0 la \u201ccabine de r\u00e9vision Eclipse\u201d <a href=\"https:\/\/mestra.es\/fr\/producto\/cabina-de-repaso-eclipse\/\">(R\u00e9f. 080216)<\/a>, mais avec la particularit\u00e9 d\u2019int\u00e9grer sa propre unit\u00e9 d\u2019aspiration.<\/p>\n<p>Ses petites dimensions le rendent id\u00e9al dans les endroits avec peu d\u2019espace, o\u00f9 il est important de maintenir un environnement propre. Il dispose \u00e9galement d\u2019une poign\u00e9e pratique qui, si l\u2019on tient compte du faible poids de l\u2019appareil, est tr\u00e8s utile pour le transport et le rangement.<\/p>\n","protected":false},"excerpt":{"rendered":"<p>Ce caisson pr\u00e9sente des caract\u00e9ristiques similaires \u00e0 la \u201ccabine de r\u00e9vision Eclipse\u201d (R\u00e9f. 080216), mais avec la particularit\u00e9 d\u2019int\u00e9grer sa propre unit\u00e9 d\u2019aspiration. Ses petites dimensions le rendent id\u00e9al dans les endroits avec peu d\u2019espace, o\u00f9 il est important de maintenir un environnement propre. Il dispose \u00e9galement d\u2019une poign\u00e9e pratique qui, si l\u2019on tient compte [&hellip;]<\/p>\n","protected":false},"featured_media":18627,"template":"","meta":{"_acf_changed":false,"_monsterinsights_skip_tracking":false,"_monsterinsights_sitenote_active":false,"_monsterinsights_sitenote_note":"","_monsterinsights_sitenote_category":0},"product_brand":[],"product_cat":[1324],"product_tag":[],"class_list":{"0":"post-18615","1":"product","2":"type-product","3":"status-publish","4":"has-post-thumbnail","6":"product_cat-cabines-de-travail","8":"first","9":"instock","10":"purchasable","11":"product-type-simple"},"acf":[],"yoast_head":"<!-- This site is optimized with the Yoast SEO plugin v27.2 - https:\/\/yoast.com\/product\/yoast-seo-wordpress\/ -->\n<title>Box de finition - eclipse | MESTRA<\/title>\n<meta name=\"description\" content=\"Chez MESTRA, nous avons Box de finition - eclipse commander en ligne.\" \/>\n<meta name=\"robots\" content=\"index, follow, max-snippet:-1, max-image-preview:large, max-video-preview:-1\" \/>\n<link rel=\"canonical\" href=\"https:\/\/mestra.es\/fr\/producto\/box-de-finition-eclipse-copia\/\" \/>\n<meta property=\"og:locale\" content=\"fr_FR\" \/>\n<meta property=\"og:type\" content=\"article\" \/>\n<meta property=\"og:title\" content=\"Box de finition - eclipse | MESTRA\" \/>\n<meta property=\"og:description\" content=\"Chez MESTRA, nous avons Box de finition - eclipse commander en ligne.\" \/>\n<meta property=\"og:url\" content=\"https:\/\/mestra.es\/fr\/producto\/box-de-finition-eclipse-copia\/\" \/>\n<meta property=\"og:site_name\" content=\"Talleres Mestra\" \/>\n<meta property=\"article:modified_time\" content=\"2025-03-07T10:18:12+00:00\" \/>\n<meta property=\"og:image\" content=\"https:\/\/mestra.es\/wp-content\/uploads\/2025\/03\/080217.jpg\" \/>\n\t<meta property=\"og:image:width\" content=\"600\" \/>\n\t<meta property=\"og:image:height\" content=\"600\" \/>\n\t<meta property=\"og:image:type\" content=\"image\/jpeg\" \/>\n<meta name=\"twitter:card\" content=\"summary_large_image\" \/>\n<meta name=\"twitter:label1\" content=\"Prix\" \/>\n\t<meta name=\"twitter:data1\" content=\"1,00&nbsp;&euro;\" \/>\n\t<meta name=\"twitter:label2\" content=\"Disponibilit\u00e9\" \/>\n\t<meta name=\"twitter:data2\" content=\"En stock\" \/>\n<script type=\"application\/ld+json\" class=\"yoast-schema-graph\">{\"@context\":\"https:\/\/schema.org\",\"@graph\":[{\"@type\":\"WebPage\",\"@id\":\"https:\/\/mestra.es\/fr\/producto\/box-de-finition-eclipse-copia\/\",\"url\":\"https:\/\/mestra.es\/fr\/producto\/box-de-finition-eclipse-copia\/\",\"name\":\"Box de finition - eclipse | MESTRA\",\"isPartOf\":{\"@id\":\"https:\/\/mestra.es\/fr\/#website\"},\"primaryImageOfPage\":{\"@id\":\"https:\/\/mestra.es\/fr\/producto\/box-de-finition-eclipse-copia\/#primaryimage\"},\"image\":{\"@id\":\"https:\/\/mestra.es\/fr\/producto\/box-de-finition-eclipse-copia\/#primaryimage\"},\"thumbnailUrl\":\"https:\/\/mestra.es\/wp-content\/uploads\/2025\/03\/080217.jpg\",\"datePublished\":\"2025-03-07T10:02:08+00:00\",\"dateModified\":\"2025-03-07T10:18:12+00:00\",\"description\":\"Chez MESTRA, nous avons Box de finition - eclipse commander en ligne.\",\"breadcrumb\":{\"@id\":\"https:\/\/mestra.es\/fr\/producto\/box-de-finition-eclipse-copia\/#breadcrumb\"},\"inLanguage\":\"fr-FR\",\"potentialAction\":[{\"@type\":\"ReadAction\",\"target\":[\"https:\/\/mestra.es\/fr\/producto\/box-de-finition-eclipse-copia\/\"]}]},{\"@type\":\"ImageObject\",\"inLanguage\":\"fr-FR\",\"@id\":\"https:\/\/mestra.es\/fr\/producto\/box-de-finition-eclipse-copia\/#primaryimage\",\"url\":\"https:\/\/mestra.es\/wp-content\/uploads\/2025\/03\/080217.jpg\",\"contentUrl\":\"https:\/\/mestra.es\/wp-content\/uploads\/2025\/03\/080217.jpg\",\"width\":600,\"height\":600},{\"@type\":\"BreadcrumbList\",\"@id\":\"https:\/\/mestra.es\/fr\/producto\/box-de-finition-eclipse-copia\/#breadcrumb\",\"itemListElement\":[{\"@type\":\"ListItem\",\"position\":1,\"name\":\"Portada\",\"item\":\"https:\/\/mestra.es\/fr\/\"},{\"@type\":\"ListItem\",\"position\":2,\"name\":\"Boutique\",\"item\":\"https:\/\/mestra.es\/fr\/boutique\/\"},{\"@type\":\"ListItem\",\"position\":3,\"name\":\"BOX DE FINITION &#8211; ECLIPSE avec aspiration int\u00e9gr\u00e9e\"}]},{\"@type\":\"WebSite\",\"@id\":\"https:\/\/mestra.es\/fr\/#website\",\"url\":\"https:\/\/mestra.es\/fr\/\",\"name\":\"Talleres Mestra\",\"description\":\"\",\"publisher\":{\"@id\":\"https:\/\/mestra.es\/fr\/#organization\"},\"potentialAction\":[{\"@type\":\"SearchAction\",\"target\":{\"@type\":\"EntryPoint\",\"urlTemplate\":\"https:\/\/mestra.es\/fr\/?s={search_term_string}\"},\"query-input\":{\"@type\":\"PropertyValueSpecification\",\"valueRequired\":true,\"valueName\":\"search_term_string\"}}],\"inLanguage\":\"fr-FR\"},{\"@type\":\"Organization\",\"@id\":\"https:\/\/mestra.es\/fr\/#organization\",\"name\":\"Talleres Mestra\",\"url\":\"https:\/\/mestra.es\/fr\/\",\"logo\":{\"@type\":\"ImageObject\",\"inLanguage\":\"fr-FR\",\"@id\":\"https:\/\/mestra.es\/fr\/#\/schema\/logo\/image\/\",\"url\":\"https:\/\/mestra.es\/wp-content\/uploads\/2024\/05\/logo_mestra.png\",\"contentUrl\":\"https:\/\/mestra.es\/wp-content\/uploads\/2024\/05\/logo_mestra.png\",\"width\":300,\"height\":170,\"caption\":\"Talleres Mestra\"},\"image\":{\"@id\":\"https:\/\/mestra.es\/fr\/#\/schema\/logo\/image\/\"}}]}<\/script>\n<meta property=\"product:price:amount\" content=\"1.00\" \/>\n<meta property=\"product:price:currency\" content=\"EUR\" \/>\n<meta property=\"og:availability\" content=\"instock\" \/>\n<meta property=\"product:availability\" content=\"instock\" \/>\n<meta property=\"product:retailer_item_id\" content=\"080217\" \/>\n<meta property=\"product:condition\" content=\"new\" \/>\n<!-- \/ Yoast SEO plugin. -->","yoast_head_json":{"title":"Box de finition - eclipse | MESTRA","description":"Chez MESTRA, nous avons Box de finition - eclipse commander en ligne.","robots":{"index":"index","follow":"follow","max-snippet":"max-snippet:-1","max-image-preview":"max-image-preview:large","max-video-preview":"max-video-preview:-1"},"canonical":"https:\/\/mestra.es\/fr\/producto\/box-de-finition-eclipse-copia\/","og_locale":"fr_FR","og_type":"article","og_title":"Box de finition - eclipse | MESTRA","og_description":"Chez MESTRA, nous avons Box de finition - eclipse commander en ligne.","og_url":"https:\/\/mestra.es\/fr\/producto\/box-de-finition-eclipse-copia\/","og_site_name":"Talleres Mestra","article_modified_time":"2025-03-07T10:18:12+00:00","og_image":[{"width":600,"height":600,"url":"https:\/\/mestra.es\/wp-content\/uploads\/2025\/03\/080217.jpg","type":"image\/jpeg"}],"twitter_card":"summary_large_image","twitter_misc":{"Prix":"1,00&nbsp;&euro;","Disponibilit\u00e9":"En stock"},"schema":{"@context":"https:\/\/schema.org","@graph":[{"@type":"WebPage","@id":"https:\/\/mestra.es\/fr\/producto\/box-de-finition-eclipse-copia\/","url":"https:\/\/mestra.es\/fr\/producto\/box-de-finition-eclipse-copia\/","name":"Box de finition - eclipse | MESTRA","isPartOf":{"@id":"https:\/\/mestra.es\/fr\/#website"},"primaryImageOfPage":{"@id":"https:\/\/mestra.es\/fr\/producto\/box-de-finition-eclipse-copia\/#primaryimage"},"image":{"@id":"https:\/\/mestra.es\/fr\/producto\/box-de-finition-eclipse-copia\/#primaryimage"},"thumbnailUrl":"https:\/\/mestra.es\/wp-content\/uploads\/2025\/03\/080217.jpg","datePublished":"2025-03-07T10:02:08+00:00","dateModified":"2025-03-07T10:18:12+00:00","description":"Chez MESTRA, nous avons Box de finition - eclipse commander en ligne.","breadcrumb":{"@id":"https:\/\/mestra.es\/fr\/producto\/box-de-finition-eclipse-copia\/#breadcrumb"},"inLanguage":"fr-FR","potentialAction":[{"@type":"ReadAction","target":["https:\/\/mestra.es\/fr\/producto\/box-de-finition-eclipse-copia\/"]}]},{"@type":"ImageObject","inLanguage":"fr-FR","@id":"https:\/\/mestra.es\/fr\/producto\/box-de-finition-eclipse-copia\/#primaryimage","url":"https:\/\/mestra.es\/wp-content\/uploads\/2025\/03\/080217.jpg","contentUrl":"https:\/\/mestra.es\/wp-content\/uploads\/2025\/03\/080217.jpg","width":600,"height":600},{"@type":"BreadcrumbList","@id":"https:\/\/mestra.es\/fr\/producto\/box-de-finition-eclipse-copia\/#breadcrumb","itemListElement":[{"@type":"ListItem","position":1,"name":"Portada","item":"https:\/\/mestra.es\/fr\/"},{"@type":"ListItem","position":2,"name":"Boutique","item":"https:\/\/mestra.es\/fr\/boutique\/"},{"@type":"ListItem","position":3,"name":"BOX DE FINITION &#8211; ECLIPSE avec aspiration int\u00e9gr\u00e9e"}]},{"@type":"WebSite","@id":"https:\/\/mestra.es\/fr\/#website","url":"https:\/\/mestra.es\/fr\/","name":"Talleres Mestra","description":"","publisher":{"@id":"https:\/\/mestra.es\/fr\/#organization"},"potentialAction":[{"@type":"SearchAction","target":{"@type":"EntryPoint","urlTemplate":"https:\/\/mestra.es\/fr\/?s={search_term_string}"},"query-input":{"@type":"PropertyValueSpecification","valueRequired":true,"valueName":"search_term_string"}}],"inLanguage":"fr-FR"},{"@type":"Organization","@id":"https:\/\/mestra.es\/fr\/#organization","name":"Talleres Mestra","url":"https:\/\/mestra.es\/fr\/","logo":{"@type":"ImageObject","inLanguage":"fr-FR","@id":"https:\/\/mestra.es\/fr\/#\/schema\/logo\/image\/","url":"https:\/\/mestra.es\/wp-content\/uploads\/2024\/05\/logo_mestra.png","contentUrl":"https:\/\/mestra.es\/wp-content\/uploads\/2024\/05\/logo_mestra.png","width":300,"height":170,"caption":"Talleres Mestra"},"image":{"@id":"https:\/\/mestra.es\/fr\/#\/schema\/logo\/image\/"}}]},"product_price_amount":"1.00","product_price_currency":"EUR","og_availability":"instock","product_availability":"instock","product_retailer_item_id":"080217","product_condition":"new"},"_links":{"self":[{"href":"https:\/\/mestra.es\/fr\/wp-json\/wp\/v2\/product\/18615","targetHints":{"allow":["GET"]}}],"collection":[{"href":"https:\/\/mestra.es\/fr\/wp-json\/wp\/v2\/product"}],"about":[{"href":"https:\/\/mestra.es\/fr\/wp-json\/wp\/v2\/types\/product"}],"wp:featuredmedia":[{"embeddable":true,"href":"https:\/\/mestra.es\/fr\/wp-json\/wp\/v2\/media\/18627"}],"wp:attachment":[{"href":"https:\/\/mestra.es\/fr\/wp-json\/wp\/v2\/media?parent=18615"}],"wp:term":[{"taxonomy":"product_brand","embeddable":true,"href":"https:\/\/mestra.es\/fr\/wp-json\/wp\/v2\/product_brand?post=18615"},{"taxonomy":"product_cat","embeddable":true,"href":"https:\/\/mestra.es\/fr\/wp-json\/wp\/v2\/product_cat?post=18615"},{"taxonomy":"product_tag","embeddable":true,"href":"https:\/\/mestra.es\/fr\/wp-json\/wp\/v2\/product_tag?post=18615"}],"curies":[{"name":"wp","href":"https:\/\/api.w.org\/{rel}","templated":true}]}}