{"id":18096,"date":"2025-02-13T10:06:41","date_gmt":"2025-02-13T09:06:41","guid":{"rendered":"https:\/\/mestra.es\/?post_type=product&#038;p=18096"},"modified":"2025-02-26T12:10:49","modified_gmt":"2025-02-26T11:10:49","slug":"sableuse-eclipse-ii-t-copia","status":"publish","type":"product","link":"https:\/\/mestra.es\/fr\/producto\/sableuse-eclipse-ii-t-copia\/","title":{"rendered":"SABLEUSE &#8211; ECLIPSE II-T (copia)"},"content":{"rendered":"<p>Voir produitsion inspir\u00e9e par notre famille de sableuses <a href=\"https:\/\/mestra.es\/fr\/producto\/constellation\/\">Constellation.<\/a><\/p>\n<p>Les diff\u00e9rences principales sont les suivantes:<\/p>\n<ul>\n<li>Cabine fabriqu\u00e9e int\u00e9gralement en ABS, permettant par la mod\u00e9lisation d\u0092obtenir une forme plus ergonomique et esth\u00e9tiquement plus aboutie.<\/li>\n<li>Dimensions totales plus r\u00e9duites sans pour autant r\u00e9duire la zone de sablage.<\/li>\n<li>Am\u00e9lioration substantielle de l\u0092\u00e9clairage..<\/li>\n<li>Rapport qualit\u00e9\/prix tr\u00e8s performant.<\/li>\n<\/ul>\n","protected":false},"excerpt":{"rendered":"<p>Voir produitsion inspir\u00e9e par notre famille de sableuses Constellation. Les diff\u00e9rences principales sont les suivantes: Cabine fabriqu\u00e9e int\u00e9gralement en ABS, permettant par la mod\u00e9lisation d\u0092obtenir une forme plus ergonomique et esth\u00e9tiquement plus aboutie. Dimensions totales plus r\u00e9duites sans pour autant r\u00e9duire la zone de sablage. Am\u00e9lioration substantielle de l\u0092\u00e9clairage.. Rapport qualit\u00e9\/prix tr\u00e8s performant.<\/p>\n","protected":false},"featured_media":18099,"template":"","meta":{"_acf_changed":false,"_monsterinsights_skip_tracking":false,"_monsterinsights_sitenote_active":false,"_monsterinsights_sitenote_note":"","_monsterinsights_sitenote_category":0},"product_brand":[],"product_cat":[1366],"product_tag":[],"class_list":{"0":"post-18096","1":"product","2":"type-product","3":"status-publish","4":"has-post-thumbnail","6":"product_cat-sableuses-fr","8":"first","9":"instock","10":"purchasable","11":"product-type-simple"},"acf":[],"yoast_head":"<!-- This site is optimized with the Yoast SEO plugin v27.2 - https:\/\/yoast.com\/product\/yoast-seo-wordpress\/ -->\n<title>Sableuse - eclipse ii-t | MESTRA<\/title>\n<meta name=\"description\" content=\"Chez MESTRA, nous avons Sableuse - eclipse ii-t commander en ligne.\" \/>\n<meta name=\"robots\" content=\"index, follow, max-snippet:-1, max-image-preview:large, max-video-preview:-1\" \/>\n<link rel=\"canonical\" href=\"https:\/\/mestra.es\/fr\/producto\/sableuse-eclipse-ii-t-copia\/\" \/>\n<meta property=\"og:locale\" content=\"fr_FR\" \/>\n<meta property=\"og:type\" content=\"article\" \/>\n<meta property=\"og:title\" content=\"Sableuse - eclipse ii-t | MESTRA\" \/>\n<meta property=\"og:description\" content=\"Chez MESTRA, nous avons Sableuse - eclipse ii-t commander en ligne.\" \/>\n<meta property=\"og:url\" content=\"https:\/\/mestra.es\/fr\/producto\/sableuse-eclipse-ii-t-copia\/\" \/>\n<meta property=\"og:site_name\" content=\"Talleres Mestra\" \/>\n<meta property=\"article:modified_time\" content=\"2025-02-26T11:10:49+00:00\" \/>\n<meta property=\"og:image\" content=\"https:\/\/mestra.es\/wp-content\/uploads\/2025\/02\/080229_1.jpg\" \/>\n\t<meta property=\"og:image:width\" content=\"600\" \/>\n\t<meta property=\"og:image:height\" content=\"600\" \/>\n\t<meta property=\"og:image:type\" content=\"image\/jpeg\" \/>\n<meta name=\"twitter:card\" content=\"summary_large_image\" \/>\n<meta name=\"twitter:label1\" content=\"Prix\" \/>\n\t<meta name=\"twitter:data1\" content=\"1,00&nbsp;&euro;\" \/>\n\t<meta name=\"twitter:label2\" content=\"Disponibilit\u00e9\" \/>\n\t<meta name=\"twitter:data2\" content=\"En stock\" \/>\n<script type=\"application\/ld+json\" class=\"yoast-schema-graph\">{\"@context\":\"https:\/\/schema.org\",\"@graph\":[{\"@type\":\"WebPage\",\"@id\":\"https:\/\/mestra.es\/fr\/producto\/sableuse-eclipse-ii-t-copia\/\",\"url\":\"https:\/\/mestra.es\/fr\/producto\/sableuse-eclipse-ii-t-copia\/\",\"name\":\"Sableuse - eclipse ii-t | MESTRA\",\"isPartOf\":{\"@id\":\"https:\/\/mestra.es\/fr\/#website\"},\"primaryImageOfPage\":{\"@id\":\"https:\/\/mestra.es\/fr\/producto\/sableuse-eclipse-ii-t-copia\/#primaryimage\"},\"image\":{\"@id\":\"https:\/\/mestra.es\/fr\/producto\/sableuse-eclipse-ii-t-copia\/#primaryimage\"},\"thumbnailUrl\":\"https:\/\/mestra.es\/wp-content\/uploads\/2025\/02\/080229_1.jpg\",\"datePublished\":\"2025-02-13T09:06:41+00:00\",\"dateModified\":\"2025-02-26T11:10:49+00:00\",\"description\":\"Chez MESTRA, nous avons Sableuse - eclipse ii-t commander en ligne.\",\"breadcrumb\":{\"@id\":\"https:\/\/mestra.es\/fr\/producto\/sableuse-eclipse-ii-t-copia\/#breadcrumb\"},\"inLanguage\":\"fr-FR\",\"potentialAction\":[{\"@type\":\"ReadAction\",\"target\":[\"https:\/\/mestra.es\/fr\/producto\/sableuse-eclipse-ii-t-copia\/\"]}]},{\"@type\":\"ImageObject\",\"inLanguage\":\"fr-FR\",\"@id\":\"https:\/\/mestra.es\/fr\/producto\/sableuse-eclipse-ii-t-copia\/#primaryimage\",\"url\":\"https:\/\/mestra.es\/wp-content\/uploads\/2025\/02\/080229_1.jpg\",\"contentUrl\":\"https:\/\/mestra.es\/wp-content\/uploads\/2025\/02\/080229_1.jpg\",\"width\":600,\"height\":600,\"caption\":\"Chorro de arena Eclipse II-T\"},{\"@type\":\"BreadcrumbList\",\"@id\":\"https:\/\/mestra.es\/fr\/producto\/sableuse-eclipse-ii-t-copia\/#breadcrumb\",\"itemListElement\":[{\"@type\":\"ListItem\",\"position\":1,\"name\":\"Portada\",\"item\":\"https:\/\/mestra.es\/fr\/\"},{\"@type\":\"ListItem\",\"position\":2,\"name\":\"Boutique\",\"item\":\"https:\/\/mestra.es\/fr\/boutique\/\"},{\"@type\":\"ListItem\",\"position\":3,\"name\":\"SABLEUSE &#8211; ECLIPSE II-T (copia)\"}]},{\"@type\":\"WebSite\",\"@id\":\"https:\/\/mestra.es\/fr\/#website\",\"url\":\"https:\/\/mestra.es\/fr\/\",\"name\":\"Talleres Mestra\",\"description\":\"\",\"publisher\":{\"@id\":\"https:\/\/mestra.es\/fr\/#organization\"},\"potentialAction\":[{\"@type\":\"SearchAction\",\"target\":{\"@type\":\"EntryPoint\",\"urlTemplate\":\"https:\/\/mestra.es\/fr\/?s={search_term_string}\"},\"query-input\":{\"@type\":\"PropertyValueSpecification\",\"valueRequired\":true,\"valueName\":\"search_term_string\"}}],\"inLanguage\":\"fr-FR\"},{\"@type\":\"Organization\",\"@id\":\"https:\/\/mestra.es\/fr\/#organization\",\"name\":\"Talleres Mestra\",\"url\":\"https:\/\/mestra.es\/fr\/\",\"logo\":{\"@type\":\"ImageObject\",\"inLanguage\":\"fr-FR\",\"@id\":\"https:\/\/mestra.es\/fr\/#\/schema\/logo\/image\/\",\"url\":\"https:\/\/mestra.es\/wp-content\/uploads\/2024\/05\/logo_mestra.png\",\"contentUrl\":\"https:\/\/mestra.es\/wp-content\/uploads\/2024\/05\/logo_mestra.png\",\"width\":300,\"height\":170,\"caption\":\"Talleres Mestra\"},\"image\":{\"@id\":\"https:\/\/mestra.es\/fr\/#\/schema\/logo\/image\/\"}}]}<\/script>\n<meta property=\"product:price:amount\" content=\"1.00\" \/>\n<meta property=\"product:price:currency\" content=\"EUR\" \/>\n<meta property=\"og:availability\" content=\"instock\" \/>\n<meta property=\"product:availability\" content=\"instock\" \/>\n<meta property=\"product:retailer_item_id\" content=\"080229\" \/>\n<meta property=\"product:condition\" content=\"new\" \/>\n<!-- \/ Yoast SEO plugin. -->","yoast_head_json":{"title":"Sableuse - eclipse ii-t | MESTRA","description":"Chez MESTRA, nous avons Sableuse - eclipse ii-t commander en ligne.","robots":{"index":"index","follow":"follow","max-snippet":"max-snippet:-1","max-image-preview":"max-image-preview:large","max-video-preview":"max-video-preview:-1"},"canonical":"https:\/\/mestra.es\/fr\/producto\/sableuse-eclipse-ii-t-copia\/","og_locale":"fr_FR","og_type":"article","og_title":"Sableuse - eclipse ii-t | MESTRA","og_description":"Chez MESTRA, nous avons Sableuse - eclipse ii-t commander en ligne.","og_url":"https:\/\/mestra.es\/fr\/producto\/sableuse-eclipse-ii-t-copia\/","og_site_name":"Talleres Mestra","article_modified_time":"2025-02-26T11:10:49+00:00","og_image":[{"width":600,"height":600,"url":"https:\/\/mestra.es\/wp-content\/uploads\/2025\/02\/080229_1.jpg","type":"image\/jpeg"}],"twitter_card":"summary_large_image","twitter_misc":{"Prix":"1,00&nbsp;&euro;","Disponibilit\u00e9":"En stock"},"schema":{"@context":"https:\/\/schema.org","@graph":[{"@type":"WebPage","@id":"https:\/\/mestra.es\/fr\/producto\/sableuse-eclipse-ii-t-copia\/","url":"https:\/\/mestra.es\/fr\/producto\/sableuse-eclipse-ii-t-copia\/","name":"Sableuse - eclipse ii-t | MESTRA","isPartOf":{"@id":"https:\/\/mestra.es\/fr\/#website"},"primaryImageOfPage":{"@id":"https:\/\/mestra.es\/fr\/producto\/sableuse-eclipse-ii-t-copia\/#primaryimage"},"image":{"@id":"https:\/\/mestra.es\/fr\/producto\/sableuse-eclipse-ii-t-copia\/#primaryimage"},"thumbnailUrl":"https:\/\/mestra.es\/wp-content\/uploads\/2025\/02\/080229_1.jpg","datePublished":"2025-02-13T09:06:41+00:00","dateModified":"2025-02-26T11:10:49+00:00","description":"Chez MESTRA, nous avons Sableuse - eclipse ii-t commander en ligne.","breadcrumb":{"@id":"https:\/\/mestra.es\/fr\/producto\/sableuse-eclipse-ii-t-copia\/#breadcrumb"},"inLanguage":"fr-FR","potentialAction":[{"@type":"ReadAction","target":["https:\/\/mestra.es\/fr\/producto\/sableuse-eclipse-ii-t-copia\/"]}]},{"@type":"ImageObject","inLanguage":"fr-FR","@id":"https:\/\/mestra.es\/fr\/producto\/sableuse-eclipse-ii-t-copia\/#primaryimage","url":"https:\/\/mestra.es\/wp-content\/uploads\/2025\/02\/080229_1.jpg","contentUrl":"https:\/\/mestra.es\/wp-content\/uploads\/2025\/02\/080229_1.jpg","width":600,"height":600,"caption":"Chorro de arena Eclipse II-T"},{"@type":"BreadcrumbList","@id":"https:\/\/mestra.es\/fr\/producto\/sableuse-eclipse-ii-t-copia\/#breadcrumb","itemListElement":[{"@type":"ListItem","position":1,"name":"Portada","item":"https:\/\/mestra.es\/fr\/"},{"@type":"ListItem","position":2,"name":"Boutique","item":"https:\/\/mestra.es\/fr\/boutique\/"},{"@type":"ListItem","position":3,"name":"SABLEUSE &#8211; ECLIPSE II-T (copia)"}]},{"@type":"WebSite","@id":"https:\/\/mestra.es\/fr\/#website","url":"https:\/\/mestra.es\/fr\/","name":"Talleres Mestra","description":"","publisher":{"@id":"https:\/\/mestra.es\/fr\/#organization"},"potentialAction":[{"@type":"SearchAction","target":{"@type":"EntryPoint","urlTemplate":"https:\/\/mestra.es\/fr\/?s={search_term_string}"},"query-input":{"@type":"PropertyValueSpecification","valueRequired":true,"valueName":"search_term_string"}}],"inLanguage":"fr-FR"},{"@type":"Organization","@id":"https:\/\/mestra.es\/fr\/#organization","name":"Talleres Mestra","url":"https:\/\/mestra.es\/fr\/","logo":{"@type":"ImageObject","inLanguage":"fr-FR","@id":"https:\/\/mestra.es\/fr\/#\/schema\/logo\/image\/","url":"https:\/\/mestra.es\/wp-content\/uploads\/2024\/05\/logo_mestra.png","contentUrl":"https:\/\/mestra.es\/wp-content\/uploads\/2024\/05\/logo_mestra.png","width":300,"height":170,"caption":"Talleres Mestra"},"image":{"@id":"https:\/\/mestra.es\/fr\/#\/schema\/logo\/image\/"}}]},"product_price_amount":"1.00","product_price_currency":"EUR","og_availability":"instock","product_availability":"instock","product_retailer_item_id":"080229","product_condition":"new"},"_links":{"self":[{"href":"https:\/\/mestra.es\/fr\/wp-json\/wp\/v2\/product\/18096","targetHints":{"allow":["GET"]}}],"collection":[{"href":"https:\/\/mestra.es\/fr\/wp-json\/wp\/v2\/product"}],"about":[{"href":"https:\/\/mestra.es\/fr\/wp-json\/wp\/v2\/types\/product"}],"wp:featuredmedia":[{"embeddable":true,"href":"https:\/\/mestra.es\/fr\/wp-json\/wp\/v2\/media\/18099"}],"wp:attachment":[{"href":"https:\/\/mestra.es\/fr\/wp-json\/wp\/v2\/media?parent=18096"}],"wp:term":[{"taxonomy":"product_brand","embeddable":true,"href":"https:\/\/mestra.es\/fr\/wp-json\/wp\/v2\/product_brand?post=18096"},{"taxonomy":"product_cat","embeddable":true,"href":"https:\/\/mestra.es\/fr\/wp-json\/wp\/v2\/product_cat?post=18096"},{"taxonomy":"product_tag","embeddable":true,"href":"https:\/\/mestra.es\/fr\/wp-json\/wp\/v2\/product_tag?post=18096"}],"curies":[{"name":"wp","href":"https:\/\/api.w.org\/{rel}","templated":true}]}}