{"id":18085,"date":"2025-02-13T09:56:00","date_gmt":"2025-02-13T08:56:00","guid":{"rendered":"https:\/\/mestra.es\/producto\/chorro-de-arena-eclipse-i\/"},"modified":"2025-03-17T12:10:07","modified_gmt":"2025-03-17T11:10:07","slug":"chorro-de-arena-eclipse-i","status":"publish","type":"product","link":"https:\/\/mestra.es\/fr\/producto\/chorro-de-arena-eclipse-i\/","title":{"rendered":"SABLEUSE &#8211; ECLIPSE I"},"content":{"rendered":"<p>Voir produitsion inspir\u00e9e par notre famille de sableuses <a href=\"https:\/\/mestra.es\/fr\/producto\/constellation\/\">Constellation<\/a>.<\/p>\n<p>Les diff\u00e9rences principales sont les suivantes:<\/p>\n<ul>\n<li>Cabine fabriqu\u00e9e int\u00e9gralement en ABS, permettant par la mod\u00e9lisation d\u0092obtenir une forme plus ergonomique et esth\u00e9tiquement plus aboutie.<\/li>\n<li>Dimensions totales plus r\u00e9duites sans pour autant r\u00e9duire la zone de sablage.<\/li>\n<li>Am\u00e9lioration substantielle de l&rsquo;\u00e9clairage..<\/li>\n<li>Rapport qualit\u00e9\/prix tr\u00e8s performant.<\/li>\n<\/ul>\n","protected":false},"excerpt":{"rendered":"<p>Voir produitsion inspir\u00e9e par notre famille de sableuses Constellation. Les diff\u00e9rences principales sont les suivantes: Cabine fabriqu\u00e9e int\u00e9gralement en ABS, permettant par la mod\u00e9lisation d\u0092obtenir une forme plus ergonomique et esth\u00e9tiquement plus aboutie. Dimensions totales plus r\u00e9duites sans pour autant r\u00e9duire la zone de sablage. Am\u00e9lioration substantielle de l&rsquo;\u00e9clairage.. Rapport qualit\u00e9\/prix tr\u00e8s performant.<\/p>\n","protected":false},"featured_media":18083,"template":"","meta":{"_acf_changed":false,"_monsterinsights_skip_tracking":false,"_monsterinsights_sitenote_active":false,"_monsterinsights_sitenote_note":"","_monsterinsights_sitenote_category":0},"product_brand":[],"product_cat":[1366],"product_tag":[],"class_list":{"0":"post-18085","1":"product","2":"type-product","3":"status-publish","4":"has-post-thumbnail","6":"product_cat-sableuses-fr","8":"first","9":"instock","10":"taxable","11":"shipping-taxable","12":"purchasable","13":"product-type-simple"},"acf":[],"yoast_head":"<!-- This site is optimized with the Yoast SEO plugin v27.2 - https:\/\/yoast.com\/product\/yoast-seo-wordpress\/ -->\n<title>Sableuse - ECLIPSE I<\/title>\n<meta name=\"description\" content=\"Chez MESTRA, nous avons la sableuse Eclipse 1 \u00e0 godet unique. Consultez notre catalogue de mat\u00e9riel dentaire et passez votre commande d\u00e8s maintenant.\" \/>\n<meta name=\"robots\" content=\"index, follow, max-snippet:-1, max-image-preview:large, max-video-preview:-1\" \/>\n<link rel=\"canonical\" href=\"https:\/\/mestra.es\/fr\/producto\/chorro-de-arena-eclipse-i\/\" \/>\n<meta property=\"og:locale\" content=\"fr_FR\" \/>\n<meta property=\"og:type\" content=\"article\" \/>\n<meta property=\"og:title\" content=\"Sableuse - ECLIPSE I\" \/>\n<meta property=\"og:description\" content=\"Chez MESTRA, nous avons la sableuse Eclipse 1 \u00e0 godet unique. Consultez notre catalogue de mat\u00e9riel dentaire et passez votre commande d\u00e8s maintenant.\" \/>\n<meta property=\"og:url\" content=\"https:\/\/mestra.es\/fr\/producto\/chorro-de-arena-eclipse-i\/\" \/>\n<meta property=\"og:site_name\" content=\"Talleres Mestra\" \/>\n<meta property=\"article:modified_time\" content=\"2025-03-17T11:10:07+00:00\" \/>\n<meta property=\"og:image\" content=\"https:\/\/mestra.es\/wp-content\/uploads\/2025\/02\/080221_1.jpg\" \/>\n\t<meta property=\"og:image:width\" content=\"600\" \/>\n\t<meta property=\"og:image:height\" content=\"600\" \/>\n\t<meta property=\"og:image:type\" content=\"image\/jpeg\" \/>\n<meta name=\"twitter:card\" content=\"summary_large_image\" \/>\n<meta name=\"twitter:label1\" content=\"Prix\" \/>\n\t<meta name=\"twitter:data1\" content=\"0,00&nbsp;&euro;\" \/>\n\t<meta name=\"twitter:label2\" content=\"Disponibilit\u00e9\" \/>\n\t<meta name=\"twitter:data2\" content=\"En stock\" \/>\n<script type=\"application\/ld+json\" class=\"yoast-schema-graph\">{\"@context\":\"https:\/\/schema.org\",\"@graph\":[{\"@type\":\"WebPage\",\"@id\":\"https:\/\/mestra.es\/fr\/producto\/chorro-de-arena-eclipse-i\/\",\"url\":\"https:\/\/mestra.es\/fr\/producto\/chorro-de-arena-eclipse-i\/\",\"name\":\"Sableuse - ECLIPSE I\",\"isPartOf\":{\"@id\":\"https:\/\/mestra.es\/fr\/#website\"},\"primaryImageOfPage\":{\"@id\":\"https:\/\/mestra.es\/fr\/producto\/chorro-de-arena-eclipse-i\/#primaryimage\"},\"image\":{\"@id\":\"https:\/\/mestra.es\/fr\/producto\/chorro-de-arena-eclipse-i\/#primaryimage\"},\"thumbnailUrl\":\"https:\/\/mestra.es\/wp-content\/uploads\/2025\/02\/080221_1.jpg\",\"datePublished\":\"2025-02-13T08:56:00+00:00\",\"dateModified\":\"2025-03-17T11:10:07+00:00\",\"description\":\"Chez MESTRA, nous avons la sableuse Eclipse 1 \u00e0 godet unique. Consultez notre catalogue de mat\u00e9riel dentaire et passez votre commande d\u00e8s maintenant.\",\"breadcrumb\":{\"@id\":\"https:\/\/mestra.es\/fr\/producto\/chorro-de-arena-eclipse-i\/#breadcrumb\"},\"inLanguage\":\"fr-FR\",\"potentialAction\":[{\"@type\":\"ReadAction\",\"target\":[\"https:\/\/mestra.es\/fr\/producto\/chorro-de-arena-eclipse-i\/\"]}]},{\"@type\":\"ImageObject\",\"inLanguage\":\"fr-FR\",\"@id\":\"https:\/\/mestra.es\/fr\/producto\/chorro-de-arena-eclipse-i\/#primaryimage\",\"url\":\"https:\/\/mestra.es\/wp-content\/uploads\/2025\/02\/080221_1.jpg\",\"contentUrl\":\"https:\/\/mestra.es\/wp-content\/uploads\/2025\/02\/080221_1.jpg\",\"width\":600,\"height\":600,\"caption\":\"CHORRO DE ARENA - ECLIPSE I\"},{\"@type\":\"BreadcrumbList\",\"@id\":\"https:\/\/mestra.es\/fr\/producto\/chorro-de-arena-eclipse-i\/#breadcrumb\",\"itemListElement\":[{\"@type\":\"ListItem\",\"position\":1,\"name\":\"Portada\",\"item\":\"https:\/\/mestra.es\/fr\/\"},{\"@type\":\"ListItem\",\"position\":2,\"name\":\"Boutique\",\"item\":\"https:\/\/mestra.es\/fr\/boutique\/\"},{\"@type\":\"ListItem\",\"position\":3,\"name\":\"SABLEUSE &#8211; ECLIPSE I\"}]},{\"@type\":\"WebSite\",\"@id\":\"https:\/\/mestra.es\/fr\/#website\",\"url\":\"https:\/\/mestra.es\/fr\/\",\"name\":\"Talleres Mestra\",\"description\":\"\",\"publisher\":{\"@id\":\"https:\/\/mestra.es\/fr\/#organization\"},\"potentialAction\":[{\"@type\":\"SearchAction\",\"target\":{\"@type\":\"EntryPoint\",\"urlTemplate\":\"https:\/\/mestra.es\/fr\/?s={search_term_string}\"},\"query-input\":{\"@type\":\"PropertyValueSpecification\",\"valueRequired\":true,\"valueName\":\"search_term_string\"}}],\"inLanguage\":\"fr-FR\"},{\"@type\":\"Organization\",\"@id\":\"https:\/\/mestra.es\/fr\/#organization\",\"name\":\"Talleres Mestra\",\"url\":\"https:\/\/mestra.es\/fr\/\",\"logo\":{\"@type\":\"ImageObject\",\"inLanguage\":\"fr-FR\",\"@id\":\"https:\/\/mestra.es\/fr\/#\/schema\/logo\/image\/\",\"url\":\"https:\/\/mestra.es\/wp-content\/uploads\/2024\/05\/logo_mestra.png\",\"contentUrl\":\"https:\/\/mestra.es\/wp-content\/uploads\/2024\/05\/logo_mestra.png\",\"width\":300,\"height\":170,\"caption\":\"Talleres Mestra\"},\"image\":{\"@id\":\"https:\/\/mestra.es\/fr\/#\/schema\/logo\/image\/\"}}]}<\/script>\n<meta property=\"product:price:amount\" content=\"0.00\" \/>\n<meta property=\"product:price:currency\" content=\"EUR\" \/>\n<meta property=\"og:availability\" content=\"instock\" \/>\n<meta property=\"product:availability\" content=\"instock\" \/>\n<meta property=\"product:retailer_item_id\" content=\"080221\" \/>\n<meta property=\"product:condition\" content=\"new\" \/>\n<!-- \/ Yoast SEO plugin. -->","yoast_head_json":{"title":"Sableuse - ECLIPSE I","description":"Chez MESTRA, nous avons la sableuse Eclipse 1 \u00e0 godet unique. Consultez notre catalogue de mat\u00e9riel dentaire et passez votre commande d\u00e8s maintenant.","robots":{"index":"index","follow":"follow","max-snippet":"max-snippet:-1","max-image-preview":"max-image-preview:large","max-video-preview":"max-video-preview:-1"},"canonical":"https:\/\/mestra.es\/fr\/producto\/chorro-de-arena-eclipse-i\/","og_locale":"fr_FR","og_type":"article","og_title":"Sableuse - ECLIPSE I","og_description":"Chez MESTRA, nous avons la sableuse Eclipse 1 \u00e0 godet unique. Consultez notre catalogue de mat\u00e9riel dentaire et passez votre commande d\u00e8s maintenant.","og_url":"https:\/\/mestra.es\/fr\/producto\/chorro-de-arena-eclipse-i\/","og_site_name":"Talleres Mestra","article_modified_time":"2025-03-17T11:10:07+00:00","og_image":[{"width":600,"height":600,"url":"https:\/\/mestra.es\/wp-content\/uploads\/2025\/02\/080221_1.jpg","type":"image\/jpeg"}],"twitter_card":"summary_large_image","twitter_misc":{"Prix":"0,00&nbsp;&euro;","Disponibilit\u00e9":"En stock"},"schema":{"@context":"https:\/\/schema.org","@graph":[{"@type":"WebPage","@id":"https:\/\/mestra.es\/fr\/producto\/chorro-de-arena-eclipse-i\/","url":"https:\/\/mestra.es\/fr\/producto\/chorro-de-arena-eclipse-i\/","name":"Sableuse - ECLIPSE I","isPartOf":{"@id":"https:\/\/mestra.es\/fr\/#website"},"primaryImageOfPage":{"@id":"https:\/\/mestra.es\/fr\/producto\/chorro-de-arena-eclipse-i\/#primaryimage"},"image":{"@id":"https:\/\/mestra.es\/fr\/producto\/chorro-de-arena-eclipse-i\/#primaryimage"},"thumbnailUrl":"https:\/\/mestra.es\/wp-content\/uploads\/2025\/02\/080221_1.jpg","datePublished":"2025-02-13T08:56:00+00:00","dateModified":"2025-03-17T11:10:07+00:00","description":"Chez MESTRA, nous avons la sableuse Eclipse 1 \u00e0 godet unique. Consultez notre catalogue de mat\u00e9riel dentaire et passez votre commande d\u00e8s maintenant.","breadcrumb":{"@id":"https:\/\/mestra.es\/fr\/producto\/chorro-de-arena-eclipse-i\/#breadcrumb"},"inLanguage":"fr-FR","potentialAction":[{"@type":"ReadAction","target":["https:\/\/mestra.es\/fr\/producto\/chorro-de-arena-eclipse-i\/"]}]},{"@type":"ImageObject","inLanguage":"fr-FR","@id":"https:\/\/mestra.es\/fr\/producto\/chorro-de-arena-eclipse-i\/#primaryimage","url":"https:\/\/mestra.es\/wp-content\/uploads\/2025\/02\/080221_1.jpg","contentUrl":"https:\/\/mestra.es\/wp-content\/uploads\/2025\/02\/080221_1.jpg","width":600,"height":600,"caption":"CHORRO DE ARENA - ECLIPSE I"},{"@type":"BreadcrumbList","@id":"https:\/\/mestra.es\/fr\/producto\/chorro-de-arena-eclipse-i\/#breadcrumb","itemListElement":[{"@type":"ListItem","position":1,"name":"Portada","item":"https:\/\/mestra.es\/fr\/"},{"@type":"ListItem","position":2,"name":"Boutique","item":"https:\/\/mestra.es\/fr\/boutique\/"},{"@type":"ListItem","position":3,"name":"SABLEUSE &#8211; ECLIPSE I"}]},{"@type":"WebSite","@id":"https:\/\/mestra.es\/fr\/#website","url":"https:\/\/mestra.es\/fr\/","name":"Talleres Mestra","description":"","publisher":{"@id":"https:\/\/mestra.es\/fr\/#organization"},"potentialAction":[{"@type":"SearchAction","target":{"@type":"EntryPoint","urlTemplate":"https:\/\/mestra.es\/fr\/?s={search_term_string}"},"query-input":{"@type":"PropertyValueSpecification","valueRequired":true,"valueName":"search_term_string"}}],"inLanguage":"fr-FR"},{"@type":"Organization","@id":"https:\/\/mestra.es\/fr\/#organization","name":"Talleres Mestra","url":"https:\/\/mestra.es\/fr\/","logo":{"@type":"ImageObject","inLanguage":"fr-FR","@id":"https:\/\/mestra.es\/fr\/#\/schema\/logo\/image\/","url":"https:\/\/mestra.es\/wp-content\/uploads\/2024\/05\/logo_mestra.png","contentUrl":"https:\/\/mestra.es\/wp-content\/uploads\/2024\/05\/logo_mestra.png","width":300,"height":170,"caption":"Talleres Mestra"},"image":{"@id":"https:\/\/mestra.es\/fr\/#\/schema\/logo\/image\/"}}]},"product_price_amount":"0.00","product_price_currency":"EUR","og_availability":"instock","product_availability":"instock","product_retailer_item_id":"080221","product_condition":"new"},"_links":{"self":[{"href":"https:\/\/mestra.es\/fr\/wp-json\/wp\/v2\/product\/18085","targetHints":{"allow":["GET"]}}],"collection":[{"href":"https:\/\/mestra.es\/fr\/wp-json\/wp\/v2\/product"}],"about":[{"href":"https:\/\/mestra.es\/fr\/wp-json\/wp\/v2\/types\/product"}],"wp:featuredmedia":[{"embeddable":true,"href":"https:\/\/mestra.es\/fr\/wp-json\/wp\/v2\/media\/18083"}],"wp:attachment":[{"href":"https:\/\/mestra.es\/fr\/wp-json\/wp\/v2\/media?parent=18085"}],"wp:term":[{"taxonomy":"product_brand","embeddable":true,"href":"https:\/\/mestra.es\/fr\/wp-json\/wp\/v2\/product_brand?post=18085"},{"taxonomy":"product_cat","embeddable":true,"href":"https:\/\/mestra.es\/fr\/wp-json\/wp\/v2\/product_cat?post=18085"},{"taxonomy":"product_tag","embeddable":true,"href":"https:\/\/mestra.es\/fr\/wp-json\/wp\/v2\/product_tag?post=18085"}],"curies":[{"name":"wp","href":"https:\/\/api.w.org\/{rel}","templated":true}]}}