{"id":17954,"date":"2025-01-29T11:40:14","date_gmt":"2025-01-29T10:40:14","guid":{"rendered":"https:\/\/mestra.es\/producto\/constellation-practic\/"},"modified":"2025-03-19T16:39:17","modified_gmt":"2025-03-19T15:39:17","slug":"constellation-practic","status":"publish","type":"product","link":"https:\/\/mestra.es\/fr\/producto\/constellation-practic\/","title":{"rendered":"Constellation Practic"},"content":{"rendered":"<p>Avec la sableuse Practic, une finition enti\u00e8rement professionnelle est garantie. Les surfaces seront lisses et nuanc\u00e9es, avec un \u00e9clat et une qualit\u00e9 caract\u00e9ristiques.<\/p>\n<ul>\n<li>Robuste bo\u00eetier m\u00e9tallique.<\/li>\n<li>Peinture \u00e9poxy.<\/li>\n<li>Large cabine de travail avec vitre panoramique.<\/li>\n<li>Deux r\u00e9servoirs ind\u00e9pendants pour la micro-sablage de pr\u00e9cision.<\/li>\n<li>Deux stylos mobiles avec buses de \u00d81 et 1,25 mm (jusqu\u2019\u00e0 150 et 250 microns).<\/li>\n<li>S\u00e9lecteur de verres \u00e0 l\u2019int\u00e9rieur de la cabine.<\/li>\n<li>D\u00e9charge automatique de la pression des verres.<\/li>\n<li>Pistolet souffleur d\u2019air.<\/li>\n<li>Actionnement par p\u00e9dale.<\/li>\n<li>Filtre d\u2019entr\u00e9e d\u2019air.<\/li>\n<li>R\u00e9gulateur de pression et manom\u00e8tre.<\/li>\n<li>Eclairage LED.<\/li>\n<\/ul>\n","protected":false},"excerpt":{"rendered":"<p>Avec la sableuse Practic, une finition enti\u00e8rement professionnelle est garantie. Les surfaces seront lisses et nuanc\u00e9es, avec un \u00e9clat et une qualit\u00e9 caract\u00e9ristiques. Robuste bo\u00eetier m\u00e9tallique. Peinture \u00e9poxy. Large cabine de travail avec vitre panoramique. Deux r\u00e9servoirs ind\u00e9pendants pour la micro-sablage de pr\u00e9cision. Deux stylos mobiles avec buses de \u00d81 et 1,25 mm (jusqu\u2019\u00e0 150 [&hellip;]<\/p>\n","protected":false},"featured_media":17952,"template":"","meta":{"_acf_changed":false,"_monsterinsights_skip_tracking":false,"_monsterinsights_sitenote_active":false,"_monsterinsights_sitenote_note":"","_monsterinsights_sitenote_category":0},"product_brand":[],"product_cat":[1366],"product_tag":[],"class_list":{"0":"post-17954","1":"product","2":"type-product","3":"status-publish","4":"has-post-thumbnail","6":"product_cat-sableuses-fr","8":"first","9":"instock","10":"taxable","11":"shipping-taxable","12":"purchasable","13":"product-type-simple"},"acf":[],"yoast_head":"<!-- This site is optimized with the Yoast SEO plugin v27.2 - https:\/\/yoast.com\/product\/yoast-seo-wordpress\/ -->\n<title>Constellation Practic | MESTRA<\/title>\n<meta name=\"description\" content=\"Chez MESTRA, nous disposons de la sableuse Constellation. Consultez notre catalogue de mat\u00e9riel dentaire et passez votre commande d\u00e8s maintenant.\" \/>\n<meta name=\"robots\" content=\"index, follow, max-snippet:-1, max-image-preview:large, max-video-preview:-1\" \/>\n<link rel=\"canonical\" href=\"https:\/\/mestra.es\/fr\/producto\/constellation-practic\/\" \/>\n<meta property=\"og:locale\" content=\"fr_FR\" \/>\n<meta property=\"og:type\" content=\"article\" \/>\n<meta property=\"og:title\" content=\"Constellation Practic | MESTRA\" \/>\n<meta property=\"og:description\" content=\"Chez MESTRA, nous disposons de la sableuse Constellation. Consultez notre catalogue de mat\u00e9riel dentaire et passez votre commande d\u00e8s maintenant.\" \/>\n<meta property=\"og:url\" content=\"https:\/\/mestra.es\/fr\/producto\/constellation-practic\/\" \/>\n<meta property=\"og:site_name\" content=\"Talleres Mestra\" \/>\n<meta property=\"article:modified_time\" content=\"2025-03-19T15:39:17+00:00\" \/>\n<meta property=\"og:image\" content=\"https:\/\/mestra.es\/wp-content\/uploads\/2025\/01\/080259.jpg\" \/>\n\t<meta property=\"og:image:width\" content=\"600\" \/>\n\t<meta property=\"og:image:height\" content=\"600\" \/>\n\t<meta property=\"og:image:type\" content=\"image\/jpeg\" \/>\n<meta name=\"twitter:card\" content=\"summary_large_image\" \/>\n<meta name=\"twitter:label1\" content=\"Prix\" \/>\n\t<meta name=\"twitter:data1\" content=\"1,00&nbsp;&euro;\" \/>\n\t<meta name=\"twitter:label2\" content=\"Disponibilit\u00e9\" \/>\n\t<meta name=\"twitter:data2\" content=\"En stock\" \/>\n<script type=\"application\/ld+json\" class=\"yoast-schema-graph\">{\"@context\":\"https:\/\/schema.org\",\"@graph\":[{\"@type\":\"WebPage\",\"@id\":\"https:\/\/mestra.es\/fr\/producto\/constellation-practic\/\",\"url\":\"https:\/\/mestra.es\/fr\/producto\/constellation-practic\/\",\"name\":\"Constellation Practic | MESTRA\",\"isPartOf\":{\"@id\":\"https:\/\/mestra.es\/fr\/#website\"},\"primaryImageOfPage\":{\"@id\":\"https:\/\/mestra.es\/fr\/producto\/constellation-practic\/#primaryimage\"},\"image\":{\"@id\":\"https:\/\/mestra.es\/fr\/producto\/constellation-practic\/#primaryimage\"},\"thumbnailUrl\":\"https:\/\/mestra.es\/wp-content\/uploads\/2025\/01\/080259.jpg\",\"datePublished\":\"2025-01-29T10:40:14+00:00\",\"dateModified\":\"2025-03-19T15:39:17+00:00\",\"description\":\"Chez MESTRA, nous disposons de la sableuse Constellation. Consultez notre catalogue de mat\u00e9riel dentaire et passez votre commande d\u00e8s maintenant.\",\"breadcrumb\":{\"@id\":\"https:\/\/mestra.es\/fr\/producto\/constellation-practic\/#breadcrumb\"},\"inLanguage\":\"fr-FR\",\"potentialAction\":[{\"@type\":\"ReadAction\",\"target\":[\"https:\/\/mestra.es\/fr\/producto\/constellation-practic\/\"]}]},{\"@type\":\"ImageObject\",\"inLanguage\":\"fr-FR\",\"@id\":\"https:\/\/mestra.es\/fr\/producto\/constellation-practic\/#primaryimage\",\"url\":\"https:\/\/mestra.es\/wp-content\/uploads\/2025\/01\/080259.jpg\",\"contentUrl\":\"https:\/\/mestra.es\/wp-content\/uploads\/2025\/01\/080259.jpg\",\"width\":600,\"height\":600,\"caption\":\"Constellation Practic chorro de arena\"},{\"@type\":\"BreadcrumbList\",\"@id\":\"https:\/\/mestra.es\/fr\/producto\/constellation-practic\/#breadcrumb\",\"itemListElement\":[{\"@type\":\"ListItem\",\"position\":1,\"name\":\"Portada\",\"item\":\"https:\/\/mestra.es\/fr\/\"},{\"@type\":\"ListItem\",\"position\":2,\"name\":\"Boutique\",\"item\":\"https:\/\/mestra.es\/fr\/boutique\/\"},{\"@type\":\"ListItem\",\"position\":3,\"name\":\"Constellation Practic\"}]},{\"@type\":\"WebSite\",\"@id\":\"https:\/\/mestra.es\/fr\/#website\",\"url\":\"https:\/\/mestra.es\/fr\/\",\"name\":\"Talleres Mestra\",\"description\":\"\",\"publisher\":{\"@id\":\"https:\/\/mestra.es\/fr\/#organization\"},\"potentialAction\":[{\"@type\":\"SearchAction\",\"target\":{\"@type\":\"EntryPoint\",\"urlTemplate\":\"https:\/\/mestra.es\/fr\/?s={search_term_string}\"},\"query-input\":{\"@type\":\"PropertyValueSpecification\",\"valueRequired\":true,\"valueName\":\"search_term_string\"}}],\"inLanguage\":\"fr-FR\"},{\"@type\":\"Organization\",\"@id\":\"https:\/\/mestra.es\/fr\/#organization\",\"name\":\"Talleres Mestra\",\"url\":\"https:\/\/mestra.es\/fr\/\",\"logo\":{\"@type\":\"ImageObject\",\"inLanguage\":\"fr-FR\",\"@id\":\"https:\/\/mestra.es\/fr\/#\/schema\/logo\/image\/\",\"url\":\"https:\/\/mestra.es\/wp-content\/uploads\/2024\/05\/logo_mestra.png\",\"contentUrl\":\"https:\/\/mestra.es\/wp-content\/uploads\/2024\/05\/logo_mestra.png\",\"width\":300,\"height\":170,\"caption\":\"Talleres Mestra\"},\"image\":{\"@id\":\"https:\/\/mestra.es\/fr\/#\/schema\/logo\/image\/\"}}]}<\/script>\n<meta property=\"product:price:amount\" content=\"1.00\" \/>\n<meta property=\"product:price:currency\" content=\"EUR\" \/>\n<meta property=\"og:availability\" content=\"instock\" \/>\n<meta property=\"product:availability\" content=\"instock\" \/>\n<meta property=\"product:retailer_item_id\" content=\"080259\" \/>\n<meta property=\"product:condition\" content=\"new\" \/>\n<!-- \/ Yoast SEO plugin. -->","yoast_head_json":{"title":"Constellation Practic | MESTRA","description":"Chez MESTRA, nous disposons de la sableuse Constellation. Consultez notre catalogue de mat\u00e9riel dentaire et passez votre commande d\u00e8s maintenant.","robots":{"index":"index","follow":"follow","max-snippet":"max-snippet:-1","max-image-preview":"max-image-preview:large","max-video-preview":"max-video-preview:-1"},"canonical":"https:\/\/mestra.es\/fr\/producto\/constellation-practic\/","og_locale":"fr_FR","og_type":"article","og_title":"Constellation Practic | MESTRA","og_description":"Chez MESTRA, nous disposons de la sableuse Constellation. Consultez notre catalogue de mat\u00e9riel dentaire et passez votre commande d\u00e8s maintenant.","og_url":"https:\/\/mestra.es\/fr\/producto\/constellation-practic\/","og_site_name":"Talleres Mestra","article_modified_time":"2025-03-19T15:39:17+00:00","og_image":[{"width":600,"height":600,"url":"https:\/\/mestra.es\/wp-content\/uploads\/2025\/01\/080259.jpg","type":"image\/jpeg"}],"twitter_card":"summary_large_image","twitter_misc":{"Prix":"1,00&nbsp;&euro;","Disponibilit\u00e9":"En stock"},"schema":{"@context":"https:\/\/schema.org","@graph":[{"@type":"WebPage","@id":"https:\/\/mestra.es\/fr\/producto\/constellation-practic\/","url":"https:\/\/mestra.es\/fr\/producto\/constellation-practic\/","name":"Constellation Practic | MESTRA","isPartOf":{"@id":"https:\/\/mestra.es\/fr\/#website"},"primaryImageOfPage":{"@id":"https:\/\/mestra.es\/fr\/producto\/constellation-practic\/#primaryimage"},"image":{"@id":"https:\/\/mestra.es\/fr\/producto\/constellation-practic\/#primaryimage"},"thumbnailUrl":"https:\/\/mestra.es\/wp-content\/uploads\/2025\/01\/080259.jpg","datePublished":"2025-01-29T10:40:14+00:00","dateModified":"2025-03-19T15:39:17+00:00","description":"Chez MESTRA, nous disposons de la sableuse Constellation. Consultez notre catalogue de mat\u00e9riel dentaire et passez votre commande d\u00e8s maintenant.","breadcrumb":{"@id":"https:\/\/mestra.es\/fr\/producto\/constellation-practic\/#breadcrumb"},"inLanguage":"fr-FR","potentialAction":[{"@type":"ReadAction","target":["https:\/\/mestra.es\/fr\/producto\/constellation-practic\/"]}]},{"@type":"ImageObject","inLanguage":"fr-FR","@id":"https:\/\/mestra.es\/fr\/producto\/constellation-practic\/#primaryimage","url":"https:\/\/mestra.es\/wp-content\/uploads\/2025\/01\/080259.jpg","contentUrl":"https:\/\/mestra.es\/wp-content\/uploads\/2025\/01\/080259.jpg","width":600,"height":600,"caption":"Constellation Practic chorro de arena"},{"@type":"BreadcrumbList","@id":"https:\/\/mestra.es\/fr\/producto\/constellation-practic\/#breadcrumb","itemListElement":[{"@type":"ListItem","position":1,"name":"Portada","item":"https:\/\/mestra.es\/fr\/"},{"@type":"ListItem","position":2,"name":"Boutique","item":"https:\/\/mestra.es\/fr\/boutique\/"},{"@type":"ListItem","position":3,"name":"Constellation Practic"}]},{"@type":"WebSite","@id":"https:\/\/mestra.es\/fr\/#website","url":"https:\/\/mestra.es\/fr\/","name":"Talleres Mestra","description":"","publisher":{"@id":"https:\/\/mestra.es\/fr\/#organization"},"potentialAction":[{"@type":"SearchAction","target":{"@type":"EntryPoint","urlTemplate":"https:\/\/mestra.es\/fr\/?s={search_term_string}"},"query-input":{"@type":"PropertyValueSpecification","valueRequired":true,"valueName":"search_term_string"}}],"inLanguage":"fr-FR"},{"@type":"Organization","@id":"https:\/\/mestra.es\/fr\/#organization","name":"Talleres Mestra","url":"https:\/\/mestra.es\/fr\/","logo":{"@type":"ImageObject","inLanguage":"fr-FR","@id":"https:\/\/mestra.es\/fr\/#\/schema\/logo\/image\/","url":"https:\/\/mestra.es\/wp-content\/uploads\/2024\/05\/logo_mestra.png","contentUrl":"https:\/\/mestra.es\/wp-content\/uploads\/2024\/05\/logo_mestra.png","width":300,"height":170,"caption":"Talleres Mestra"},"image":{"@id":"https:\/\/mestra.es\/fr\/#\/schema\/logo\/image\/"}}]},"product_price_amount":"1.00","product_price_currency":"EUR","og_availability":"instock","product_availability":"instock","product_retailer_item_id":"080259","product_condition":"new"},"_links":{"self":[{"href":"https:\/\/mestra.es\/fr\/wp-json\/wp\/v2\/product\/17954","targetHints":{"allow":["GET"]}}],"collection":[{"href":"https:\/\/mestra.es\/fr\/wp-json\/wp\/v2\/product"}],"about":[{"href":"https:\/\/mestra.es\/fr\/wp-json\/wp\/v2\/types\/product"}],"wp:featuredmedia":[{"embeddable":true,"href":"https:\/\/mestra.es\/fr\/wp-json\/wp\/v2\/media\/17952"}],"wp:attachment":[{"href":"https:\/\/mestra.es\/fr\/wp-json\/wp\/v2\/media?parent=17954"}],"wp:term":[{"taxonomy":"product_brand","embeddable":true,"href":"https:\/\/mestra.es\/fr\/wp-json\/wp\/v2\/product_brand?post=17954"},{"taxonomy":"product_cat","embeddable":true,"href":"https:\/\/mestra.es\/fr\/wp-json\/wp\/v2\/product_cat?post=17954"},{"taxonomy":"product_tag","embeddable":true,"href":"https:\/\/mestra.es\/fr\/wp-json\/wp\/v2\/product_tag?post=17954"}],"curies":[{"name":"wp","href":"https:\/\/api.w.org\/{rel}","templated":true}]}}