{"id":17385,"date":"2024-11-15T08:13:39","date_gmt":"2024-11-15T07:13:39","guid":{"rendered":"https:\/\/mestra.es\/?post_type=product&#038;p=17385"},"modified":"2025-03-20T15:02:59","modified_gmt":"2025-03-20T14:02:59","slug":"presse-hydraulique-copia","status":"publish","type":"product","link":"https:\/\/mestra.es\/fr\/producto\/presse-hydraulique-copia\/","title":{"rendered":"PRESSE HYDRAULIQUE"},"content":{"rendered":"<p>La presse hydraulique MESTRA est robuste, d&rsquo;une ligne agr\u00e9able et d&rsquo;un maniement facile. Elle a \u00e9t\u00e9 construite suivant les derni\u00e8res tendances et avec des mat\u00e9riaux nouveaux.<\/p>\n<ul>\n<li>Le syst\u00e8me hydraulique est con\u00e7u de mani\u00e8re \u00e0 ce que l&rsquo;huile ne puisse pas sortir de la chambre.<\/li>\n<li>Les pi\u00e8ces susceptibles d&rsquo;usure sont en acier am\u00e9lior\u00e9 et rectifi\u00e9.<\/li>\n<li>La finition est en peinture \u00e9poxy.<\/li>\n<li>La presse MESTRA est munie de ressorts pour la r\u00e9cup\u00e9ration du plateau inf\u00e9rieur, gr\u00e2ce auxquels elle est toujours en position de r\u00e9cup\u00e9ration.<\/li>\n<\/ul>\n<p>La largeur entre colonnes et le diam\u00e8tre du plateau sup\u00e9rieur, permettent d&rsquo;introduire et d&rsquo;enlever les moufles avec la bride pour presse MESTRA R-030380, sans avoir besoin de monter ou de descendre la broche, ce qui se traduit par une \u00e9conomie de temps et une plus grande commodit\u00e9.<\/p>\n","protected":false},"excerpt":{"rendered":"<p>La presse hydraulique MESTRA est robuste, d&rsquo;une ligne agr\u00e9able et d&rsquo;un maniement facile. Elle a \u00e9t\u00e9 construite suivant les derni\u00e8res tendances et avec des mat\u00e9riaux nouveaux. Le syst\u00e8me hydraulique est con\u00e7u de mani\u00e8re \u00e0 ce que l&rsquo;huile ne puisse pas sortir de la chambre. Les pi\u00e8ces susceptibles d&rsquo;usure sont en acier am\u00e9lior\u00e9 et rectifi\u00e9. La [&hellip;]<\/p>\n","protected":false},"featured_media":17394,"template":"","meta":{"_acf_changed":false,"_monsterinsights_skip_tracking":false,"_monsterinsights_sitenote_active":false,"_monsterinsights_sitenote_note":"","_monsterinsights_sitenote_category":0},"product_brand":[],"product_cat":[1350],"product_tag":[],"class_list":{"0":"post-17385","1":"product","2":"type-product","3":"status-publish","4":"has-post-thumbnail","6":"product_cat-presses-fr","8":"first","9":"instock","10":"purchasable","11":"product-type-simple"},"acf":[],"yoast_head":"<!-- This site is optimized with the Yoast SEO plugin v27.2 - https:\/\/yoast.com\/product\/yoast-seo-wordpress\/ -->\n<title>Presse hydraulique | MESTRA<\/title>\n<meta name=\"description\" content=\"Chez MESTRA nous avons Presse hydraulique. Consultez notre catalogue de mat\u00e9riel dentaire et passez votre commande d\u00e8s maintenant.\" \/>\n<meta name=\"robots\" content=\"index, follow, max-snippet:-1, max-image-preview:large, max-video-preview:-1\" \/>\n<link rel=\"canonical\" href=\"https:\/\/mestra.es\/fr\/producto\/presse-hydraulique-copia\/\" \/>\n<meta property=\"og:locale\" content=\"fr_FR\" \/>\n<meta property=\"og:type\" content=\"article\" \/>\n<meta property=\"og:title\" content=\"Presse hydraulique | MESTRA\" \/>\n<meta property=\"og:description\" content=\"Chez MESTRA nous avons Presse hydraulique. Consultez notre catalogue de mat\u00e9riel dentaire et passez votre commande d\u00e8s maintenant.\" \/>\n<meta property=\"og:url\" content=\"https:\/\/mestra.es\/fr\/producto\/presse-hydraulique-copia\/\" \/>\n<meta property=\"og:site_name\" content=\"Talleres Mestra\" \/>\n<meta property=\"article:modified_time\" content=\"2025-03-20T14:02:59+00:00\" \/>\n<meta property=\"og:image\" content=\"https:\/\/mestra.es\/wp-content\/uploads\/2024\/11\/030350.jpg\" \/>\n\t<meta property=\"og:image:width\" content=\"600\" \/>\n\t<meta property=\"og:image:height\" content=\"600\" \/>\n\t<meta property=\"og:image:type\" content=\"image\/jpeg\" \/>\n<meta name=\"twitter:card\" content=\"summary_large_image\" \/>\n<meta name=\"twitter:label1\" content=\"Prix\" \/>\n\t<meta name=\"twitter:data1\" content=\"1,00&nbsp;&euro;\" \/>\n\t<meta name=\"twitter:label2\" content=\"Disponibilit\u00e9\" \/>\n\t<meta name=\"twitter:data2\" content=\"En stock\" \/>\n<script type=\"application\/ld+json\" class=\"yoast-schema-graph\">{\"@context\":\"https:\/\/schema.org\",\"@graph\":[{\"@type\":\"WebPage\",\"@id\":\"https:\/\/mestra.es\/fr\/producto\/presse-hydraulique-copia\/\",\"url\":\"https:\/\/mestra.es\/fr\/producto\/presse-hydraulique-copia\/\",\"name\":\"Presse hydraulique | MESTRA\",\"isPartOf\":{\"@id\":\"https:\/\/mestra.es\/fr\/#website\"},\"primaryImageOfPage\":{\"@id\":\"https:\/\/mestra.es\/fr\/producto\/presse-hydraulique-copia\/#primaryimage\"},\"image\":{\"@id\":\"https:\/\/mestra.es\/fr\/producto\/presse-hydraulique-copia\/#primaryimage\"},\"thumbnailUrl\":\"https:\/\/mestra.es\/wp-content\/uploads\/2024\/11\/030350.jpg\",\"datePublished\":\"2024-11-15T07:13:39+00:00\",\"dateModified\":\"2025-03-20T14:02:59+00:00\",\"description\":\"Chez MESTRA nous avons Presse hydraulique. Consultez notre catalogue de mat\u00e9riel dentaire et passez votre commande d\u00e8s maintenant.\",\"breadcrumb\":{\"@id\":\"https:\/\/mestra.es\/fr\/producto\/presse-hydraulique-copia\/#breadcrumb\"},\"inLanguage\":\"fr-FR\",\"potentialAction\":[{\"@type\":\"ReadAction\",\"target\":[\"https:\/\/mestra.es\/fr\/producto\/presse-hydraulique-copia\/\"]}]},{\"@type\":\"ImageObject\",\"inLanguage\":\"fr-FR\",\"@id\":\"https:\/\/mestra.es\/fr\/producto\/presse-hydraulique-copia\/#primaryimage\",\"url\":\"https:\/\/mestra.es\/wp-content\/uploads\/2024\/11\/030350.jpg\",\"contentUrl\":\"https:\/\/mestra.es\/wp-content\/uploads\/2024\/11\/030350.jpg\",\"width\":600,\"height\":600,\"caption\":\"Prensa hidr\u00e1ulica\"},{\"@type\":\"BreadcrumbList\",\"@id\":\"https:\/\/mestra.es\/fr\/producto\/presse-hydraulique-copia\/#breadcrumb\",\"itemListElement\":[{\"@type\":\"ListItem\",\"position\":1,\"name\":\"Portada\",\"item\":\"https:\/\/mestra.es\/fr\/\"},{\"@type\":\"ListItem\",\"position\":2,\"name\":\"Boutique\",\"item\":\"https:\/\/mestra.es\/fr\/boutique\/\"},{\"@type\":\"ListItem\",\"position\":3,\"name\":\"PRESSE HYDRAULIQUE\"}]},{\"@type\":\"WebSite\",\"@id\":\"https:\/\/mestra.es\/fr\/#website\",\"url\":\"https:\/\/mestra.es\/fr\/\",\"name\":\"Talleres Mestra\",\"description\":\"\",\"publisher\":{\"@id\":\"https:\/\/mestra.es\/fr\/#organization\"},\"potentialAction\":[{\"@type\":\"SearchAction\",\"target\":{\"@type\":\"EntryPoint\",\"urlTemplate\":\"https:\/\/mestra.es\/fr\/?s={search_term_string}\"},\"query-input\":{\"@type\":\"PropertyValueSpecification\",\"valueRequired\":true,\"valueName\":\"search_term_string\"}}],\"inLanguage\":\"fr-FR\"},{\"@type\":\"Organization\",\"@id\":\"https:\/\/mestra.es\/fr\/#organization\",\"name\":\"Talleres Mestra\",\"url\":\"https:\/\/mestra.es\/fr\/\",\"logo\":{\"@type\":\"ImageObject\",\"inLanguage\":\"fr-FR\",\"@id\":\"https:\/\/mestra.es\/fr\/#\/schema\/logo\/image\/\",\"url\":\"https:\/\/mestra.es\/wp-content\/uploads\/2024\/05\/logo_mestra.png\",\"contentUrl\":\"https:\/\/mestra.es\/wp-content\/uploads\/2024\/05\/logo_mestra.png\",\"width\":300,\"height\":170,\"caption\":\"Talleres Mestra\"},\"image\":{\"@id\":\"https:\/\/mestra.es\/fr\/#\/schema\/logo\/image\/\"}}]}<\/script>\n<meta property=\"product:price:amount\" content=\"1.00\" \/>\n<meta property=\"product:price:currency\" content=\"EUR\" \/>\n<meta property=\"og:availability\" content=\"instock\" \/>\n<meta property=\"product:availability\" content=\"instock\" \/>\n<meta property=\"product:retailer_item_id\" content=\"030350\" \/>\n<meta property=\"product:condition\" content=\"new\" \/>\n<!-- \/ Yoast SEO plugin. -->","yoast_head_json":{"title":"Presse hydraulique | MESTRA","description":"Chez MESTRA nous avons Presse hydraulique. Consultez notre catalogue de mat\u00e9riel dentaire et passez votre commande d\u00e8s maintenant.","robots":{"index":"index","follow":"follow","max-snippet":"max-snippet:-1","max-image-preview":"max-image-preview:large","max-video-preview":"max-video-preview:-1"},"canonical":"https:\/\/mestra.es\/fr\/producto\/presse-hydraulique-copia\/","og_locale":"fr_FR","og_type":"article","og_title":"Presse hydraulique | MESTRA","og_description":"Chez MESTRA nous avons Presse hydraulique. Consultez notre catalogue de mat\u00e9riel dentaire et passez votre commande d\u00e8s maintenant.","og_url":"https:\/\/mestra.es\/fr\/producto\/presse-hydraulique-copia\/","og_site_name":"Talleres Mestra","article_modified_time":"2025-03-20T14:02:59+00:00","og_image":[{"width":600,"height":600,"url":"https:\/\/mestra.es\/wp-content\/uploads\/2024\/11\/030350.jpg","type":"image\/jpeg"}],"twitter_card":"summary_large_image","twitter_misc":{"Prix":"1,00&nbsp;&euro;","Disponibilit\u00e9":"En stock"},"schema":{"@context":"https:\/\/schema.org","@graph":[{"@type":"WebPage","@id":"https:\/\/mestra.es\/fr\/producto\/presse-hydraulique-copia\/","url":"https:\/\/mestra.es\/fr\/producto\/presse-hydraulique-copia\/","name":"Presse hydraulique | MESTRA","isPartOf":{"@id":"https:\/\/mestra.es\/fr\/#website"},"primaryImageOfPage":{"@id":"https:\/\/mestra.es\/fr\/producto\/presse-hydraulique-copia\/#primaryimage"},"image":{"@id":"https:\/\/mestra.es\/fr\/producto\/presse-hydraulique-copia\/#primaryimage"},"thumbnailUrl":"https:\/\/mestra.es\/wp-content\/uploads\/2024\/11\/030350.jpg","datePublished":"2024-11-15T07:13:39+00:00","dateModified":"2025-03-20T14:02:59+00:00","description":"Chez MESTRA nous avons Presse hydraulique. Consultez notre catalogue de mat\u00e9riel dentaire et passez votre commande d\u00e8s maintenant.","breadcrumb":{"@id":"https:\/\/mestra.es\/fr\/producto\/presse-hydraulique-copia\/#breadcrumb"},"inLanguage":"fr-FR","potentialAction":[{"@type":"ReadAction","target":["https:\/\/mestra.es\/fr\/producto\/presse-hydraulique-copia\/"]}]},{"@type":"ImageObject","inLanguage":"fr-FR","@id":"https:\/\/mestra.es\/fr\/producto\/presse-hydraulique-copia\/#primaryimage","url":"https:\/\/mestra.es\/wp-content\/uploads\/2024\/11\/030350.jpg","contentUrl":"https:\/\/mestra.es\/wp-content\/uploads\/2024\/11\/030350.jpg","width":600,"height":600,"caption":"Prensa hidr\u00e1ulica"},{"@type":"BreadcrumbList","@id":"https:\/\/mestra.es\/fr\/producto\/presse-hydraulique-copia\/#breadcrumb","itemListElement":[{"@type":"ListItem","position":1,"name":"Portada","item":"https:\/\/mestra.es\/fr\/"},{"@type":"ListItem","position":2,"name":"Boutique","item":"https:\/\/mestra.es\/fr\/boutique\/"},{"@type":"ListItem","position":3,"name":"PRESSE HYDRAULIQUE"}]},{"@type":"WebSite","@id":"https:\/\/mestra.es\/fr\/#website","url":"https:\/\/mestra.es\/fr\/","name":"Talleres Mestra","description":"","publisher":{"@id":"https:\/\/mestra.es\/fr\/#organization"},"potentialAction":[{"@type":"SearchAction","target":{"@type":"EntryPoint","urlTemplate":"https:\/\/mestra.es\/fr\/?s={search_term_string}"},"query-input":{"@type":"PropertyValueSpecification","valueRequired":true,"valueName":"search_term_string"}}],"inLanguage":"fr-FR"},{"@type":"Organization","@id":"https:\/\/mestra.es\/fr\/#organization","name":"Talleres Mestra","url":"https:\/\/mestra.es\/fr\/","logo":{"@type":"ImageObject","inLanguage":"fr-FR","@id":"https:\/\/mestra.es\/fr\/#\/schema\/logo\/image\/","url":"https:\/\/mestra.es\/wp-content\/uploads\/2024\/05\/logo_mestra.png","contentUrl":"https:\/\/mestra.es\/wp-content\/uploads\/2024\/05\/logo_mestra.png","width":300,"height":170,"caption":"Talleres Mestra"},"image":{"@id":"https:\/\/mestra.es\/fr\/#\/schema\/logo\/image\/"}}]},"product_price_amount":"1.00","product_price_currency":"EUR","og_availability":"instock","product_availability":"instock","product_retailer_item_id":"030350","product_condition":"new"},"_links":{"self":[{"href":"https:\/\/mestra.es\/fr\/wp-json\/wp\/v2\/product\/17385","targetHints":{"allow":["GET"]}}],"collection":[{"href":"https:\/\/mestra.es\/fr\/wp-json\/wp\/v2\/product"}],"about":[{"href":"https:\/\/mestra.es\/fr\/wp-json\/wp\/v2\/types\/product"}],"wp:featuredmedia":[{"embeddable":true,"href":"https:\/\/mestra.es\/fr\/wp-json\/wp\/v2\/media\/17394"}],"wp:attachment":[{"href":"https:\/\/mestra.es\/fr\/wp-json\/wp\/v2\/media?parent=17385"}],"wp:term":[{"taxonomy":"product_brand","embeddable":true,"href":"https:\/\/mestra.es\/fr\/wp-json\/wp\/v2\/product_brand?post=17385"},{"taxonomy":"product_cat","embeddable":true,"href":"https:\/\/mestra.es\/fr\/wp-json\/wp\/v2\/product_cat?post=17385"},{"taxonomy":"product_tag","embeddable":true,"href":"https:\/\/mestra.es\/fr\/wp-json\/wp\/v2\/product_tag?post=17385"}],"curies":[{"name":"wp","href":"https:\/\/api.w.org\/{rel}","templated":true}]}}