{"id":16612,"date":"2024-11-06T10:22:21","date_gmt":"2024-11-06T09:22:21","guid":{"rendered":"https:\/\/mestra.es\/producto\/articulador-charnela-para-completas\/"},"modified":"2025-03-17T14:52:19","modified_gmt":"2025-03-17T13:52:19","slug":"articulador-charnela-para-completas","status":"publish","type":"product","link":"https:\/\/mestra.es\/fr\/producto\/articulador-charnela-para-completas\/","title":{"rendered":"Articulateur (\u00e0 charni\u00e8re pour proth\u00e8ses compl\u00e8tes)"},"content":{"rendered":"<p>Cet articulateur \u00e0 charni\u00e8re est muni d\u2019un axe en acier inoxydable et d\u2019une vis de fixation du bras sup\u00e9rieur. Fabriqu\u00e9 en laiton de haute qualit\u00e9. R\u00e9glage par vis. Le bras sup\u00e9rieur est amovible.<\/p>\n","protected":false},"excerpt":{"rendered":"<p>Cet articulateur \u00e0 charni\u00e8re est muni d\u2019un axe en acier inoxydable et d\u2019une vis de fixation du bras sup\u00e9rieur. Fabriqu\u00e9 en laiton de haute qualit\u00e9. R\u00e9glage par vis. Le bras sup\u00e9rieur est amovible.<\/p>\n","protected":false},"featured_media":7993,"template":"","meta":{"_acf_changed":false,"_monsterinsights_skip_tracking":false,"_monsterinsights_sitenote_active":false,"_monsterinsights_sitenote_note":"","_monsterinsights_sitenote_category":0},"product_brand":[],"product_cat":[1367],"product_tag":[],"class_list":{"0":"post-16612","1":"product","2":"type-product","3":"status-publish","4":"has-post-thumbnail","6":"product_cat-articulateurs","8":"first","9":"instock","10":"taxable","11":"shipping-taxable","12":"purchasable","13":"product-type-simple"},"acf":[],"yoast_head":"<!-- This site is optimized with the Yoast SEO plugin v27.2 - https:\/\/yoast.com\/product\/yoast-seo-wordpress\/ -->\n<title>Articulateur (\u00e0 charni\u00e8re pour proth\u00e8ses compl\u00e8tes) | MESTRA<\/title>\n<meta name=\"description\" content=\"Chez MESTRA, nous disposons Articulateur (\u00e0 charni\u00e8re pour proth\u00e8ses compl\u00e8tes). Consultez notre catalogue de mat\u00e9riel dentaire et passez votre commande d\u00e8s maintenant.\" \/>\n<meta name=\"robots\" content=\"index, follow, max-snippet:-1, max-image-preview:large, max-video-preview:-1\" \/>\n<link rel=\"canonical\" href=\"https:\/\/mestra.es\/fr\/producto\/articulador-charnela-para-completas\/\" \/>\n<meta property=\"og:locale\" content=\"fr_FR\" \/>\n<meta property=\"og:type\" content=\"article\" \/>\n<meta property=\"og:title\" content=\"Articulateur (\u00e0 charni\u00e8re pour proth\u00e8ses compl\u00e8tes) | MESTRA\" \/>\n<meta property=\"og:description\" content=\"Chez MESTRA, nous disposons Articulateur (\u00e0 charni\u00e8re pour proth\u00e8ses compl\u00e8tes). Consultez notre catalogue de mat\u00e9riel dentaire et passez votre commande d\u00e8s maintenant.\" \/>\n<meta property=\"og:url\" content=\"https:\/\/mestra.es\/fr\/producto\/articulador-charnela-para-completas\/\" \/>\n<meta property=\"og:site_name\" content=\"Talleres Mestra\" \/>\n<meta property=\"article:modified_time\" content=\"2025-03-17T13:52:19+00:00\" \/>\n<meta property=\"og:image\" content=\"https:\/\/mestra.es\/wp-content\/uploads\/2024\/03\/38-ARTICULADOR-CHARNELA-PARA-COMPLETAS.jpg\" \/>\n\t<meta property=\"og:image:width\" content=\"600\" \/>\n\t<meta property=\"og:image:height\" content=\"600\" \/>\n\t<meta property=\"og:image:type\" content=\"image\/jpeg\" \/>\n<meta name=\"twitter:card\" content=\"summary_large_image\" \/>\n<meta name=\"twitter:label1\" content=\"Prix\" \/>\n\t<meta name=\"twitter:data1\" content=\"1,00&nbsp;&euro;\" \/>\n\t<meta name=\"twitter:label2\" content=\"Disponibilit\u00e9\" \/>\n\t<meta name=\"twitter:data2\" content=\"En stock\" \/>\n<script type=\"application\/ld+json\" class=\"yoast-schema-graph\">{\"@context\":\"https:\/\/schema.org\",\"@graph\":[{\"@type\":\"WebPage\",\"@id\":\"https:\/\/mestra.es\/fr\/producto\/articulador-charnela-para-completas\/\",\"url\":\"https:\/\/mestra.es\/fr\/producto\/articulador-charnela-para-completas\/\",\"name\":\"Articulateur (\u00e0 charni\u00e8re pour proth\u00e8ses compl\u00e8tes) | MESTRA\",\"isPartOf\":{\"@id\":\"https:\/\/mestra.es\/fr\/#website\"},\"primaryImageOfPage\":{\"@id\":\"https:\/\/mestra.es\/fr\/producto\/articulador-charnela-para-completas\/#primaryimage\"},\"image\":{\"@id\":\"https:\/\/mestra.es\/fr\/producto\/articulador-charnela-para-completas\/#primaryimage\"},\"thumbnailUrl\":\"https:\/\/mestra.es\/wp-content\/uploads\/2024\/03\/38-ARTICULADOR-CHARNELA-PARA-COMPLETAS.jpg\",\"datePublished\":\"2024-11-06T09:22:21+00:00\",\"dateModified\":\"2025-03-17T13:52:19+00:00\",\"description\":\"Chez MESTRA, nous disposons Articulateur (\u00e0 charni\u00e8re pour proth\u00e8ses compl\u00e8tes). Consultez notre catalogue de mat\u00e9riel dentaire et passez votre commande d\u00e8s maintenant.\",\"breadcrumb\":{\"@id\":\"https:\/\/mestra.es\/fr\/producto\/articulador-charnela-para-completas\/#breadcrumb\"},\"inLanguage\":\"fr-FR\",\"potentialAction\":[{\"@type\":\"ReadAction\",\"target\":[\"https:\/\/mestra.es\/fr\/producto\/articulador-charnela-para-completas\/\"]}]},{\"@type\":\"ImageObject\",\"inLanguage\":\"fr-FR\",\"@id\":\"https:\/\/mestra.es\/fr\/producto\/articulador-charnela-para-completas\/#primaryimage\",\"url\":\"https:\/\/mestra.es\/wp-content\/uploads\/2024\/03\/38-ARTICULADOR-CHARNELA-PARA-COMPLETAS.jpg\",\"contentUrl\":\"https:\/\/mestra.es\/wp-content\/uploads\/2024\/03\/38-ARTICULADOR-CHARNELA-PARA-COMPLETAS.jpg\",\"width\":600,\"height\":600,\"caption\":\"Articulador charnela para completas\"},{\"@type\":\"BreadcrumbList\",\"@id\":\"https:\/\/mestra.es\/fr\/producto\/articulador-charnela-para-completas\/#breadcrumb\",\"itemListElement\":[{\"@type\":\"ListItem\",\"position\":1,\"name\":\"Portada\",\"item\":\"https:\/\/mestra.es\/fr\/\"},{\"@type\":\"ListItem\",\"position\":2,\"name\":\"Boutique\",\"item\":\"https:\/\/mestra.es\/fr\/boutique\/\"},{\"@type\":\"ListItem\",\"position\":3,\"name\":\"Articulateur (\u00e0 charni\u00e8re pour proth\u00e8ses compl\u00e8tes)\"}]},{\"@type\":\"WebSite\",\"@id\":\"https:\/\/mestra.es\/fr\/#website\",\"url\":\"https:\/\/mestra.es\/fr\/\",\"name\":\"Talleres Mestra\",\"description\":\"\",\"publisher\":{\"@id\":\"https:\/\/mestra.es\/fr\/#organization\"},\"potentialAction\":[{\"@type\":\"SearchAction\",\"target\":{\"@type\":\"EntryPoint\",\"urlTemplate\":\"https:\/\/mestra.es\/fr\/?s={search_term_string}\"},\"query-input\":{\"@type\":\"PropertyValueSpecification\",\"valueRequired\":true,\"valueName\":\"search_term_string\"}}],\"inLanguage\":\"fr-FR\"},{\"@type\":\"Organization\",\"@id\":\"https:\/\/mestra.es\/fr\/#organization\",\"name\":\"Talleres Mestra\",\"url\":\"https:\/\/mestra.es\/fr\/\",\"logo\":{\"@type\":\"ImageObject\",\"inLanguage\":\"fr-FR\",\"@id\":\"https:\/\/mestra.es\/fr\/#\/schema\/logo\/image\/\",\"url\":\"https:\/\/mestra.es\/wp-content\/uploads\/2024\/05\/logo_mestra.png\",\"contentUrl\":\"https:\/\/mestra.es\/wp-content\/uploads\/2024\/05\/logo_mestra.png\",\"width\":300,\"height\":170,\"caption\":\"Talleres Mestra\"},\"image\":{\"@id\":\"https:\/\/mestra.es\/fr\/#\/schema\/logo\/image\/\"}}]}<\/script>\n<meta property=\"product:price:amount\" content=\"1.00\" \/>\n<meta property=\"product:price:currency\" content=\"EUR\" \/>\n<meta property=\"og:availability\" content=\"instock\" \/>\n<meta property=\"product:availability\" content=\"instock\" \/>\n<meta property=\"product:retailer_item_id\" content=\"010010\" \/>\n<meta property=\"product:condition\" content=\"new\" \/>\n<!-- \/ Yoast SEO plugin. -->","yoast_head_json":{"title":"Articulateur (\u00e0 charni\u00e8re pour proth\u00e8ses compl\u00e8tes) | MESTRA","description":"Chez MESTRA, nous disposons Articulateur (\u00e0 charni\u00e8re pour proth\u00e8ses compl\u00e8tes). Consultez notre catalogue de mat\u00e9riel dentaire et passez votre commande d\u00e8s maintenant.","robots":{"index":"index","follow":"follow","max-snippet":"max-snippet:-1","max-image-preview":"max-image-preview:large","max-video-preview":"max-video-preview:-1"},"canonical":"https:\/\/mestra.es\/fr\/producto\/articulador-charnela-para-completas\/","og_locale":"fr_FR","og_type":"article","og_title":"Articulateur (\u00e0 charni\u00e8re pour proth\u00e8ses compl\u00e8tes) | MESTRA","og_description":"Chez MESTRA, nous disposons Articulateur (\u00e0 charni\u00e8re pour proth\u00e8ses compl\u00e8tes). Consultez notre catalogue de mat\u00e9riel dentaire et passez votre commande d\u00e8s maintenant.","og_url":"https:\/\/mestra.es\/fr\/producto\/articulador-charnela-para-completas\/","og_site_name":"Talleres Mestra","article_modified_time":"2025-03-17T13:52:19+00:00","og_image":[{"width":600,"height":600,"url":"https:\/\/mestra.es\/wp-content\/uploads\/2024\/03\/38-ARTICULADOR-CHARNELA-PARA-COMPLETAS.jpg","type":"image\/jpeg"}],"twitter_card":"summary_large_image","twitter_misc":{"Prix":"1,00&nbsp;&euro;","Disponibilit\u00e9":"En stock"},"schema":{"@context":"https:\/\/schema.org","@graph":[{"@type":"WebPage","@id":"https:\/\/mestra.es\/fr\/producto\/articulador-charnela-para-completas\/","url":"https:\/\/mestra.es\/fr\/producto\/articulador-charnela-para-completas\/","name":"Articulateur (\u00e0 charni\u00e8re pour proth\u00e8ses compl\u00e8tes) | MESTRA","isPartOf":{"@id":"https:\/\/mestra.es\/fr\/#website"},"primaryImageOfPage":{"@id":"https:\/\/mestra.es\/fr\/producto\/articulador-charnela-para-completas\/#primaryimage"},"image":{"@id":"https:\/\/mestra.es\/fr\/producto\/articulador-charnela-para-completas\/#primaryimage"},"thumbnailUrl":"https:\/\/mestra.es\/wp-content\/uploads\/2024\/03\/38-ARTICULADOR-CHARNELA-PARA-COMPLETAS.jpg","datePublished":"2024-11-06T09:22:21+00:00","dateModified":"2025-03-17T13:52:19+00:00","description":"Chez MESTRA, nous disposons Articulateur (\u00e0 charni\u00e8re pour proth\u00e8ses compl\u00e8tes). Consultez notre catalogue de mat\u00e9riel dentaire et passez votre commande d\u00e8s maintenant.","breadcrumb":{"@id":"https:\/\/mestra.es\/fr\/producto\/articulador-charnela-para-completas\/#breadcrumb"},"inLanguage":"fr-FR","potentialAction":[{"@type":"ReadAction","target":["https:\/\/mestra.es\/fr\/producto\/articulador-charnela-para-completas\/"]}]},{"@type":"ImageObject","inLanguage":"fr-FR","@id":"https:\/\/mestra.es\/fr\/producto\/articulador-charnela-para-completas\/#primaryimage","url":"https:\/\/mestra.es\/wp-content\/uploads\/2024\/03\/38-ARTICULADOR-CHARNELA-PARA-COMPLETAS.jpg","contentUrl":"https:\/\/mestra.es\/wp-content\/uploads\/2024\/03\/38-ARTICULADOR-CHARNELA-PARA-COMPLETAS.jpg","width":600,"height":600,"caption":"Articulador charnela para completas"},{"@type":"BreadcrumbList","@id":"https:\/\/mestra.es\/fr\/producto\/articulador-charnela-para-completas\/#breadcrumb","itemListElement":[{"@type":"ListItem","position":1,"name":"Portada","item":"https:\/\/mestra.es\/fr\/"},{"@type":"ListItem","position":2,"name":"Boutique","item":"https:\/\/mestra.es\/fr\/boutique\/"},{"@type":"ListItem","position":3,"name":"Articulateur (\u00e0 charni\u00e8re pour proth\u00e8ses compl\u00e8tes)"}]},{"@type":"WebSite","@id":"https:\/\/mestra.es\/fr\/#website","url":"https:\/\/mestra.es\/fr\/","name":"Talleres Mestra","description":"","publisher":{"@id":"https:\/\/mestra.es\/fr\/#organization"},"potentialAction":[{"@type":"SearchAction","target":{"@type":"EntryPoint","urlTemplate":"https:\/\/mestra.es\/fr\/?s={search_term_string}"},"query-input":{"@type":"PropertyValueSpecification","valueRequired":true,"valueName":"search_term_string"}}],"inLanguage":"fr-FR"},{"@type":"Organization","@id":"https:\/\/mestra.es\/fr\/#organization","name":"Talleres Mestra","url":"https:\/\/mestra.es\/fr\/","logo":{"@type":"ImageObject","inLanguage":"fr-FR","@id":"https:\/\/mestra.es\/fr\/#\/schema\/logo\/image\/","url":"https:\/\/mestra.es\/wp-content\/uploads\/2024\/05\/logo_mestra.png","contentUrl":"https:\/\/mestra.es\/wp-content\/uploads\/2024\/05\/logo_mestra.png","width":300,"height":170,"caption":"Talleres Mestra"},"image":{"@id":"https:\/\/mestra.es\/fr\/#\/schema\/logo\/image\/"}}]},"product_price_amount":"1.00","product_price_currency":"EUR","og_availability":"instock","product_availability":"instock","product_retailer_item_id":"010010","product_condition":"new"},"_links":{"self":[{"href":"https:\/\/mestra.es\/fr\/wp-json\/wp\/v2\/product\/16612","targetHints":{"allow":["GET"]}}],"collection":[{"href":"https:\/\/mestra.es\/fr\/wp-json\/wp\/v2\/product"}],"about":[{"href":"https:\/\/mestra.es\/fr\/wp-json\/wp\/v2\/types\/product"}],"wp:featuredmedia":[{"embeddable":true,"href":"https:\/\/mestra.es\/fr\/wp-json\/wp\/v2\/media\/7993"}],"wp:attachment":[{"href":"https:\/\/mestra.es\/fr\/wp-json\/wp\/v2\/media?parent=16612"}],"wp:term":[{"taxonomy":"product_brand","embeddable":true,"href":"https:\/\/mestra.es\/fr\/wp-json\/wp\/v2\/product_brand?post=16612"},{"taxonomy":"product_cat","embeddable":true,"href":"https:\/\/mestra.es\/fr\/wp-json\/wp\/v2\/product_cat?post=16612"},{"taxonomy":"product_tag","embeddable":true,"href":"https:\/\/mestra.es\/fr\/wp-json\/wp\/v2\/product_tag?post=16612"}],"curies":[{"name":"wp","href":"https:\/\/api.w.org\/{rel}","templated":true}]}}