{"id":16581,"date":"2024-11-05T16:28:28","date_gmt":"2024-11-05T15:28:28","guid":{"rendered":"https:\/\/mestra.es\/producto\/gama-de-pinceles-hybrid-kolinsky-toray\/"},"modified":"2025-03-20T16:39:45","modified_gmt":"2025-03-20T15:39:45","slug":"gama-de-pinceles-hybrid-kolinsky-toray","status":"publish","type":"product","link":"https:\/\/mestra.es\/fr\/producto\/gama-de-pinceles-hybrid-kolinsky-toray\/","title":{"rendered":"Gamme de brosses Kolinsky-Toray HYBRID"},"content":{"rendered":"<p>On sait que l&rsquo;excellence d&rsquo;une brosse est donn\u00e9e par quatre attributs fondamentaux: sa capacit\u00e9 \u00e0 retrouver sa forme initiale apr\u00e8s usage (r\u00e9cup\u00e9ration), sa capacit\u00e9 \u00e0 absorber les liquides (capillarit\u00e9), sa capacit\u00e9 \u00e0 lib\u00e9rer progressivement ce liquide (dosage), et enfin, sa capacit\u00e9 \u00e0 glisser avec tr\u00e8s peu de r\u00e9sistance (glisse).<\/p>\n<p>Les cheveux de Marta Kolinsky, en raison de leur \u00e9tat naturel, ont une structure floconneuse. Le Toray, quant \u00e0 lui, a une structure lisse avec des trous, les deux fibres ont donc des avantages et des inconv\u00e9nients. Cependant, si elles sont combin\u00e9es dans les bonnes proportions, il est possible d&rsquo;obtenir un \u00e9quilibre parfait entre la r\u00e9cup\u00e9ration, la capillarit\u00e9, le dosage et la glisse. C&rsquo;est ce que propose notre nouvelle gamme de brosses HYBRID.<\/p>\n","protected":false},"excerpt":{"rendered":"<p>On sait que l&rsquo;excellence d&rsquo;une brosse est donn\u00e9e par quatre attributs fondamentaux: sa capacit\u00e9 \u00e0 retrouver sa forme initiale apr\u00e8s usage (r\u00e9cup\u00e9ration), sa capacit\u00e9 \u00e0 absorber les liquides (capillarit\u00e9), sa capacit\u00e9 \u00e0 lib\u00e9rer progressivement ce liquide (dosage), et enfin, sa capacit\u00e9 \u00e0 glisser avec tr\u00e8s peu de r\u00e9sistance (glisse). Les cheveux de Marta Kolinsky, en [&hellip;]<\/p>\n","protected":false},"featured_media":16573,"template":"","meta":{"_acf_changed":false,"_monsterinsights_skip_tracking":false,"_monsterinsights_sitenote_active":false,"_monsterinsights_sitenote_note":"","_monsterinsights_sitenote_category":0},"product_brand":[],"product_cat":[1331],"product_tag":[],"class_list":{"0":"post-16581","1":"product","2":"type-product","3":"status-publish","4":"has-post-thumbnail","6":"product_cat-pinceaux","8":"first","9":"instock","10":"taxable","11":"shipping-taxable","12":"purchasable","13":"product-type-variable"},"acf":[],"yoast_head":"<!-- This site is optimized with the Yoast SEO plugin v27.2 - https:\/\/yoast.com\/product\/yoast-seo-wordpress\/ -->\n<title>Gamme de brosses Kolinsky-Toray HYBRID | MESTRA<\/title>\n<meta name=\"description\" content=\"Chez MESTRA nous avons Gamme de brosses Kolinsky-Toray HYBRID. Consultez notre catalogue de mat\u00e9riel dentaire et passez votre commande d\u00e8s maintenant.\" \/>\n<meta name=\"robots\" content=\"index, follow, max-snippet:-1, max-image-preview:large, max-video-preview:-1\" \/>\n<link rel=\"canonical\" href=\"https:\/\/mestra.es\/fr\/producto\/gama-de-pinceles-hybrid-kolinsky-toray\/\" \/>\n<meta property=\"og:locale\" content=\"fr_FR\" \/>\n<meta property=\"og:type\" content=\"article\" \/>\n<meta property=\"og:title\" content=\"Gamme de brosses Kolinsky-Toray HYBRID | MESTRA\" \/>\n<meta property=\"og:description\" content=\"Chez MESTRA nous avons Gamme de brosses Kolinsky-Toray HYBRID. Consultez notre catalogue de mat\u00e9riel dentaire et passez votre commande d\u00e8s maintenant.\" \/>\n<meta property=\"og:url\" content=\"https:\/\/mestra.es\/fr\/producto\/gama-de-pinceles-hybrid-kolinsky-toray\/\" \/>\n<meta property=\"og:site_name\" content=\"Talleres Mestra\" \/>\n<meta property=\"article:modified_time\" content=\"2025-03-20T15:39:45+00:00\" \/>\n<meta property=\"og:image\" content=\"https:\/\/mestra.es\/wp-content\/uploads\/2024\/11\/050370-76.jpg\" \/>\n\t<meta property=\"og:image:width\" content=\"600\" \/>\n\t<meta property=\"og:image:height\" content=\"600\" \/>\n\t<meta property=\"og:image:type\" content=\"image\/jpeg\" \/>\n<meta name=\"twitter:card\" content=\"summary_large_image\" \/>\n<meta name=\"twitter:label1\" content=\"Disponibilit\u00e9\" \/>\n\t<meta name=\"twitter:data1\" content=\"En stock\" \/>\n<script type=\"application\/ld+json\" class=\"yoast-schema-graph\">{\"@context\":\"https:\/\/schema.org\",\"@graph\":[{\"@type\":\"WebPage\",\"@id\":\"https:\/\/mestra.es\/fr\/producto\/gama-de-pinceles-hybrid-kolinsky-toray\/\",\"url\":\"https:\/\/mestra.es\/fr\/producto\/gama-de-pinceles-hybrid-kolinsky-toray\/\",\"name\":\"Gamme de brosses Kolinsky-Toray HYBRID | MESTRA\",\"isPartOf\":{\"@id\":\"https:\/\/mestra.es\/fr\/#website\"},\"primaryImageOfPage\":{\"@id\":\"https:\/\/mestra.es\/fr\/producto\/gama-de-pinceles-hybrid-kolinsky-toray\/#primaryimage\"},\"image\":{\"@id\":\"https:\/\/mestra.es\/fr\/producto\/gama-de-pinceles-hybrid-kolinsky-toray\/#primaryimage\"},\"thumbnailUrl\":\"https:\/\/mestra.es\/wp-content\/uploads\/2024\/11\/050370-76.jpg\",\"datePublished\":\"2024-11-05T15:28:28+00:00\",\"dateModified\":\"2025-03-20T15:39:45+00:00\",\"description\":\"Chez MESTRA nous avons Gamme de brosses Kolinsky-Toray HYBRID. Consultez notre catalogue de mat\u00e9riel dentaire et passez votre commande d\u00e8s maintenant.\",\"breadcrumb\":{\"@id\":\"https:\/\/mestra.es\/fr\/producto\/gama-de-pinceles-hybrid-kolinsky-toray\/#breadcrumb\"},\"inLanguage\":\"fr-FR\",\"potentialAction\":[{\"@type\":\"ReadAction\",\"target\":[\"https:\/\/mestra.es\/fr\/producto\/gama-de-pinceles-hybrid-kolinsky-toray\/\"]}]},{\"@type\":\"ImageObject\",\"inLanguage\":\"fr-FR\",\"@id\":\"https:\/\/mestra.es\/fr\/producto\/gama-de-pinceles-hybrid-kolinsky-toray\/#primaryimage\",\"url\":\"https:\/\/mestra.es\/wp-content\/uploads\/2024\/11\/050370-76.jpg\",\"contentUrl\":\"https:\/\/mestra.es\/wp-content\/uploads\/2024\/11\/050370-76.jpg\",\"width\":600,\"height\":600,\"caption\":\"Gama de pinceles HYBRID Kolinsky-Toray\"},{\"@type\":\"BreadcrumbList\",\"@id\":\"https:\/\/mestra.es\/fr\/producto\/gama-de-pinceles-hybrid-kolinsky-toray\/#breadcrumb\",\"itemListElement\":[{\"@type\":\"ListItem\",\"position\":1,\"name\":\"Portada\",\"item\":\"https:\/\/mestra.es\/fr\/\"},{\"@type\":\"ListItem\",\"position\":2,\"name\":\"Boutique\",\"item\":\"https:\/\/mestra.es\/fr\/boutique\/\"},{\"@type\":\"ListItem\",\"position\":3,\"name\":\"Gamme de brosses Kolinsky-Toray HYBRID\"}]},{\"@type\":\"WebSite\",\"@id\":\"https:\/\/mestra.es\/fr\/#website\",\"url\":\"https:\/\/mestra.es\/fr\/\",\"name\":\"Talleres Mestra\",\"description\":\"\",\"publisher\":{\"@id\":\"https:\/\/mestra.es\/fr\/#organization\"},\"potentialAction\":[{\"@type\":\"SearchAction\",\"target\":{\"@type\":\"EntryPoint\",\"urlTemplate\":\"https:\/\/mestra.es\/fr\/?s={search_term_string}\"},\"query-input\":{\"@type\":\"PropertyValueSpecification\",\"valueRequired\":true,\"valueName\":\"search_term_string\"}}],\"inLanguage\":\"fr-FR\"},{\"@type\":\"Organization\",\"@id\":\"https:\/\/mestra.es\/fr\/#organization\",\"name\":\"Talleres Mestra\",\"url\":\"https:\/\/mestra.es\/fr\/\",\"logo\":{\"@type\":\"ImageObject\",\"inLanguage\":\"fr-FR\",\"@id\":\"https:\/\/mestra.es\/fr\/#\/schema\/logo\/image\/\",\"url\":\"https:\/\/mestra.es\/wp-content\/uploads\/2024\/05\/logo_mestra.png\",\"contentUrl\":\"https:\/\/mestra.es\/wp-content\/uploads\/2024\/05\/logo_mestra.png\",\"width\":300,\"height\":170,\"caption\":\"Talleres Mestra\"},\"image\":{\"@id\":\"https:\/\/mestra.es\/fr\/#\/schema\/logo\/image\/\"}}]}<\/script>\n<meta property=\"og:availability\" content=\"instock\" \/>\n<meta property=\"product:availability\" content=\"instock\" \/>\n<meta property=\"product:retailer_item_id\" content=\"050370-76\" \/>\n<meta property=\"product:condition\" content=\"new\" \/>\n<!-- \/ Yoast SEO plugin. -->","yoast_head_json":{"title":"Gamme de brosses Kolinsky-Toray HYBRID | MESTRA","description":"Chez MESTRA nous avons Gamme de brosses Kolinsky-Toray HYBRID. Consultez notre catalogue de mat\u00e9riel dentaire et passez votre commande d\u00e8s maintenant.","robots":{"index":"index","follow":"follow","max-snippet":"max-snippet:-1","max-image-preview":"max-image-preview:large","max-video-preview":"max-video-preview:-1"},"canonical":"https:\/\/mestra.es\/fr\/producto\/gama-de-pinceles-hybrid-kolinsky-toray\/","og_locale":"fr_FR","og_type":"article","og_title":"Gamme de brosses Kolinsky-Toray HYBRID | MESTRA","og_description":"Chez MESTRA nous avons Gamme de brosses Kolinsky-Toray HYBRID. Consultez notre catalogue de mat\u00e9riel dentaire et passez votre commande d\u00e8s maintenant.","og_url":"https:\/\/mestra.es\/fr\/producto\/gama-de-pinceles-hybrid-kolinsky-toray\/","og_site_name":"Talleres Mestra","article_modified_time":"2025-03-20T15:39:45+00:00","og_image":[{"width":600,"height":600,"url":"https:\/\/mestra.es\/wp-content\/uploads\/2024\/11\/050370-76.jpg","type":"image\/jpeg"}],"twitter_card":"summary_large_image","twitter_misc":{"Disponibilit\u00e9":"En stock"},"schema":{"@context":"https:\/\/schema.org","@graph":[{"@type":"WebPage","@id":"https:\/\/mestra.es\/fr\/producto\/gama-de-pinceles-hybrid-kolinsky-toray\/","url":"https:\/\/mestra.es\/fr\/producto\/gama-de-pinceles-hybrid-kolinsky-toray\/","name":"Gamme de brosses Kolinsky-Toray HYBRID | MESTRA","isPartOf":{"@id":"https:\/\/mestra.es\/fr\/#website"},"primaryImageOfPage":{"@id":"https:\/\/mestra.es\/fr\/producto\/gama-de-pinceles-hybrid-kolinsky-toray\/#primaryimage"},"image":{"@id":"https:\/\/mestra.es\/fr\/producto\/gama-de-pinceles-hybrid-kolinsky-toray\/#primaryimage"},"thumbnailUrl":"https:\/\/mestra.es\/wp-content\/uploads\/2024\/11\/050370-76.jpg","datePublished":"2024-11-05T15:28:28+00:00","dateModified":"2025-03-20T15:39:45+00:00","description":"Chez MESTRA nous avons Gamme de brosses Kolinsky-Toray HYBRID. Consultez notre catalogue de mat\u00e9riel dentaire et passez votre commande d\u00e8s maintenant.","breadcrumb":{"@id":"https:\/\/mestra.es\/fr\/producto\/gama-de-pinceles-hybrid-kolinsky-toray\/#breadcrumb"},"inLanguage":"fr-FR","potentialAction":[{"@type":"ReadAction","target":["https:\/\/mestra.es\/fr\/producto\/gama-de-pinceles-hybrid-kolinsky-toray\/"]}]},{"@type":"ImageObject","inLanguage":"fr-FR","@id":"https:\/\/mestra.es\/fr\/producto\/gama-de-pinceles-hybrid-kolinsky-toray\/#primaryimage","url":"https:\/\/mestra.es\/wp-content\/uploads\/2024\/11\/050370-76.jpg","contentUrl":"https:\/\/mestra.es\/wp-content\/uploads\/2024\/11\/050370-76.jpg","width":600,"height":600,"caption":"Gama de pinceles HYBRID Kolinsky-Toray"},{"@type":"BreadcrumbList","@id":"https:\/\/mestra.es\/fr\/producto\/gama-de-pinceles-hybrid-kolinsky-toray\/#breadcrumb","itemListElement":[{"@type":"ListItem","position":1,"name":"Portada","item":"https:\/\/mestra.es\/fr\/"},{"@type":"ListItem","position":2,"name":"Boutique","item":"https:\/\/mestra.es\/fr\/boutique\/"},{"@type":"ListItem","position":3,"name":"Gamme de brosses Kolinsky-Toray HYBRID"}]},{"@type":"WebSite","@id":"https:\/\/mestra.es\/fr\/#website","url":"https:\/\/mestra.es\/fr\/","name":"Talleres Mestra","description":"","publisher":{"@id":"https:\/\/mestra.es\/fr\/#organization"},"potentialAction":[{"@type":"SearchAction","target":{"@type":"EntryPoint","urlTemplate":"https:\/\/mestra.es\/fr\/?s={search_term_string}"},"query-input":{"@type":"PropertyValueSpecification","valueRequired":true,"valueName":"search_term_string"}}],"inLanguage":"fr-FR"},{"@type":"Organization","@id":"https:\/\/mestra.es\/fr\/#organization","name":"Talleres Mestra","url":"https:\/\/mestra.es\/fr\/","logo":{"@type":"ImageObject","inLanguage":"fr-FR","@id":"https:\/\/mestra.es\/fr\/#\/schema\/logo\/image\/","url":"https:\/\/mestra.es\/wp-content\/uploads\/2024\/05\/logo_mestra.png","contentUrl":"https:\/\/mestra.es\/wp-content\/uploads\/2024\/05\/logo_mestra.png","width":300,"height":170,"caption":"Talleres Mestra"},"image":{"@id":"https:\/\/mestra.es\/fr\/#\/schema\/logo\/image\/"}}]},"og_availability":"instock","product_availability":"instock","product_retailer_item_id":"050370-76","product_condition":"new"},"_links":{"self":[{"href":"https:\/\/mestra.es\/fr\/wp-json\/wp\/v2\/product\/16581","targetHints":{"allow":["GET"]}}],"collection":[{"href":"https:\/\/mestra.es\/fr\/wp-json\/wp\/v2\/product"}],"about":[{"href":"https:\/\/mestra.es\/fr\/wp-json\/wp\/v2\/types\/product"}],"wp:featuredmedia":[{"embeddable":true,"href":"https:\/\/mestra.es\/fr\/wp-json\/wp\/v2\/media\/16573"}],"wp:attachment":[{"href":"https:\/\/mestra.es\/fr\/wp-json\/wp\/v2\/media?parent=16581"}],"wp:term":[{"taxonomy":"product_brand","embeddable":true,"href":"https:\/\/mestra.es\/fr\/wp-json\/wp\/v2\/product_brand?post=16581"},{"taxonomy":"product_cat","embeddable":true,"href":"https:\/\/mestra.es\/fr\/wp-json\/wp\/v2\/product_cat?post=16581"},{"taxonomy":"product_tag","embeddable":true,"href":"https:\/\/mestra.es\/fr\/wp-json\/wp\/v2\/product_tag?post=16581"}],"curies":[{"name":"wp","href":"https:\/\/api.w.org\/{rel}","templated":true}]}}