{"id":16195,"date":"2024-10-09T10:39:38","date_gmt":"2024-10-09T08:39:38","guid":{"rendered":"https:\/\/mestra.es\/producto\/autoclave-icanclave-3f\/"},"modified":"2025-03-31T09:23:44","modified_gmt":"2025-03-31T07:23:44","slug":"autoclave-icanclave-3f","status":"publish","type":"product","link":"https:\/\/mestra.es\/fr\/producto\/autoclave-icanclave-3f\/","title":{"rendered":"Autoclave icanCLAVE 3F"},"content":{"rendered":"<p>icanCLAVE 3F est un autoclave super rapide, sp\u00e9cialement con\u00e7u pour la st\u00e9rilisation des instruments non emball\u00e9s, ce qui am\u00e9liore consid\u00e9rablement le taux de rotation des instruments chirurgicaux et la commodit\u00e9 des petites op\u00e9rations telles que la dentisterie, la cosm\u00e9tologie, l\u2019oto-rhino-laryngologie et l\u2019ophtalmologie.<\/p>\n<ul>\n<li><strong>Port imprimante:<\/strong>\u00a0il est utilis\u00e9 pour connecter une imprimante externe qui imprime automatiquement le rapport de cycle.<\/li>\n<li><strong>Port USB:<\/strong>\u00a0il est utilis\u00e9 pour connecter un disque USB, toutes les donn\u00e9es de st\u00e9rilisation sont automatiquement transf\u00e9r\u00e9es sur le disque USB et peuvent \u00eatre pr\u00e9par\u00e9es directement sur n\u2019importe quel PC et stock\u00e9es \u00e9lectroniquement.<\/li>\n<li><strong>M\u00e9moire interne:<\/strong>\u00a0les 9999 derniers cycles peuvent \u00eatre automatiquement stock\u00e9s dans le syst\u00e8me de l\u2019autoclave et peuvent \u00eatre imprim\u00e9s \u00e0 tout moment.<\/li>\n<li><strong>Port pour l\u2019imprimante d\u2019\u00e9tiquettes de codes-barres:<\/strong>\u00a0il est utilis\u00e9 pour connecter une imprimante de codes-barres optionnelle qui imprime les \u00e9tiquettes de codes-barres contenant les informations relatives au cycle de st\u00e9rilisation.<\/li>\n<li><strong>Valise de transport<\/strong><\/li>\n<\/ul>\n","protected":false},"excerpt":{"rendered":"<p>icanCLAVE 3F est un autoclave super rapide, sp\u00e9cialement con\u00e7u pour la st\u00e9rilisation des instruments non emball\u00e9s, ce qui am\u00e9liore consid\u00e9rablement le taux de rotation des instruments chirurgicaux et la commodit\u00e9 des petites op\u00e9rations telles que la dentisterie, la cosm\u00e9tologie, l\u2019oto-rhino-laryngologie et l\u2019ophtalmologie. Port imprimante:\u00a0il est utilis\u00e9 pour connecter une imprimante externe qui imprime automatiquement le [&hellip;]<\/p>\n","protected":false},"featured_media":16548,"template":"","meta":{"_acf_changed":false,"_monsterinsights_skip_tracking":false,"_monsterinsights_sitenote_active":false,"_monsterinsights_sitenote_note":"","_monsterinsights_sitenote_category":0},"product_brand":[],"product_cat":[2031],"product_tag":[],"class_list":{"0":"post-16195","1":"product","2":"type-product","3":"status-publish","4":"has-post-thumbnail","6":"product_cat-sterilisation","8":"first","9":"instock","10":"taxable","11":"shipping-taxable","12":"purchasable","13":"product-type-simple"},"acf":[],"yoast_head":"<!-- This site is optimized with the Yoast SEO plugin v27.2 - https:\/\/yoast.com\/product\/yoast-seo-wordpress\/ -->\n<title>Autoclave icanCLAVE 3F | MESTRA<\/title>\n<meta name=\"description\" content=\"Chez MESTRA nous avons des injecteurs de polyamide dentaire. Consultez notre catalogue de mat\u00e9riel dentaire et passez votre commande d\u00e8s maintenant.\" \/>\n<meta name=\"robots\" content=\"index, follow, max-snippet:-1, max-image-preview:large, max-video-preview:-1\" \/>\n<link rel=\"canonical\" href=\"https:\/\/mestra.es\/fr\/producto\/autoclave-icanclave-3f\/\" \/>\n<meta property=\"og:locale\" content=\"fr_FR\" \/>\n<meta property=\"og:type\" content=\"article\" \/>\n<meta property=\"og:title\" content=\"Autoclave icanCLAVE 3F | MESTRA\" \/>\n<meta property=\"og:description\" content=\"Chez MESTRA nous avons des injecteurs de polyamide dentaire. Consultez notre catalogue de mat\u00e9riel dentaire et passez votre commande d\u00e8s maintenant.\" \/>\n<meta property=\"og:url\" content=\"https:\/\/mestra.es\/fr\/producto\/autoclave-icanclave-3f\/\" \/>\n<meta property=\"og:site_name\" content=\"Talleres Mestra\" \/>\n<meta property=\"article:modified_time\" content=\"2025-03-31T07:23:44+00:00\" \/>\n<meta property=\"og:image\" content=\"https:\/\/mestra.es\/wp-content\/uploads\/2024\/10\/100367-1.jpg\" \/>\n\t<meta property=\"og:image:width\" content=\"600\" \/>\n\t<meta property=\"og:image:height\" content=\"600\" \/>\n\t<meta property=\"og:image:type\" content=\"image\/jpeg\" \/>\n<meta name=\"twitter:card\" content=\"summary_large_image\" \/>\n<meta name=\"twitter:label1\" content=\"Prix\" \/>\n\t<meta name=\"twitter:data1\" content=\"1,00&nbsp;&euro;\" \/>\n\t<meta name=\"twitter:label2\" content=\"Disponibilit\u00e9\" \/>\n\t<meta name=\"twitter:data2\" content=\"En stock\" \/>\n<script type=\"application\/ld+json\" class=\"yoast-schema-graph\">{\"@context\":\"https:\/\/schema.org\",\"@graph\":[{\"@type\":\"WebPage\",\"@id\":\"https:\/\/mestra.es\/fr\/producto\/autoclave-icanclave-3f\/\",\"url\":\"https:\/\/mestra.es\/fr\/producto\/autoclave-icanclave-3f\/\",\"name\":\"Autoclave icanCLAVE 3F | MESTRA\",\"isPartOf\":{\"@id\":\"https:\/\/mestra.es\/fr\/#website\"},\"primaryImageOfPage\":{\"@id\":\"https:\/\/mestra.es\/fr\/producto\/autoclave-icanclave-3f\/#primaryimage\"},\"image\":{\"@id\":\"https:\/\/mestra.es\/fr\/producto\/autoclave-icanclave-3f\/#primaryimage\"},\"thumbnailUrl\":\"https:\/\/mestra.es\/wp-content\/uploads\/2024\/10\/100367-1.jpg\",\"datePublished\":\"2024-10-09T08:39:38+00:00\",\"dateModified\":\"2025-03-31T07:23:44+00:00\",\"description\":\"Chez MESTRA nous avons des injecteurs de polyamide dentaire. Consultez notre catalogue de mat\u00e9riel dentaire et passez votre commande d\u00e8s maintenant.\",\"breadcrumb\":{\"@id\":\"https:\/\/mestra.es\/fr\/producto\/autoclave-icanclave-3f\/#breadcrumb\"},\"inLanguage\":\"fr-FR\",\"potentialAction\":[{\"@type\":\"ReadAction\",\"target\":[\"https:\/\/mestra.es\/fr\/producto\/autoclave-icanclave-3f\/\"]}]},{\"@type\":\"ImageObject\",\"inLanguage\":\"fr-FR\",\"@id\":\"https:\/\/mestra.es\/fr\/producto\/autoclave-icanclave-3f\/#primaryimage\",\"url\":\"https:\/\/mestra.es\/wp-content\/uploads\/2024\/10\/100367-1.jpg\",\"contentUrl\":\"https:\/\/mestra.es\/wp-content\/uploads\/2024\/10\/100367-1.jpg\",\"width\":600,\"height\":600,\"caption\":\"Autoclave icanCLAVE 3F\"},{\"@type\":\"BreadcrumbList\",\"@id\":\"https:\/\/mestra.es\/fr\/producto\/autoclave-icanclave-3f\/#breadcrumb\",\"itemListElement\":[{\"@type\":\"ListItem\",\"position\":1,\"name\":\"Portada\",\"item\":\"https:\/\/mestra.es\/fr\/\"},{\"@type\":\"ListItem\",\"position\":2,\"name\":\"Boutique\",\"item\":\"https:\/\/mestra.es\/fr\/boutique\/\"},{\"@type\":\"ListItem\",\"position\":3,\"name\":\"Autoclave icanCLAVE 3F\"}]},{\"@type\":\"WebSite\",\"@id\":\"https:\/\/mestra.es\/fr\/#website\",\"url\":\"https:\/\/mestra.es\/fr\/\",\"name\":\"Talleres Mestra\",\"description\":\"\",\"publisher\":{\"@id\":\"https:\/\/mestra.es\/fr\/#organization\"},\"potentialAction\":[{\"@type\":\"SearchAction\",\"target\":{\"@type\":\"EntryPoint\",\"urlTemplate\":\"https:\/\/mestra.es\/fr\/?s={search_term_string}\"},\"query-input\":{\"@type\":\"PropertyValueSpecification\",\"valueRequired\":true,\"valueName\":\"search_term_string\"}}],\"inLanguage\":\"fr-FR\"},{\"@type\":\"Organization\",\"@id\":\"https:\/\/mestra.es\/fr\/#organization\",\"name\":\"Talleres Mestra\",\"url\":\"https:\/\/mestra.es\/fr\/\",\"logo\":{\"@type\":\"ImageObject\",\"inLanguage\":\"fr-FR\",\"@id\":\"https:\/\/mestra.es\/fr\/#\/schema\/logo\/image\/\",\"url\":\"https:\/\/mestra.es\/wp-content\/uploads\/2024\/05\/logo_mestra.png\",\"contentUrl\":\"https:\/\/mestra.es\/wp-content\/uploads\/2024\/05\/logo_mestra.png\",\"width\":300,\"height\":170,\"caption\":\"Talleres Mestra\"},\"image\":{\"@id\":\"https:\/\/mestra.es\/fr\/#\/schema\/logo\/image\/\"}}]}<\/script>\n<meta property=\"product:price:amount\" content=\"1.00\" \/>\n<meta property=\"product:price:currency\" content=\"EUR\" \/>\n<meta property=\"og:availability\" content=\"instock\" \/>\n<meta property=\"product:availability\" content=\"instock\" \/>\n<meta property=\"product:retailer_item_id\" content=\"100367\" \/>\n<meta property=\"product:condition\" content=\"new\" \/>\n<!-- \/ Yoast SEO plugin. -->","yoast_head_json":{"title":"Autoclave icanCLAVE 3F | MESTRA","description":"Chez MESTRA nous avons des injecteurs de polyamide dentaire. Consultez notre catalogue de mat\u00e9riel dentaire et passez votre commande d\u00e8s maintenant.","robots":{"index":"index","follow":"follow","max-snippet":"max-snippet:-1","max-image-preview":"max-image-preview:large","max-video-preview":"max-video-preview:-1"},"canonical":"https:\/\/mestra.es\/fr\/producto\/autoclave-icanclave-3f\/","og_locale":"fr_FR","og_type":"article","og_title":"Autoclave icanCLAVE 3F | MESTRA","og_description":"Chez MESTRA nous avons des injecteurs de polyamide dentaire. Consultez notre catalogue de mat\u00e9riel dentaire et passez votre commande d\u00e8s maintenant.","og_url":"https:\/\/mestra.es\/fr\/producto\/autoclave-icanclave-3f\/","og_site_name":"Talleres Mestra","article_modified_time":"2025-03-31T07:23:44+00:00","og_image":[{"width":600,"height":600,"url":"https:\/\/mestra.es\/wp-content\/uploads\/2024\/10\/100367-1.jpg","type":"image\/jpeg"}],"twitter_card":"summary_large_image","twitter_misc":{"Prix":"1,00&nbsp;&euro;","Disponibilit\u00e9":"En stock"},"schema":{"@context":"https:\/\/schema.org","@graph":[{"@type":"WebPage","@id":"https:\/\/mestra.es\/fr\/producto\/autoclave-icanclave-3f\/","url":"https:\/\/mestra.es\/fr\/producto\/autoclave-icanclave-3f\/","name":"Autoclave icanCLAVE 3F | MESTRA","isPartOf":{"@id":"https:\/\/mestra.es\/fr\/#website"},"primaryImageOfPage":{"@id":"https:\/\/mestra.es\/fr\/producto\/autoclave-icanclave-3f\/#primaryimage"},"image":{"@id":"https:\/\/mestra.es\/fr\/producto\/autoclave-icanclave-3f\/#primaryimage"},"thumbnailUrl":"https:\/\/mestra.es\/wp-content\/uploads\/2024\/10\/100367-1.jpg","datePublished":"2024-10-09T08:39:38+00:00","dateModified":"2025-03-31T07:23:44+00:00","description":"Chez MESTRA nous avons des injecteurs de polyamide dentaire. Consultez notre catalogue de mat\u00e9riel dentaire et passez votre commande d\u00e8s maintenant.","breadcrumb":{"@id":"https:\/\/mestra.es\/fr\/producto\/autoclave-icanclave-3f\/#breadcrumb"},"inLanguage":"fr-FR","potentialAction":[{"@type":"ReadAction","target":["https:\/\/mestra.es\/fr\/producto\/autoclave-icanclave-3f\/"]}]},{"@type":"ImageObject","inLanguage":"fr-FR","@id":"https:\/\/mestra.es\/fr\/producto\/autoclave-icanclave-3f\/#primaryimage","url":"https:\/\/mestra.es\/wp-content\/uploads\/2024\/10\/100367-1.jpg","contentUrl":"https:\/\/mestra.es\/wp-content\/uploads\/2024\/10\/100367-1.jpg","width":600,"height":600,"caption":"Autoclave icanCLAVE 3F"},{"@type":"BreadcrumbList","@id":"https:\/\/mestra.es\/fr\/producto\/autoclave-icanclave-3f\/#breadcrumb","itemListElement":[{"@type":"ListItem","position":1,"name":"Portada","item":"https:\/\/mestra.es\/fr\/"},{"@type":"ListItem","position":2,"name":"Boutique","item":"https:\/\/mestra.es\/fr\/boutique\/"},{"@type":"ListItem","position":3,"name":"Autoclave icanCLAVE 3F"}]},{"@type":"WebSite","@id":"https:\/\/mestra.es\/fr\/#website","url":"https:\/\/mestra.es\/fr\/","name":"Talleres Mestra","description":"","publisher":{"@id":"https:\/\/mestra.es\/fr\/#organization"},"potentialAction":[{"@type":"SearchAction","target":{"@type":"EntryPoint","urlTemplate":"https:\/\/mestra.es\/fr\/?s={search_term_string}"},"query-input":{"@type":"PropertyValueSpecification","valueRequired":true,"valueName":"search_term_string"}}],"inLanguage":"fr-FR"},{"@type":"Organization","@id":"https:\/\/mestra.es\/fr\/#organization","name":"Talleres Mestra","url":"https:\/\/mestra.es\/fr\/","logo":{"@type":"ImageObject","inLanguage":"fr-FR","@id":"https:\/\/mestra.es\/fr\/#\/schema\/logo\/image\/","url":"https:\/\/mestra.es\/wp-content\/uploads\/2024\/05\/logo_mestra.png","contentUrl":"https:\/\/mestra.es\/wp-content\/uploads\/2024\/05\/logo_mestra.png","width":300,"height":170,"caption":"Talleres Mestra"},"image":{"@id":"https:\/\/mestra.es\/fr\/#\/schema\/logo\/image\/"}}]},"product_price_amount":"1.00","product_price_currency":"EUR","og_availability":"instock","product_availability":"instock","product_retailer_item_id":"100367","product_condition":"new"},"_links":{"self":[{"href":"https:\/\/mestra.es\/fr\/wp-json\/wp\/v2\/product\/16195","targetHints":{"allow":["GET"]}}],"collection":[{"href":"https:\/\/mestra.es\/fr\/wp-json\/wp\/v2\/product"}],"about":[{"href":"https:\/\/mestra.es\/fr\/wp-json\/wp\/v2\/types\/product"}],"wp:featuredmedia":[{"embeddable":true,"href":"https:\/\/mestra.es\/fr\/wp-json\/wp\/v2\/media\/16548"}],"wp:attachment":[{"href":"https:\/\/mestra.es\/fr\/wp-json\/wp\/v2\/media?parent=16195"}],"wp:term":[{"taxonomy":"product_brand","embeddable":true,"href":"https:\/\/mestra.es\/fr\/wp-json\/wp\/v2\/product_brand?post=16195"},{"taxonomy":"product_cat","embeddable":true,"href":"https:\/\/mestra.es\/fr\/wp-json\/wp\/v2\/product_cat?post=16195"},{"taxonomy":"product_tag","embeddable":true,"href":"https:\/\/mestra.es\/fr\/wp-json\/wp\/v2\/product_tag?post=16195"}],"curies":[{"name":"wp","href":"https:\/\/api.w.org\/{rel}","templated":true}]}}