{"id":15978,"date":"2024-09-30T08:59:56","date_gmt":"2024-09-30T06:59:56","guid":{"rendered":"https:\/\/mestra.es\/?post_type=product&#038;p=15978"},"modified":"2025-03-21T13:20:33","modified_gmt":"2025-03-21T12:20:33","slug":"lampe-led-avec-brass-articule-laterale-copia","status":"publish","type":"product","link":"https:\/\/mestra.es\/fr\/producto\/lampe-led-avec-brass-articule-laterale-copia\/","title":{"rendered":"LAMPE LED AVEC BRASS ARTICULE"},"content":{"rendered":"<ul>\n<li>140 LED.<\/li>\n<li>Temp\u00e9rature de couleur 3000\/6500 K<\/li>\n<li>3 types de lumi\u00e8re : froide, neutre et chaude.<\/li>\n<li>Rotation jusqu&rsquo;\u00e0 180\u00ba.<\/li>\n<li>R\u00e9glage tactile de l&rsquo;intensit\u00e9 lumineuse.<\/li>\n<li>Avec pince de table.<\/li>\n<\/ul>\n<table>\n<tbody>\n<tr style=\"height: 2.76562px;\">\n<td style=\"text-align: center; height: 2.76562px;\"><strong><span style=\"text-decoration: underline;\">LUMI\u00c8RE FROIDE<\/span><br \/>\n<\/strong><em>(cliquez sur l&rsquo;image)<\/em><\/td>\n<td style=\"text-align: center; height: 2.76562px;\"><strong><span style=\"text-decoration: underline;\">LUMI\u00c8RE NEUTRE<\/span><br \/>\n<\/strong><em>(cliquez sur l&rsquo;image)<\/em><\/td>\n<td style=\"text-align: center; height: 2.76562px;\"><strong><span style=\"text-decoration: underline;\">LUMI\u00c8RE CHAUDE<\/span><br \/>\n<\/strong><em>(cliquez sur l&rsquo;image)<\/em><\/td>\n<\/tr>\n<tr style=\"height: 300px;\">\n<td style=\"height: 300px;\"><a href=\"https:\/\/mestra.es\/wp-content\/uploads\/2024\/09\/100289V_fria.jpg\"><img loading=\"lazy\" decoding=\"async\" src=\"https:\/\/mestra.es\/wp-content\/uploads\/2024\/09\/100289V_fria.jpg\" width=\"300\" height=\"300\" \/><\/a><\/td>\n<td style=\"height: 300px;\"><a href=\"https:\/\/mestra.es\/wp-content\/uploads\/2024\/09\/100289V_neutra.jpg\"><img loading=\"lazy\" decoding=\"async\" src=\"https:\/\/mestra.es\/wp-content\/uploads\/2024\/09\/100289V_neutra.jpg\" width=\"300\" height=\"300\" \/><\/a><\/td>\n<td style=\"height: 300px;\"><a href=\"https:\/\/mestra.es\/wp-content\/uploads\/2024\/09\/100289V_calida.jpg\"><img loading=\"lazy\" decoding=\"async\" src=\"https:\/\/mestra.es\/wp-content\/uploads\/2024\/09\/100289V_calida.jpg\" width=\"300\" height=\"300\" \/><\/a><\/td>\n<\/tr>\n<\/tbody>\n<\/table>\n","protected":false},"excerpt":{"rendered":"<p>140 LED. Temp\u00e9rature de couleur 3000\/6500 K 3 types de lumi\u00e8re : froide, neutre et chaude. Rotation jusqu&rsquo;\u00e0 180\u00ba. R\u00e9glage tactile de l&rsquo;intensit\u00e9 lumineuse. Avec pince de table. LUMI\u00c8RE FROIDE (cliquez sur l&rsquo;image) LUMI\u00c8RE NEUTRE (cliquez sur l&rsquo;image) LUMI\u00c8RE CHAUDE (cliquez sur l&rsquo;image)<\/p>\n","protected":false},"featured_media":15981,"template":"","meta":{"_acf_changed":false,"_monsterinsights_skip_tracking":false,"_monsterinsights_sitenote_active":false,"_monsterinsights_sitenote_note":"","_monsterinsights_sitenote_category":0},"product_brand":[],"product_cat":[1320],"product_tag":[],"class_list":{"0":"post-15978","1":"product","2":"type-product","3":"status-publish","4":"has-post-thumbnail","6":"product_cat-lampes","8":"first","9":"instock","10":"purchasable","11":"product-type-simple"},"acf":[],"yoast_head":"<!-- This site is optimized with the Yoast SEO plugin v27.2 - https:\/\/yoast.com\/product\/yoast-seo-wordpress\/ -->\n<title>Lampe LED avec brass articule | MESTRA<\/title>\n<meta name=\"description\" content=\"Chez MESTRA nous avons lampe LED avec brass articule. Consultez notre catalogue de mat\u00e9riel dentaire et passez votre commande en ligne.\" \/>\n<meta name=\"robots\" content=\"index, follow, max-snippet:-1, max-image-preview:large, max-video-preview:-1\" \/>\n<link rel=\"canonical\" href=\"https:\/\/mestra.es\/fr\/producto\/lampe-led-avec-brass-articule-laterale-copia\/\" \/>\n<meta property=\"og:locale\" content=\"fr_FR\" \/>\n<meta property=\"og:type\" content=\"article\" \/>\n<meta property=\"og:title\" content=\"Lampe LED avec brass articule | MESTRA\" \/>\n<meta property=\"og:description\" content=\"Chez MESTRA nous avons lampe LED avec brass articule. Consultez notre catalogue de mat\u00e9riel dentaire et passez votre commande en ligne.\" \/>\n<meta property=\"og:url\" content=\"https:\/\/mestra.es\/fr\/producto\/lampe-led-avec-brass-articule-laterale-copia\/\" \/>\n<meta property=\"og:site_name\" content=\"Talleres Mestra\" \/>\n<meta property=\"article:modified_time\" content=\"2025-03-21T12:20:33+00:00\" \/>\n<meta property=\"og:image\" content=\"https:\/\/mestra.es\/wp-content\/uploads\/2024\/09\/100289V.jpg\" \/>\n\t<meta property=\"og:image:width\" content=\"600\" \/>\n\t<meta property=\"og:image:height\" content=\"600\" \/>\n\t<meta property=\"og:image:type\" content=\"image\/jpeg\" \/>\n<meta name=\"twitter:card\" content=\"summary_large_image\" \/>\n<meta name=\"twitter:label1\" content=\"Prix\" \/>\n\t<meta name=\"twitter:data1\" content=\"2,00&nbsp;&euro;\" \/>\n\t<meta name=\"twitter:label2\" content=\"Disponibilit\u00e9\" \/>\n\t<meta name=\"twitter:data2\" content=\"En stock\" \/>\n<script type=\"application\/ld+json\" class=\"yoast-schema-graph\">{\"@context\":\"https:\/\/schema.org\",\"@graph\":[{\"@type\":\"WebPage\",\"@id\":\"https:\/\/mestra.es\/fr\/producto\/lampe-led-avec-brass-articule-laterale-copia\/\",\"url\":\"https:\/\/mestra.es\/fr\/producto\/lampe-led-avec-brass-articule-laterale-copia\/\",\"name\":\"Lampe LED avec brass articule | MESTRA\",\"isPartOf\":{\"@id\":\"https:\/\/mestra.es\/fr\/#website\"},\"primaryImageOfPage\":{\"@id\":\"https:\/\/mestra.es\/fr\/producto\/lampe-led-avec-brass-articule-laterale-copia\/#primaryimage\"},\"image\":{\"@id\":\"https:\/\/mestra.es\/fr\/producto\/lampe-led-avec-brass-articule-laterale-copia\/#primaryimage\"},\"thumbnailUrl\":\"https:\/\/mestra.es\/wp-content\/uploads\/2024\/09\/100289V.jpg\",\"datePublished\":\"2024-09-30T06:59:56+00:00\",\"dateModified\":\"2025-03-21T12:20:33+00:00\",\"description\":\"Chez MESTRA nous avons lampe LED avec brass articule. Consultez notre catalogue de mat\u00e9riel dentaire et passez votre commande en ligne.\",\"breadcrumb\":{\"@id\":\"https:\/\/mestra.es\/fr\/producto\/lampe-led-avec-brass-articule-laterale-copia\/#breadcrumb\"},\"inLanguage\":\"fr-FR\",\"potentialAction\":[{\"@type\":\"ReadAction\",\"target\":[\"https:\/\/mestra.es\/fr\/producto\/lampe-led-avec-brass-articule-laterale-copia\/\"]}]},{\"@type\":\"ImageObject\",\"inLanguage\":\"fr-FR\",\"@id\":\"https:\/\/mestra.es\/fr\/producto\/lampe-led-avec-brass-articule-laterale-copia\/#primaryimage\",\"url\":\"https:\/\/mestra.es\/wp-content\/uploads\/2024\/09\/100289V.jpg\",\"contentUrl\":\"https:\/\/mestra.es\/wp-content\/uploads\/2024\/09\/100289V.jpg\",\"width\":600,\"height\":600,\"caption\":\"l\u00e1mpara LED brazo articulado\"},{\"@type\":\"BreadcrumbList\",\"@id\":\"https:\/\/mestra.es\/fr\/producto\/lampe-led-avec-brass-articule-laterale-copia\/#breadcrumb\",\"itemListElement\":[{\"@type\":\"ListItem\",\"position\":1,\"name\":\"Portada\",\"item\":\"https:\/\/mestra.es\/fr\/\"},{\"@type\":\"ListItem\",\"position\":2,\"name\":\"Boutique\",\"item\":\"https:\/\/mestra.es\/fr\/boutique\/\"},{\"@type\":\"ListItem\",\"position\":3,\"name\":\"LAMPE LED AVEC BRASS ARTICULE\"}]},{\"@type\":\"WebSite\",\"@id\":\"https:\/\/mestra.es\/fr\/#website\",\"url\":\"https:\/\/mestra.es\/fr\/\",\"name\":\"Talleres Mestra\",\"description\":\"\",\"publisher\":{\"@id\":\"https:\/\/mestra.es\/fr\/#organization\"},\"potentialAction\":[{\"@type\":\"SearchAction\",\"target\":{\"@type\":\"EntryPoint\",\"urlTemplate\":\"https:\/\/mestra.es\/fr\/?s={search_term_string}\"},\"query-input\":{\"@type\":\"PropertyValueSpecification\",\"valueRequired\":true,\"valueName\":\"search_term_string\"}}],\"inLanguage\":\"fr-FR\"},{\"@type\":\"Organization\",\"@id\":\"https:\/\/mestra.es\/fr\/#organization\",\"name\":\"Talleres Mestra\",\"url\":\"https:\/\/mestra.es\/fr\/\",\"logo\":{\"@type\":\"ImageObject\",\"inLanguage\":\"fr-FR\",\"@id\":\"https:\/\/mestra.es\/fr\/#\/schema\/logo\/image\/\",\"url\":\"https:\/\/mestra.es\/wp-content\/uploads\/2024\/05\/logo_mestra.png\",\"contentUrl\":\"https:\/\/mestra.es\/wp-content\/uploads\/2024\/05\/logo_mestra.png\",\"width\":300,\"height\":170,\"caption\":\"Talleres Mestra\"},\"image\":{\"@id\":\"https:\/\/mestra.es\/fr\/#\/schema\/logo\/image\/\"}}]}<\/script>\n<meta property=\"product:price:amount\" content=\"2.00\" \/>\n<meta property=\"product:price:currency\" content=\"EUR\" \/>\n<meta property=\"og:availability\" content=\"instock\" \/>\n<meta property=\"product:availability\" content=\"instock\" \/>\n<meta property=\"product:retailer_item_id\" content=\"100289V\" \/>\n<meta property=\"product:condition\" content=\"new\" \/>\n<!-- \/ Yoast SEO plugin. -->","yoast_head_json":{"title":"Lampe LED avec brass articule | MESTRA","description":"Chez MESTRA nous avons lampe LED avec brass articule. Consultez notre catalogue de mat\u00e9riel dentaire et passez votre commande en ligne.","robots":{"index":"index","follow":"follow","max-snippet":"max-snippet:-1","max-image-preview":"max-image-preview:large","max-video-preview":"max-video-preview:-1"},"canonical":"https:\/\/mestra.es\/fr\/producto\/lampe-led-avec-brass-articule-laterale-copia\/","og_locale":"fr_FR","og_type":"article","og_title":"Lampe LED avec brass articule | MESTRA","og_description":"Chez MESTRA nous avons lampe LED avec brass articule. Consultez notre catalogue de mat\u00e9riel dentaire et passez votre commande en ligne.","og_url":"https:\/\/mestra.es\/fr\/producto\/lampe-led-avec-brass-articule-laterale-copia\/","og_site_name":"Talleres Mestra","article_modified_time":"2025-03-21T12:20:33+00:00","og_image":[{"width":600,"height":600,"url":"https:\/\/mestra.es\/wp-content\/uploads\/2024\/09\/100289V.jpg","type":"image\/jpeg"}],"twitter_card":"summary_large_image","twitter_misc":{"Prix":"2,00&nbsp;&euro;","Disponibilit\u00e9":"En stock"},"schema":{"@context":"https:\/\/schema.org","@graph":[{"@type":"WebPage","@id":"https:\/\/mestra.es\/fr\/producto\/lampe-led-avec-brass-articule-laterale-copia\/","url":"https:\/\/mestra.es\/fr\/producto\/lampe-led-avec-brass-articule-laterale-copia\/","name":"Lampe LED avec brass articule | MESTRA","isPartOf":{"@id":"https:\/\/mestra.es\/fr\/#website"},"primaryImageOfPage":{"@id":"https:\/\/mestra.es\/fr\/producto\/lampe-led-avec-brass-articule-laterale-copia\/#primaryimage"},"image":{"@id":"https:\/\/mestra.es\/fr\/producto\/lampe-led-avec-brass-articule-laterale-copia\/#primaryimage"},"thumbnailUrl":"https:\/\/mestra.es\/wp-content\/uploads\/2024\/09\/100289V.jpg","datePublished":"2024-09-30T06:59:56+00:00","dateModified":"2025-03-21T12:20:33+00:00","description":"Chez MESTRA nous avons lampe LED avec brass articule. Consultez notre catalogue de mat\u00e9riel dentaire et passez votre commande en ligne.","breadcrumb":{"@id":"https:\/\/mestra.es\/fr\/producto\/lampe-led-avec-brass-articule-laterale-copia\/#breadcrumb"},"inLanguage":"fr-FR","potentialAction":[{"@type":"ReadAction","target":["https:\/\/mestra.es\/fr\/producto\/lampe-led-avec-brass-articule-laterale-copia\/"]}]},{"@type":"ImageObject","inLanguage":"fr-FR","@id":"https:\/\/mestra.es\/fr\/producto\/lampe-led-avec-brass-articule-laterale-copia\/#primaryimage","url":"https:\/\/mestra.es\/wp-content\/uploads\/2024\/09\/100289V.jpg","contentUrl":"https:\/\/mestra.es\/wp-content\/uploads\/2024\/09\/100289V.jpg","width":600,"height":600,"caption":"l\u00e1mpara LED brazo articulado"},{"@type":"BreadcrumbList","@id":"https:\/\/mestra.es\/fr\/producto\/lampe-led-avec-brass-articule-laterale-copia\/#breadcrumb","itemListElement":[{"@type":"ListItem","position":1,"name":"Portada","item":"https:\/\/mestra.es\/fr\/"},{"@type":"ListItem","position":2,"name":"Boutique","item":"https:\/\/mestra.es\/fr\/boutique\/"},{"@type":"ListItem","position":3,"name":"LAMPE LED AVEC BRASS ARTICULE"}]},{"@type":"WebSite","@id":"https:\/\/mestra.es\/fr\/#website","url":"https:\/\/mestra.es\/fr\/","name":"Talleres Mestra","description":"","publisher":{"@id":"https:\/\/mestra.es\/fr\/#organization"},"potentialAction":[{"@type":"SearchAction","target":{"@type":"EntryPoint","urlTemplate":"https:\/\/mestra.es\/fr\/?s={search_term_string}"},"query-input":{"@type":"PropertyValueSpecification","valueRequired":true,"valueName":"search_term_string"}}],"inLanguage":"fr-FR"},{"@type":"Organization","@id":"https:\/\/mestra.es\/fr\/#organization","name":"Talleres Mestra","url":"https:\/\/mestra.es\/fr\/","logo":{"@type":"ImageObject","inLanguage":"fr-FR","@id":"https:\/\/mestra.es\/fr\/#\/schema\/logo\/image\/","url":"https:\/\/mestra.es\/wp-content\/uploads\/2024\/05\/logo_mestra.png","contentUrl":"https:\/\/mestra.es\/wp-content\/uploads\/2024\/05\/logo_mestra.png","width":300,"height":170,"caption":"Talleres Mestra"},"image":{"@id":"https:\/\/mestra.es\/fr\/#\/schema\/logo\/image\/"}}]},"product_price_amount":"2.00","product_price_currency":"EUR","og_availability":"instock","product_availability":"instock","product_retailer_item_id":"100289V","product_condition":"new"},"_links":{"self":[{"href":"https:\/\/mestra.es\/fr\/wp-json\/wp\/v2\/product\/15978","targetHints":{"allow":["GET"]}}],"collection":[{"href":"https:\/\/mestra.es\/fr\/wp-json\/wp\/v2\/product"}],"about":[{"href":"https:\/\/mestra.es\/fr\/wp-json\/wp\/v2\/types\/product"}],"wp:featuredmedia":[{"embeddable":true,"href":"https:\/\/mestra.es\/fr\/wp-json\/wp\/v2\/media\/15981"}],"wp:attachment":[{"href":"https:\/\/mestra.es\/fr\/wp-json\/wp\/v2\/media?parent=15978"}],"wp:term":[{"taxonomy":"product_brand","embeddable":true,"href":"https:\/\/mestra.es\/fr\/wp-json\/wp\/v2\/product_brand?post=15978"},{"taxonomy":"product_cat","embeddable":true,"href":"https:\/\/mestra.es\/fr\/wp-json\/wp\/v2\/product_cat?post=15978"},{"taxonomy":"product_tag","embeddable":true,"href":"https:\/\/mestra.es\/fr\/wp-json\/wp\/v2\/product_tag?post=15978"}],"curies":[{"name":"wp","href":"https:\/\/api.w.org\/{rel}","templated":true}]}}