{"id":15463,"date":"2024-09-17T14:38:45","date_gmt":"2024-09-17T12:38:45","guid":{"rendered":"https:\/\/mestra.es\/?post_type=product&#038;p=15463"},"modified":"2026-01-14T11:19:15","modified_gmt":"2026-01-14T10:19:15","slug":"malaxeur-sous-vide-iris-evolution-copia","status":"publish","type":"product","link":"https:\/\/mestra.es\/fr\/producto\/malaxeur-sous-vide-iris-evolution-copia\/","title":{"rendered":"Malaxeur sous vide Iris Evolution 2 Inverter"},"content":{"rendered":"<p>Nouvelle production optimis\u00e9e du c\u00e9l\u00e8bre malaxeur sous vide Iris:<\/p>\n<ul>\n<li>Il int\u00e8gre un nouveau contr\u00f4le plus puissant et fiable qui am\u00e9liore les performances de la machine.<\/li>\n<li>La programmation est plus intuitive et plus simple gr\u00e2ce \u00e0 un affichage de type alphanum\u00e9rique.<\/li>\n<li>Peut-\u00eatre la nouveaut\u00e9 la plus significative est l\u2019ajout de la fonction de\u00a0<strong>changement de sens de rotation<\/strong>, qui permet d\u2019obtenir un m\u00e9lange fin et homog\u00e8ne sans augmenter le temps de m\u00e9lange.<\/li>\n<\/ul>\n<p>Comme les autres membres de la famille Iris, ce nouveau mod\u00e8le conserve la robustesse et la praticit\u00e9 qui les caract\u00e9risent.<\/p>\n<p>Malaxeur sous vide, \u00e9conomique et practique. Il suffit de pr\u00e9senter le bol et d\u2019appuyer sur le bouton de marche pour commencer le malaxage. En quelques secondes, le m\u00e9lange est pr\u00e9t. Avec trois versions diff\u00e9rente disponibles, vous pourrez trouver le mod\u00e8le qui s\u2019adapte le mieux \u00e0 vos besoins. Malgr\u00e9 quelques diff\u00e9rences, toutes les versions ont la m\u00eame structure moteur-pompe-chassis -de grande solidit\u00e9 et fiabilit\u00e9- la seule diff\u00e9rence \u00e9tant le syst\u00e8me de commande.<\/p>\n<table>\n<tbody>\n<tr>\n<td><img decoding=\"async\" src=\"https:\/\/mestra.es\/wp-content\/uploads\/2024\/07\/080516-7-8-300x221-1.jpg\" width=\"700\" \/><\/td>\n<td>La principale caract\u00e9ristique du malaxeur <strong>Iris II<\/strong> est sa simplicit\u00e9. Il suffit de mettre le bol et s\u00e9lectionner le temps du m\u00e9lange. La machine ex\u00e9cutera le cycle imm\u00e9diatement.<\/td>\n<\/tr>\n<\/tbody>\n<\/table>\n<table>\n<tbody>\n<tr>\n<td><img decoding=\"async\" class=\"aligncenter wp-image-21841 size-medium\" src=\"https:\/\/mestra.es\/wp-content\/uploads\/2024\/07\/080516-d-300x225-1.jpg\" alt=\"\" width=\"550\" \/><\/td>\n<td>L\u2019op\u00e9ration du couplage du bol au malaxeur est simple et tout en douceur. Pour lib\u00e9rer le bol, il suffit d\u2019appuyer sur un bouton tr\u00e8s accessible.<\/td>\n<\/tr>\n<\/tbody>\n<\/table>\n<p>&nbsp;<\/p>\n","protected":false},"excerpt":{"rendered":"<p>Nouvelle production optimis\u00e9e du c\u00e9l\u00e8bre malaxeur sous vide Iris: Il int\u00e8gre un nouveau contr\u00f4le plus puissant et fiable qui am\u00e9liore les performances de la machine. La programmation est plus intuitive et plus simple gr\u00e2ce \u00e0 un affichage de type alphanum\u00e9rique. Peut-\u00eatre la nouveaut\u00e9 la plus significative est l\u2019ajout de la fonction de\u00a0changement de sens de [&hellip;]<\/p>\n","protected":false},"featured_media":9991,"template":"","meta":{"_acf_changed":false,"_monsterinsights_skip_tracking":false,"_monsterinsights_sitenote_active":false,"_monsterinsights_sitenote_note":"","_monsterinsights_sitenote_category":0},"product_brand":[],"product_cat":[1355],"product_tag":[],"class_list":{"0":"post-15463","1":"product","2":"type-product","3":"status-publish","4":"has-post-thumbnail","6":"product_cat-melangeurs-sous-vide","8":"first","9":"instock","10":"purchasable","11":"product-type-simple"},"acf":[],"yoast_head":"<!-- This site is optimized with the Yoast SEO plugin v27.2 - https:\/\/yoast.com\/product\/yoast-seo-wordpress\/ -->\n<title>Malaxeur sous vide Iris Evolution 2 Inverter | MESTRA<\/title>\n<meta name=\"description\" content=\"Chez MESTRA nous avons Malaxeur sous vide Iris Evolution 2 Inverter. Consultez notre catalogue de mat\u00e9riel dentaire et passez votre commande d\u00e8s maintenant.\" \/>\n<meta name=\"robots\" content=\"index, follow, max-snippet:-1, max-image-preview:large, max-video-preview:-1\" \/>\n<link rel=\"canonical\" href=\"https:\/\/mestra.es\/fr\/producto\/malaxeur-sous-vide-iris-evolution-copia\/\" \/>\n<meta property=\"og:locale\" content=\"fr_FR\" \/>\n<meta property=\"og:type\" content=\"article\" \/>\n<meta property=\"og:title\" content=\"Malaxeur sous vide Iris Evolution 2 Inverter | MESTRA\" \/>\n<meta property=\"og:description\" content=\"Chez MESTRA nous avons Malaxeur sous vide Iris Evolution 2 Inverter. Consultez notre catalogue de mat\u00e9riel dentaire et passez votre commande d\u00e8s maintenant.\" \/>\n<meta property=\"og:url\" content=\"https:\/\/mestra.es\/fr\/producto\/malaxeur-sous-vide-iris-evolution-copia\/\" \/>\n<meta property=\"og:site_name\" content=\"Talleres Mestra\" \/>\n<meta property=\"article:modified_time\" content=\"2026-01-14T10:19:15+00:00\" \/>\n<meta property=\"og:image\" content=\"https:\/\/mestra.es\/wp-content\/uploads\/2024\/03\/080517E.jpg\" \/>\n\t<meta property=\"og:image:width\" content=\"600\" \/>\n\t<meta property=\"og:image:height\" content=\"600\" \/>\n\t<meta property=\"og:image:type\" content=\"image\/jpeg\" \/>\n<meta name=\"twitter:card\" content=\"summary_large_image\" \/>\n<meta name=\"twitter:label1\" content=\"Prix\" \/>\n\t<meta name=\"twitter:data1\" content=\"1,00&nbsp;&euro;\" \/>\n\t<meta name=\"twitter:label2\" content=\"Disponibilit\u00e9\" \/>\n\t<meta name=\"twitter:data2\" content=\"En stock\" \/>\n<script type=\"application\/ld+json\" class=\"yoast-schema-graph\">{\"@context\":\"https:\/\/schema.org\",\"@graph\":[{\"@type\":\"WebPage\",\"@id\":\"https:\/\/mestra.es\/fr\/producto\/malaxeur-sous-vide-iris-evolution-copia\/\",\"url\":\"https:\/\/mestra.es\/fr\/producto\/malaxeur-sous-vide-iris-evolution-copia\/\",\"name\":\"Malaxeur sous vide Iris Evolution 2 Inverter | MESTRA\",\"isPartOf\":{\"@id\":\"https:\/\/mestra.es\/fr\/#website\"},\"primaryImageOfPage\":{\"@id\":\"https:\/\/mestra.es\/fr\/producto\/malaxeur-sous-vide-iris-evolution-copia\/#primaryimage\"},\"image\":{\"@id\":\"https:\/\/mestra.es\/fr\/producto\/malaxeur-sous-vide-iris-evolution-copia\/#primaryimage\"},\"thumbnailUrl\":\"https:\/\/mestra.es\/wp-content\/uploads\/2024\/03\/080517E.jpg\",\"datePublished\":\"2024-09-17T12:38:45+00:00\",\"dateModified\":\"2026-01-14T10:19:15+00:00\",\"description\":\"Chez MESTRA nous avons Malaxeur sous vide Iris Evolution 2 Inverter. Consultez notre catalogue de mat\u00e9riel dentaire et passez votre commande d\u00e8s maintenant.\",\"breadcrumb\":{\"@id\":\"https:\/\/mestra.es\/fr\/producto\/malaxeur-sous-vide-iris-evolution-copia\/#breadcrumb\"},\"inLanguage\":\"fr-FR\",\"potentialAction\":[{\"@type\":\"ReadAction\",\"target\":[\"https:\/\/mestra.es\/fr\/producto\/malaxeur-sous-vide-iris-evolution-copia\/\"]}]},{\"@type\":\"ImageObject\",\"inLanguage\":\"fr-FR\",\"@id\":\"https:\/\/mestra.es\/fr\/producto\/malaxeur-sous-vide-iris-evolution-copia\/#primaryimage\",\"url\":\"https:\/\/mestra.es\/wp-content\/uploads\/2024\/03\/080517E.jpg\",\"contentUrl\":\"https:\/\/mestra.es\/wp-content\/uploads\/2024\/03\/080517E.jpg\",\"width\":600,\"height\":600,\"caption\":\"Mezcladora Iris Evolution 2 Inverter\"},{\"@type\":\"BreadcrumbList\",\"@id\":\"https:\/\/mestra.es\/fr\/producto\/malaxeur-sous-vide-iris-evolution-copia\/#breadcrumb\",\"itemListElement\":[{\"@type\":\"ListItem\",\"position\":1,\"name\":\"Portada\",\"item\":\"https:\/\/mestra.es\/fr\/\"},{\"@type\":\"ListItem\",\"position\":2,\"name\":\"Boutique\",\"item\":\"https:\/\/mestra.es\/fr\/boutique\/\"},{\"@type\":\"ListItem\",\"position\":3,\"name\":\"Malaxeur sous vide Iris Evolution 2 Inverter\"}]},{\"@type\":\"WebSite\",\"@id\":\"https:\/\/mestra.es\/fr\/#website\",\"url\":\"https:\/\/mestra.es\/fr\/\",\"name\":\"Talleres Mestra\",\"description\":\"\",\"publisher\":{\"@id\":\"https:\/\/mestra.es\/fr\/#organization\"},\"potentialAction\":[{\"@type\":\"SearchAction\",\"target\":{\"@type\":\"EntryPoint\",\"urlTemplate\":\"https:\/\/mestra.es\/fr\/?s={search_term_string}\"},\"query-input\":{\"@type\":\"PropertyValueSpecification\",\"valueRequired\":true,\"valueName\":\"search_term_string\"}}],\"inLanguage\":\"fr-FR\"},{\"@type\":\"Organization\",\"@id\":\"https:\/\/mestra.es\/fr\/#organization\",\"name\":\"Talleres Mestra\",\"url\":\"https:\/\/mestra.es\/fr\/\",\"logo\":{\"@type\":\"ImageObject\",\"inLanguage\":\"fr-FR\",\"@id\":\"https:\/\/mestra.es\/fr\/#\/schema\/logo\/image\/\",\"url\":\"https:\/\/mestra.es\/wp-content\/uploads\/2024\/05\/logo_mestra.png\",\"contentUrl\":\"https:\/\/mestra.es\/wp-content\/uploads\/2024\/05\/logo_mestra.png\",\"width\":300,\"height\":170,\"caption\":\"Talleres Mestra\"},\"image\":{\"@id\":\"https:\/\/mestra.es\/fr\/#\/schema\/logo\/image\/\"}}]}<\/script>\n<meta property=\"product:price:amount\" content=\"1.00\" \/>\n<meta property=\"product:price:currency\" content=\"EUR\" \/>\n<meta property=\"og:availability\" content=\"instock\" \/>\n<meta property=\"product:availability\" content=\"instock\" \/>\n<meta property=\"product:retailer_item_id\" content=\"080517E\" \/>\n<meta property=\"product:condition\" content=\"new\" \/>\n<!-- \/ Yoast SEO plugin. -->","yoast_head_json":{"title":"Malaxeur sous vide Iris Evolution 2 Inverter | MESTRA","description":"Chez MESTRA nous avons Malaxeur sous vide Iris Evolution 2 Inverter. Consultez notre catalogue de mat\u00e9riel dentaire et passez votre commande d\u00e8s maintenant.","robots":{"index":"index","follow":"follow","max-snippet":"max-snippet:-1","max-image-preview":"max-image-preview:large","max-video-preview":"max-video-preview:-1"},"canonical":"https:\/\/mestra.es\/fr\/producto\/malaxeur-sous-vide-iris-evolution-copia\/","og_locale":"fr_FR","og_type":"article","og_title":"Malaxeur sous vide Iris Evolution 2 Inverter | MESTRA","og_description":"Chez MESTRA nous avons Malaxeur sous vide Iris Evolution 2 Inverter. Consultez notre catalogue de mat\u00e9riel dentaire et passez votre commande d\u00e8s maintenant.","og_url":"https:\/\/mestra.es\/fr\/producto\/malaxeur-sous-vide-iris-evolution-copia\/","og_site_name":"Talleres Mestra","article_modified_time":"2026-01-14T10:19:15+00:00","og_image":[{"width":600,"height":600,"url":"https:\/\/mestra.es\/wp-content\/uploads\/2024\/03\/080517E.jpg","type":"image\/jpeg"}],"twitter_card":"summary_large_image","twitter_misc":{"Prix":"1,00&nbsp;&euro;","Disponibilit\u00e9":"En stock"},"schema":{"@context":"https:\/\/schema.org","@graph":[{"@type":"WebPage","@id":"https:\/\/mestra.es\/fr\/producto\/malaxeur-sous-vide-iris-evolution-copia\/","url":"https:\/\/mestra.es\/fr\/producto\/malaxeur-sous-vide-iris-evolution-copia\/","name":"Malaxeur sous vide Iris Evolution 2 Inverter | MESTRA","isPartOf":{"@id":"https:\/\/mestra.es\/fr\/#website"},"primaryImageOfPage":{"@id":"https:\/\/mestra.es\/fr\/producto\/malaxeur-sous-vide-iris-evolution-copia\/#primaryimage"},"image":{"@id":"https:\/\/mestra.es\/fr\/producto\/malaxeur-sous-vide-iris-evolution-copia\/#primaryimage"},"thumbnailUrl":"https:\/\/mestra.es\/wp-content\/uploads\/2024\/03\/080517E.jpg","datePublished":"2024-09-17T12:38:45+00:00","dateModified":"2026-01-14T10:19:15+00:00","description":"Chez MESTRA nous avons Malaxeur sous vide Iris Evolution 2 Inverter. Consultez notre catalogue de mat\u00e9riel dentaire et passez votre commande d\u00e8s maintenant.","breadcrumb":{"@id":"https:\/\/mestra.es\/fr\/producto\/malaxeur-sous-vide-iris-evolution-copia\/#breadcrumb"},"inLanguage":"fr-FR","potentialAction":[{"@type":"ReadAction","target":["https:\/\/mestra.es\/fr\/producto\/malaxeur-sous-vide-iris-evolution-copia\/"]}]},{"@type":"ImageObject","inLanguage":"fr-FR","@id":"https:\/\/mestra.es\/fr\/producto\/malaxeur-sous-vide-iris-evolution-copia\/#primaryimage","url":"https:\/\/mestra.es\/wp-content\/uploads\/2024\/03\/080517E.jpg","contentUrl":"https:\/\/mestra.es\/wp-content\/uploads\/2024\/03\/080517E.jpg","width":600,"height":600,"caption":"Mezcladora Iris Evolution 2 Inverter"},{"@type":"BreadcrumbList","@id":"https:\/\/mestra.es\/fr\/producto\/malaxeur-sous-vide-iris-evolution-copia\/#breadcrumb","itemListElement":[{"@type":"ListItem","position":1,"name":"Portada","item":"https:\/\/mestra.es\/fr\/"},{"@type":"ListItem","position":2,"name":"Boutique","item":"https:\/\/mestra.es\/fr\/boutique\/"},{"@type":"ListItem","position":3,"name":"Malaxeur sous vide Iris Evolution 2 Inverter"}]},{"@type":"WebSite","@id":"https:\/\/mestra.es\/fr\/#website","url":"https:\/\/mestra.es\/fr\/","name":"Talleres Mestra","description":"","publisher":{"@id":"https:\/\/mestra.es\/fr\/#organization"},"potentialAction":[{"@type":"SearchAction","target":{"@type":"EntryPoint","urlTemplate":"https:\/\/mestra.es\/fr\/?s={search_term_string}"},"query-input":{"@type":"PropertyValueSpecification","valueRequired":true,"valueName":"search_term_string"}}],"inLanguage":"fr-FR"},{"@type":"Organization","@id":"https:\/\/mestra.es\/fr\/#organization","name":"Talleres Mestra","url":"https:\/\/mestra.es\/fr\/","logo":{"@type":"ImageObject","inLanguage":"fr-FR","@id":"https:\/\/mestra.es\/fr\/#\/schema\/logo\/image\/","url":"https:\/\/mestra.es\/wp-content\/uploads\/2024\/05\/logo_mestra.png","contentUrl":"https:\/\/mestra.es\/wp-content\/uploads\/2024\/05\/logo_mestra.png","width":300,"height":170,"caption":"Talleres Mestra"},"image":{"@id":"https:\/\/mestra.es\/fr\/#\/schema\/logo\/image\/"}}]},"product_price_amount":"1.00","product_price_currency":"EUR","og_availability":"instock","product_availability":"instock","product_retailer_item_id":"080517E","product_condition":"new"},"_links":{"self":[{"href":"https:\/\/mestra.es\/fr\/wp-json\/wp\/v2\/product\/15463","targetHints":{"allow":["GET"]}}],"collection":[{"href":"https:\/\/mestra.es\/fr\/wp-json\/wp\/v2\/product"}],"about":[{"href":"https:\/\/mestra.es\/fr\/wp-json\/wp\/v2\/types\/product"}],"wp:featuredmedia":[{"embeddable":true,"href":"https:\/\/mestra.es\/fr\/wp-json\/wp\/v2\/media\/9991"}],"wp:attachment":[{"href":"https:\/\/mestra.es\/fr\/wp-json\/wp\/v2\/media?parent=15463"}],"wp:term":[{"taxonomy":"product_brand","embeddable":true,"href":"https:\/\/mestra.es\/fr\/wp-json\/wp\/v2\/product_brand?post=15463"},{"taxonomy":"product_cat","embeddable":true,"href":"https:\/\/mestra.es\/fr\/wp-json\/wp\/v2\/product_cat?post=15463"},{"taxonomy":"product_tag","embeddable":true,"href":"https:\/\/mestra.es\/fr\/wp-json\/wp\/v2\/product_tag?post=15463"}],"curies":[{"name":"wp","href":"https:\/\/api.w.org\/{rel}","templated":true}]}}