{"id":13846,"date":"2024-03-10T09:24:37","date_gmt":"2024-03-10T08:24:37","guid":{"rendered":"https:\/\/mestra.es\/producto\/cera-polimerizable\/"},"modified":"2025-03-20T11:10:50","modified_gmt":"2025-03-20T10:10:50","slug":"cera-polimerizable","status":"publish","type":"product","link":"https:\/\/mestra.es\/fr\/producto\/cera-polimerizable\/","title":{"rendered":"Cire Polym\u00e9risable Ti-Light"},"content":{"rendered":"<p>Imaginez un produit avec les m\u00eames caract\u00e9ristiques, texture et<br \/>\nformabilit\u00e9 que la cire \u00e0 modeler conventionnelle. Imagine \u00e7a<br \/>\nCe m\u00eame produit, apr\u00e8s avoir \u00e9t\u00e9 model\u00e9, permet de le polym\u00e9riser avec<br \/>\nune simple lampe, acqu\u00e9rant ainsi les caract\u00e9ristiques d&rsquo;une<br \/>\ncomposite. Enfin, imaginez \u00e9galement que la mod\u00e9lisation du squelette puisse<br \/>\nenduit et coul\u00e9 selon un proc\u00e9d\u00e9 conventionnel, sans<br \/>\ndes tensions, des contractions, des succions ou des cendres apparaissent.<br \/>\nPouvez-vous maintenant imaginer les \u00e9conomies de temps et de consommables que<br \/>\ncela signifierait-il mod\u00e9liser avec ce mat\u00e9riau ?<\/p>\n<p>La cire polym\u00e9risable Ti-Light est disponible en plusieurs<br \/>\npr\u00e9sentations : un Starter Kit qui comprend tous les \u00e9l\u00e9ments<br \/>\nn\u00e9cessaire pour effectuer des travaux de mod\u00e9lisation squelettique\u00a0; bo\u00eetes de<br \/>\nremplacement par diff\u00e9rents \u00e9l\u00e9ments pr\u00e9form\u00e9s (crochets,<br \/>\ngrilles, plaques, renforts, etc.) ; et des adh\u00e9sifs et des s\u00e9parateurs qui<br \/>\nIls compl\u00e8tent la famille.<\/p>\n","protected":false},"excerpt":{"rendered":"<p>Imaginez un produit avec les m\u00eames caract\u00e9ristiques, texture et formabilit\u00e9 que la cire \u00e0 modeler conventionnelle. Imagine \u00e7a Ce m\u00eame produit, apr\u00e8s avoir \u00e9t\u00e9 model\u00e9, permet de le polym\u00e9riser avec une simple lampe, acqu\u00e9rant ainsi les caract\u00e9ristiques d&rsquo;une composite. Enfin, imaginez \u00e9galement que la mod\u00e9lisation du squelette puisse enduit et coul\u00e9 selon un proc\u00e9d\u00e9 conventionnel, [&hellip;]<\/p>\n","protected":false},"featured_media":10031,"template":"","meta":{"_acf_changed":false,"_monsterinsights_skip_tracking":false,"_monsterinsights_sitenote_active":false,"_monsterinsights_sitenote_note":"","_monsterinsights_sitenote_category":0},"product_brand":[],"product_cat":[1361],"product_tag":[],"class_list":{"0":"post-13846","1":"product","2":"type-product","3":"status-publish","4":"has-post-thumbnail","6":"product_cat-consommables-de-laboratoire","8":"first","9":"instock","10":"product-type-variable"},"acf":[],"yoast_head":"<!-- This site is optimized with the Yoast SEO plugin v27.2 - https:\/\/yoast.com\/product\/yoast-seo-wordpress\/ -->\n<title>Cire Polym\u00e9risable Ti-Light | MESTRA<\/title>\n<meta name=\"description\" content=\"Chez MESTRA nous avons des Cire Polym\u00e9risable Ti-Light. Consultez notre catalogue de mat\u00e9riel dentaire et passez votre commande d\u00e8s maintenant.\" \/>\n<meta name=\"robots\" content=\"index, follow, max-snippet:-1, max-image-preview:large, max-video-preview:-1\" \/>\n<link rel=\"canonical\" href=\"https:\/\/mestra.es\/fr\/producto\/cera-polimerizable\/\" \/>\n<meta property=\"og:locale\" content=\"fr_FR\" \/>\n<meta property=\"og:type\" content=\"article\" \/>\n<meta property=\"og:title\" content=\"Cire Polym\u00e9risable Ti-Light | MESTRA\" \/>\n<meta property=\"og:description\" content=\"Chez MESTRA nous avons des Cire Polym\u00e9risable Ti-Light. Consultez notre catalogue de mat\u00e9riel dentaire et passez votre commande d\u00e8s maintenant.\" \/>\n<meta property=\"og:url\" content=\"https:\/\/mestra.es\/fr\/producto\/cera-polimerizable\/\" \/>\n<meta property=\"og:site_name\" content=\"Talleres Mestra\" \/>\n<meta property=\"article:modified_time\" content=\"2025-03-20T10:10:50+00:00\" \/>\n<meta property=\"og:image\" content=\"https:\/\/mestra.es\/wp-content\/uploads\/2024\/03\/cepo.jpg\" \/>\n\t<meta property=\"og:image:width\" content=\"600\" \/>\n\t<meta property=\"og:image:height\" content=\"600\" \/>\n\t<meta property=\"og:image:type\" content=\"image\/jpeg\" \/>\n<meta name=\"twitter:card\" content=\"summary_large_image\" \/>\n<meta name=\"twitter:label1\" content=\"Disponibilit\u00e9\" \/>\n\t<meta name=\"twitter:data1\" content=\"En stock\" \/>\n<script type=\"application\/ld+json\" class=\"yoast-schema-graph\">{\"@context\":\"https:\/\/schema.org\",\"@graph\":[{\"@type\":\"WebPage\",\"@id\":\"https:\/\/mestra.es\/fr\/producto\/cera-polimerizable\/\",\"url\":\"https:\/\/mestra.es\/fr\/producto\/cera-polimerizable\/\",\"name\":\"Cire Polym\u00e9risable Ti-Light | MESTRA\",\"isPartOf\":{\"@id\":\"https:\/\/mestra.es\/fr\/#website\"},\"primaryImageOfPage\":{\"@id\":\"https:\/\/mestra.es\/fr\/producto\/cera-polimerizable\/#primaryimage\"},\"image\":{\"@id\":\"https:\/\/mestra.es\/fr\/producto\/cera-polimerizable\/#primaryimage\"},\"thumbnailUrl\":\"https:\/\/mestra.es\/wp-content\/uploads\/2024\/03\/cepo.jpg\",\"datePublished\":\"2024-03-10T08:24:37+00:00\",\"dateModified\":\"2025-03-20T10:10:50+00:00\",\"description\":\"Chez MESTRA nous avons des Cire Polym\u00e9risable Ti-Light. Consultez notre catalogue de mat\u00e9riel dentaire et passez votre commande d\u00e8s maintenant.\",\"breadcrumb\":{\"@id\":\"https:\/\/mestra.es\/fr\/producto\/cera-polimerizable\/#breadcrumb\"},\"inLanguage\":\"fr-FR\",\"potentialAction\":[{\"@type\":\"ReadAction\",\"target\":[\"https:\/\/mestra.es\/fr\/producto\/cera-polimerizable\/\"]}]},{\"@type\":\"ImageObject\",\"inLanguage\":\"fr-FR\",\"@id\":\"https:\/\/mestra.es\/fr\/producto\/cera-polimerizable\/#primaryimage\",\"url\":\"https:\/\/mestra.es\/wp-content\/uploads\/2024\/03\/cepo.jpg\",\"contentUrl\":\"https:\/\/mestra.es\/wp-content\/uploads\/2024\/03\/cepo.jpg\",\"width\":600,\"height\":600,\"caption\":\"Cera Polimerizable Ti-Light\"},{\"@type\":\"BreadcrumbList\",\"@id\":\"https:\/\/mestra.es\/fr\/producto\/cera-polimerizable\/#breadcrumb\",\"itemListElement\":[{\"@type\":\"ListItem\",\"position\":1,\"name\":\"Portada\",\"item\":\"https:\/\/mestra.es\/fr\/\"},{\"@type\":\"ListItem\",\"position\":2,\"name\":\"Boutique\",\"item\":\"https:\/\/mestra.es\/fr\/boutique\/\"},{\"@type\":\"ListItem\",\"position\":3,\"name\":\"Cire Polym\u00e9risable Ti-Light\"}]},{\"@type\":\"WebSite\",\"@id\":\"https:\/\/mestra.es\/fr\/#website\",\"url\":\"https:\/\/mestra.es\/fr\/\",\"name\":\"Talleres Mestra\",\"description\":\"\",\"publisher\":{\"@id\":\"https:\/\/mestra.es\/fr\/#organization\"},\"potentialAction\":[{\"@type\":\"SearchAction\",\"target\":{\"@type\":\"EntryPoint\",\"urlTemplate\":\"https:\/\/mestra.es\/fr\/?s={search_term_string}\"},\"query-input\":{\"@type\":\"PropertyValueSpecification\",\"valueRequired\":true,\"valueName\":\"search_term_string\"}}],\"inLanguage\":\"fr-FR\"},{\"@type\":\"Organization\",\"@id\":\"https:\/\/mestra.es\/fr\/#organization\",\"name\":\"Talleres Mestra\",\"url\":\"https:\/\/mestra.es\/fr\/\",\"logo\":{\"@type\":\"ImageObject\",\"inLanguage\":\"fr-FR\",\"@id\":\"https:\/\/mestra.es\/fr\/#\/schema\/logo\/image\/\",\"url\":\"https:\/\/mestra.es\/wp-content\/uploads\/2024\/05\/logo_mestra.png\",\"contentUrl\":\"https:\/\/mestra.es\/wp-content\/uploads\/2024\/05\/logo_mestra.png\",\"width\":300,\"height\":170,\"caption\":\"Talleres Mestra\"},\"image\":{\"@id\":\"https:\/\/mestra.es\/fr\/#\/schema\/logo\/image\/\"}}]}<\/script>\n<meta property=\"og:availability\" content=\"instock\" \/>\n<meta property=\"product:availability\" content=\"instock\" \/>\n<meta property=\"product:retailer_item_id\" content=\"TI-LIGHT\" \/>\n<meta property=\"product:condition\" content=\"new\" \/>\n<!-- \/ Yoast SEO plugin. -->","yoast_head_json":{"title":"Cire Polym\u00e9risable Ti-Light | MESTRA","description":"Chez MESTRA nous avons des Cire Polym\u00e9risable Ti-Light. Consultez notre catalogue de mat\u00e9riel dentaire et passez votre commande d\u00e8s maintenant.","robots":{"index":"index","follow":"follow","max-snippet":"max-snippet:-1","max-image-preview":"max-image-preview:large","max-video-preview":"max-video-preview:-1"},"canonical":"https:\/\/mestra.es\/fr\/producto\/cera-polimerizable\/","og_locale":"fr_FR","og_type":"article","og_title":"Cire Polym\u00e9risable Ti-Light | MESTRA","og_description":"Chez MESTRA nous avons des Cire Polym\u00e9risable Ti-Light. Consultez notre catalogue de mat\u00e9riel dentaire et passez votre commande d\u00e8s maintenant.","og_url":"https:\/\/mestra.es\/fr\/producto\/cera-polimerizable\/","og_site_name":"Talleres Mestra","article_modified_time":"2025-03-20T10:10:50+00:00","og_image":[{"width":600,"height":600,"url":"https:\/\/mestra.es\/wp-content\/uploads\/2024\/03\/cepo.jpg","type":"image\/jpeg"}],"twitter_card":"summary_large_image","twitter_misc":{"Disponibilit\u00e9":"En stock"},"schema":{"@context":"https:\/\/schema.org","@graph":[{"@type":"WebPage","@id":"https:\/\/mestra.es\/fr\/producto\/cera-polimerizable\/","url":"https:\/\/mestra.es\/fr\/producto\/cera-polimerizable\/","name":"Cire Polym\u00e9risable Ti-Light | MESTRA","isPartOf":{"@id":"https:\/\/mestra.es\/fr\/#website"},"primaryImageOfPage":{"@id":"https:\/\/mestra.es\/fr\/producto\/cera-polimerizable\/#primaryimage"},"image":{"@id":"https:\/\/mestra.es\/fr\/producto\/cera-polimerizable\/#primaryimage"},"thumbnailUrl":"https:\/\/mestra.es\/wp-content\/uploads\/2024\/03\/cepo.jpg","datePublished":"2024-03-10T08:24:37+00:00","dateModified":"2025-03-20T10:10:50+00:00","description":"Chez MESTRA nous avons des Cire Polym\u00e9risable Ti-Light. Consultez notre catalogue de mat\u00e9riel dentaire et passez votre commande d\u00e8s maintenant.","breadcrumb":{"@id":"https:\/\/mestra.es\/fr\/producto\/cera-polimerizable\/#breadcrumb"},"inLanguage":"fr-FR","potentialAction":[{"@type":"ReadAction","target":["https:\/\/mestra.es\/fr\/producto\/cera-polimerizable\/"]}]},{"@type":"ImageObject","inLanguage":"fr-FR","@id":"https:\/\/mestra.es\/fr\/producto\/cera-polimerizable\/#primaryimage","url":"https:\/\/mestra.es\/wp-content\/uploads\/2024\/03\/cepo.jpg","contentUrl":"https:\/\/mestra.es\/wp-content\/uploads\/2024\/03\/cepo.jpg","width":600,"height":600,"caption":"Cera Polimerizable Ti-Light"},{"@type":"BreadcrumbList","@id":"https:\/\/mestra.es\/fr\/producto\/cera-polimerizable\/#breadcrumb","itemListElement":[{"@type":"ListItem","position":1,"name":"Portada","item":"https:\/\/mestra.es\/fr\/"},{"@type":"ListItem","position":2,"name":"Boutique","item":"https:\/\/mestra.es\/fr\/boutique\/"},{"@type":"ListItem","position":3,"name":"Cire Polym\u00e9risable Ti-Light"}]},{"@type":"WebSite","@id":"https:\/\/mestra.es\/fr\/#website","url":"https:\/\/mestra.es\/fr\/","name":"Talleres Mestra","description":"","publisher":{"@id":"https:\/\/mestra.es\/fr\/#organization"},"potentialAction":[{"@type":"SearchAction","target":{"@type":"EntryPoint","urlTemplate":"https:\/\/mestra.es\/fr\/?s={search_term_string}"},"query-input":{"@type":"PropertyValueSpecification","valueRequired":true,"valueName":"search_term_string"}}],"inLanguage":"fr-FR"},{"@type":"Organization","@id":"https:\/\/mestra.es\/fr\/#organization","name":"Talleres Mestra","url":"https:\/\/mestra.es\/fr\/","logo":{"@type":"ImageObject","inLanguage":"fr-FR","@id":"https:\/\/mestra.es\/fr\/#\/schema\/logo\/image\/","url":"https:\/\/mestra.es\/wp-content\/uploads\/2024\/05\/logo_mestra.png","contentUrl":"https:\/\/mestra.es\/wp-content\/uploads\/2024\/05\/logo_mestra.png","width":300,"height":170,"caption":"Talleres Mestra"},"image":{"@id":"https:\/\/mestra.es\/fr\/#\/schema\/logo\/image\/"}}]},"og_availability":"instock","product_availability":"instock","product_retailer_item_id":"TI-LIGHT","product_condition":"new"},"_links":{"self":[{"href":"https:\/\/mestra.es\/fr\/wp-json\/wp\/v2\/product\/13846","targetHints":{"allow":["GET"]}}],"collection":[{"href":"https:\/\/mestra.es\/fr\/wp-json\/wp\/v2\/product"}],"about":[{"href":"https:\/\/mestra.es\/fr\/wp-json\/wp\/v2\/types\/product"}],"wp:featuredmedia":[{"embeddable":true,"href":"https:\/\/mestra.es\/fr\/wp-json\/wp\/v2\/media\/10031"}],"wp:attachment":[{"href":"https:\/\/mestra.es\/fr\/wp-json\/wp\/v2\/media?parent=13846"}],"wp:term":[{"taxonomy":"product_brand","embeddable":true,"href":"https:\/\/mestra.es\/fr\/wp-json\/wp\/v2\/product_brand?post=13846"},{"taxonomy":"product_cat","embeddable":true,"href":"https:\/\/mestra.es\/fr\/wp-json\/wp\/v2\/product_cat?post=13846"},{"taxonomy":"product_tag","embeddable":true,"href":"https:\/\/mestra.es\/fr\/wp-json\/wp\/v2\/product_tag?post=13846"}],"curies":[{"name":"wp","href":"https:\/\/api.w.org\/{rel}","templated":true}]}}