{"id":12729,"date":"2024-03-11T07:53:32","date_gmt":"2024-03-11T06:53:32","guid":{"rendered":"https:\/\/mestra.es\/producto\/puntas-de-silicona\/"},"modified":"2025-03-17T16:11:02","modified_gmt":"2025-03-17T15:11:02","slug":"puntas-de-silicona","status":"publish","type":"product","link":"https:\/\/mestra.es\/fr\/producto\/puntas-de-silicona\/","title":{"rendered":"Pointes montees en silicone"},"content":{"rendered":"<p>Pointes montees en silicone marron. Pour un vernis ultra brillant<br \/>\ndans les alliages, amalgames, composites et acryliques.<\/p>\n<p>Pointes montees en silicone gris (6 unit\u00e9s)<br \/>\nPour le pr\u00e9-polissage des alliages, amalgames, composites<br \/>\net acryliques.<\/p>\n<p>Pointes montees en silicone blanc (6 unit\u00e9s). Retirer<br \/>\nrayures et obtenir un polissage parfait sur tous types de<br \/>\nporcelaine.<\/p>\n","protected":false},"excerpt":{"rendered":"<p>Pointes montees en silicone marron. Pour un vernis ultra brillant dans les alliages, amalgames, composites et acryliques. Pointes montees en silicone gris (6 unit\u00e9s) Pour le pr\u00e9-polissage des alliages, amalgames, composites et acryliques. Pointes montees en silicone blanc (6 unit\u00e9s). Retirer rayures et obtenir un polissage parfait sur tous types de porcelaine.<\/p>\n","protected":false},"featured_media":7141,"template":"","meta":{"_acf_changed":false,"_monsterinsights_skip_tracking":false,"_monsterinsights_sitenote_active":false,"_monsterinsights_sitenote_note":"","_monsterinsights_sitenote_category":0},"product_brand":[],"product_cat":[1360],"product_tag":[],"class_list":{"0":"post-12729","1":"product","2":"type-product","3":"status-publish","4":"has-post-thumbnail","6":"product_cat-abrasifs-rotatifs","7":"pa_tipo-pointes-montees-en-silicone-marron","8":"pa_tipo-pointes-montees-en-silicone-blanc","9":"pa_tipo-pointes-montees-en-silicone-gris","11":"first","12":"instock","13":"product-type-variable"},"acf":[],"yoast_head":"<!-- This site is optimized with the Yoast SEO plugin v27.2 - https:\/\/yoast.com\/product\/yoast-seo-wordpress\/ -->\n<title>Pointes montees en silicone - Talleres Mestra<\/title>\n<meta name=\"robots\" content=\"index, follow, max-snippet:-1, max-image-preview:large, max-video-preview:-1\" \/>\n<link rel=\"canonical\" href=\"https:\/\/mestra.es\/fr\/producto\/puntas-de-silicona\/\" \/>\n<meta property=\"og:locale\" content=\"fr_FR\" \/>\n<meta property=\"og:type\" content=\"article\" \/>\n<meta property=\"og:title\" content=\"Pointes montees en silicone - Talleres Mestra\" \/>\n<meta property=\"og:description\" content=\"Pointes montees en silicone marron. Pour un vernis ultra brillant dans les alliages, amalgames, composites et acryliques. Pointes montees en silicone gris (6 unit\u00e9s) Pour le pr\u00e9-polissage des alliages, amalgames, composites et acryliques. Pointes montees en silicone blanc (6 unit\u00e9s). Retirer rayures et obtenir un polissage parfait sur tous types de porcelaine.\" \/>\n<meta property=\"og:url\" content=\"https:\/\/mestra.es\/fr\/producto\/puntas-de-silicona\/\" \/>\n<meta property=\"og:site_name\" content=\"Talleres Mestra\" \/>\n<meta property=\"article:modified_time\" content=\"2025-03-17T15:11:02+00:00\" \/>\n<meta property=\"og:image\" content=\"https:\/\/mestra.es\/wp-content\/uploads\/2024\/03\/pusil.JPG\" \/>\n\t<meta property=\"og:image:width\" content=\"600\" \/>\n\t<meta property=\"og:image:height\" content=\"600\" \/>\n\t<meta property=\"og:image:type\" content=\"image\/jpeg\" \/>\n<meta name=\"twitter:card\" content=\"summary_large_image\" \/>\n<meta name=\"twitter:label1\" content=\"Disponibilit\u00e9\" \/>\n\t<meta name=\"twitter:data1\" content=\"En stock\" \/>\n<script type=\"application\/ld+json\" class=\"yoast-schema-graph\">{\"@context\":\"https:\/\/schema.org\",\"@graph\":[{\"@type\":\"WebPage\",\"@id\":\"https:\/\/mestra.es\/fr\/producto\/puntas-de-silicona\/\",\"url\":\"https:\/\/mestra.es\/fr\/producto\/puntas-de-silicona\/\",\"name\":\"Pointes montees en silicone - Talleres Mestra\",\"isPartOf\":{\"@id\":\"https:\/\/mestra.es\/fr\/#website\"},\"primaryImageOfPage\":{\"@id\":\"https:\/\/mestra.es\/fr\/producto\/puntas-de-silicona\/#primaryimage\"},\"image\":{\"@id\":\"https:\/\/mestra.es\/fr\/producto\/puntas-de-silicona\/#primaryimage\"},\"thumbnailUrl\":\"https:\/\/mestra.es\/wp-content\/uploads\/2024\/03\/pusil.JPG\",\"datePublished\":\"2024-03-11T06:53:32+00:00\",\"dateModified\":\"2025-03-17T15:11:02+00:00\",\"breadcrumb\":{\"@id\":\"https:\/\/mestra.es\/fr\/producto\/puntas-de-silicona\/#breadcrumb\"},\"inLanguage\":\"fr-FR\",\"potentialAction\":[{\"@type\":\"ReadAction\",\"target\":[\"https:\/\/mestra.es\/fr\/producto\/puntas-de-silicona\/\"]}]},{\"@type\":\"ImageObject\",\"inLanguage\":\"fr-FR\",\"@id\":\"https:\/\/mestra.es\/fr\/producto\/puntas-de-silicona\/#primaryimage\",\"url\":\"https:\/\/mestra.es\/wp-content\/uploads\/2024\/03\/pusil.JPG\",\"contentUrl\":\"https:\/\/mestra.es\/wp-content\/uploads\/2024\/03\/pusil.JPG\",\"width\":600,\"height\":600},{\"@type\":\"BreadcrumbList\",\"@id\":\"https:\/\/mestra.es\/fr\/producto\/puntas-de-silicona\/#breadcrumb\",\"itemListElement\":[{\"@type\":\"ListItem\",\"position\":1,\"name\":\"Portada\",\"item\":\"https:\/\/mestra.es\/fr\/\"},{\"@type\":\"ListItem\",\"position\":2,\"name\":\"Boutique\",\"item\":\"https:\/\/mestra.es\/fr\/boutique\/\"},{\"@type\":\"ListItem\",\"position\":3,\"name\":\"Pointes montees en silicone\"}]},{\"@type\":\"WebSite\",\"@id\":\"https:\/\/mestra.es\/fr\/#website\",\"url\":\"https:\/\/mestra.es\/fr\/\",\"name\":\"Talleres Mestra\",\"description\":\"\",\"publisher\":{\"@id\":\"https:\/\/mestra.es\/fr\/#organization\"},\"potentialAction\":[{\"@type\":\"SearchAction\",\"target\":{\"@type\":\"EntryPoint\",\"urlTemplate\":\"https:\/\/mestra.es\/fr\/?s={search_term_string}\"},\"query-input\":{\"@type\":\"PropertyValueSpecification\",\"valueRequired\":true,\"valueName\":\"search_term_string\"}}],\"inLanguage\":\"fr-FR\"},{\"@type\":\"Organization\",\"@id\":\"https:\/\/mestra.es\/fr\/#organization\",\"name\":\"Talleres Mestra\",\"url\":\"https:\/\/mestra.es\/fr\/\",\"logo\":{\"@type\":\"ImageObject\",\"inLanguage\":\"fr-FR\",\"@id\":\"https:\/\/mestra.es\/fr\/#\/schema\/logo\/image\/\",\"url\":\"https:\/\/mestra.es\/wp-content\/uploads\/2024\/05\/logo_mestra.png\",\"contentUrl\":\"https:\/\/mestra.es\/wp-content\/uploads\/2024\/05\/logo_mestra.png\",\"width\":300,\"height\":170,\"caption\":\"Talleres Mestra\"},\"image\":{\"@id\":\"https:\/\/mestra.es\/fr\/#\/schema\/logo\/image\/\"}}]}<\/script>\n<meta property=\"og:availability\" content=\"instock\" \/>\n<meta property=\"product:availability\" content=\"instock\" \/>\n<meta property=\"product:retailer_item_id\" content=\"107147B, ... , 07137WC\" \/>\n<meta property=\"product:condition\" content=\"new\" \/>\n<!-- \/ Yoast SEO plugin. -->","yoast_head_json":{"title":"Pointes montees en silicone - Talleres Mestra","robots":{"index":"index","follow":"follow","max-snippet":"max-snippet:-1","max-image-preview":"max-image-preview:large","max-video-preview":"max-video-preview:-1"},"canonical":"https:\/\/mestra.es\/fr\/producto\/puntas-de-silicona\/","og_locale":"fr_FR","og_type":"article","og_title":"Pointes montees en silicone - Talleres Mestra","og_description":"Pointes montees en silicone marron. Pour un vernis ultra brillant dans les alliages, amalgames, composites et acryliques. Pointes montees en silicone gris (6 unit\u00e9s) Pour le pr\u00e9-polissage des alliages, amalgames, composites et acryliques. Pointes montees en silicone blanc (6 unit\u00e9s). Retirer rayures et obtenir un polissage parfait sur tous types de porcelaine.","og_url":"https:\/\/mestra.es\/fr\/producto\/puntas-de-silicona\/","og_site_name":"Talleres Mestra","article_modified_time":"2025-03-17T15:11:02+00:00","og_image":[{"width":600,"height":600,"url":"https:\/\/mestra.es\/wp-content\/uploads\/2024\/03\/pusil.JPG","type":"image\/jpeg"}],"twitter_card":"summary_large_image","twitter_misc":{"Disponibilit\u00e9":"En stock"},"schema":{"@context":"https:\/\/schema.org","@graph":[{"@type":"WebPage","@id":"https:\/\/mestra.es\/fr\/producto\/puntas-de-silicona\/","url":"https:\/\/mestra.es\/fr\/producto\/puntas-de-silicona\/","name":"Pointes montees en silicone - Talleres Mestra","isPartOf":{"@id":"https:\/\/mestra.es\/fr\/#website"},"primaryImageOfPage":{"@id":"https:\/\/mestra.es\/fr\/producto\/puntas-de-silicona\/#primaryimage"},"image":{"@id":"https:\/\/mestra.es\/fr\/producto\/puntas-de-silicona\/#primaryimage"},"thumbnailUrl":"https:\/\/mestra.es\/wp-content\/uploads\/2024\/03\/pusil.JPG","datePublished":"2024-03-11T06:53:32+00:00","dateModified":"2025-03-17T15:11:02+00:00","breadcrumb":{"@id":"https:\/\/mestra.es\/fr\/producto\/puntas-de-silicona\/#breadcrumb"},"inLanguage":"fr-FR","potentialAction":[{"@type":"ReadAction","target":["https:\/\/mestra.es\/fr\/producto\/puntas-de-silicona\/"]}]},{"@type":"ImageObject","inLanguage":"fr-FR","@id":"https:\/\/mestra.es\/fr\/producto\/puntas-de-silicona\/#primaryimage","url":"https:\/\/mestra.es\/wp-content\/uploads\/2024\/03\/pusil.JPG","contentUrl":"https:\/\/mestra.es\/wp-content\/uploads\/2024\/03\/pusil.JPG","width":600,"height":600},{"@type":"BreadcrumbList","@id":"https:\/\/mestra.es\/fr\/producto\/puntas-de-silicona\/#breadcrumb","itemListElement":[{"@type":"ListItem","position":1,"name":"Portada","item":"https:\/\/mestra.es\/fr\/"},{"@type":"ListItem","position":2,"name":"Boutique","item":"https:\/\/mestra.es\/fr\/boutique\/"},{"@type":"ListItem","position":3,"name":"Pointes montees en silicone"}]},{"@type":"WebSite","@id":"https:\/\/mestra.es\/fr\/#website","url":"https:\/\/mestra.es\/fr\/","name":"Talleres Mestra","description":"","publisher":{"@id":"https:\/\/mestra.es\/fr\/#organization"},"potentialAction":[{"@type":"SearchAction","target":{"@type":"EntryPoint","urlTemplate":"https:\/\/mestra.es\/fr\/?s={search_term_string}"},"query-input":{"@type":"PropertyValueSpecification","valueRequired":true,"valueName":"search_term_string"}}],"inLanguage":"fr-FR"},{"@type":"Organization","@id":"https:\/\/mestra.es\/fr\/#organization","name":"Talleres Mestra","url":"https:\/\/mestra.es\/fr\/","logo":{"@type":"ImageObject","inLanguage":"fr-FR","@id":"https:\/\/mestra.es\/fr\/#\/schema\/logo\/image\/","url":"https:\/\/mestra.es\/wp-content\/uploads\/2024\/05\/logo_mestra.png","contentUrl":"https:\/\/mestra.es\/wp-content\/uploads\/2024\/05\/logo_mestra.png","width":300,"height":170,"caption":"Talleres Mestra"},"image":{"@id":"https:\/\/mestra.es\/fr\/#\/schema\/logo\/image\/"}}]},"og_availability":"instock","product_availability":"instock","product_retailer_item_id":"107147B, ... , 07137WC","product_condition":"new"},"_links":{"self":[{"href":"https:\/\/mestra.es\/fr\/wp-json\/wp\/v2\/product\/12729","targetHints":{"allow":["GET"]}}],"collection":[{"href":"https:\/\/mestra.es\/fr\/wp-json\/wp\/v2\/product"}],"about":[{"href":"https:\/\/mestra.es\/fr\/wp-json\/wp\/v2\/types\/product"}],"wp:featuredmedia":[{"embeddable":true,"href":"https:\/\/mestra.es\/fr\/wp-json\/wp\/v2\/media\/7141"}],"wp:attachment":[{"href":"https:\/\/mestra.es\/fr\/wp-json\/wp\/v2\/media?parent=12729"}],"wp:term":[{"taxonomy":"product_brand","embeddable":true,"href":"https:\/\/mestra.es\/fr\/wp-json\/wp\/v2\/product_brand?post=12729"},{"taxonomy":"product_cat","embeddable":true,"href":"https:\/\/mestra.es\/fr\/wp-json\/wp\/v2\/product_cat?post=12729"},{"taxonomy":"product_tag","embeddable":true,"href":"https:\/\/mestra.es\/fr\/wp-json\/wp\/v2\/product_tag?post=12729"}],"curies":[{"name":"wp","href":"https:\/\/api.w.org\/{rel}","templated":true}]}}