{"id":12615,"date":"2024-03-11T13:37:06","date_gmt":"2024-03-11T12:37:06","guid":{"rendered":"https:\/\/mestra.es\/producto\/rejilla-para-limpiar-dientes\/"},"modified":"2025-03-28T12:05:43","modified_gmt":"2025-03-28T11:05:43","slug":"rejilla-para-limpiar-dientes","status":"publish","type":"product","link":"https:\/\/mestra.es\/fr\/producto\/rejilla-para-limpiar-dientes\/","title":{"rendered":"GRILLE POUR LE NETTOYAGE DES DENTS"},"content":{"rendered":"<p>Fabriqu\u00e9e en polyamide r\u00e9sistante aux temp\u00e9ratures. <\/p>\n<p>Dessin innovant avec une fermeture s\u00e9curis\u00e9e et facile \u00e0 actionner. <\/p>\n<p>Pour faciliter la manipulation, quand il est pos\u00e9 sur le table le manche reste toujours \u00e9lev\u00e9. <\/p>\n<p>Accessoire id\u00e9al pour nettoyage des dents avec une machine \u00e0 vapeur ou une machine \u00e0 ebouillanter.<\/p>\n","protected":false},"excerpt":{"rendered":"<p>Fabriqu\u00e9e en polyamide r\u00e9sistante aux temp\u00e9ratures. Dessin innovant avec une fermeture s\u00e9curis\u00e9e et facile \u00e0 actionner. Pour faciliter la manipulation, quand il est pos\u00e9 sur le table le manche reste toujours \u00e9lev\u00e9. Accessoire id\u00e9al pour nettoyage des dents avec une machine \u00e0 vapeur ou une machine \u00e0 ebouillanter.<\/p>\n","protected":false},"featured_media":9483,"template":"","meta":{"_acf_changed":false,"_monsterinsights_skip_tracking":false,"_monsterinsights_sitenote_active":false,"_monsterinsights_sitenote_note":"","_monsterinsights_sitenote_category":0},"product_brand":[],"product_cat":[1283],"product_tag":[],"class_list":{"0":"post-12615","1":"product","2":"type-product","3":"status-publish","4":"has-post-thumbnail","6":"product_cat-accessoires","8":"first","9":"instock","10":"product-type-simple"},"acf":[],"yoast_head":"<!-- This site is optimized with the Yoast SEO plugin v27.2 - https:\/\/yoast.com\/product\/yoast-seo-wordpress\/ -->\n<title>Grille pour le nettoyage des dents | MESTRA<\/title>\n<meta name=\"description\" content=\"Chez MESTRA, nous avons Grille pour le nettoyage des dents commander en ligne.\" \/>\n<meta name=\"robots\" content=\"index, follow, max-snippet:-1, max-image-preview:large, max-video-preview:-1\" \/>\n<link rel=\"canonical\" href=\"https:\/\/mestra.es\/fr\/producto\/rejilla-para-limpiar-dientes\/\" \/>\n<meta property=\"og:locale\" content=\"fr_FR\" \/>\n<meta property=\"og:type\" content=\"article\" \/>\n<meta property=\"og:title\" content=\"Grille pour le nettoyage des dents | MESTRA\" \/>\n<meta property=\"og:description\" content=\"Chez MESTRA, nous avons Grille pour le nettoyage des dents commander en ligne.\" \/>\n<meta property=\"og:url\" content=\"https:\/\/mestra.es\/fr\/producto\/rejilla-para-limpiar-dientes\/\" \/>\n<meta property=\"og:site_name\" content=\"Talleres Mestra\" \/>\n<meta property=\"article:modified_time\" content=\"2025-03-28T11:05:43+00:00\" \/>\n<meta property=\"og:image\" content=\"https:\/\/mestra.es\/wp-content\/uploads\/2024\/03\/050345.jpg\" \/>\n\t<meta property=\"og:image:width\" content=\"600\" \/>\n\t<meta property=\"og:image:height\" content=\"600\" \/>\n\t<meta property=\"og:image:type\" content=\"image\/jpeg\" \/>\n<meta name=\"twitter:card\" content=\"summary_large_image\" \/>\n<meta name=\"twitter:label1\" content=\"Prix\" \/>\n\t<meta name=\"twitter:data1\" content=\"\" \/>\n\t<meta name=\"twitter:label2\" content=\"Disponibilit\u00e9\" \/>\n\t<meta name=\"twitter:data2\" content=\"En stock\" \/>\n<script type=\"application\/ld+json\" class=\"yoast-schema-graph\">{\"@context\":\"https:\/\/schema.org\",\"@graph\":[{\"@type\":\"WebPage\",\"@id\":\"https:\/\/mestra.es\/fr\/producto\/rejilla-para-limpiar-dientes\/\",\"url\":\"https:\/\/mestra.es\/fr\/producto\/rejilla-para-limpiar-dientes\/\",\"name\":\"Grille pour le nettoyage des dents | MESTRA\",\"isPartOf\":{\"@id\":\"https:\/\/mestra.es\/fr\/#website\"},\"primaryImageOfPage\":{\"@id\":\"https:\/\/mestra.es\/fr\/producto\/rejilla-para-limpiar-dientes\/#primaryimage\"},\"image\":{\"@id\":\"https:\/\/mestra.es\/fr\/producto\/rejilla-para-limpiar-dientes\/#primaryimage\"},\"thumbnailUrl\":\"https:\/\/mestra.es\/wp-content\/uploads\/2024\/03\/050345.jpg\",\"datePublished\":\"2024-03-11T12:37:06+00:00\",\"dateModified\":\"2025-03-28T11:05:43+00:00\",\"description\":\"Chez MESTRA, nous avons Grille pour le nettoyage des dents commander en ligne.\",\"breadcrumb\":{\"@id\":\"https:\/\/mestra.es\/fr\/producto\/rejilla-para-limpiar-dientes\/#breadcrumb\"},\"inLanguage\":\"fr-FR\",\"potentialAction\":[{\"@type\":\"ReadAction\",\"target\":[\"https:\/\/mestra.es\/fr\/producto\/rejilla-para-limpiar-dientes\/\"]}]},{\"@type\":\"ImageObject\",\"inLanguage\":\"fr-FR\",\"@id\":\"https:\/\/mestra.es\/fr\/producto\/rejilla-para-limpiar-dientes\/#primaryimage\",\"url\":\"https:\/\/mestra.es\/wp-content\/uploads\/2024\/03\/050345.jpg\",\"contentUrl\":\"https:\/\/mestra.es\/wp-content\/uploads\/2024\/03\/050345.jpg\",\"width\":600,\"height\":600,\"caption\":\"Rejilla para limpiar dientes\"},{\"@type\":\"BreadcrumbList\",\"@id\":\"https:\/\/mestra.es\/fr\/producto\/rejilla-para-limpiar-dientes\/#breadcrumb\",\"itemListElement\":[{\"@type\":\"ListItem\",\"position\":1,\"name\":\"Portada\",\"item\":\"https:\/\/mestra.es\/fr\/\"},{\"@type\":\"ListItem\",\"position\":2,\"name\":\"Boutique\",\"item\":\"https:\/\/mestra.es\/fr\/boutique\/\"},{\"@type\":\"ListItem\",\"position\":3,\"name\":\"GRILLE POUR LE NETTOYAGE DES DENTS\"}]},{\"@type\":\"WebSite\",\"@id\":\"https:\/\/mestra.es\/fr\/#website\",\"url\":\"https:\/\/mestra.es\/fr\/\",\"name\":\"Talleres Mestra\",\"description\":\"\",\"publisher\":{\"@id\":\"https:\/\/mestra.es\/fr\/#organization\"},\"potentialAction\":[{\"@type\":\"SearchAction\",\"target\":{\"@type\":\"EntryPoint\",\"urlTemplate\":\"https:\/\/mestra.es\/fr\/?s={search_term_string}\"},\"query-input\":{\"@type\":\"PropertyValueSpecification\",\"valueRequired\":true,\"valueName\":\"search_term_string\"}}],\"inLanguage\":\"fr-FR\"},{\"@type\":\"Organization\",\"@id\":\"https:\/\/mestra.es\/fr\/#organization\",\"name\":\"Talleres Mestra\",\"url\":\"https:\/\/mestra.es\/fr\/\",\"logo\":{\"@type\":\"ImageObject\",\"inLanguage\":\"fr-FR\",\"@id\":\"https:\/\/mestra.es\/fr\/#\/schema\/logo\/image\/\",\"url\":\"https:\/\/mestra.es\/wp-content\/uploads\/2024\/05\/logo_mestra.png\",\"contentUrl\":\"https:\/\/mestra.es\/wp-content\/uploads\/2024\/05\/logo_mestra.png\",\"width\":300,\"height\":170,\"caption\":\"Talleres Mestra\"},\"image\":{\"@id\":\"https:\/\/mestra.es\/fr\/#\/schema\/logo\/image\/\"}}]}<\/script>\n<meta property=\"product:price:currency\" content=\"EUR\" \/>\n<meta property=\"og:availability\" content=\"instock\" \/>\n<meta property=\"product:availability\" content=\"instock\" \/>\n<meta property=\"product:retailer_item_id\" content=\"050345\" \/>\n<meta property=\"product:condition\" content=\"new\" \/>\n<!-- \/ Yoast SEO plugin. -->","yoast_head_json":{"title":"Grille pour le nettoyage des dents | MESTRA","description":"Chez MESTRA, nous avons Grille pour le nettoyage des dents commander en ligne.","robots":{"index":"index","follow":"follow","max-snippet":"max-snippet:-1","max-image-preview":"max-image-preview:large","max-video-preview":"max-video-preview:-1"},"canonical":"https:\/\/mestra.es\/fr\/producto\/rejilla-para-limpiar-dientes\/","og_locale":"fr_FR","og_type":"article","og_title":"Grille pour le nettoyage des dents | MESTRA","og_description":"Chez MESTRA, nous avons Grille pour le nettoyage des dents commander en ligne.","og_url":"https:\/\/mestra.es\/fr\/producto\/rejilla-para-limpiar-dientes\/","og_site_name":"Talleres Mestra","article_modified_time":"2025-03-28T11:05:43+00:00","og_image":[{"width":600,"height":600,"url":"https:\/\/mestra.es\/wp-content\/uploads\/2024\/03\/050345.jpg","type":"image\/jpeg"}],"twitter_card":"summary_large_image","twitter_misc":{"Prix":"","Disponibilit\u00e9":"En stock"},"schema":{"@context":"https:\/\/schema.org","@graph":[{"@type":"WebPage","@id":"https:\/\/mestra.es\/fr\/producto\/rejilla-para-limpiar-dientes\/","url":"https:\/\/mestra.es\/fr\/producto\/rejilla-para-limpiar-dientes\/","name":"Grille pour le nettoyage des dents | MESTRA","isPartOf":{"@id":"https:\/\/mestra.es\/fr\/#website"},"primaryImageOfPage":{"@id":"https:\/\/mestra.es\/fr\/producto\/rejilla-para-limpiar-dientes\/#primaryimage"},"image":{"@id":"https:\/\/mestra.es\/fr\/producto\/rejilla-para-limpiar-dientes\/#primaryimage"},"thumbnailUrl":"https:\/\/mestra.es\/wp-content\/uploads\/2024\/03\/050345.jpg","datePublished":"2024-03-11T12:37:06+00:00","dateModified":"2025-03-28T11:05:43+00:00","description":"Chez MESTRA, nous avons Grille pour le nettoyage des dents commander en ligne.","breadcrumb":{"@id":"https:\/\/mestra.es\/fr\/producto\/rejilla-para-limpiar-dientes\/#breadcrumb"},"inLanguage":"fr-FR","potentialAction":[{"@type":"ReadAction","target":["https:\/\/mestra.es\/fr\/producto\/rejilla-para-limpiar-dientes\/"]}]},{"@type":"ImageObject","inLanguage":"fr-FR","@id":"https:\/\/mestra.es\/fr\/producto\/rejilla-para-limpiar-dientes\/#primaryimage","url":"https:\/\/mestra.es\/wp-content\/uploads\/2024\/03\/050345.jpg","contentUrl":"https:\/\/mestra.es\/wp-content\/uploads\/2024\/03\/050345.jpg","width":600,"height":600,"caption":"Rejilla para limpiar dientes"},{"@type":"BreadcrumbList","@id":"https:\/\/mestra.es\/fr\/producto\/rejilla-para-limpiar-dientes\/#breadcrumb","itemListElement":[{"@type":"ListItem","position":1,"name":"Portada","item":"https:\/\/mestra.es\/fr\/"},{"@type":"ListItem","position":2,"name":"Boutique","item":"https:\/\/mestra.es\/fr\/boutique\/"},{"@type":"ListItem","position":3,"name":"GRILLE POUR LE NETTOYAGE DES DENTS"}]},{"@type":"WebSite","@id":"https:\/\/mestra.es\/fr\/#website","url":"https:\/\/mestra.es\/fr\/","name":"Talleres Mestra","description":"","publisher":{"@id":"https:\/\/mestra.es\/fr\/#organization"},"potentialAction":[{"@type":"SearchAction","target":{"@type":"EntryPoint","urlTemplate":"https:\/\/mestra.es\/fr\/?s={search_term_string}"},"query-input":{"@type":"PropertyValueSpecification","valueRequired":true,"valueName":"search_term_string"}}],"inLanguage":"fr-FR"},{"@type":"Organization","@id":"https:\/\/mestra.es\/fr\/#organization","name":"Talleres Mestra","url":"https:\/\/mestra.es\/fr\/","logo":{"@type":"ImageObject","inLanguage":"fr-FR","@id":"https:\/\/mestra.es\/fr\/#\/schema\/logo\/image\/","url":"https:\/\/mestra.es\/wp-content\/uploads\/2024\/05\/logo_mestra.png","contentUrl":"https:\/\/mestra.es\/wp-content\/uploads\/2024\/05\/logo_mestra.png","width":300,"height":170,"caption":"Talleres Mestra"},"image":{"@id":"https:\/\/mestra.es\/fr\/#\/schema\/logo\/image\/"}}]},"product_price_currency":"EUR","og_availability":"instock","product_availability":"instock","product_retailer_item_id":"050345","product_condition":"new"},"_links":{"self":[{"href":"https:\/\/mestra.es\/fr\/wp-json\/wp\/v2\/product\/12615","targetHints":{"allow":["GET"]}}],"collection":[{"href":"https:\/\/mestra.es\/fr\/wp-json\/wp\/v2\/product"}],"about":[{"href":"https:\/\/mestra.es\/fr\/wp-json\/wp\/v2\/types\/product"}],"wp:featuredmedia":[{"embeddable":true,"href":"https:\/\/mestra.es\/fr\/wp-json\/wp\/v2\/media\/9483"}],"wp:attachment":[{"href":"https:\/\/mestra.es\/fr\/wp-json\/wp\/v2\/media?parent=12615"}],"wp:term":[{"taxonomy":"product_brand","embeddable":true,"href":"https:\/\/mestra.es\/fr\/wp-json\/wp\/v2\/product_brand?post=12615"},{"taxonomy":"product_cat","embeddable":true,"href":"https:\/\/mestra.es\/fr\/wp-json\/wp\/v2\/product_cat?post=12615"},{"taxonomy":"product_tag","embeddable":true,"href":"https:\/\/mestra.es\/fr\/wp-json\/wp\/v2\/product_tag?post=12615"}],"curies":[{"name":"wp","href":"https:\/\/api.w.org\/{rel}","templated":true}]}}