{"id":12613,"date":"2024-03-11T13:37:06","date_gmt":"2024-03-11T12:37:06","guid":{"rendered":"https:\/\/mestra.es\/producto\/box-para-vaporeto-altamira\/"},"modified":"2025-11-17T07:43:36","modified_gmt":"2025-11-17T06:43:36","slug":"box-para-vaporeto-altamira","status":"publish","type":"product","link":"https:\/\/mestra.es\/fr\/producto\/box-para-vaporeto-altamira\/","title":{"rendered":"BOX DE NETTOYAGE POUR LA VAPEUR \u00ab\u00a0ALTAMIRA\u00a0\u00bb"},"content":{"rendered":"<h3><strong>BOX DE NETTOYAGE POUR LA VAPEUR \u00ab\u00a0ALTAMIRA\u00a0\u00bb<\/strong><\/h3>\n<p>Personne ne remet en question la n\u00e9cessit\u00e9 et l\u2019importance du nettoyage au jet de vapeur dans le laboratoire dentaire. Personne ne doute non plus de ses cons\u00e9quences: Salet\u00e9 dans les \u00e9viers ; humidit\u00e9 ambiante; condensation sur les murs et les sols. Et tout cela sans parler du prix \u00e9lev\u00e9 de ce type d\u2019appareils jusqu\u2019\u00e0 pr\u00e9sent.<br \/>\nChez MESTRA\u00ae nous avons travaill\u00e9 dur pour faire dispara\u00eetre ces d\u00e9sagr\u00e9ments tout simplement en utilisant la cabine vapeur Altamira, le compl\u00e9ment indispensable de toute machine de nettoyage vapeur.<\/p>\n<table>\n<tbody>\n<tr>\n<td style=\"width: 300px;\"><img decoding=\"async\" src=\"https:\/\/mestra.es\/wp-content\/uploads\/2024\/09\/080600-A-Box-de-limpieza-de-vapor-Altamira-300x263-2.jpg\" \/><\/td>\n<td>R\u00e9alis\u00e9 sur un ch\u00e2ssis robuste en polypropyl\u00e8ne, il poss\u00e8de une grande fen\u00eatre qui donne acc\u00e8s \u00e0 la cam\u00e9ra. Tous les murs sont lisses pour un nettoyage facile.<\/td>\n<\/tr>\n<\/tbody>\n<\/table>\n<table>\n<tbody>\n<tr>\n<td style=\"width: 300px;\"><img decoding=\"async\" src=\"https:\/\/mestra.es\/wp-content\/uploads\/2024\/09\/080600-B-Box-de-limpieza-de-vapor-Altamira-1.jpg\" \/><\/td>\n<td>L&rsquo;\u00e9clairage est un autre des aspects les plus soign\u00e9s de la cabine de vaporisation Altamira : deux ampoules puissantes et \u00e0 faible consommation fournissent un \u00e9clairage parfait aux pi\u00e8ces \u00e0 vaporiser, sans que la lumi\u00e8re n&rsquo;atteigne directement les yeux \u00e0 aucun moment.Les reflets et l&rsquo;\u00e9blouissement ont \u00e9galement \u00e9t\u00e9 \u00e9limin\u00e9s.<\/td>\n<\/tr>\n<\/tbody>\n<\/table>\n<table>\n<tbody>\n<tr>\n<td style=\"width: 300px;\"><img decoding=\"async\" src=\"https:\/\/mestra.es\/wp-content\/uploads\/2024\/09\/080600-C-Box-de-limpieza-de-vapor-Altamira-1.jpg\" \/><\/td>\n<td>Le syst\u00e8me double filtre a fait l&rsquo;objet d&rsquo;une \u00e9tude approfondie par nos techniciens. Les locaux de conception \u00e9taient l&rsquo;accessibilit\u00e9, la facilit\u00e9 de nettoyage et l&rsquo;efficacit\u00e9.<br \/>\nLe filtre primaire est situ\u00e9 dans la chambre principale, son acc\u00e8s est donc imm\u00e9diat. Le nettoyage et le remplacement s&rsquo;effectuent sans utiliser d&rsquo;outils. De par sa conception, le filtre peut \u00eatre nettoy\u00e9 et r\u00e9utilis\u00e9 plusieurs fois. C&rsquo;est \u00e9galement \u00e9conomique au cas o\u00f9 un remplacement serait n\u00e9cessaire.td&gt;<\/td>\n<\/tr>\n<\/tbody>\n<\/table>\n<table>\n<tbody>\n<tr>\n<td style=\"width: 300px;\"><img decoding=\"async\" src=\"https:\/\/mestra.es\/wp-content\/uploads\/2024\/09\/080600-D-Box-de-limpieza-de-vapor-Altamira-1.jpg\" \/><\/td>\n<td>Le deuxi\u00e8me filtre, situ\u00e9 \u00e0 l&rsquo;arri\u00e8re de la machine, n\u00e9cessite beaucoup moins d&rsquo;entretien que le pr\u00e9c\u00e9dent.<\/td>\n<\/tr>\n<\/tbody>\n<\/table>\n<table>\n<tbody>\n<tr>\n<td style=\"width: 300px;\"><img decoding=\"async\" src=\"https:\/\/mestra.es\/wp-content\/uploads\/2024\/09\/080600-E-Box-de-limpieza-de-vapor-Altamira-1.jpg\" \/><\/td>\n<td>La vapeur condens\u00e9e s&rsquo;accumule au fond de la cabine de vaporisation. Un voyant pratique indique quand le r\u00e9servoir est plein et peut ensuite \u00eatre vid\u00e9 via un tuyau pratique situ\u00e9 \u00e0 l&rsquo;arri\u00e8re. L&rsquo;op\u00e9ration s&rsquo;effectue en quelques secondes seulement.<\/td>\n<\/tr>\n<\/tbody>\n<\/table>\n<table>\n<tbody>\n<tr>\n<td style=\"width: 300px;\"><img decoding=\"async\" src=\"https:\/\/mestra.es\/wp-content\/uploads\/2024\/09\/080600-G-Box-de-limpieza-de-vapor-Altamira-1.jpg\" \/><\/td>\n<td><img decoding=\"async\" class=\"alignnone size-full wp-image-22211\" src=\"https:\/\/mestra.es\/wp-content\/uploads\/2024\/09\/080600-F-Box-de-limpieza-de-vapor-Altamira-1.jpg\" \/><\/td>\n<\/tr>\n<\/tbody>\n<\/table>\n<p>La vapeur condens\u00e9e s&rsquo;accumule au fond de la chambre \u00e0 vapeur. Un indicateur de niveau pratique signale lorsque le r\u00e9servoir est plein\u00a0; il peut alors \u00eatre vid\u00e9 \u00e0 l&rsquo;aide d&rsquo;un tuyau situ\u00e9 \u00e0 l&rsquo;arri\u00e8re. L&rsquo;op\u00e9ration ne prend que quelques secondes.<\/p>\n<p>&nbsp;<\/p>\n<table>\n<tbody>\n<tr>\n<td style=\"width: 300px;\"><img decoding=\"async\" src=\"https:\/\/mestra.es\/wp-content\/uploads\/2024\/09\/080600-H-Box-de-limpieza-de-vapor-Altamira-1.jpg\" \/><\/td>\n<td>Le c\u0153ur de la cabine de vaporisation est un puissant ventilateur \u00e0 haut d\u00e9bit capable d&rsquo;aspirer en douceur la vapeur accumul\u00e9e dans la chambre principale. Son fonctionnement est puissant et silencieux.<\/td>\n<\/tr>\n<\/tbody>\n<\/table>\n<p><strong>Propret\u00e9, puissance, ergonomie et praticit\u00e9 \u00e0 prix r\u00e9duit, voil\u00e0 ce que propose la cabine de vaporisation Altamira. En bref, une approche nouvelle et attrayante des t\u00e2ches de vaporisation dans le laboratoire dentaire. Bien s\u00fbr avec le niveau de qualit\u00e9 et de service apr\u00e8s-vente habituel de la marque MESTRA.<\/strong><\/p>\n<p><iframe loading=\"lazy\" title=\"YouTube video player\" src=\"https:\/\/www.youtube.com\/embed\/WKEUSTRVOMw?si=JoJTYXR66N5GYA8o\" width=\"560\" height=\"315\" frameborder=\"0\" allowfullscreen=\"allowfullscreen\"><\/iframe><\/p>\n","protected":false},"excerpt":{"rendered":"<p>Box de nettoyage pour la vapeur \u00ab\u00a0Altamira\u00a0\u00bb<\/p>\n","protected":false},"featured_media":9803,"template":"","meta":{"_acf_changed":false,"_monsterinsights_skip_tracking":false,"_monsterinsights_sitenote_active":false,"_monsterinsights_sitenote_note":"","_monsterinsights_sitenote_category":0},"product_brand":[],"product_cat":[1283],"product_tag":[],"class_list":{"0":"post-12613","1":"product","2":"type-product","3":"status-publish","4":"has-post-thumbnail","6":"product_cat-accessoires","8":"first","9":"instock","10":"product-type-simple"},"acf":[],"yoast_head":"<!-- This site is optimized with the Yoast SEO plugin v27.2 - https:\/\/yoast.com\/product\/yoast-seo-wordpress\/ -->\n<title>Box de nettoyage pour la vapeur &quot;altamira&quot; | MESTRA<\/title>\n<meta name=\"description\" content=\"Chez MESTRA, nous avons Box de nettoyage pour la vapeur &quot;altamira&quot; commander en ligne.\" \/>\n<meta name=\"robots\" content=\"index, follow, max-snippet:-1, max-image-preview:large, max-video-preview:-1\" \/>\n<link rel=\"canonical\" href=\"https:\/\/mestra.es\/fr\/producto\/box-para-vaporeto-altamira\/\" \/>\n<meta property=\"og:locale\" content=\"fr_FR\" \/>\n<meta property=\"og:type\" content=\"article\" \/>\n<meta property=\"og:title\" content=\"Box de nettoyage pour la vapeur &quot;altamira&quot; | MESTRA\" \/>\n<meta property=\"og:description\" content=\"Chez MESTRA, nous avons Box de nettoyage pour la vapeur &quot;altamira&quot; commander en ligne.\" \/>\n<meta property=\"og:url\" content=\"https:\/\/mestra.es\/fr\/producto\/box-para-vaporeto-altamira\/\" \/>\n<meta property=\"og:site_name\" content=\"Talleres Mestra\" \/>\n<meta property=\"article:modified_time\" content=\"2025-11-17T06:43:36+00:00\" \/>\n<meta property=\"og:image\" content=\"https:\/\/mestra.es\/wp-content\/uploads\/2024\/05\/080600.jpg\" \/>\n\t<meta property=\"og:image:width\" content=\"600\" \/>\n\t<meta property=\"og:image:height\" content=\"600\" \/>\n\t<meta property=\"og:image:type\" content=\"image\/jpeg\" \/>\n<meta name=\"twitter:card\" content=\"summary_large_image\" \/>\n<meta name=\"twitter:label1\" content=\"Prix\" \/>\n\t<meta name=\"twitter:data1\" content=\"\" \/>\n\t<meta name=\"twitter:label2\" content=\"Disponibilit\u00e9\" \/>\n\t<meta name=\"twitter:data2\" content=\"En stock\" \/>\n<script type=\"application\/ld+json\" class=\"yoast-schema-graph\">{\"@context\":\"https:\/\/schema.org\",\"@graph\":[{\"@type\":\"WebPage\",\"@id\":\"https:\/\/mestra.es\/fr\/producto\/box-para-vaporeto-altamira\/\",\"url\":\"https:\/\/mestra.es\/fr\/producto\/box-para-vaporeto-altamira\/\",\"name\":\"Box de nettoyage pour la vapeur \\\"altamira\\\" | MESTRA\",\"isPartOf\":{\"@id\":\"https:\/\/mestra.es\/fr\/#website\"},\"primaryImageOfPage\":{\"@id\":\"https:\/\/mestra.es\/fr\/producto\/box-para-vaporeto-altamira\/#primaryimage\"},\"image\":{\"@id\":\"https:\/\/mestra.es\/fr\/producto\/box-para-vaporeto-altamira\/#primaryimage\"},\"thumbnailUrl\":\"https:\/\/mestra.es\/wp-content\/uploads\/2024\/05\/080600.jpg\",\"datePublished\":\"2024-03-11T12:37:06+00:00\",\"dateModified\":\"2025-11-17T06:43:36+00:00\",\"description\":\"Chez MESTRA, nous avons Box de nettoyage pour la vapeur \\\"altamira\\\" commander en ligne.\",\"breadcrumb\":{\"@id\":\"https:\/\/mestra.es\/fr\/producto\/box-para-vaporeto-altamira\/#breadcrumb\"},\"inLanguage\":\"fr-FR\",\"potentialAction\":[{\"@type\":\"ReadAction\",\"target\":[\"https:\/\/mestra.es\/fr\/producto\/box-para-vaporeto-altamira\/\"]}]},{\"@type\":\"ImageObject\",\"inLanguage\":\"fr-FR\",\"@id\":\"https:\/\/mestra.es\/fr\/producto\/box-para-vaporeto-altamira\/#primaryimage\",\"url\":\"https:\/\/mestra.es\/wp-content\/uploads\/2024\/05\/080600.jpg\",\"contentUrl\":\"https:\/\/mestra.es\/wp-content\/uploads\/2024\/05\/080600.jpg\",\"width\":600,\"height\":600,\"caption\":\"box de limpieza de vapor Altamira\"},{\"@type\":\"BreadcrumbList\",\"@id\":\"https:\/\/mestra.es\/fr\/producto\/box-para-vaporeto-altamira\/#breadcrumb\",\"itemListElement\":[{\"@type\":\"ListItem\",\"position\":1,\"name\":\"Portada\",\"item\":\"https:\/\/mestra.es\/fr\/\"},{\"@type\":\"ListItem\",\"position\":2,\"name\":\"Boutique\",\"item\":\"https:\/\/mestra.es\/fr\/boutique\/\"},{\"@type\":\"ListItem\",\"position\":3,\"name\":\"BOX DE NETTOYAGE POUR LA VAPEUR \u00abALTAMIRA\u00bb\"}]},{\"@type\":\"WebSite\",\"@id\":\"https:\/\/mestra.es\/fr\/#website\",\"url\":\"https:\/\/mestra.es\/fr\/\",\"name\":\"Talleres Mestra\",\"description\":\"\",\"publisher\":{\"@id\":\"https:\/\/mestra.es\/fr\/#organization\"},\"potentialAction\":[{\"@type\":\"SearchAction\",\"target\":{\"@type\":\"EntryPoint\",\"urlTemplate\":\"https:\/\/mestra.es\/fr\/?s={search_term_string}\"},\"query-input\":{\"@type\":\"PropertyValueSpecification\",\"valueRequired\":true,\"valueName\":\"search_term_string\"}}],\"inLanguage\":\"fr-FR\"},{\"@type\":\"Organization\",\"@id\":\"https:\/\/mestra.es\/fr\/#organization\",\"name\":\"Talleres Mestra\",\"url\":\"https:\/\/mestra.es\/fr\/\",\"logo\":{\"@type\":\"ImageObject\",\"inLanguage\":\"fr-FR\",\"@id\":\"https:\/\/mestra.es\/fr\/#\/schema\/logo\/image\/\",\"url\":\"https:\/\/mestra.es\/wp-content\/uploads\/2024\/05\/logo_mestra.png\",\"contentUrl\":\"https:\/\/mestra.es\/wp-content\/uploads\/2024\/05\/logo_mestra.png\",\"width\":300,\"height\":170,\"caption\":\"Talleres Mestra\"},\"image\":{\"@id\":\"https:\/\/mestra.es\/fr\/#\/schema\/logo\/image\/\"}}]}<\/script>\n<meta property=\"product:price:currency\" content=\"EUR\" \/>\n<meta property=\"og:availability\" content=\"instock\" \/>\n<meta property=\"product:availability\" content=\"instock\" \/>\n<meta property=\"product:retailer_item_id\" content=\"080600\" \/>\n<meta property=\"product:condition\" content=\"new\" \/>\n<!-- \/ Yoast SEO plugin. -->","yoast_head_json":{"title":"Box de nettoyage pour la vapeur \"altamira\" | MESTRA","description":"Chez MESTRA, nous avons Box de nettoyage pour la vapeur \"altamira\" commander en ligne.","robots":{"index":"index","follow":"follow","max-snippet":"max-snippet:-1","max-image-preview":"max-image-preview:large","max-video-preview":"max-video-preview:-1"},"canonical":"https:\/\/mestra.es\/fr\/producto\/box-para-vaporeto-altamira\/","og_locale":"fr_FR","og_type":"article","og_title":"Box de nettoyage pour la vapeur \"altamira\" | MESTRA","og_description":"Chez MESTRA, nous avons Box de nettoyage pour la vapeur \"altamira\" commander en ligne.","og_url":"https:\/\/mestra.es\/fr\/producto\/box-para-vaporeto-altamira\/","og_site_name":"Talleres Mestra","article_modified_time":"2025-11-17T06:43:36+00:00","og_image":[{"width":600,"height":600,"url":"https:\/\/mestra.es\/wp-content\/uploads\/2024\/05\/080600.jpg","type":"image\/jpeg"}],"twitter_card":"summary_large_image","twitter_misc":{"Prix":"","Disponibilit\u00e9":"En stock"},"schema":{"@context":"https:\/\/schema.org","@graph":[{"@type":"WebPage","@id":"https:\/\/mestra.es\/fr\/producto\/box-para-vaporeto-altamira\/","url":"https:\/\/mestra.es\/fr\/producto\/box-para-vaporeto-altamira\/","name":"Box de nettoyage pour la vapeur \"altamira\" | MESTRA","isPartOf":{"@id":"https:\/\/mestra.es\/fr\/#website"},"primaryImageOfPage":{"@id":"https:\/\/mestra.es\/fr\/producto\/box-para-vaporeto-altamira\/#primaryimage"},"image":{"@id":"https:\/\/mestra.es\/fr\/producto\/box-para-vaporeto-altamira\/#primaryimage"},"thumbnailUrl":"https:\/\/mestra.es\/wp-content\/uploads\/2024\/05\/080600.jpg","datePublished":"2024-03-11T12:37:06+00:00","dateModified":"2025-11-17T06:43:36+00:00","description":"Chez MESTRA, nous avons Box de nettoyage pour la vapeur \"altamira\" commander en ligne.","breadcrumb":{"@id":"https:\/\/mestra.es\/fr\/producto\/box-para-vaporeto-altamira\/#breadcrumb"},"inLanguage":"fr-FR","potentialAction":[{"@type":"ReadAction","target":["https:\/\/mestra.es\/fr\/producto\/box-para-vaporeto-altamira\/"]}]},{"@type":"ImageObject","inLanguage":"fr-FR","@id":"https:\/\/mestra.es\/fr\/producto\/box-para-vaporeto-altamira\/#primaryimage","url":"https:\/\/mestra.es\/wp-content\/uploads\/2024\/05\/080600.jpg","contentUrl":"https:\/\/mestra.es\/wp-content\/uploads\/2024\/05\/080600.jpg","width":600,"height":600,"caption":"box de limpieza de vapor Altamira"},{"@type":"BreadcrumbList","@id":"https:\/\/mestra.es\/fr\/producto\/box-para-vaporeto-altamira\/#breadcrumb","itemListElement":[{"@type":"ListItem","position":1,"name":"Portada","item":"https:\/\/mestra.es\/fr\/"},{"@type":"ListItem","position":2,"name":"Boutique","item":"https:\/\/mestra.es\/fr\/boutique\/"},{"@type":"ListItem","position":3,"name":"BOX DE NETTOYAGE POUR LA VAPEUR \u00abALTAMIRA\u00bb"}]},{"@type":"WebSite","@id":"https:\/\/mestra.es\/fr\/#website","url":"https:\/\/mestra.es\/fr\/","name":"Talleres Mestra","description":"","publisher":{"@id":"https:\/\/mestra.es\/fr\/#organization"},"potentialAction":[{"@type":"SearchAction","target":{"@type":"EntryPoint","urlTemplate":"https:\/\/mestra.es\/fr\/?s={search_term_string}"},"query-input":{"@type":"PropertyValueSpecification","valueRequired":true,"valueName":"search_term_string"}}],"inLanguage":"fr-FR"},{"@type":"Organization","@id":"https:\/\/mestra.es\/fr\/#organization","name":"Talleres Mestra","url":"https:\/\/mestra.es\/fr\/","logo":{"@type":"ImageObject","inLanguage":"fr-FR","@id":"https:\/\/mestra.es\/fr\/#\/schema\/logo\/image\/","url":"https:\/\/mestra.es\/wp-content\/uploads\/2024\/05\/logo_mestra.png","contentUrl":"https:\/\/mestra.es\/wp-content\/uploads\/2024\/05\/logo_mestra.png","width":300,"height":170,"caption":"Talleres Mestra"},"image":{"@id":"https:\/\/mestra.es\/fr\/#\/schema\/logo\/image\/"}}]},"product_price_currency":"EUR","og_availability":"instock","product_availability":"instock","product_retailer_item_id":"080600","product_condition":"new"},"_links":{"self":[{"href":"https:\/\/mestra.es\/fr\/wp-json\/wp\/v2\/product\/12613","targetHints":{"allow":["GET"]}}],"collection":[{"href":"https:\/\/mestra.es\/fr\/wp-json\/wp\/v2\/product"}],"about":[{"href":"https:\/\/mestra.es\/fr\/wp-json\/wp\/v2\/types\/product"}],"wp:featuredmedia":[{"embeddable":true,"href":"https:\/\/mestra.es\/fr\/wp-json\/wp\/v2\/media\/9803"}],"wp:attachment":[{"href":"https:\/\/mestra.es\/fr\/wp-json\/wp\/v2\/media?parent=12613"}],"wp:term":[{"taxonomy":"product_brand","embeddable":true,"href":"https:\/\/mestra.es\/fr\/wp-json\/wp\/v2\/product_brand?post=12613"},{"taxonomy":"product_cat","embeddable":true,"href":"https:\/\/mestra.es\/fr\/wp-json\/wp\/v2\/product_cat?post=12613"},{"taxonomy":"product_tag","embeddable":true,"href":"https:\/\/mestra.es\/fr\/wp-json\/wp\/v2\/product_tag?post=12613"}],"curies":[{"name":"wp","href":"https:\/\/api.w.org\/{rel}","templated":true}]}}