{"id":12597,"date":"2024-03-11T13:37:10","date_gmt":"2024-03-11T12:37:10","guid":{"rendered":"https:\/\/mestra.es\/producto\/box-con-pulidora-para-aspiracion-centralizada-ao-inox\/"},"modified":"2025-03-26T09:33:15","modified_gmt":"2025-03-26T08:33:15","slug":"box-con-pulidora-para-aspiracion-centralizada-ao-inox","status":"publish","type":"product","link":"https:\/\/mestra.es\/fr\/producto\/box-con-pulidora-para-aspiracion-centralizada-ao-inox\/","title":{"rendered":"BOX A POLIR POUR ASPIRATION CENTRALISEE (ACIER INOX)"},"content":{"rendered":"<p>Caract\u00e9ristiques similaires au mod\u00e8le <a href=\"https:\/\/mestra.es\/fr\/producto\/box-con-pulidora-con-aspiracion-ao-inox\/\">R-080500<\/a> D\u00e9pourvu de moteur d&rsquo;aspiration et de syst\u00e8me de filtrage pr\u00e9dispos\u00e9 \u00e0 la connexion externe d\u0092une aspiration centralis\u00e9e.<\/p>\n<p>Le box est \u00e9quip\u00e9 de 2 tubes de branchement d&rsquo;aspiration de \u00d8 40 mm. Situ\u00e9s dans la partie post\u00e9rieure.<\/p>\n","protected":false},"excerpt":{"rendered":"<p>Caract\u00e9ristiques similaires au mod\u00e8le R-080500 D\u00e9pourvu de moteur d&rsquo;aspiration et de syst\u00e8me de filtrage pr\u00e9dispos\u00e9 \u00e0 la connexion externe d\u0092une aspiration centralis\u00e9e. Le box est \u00e9quip\u00e9 de 2 tubes de branchement d&rsquo;aspiration de \u00d8 40 mm. Situ\u00e9s dans la partie post\u00e9rieure.<\/p>\n","protected":false},"featured_media":9619,"template":"","meta":{"_acf_changed":false,"_monsterinsights_skip_tracking":false,"_monsterinsights_sitenote_active":false,"_monsterinsights_sitenote_note":"","_monsterinsights_sitenote_category":0},"product_brand":[],"product_cat":[1307],"product_tag":[],"class_list":{"0":"post-12597","1":"product","2":"type-product","3":"status-publish","4":"has-post-thumbnail","6":"product_cat-box-de-polissage","8":"first","9":"instock","10":"product-type-simple"},"acf":[],"yoast_head":"<!-- This site is optimized with the Yoast SEO plugin v27.2 - https:\/\/yoast.com\/product\/yoast-seo-wordpress\/ -->\n<title>Box a polir pour aspiration centralisee (acier inox) | MESTRA<\/title>\n<meta name=\"description\" content=\"Chez MESTRA, nous avons Box a polir pour aspiration centralisee (acier inox) commander en ligne.\" \/>\n<meta name=\"robots\" content=\"index, follow, max-snippet:-1, max-image-preview:large, max-video-preview:-1\" \/>\n<link rel=\"canonical\" href=\"https:\/\/mestra.es\/fr\/producto\/box-con-pulidora-para-aspiracion-centralizada-ao-inox\/\" \/>\n<meta property=\"og:locale\" content=\"fr_FR\" \/>\n<meta property=\"og:type\" content=\"article\" \/>\n<meta property=\"og:title\" content=\"Box a polir pour aspiration centralisee (acier inox) | MESTRA\" \/>\n<meta property=\"og:description\" content=\"Chez MESTRA, nous avons Box a polir pour aspiration centralisee (acier inox) commander en ligne.\" \/>\n<meta property=\"og:url\" content=\"https:\/\/mestra.es\/fr\/producto\/box-con-pulidora-para-aspiracion-centralizada-ao-inox\/\" \/>\n<meta property=\"og:site_name\" content=\"Talleres Mestra\" \/>\n<meta property=\"article:modified_time\" content=\"2025-03-26T08:33:15+00:00\" \/>\n<meta property=\"og:image\" content=\"https:\/\/mestra.es\/wp-content\/uploads\/2024\/03\/080501.jpg\" \/>\n\t<meta property=\"og:image:width\" content=\"600\" \/>\n\t<meta property=\"og:image:height\" content=\"600\" \/>\n\t<meta property=\"og:image:type\" content=\"image\/jpeg\" \/>\n<meta name=\"twitter:card\" content=\"summary_large_image\" \/>\n<meta name=\"twitter:label1\" content=\"Prix\" \/>\n\t<meta name=\"twitter:data1\" content=\"\" \/>\n\t<meta name=\"twitter:label2\" content=\"Disponibilit\u00e9\" \/>\n\t<meta name=\"twitter:data2\" content=\"En stock\" \/>\n<script type=\"application\/ld+json\" class=\"yoast-schema-graph\">{\"@context\":\"https:\/\/schema.org\",\"@graph\":[{\"@type\":\"WebPage\",\"@id\":\"https:\/\/mestra.es\/fr\/producto\/box-con-pulidora-para-aspiracion-centralizada-ao-inox\/\",\"url\":\"https:\/\/mestra.es\/fr\/producto\/box-con-pulidora-para-aspiracion-centralizada-ao-inox\/\",\"name\":\"Box a polir pour aspiration centralisee (acier inox) | MESTRA\",\"isPartOf\":{\"@id\":\"https:\/\/mestra.es\/fr\/#website\"},\"primaryImageOfPage\":{\"@id\":\"https:\/\/mestra.es\/fr\/producto\/box-con-pulidora-para-aspiracion-centralizada-ao-inox\/#primaryimage\"},\"image\":{\"@id\":\"https:\/\/mestra.es\/fr\/producto\/box-con-pulidora-para-aspiracion-centralizada-ao-inox\/#primaryimage\"},\"thumbnailUrl\":\"https:\/\/mestra.es\/wp-content\/uploads\/2024\/03\/080501.jpg\",\"datePublished\":\"2024-03-11T12:37:10+00:00\",\"dateModified\":\"2025-03-26T08:33:15+00:00\",\"description\":\"Chez MESTRA, nous avons Box a polir pour aspiration centralisee (acier inox) commander en ligne.\",\"breadcrumb\":{\"@id\":\"https:\/\/mestra.es\/fr\/producto\/box-con-pulidora-para-aspiracion-centralizada-ao-inox\/#breadcrumb\"},\"inLanguage\":\"fr-FR\",\"potentialAction\":[{\"@type\":\"ReadAction\",\"target\":[\"https:\/\/mestra.es\/fr\/producto\/box-con-pulidora-para-aspiracion-centralizada-ao-inox\/\"]}]},{\"@type\":\"ImageObject\",\"inLanguage\":\"fr-FR\",\"@id\":\"https:\/\/mestra.es\/fr\/producto\/box-con-pulidora-para-aspiracion-centralizada-ao-inox\/#primaryimage\",\"url\":\"https:\/\/mestra.es\/wp-content\/uploads\/2024\/03\/080501.jpg\",\"contentUrl\":\"https:\/\/mestra.es\/wp-content\/uploads\/2024\/03\/080501.jpg\",\"width\":600,\"height\":600,\"caption\":\"Box con pulidora para aspiraci\u00f3n centralizada\"},{\"@type\":\"BreadcrumbList\",\"@id\":\"https:\/\/mestra.es\/fr\/producto\/box-con-pulidora-para-aspiracion-centralizada-ao-inox\/#breadcrumb\",\"itemListElement\":[{\"@type\":\"ListItem\",\"position\":1,\"name\":\"Portada\",\"item\":\"https:\/\/mestra.es\/fr\/\"},{\"@type\":\"ListItem\",\"position\":2,\"name\":\"Boutique\",\"item\":\"https:\/\/mestra.es\/fr\/boutique\/\"},{\"@type\":\"ListItem\",\"position\":3,\"name\":\"BOX A POLIR POUR ASPIRATION CENTRALISEE (ACIER INOX)\"}]},{\"@type\":\"WebSite\",\"@id\":\"https:\/\/mestra.es\/fr\/#website\",\"url\":\"https:\/\/mestra.es\/fr\/\",\"name\":\"Talleres Mestra\",\"description\":\"\",\"publisher\":{\"@id\":\"https:\/\/mestra.es\/fr\/#organization\"},\"potentialAction\":[{\"@type\":\"SearchAction\",\"target\":{\"@type\":\"EntryPoint\",\"urlTemplate\":\"https:\/\/mestra.es\/fr\/?s={search_term_string}\"},\"query-input\":{\"@type\":\"PropertyValueSpecification\",\"valueRequired\":true,\"valueName\":\"search_term_string\"}}],\"inLanguage\":\"fr-FR\"},{\"@type\":\"Organization\",\"@id\":\"https:\/\/mestra.es\/fr\/#organization\",\"name\":\"Talleres Mestra\",\"url\":\"https:\/\/mestra.es\/fr\/\",\"logo\":{\"@type\":\"ImageObject\",\"inLanguage\":\"fr-FR\",\"@id\":\"https:\/\/mestra.es\/fr\/#\/schema\/logo\/image\/\",\"url\":\"https:\/\/mestra.es\/wp-content\/uploads\/2024\/05\/logo_mestra.png\",\"contentUrl\":\"https:\/\/mestra.es\/wp-content\/uploads\/2024\/05\/logo_mestra.png\",\"width\":300,\"height\":170,\"caption\":\"Talleres Mestra\"},\"image\":{\"@id\":\"https:\/\/mestra.es\/fr\/#\/schema\/logo\/image\/\"}}]}<\/script>\n<meta property=\"product:price:currency\" content=\"EUR\" \/>\n<meta property=\"og:availability\" content=\"instock\" \/>\n<meta property=\"product:availability\" content=\"instock\" \/>\n<meta property=\"product:retailer_item_id\" content=\"080501\" \/>\n<meta property=\"product:condition\" content=\"new\" \/>\n<!-- \/ Yoast SEO plugin. -->","yoast_head_json":{"title":"Box a polir pour aspiration centralisee (acier inox) | MESTRA","description":"Chez MESTRA, nous avons Box a polir pour aspiration centralisee (acier inox) commander en ligne.","robots":{"index":"index","follow":"follow","max-snippet":"max-snippet:-1","max-image-preview":"max-image-preview:large","max-video-preview":"max-video-preview:-1"},"canonical":"https:\/\/mestra.es\/fr\/producto\/box-con-pulidora-para-aspiracion-centralizada-ao-inox\/","og_locale":"fr_FR","og_type":"article","og_title":"Box a polir pour aspiration centralisee (acier inox) | MESTRA","og_description":"Chez MESTRA, nous avons Box a polir pour aspiration centralisee (acier inox) commander en ligne.","og_url":"https:\/\/mestra.es\/fr\/producto\/box-con-pulidora-para-aspiracion-centralizada-ao-inox\/","og_site_name":"Talleres Mestra","article_modified_time":"2025-03-26T08:33:15+00:00","og_image":[{"width":600,"height":600,"url":"https:\/\/mestra.es\/wp-content\/uploads\/2024\/03\/080501.jpg","type":"image\/jpeg"}],"twitter_card":"summary_large_image","twitter_misc":{"Prix":"","Disponibilit\u00e9":"En stock"},"schema":{"@context":"https:\/\/schema.org","@graph":[{"@type":"WebPage","@id":"https:\/\/mestra.es\/fr\/producto\/box-con-pulidora-para-aspiracion-centralizada-ao-inox\/","url":"https:\/\/mestra.es\/fr\/producto\/box-con-pulidora-para-aspiracion-centralizada-ao-inox\/","name":"Box a polir pour aspiration centralisee (acier inox) | MESTRA","isPartOf":{"@id":"https:\/\/mestra.es\/fr\/#website"},"primaryImageOfPage":{"@id":"https:\/\/mestra.es\/fr\/producto\/box-con-pulidora-para-aspiracion-centralizada-ao-inox\/#primaryimage"},"image":{"@id":"https:\/\/mestra.es\/fr\/producto\/box-con-pulidora-para-aspiracion-centralizada-ao-inox\/#primaryimage"},"thumbnailUrl":"https:\/\/mestra.es\/wp-content\/uploads\/2024\/03\/080501.jpg","datePublished":"2024-03-11T12:37:10+00:00","dateModified":"2025-03-26T08:33:15+00:00","description":"Chez MESTRA, nous avons Box a polir pour aspiration centralisee (acier inox) commander en ligne.","breadcrumb":{"@id":"https:\/\/mestra.es\/fr\/producto\/box-con-pulidora-para-aspiracion-centralizada-ao-inox\/#breadcrumb"},"inLanguage":"fr-FR","potentialAction":[{"@type":"ReadAction","target":["https:\/\/mestra.es\/fr\/producto\/box-con-pulidora-para-aspiracion-centralizada-ao-inox\/"]}]},{"@type":"ImageObject","inLanguage":"fr-FR","@id":"https:\/\/mestra.es\/fr\/producto\/box-con-pulidora-para-aspiracion-centralizada-ao-inox\/#primaryimage","url":"https:\/\/mestra.es\/wp-content\/uploads\/2024\/03\/080501.jpg","contentUrl":"https:\/\/mestra.es\/wp-content\/uploads\/2024\/03\/080501.jpg","width":600,"height":600,"caption":"Box con pulidora para aspiraci\u00f3n centralizada"},{"@type":"BreadcrumbList","@id":"https:\/\/mestra.es\/fr\/producto\/box-con-pulidora-para-aspiracion-centralizada-ao-inox\/#breadcrumb","itemListElement":[{"@type":"ListItem","position":1,"name":"Portada","item":"https:\/\/mestra.es\/fr\/"},{"@type":"ListItem","position":2,"name":"Boutique","item":"https:\/\/mestra.es\/fr\/boutique\/"},{"@type":"ListItem","position":3,"name":"BOX A POLIR POUR ASPIRATION CENTRALISEE (ACIER INOX)"}]},{"@type":"WebSite","@id":"https:\/\/mestra.es\/fr\/#website","url":"https:\/\/mestra.es\/fr\/","name":"Talleres Mestra","description":"","publisher":{"@id":"https:\/\/mestra.es\/fr\/#organization"},"potentialAction":[{"@type":"SearchAction","target":{"@type":"EntryPoint","urlTemplate":"https:\/\/mestra.es\/fr\/?s={search_term_string}"},"query-input":{"@type":"PropertyValueSpecification","valueRequired":true,"valueName":"search_term_string"}}],"inLanguage":"fr-FR"},{"@type":"Organization","@id":"https:\/\/mestra.es\/fr\/#organization","name":"Talleres Mestra","url":"https:\/\/mestra.es\/fr\/","logo":{"@type":"ImageObject","inLanguage":"fr-FR","@id":"https:\/\/mestra.es\/fr\/#\/schema\/logo\/image\/","url":"https:\/\/mestra.es\/wp-content\/uploads\/2024\/05\/logo_mestra.png","contentUrl":"https:\/\/mestra.es\/wp-content\/uploads\/2024\/05\/logo_mestra.png","width":300,"height":170,"caption":"Talleres Mestra"},"image":{"@id":"https:\/\/mestra.es\/fr\/#\/schema\/logo\/image\/"}}]},"product_price_currency":"EUR","og_availability":"instock","product_availability":"instock","product_retailer_item_id":"080501","product_condition":"new"},"_links":{"self":[{"href":"https:\/\/mestra.es\/fr\/wp-json\/wp\/v2\/product\/12597","targetHints":{"allow":["GET"]}}],"collection":[{"href":"https:\/\/mestra.es\/fr\/wp-json\/wp\/v2\/product"}],"about":[{"href":"https:\/\/mestra.es\/fr\/wp-json\/wp\/v2\/types\/product"}],"wp:featuredmedia":[{"embeddable":true,"href":"https:\/\/mestra.es\/fr\/wp-json\/wp\/v2\/media\/9619"}],"wp:attachment":[{"href":"https:\/\/mestra.es\/fr\/wp-json\/wp\/v2\/media?parent=12597"}],"wp:term":[{"taxonomy":"product_brand","embeddable":true,"href":"https:\/\/mestra.es\/fr\/wp-json\/wp\/v2\/product_brand?post=12597"},{"taxonomy":"product_cat","embeddable":true,"href":"https:\/\/mestra.es\/fr\/wp-json\/wp\/v2\/product_cat?post=12597"},{"taxonomy":"product_tag","embeddable":true,"href":"https:\/\/mestra.es\/fr\/wp-json\/wp\/v2\/product_tag?post=12597"}],"curies":[{"name":"wp","href":"https:\/\/api.w.org\/{rel}","templated":true}]}}