{"id":12595,"date":"2024-03-11T13:37:11","date_gmt":"2024-03-11T12:37:11","guid":{"rendered":"https:\/\/mestra.es\/producto\/box-con-aspiracion-para-pulido\/"},"modified":"2025-04-07T12:14:59","modified_gmt":"2025-04-07T10:14:59","slug":"box-con-aspiracion-para-pulido","status":"publish","type":"product","link":"https:\/\/mestra.es\/fr\/producto\/box-con-aspiracion-para-pulido\/","title":{"rendered":"BOX DE POLISSAGE AVEC ASPIRATION"},"content":{"rendered":"<p>Tout en pr\u00e9servant un excellent rapport qualit\u00e9\/prix, le box de polissage avec aspiration se pr\u00e9sente comme une option \u00e9conomique pour mettre votre tour \u00e0 polir aux normes de s\u00e9curit\u00e9 en vigueur. Le box est \u00e9quip\u00e9 d&rsquo;une aspiration avec filtres, d&rsquo;un syst\u00e8me d&rsquo;\u00e9clairage, d&rsquo;\u00e9crans de protection en polycarbonate et d&rsquo;une prise de courant de type \u00ab Schuko \u00bb (\u00e0 d\u00e9clenchement simultan\u00e9). La prise de courant dispose d&rsquo;un r\u00e9armement manuel \u00e9vitant les d\u00e9marrages intempestifs en cas de coupure s\u00e9quentielle d&rsquo;\u00e9lectricit\u00e9 (norme C.E.).<\/p>\n<p>La structure du box est fabriqu\u00e9 en polypropyl\u00e8ne de haute r\u00e9sistance combin\u00e9 \u00e0 un sous ch\u00e2ssis en acier ce qui compose un ensemble de grande solidit\u00e9.<\/p>\n<p>Les probl\u00e8mes de corrosion propres \u00e0 ce type de machine sont ainsi \u00e9limin\u00e9s. Le box de polissage peut accueillir tout type de machine bien qu\u0092il soit sp\u00e9cialement con\u00e7u pour les mod\u00e8les MESTRA.<\/p>\n<p>L&rsquo;ergonomie a \u00e9t\u00e9 le principal souci lors de la conception du box.<\/p>\n<p>Les op\u00e9rations de polissage ou d&rsquo;entretien (changement de filtre, nettoyage) se font ais\u00e9ment.<\/p>\n","protected":false},"excerpt":{"rendered":"<p>Nous pr\u00e9sentons la bo\u00eete avec aspiration pour le polissage. Une option \u00e9conomique pour adapter les polisseuses de laboratoire aux normes de s\u00e9curit\u00e9.<\/p>\n","protected":false},"featured_media":10167,"template":"","meta":{"_acf_changed":false,"_monsterinsights_skip_tracking":false,"_monsterinsights_sitenote_active":false,"_monsterinsights_sitenote_note":"","_monsterinsights_sitenote_category":0},"product_brand":[],"product_cat":[1307],"product_tag":[],"class_list":{"0":"post-12595","1":"product","2":"type-product","3":"status-publish","4":"has-post-thumbnail","6":"product_cat-box-de-polissage","8":"first","9":"instock","10":"product-type-simple"},"acf":[],"yoast_head":"<!-- This site is optimized with the Yoast SEO plugin v27.2 - https:\/\/yoast.com\/product\/yoast-seo-wordpress\/ -->\n<title>Box de polissage avec aspiration | MESTRA<\/title>\n<meta name=\"description\" content=\"Chez MESTRA nous avons box de polissage avec aspiration. Consultez notre catalogue de mat\u00e9riel dentaire et passez votre commande d\u00e8s maintenant.\" \/>\n<meta name=\"robots\" content=\"index, follow, max-snippet:-1, max-image-preview:large, max-video-preview:-1\" \/>\n<link rel=\"canonical\" href=\"https:\/\/mestra.es\/fr\/producto\/box-con-aspiracion-para-pulido\/\" \/>\n<meta property=\"og:locale\" content=\"fr_FR\" \/>\n<meta property=\"og:type\" content=\"article\" \/>\n<meta property=\"og:title\" content=\"Box de polissage avec aspiration | MESTRA\" \/>\n<meta property=\"og:description\" content=\"Chez MESTRA nous avons box de polissage avec aspiration. Consultez notre catalogue de mat\u00e9riel dentaire et passez votre commande d\u00e8s maintenant.\" \/>\n<meta property=\"og:url\" content=\"https:\/\/mestra.es\/fr\/producto\/box-con-aspiracion-para-pulido\/\" \/>\n<meta property=\"og:site_name\" content=\"Talleres Mestra\" \/>\n<meta property=\"article:modified_time\" content=\"2025-04-07T10:14:59+00:00\" \/>\n<meta property=\"og:image\" content=\"https:\/\/mestra.es\/wp-content\/uploads\/2024\/05\/080502.jpg\" \/>\n\t<meta property=\"og:image:width\" content=\"600\" \/>\n\t<meta property=\"og:image:height\" content=\"600\" \/>\n\t<meta property=\"og:image:type\" content=\"image\/jpeg\" \/>\n<meta name=\"twitter:card\" content=\"summary_large_image\" \/>\n<meta name=\"twitter:label1\" content=\"Prix\" \/>\n\t<meta name=\"twitter:data1\" content=\"\" \/>\n\t<meta name=\"twitter:label2\" content=\"Disponibilit\u00e9\" \/>\n\t<meta name=\"twitter:data2\" content=\"En stock\" \/>\n<script type=\"application\/ld+json\" class=\"yoast-schema-graph\">{\"@context\":\"https:\/\/schema.org\",\"@graph\":[{\"@type\":\"WebPage\",\"@id\":\"https:\/\/mestra.es\/fr\/producto\/box-con-aspiracion-para-pulido\/\",\"url\":\"https:\/\/mestra.es\/fr\/producto\/box-con-aspiracion-para-pulido\/\",\"name\":\"Box de polissage avec aspiration | MESTRA\",\"isPartOf\":{\"@id\":\"https:\/\/mestra.es\/fr\/#website\"},\"primaryImageOfPage\":{\"@id\":\"https:\/\/mestra.es\/fr\/producto\/box-con-aspiracion-para-pulido\/#primaryimage\"},\"image\":{\"@id\":\"https:\/\/mestra.es\/fr\/producto\/box-con-aspiracion-para-pulido\/#primaryimage\"},\"thumbnailUrl\":\"https:\/\/mestra.es\/wp-content\/uploads\/2024\/05\/080502.jpg\",\"datePublished\":\"2024-03-11T12:37:11+00:00\",\"dateModified\":\"2025-04-07T10:14:59+00:00\",\"description\":\"Chez MESTRA nous avons box de polissage avec aspiration. Consultez notre catalogue de mat\u00e9riel dentaire et passez votre commande d\u00e8s maintenant.\",\"breadcrumb\":{\"@id\":\"https:\/\/mestra.es\/fr\/producto\/box-con-aspiracion-para-pulido\/#breadcrumb\"},\"inLanguage\":\"fr-FR\",\"potentialAction\":[{\"@type\":\"ReadAction\",\"target\":[\"https:\/\/mestra.es\/fr\/producto\/box-con-aspiracion-para-pulido\/\"]}]},{\"@type\":\"ImageObject\",\"inLanguage\":\"fr-FR\",\"@id\":\"https:\/\/mestra.es\/fr\/producto\/box-con-aspiracion-para-pulido\/#primaryimage\",\"url\":\"https:\/\/mestra.es\/wp-content\/uploads\/2024\/05\/080502.jpg\",\"contentUrl\":\"https:\/\/mestra.es\/wp-content\/uploads\/2024\/05\/080502.jpg\",\"width\":600,\"height\":600,\"caption\":\"Box con aspiraci\u00f3n para pulido\"},{\"@type\":\"BreadcrumbList\",\"@id\":\"https:\/\/mestra.es\/fr\/producto\/box-con-aspiracion-para-pulido\/#breadcrumb\",\"itemListElement\":[{\"@type\":\"ListItem\",\"position\":1,\"name\":\"Portada\",\"item\":\"https:\/\/mestra.es\/fr\/\"},{\"@type\":\"ListItem\",\"position\":2,\"name\":\"Boutique\",\"item\":\"https:\/\/mestra.es\/fr\/boutique\/\"},{\"@type\":\"ListItem\",\"position\":3,\"name\":\"BOX DE POLISSAGE AVEC ASPIRATION\"}]},{\"@type\":\"WebSite\",\"@id\":\"https:\/\/mestra.es\/fr\/#website\",\"url\":\"https:\/\/mestra.es\/fr\/\",\"name\":\"Talleres Mestra\",\"description\":\"\",\"publisher\":{\"@id\":\"https:\/\/mestra.es\/fr\/#organization\"},\"potentialAction\":[{\"@type\":\"SearchAction\",\"target\":{\"@type\":\"EntryPoint\",\"urlTemplate\":\"https:\/\/mestra.es\/fr\/?s={search_term_string}\"},\"query-input\":{\"@type\":\"PropertyValueSpecification\",\"valueRequired\":true,\"valueName\":\"search_term_string\"}}],\"inLanguage\":\"fr-FR\"},{\"@type\":\"Organization\",\"@id\":\"https:\/\/mestra.es\/fr\/#organization\",\"name\":\"Talleres Mestra\",\"url\":\"https:\/\/mestra.es\/fr\/\",\"logo\":{\"@type\":\"ImageObject\",\"inLanguage\":\"fr-FR\",\"@id\":\"https:\/\/mestra.es\/fr\/#\/schema\/logo\/image\/\",\"url\":\"https:\/\/mestra.es\/wp-content\/uploads\/2024\/05\/logo_mestra.png\",\"contentUrl\":\"https:\/\/mestra.es\/wp-content\/uploads\/2024\/05\/logo_mestra.png\",\"width\":300,\"height\":170,\"caption\":\"Talleres Mestra\"},\"image\":{\"@id\":\"https:\/\/mestra.es\/fr\/#\/schema\/logo\/image\/\"}}]}<\/script>\n<meta property=\"product:price:currency\" content=\"EUR\" \/>\n<meta property=\"og:availability\" content=\"instock\" \/>\n<meta property=\"product:availability\" content=\"instock\" \/>\n<meta property=\"product:retailer_item_id\" content=\"080502\" \/>\n<meta property=\"product:condition\" content=\"new\" \/>\n<!-- \/ Yoast SEO plugin. -->","yoast_head_json":{"title":"Box de polissage avec aspiration | MESTRA","description":"Chez MESTRA nous avons box de polissage avec aspiration. Consultez notre catalogue de mat\u00e9riel dentaire et passez votre commande d\u00e8s maintenant.","robots":{"index":"index","follow":"follow","max-snippet":"max-snippet:-1","max-image-preview":"max-image-preview:large","max-video-preview":"max-video-preview:-1"},"canonical":"https:\/\/mestra.es\/fr\/producto\/box-con-aspiracion-para-pulido\/","og_locale":"fr_FR","og_type":"article","og_title":"Box de polissage avec aspiration | MESTRA","og_description":"Chez MESTRA nous avons box de polissage avec aspiration. Consultez notre catalogue de mat\u00e9riel dentaire et passez votre commande d\u00e8s maintenant.","og_url":"https:\/\/mestra.es\/fr\/producto\/box-con-aspiracion-para-pulido\/","og_site_name":"Talleres Mestra","article_modified_time":"2025-04-07T10:14:59+00:00","og_image":[{"width":600,"height":600,"url":"https:\/\/mestra.es\/wp-content\/uploads\/2024\/05\/080502.jpg","type":"image\/jpeg"}],"twitter_card":"summary_large_image","twitter_misc":{"Prix":"","Disponibilit\u00e9":"En stock"},"schema":{"@context":"https:\/\/schema.org","@graph":[{"@type":"WebPage","@id":"https:\/\/mestra.es\/fr\/producto\/box-con-aspiracion-para-pulido\/","url":"https:\/\/mestra.es\/fr\/producto\/box-con-aspiracion-para-pulido\/","name":"Box de polissage avec aspiration | MESTRA","isPartOf":{"@id":"https:\/\/mestra.es\/fr\/#website"},"primaryImageOfPage":{"@id":"https:\/\/mestra.es\/fr\/producto\/box-con-aspiracion-para-pulido\/#primaryimage"},"image":{"@id":"https:\/\/mestra.es\/fr\/producto\/box-con-aspiracion-para-pulido\/#primaryimage"},"thumbnailUrl":"https:\/\/mestra.es\/wp-content\/uploads\/2024\/05\/080502.jpg","datePublished":"2024-03-11T12:37:11+00:00","dateModified":"2025-04-07T10:14:59+00:00","description":"Chez MESTRA nous avons box de polissage avec aspiration. Consultez notre catalogue de mat\u00e9riel dentaire et passez votre commande d\u00e8s maintenant.","breadcrumb":{"@id":"https:\/\/mestra.es\/fr\/producto\/box-con-aspiracion-para-pulido\/#breadcrumb"},"inLanguage":"fr-FR","potentialAction":[{"@type":"ReadAction","target":["https:\/\/mestra.es\/fr\/producto\/box-con-aspiracion-para-pulido\/"]}]},{"@type":"ImageObject","inLanguage":"fr-FR","@id":"https:\/\/mestra.es\/fr\/producto\/box-con-aspiracion-para-pulido\/#primaryimage","url":"https:\/\/mestra.es\/wp-content\/uploads\/2024\/05\/080502.jpg","contentUrl":"https:\/\/mestra.es\/wp-content\/uploads\/2024\/05\/080502.jpg","width":600,"height":600,"caption":"Box con aspiraci\u00f3n para pulido"},{"@type":"BreadcrumbList","@id":"https:\/\/mestra.es\/fr\/producto\/box-con-aspiracion-para-pulido\/#breadcrumb","itemListElement":[{"@type":"ListItem","position":1,"name":"Portada","item":"https:\/\/mestra.es\/fr\/"},{"@type":"ListItem","position":2,"name":"Boutique","item":"https:\/\/mestra.es\/fr\/boutique\/"},{"@type":"ListItem","position":3,"name":"BOX DE POLISSAGE AVEC ASPIRATION"}]},{"@type":"WebSite","@id":"https:\/\/mestra.es\/fr\/#website","url":"https:\/\/mestra.es\/fr\/","name":"Talleres Mestra","description":"","publisher":{"@id":"https:\/\/mestra.es\/fr\/#organization"},"potentialAction":[{"@type":"SearchAction","target":{"@type":"EntryPoint","urlTemplate":"https:\/\/mestra.es\/fr\/?s={search_term_string}"},"query-input":{"@type":"PropertyValueSpecification","valueRequired":true,"valueName":"search_term_string"}}],"inLanguage":"fr-FR"},{"@type":"Organization","@id":"https:\/\/mestra.es\/fr\/#organization","name":"Talleres Mestra","url":"https:\/\/mestra.es\/fr\/","logo":{"@type":"ImageObject","inLanguage":"fr-FR","@id":"https:\/\/mestra.es\/fr\/#\/schema\/logo\/image\/","url":"https:\/\/mestra.es\/wp-content\/uploads\/2024\/05\/logo_mestra.png","contentUrl":"https:\/\/mestra.es\/wp-content\/uploads\/2024\/05\/logo_mestra.png","width":300,"height":170,"caption":"Talleres Mestra"},"image":{"@id":"https:\/\/mestra.es\/fr\/#\/schema\/logo\/image\/"}}]},"product_price_currency":"EUR","og_availability":"instock","product_availability":"instock","product_retailer_item_id":"080502","product_condition":"new"},"_links":{"self":[{"href":"https:\/\/mestra.es\/fr\/wp-json\/wp\/v2\/product\/12595","targetHints":{"allow":["GET"]}}],"collection":[{"href":"https:\/\/mestra.es\/fr\/wp-json\/wp\/v2\/product"}],"about":[{"href":"https:\/\/mestra.es\/fr\/wp-json\/wp\/v2\/types\/product"}],"wp:featuredmedia":[{"embeddable":true,"href":"https:\/\/mestra.es\/fr\/wp-json\/wp\/v2\/media\/10167"}],"wp:attachment":[{"href":"https:\/\/mestra.es\/fr\/wp-json\/wp\/v2\/media?parent=12595"}],"wp:term":[{"taxonomy":"product_brand","embeddable":true,"href":"https:\/\/mestra.es\/fr\/wp-json\/wp\/v2\/product_brand?post=12595"},{"taxonomy":"product_cat","embeddable":true,"href":"https:\/\/mestra.es\/fr\/wp-json\/wp\/v2\/product_cat?post=12595"},{"taxonomy":"product_tag","embeddable":true,"href":"https:\/\/mestra.es\/fr\/wp-json\/wp\/v2\/product_tag?post=12595"}],"curies":[{"name":"wp","href":"https:\/\/api.w.org\/{rel}","templated":true}]}}