{"id":12585,"date":"2024-03-11T13:37:13","date_gmt":"2024-03-11T12:37:13","guid":{"rendered":"https:\/\/mestra.es\/producto\/mini-box-de-pulido-gorbea-1300-w\/"},"modified":"2025-03-26T08:45:42","modified_gmt":"2025-03-26T07:45:42","slug":"mini-box-de-pulido-gorbea-1300-w","status":"publish","type":"product","link":"https:\/\/mestra.es\/fr\/producto\/mini-box-de-pulido-gorbea-1300-w\/","title":{"rendered":"MINI BOX &#8211; TOUR A POLIR \u00ab\u00a0GORBEA\u00a0\u00bb &#8211; 1300 W"},"content":{"rendered":"<h3><strong>Gorbea, puissance concentr\u00e9e.<\/strong><\/h3>\n<p>Il ne s&rsquo;agit pas seulement de r\u00e9aliser les m\u00eames taches que les machines plus grandes:<\/p>\n<ul>\n<li>Motor d&rsquo;une puissance \u00e9lev\u00e9e.<\/li>\n<li>R\u00e9gulateur de vitesse (entre 2000 et 5000 t\/min.)<\/li>\n<li>Est souvent associ\u00e9 \u00e0 la poussi\u00e8re et \u00e0 la salet\u00e9.<\/li>\n<li>Lampe LED.<\/li>\n<li>Visi\u00e8res de protection.<\/li>\n<li>Contre les d\u00e9marages intempestifs.<\/li>\n<li>Excellente stabilit\u00e9.<\/li>\n<\/ul>\n<p>(Brosses non incluses)<\/p>\n<p><span style=\"font-size: 26px; color: #000000;\"><strong>Le moteur<\/strong><\/span><\/p>\n<p>Lorsque l&rsquo;on est en concurrence avec des machines plus grandes en dimension, on se doit d\u0092avoir un coeur \u00e0 toute \u00e9preuve.<\/p>\n<p>Celui du tour \u00e0 polir Gorbea es un motor de courant continu et d&rsquo;une puissance \u00e9lev\u00e9e. Il est quasiment impossible de l&rsquo;arr\u00eater lors des op\u00e9rations courantes du laboratoire ou du cabinet dentaire. Vous serz surpris par son couple de d\u00e9marage et par sa stabilit\u00e9 durant son fonctionnement. Il est \u00e9galement \u00e9quip\u00e9 d&rsquo;un r\u00e9gulateur de vitesse (entre 1500 et 5000 t\/min.) tr\u00e8s pratique et utile lorsqu&rsquo;on est amen\u00e9 \u00e0 travailler diff\u00e9rents mat\u00e9riaux : acryliques, composites, alliages plus ou moins durs etc.<\/p>\n<p><span style=\"font-size: 26px; color: #000000;\"><strong>La s\u00e9curit\u00e9 <\/strong><\/span><\/p>\n<p>Il ne s&rsquo;agit pas seulement de r\u00e9aliser les m\u00eames taches que les machines plus grandes. Il est \u00e9galement indispensable que l\u0092op\u00e9rateur travaille dans les conditions de s\u00e9curit\u00e9 optimales.<\/p>\n<p>Pour MESTRA le concept de s\u00e9curit\u00e9 comprend deux facettes :<\/p>\n<p><strong>La s\u00e9curit\u00e9 passive:<\/strong> Permettre que la posture de l&rsquo;op\u00e9rateur, l&rsquo;\u00e9clairage, l&rsquo;accessibilit\u00e9 aux commandes et \u00e0 la zone de travail soient les mieux adapt\u00e9s, est un grand pas vers la s\u00e9curit\u00e9. Il est av\u00e9r\u00e9 que les positions forc\u00e9es et inconfortables sont des facteurs importants de dangerosit\u00e9.<\/p>\n<p><strong>La s\u00e9curit\u00e9 active:<\/strong> Visi\u00e8res de protection, interrupteur contre les d\u00e9marages intempestifs, installation \u00e9lectrique rehauss\u00e9e pr\u00e9serv\u00e9e de l&rsquo;humidit\u00e9, pieds en caoutchoux anti d\u00e9rapants sont \u00e9galement des \u00e9l\u00e9ments majeurs pour garantir la s\u00e9curit\u00e9 du produit. Il va sans dire que le tour \u00e0 Polir Gorbea compte sur tous ces atouts.<\/p>\n<p><span style=\"font-size: 26px; color: #000000;\"><strong>Syst\u00e8me d&rsquo;aspiration <\/strong><\/span><\/p>\n<p>Le travail de polissage est souvent associ\u00e9 \u00e0 la poussi\u00e8re et \u00e0 la salet\u00e9. Il est n\u00e9cessaire de disposer d&rsquo;un syst\u00e8me d&rsquo;aspiration efficace. Les conduits d&rsquo;aspiration du box de polissage Gorbea, sont semblables \u00e0 ceux qui \u00e9quipent les grands box.<\/p>\n<p>Selon le type de travaux \u00e0 r\u00e9aliser on pourra y accoupler une aspiration puissante (du type Eolo plus R-080532 ou du type Gemini R-080539); ou bien une aspiration plus mesur\u00e9e, compacte et de faible volume.<\/p>\n<p>Le box de polissage Gorbea peut s\u0092adapter \u00e0 l&rsquo;aspiration que vous aurez choisi en fonction de vos besoins.<\/p>\n<p>Pour garantir un entretien ais\u00e9 et efficace les tubes du syst\u00e8me d&rsquo;aspiration peuvent se d\u00e9saccoupler de la machine. Tout le circuit a \u00e9t\u00e9 con\u00e7u pour \u00e9viter des vibrations g\u00eanantes ou des sifflements lors de l&rsquo;utilisation.<\/p>\n<p>Le syst\u00e8me d&rsquo;aspiration peut se configurer de deux fa\u00e7ons distinctes : avec le tube de sortie lat\u00e9ral ou central.<\/p>\n<p><span style=\"font-size: 26px; color: #000000;\"><strong>L&rsquo; ergonomie <\/strong><\/span><\/p>\n<p>A la s\u00e9curit\u00e9 dans le travail doit s&rsquo;ajouter le confort. Concevoir un produit compact aux dimensions r\u00e9duites, ne servirait \u00e0 rien si pour s&rsquo;en servir on devait forcer la posture de travail. Ce n&rsquo;est pas le cas du box de polissage Gorbea. La distance entre le bout du porte brosses et la partie lat\u00e9rale du tour \u00e0 polir est la m\u00eame que celle que l&rsquo;on trouve dans les tours \u00e0 polir conventionnels.<\/p>\n<p>On peut dire la m\u00eame chose au sujet de l&rsquo;angle visuel que l&rsquo;on aura sur l&rsquo;objet \u00e0 polir.: selon les lois anthropom\u00e9triques d&rsquo;usage, l&rsquo;utilisateur n&rsquo;aura aucun mal \u00e0 trouver un angle qui aligne le travail \u00e0 polir, la brosse, la visi\u00e8re de protection et ses yeux.<\/p>\n<p>La distance entre la projection du corps du tour \u00e0 polir et la zone de travail des mains face \u00e0 la brosse est plus grande -paradoxalement- que son \u00e9quivalent dans les tous \u00e0 polir conventionnels.<\/p>\n<p>Nous avons \u00e9galement port\u00e9 un soin particulier \u00e0 l&rsquo;\u00e9clairage dans la conception du box de polissage. Sa lampe LED d&rsquo;une temp\u00e9rature de 5500 K, offre une vision similaire \u00e0 celle de la lumi\u00e8re naturelle. De plus comme cet \u00e9clairage est plus proche des brosses, il n&rsquo;en est que plus efficace.<\/p>\n<p><span style=\"font-size: 26px; color: #000000;\"><strong>L&rsquo; esth\u00e9tique<\/strong><\/span><\/p>\n<p>Parfois les petits gabarits nous surprennent par leur beaut\u00e9.<\/p>\n<p>Parfois les petits gabarits nous s\u00e9duisent plus que les grands. Le tour \u00e0 polir Gorbea a \u00e9t\u00e9 con\u00e7u \u00e0 ces fins Ses lignes \u00e9pur\u00e9es g\u00e9n\u00e8rent un effet visuel des plus attractifs.<\/p>\n<p>Nos designers ont mis un accent particulier sur un mod\u00e8le qui ne d\u00e9note ni dans le cabinet ni dans le laboratoire. Le r\u00e9sultat leur a donn\u00e9 raison. Intelligence, praticit\u00e9, utilit\u00e9, esth\u00e9tique, \u00e9conomie, simplicit\u00e9, puissance, \u00e9l\u00e9gance, efficacit\u00e9 sont des qualit\u00e9s qui d\u00e9finissent le tour \u00e0 polir Gorbea. Que peut-on demander de plus \u00e0 une machine large d&rsquo;\u00e0 peine 40 cm.<\/p>\n<p><iframe loading=\"lazy\" title=\"YouTube video player\" src=\"https:\/\/www.youtube.com\/embed\/TXv9OenZ5zM?si=mugOOYB0gE3p4ZMA\" width=\"560\" height=\"315\" frameborder=\"0\" allowfullscreen=\"allowfullscreen\"><\/iframe><\/p>\n","protected":false},"excerpt":{"rendered":"<h3><strong>Mini box \u00e0 polir Gorbea &#8211; 1300 W.<\/strong><\/h3>\n<h4>Semblable \u00e0 r\u00e9f. 080508, mais plus puissant.<\/h4>\n","protected":false},"featured_media":9625,"template":"","meta":{"_acf_changed":false,"_monsterinsights_skip_tracking":false,"_monsterinsights_sitenote_active":false,"_monsterinsights_sitenote_note":"","_monsterinsights_sitenote_category":0},"product_brand":[],"product_cat":[1307],"product_tag":[],"class_list":{"0":"post-12585","1":"product","2":"type-product","3":"status-publish","4":"has-post-thumbnail","6":"product_cat-box-de-polissage","8":"first","9":"instock","10":"product-type-simple"},"acf":[],"yoast_head":"<!-- This site is optimized with the Yoast SEO plugin v27.2 - https:\/\/yoast.com\/product\/yoast-seo-wordpress\/ -->\n<title>Mini box - tour a polir &quot;Gorbea&quot; - 1300 w | MESTRA<\/title>\n<meta name=\"description\" content=\"Chez MESTRA nous avons Mini box - tour a polir &quot;Gorbea&quot; - 1300 w. Consultez notre catalogue de mat\u00e9riel dentaire et passez votre commande d\u00e8s maintenant.\" \/>\n<meta name=\"robots\" content=\"index, follow, max-snippet:-1, max-image-preview:large, max-video-preview:-1\" \/>\n<link rel=\"canonical\" href=\"https:\/\/mestra.es\/fr\/producto\/mini-box-de-pulido-gorbea-1300-w\/\" \/>\n<meta property=\"og:locale\" content=\"fr_FR\" \/>\n<meta property=\"og:type\" content=\"article\" \/>\n<meta property=\"og:title\" content=\"Mini box - tour a polir &quot;Gorbea&quot; - 1300 w | MESTRA\" \/>\n<meta property=\"og:description\" content=\"Chez MESTRA nous avons Mini box - tour a polir &quot;Gorbea&quot; - 1300 w. Consultez notre catalogue de mat\u00e9riel dentaire et passez votre commande d\u00e8s maintenant.\" \/>\n<meta property=\"og:url\" content=\"https:\/\/mestra.es\/fr\/producto\/mini-box-de-pulido-gorbea-1300-w\/\" \/>\n<meta property=\"og:site_name\" content=\"Talleres Mestra\" \/>\n<meta property=\"article:modified_time\" content=\"2025-03-26T07:45:42+00:00\" \/>\n<meta property=\"og:image\" content=\"https:\/\/mestra.es\/wp-content\/uploads\/2024\/03\/080509.jpg\" \/>\n\t<meta property=\"og:image:width\" content=\"600\" \/>\n\t<meta property=\"og:image:height\" content=\"600\" \/>\n\t<meta property=\"og:image:type\" content=\"image\/jpeg\" \/>\n<meta name=\"twitter:card\" content=\"summary_large_image\" \/>\n<meta name=\"twitter:label1\" content=\"Prix\" \/>\n\t<meta name=\"twitter:data1\" content=\"\" \/>\n\t<meta name=\"twitter:label2\" content=\"Disponibilit\u00e9\" \/>\n\t<meta name=\"twitter:data2\" content=\"En stock\" \/>\n<script type=\"application\/ld+json\" class=\"yoast-schema-graph\">{\"@context\":\"https:\/\/schema.org\",\"@graph\":[{\"@type\":\"WebPage\",\"@id\":\"https:\/\/mestra.es\/fr\/producto\/mini-box-de-pulido-gorbea-1300-w\/\",\"url\":\"https:\/\/mestra.es\/fr\/producto\/mini-box-de-pulido-gorbea-1300-w\/\",\"name\":\"Mini box - tour a polir \\\"Gorbea\\\" - 1300 w | MESTRA\",\"isPartOf\":{\"@id\":\"https:\/\/mestra.es\/fr\/#website\"},\"primaryImageOfPage\":{\"@id\":\"https:\/\/mestra.es\/fr\/producto\/mini-box-de-pulido-gorbea-1300-w\/#primaryimage\"},\"image\":{\"@id\":\"https:\/\/mestra.es\/fr\/producto\/mini-box-de-pulido-gorbea-1300-w\/#primaryimage\"},\"thumbnailUrl\":\"https:\/\/mestra.es\/wp-content\/uploads\/2024\/03\/080509.jpg\",\"datePublished\":\"2024-03-11T12:37:13+00:00\",\"dateModified\":\"2025-03-26T07:45:42+00:00\",\"description\":\"Chez MESTRA nous avons Mini box - tour a polir \\\"Gorbea\\\" - 1300 w. Consultez notre catalogue de mat\u00e9riel dentaire et passez votre commande d\u00e8s maintenant.\",\"breadcrumb\":{\"@id\":\"https:\/\/mestra.es\/fr\/producto\/mini-box-de-pulido-gorbea-1300-w\/#breadcrumb\"},\"inLanguage\":\"fr-FR\",\"potentialAction\":[{\"@type\":\"ReadAction\",\"target\":[\"https:\/\/mestra.es\/fr\/producto\/mini-box-de-pulido-gorbea-1300-w\/\"]}]},{\"@type\":\"ImageObject\",\"inLanguage\":\"fr-FR\",\"@id\":\"https:\/\/mestra.es\/fr\/producto\/mini-box-de-pulido-gorbea-1300-w\/#primaryimage\",\"url\":\"https:\/\/mestra.es\/wp-content\/uploads\/2024\/03\/080509.jpg\",\"contentUrl\":\"https:\/\/mestra.es\/wp-content\/uploads\/2024\/03\/080509.jpg\",\"width\":600,\"height\":600,\"caption\":\"Mini Box de pulido Gorbea 1300 W\"},{\"@type\":\"BreadcrumbList\",\"@id\":\"https:\/\/mestra.es\/fr\/producto\/mini-box-de-pulido-gorbea-1300-w\/#breadcrumb\",\"itemListElement\":[{\"@type\":\"ListItem\",\"position\":1,\"name\":\"Portada\",\"item\":\"https:\/\/mestra.es\/fr\/\"},{\"@type\":\"ListItem\",\"position\":2,\"name\":\"Boutique\",\"item\":\"https:\/\/mestra.es\/fr\/boutique\/\"},{\"@type\":\"ListItem\",\"position\":3,\"name\":\"MINI BOX &#8211; TOUR A POLIR \u00abGORBEA\u00bb &#8211; 1300 W\"}]},{\"@type\":\"WebSite\",\"@id\":\"https:\/\/mestra.es\/fr\/#website\",\"url\":\"https:\/\/mestra.es\/fr\/\",\"name\":\"Talleres Mestra\",\"description\":\"\",\"publisher\":{\"@id\":\"https:\/\/mestra.es\/fr\/#organization\"},\"potentialAction\":[{\"@type\":\"SearchAction\",\"target\":{\"@type\":\"EntryPoint\",\"urlTemplate\":\"https:\/\/mestra.es\/fr\/?s={search_term_string}\"},\"query-input\":{\"@type\":\"PropertyValueSpecification\",\"valueRequired\":true,\"valueName\":\"search_term_string\"}}],\"inLanguage\":\"fr-FR\"},{\"@type\":\"Organization\",\"@id\":\"https:\/\/mestra.es\/fr\/#organization\",\"name\":\"Talleres Mestra\",\"url\":\"https:\/\/mestra.es\/fr\/\",\"logo\":{\"@type\":\"ImageObject\",\"inLanguage\":\"fr-FR\",\"@id\":\"https:\/\/mestra.es\/fr\/#\/schema\/logo\/image\/\",\"url\":\"https:\/\/mestra.es\/wp-content\/uploads\/2024\/05\/logo_mestra.png\",\"contentUrl\":\"https:\/\/mestra.es\/wp-content\/uploads\/2024\/05\/logo_mestra.png\",\"width\":300,\"height\":170,\"caption\":\"Talleres Mestra\"},\"image\":{\"@id\":\"https:\/\/mestra.es\/fr\/#\/schema\/logo\/image\/\"}}]}<\/script>\n<meta property=\"product:price:currency\" content=\"EUR\" \/>\n<meta property=\"og:availability\" content=\"instock\" \/>\n<meta property=\"product:availability\" content=\"instock\" \/>\n<meta property=\"product:retailer_item_id\" content=\"080509\" \/>\n<meta property=\"product:condition\" content=\"new\" \/>\n<!-- \/ Yoast SEO plugin. -->","yoast_head_json":{"title":"Mini box - tour a polir \"Gorbea\" - 1300 w | MESTRA","description":"Chez MESTRA nous avons Mini box - tour a polir \"Gorbea\" - 1300 w. Consultez notre catalogue de mat\u00e9riel dentaire et passez votre commande d\u00e8s maintenant.","robots":{"index":"index","follow":"follow","max-snippet":"max-snippet:-1","max-image-preview":"max-image-preview:large","max-video-preview":"max-video-preview:-1"},"canonical":"https:\/\/mestra.es\/fr\/producto\/mini-box-de-pulido-gorbea-1300-w\/","og_locale":"fr_FR","og_type":"article","og_title":"Mini box - tour a polir \"Gorbea\" - 1300 w | MESTRA","og_description":"Chez MESTRA nous avons Mini box - tour a polir \"Gorbea\" - 1300 w. Consultez notre catalogue de mat\u00e9riel dentaire et passez votre commande d\u00e8s maintenant.","og_url":"https:\/\/mestra.es\/fr\/producto\/mini-box-de-pulido-gorbea-1300-w\/","og_site_name":"Talleres Mestra","article_modified_time":"2025-03-26T07:45:42+00:00","og_image":[{"width":600,"height":600,"url":"https:\/\/mestra.es\/wp-content\/uploads\/2024\/03\/080509.jpg","type":"image\/jpeg"}],"twitter_card":"summary_large_image","twitter_misc":{"Prix":"","Disponibilit\u00e9":"En stock"},"schema":{"@context":"https:\/\/schema.org","@graph":[{"@type":"WebPage","@id":"https:\/\/mestra.es\/fr\/producto\/mini-box-de-pulido-gorbea-1300-w\/","url":"https:\/\/mestra.es\/fr\/producto\/mini-box-de-pulido-gorbea-1300-w\/","name":"Mini box - tour a polir \"Gorbea\" - 1300 w | MESTRA","isPartOf":{"@id":"https:\/\/mestra.es\/fr\/#website"},"primaryImageOfPage":{"@id":"https:\/\/mestra.es\/fr\/producto\/mini-box-de-pulido-gorbea-1300-w\/#primaryimage"},"image":{"@id":"https:\/\/mestra.es\/fr\/producto\/mini-box-de-pulido-gorbea-1300-w\/#primaryimage"},"thumbnailUrl":"https:\/\/mestra.es\/wp-content\/uploads\/2024\/03\/080509.jpg","datePublished":"2024-03-11T12:37:13+00:00","dateModified":"2025-03-26T07:45:42+00:00","description":"Chez MESTRA nous avons Mini box - tour a polir \"Gorbea\" - 1300 w. Consultez notre catalogue de mat\u00e9riel dentaire et passez votre commande d\u00e8s maintenant.","breadcrumb":{"@id":"https:\/\/mestra.es\/fr\/producto\/mini-box-de-pulido-gorbea-1300-w\/#breadcrumb"},"inLanguage":"fr-FR","potentialAction":[{"@type":"ReadAction","target":["https:\/\/mestra.es\/fr\/producto\/mini-box-de-pulido-gorbea-1300-w\/"]}]},{"@type":"ImageObject","inLanguage":"fr-FR","@id":"https:\/\/mestra.es\/fr\/producto\/mini-box-de-pulido-gorbea-1300-w\/#primaryimage","url":"https:\/\/mestra.es\/wp-content\/uploads\/2024\/03\/080509.jpg","contentUrl":"https:\/\/mestra.es\/wp-content\/uploads\/2024\/03\/080509.jpg","width":600,"height":600,"caption":"Mini Box de pulido Gorbea 1300 W"},{"@type":"BreadcrumbList","@id":"https:\/\/mestra.es\/fr\/producto\/mini-box-de-pulido-gorbea-1300-w\/#breadcrumb","itemListElement":[{"@type":"ListItem","position":1,"name":"Portada","item":"https:\/\/mestra.es\/fr\/"},{"@type":"ListItem","position":2,"name":"Boutique","item":"https:\/\/mestra.es\/fr\/boutique\/"},{"@type":"ListItem","position":3,"name":"MINI BOX &#8211; TOUR A POLIR \u00abGORBEA\u00bb &#8211; 1300 W"}]},{"@type":"WebSite","@id":"https:\/\/mestra.es\/fr\/#website","url":"https:\/\/mestra.es\/fr\/","name":"Talleres Mestra","description":"","publisher":{"@id":"https:\/\/mestra.es\/fr\/#organization"},"potentialAction":[{"@type":"SearchAction","target":{"@type":"EntryPoint","urlTemplate":"https:\/\/mestra.es\/fr\/?s={search_term_string}"},"query-input":{"@type":"PropertyValueSpecification","valueRequired":true,"valueName":"search_term_string"}}],"inLanguage":"fr-FR"},{"@type":"Organization","@id":"https:\/\/mestra.es\/fr\/#organization","name":"Talleres Mestra","url":"https:\/\/mestra.es\/fr\/","logo":{"@type":"ImageObject","inLanguage":"fr-FR","@id":"https:\/\/mestra.es\/fr\/#\/schema\/logo\/image\/","url":"https:\/\/mestra.es\/wp-content\/uploads\/2024\/05\/logo_mestra.png","contentUrl":"https:\/\/mestra.es\/wp-content\/uploads\/2024\/05\/logo_mestra.png","width":300,"height":170,"caption":"Talleres Mestra"},"image":{"@id":"https:\/\/mestra.es\/fr\/#\/schema\/logo\/image\/"}}]},"product_price_currency":"EUR","og_availability":"instock","product_availability":"instock","product_retailer_item_id":"080509","product_condition":"new"},"_links":{"self":[{"href":"https:\/\/mestra.es\/fr\/wp-json\/wp\/v2\/product\/12585","targetHints":{"allow":["GET"]}}],"collection":[{"href":"https:\/\/mestra.es\/fr\/wp-json\/wp\/v2\/product"}],"about":[{"href":"https:\/\/mestra.es\/fr\/wp-json\/wp\/v2\/types\/product"}],"wp:featuredmedia":[{"embeddable":true,"href":"https:\/\/mestra.es\/fr\/wp-json\/wp\/v2\/media\/9625"}],"wp:attachment":[{"href":"https:\/\/mestra.es\/fr\/wp-json\/wp\/v2\/media?parent=12585"}],"wp:term":[{"taxonomy":"product_brand","embeddable":true,"href":"https:\/\/mestra.es\/fr\/wp-json\/wp\/v2\/product_brand?post=12585"},{"taxonomy":"product_cat","embeddable":true,"href":"https:\/\/mestra.es\/fr\/wp-json\/wp\/v2\/product_cat?post=12585"},{"taxonomy":"product_tag","embeddable":true,"href":"https:\/\/mestra.es\/fr\/wp-json\/wp\/v2\/product_tag?post=12585"}],"curies":[{"name":"wp","href":"https:\/\/api.w.org\/{rel}","templated":true}]}}