{"id":12579,"date":"2024-03-11T13:37:15","date_gmt":"2024-03-11T12:37:15","guid":{"rendered":"https:\/\/mestra.es\/producto\/electro-pulidora-2-velocidades-500-w\/"},"modified":"2025-03-26T10:49:48","modified_gmt":"2025-03-26T09:49:48","slug":"electro-pulidora-2-velocidades-500-w","status":"publish","type":"product","link":"https:\/\/mestra.es\/fr\/producto\/electro-pulidora-2-velocidades-500-w\/","title":{"rendered":"TOUR A POLIR 2 VITESSES 500 W"},"content":{"rendered":"<p>Pour la technique du polissage et du brillantage des m\u00e9taux, r\u00e9sines, etc. \u00e0 sec ou humide.<\/p>\n<ul>\n<li><strong>PUISSANT:<\/strong> Moteur de 500 W \u00e0 2 vitesses, sans entretien.<\/li>\n<li><strong>SILENCIEUX:<\/strong> Niveau sonore 48 Db sans vibrations.<\/li>\n<li><strong>ETANCHE:<\/strong> Axes scell\u00e9s pour \u00e9viter des p\u00e9n\u00e9trations d\u0092eau ou de ponce.<\/li>\n<li><strong>SECURITE:<\/strong> Interrupteur de s\u00e9curit\u00e9 \u00e9vitant des demarrages intempestifs apr\u00e8s une coupure d&rsquo;\u00e9lectricit\u00e9, \u00e9vitant tout risque de blessures.<\/li>\n<li><strong>ERGOMOMIQUE:<\/strong> Sa conception permet la mobilit\u00e9 des bras, rendant pratique son utilisation en position debout ou assise.<\/li>\n<\/ul>\n<p>Les extracteurs de type palan simplifient le montage et d\u00e9montage des brosses \u00e0 polir.<\/p>\n<p>La construction robuste et massive de la machine (12 Kg) ajout\u00e9e \u00e0 l\u0092embase importante pos\u00e9e sur des pieds en caoutchouc anti-d\u00e9rapant conf\u00e8rent au tour \u00e0 polir une bonne stabilit\u00e9<\/p>\n","protected":false},"excerpt":{"rendered":"<p>Pour la technique du polissage et du brillantage des m\u00e9taux, r\u00e9sines, etc. \u00e0 sec ou humide. PUISSANT: Moteur de 500 W \u00e0 2 vitesses, sans entretien. SILENCIEUX: Niveau sonore 48 Db sans vibrations. ETANCHE: Axes scell\u00e9s pour \u00e9viter des p\u00e9n\u00e9trations d\u0092eau ou de ponce. SECURITE: Interrupteur de s\u00e9curit\u00e9 \u00e9vitant des demarrages intempestifs apr\u00e8s une coupure [&hellip;]<\/p>\n","protected":false},"featured_media":9583,"template":"","meta":{"_acf_changed":false,"_monsterinsights_skip_tracking":false,"_monsterinsights_sitenote_active":false,"_monsterinsights_sitenote_note":"","_monsterinsights_sitenote_category":0},"product_brand":[],"product_cat":[1304],"product_tag":[],"class_list":{"0":"post-12579","1":"product","2":"type-product","3":"status-publish","4":"has-post-thumbnail","6":"product_cat-tours-a-polir","8":"first","9":"instock","10":"product-type-simple"},"acf":[],"yoast_head":"<!-- This site is optimized with the Yoast SEO plugin v27.2 - https:\/\/yoast.com\/product\/yoast-seo-wordpress\/ -->\n<title>Tour a polir 2 vitesses 500 w | MESTRA<\/title>\n<meta name=\"description\" content=\"Chez MESTRA, nous avons Tour a polir 2 vitesses 500 w commander en ligne.\" \/>\n<meta name=\"robots\" content=\"index, follow, max-snippet:-1, max-image-preview:large, max-video-preview:-1\" \/>\n<link rel=\"canonical\" href=\"https:\/\/mestra.es\/fr\/producto\/electro-pulidora-2-velocidades-500-w\/\" \/>\n<meta property=\"og:locale\" content=\"fr_FR\" \/>\n<meta property=\"og:type\" content=\"article\" \/>\n<meta property=\"og:title\" content=\"Tour a polir 2 vitesses 500 w | MESTRA\" \/>\n<meta property=\"og:description\" content=\"Chez MESTRA, nous avons Tour a polir 2 vitesses 500 w commander en ligne.\" \/>\n<meta property=\"og:url\" content=\"https:\/\/mestra.es\/fr\/producto\/electro-pulidora-2-velocidades-500-w\/\" \/>\n<meta property=\"og:site_name\" content=\"Talleres Mestra\" \/>\n<meta property=\"article:modified_time\" content=\"2025-03-26T09:49:48+00:00\" \/>\n<meta property=\"og:image\" content=\"https:\/\/mestra.es\/wp-content\/uploads\/2024\/03\/080162.jpg\" \/>\n\t<meta property=\"og:image:width\" content=\"600\" \/>\n\t<meta property=\"og:image:height\" content=\"450\" \/>\n\t<meta property=\"og:image:type\" content=\"image\/jpeg\" \/>\n<meta name=\"twitter:card\" content=\"summary_large_image\" \/>\n<meta name=\"twitter:label1\" content=\"Prix\" \/>\n\t<meta name=\"twitter:data1\" content=\"\" \/>\n\t<meta name=\"twitter:label2\" content=\"Disponibilit\u00e9\" \/>\n\t<meta name=\"twitter:data2\" content=\"En stock\" \/>\n<script type=\"application\/ld+json\" class=\"yoast-schema-graph\">{\"@context\":\"https:\/\/schema.org\",\"@graph\":[{\"@type\":\"WebPage\",\"@id\":\"https:\/\/mestra.es\/fr\/producto\/electro-pulidora-2-velocidades-500-w\/\",\"url\":\"https:\/\/mestra.es\/fr\/producto\/electro-pulidora-2-velocidades-500-w\/\",\"name\":\"Tour a polir 2 vitesses 500 w | MESTRA\",\"isPartOf\":{\"@id\":\"https:\/\/mestra.es\/fr\/#website\"},\"primaryImageOfPage\":{\"@id\":\"https:\/\/mestra.es\/fr\/producto\/electro-pulidora-2-velocidades-500-w\/#primaryimage\"},\"image\":{\"@id\":\"https:\/\/mestra.es\/fr\/producto\/electro-pulidora-2-velocidades-500-w\/#primaryimage\"},\"thumbnailUrl\":\"https:\/\/mestra.es\/wp-content\/uploads\/2024\/03\/080162.jpg\",\"datePublished\":\"2024-03-11T12:37:15+00:00\",\"dateModified\":\"2025-03-26T09:49:48+00:00\",\"description\":\"Chez MESTRA, nous avons Tour a polir 2 vitesses 500 w commander en ligne.\",\"breadcrumb\":{\"@id\":\"https:\/\/mestra.es\/fr\/producto\/electro-pulidora-2-velocidades-500-w\/#breadcrumb\"},\"inLanguage\":\"fr-FR\",\"potentialAction\":[{\"@type\":\"ReadAction\",\"target\":[\"https:\/\/mestra.es\/fr\/producto\/electro-pulidora-2-velocidades-500-w\/\"]}]},{\"@type\":\"ImageObject\",\"inLanguage\":\"fr-FR\",\"@id\":\"https:\/\/mestra.es\/fr\/producto\/electro-pulidora-2-velocidades-500-w\/#primaryimage\",\"url\":\"https:\/\/mestra.es\/wp-content\/uploads\/2024\/03\/080162.jpg\",\"contentUrl\":\"https:\/\/mestra.es\/wp-content\/uploads\/2024\/03\/080162.jpg\",\"width\":600,\"height\":450,\"caption\":\"ELECTRO PULIDORA 2 VELOCIDADES 500 W\"},{\"@type\":\"BreadcrumbList\",\"@id\":\"https:\/\/mestra.es\/fr\/producto\/electro-pulidora-2-velocidades-500-w\/#breadcrumb\",\"itemListElement\":[{\"@type\":\"ListItem\",\"position\":1,\"name\":\"Portada\",\"item\":\"https:\/\/mestra.es\/fr\/\"},{\"@type\":\"ListItem\",\"position\":2,\"name\":\"Boutique\",\"item\":\"https:\/\/mestra.es\/fr\/boutique\/\"},{\"@type\":\"ListItem\",\"position\":3,\"name\":\"TOUR A POLIR 2 VITESSES 500 W\"}]},{\"@type\":\"WebSite\",\"@id\":\"https:\/\/mestra.es\/fr\/#website\",\"url\":\"https:\/\/mestra.es\/fr\/\",\"name\":\"Talleres Mestra\",\"description\":\"\",\"publisher\":{\"@id\":\"https:\/\/mestra.es\/fr\/#organization\"},\"potentialAction\":[{\"@type\":\"SearchAction\",\"target\":{\"@type\":\"EntryPoint\",\"urlTemplate\":\"https:\/\/mestra.es\/fr\/?s={search_term_string}\"},\"query-input\":{\"@type\":\"PropertyValueSpecification\",\"valueRequired\":true,\"valueName\":\"search_term_string\"}}],\"inLanguage\":\"fr-FR\"},{\"@type\":\"Organization\",\"@id\":\"https:\/\/mestra.es\/fr\/#organization\",\"name\":\"Talleres Mestra\",\"url\":\"https:\/\/mestra.es\/fr\/\",\"logo\":{\"@type\":\"ImageObject\",\"inLanguage\":\"fr-FR\",\"@id\":\"https:\/\/mestra.es\/fr\/#\/schema\/logo\/image\/\",\"url\":\"https:\/\/mestra.es\/wp-content\/uploads\/2024\/05\/logo_mestra.png\",\"contentUrl\":\"https:\/\/mestra.es\/wp-content\/uploads\/2024\/05\/logo_mestra.png\",\"width\":300,\"height\":170,\"caption\":\"Talleres Mestra\"},\"image\":{\"@id\":\"https:\/\/mestra.es\/fr\/#\/schema\/logo\/image\/\"}}]}<\/script>\n<meta property=\"product:price:currency\" content=\"EUR\" \/>\n<meta property=\"og:availability\" content=\"instock\" \/>\n<meta property=\"product:availability\" content=\"instock\" \/>\n<meta property=\"product:retailer_item_id\" content=\"080162\" \/>\n<meta property=\"product:condition\" content=\"new\" \/>\n<!-- \/ Yoast SEO plugin. -->","yoast_head_json":{"title":"Tour a polir 2 vitesses 500 w | MESTRA","description":"Chez MESTRA, nous avons Tour a polir 2 vitesses 500 w commander en ligne.","robots":{"index":"index","follow":"follow","max-snippet":"max-snippet:-1","max-image-preview":"max-image-preview:large","max-video-preview":"max-video-preview:-1"},"canonical":"https:\/\/mestra.es\/fr\/producto\/electro-pulidora-2-velocidades-500-w\/","og_locale":"fr_FR","og_type":"article","og_title":"Tour a polir 2 vitesses 500 w | MESTRA","og_description":"Chez MESTRA, nous avons Tour a polir 2 vitesses 500 w commander en ligne.","og_url":"https:\/\/mestra.es\/fr\/producto\/electro-pulidora-2-velocidades-500-w\/","og_site_name":"Talleres Mestra","article_modified_time":"2025-03-26T09:49:48+00:00","og_image":[{"width":600,"height":450,"url":"https:\/\/mestra.es\/wp-content\/uploads\/2024\/03\/080162.jpg","type":"image\/jpeg"}],"twitter_card":"summary_large_image","twitter_misc":{"Prix":"","Disponibilit\u00e9":"En stock"},"schema":{"@context":"https:\/\/schema.org","@graph":[{"@type":"WebPage","@id":"https:\/\/mestra.es\/fr\/producto\/electro-pulidora-2-velocidades-500-w\/","url":"https:\/\/mestra.es\/fr\/producto\/electro-pulidora-2-velocidades-500-w\/","name":"Tour a polir 2 vitesses 500 w | MESTRA","isPartOf":{"@id":"https:\/\/mestra.es\/fr\/#website"},"primaryImageOfPage":{"@id":"https:\/\/mestra.es\/fr\/producto\/electro-pulidora-2-velocidades-500-w\/#primaryimage"},"image":{"@id":"https:\/\/mestra.es\/fr\/producto\/electro-pulidora-2-velocidades-500-w\/#primaryimage"},"thumbnailUrl":"https:\/\/mestra.es\/wp-content\/uploads\/2024\/03\/080162.jpg","datePublished":"2024-03-11T12:37:15+00:00","dateModified":"2025-03-26T09:49:48+00:00","description":"Chez MESTRA, nous avons Tour a polir 2 vitesses 500 w commander en ligne.","breadcrumb":{"@id":"https:\/\/mestra.es\/fr\/producto\/electro-pulidora-2-velocidades-500-w\/#breadcrumb"},"inLanguage":"fr-FR","potentialAction":[{"@type":"ReadAction","target":["https:\/\/mestra.es\/fr\/producto\/electro-pulidora-2-velocidades-500-w\/"]}]},{"@type":"ImageObject","inLanguage":"fr-FR","@id":"https:\/\/mestra.es\/fr\/producto\/electro-pulidora-2-velocidades-500-w\/#primaryimage","url":"https:\/\/mestra.es\/wp-content\/uploads\/2024\/03\/080162.jpg","contentUrl":"https:\/\/mestra.es\/wp-content\/uploads\/2024\/03\/080162.jpg","width":600,"height":450,"caption":"ELECTRO PULIDORA 2 VELOCIDADES 500 W"},{"@type":"BreadcrumbList","@id":"https:\/\/mestra.es\/fr\/producto\/electro-pulidora-2-velocidades-500-w\/#breadcrumb","itemListElement":[{"@type":"ListItem","position":1,"name":"Portada","item":"https:\/\/mestra.es\/fr\/"},{"@type":"ListItem","position":2,"name":"Boutique","item":"https:\/\/mestra.es\/fr\/boutique\/"},{"@type":"ListItem","position":3,"name":"TOUR A POLIR 2 VITESSES 500 W"}]},{"@type":"WebSite","@id":"https:\/\/mestra.es\/fr\/#website","url":"https:\/\/mestra.es\/fr\/","name":"Talleres Mestra","description":"","publisher":{"@id":"https:\/\/mestra.es\/fr\/#organization"},"potentialAction":[{"@type":"SearchAction","target":{"@type":"EntryPoint","urlTemplate":"https:\/\/mestra.es\/fr\/?s={search_term_string}"},"query-input":{"@type":"PropertyValueSpecification","valueRequired":true,"valueName":"search_term_string"}}],"inLanguage":"fr-FR"},{"@type":"Organization","@id":"https:\/\/mestra.es\/fr\/#organization","name":"Talleres Mestra","url":"https:\/\/mestra.es\/fr\/","logo":{"@type":"ImageObject","inLanguage":"fr-FR","@id":"https:\/\/mestra.es\/fr\/#\/schema\/logo\/image\/","url":"https:\/\/mestra.es\/wp-content\/uploads\/2024\/05\/logo_mestra.png","contentUrl":"https:\/\/mestra.es\/wp-content\/uploads\/2024\/05\/logo_mestra.png","width":300,"height":170,"caption":"Talleres Mestra"},"image":{"@id":"https:\/\/mestra.es\/fr\/#\/schema\/logo\/image\/"}}]},"product_price_currency":"EUR","og_availability":"instock","product_availability":"instock","product_retailer_item_id":"080162","product_condition":"new"},"_links":{"self":[{"href":"https:\/\/mestra.es\/fr\/wp-json\/wp\/v2\/product\/12579","targetHints":{"allow":["GET"]}}],"collection":[{"href":"https:\/\/mestra.es\/fr\/wp-json\/wp\/v2\/product"}],"about":[{"href":"https:\/\/mestra.es\/fr\/wp-json\/wp\/v2\/types\/product"}],"wp:featuredmedia":[{"embeddable":true,"href":"https:\/\/mestra.es\/fr\/wp-json\/wp\/v2\/media\/9583"}],"wp:attachment":[{"href":"https:\/\/mestra.es\/fr\/wp-json\/wp\/v2\/media?parent=12579"}],"wp:term":[{"taxonomy":"product_brand","embeddable":true,"href":"https:\/\/mestra.es\/fr\/wp-json\/wp\/v2\/product_brand?post=12579"},{"taxonomy":"product_cat","embeddable":true,"href":"https:\/\/mestra.es\/fr\/wp-json\/wp\/v2\/product_cat?post=12579"},{"taxonomy":"product_tag","embeddable":true,"href":"https:\/\/mestra.es\/fr\/wp-json\/wp\/v2\/product_tag?post=12579"}],"curies":[{"name":"wp","href":"https:\/\/api.w.org\/{rel}","templated":true}]}}