{"id":12535,"date":"2024-03-11T13:37:26","date_gmt":"2024-03-11T12:37:26","guid":{"rendered":"https:\/\/mestra.es\/producto\/mesa-de-repaso-1-puesto\/"},"modified":"2025-03-24T11:48:51","modified_gmt":"2025-03-24T10:48:51","slug":"mesa-de-repaso-1-puesto","status":"publish","type":"product","link":"https:\/\/mestra.es\/fr\/producto\/mesa-de-repaso-1-puesto\/","title":{"rendered":"TABLE DE FINITION &#8211; 1 SI\u00c8GE"},"content":{"rendered":"<p>Etablis professionnels de qualit\u00e9. Le montage est ais\u00e9.<\/p>\n<p>Il est pourvu de tous les accessoires n\u00e9cessaires au proth\u00e9sistes : 2 prises, \u00e9t\u00e0g\u00e8re porte-travaux, tiroirs, plateau cheville en inox. pr\u00e9disposition \u00e0 l&rsquo;aspiration, soufflette r\u00e9tractable, etc. Pr\u00e9-install\u00e9 pour le gaz (robinet en fa\u00e7ade).<\/p>\n<p>Equip\u00e9 d&rsquo;une pratique cheville aspirante qui s&rsquo;accouple parfaitement<br \/>\navec notre box de travail Ori\u00f3n (<a href=\"https:\/\/mestra.es\/fr\/producto\/caja-de-trabajo-orion\/\">R\u00e9f. 080214<\/a>), et qui forme ainsi un<br \/>\nensemble compact.<\/p>\n<p>Ses dimensions g\u00e9n\u00e9reuses permettent un \u00e9quipement complet. MESTRA vous sugg\u00e8re l&rsquo;aspiration Eolo, sa gamme de micro-moteurs, l&rsquo;\u00e9clairage, le tunnel de photo-polym\u00e9risation, etc. Un espace de travail ergonomique et productif.<\/p>\n","protected":false},"excerpt":{"rendered":"<p>Etablis professionnels de qualit\u00e9, pourvu de tous les accessoires n\u00e9cessaires au proth\u00e9sistes<\/p>\n","protected":false},"featured_media":9819,"template":"","meta":{"_acf_changed":false,"_monsterinsights_skip_tracking":false,"_monsterinsights_sitenote_active":false,"_monsterinsights_sitenote_note":"","_monsterinsights_sitenote_category":0},"product_brand":[],"product_cat":[1319],"product_tag":[],"class_list":{"0":"post-12535","1":"product","2":"type-product","3":"status-publish","4":"has-post-thumbnail","6":"product_cat-box-de-retouches","8":"first","9":"instock","10":"product-type-simple"},"acf":[],"yoast_head":"<!-- This site is optimized with the Yoast SEO plugin v27.2 - https:\/\/yoast.com\/product\/yoast-seo-wordpress\/ -->\n<title>Etablis pour 1 poste de travail | MESTRA<\/title>\n<meta name=\"description\" content=\"Chez MESTRA, nous avons Etablis pour 1 poste de travail, pourvu detous les accessoires n\u00e9cessaires au proth\u00e9sistes. Commander en ligne.\" \/>\n<meta name=\"robots\" content=\"index, follow, max-snippet:-1, max-image-preview:large, max-video-preview:-1\" \/>\n<link rel=\"canonical\" href=\"https:\/\/mestra.es\/fr\/producto\/mesa-de-repaso-1-puesto\/\" \/>\n<meta property=\"og:locale\" content=\"fr_FR\" \/>\n<meta property=\"og:type\" content=\"article\" \/>\n<meta property=\"og:title\" content=\"Etablis pour 1 poste de travail | MESTRA\" \/>\n<meta property=\"og:description\" content=\"Chez MESTRA, nous avons Etablis pour 1 poste de travail, pourvu detous les accessoires n\u00e9cessaires au proth\u00e9sistes. Commander en ligne.\" \/>\n<meta property=\"og:url\" content=\"https:\/\/mestra.es\/fr\/producto\/mesa-de-repaso-1-puesto\/\" \/>\n<meta property=\"og:site_name\" content=\"Talleres Mestra\" \/>\n<meta property=\"article:modified_time\" content=\"2025-03-24T10:48:51+00:00\" \/>\n<meta property=\"og:image\" content=\"https:\/\/mestra.es\/wp-content\/uploads\/2024\/05\/100303.jpg\" \/>\n\t<meta property=\"og:image:width\" content=\"600\" \/>\n\t<meta property=\"og:image:height\" content=\"600\" \/>\n\t<meta property=\"og:image:type\" content=\"image\/jpeg\" \/>\n<meta name=\"twitter:card\" content=\"summary_large_image\" \/>\n<meta name=\"twitter:label1\" content=\"Prix\" \/>\n\t<meta name=\"twitter:data1\" content=\"\" \/>\n\t<meta name=\"twitter:label2\" content=\"Disponibilit\u00e9\" \/>\n\t<meta name=\"twitter:data2\" content=\"En stock\" \/>\n<script type=\"application\/ld+json\" class=\"yoast-schema-graph\">{\"@context\":\"https:\/\/schema.org\",\"@graph\":[{\"@type\":\"WebPage\",\"@id\":\"https:\/\/mestra.es\/fr\/producto\/mesa-de-repaso-1-puesto\/\",\"url\":\"https:\/\/mestra.es\/fr\/producto\/mesa-de-repaso-1-puesto\/\",\"name\":\"Etablis pour 1 poste de travail | MESTRA\",\"isPartOf\":{\"@id\":\"https:\/\/mestra.es\/fr\/#website\"},\"primaryImageOfPage\":{\"@id\":\"https:\/\/mestra.es\/fr\/producto\/mesa-de-repaso-1-puesto\/#primaryimage\"},\"image\":{\"@id\":\"https:\/\/mestra.es\/fr\/producto\/mesa-de-repaso-1-puesto\/#primaryimage\"},\"thumbnailUrl\":\"https:\/\/mestra.es\/wp-content\/uploads\/2024\/05\/100303.jpg\",\"datePublished\":\"2024-03-11T12:37:26+00:00\",\"dateModified\":\"2025-03-24T10:48:51+00:00\",\"description\":\"Chez MESTRA, nous avons Etablis pour 1 poste de travail, pourvu detous les accessoires n\u00e9cessaires au proth\u00e9sistes. Commander en ligne.\",\"breadcrumb\":{\"@id\":\"https:\/\/mestra.es\/fr\/producto\/mesa-de-repaso-1-puesto\/#breadcrumb\"},\"inLanguage\":\"fr-FR\",\"potentialAction\":[{\"@type\":\"ReadAction\",\"target\":[\"https:\/\/mestra.es\/fr\/producto\/mesa-de-repaso-1-puesto\/\"]}]},{\"@type\":\"ImageObject\",\"inLanguage\":\"fr-FR\",\"@id\":\"https:\/\/mestra.es\/fr\/producto\/mesa-de-repaso-1-puesto\/#primaryimage\",\"url\":\"https:\/\/mestra.es\/wp-content\/uploads\/2024\/05\/100303.jpg\",\"contentUrl\":\"https:\/\/mestra.es\/wp-content\/uploads\/2024\/05\/100303.jpg\",\"width\":600,\"height\":600,\"caption\":\"Mesa de repaso 1 puesto\"},{\"@type\":\"BreadcrumbList\",\"@id\":\"https:\/\/mestra.es\/fr\/producto\/mesa-de-repaso-1-puesto\/#breadcrumb\",\"itemListElement\":[{\"@type\":\"ListItem\",\"position\":1,\"name\":\"Portada\",\"item\":\"https:\/\/mestra.es\/fr\/\"},{\"@type\":\"ListItem\",\"position\":2,\"name\":\"Boutique\",\"item\":\"https:\/\/mestra.es\/fr\/boutique\/\"},{\"@type\":\"ListItem\",\"position\":3,\"name\":\"TABLE DE FINITION &#8211; 1 SI\u00c8GE\"}]},{\"@type\":\"WebSite\",\"@id\":\"https:\/\/mestra.es\/fr\/#website\",\"url\":\"https:\/\/mestra.es\/fr\/\",\"name\":\"Talleres Mestra\",\"description\":\"\",\"publisher\":{\"@id\":\"https:\/\/mestra.es\/fr\/#organization\"},\"potentialAction\":[{\"@type\":\"SearchAction\",\"target\":{\"@type\":\"EntryPoint\",\"urlTemplate\":\"https:\/\/mestra.es\/fr\/?s={search_term_string}\"},\"query-input\":{\"@type\":\"PropertyValueSpecification\",\"valueRequired\":true,\"valueName\":\"search_term_string\"}}],\"inLanguage\":\"fr-FR\"},{\"@type\":\"Organization\",\"@id\":\"https:\/\/mestra.es\/fr\/#organization\",\"name\":\"Talleres Mestra\",\"url\":\"https:\/\/mestra.es\/fr\/\",\"logo\":{\"@type\":\"ImageObject\",\"inLanguage\":\"fr-FR\",\"@id\":\"https:\/\/mestra.es\/fr\/#\/schema\/logo\/image\/\",\"url\":\"https:\/\/mestra.es\/wp-content\/uploads\/2024\/05\/logo_mestra.png\",\"contentUrl\":\"https:\/\/mestra.es\/wp-content\/uploads\/2024\/05\/logo_mestra.png\",\"width\":300,\"height\":170,\"caption\":\"Talleres Mestra\"},\"image\":{\"@id\":\"https:\/\/mestra.es\/fr\/#\/schema\/logo\/image\/\"}}]}<\/script>\n<meta property=\"product:price:currency\" content=\"EUR\" \/>\n<meta property=\"og:availability\" content=\"instock\" \/>\n<meta property=\"product:availability\" content=\"instock\" \/>\n<meta property=\"product:retailer_item_id\" content=\"100303\" \/>\n<meta property=\"product:condition\" content=\"new\" \/>\n<!-- \/ Yoast SEO plugin. -->","yoast_head_json":{"title":"Etablis pour 1 poste de travail | MESTRA","description":"Chez MESTRA, nous avons Etablis pour 1 poste de travail, pourvu detous les accessoires n\u00e9cessaires au proth\u00e9sistes. Commander en ligne.","robots":{"index":"index","follow":"follow","max-snippet":"max-snippet:-1","max-image-preview":"max-image-preview:large","max-video-preview":"max-video-preview:-1"},"canonical":"https:\/\/mestra.es\/fr\/producto\/mesa-de-repaso-1-puesto\/","og_locale":"fr_FR","og_type":"article","og_title":"Etablis pour 1 poste de travail | MESTRA","og_description":"Chez MESTRA, nous avons Etablis pour 1 poste de travail, pourvu detous les accessoires n\u00e9cessaires au proth\u00e9sistes. Commander en ligne.","og_url":"https:\/\/mestra.es\/fr\/producto\/mesa-de-repaso-1-puesto\/","og_site_name":"Talleres Mestra","article_modified_time":"2025-03-24T10:48:51+00:00","og_image":[{"width":600,"height":600,"url":"https:\/\/mestra.es\/wp-content\/uploads\/2024\/05\/100303.jpg","type":"image\/jpeg"}],"twitter_card":"summary_large_image","twitter_misc":{"Prix":"","Disponibilit\u00e9":"En stock"},"schema":{"@context":"https:\/\/schema.org","@graph":[{"@type":"WebPage","@id":"https:\/\/mestra.es\/fr\/producto\/mesa-de-repaso-1-puesto\/","url":"https:\/\/mestra.es\/fr\/producto\/mesa-de-repaso-1-puesto\/","name":"Etablis pour 1 poste de travail | MESTRA","isPartOf":{"@id":"https:\/\/mestra.es\/fr\/#website"},"primaryImageOfPage":{"@id":"https:\/\/mestra.es\/fr\/producto\/mesa-de-repaso-1-puesto\/#primaryimage"},"image":{"@id":"https:\/\/mestra.es\/fr\/producto\/mesa-de-repaso-1-puesto\/#primaryimage"},"thumbnailUrl":"https:\/\/mestra.es\/wp-content\/uploads\/2024\/05\/100303.jpg","datePublished":"2024-03-11T12:37:26+00:00","dateModified":"2025-03-24T10:48:51+00:00","description":"Chez MESTRA, nous avons Etablis pour 1 poste de travail, pourvu detous les accessoires n\u00e9cessaires au proth\u00e9sistes. Commander en ligne.","breadcrumb":{"@id":"https:\/\/mestra.es\/fr\/producto\/mesa-de-repaso-1-puesto\/#breadcrumb"},"inLanguage":"fr-FR","potentialAction":[{"@type":"ReadAction","target":["https:\/\/mestra.es\/fr\/producto\/mesa-de-repaso-1-puesto\/"]}]},{"@type":"ImageObject","inLanguage":"fr-FR","@id":"https:\/\/mestra.es\/fr\/producto\/mesa-de-repaso-1-puesto\/#primaryimage","url":"https:\/\/mestra.es\/wp-content\/uploads\/2024\/05\/100303.jpg","contentUrl":"https:\/\/mestra.es\/wp-content\/uploads\/2024\/05\/100303.jpg","width":600,"height":600,"caption":"Mesa de repaso 1 puesto"},{"@type":"BreadcrumbList","@id":"https:\/\/mestra.es\/fr\/producto\/mesa-de-repaso-1-puesto\/#breadcrumb","itemListElement":[{"@type":"ListItem","position":1,"name":"Portada","item":"https:\/\/mestra.es\/fr\/"},{"@type":"ListItem","position":2,"name":"Boutique","item":"https:\/\/mestra.es\/fr\/boutique\/"},{"@type":"ListItem","position":3,"name":"TABLE DE FINITION &#8211; 1 SI\u00c8GE"}]},{"@type":"WebSite","@id":"https:\/\/mestra.es\/fr\/#website","url":"https:\/\/mestra.es\/fr\/","name":"Talleres Mestra","description":"","publisher":{"@id":"https:\/\/mestra.es\/fr\/#organization"},"potentialAction":[{"@type":"SearchAction","target":{"@type":"EntryPoint","urlTemplate":"https:\/\/mestra.es\/fr\/?s={search_term_string}"},"query-input":{"@type":"PropertyValueSpecification","valueRequired":true,"valueName":"search_term_string"}}],"inLanguage":"fr-FR"},{"@type":"Organization","@id":"https:\/\/mestra.es\/fr\/#organization","name":"Talleres Mestra","url":"https:\/\/mestra.es\/fr\/","logo":{"@type":"ImageObject","inLanguage":"fr-FR","@id":"https:\/\/mestra.es\/fr\/#\/schema\/logo\/image\/","url":"https:\/\/mestra.es\/wp-content\/uploads\/2024\/05\/logo_mestra.png","contentUrl":"https:\/\/mestra.es\/wp-content\/uploads\/2024\/05\/logo_mestra.png","width":300,"height":170,"caption":"Talleres Mestra"},"image":{"@id":"https:\/\/mestra.es\/fr\/#\/schema\/logo\/image\/"}}]},"product_price_currency":"EUR","og_availability":"instock","product_availability":"instock","product_retailer_item_id":"100303","product_condition":"new"},"_links":{"self":[{"href":"https:\/\/mestra.es\/fr\/wp-json\/wp\/v2\/product\/12535","targetHints":{"allow":["GET"]}}],"collection":[{"href":"https:\/\/mestra.es\/fr\/wp-json\/wp\/v2\/product"}],"about":[{"href":"https:\/\/mestra.es\/fr\/wp-json\/wp\/v2\/types\/product"}],"wp:featuredmedia":[{"embeddable":true,"href":"https:\/\/mestra.es\/fr\/wp-json\/wp\/v2\/media\/9819"}],"wp:attachment":[{"href":"https:\/\/mestra.es\/fr\/wp-json\/wp\/v2\/media?parent=12535"}],"wp:term":[{"taxonomy":"product_brand","embeddable":true,"href":"https:\/\/mestra.es\/fr\/wp-json\/wp\/v2\/product_brand?post=12535"},{"taxonomy":"product_cat","embeddable":true,"href":"https:\/\/mestra.es\/fr\/wp-json\/wp\/v2\/product_cat?post=12535"},{"taxonomy":"product_tag","embeddable":true,"href":"https:\/\/mestra.es\/fr\/wp-json\/wp\/v2\/product_tag?post=12535"}],"curies":[{"name":"wp","href":"https:\/\/api.w.org\/{rel}","templated":true}]}}