{"id":12527,"date":"2024-03-11T13:37:28","date_gmt":"2024-03-11T12:37:28","guid":{"rendered":"https:\/\/mestra.es\/producto\/caja-de-trabajo-orion\/"},"modified":"2025-03-21T11:36:34","modified_gmt":"2025-03-21T10:36:34","slug":"caja-de-trabajo-orion","status":"publish","type":"product","link":"https:\/\/mestra.es\/fr\/producto\/caja-de-trabajo-orion\/","title":{"rendered":"BOX DE TRAVAIL &#8211; ORION"},"content":{"rendered":"<p>Box de travail Orion<\/p>\n<ul>\n<li>Lampe LED de grande luminosit\u00e9.<\/li>\n<li>Absence d&rsquo;ombres \u00e0 l&rsquo;int\u00e9rieur..<\/li>\n<li>Position de travail ergonomique.<\/li>\n<li>Absorption de poussi\u00e8re optimis\u00e9e moyennant un aspirateur externe (non inclus).<\/li>\n<li>Entretien ais\u00e9..<\/li>\n<li>Cheville int\u00e9rieure incluse support pour micromoteur.<\/li>\n<\/ul>\n<p>Grattage, polissage, retouches, sablage et tant d&rsquo;autres t\u00e2ches dans le laboratoire dentaires g\u00e9n\u00e8rent quantit\u00e9 de poussi\u00e8res et de salet\u00e9s polluantes. Pour parer \u00e0 ces d\u00e9sagr\u00e9ments, il est n\u00e9cessaire de s&rsquo;\u00e9quiper de mani\u00e8re ad\u00e9quate. Le box de travail Orion a \u00e9t\u00e9 sp\u00e9cialement con\u00e7u pour cette fonction.<\/p>\n<p>Les 75 ans d&rsquo;exp\u00e9rience de l&rsquo;entreprise MESTRA dans la fabrication d&rsquo;instruments et de machines d\u00e9di\u00e9es \u00e0 l&rsquo;industrie dentaire nous ont accompagn\u00e9s dans la r\u00e9alisation de ce produit. Le box Orion est pratique, simple, d&rsquo;aspect soign\u00e9, \u00e9l\u00e9gant, ergonomique, d&rsquo;une redoutable efficacit\u00e9 et, qui plus est, d&rsquo;un prix qui le rend accessible \u00e0 tous les laboratoires. Voyons plus en d\u00e9tail ses caract\u00e9ristiques:<\/p>\n<h4><strong>PRATIQUE<\/strong><\/h4>\n<p>Les dimensions attribu\u00e9es au box Orion ont \u00e9t\u00e9 l&rsquo;objet d&rsquo;une \u00e9tude rigoureuse. Son encombrement est assez r\u00e9duit pour pouvoir lui trouver facilement une place dans le laboratoire. Sa chambre de travail est suffisamment grande pour permettre au proth\u00e9siste de travailler confortablement et sans contraintes. La formule \u00ab espace de travail optimal pour un faible encombrement \u00bb conviendrait \u00e0 merveille au box Orion.<\/p>\n<p>&nbsp;<\/p>\n<p><img decoding=\"async\" class=\"alignnone wp-image-22281 size-full\" src=\"https:\/\/mestra.es\/wp-content\/uploads\/2021\/12\/080214-a-Caja-de-trabajo-Orion.jpg\" alt=\" width=\" height=\"559\" \/><\/p>\n<h4><strong>ERGONOMIE <\/strong><\/h4>\n<p>Pour la r\u00e9alisation de la bo\u00eete de travail Orion, nous avons \u00e9tudi\u00e9 la position de l&rsquo;op\u00e9rateur lorsqu&rsquo;il travaille normalement \u00e0 l&rsquo;aide d&rsquo;un micromoteur et nous avons fait en sorte que sa t\u00e2che soit facilit\u00e9e lorsqu&rsquo;il travaille dans le box. Il dispose d&rsquo;une grande fen\u00eatre de vision avec un \u00e9clairage LED multi-points qui \u00e9limine les ombres g\u00eanantes et qui affiche une tonalit\u00e9 chromatique similaire \u00e0 la lumi\u00e8re du jour. Une cheville ergonomique offre un pratique point d&rsquo;appui pendant le grattage ou le polissage. Un support de micro-moteur contribue \u00e9galement \u00e0 l&rsquo;organisation du travail \u00e0 l&rsquo;int\u00e9rieur de la chambre. Le box de travail Orion r\u00e9pond aux besoins des professionnels du dentaire.<\/p>\n<p><img loading=\"lazy\" decoding=\"async\" class=\"alignnone wp-image-22265 size-full\" src=\"https:\/\/mestra.es\/wp-content\/uploads\/2021\/12\/Caja-de-trabajo-Orion.jpg\" alt=\"Caja de trabajo Orion\" width=\"631\" height=\"600\" \/><\/p>\n<p>&nbsp;<\/p>\n<h4><strong>EFFICACITE<\/strong><\/h4>\n<p>Le circuit pour l&rsquo;aspiration, m\u00e9rite d&rsquo;\u00eatre mentionn\u00e9. La bouche d&rsquo;aspiration est plac\u00e9e dans un endroit strat\u00e9gique: il ne d\u00e9range pas et collecte la poussi\u00e8re de mani\u00e8re optimale. La connexion d&rsquo;aspiration orientable se relie \u00e0 un aspirateur externe dans la partie arri\u00e8re du box. Des tiroirs amovibles permettent collecter la poussi\u00e8re qui aurait \u00e9chapp\u00e9 \u00e0 l&rsquo;aspiration. Un syst\u00e8me qui permet \u00e0 l&rsquo;op\u00e9rateur de travailler dans une chambre propre rendant la t\u00e2che confortable et agr\u00e9able.<\/p>\n<p><img decoding=\"async\" class=\"alignnone wp-image-22285 size-full\" src=\"https:\/\/mestra.es\/wp-content\/uploads\/2021\/12\/080214-c-Caja-de-trabajo-Orion.jpg\" alt=\" width=\" height=\"600\" \/><\/p>\n<h4><strong>QUALIT\u00c9<\/strong><\/h4>\n<p>Comme pour tous les produits MESTRA nous avons soign\u00e9 les finitions et les mat\u00e9riaux de fabrication sont de qualit\u00e9 sup\u00e9rieure. Le proth\u00e9siste pourra le constater imm\u00e9diatement: au niveau tactile, la rigueur des ajustages le go\u00fbt du d\u00e9tail permettent de visu de se faire une id\u00e9e sur la qualit\u00e9 de notre produit.<\/p>\n<p><img decoding=\"async\" class=\"alignnone wp-image-22289 size-full\" src=\"https:\/\/mestra.es\/wp-content\/uploads\/2021\/12\/080214-d-Caja-de-trabajo-Orion.jpg\" alt=\" width=\" height=\"600\" \/><\/p>\n<h4><strong>DESIGN <\/strong><\/h4>\n<p>L&rsquo;aspect g\u00e9n\u00e9ral de ce box de travail, ses lignes douces et arrondies le rendent particuli\u00e8rement attractif. Il se fondra parfaitement dans le lieu de travail o\u00f9 on le placera. Le verre s\u00e9curit plac\u00e9 \u00e0 la bonne distance pour ne pas \u00eatre heurt\u00e9 pendant les diverses op\u00e9rations offre un champ de vision agr\u00e9able. Son faible poids et ses dimensions r\u00e9duites permettront au proth\u00e9siste de le laisser dans un espace d\u00e9di\u00e9 ou bien de le rendre nomade dans le laboratoire. Bref, un design qui a su conjuguer esth\u00e9tique et fonctionnalit\u00e9, rendant agr\u00e9able les travaux de proth\u00e8se quotidiens.<\/p>\n<p><img decoding=\"async\" class=\"alignnone wp-image-22281 size-full\" src=\"https:\/\/mestra.es\/wp-content\/uploads\/2021\/12\/080214-a-Caja-de-trabajo-Orion.jpg\" alt=\" width=\" height=\"559\" \/><\/p>\n","protected":false},"excerpt":{"rendered":"<p>Box de travail Orion Lampe LED de grande luminosit\u00e9. Absence d&rsquo;ombres \u00e0 l&rsquo;int\u00e9rieur.. Position de travail ergonomique. Absorption de poussi\u00e8re optimis\u00e9e moyennant un aspirateur externe (non inclus). Entretien ais\u00e9.. Cheville int\u00e9rieure incluse support pour micromoteur. Grattage, polissage, retouches, sablage et tant d&rsquo;autres t\u00e2ches dans le laboratoire dentaires g\u00e9n\u00e8rent quantit\u00e9 de poussi\u00e8res et de salet\u00e9s polluantes. [&hellip;]<\/p>\n","protected":false},"featured_media":9883,"template":"","meta":{"_acf_changed":false,"_monsterinsights_skip_tracking":false,"_monsterinsights_sitenote_active":false,"_monsterinsights_sitenote_note":"","_monsterinsights_sitenote_category":0},"product_brand":[],"product_cat":[1324],"product_tag":[],"class_list":{"0":"post-12527","1":"product","2":"type-product","3":"status-publish","4":"has-post-thumbnail","6":"product_cat-cabines-de-travail","8":"first","9":"instock","10":"product-type-simple"},"acf":[],"yoast_head":"<!-- This site is optimized with the Yoast SEO plugin v27.2 - https:\/\/yoast.com\/product\/yoast-seo-wordpress\/ -->\n<title>Box de travail - Orion | MESTRA<\/title>\n<meta name=\"description\" content=\"Chez MESTRA nous avons box de travail Orion. Consultez notre catalogue de mat\u00e9riel dentaire et passez votre commande d\u00e8s maintenant.\" \/>\n<meta name=\"robots\" content=\"index, follow, max-snippet:-1, max-image-preview:large, max-video-preview:-1\" \/>\n<link rel=\"canonical\" href=\"https:\/\/mestra.es\/fr\/producto\/caja-de-trabajo-orion\/\" \/>\n<meta property=\"og:locale\" content=\"fr_FR\" \/>\n<meta property=\"og:type\" content=\"article\" \/>\n<meta property=\"og:title\" content=\"Box de travail - Orion | MESTRA\" \/>\n<meta property=\"og:description\" content=\"Chez MESTRA nous avons box de travail Orion. Consultez notre catalogue de mat\u00e9riel dentaire et passez votre commande d\u00e8s maintenant.\" \/>\n<meta property=\"og:url\" content=\"https:\/\/mestra.es\/fr\/producto\/caja-de-trabajo-orion\/\" \/>\n<meta property=\"og:site_name\" content=\"Talleres Mestra\" \/>\n<meta property=\"article:modified_time\" content=\"2025-03-21T10:36:34+00:00\" \/>\n<meta property=\"og:image\" content=\"https:\/\/mestra.es\/wp-content\/uploads\/2024\/03\/080214.jpg\" \/>\n\t<meta property=\"og:image:width\" content=\"600\" \/>\n\t<meta property=\"og:image:height\" content=\"600\" \/>\n\t<meta property=\"og:image:type\" content=\"image\/jpeg\" \/>\n<meta name=\"twitter:card\" content=\"summary_large_image\" \/>\n<meta name=\"twitter:label1\" content=\"Prix\" \/>\n\t<meta name=\"twitter:data1\" content=\"\" \/>\n\t<meta name=\"twitter:label2\" content=\"Disponibilit\u00e9\" \/>\n\t<meta name=\"twitter:data2\" content=\"En stock\" \/>\n<script type=\"application\/ld+json\" class=\"yoast-schema-graph\">{\"@context\":\"https:\/\/schema.org\",\"@graph\":[{\"@type\":\"WebPage\",\"@id\":\"https:\/\/mestra.es\/fr\/producto\/caja-de-trabajo-orion\/\",\"url\":\"https:\/\/mestra.es\/fr\/producto\/caja-de-trabajo-orion\/\",\"name\":\"Box de travail - Orion | MESTRA\",\"isPartOf\":{\"@id\":\"https:\/\/mestra.es\/fr\/#website\"},\"primaryImageOfPage\":{\"@id\":\"https:\/\/mestra.es\/fr\/producto\/caja-de-trabajo-orion\/#primaryimage\"},\"image\":{\"@id\":\"https:\/\/mestra.es\/fr\/producto\/caja-de-trabajo-orion\/#primaryimage\"},\"thumbnailUrl\":\"https:\/\/mestra.es\/wp-content\/uploads\/2024\/03\/080214.jpg\",\"datePublished\":\"2024-03-11T12:37:28+00:00\",\"dateModified\":\"2025-03-21T10:36:34+00:00\",\"description\":\"Chez MESTRA nous avons box de travail Orion. Consultez notre catalogue de mat\u00e9riel dentaire et passez votre commande d\u00e8s maintenant.\",\"breadcrumb\":{\"@id\":\"https:\/\/mestra.es\/fr\/producto\/caja-de-trabajo-orion\/#breadcrumb\"},\"inLanguage\":\"fr-FR\",\"potentialAction\":[{\"@type\":\"ReadAction\",\"target\":[\"https:\/\/mestra.es\/fr\/producto\/caja-de-trabajo-orion\/\"]}]},{\"@type\":\"ImageObject\",\"inLanguage\":\"fr-FR\",\"@id\":\"https:\/\/mestra.es\/fr\/producto\/caja-de-trabajo-orion\/#primaryimage\",\"url\":\"https:\/\/mestra.es\/wp-content\/uploads\/2024\/03\/080214.jpg\",\"contentUrl\":\"https:\/\/mestra.es\/wp-content\/uploads\/2024\/03\/080214.jpg\",\"width\":600,\"height\":600,\"caption\":\"Caja de trabajo Orion\"},{\"@type\":\"BreadcrumbList\",\"@id\":\"https:\/\/mestra.es\/fr\/producto\/caja-de-trabajo-orion\/#breadcrumb\",\"itemListElement\":[{\"@type\":\"ListItem\",\"position\":1,\"name\":\"Portada\",\"item\":\"https:\/\/mestra.es\/fr\/\"},{\"@type\":\"ListItem\",\"position\":2,\"name\":\"Boutique\",\"item\":\"https:\/\/mestra.es\/fr\/boutique\/\"},{\"@type\":\"ListItem\",\"position\":3,\"name\":\"BOX DE TRAVAIL &#8211; ORION\"}]},{\"@type\":\"WebSite\",\"@id\":\"https:\/\/mestra.es\/fr\/#website\",\"url\":\"https:\/\/mestra.es\/fr\/\",\"name\":\"Talleres Mestra\",\"description\":\"\",\"publisher\":{\"@id\":\"https:\/\/mestra.es\/fr\/#organization\"},\"potentialAction\":[{\"@type\":\"SearchAction\",\"target\":{\"@type\":\"EntryPoint\",\"urlTemplate\":\"https:\/\/mestra.es\/fr\/?s={search_term_string}\"},\"query-input\":{\"@type\":\"PropertyValueSpecification\",\"valueRequired\":true,\"valueName\":\"search_term_string\"}}],\"inLanguage\":\"fr-FR\"},{\"@type\":\"Organization\",\"@id\":\"https:\/\/mestra.es\/fr\/#organization\",\"name\":\"Talleres Mestra\",\"url\":\"https:\/\/mestra.es\/fr\/\",\"logo\":{\"@type\":\"ImageObject\",\"inLanguage\":\"fr-FR\",\"@id\":\"https:\/\/mestra.es\/fr\/#\/schema\/logo\/image\/\",\"url\":\"https:\/\/mestra.es\/wp-content\/uploads\/2024\/05\/logo_mestra.png\",\"contentUrl\":\"https:\/\/mestra.es\/wp-content\/uploads\/2024\/05\/logo_mestra.png\",\"width\":300,\"height\":170,\"caption\":\"Talleres Mestra\"},\"image\":{\"@id\":\"https:\/\/mestra.es\/fr\/#\/schema\/logo\/image\/\"}}]}<\/script>\n<meta property=\"product:price:currency\" content=\"EUR\" \/>\n<meta property=\"og:availability\" content=\"instock\" \/>\n<meta property=\"product:availability\" content=\"instock\" \/>\n<meta property=\"product:retailer_item_id\" content=\"080214\" \/>\n<meta property=\"product:condition\" content=\"new\" \/>\n<!-- \/ Yoast SEO plugin. -->","yoast_head_json":{"title":"Box de travail - Orion | MESTRA","description":"Chez MESTRA nous avons box de travail Orion. Consultez notre catalogue de mat\u00e9riel dentaire et passez votre commande d\u00e8s maintenant.","robots":{"index":"index","follow":"follow","max-snippet":"max-snippet:-1","max-image-preview":"max-image-preview:large","max-video-preview":"max-video-preview:-1"},"canonical":"https:\/\/mestra.es\/fr\/producto\/caja-de-trabajo-orion\/","og_locale":"fr_FR","og_type":"article","og_title":"Box de travail - Orion | MESTRA","og_description":"Chez MESTRA nous avons box de travail Orion. Consultez notre catalogue de mat\u00e9riel dentaire et passez votre commande d\u00e8s maintenant.","og_url":"https:\/\/mestra.es\/fr\/producto\/caja-de-trabajo-orion\/","og_site_name":"Talleres Mestra","article_modified_time":"2025-03-21T10:36:34+00:00","og_image":[{"width":600,"height":600,"url":"https:\/\/mestra.es\/wp-content\/uploads\/2024\/03\/080214.jpg","type":"image\/jpeg"}],"twitter_card":"summary_large_image","twitter_misc":{"Prix":"","Disponibilit\u00e9":"En stock"},"schema":{"@context":"https:\/\/schema.org","@graph":[{"@type":"WebPage","@id":"https:\/\/mestra.es\/fr\/producto\/caja-de-trabajo-orion\/","url":"https:\/\/mestra.es\/fr\/producto\/caja-de-trabajo-orion\/","name":"Box de travail - Orion | MESTRA","isPartOf":{"@id":"https:\/\/mestra.es\/fr\/#website"},"primaryImageOfPage":{"@id":"https:\/\/mestra.es\/fr\/producto\/caja-de-trabajo-orion\/#primaryimage"},"image":{"@id":"https:\/\/mestra.es\/fr\/producto\/caja-de-trabajo-orion\/#primaryimage"},"thumbnailUrl":"https:\/\/mestra.es\/wp-content\/uploads\/2024\/03\/080214.jpg","datePublished":"2024-03-11T12:37:28+00:00","dateModified":"2025-03-21T10:36:34+00:00","description":"Chez MESTRA nous avons box de travail Orion. Consultez notre catalogue de mat\u00e9riel dentaire et passez votre commande d\u00e8s maintenant.","breadcrumb":{"@id":"https:\/\/mestra.es\/fr\/producto\/caja-de-trabajo-orion\/#breadcrumb"},"inLanguage":"fr-FR","potentialAction":[{"@type":"ReadAction","target":["https:\/\/mestra.es\/fr\/producto\/caja-de-trabajo-orion\/"]}]},{"@type":"ImageObject","inLanguage":"fr-FR","@id":"https:\/\/mestra.es\/fr\/producto\/caja-de-trabajo-orion\/#primaryimage","url":"https:\/\/mestra.es\/wp-content\/uploads\/2024\/03\/080214.jpg","contentUrl":"https:\/\/mestra.es\/wp-content\/uploads\/2024\/03\/080214.jpg","width":600,"height":600,"caption":"Caja de trabajo Orion"},{"@type":"BreadcrumbList","@id":"https:\/\/mestra.es\/fr\/producto\/caja-de-trabajo-orion\/#breadcrumb","itemListElement":[{"@type":"ListItem","position":1,"name":"Portada","item":"https:\/\/mestra.es\/fr\/"},{"@type":"ListItem","position":2,"name":"Boutique","item":"https:\/\/mestra.es\/fr\/boutique\/"},{"@type":"ListItem","position":3,"name":"BOX DE TRAVAIL &#8211; ORION"}]},{"@type":"WebSite","@id":"https:\/\/mestra.es\/fr\/#website","url":"https:\/\/mestra.es\/fr\/","name":"Talleres Mestra","description":"","publisher":{"@id":"https:\/\/mestra.es\/fr\/#organization"},"potentialAction":[{"@type":"SearchAction","target":{"@type":"EntryPoint","urlTemplate":"https:\/\/mestra.es\/fr\/?s={search_term_string}"},"query-input":{"@type":"PropertyValueSpecification","valueRequired":true,"valueName":"search_term_string"}}],"inLanguage":"fr-FR"},{"@type":"Organization","@id":"https:\/\/mestra.es\/fr\/#organization","name":"Talleres Mestra","url":"https:\/\/mestra.es\/fr\/","logo":{"@type":"ImageObject","inLanguage":"fr-FR","@id":"https:\/\/mestra.es\/fr\/#\/schema\/logo\/image\/","url":"https:\/\/mestra.es\/wp-content\/uploads\/2024\/05\/logo_mestra.png","contentUrl":"https:\/\/mestra.es\/wp-content\/uploads\/2024\/05\/logo_mestra.png","width":300,"height":170,"caption":"Talleres Mestra"},"image":{"@id":"https:\/\/mestra.es\/fr\/#\/schema\/logo\/image\/"}}]},"product_price_currency":"EUR","og_availability":"instock","product_availability":"instock","product_retailer_item_id":"080214","product_condition":"new"},"_links":{"self":[{"href":"https:\/\/mestra.es\/fr\/wp-json\/wp\/v2\/product\/12527","targetHints":{"allow":["GET"]}}],"collection":[{"href":"https:\/\/mestra.es\/fr\/wp-json\/wp\/v2\/product"}],"about":[{"href":"https:\/\/mestra.es\/fr\/wp-json\/wp\/v2\/types\/product"}],"wp:featuredmedia":[{"embeddable":true,"href":"https:\/\/mestra.es\/fr\/wp-json\/wp\/v2\/media\/9883"}],"wp:attachment":[{"href":"https:\/\/mestra.es\/fr\/wp-json\/wp\/v2\/media?parent=12527"}],"wp:term":[{"taxonomy":"product_brand","embeddable":true,"href":"https:\/\/mestra.es\/fr\/wp-json\/wp\/v2\/product_brand?post=12527"},{"taxonomy":"product_cat","embeddable":true,"href":"https:\/\/mestra.es\/fr\/wp-json\/wp\/v2\/product_cat?post=12527"},{"taxonomy":"product_tag","embeddable":true,"href":"https:\/\/mestra.es\/fr\/wp-json\/wp\/v2\/product_tag?post=12527"}],"curies":[{"name":"wp","href":"https:\/\/api.w.org\/{rel}","templated":true}]}}