{"id":12525,"date":"2024-03-11T13:37:28","date_gmt":"2024-03-11T12:37:28","guid":{"rendered":"https:\/\/mestra.es\/producto\/cabina-de-repaso-eclipse\/"},"modified":"2025-03-21T11:40:33","modified_gmt":"2025-03-21T10:40:33","slug":"cabina-de-repaso-eclipse","status":"publish","type":"product","link":"https:\/\/mestra.es\/fr\/producto\/cabina-de-repaso-eclipse\/","title":{"rendered":"BOX DE FINITION &#8211; ECLIPSE"},"content":{"rendered":"<p>Cabine de travail ferm\u00e9e pour tous travaux de retouche et de finitions<\/p>\n<ul>\n<li>Eclairage LED sans ombres g\u00eanantes ni \u00e9blouissement.<\/li>\n<li>Position de travail ergonomique.<\/li>\n<li>Circuit d\u0092aspiration efficace.<\/li>\n<li>Pr\u00e9disposition \u00e0 un branchement d\u0092aspirateur externe.<\/li>\n<li>Nettoyage ais\u00e9..<\/li>\n<li>Peut se d\u00e9placer facilement de poste en poste.<\/li>\n<li>Rapport qualit\u00e9-prix int\u00e9ressant.<\/li>\n<\/ul>\n<p>Retouches, grattage, polissage, finitions, micro-sablage\u0085<\/p>\n<p>Pour garder un emplacement propre, il convient parfois de travailler dans un espace clos.<\/p>\n<p>La cabine de travail ECLIPSE permet d\u0092effectuer ce type de t\u00e2ches. Avec son large champ de vision, son \u00e9clairage interne lumi\u00e8re du jour, ses manchons protecteurs, elle offrira au professionnel la possibilit\u00e9 de travailler proprement et de mani\u00e8re confortable. Avec ses dimensions r\u00e9duites et son poids l\u00e9ger, il peut occuper une place fixe ou bien \u00eatre un \u00e9l\u00e9ment nomade dans le laboratoire. Facile connexion \u00e0 un aspirateur (non fourni).<\/p>\n","protected":false},"excerpt":{"rendered":"<p>Cabine de travail ferm\u00e9e pour tous travaux de retouche et de finitions Eclairage LED sans ombres g\u00eanantes ni \u00e9blouissement. Position de travail ergonomique. Circuit d\u0092aspiration efficace. Pr\u00e9disposition \u00e0 un branchement d\u0092aspirateur externe. Nettoyage ais\u00e9.. Peut se d\u00e9placer facilement de poste en poste. Rapport qualit\u00e9-prix int\u00e9ressant. Retouches, grattage, polissage, finitions, micro-sablage\u0085 Pour garder un emplacement propre, [&hellip;]<\/p>\n","protected":false},"featured_media":9589,"template":"","meta":{"_acf_changed":false,"_monsterinsights_skip_tracking":false,"_monsterinsights_sitenote_active":false,"_monsterinsights_sitenote_note":"","_monsterinsights_sitenote_category":0},"product_brand":[],"product_cat":[1324],"product_tag":[],"class_list":{"0":"post-12525","1":"product","2":"type-product","3":"status-publish","4":"has-post-thumbnail","6":"product_cat-cabines-de-travail","8":"first","9":"instock","10":"product-type-simple"},"acf":[],"yoast_head":"<!-- This site is optimized with the Yoast SEO plugin v27.2 - https:\/\/yoast.com\/product\/yoast-seo-wordpress\/ -->\n<title>Box de finition - Eclipse | MESTRA<\/title>\n<meta name=\"description\" content=\"Chez MESTRA nous avons box de finition Eclipse. Consultez notre catalogue de mat\u00e9riel dentaire et passez votre commande d\u00e8s maintenant.\" \/>\n<meta name=\"robots\" content=\"index, follow, max-snippet:-1, max-image-preview:large, max-video-preview:-1\" \/>\n<link rel=\"canonical\" href=\"https:\/\/mestra.es\/fr\/producto\/cabina-de-repaso-eclipse\/\" \/>\n<meta property=\"og:locale\" content=\"fr_FR\" \/>\n<meta property=\"og:type\" content=\"article\" \/>\n<meta property=\"og:title\" content=\"Box de finition - Eclipse | MESTRA\" \/>\n<meta property=\"og:description\" content=\"Chez MESTRA nous avons box de finition Eclipse. Consultez notre catalogue de mat\u00e9riel dentaire et passez votre commande d\u00e8s maintenant.\" \/>\n<meta property=\"og:url\" content=\"https:\/\/mestra.es\/fr\/producto\/cabina-de-repaso-eclipse\/\" \/>\n<meta property=\"og:site_name\" content=\"Talleres Mestra\" \/>\n<meta property=\"article:modified_time\" content=\"2025-03-21T10:40:33+00:00\" \/>\n<meta property=\"og:image\" content=\"https:\/\/mestra.es\/wp-content\/uploads\/2024\/03\/080216.jpg\" \/>\n\t<meta property=\"og:image:width\" content=\"600\" \/>\n\t<meta property=\"og:image:height\" content=\"600\" \/>\n\t<meta property=\"og:image:type\" content=\"image\/jpeg\" \/>\n<meta name=\"twitter:card\" content=\"summary_large_image\" \/>\n<meta name=\"twitter:label1\" content=\"Prix\" \/>\n\t<meta name=\"twitter:data1\" content=\"\" \/>\n\t<meta name=\"twitter:label2\" content=\"Disponibilit\u00e9\" \/>\n\t<meta name=\"twitter:data2\" content=\"En stock\" \/>\n<script type=\"application\/ld+json\" class=\"yoast-schema-graph\">{\"@context\":\"https:\/\/schema.org\",\"@graph\":[{\"@type\":\"WebPage\",\"@id\":\"https:\/\/mestra.es\/fr\/producto\/cabina-de-repaso-eclipse\/\",\"url\":\"https:\/\/mestra.es\/fr\/producto\/cabina-de-repaso-eclipse\/\",\"name\":\"Box de finition - Eclipse | MESTRA\",\"isPartOf\":{\"@id\":\"https:\/\/mestra.es\/fr\/#website\"},\"primaryImageOfPage\":{\"@id\":\"https:\/\/mestra.es\/fr\/producto\/cabina-de-repaso-eclipse\/#primaryimage\"},\"image\":{\"@id\":\"https:\/\/mestra.es\/fr\/producto\/cabina-de-repaso-eclipse\/#primaryimage\"},\"thumbnailUrl\":\"https:\/\/mestra.es\/wp-content\/uploads\/2024\/03\/080216.jpg\",\"datePublished\":\"2024-03-11T12:37:28+00:00\",\"dateModified\":\"2025-03-21T10:40:33+00:00\",\"description\":\"Chez MESTRA nous avons box de finition Eclipse. Consultez notre catalogue de mat\u00e9riel dentaire et passez votre commande d\u00e8s maintenant.\",\"breadcrumb\":{\"@id\":\"https:\/\/mestra.es\/fr\/producto\/cabina-de-repaso-eclipse\/#breadcrumb\"},\"inLanguage\":\"fr-FR\",\"potentialAction\":[{\"@type\":\"ReadAction\",\"target\":[\"https:\/\/mestra.es\/fr\/producto\/cabina-de-repaso-eclipse\/\"]}]},{\"@type\":\"ImageObject\",\"inLanguage\":\"fr-FR\",\"@id\":\"https:\/\/mestra.es\/fr\/producto\/cabina-de-repaso-eclipse\/#primaryimage\",\"url\":\"https:\/\/mestra.es\/wp-content\/uploads\/2024\/03\/080216.jpg\",\"contentUrl\":\"https:\/\/mestra.es\/wp-content\/uploads\/2024\/03\/080216.jpg\",\"width\":600,\"height\":600,\"caption\":\"cabina de repaso Eclipse\"},{\"@type\":\"BreadcrumbList\",\"@id\":\"https:\/\/mestra.es\/fr\/producto\/cabina-de-repaso-eclipse\/#breadcrumb\",\"itemListElement\":[{\"@type\":\"ListItem\",\"position\":1,\"name\":\"Portada\",\"item\":\"https:\/\/mestra.es\/fr\/\"},{\"@type\":\"ListItem\",\"position\":2,\"name\":\"Boutique\",\"item\":\"https:\/\/mestra.es\/fr\/boutique\/\"},{\"@type\":\"ListItem\",\"position\":3,\"name\":\"BOX DE FINITION &#8211; ECLIPSE\"}]},{\"@type\":\"WebSite\",\"@id\":\"https:\/\/mestra.es\/fr\/#website\",\"url\":\"https:\/\/mestra.es\/fr\/\",\"name\":\"Talleres Mestra\",\"description\":\"\",\"publisher\":{\"@id\":\"https:\/\/mestra.es\/fr\/#organization\"},\"potentialAction\":[{\"@type\":\"SearchAction\",\"target\":{\"@type\":\"EntryPoint\",\"urlTemplate\":\"https:\/\/mestra.es\/fr\/?s={search_term_string}\"},\"query-input\":{\"@type\":\"PropertyValueSpecification\",\"valueRequired\":true,\"valueName\":\"search_term_string\"}}],\"inLanguage\":\"fr-FR\"},{\"@type\":\"Organization\",\"@id\":\"https:\/\/mestra.es\/fr\/#organization\",\"name\":\"Talleres Mestra\",\"url\":\"https:\/\/mestra.es\/fr\/\",\"logo\":{\"@type\":\"ImageObject\",\"inLanguage\":\"fr-FR\",\"@id\":\"https:\/\/mestra.es\/fr\/#\/schema\/logo\/image\/\",\"url\":\"https:\/\/mestra.es\/wp-content\/uploads\/2024\/05\/logo_mestra.png\",\"contentUrl\":\"https:\/\/mestra.es\/wp-content\/uploads\/2024\/05\/logo_mestra.png\",\"width\":300,\"height\":170,\"caption\":\"Talleres Mestra\"},\"image\":{\"@id\":\"https:\/\/mestra.es\/fr\/#\/schema\/logo\/image\/\"}}]}<\/script>\n<meta property=\"product:price:currency\" content=\"EUR\" \/>\n<meta property=\"og:availability\" content=\"instock\" \/>\n<meta property=\"product:availability\" content=\"instock\" \/>\n<meta property=\"product:retailer_item_id\" content=\"080216\" \/>\n<meta property=\"product:condition\" content=\"new\" \/>\n<!-- \/ Yoast SEO plugin. -->","yoast_head_json":{"title":"Box de finition - Eclipse | MESTRA","description":"Chez MESTRA nous avons box de finition Eclipse. Consultez notre catalogue de mat\u00e9riel dentaire et passez votre commande d\u00e8s maintenant.","robots":{"index":"index","follow":"follow","max-snippet":"max-snippet:-1","max-image-preview":"max-image-preview:large","max-video-preview":"max-video-preview:-1"},"canonical":"https:\/\/mestra.es\/fr\/producto\/cabina-de-repaso-eclipse\/","og_locale":"fr_FR","og_type":"article","og_title":"Box de finition - Eclipse | MESTRA","og_description":"Chez MESTRA nous avons box de finition Eclipse. Consultez notre catalogue de mat\u00e9riel dentaire et passez votre commande d\u00e8s maintenant.","og_url":"https:\/\/mestra.es\/fr\/producto\/cabina-de-repaso-eclipse\/","og_site_name":"Talleres Mestra","article_modified_time":"2025-03-21T10:40:33+00:00","og_image":[{"width":600,"height":600,"url":"https:\/\/mestra.es\/wp-content\/uploads\/2024\/03\/080216.jpg","type":"image\/jpeg"}],"twitter_card":"summary_large_image","twitter_misc":{"Prix":"","Disponibilit\u00e9":"En stock"},"schema":{"@context":"https:\/\/schema.org","@graph":[{"@type":"WebPage","@id":"https:\/\/mestra.es\/fr\/producto\/cabina-de-repaso-eclipse\/","url":"https:\/\/mestra.es\/fr\/producto\/cabina-de-repaso-eclipse\/","name":"Box de finition - Eclipse | MESTRA","isPartOf":{"@id":"https:\/\/mestra.es\/fr\/#website"},"primaryImageOfPage":{"@id":"https:\/\/mestra.es\/fr\/producto\/cabina-de-repaso-eclipse\/#primaryimage"},"image":{"@id":"https:\/\/mestra.es\/fr\/producto\/cabina-de-repaso-eclipse\/#primaryimage"},"thumbnailUrl":"https:\/\/mestra.es\/wp-content\/uploads\/2024\/03\/080216.jpg","datePublished":"2024-03-11T12:37:28+00:00","dateModified":"2025-03-21T10:40:33+00:00","description":"Chez MESTRA nous avons box de finition Eclipse. Consultez notre catalogue de mat\u00e9riel dentaire et passez votre commande d\u00e8s maintenant.","breadcrumb":{"@id":"https:\/\/mestra.es\/fr\/producto\/cabina-de-repaso-eclipse\/#breadcrumb"},"inLanguage":"fr-FR","potentialAction":[{"@type":"ReadAction","target":["https:\/\/mestra.es\/fr\/producto\/cabina-de-repaso-eclipse\/"]}]},{"@type":"ImageObject","inLanguage":"fr-FR","@id":"https:\/\/mestra.es\/fr\/producto\/cabina-de-repaso-eclipse\/#primaryimage","url":"https:\/\/mestra.es\/wp-content\/uploads\/2024\/03\/080216.jpg","contentUrl":"https:\/\/mestra.es\/wp-content\/uploads\/2024\/03\/080216.jpg","width":600,"height":600,"caption":"cabina de repaso Eclipse"},{"@type":"BreadcrumbList","@id":"https:\/\/mestra.es\/fr\/producto\/cabina-de-repaso-eclipse\/#breadcrumb","itemListElement":[{"@type":"ListItem","position":1,"name":"Portada","item":"https:\/\/mestra.es\/fr\/"},{"@type":"ListItem","position":2,"name":"Boutique","item":"https:\/\/mestra.es\/fr\/boutique\/"},{"@type":"ListItem","position":3,"name":"BOX DE FINITION &#8211; ECLIPSE"}]},{"@type":"WebSite","@id":"https:\/\/mestra.es\/fr\/#website","url":"https:\/\/mestra.es\/fr\/","name":"Talleres Mestra","description":"","publisher":{"@id":"https:\/\/mestra.es\/fr\/#organization"},"potentialAction":[{"@type":"SearchAction","target":{"@type":"EntryPoint","urlTemplate":"https:\/\/mestra.es\/fr\/?s={search_term_string}"},"query-input":{"@type":"PropertyValueSpecification","valueRequired":true,"valueName":"search_term_string"}}],"inLanguage":"fr-FR"},{"@type":"Organization","@id":"https:\/\/mestra.es\/fr\/#organization","name":"Talleres Mestra","url":"https:\/\/mestra.es\/fr\/","logo":{"@type":"ImageObject","inLanguage":"fr-FR","@id":"https:\/\/mestra.es\/fr\/#\/schema\/logo\/image\/","url":"https:\/\/mestra.es\/wp-content\/uploads\/2024\/05\/logo_mestra.png","contentUrl":"https:\/\/mestra.es\/wp-content\/uploads\/2024\/05\/logo_mestra.png","width":300,"height":170,"caption":"Talleres Mestra"},"image":{"@id":"https:\/\/mestra.es\/fr\/#\/schema\/logo\/image\/"}}]},"product_price_currency":"EUR","og_availability":"instock","product_availability":"instock","product_retailer_item_id":"080216","product_condition":"new"},"_links":{"self":[{"href":"https:\/\/mestra.es\/fr\/wp-json\/wp\/v2\/product\/12525","targetHints":{"allow":["GET"]}}],"collection":[{"href":"https:\/\/mestra.es\/fr\/wp-json\/wp\/v2\/product"}],"about":[{"href":"https:\/\/mestra.es\/fr\/wp-json\/wp\/v2\/types\/product"}],"wp:featuredmedia":[{"embeddable":true,"href":"https:\/\/mestra.es\/fr\/wp-json\/wp\/v2\/media\/9589"}],"wp:attachment":[{"href":"https:\/\/mestra.es\/fr\/wp-json\/wp\/v2\/media?parent=12525"}],"wp:term":[{"taxonomy":"product_brand","embeddable":true,"href":"https:\/\/mestra.es\/fr\/wp-json\/wp\/v2\/product_brand?post=12525"},{"taxonomy":"product_cat","embeddable":true,"href":"https:\/\/mestra.es\/fr\/wp-json\/wp\/v2\/product_cat?post=12525"},{"taxonomy":"product_tag","embeddable":true,"href":"https:\/\/mestra.es\/fr\/wp-json\/wp\/v2\/product_tag?post=12525"}],"curies":[{"name":"wp","href":"https:\/\/api.w.org\/{rel}","templated":true}]}}