{"id":12523,"date":"2024-03-11T13:37:29","date_gmt":"2024-03-11T12:37:29","guid":{"rendered":"https:\/\/mestra.es\/producto\/caja-repaso-clinica\/"},"modified":"2025-03-21T11:24:07","modified_gmt":"2025-03-21T10:24:07","slug":"caja-repaso-clinica","status":"publish","type":"product","link":"https:\/\/mestra.es\/fr\/producto\/caja-repaso-clinica\/","title":{"rendered":"BOX DE FINITION CABINET"},"content":{"rendered":"<p>Bo\u00eete de polissage pour clinique dentaire enti\u00e8rement compatible avec l&rsquo;unit\u00e9 d&rsquo;aspiration de table Sirocco S (R\u00e9f. 080534A).<\/p>\n<p>Ensemble, ils forment un tandem extr\u00eamement utile et fiable pour un environnement clinique, permettant de petites op\u00e9rations de polissage et de lustrage.<\/p>\n<p>Le box de polissage peut \u00e9galement \u00eatre utilis\u00e9 ind\u00e9pendamment.<\/p>\n<ul>\n<li>Large vision de la zone de travail<\/li>\n<li>Eclairage LED int\u00e9gr\u00e9<\/li>\n<li>Grande ergonomie de travail<\/li>\n<\/ul>\n","protected":false},"excerpt":{"rendered":"<p>Chambre de travail ferm\u00e9e, compatible avec l&rsquo;unit\u00e9 d&rsquo;aspiration de table 080534A<\/p>\n","protected":false},"featured_media":9631,"template":"","meta":{"_acf_changed":false,"_monsterinsights_skip_tracking":false,"_monsterinsights_sitenote_active":false,"_monsterinsights_sitenote_note":"","_monsterinsights_sitenote_category":0},"product_brand":[],"product_cat":[1324],"product_tag":[],"class_list":{"0":"post-12523","1":"product","2":"type-product","3":"status-publish","4":"has-post-thumbnail","6":"product_cat-cabines-de-travail","8":"first","9":"instock","10":"product-type-simple"},"acf":[],"yoast_head":"<!-- This site is optimized with the Yoast SEO plugin v27.2 - https:\/\/yoast.com\/product\/yoast-seo-wordpress\/ -->\n<title>Sirocco - Clinique - Bo\u00eete de r\u00e9vision | MESTRA S.L.<\/title>\n<meta name=\"description\" content=\"Chez MESTRA, nous avons la bo\u00eete de r\u00e9vision Sirocco. Consultez d\u00e8s \u00e0 pr\u00e9sent notre catalogue de mat\u00e9riel dentaire et passez votre commande en ligne.\" \/>\n<meta name=\"robots\" content=\"index, follow, max-snippet:-1, max-image-preview:large, max-video-preview:-1\" \/>\n<link rel=\"canonical\" href=\"https:\/\/mestra.es\/fr\/producto\/caja-repaso-clinica\/\" \/>\n<meta property=\"og:locale\" content=\"fr_FR\" \/>\n<meta property=\"og:type\" content=\"article\" \/>\n<meta property=\"og:title\" content=\"Sirocco - Clinique - Bo\u00eete de r\u00e9vision | MESTRA S.L.\" \/>\n<meta property=\"og:description\" content=\"Chez MESTRA, nous avons la bo\u00eete de r\u00e9vision Sirocco. Consultez d\u00e8s \u00e0 pr\u00e9sent notre catalogue de mat\u00e9riel dentaire et passez votre commande en ligne.\" \/>\n<meta property=\"og:url\" content=\"https:\/\/mestra.es\/fr\/producto\/caja-repaso-clinica\/\" \/>\n<meta property=\"og:site_name\" content=\"Talleres Mestra\" \/>\n<meta property=\"article:modified_time\" content=\"2025-03-21T10:24:07+00:00\" \/>\n<meta property=\"og:image\" content=\"https:\/\/mestra.es\/wp-content\/uploads\/2024\/03\/080534C.jpg\" \/>\n\t<meta property=\"og:image:width\" content=\"2560\" \/>\n\t<meta property=\"og:image:height\" content=\"2029\" \/>\n\t<meta property=\"og:image:type\" content=\"image\/jpeg\" \/>\n<meta name=\"twitter:card\" content=\"summary_large_image\" \/>\n<meta name=\"twitter:label1\" content=\"Prix\" \/>\n\t<meta name=\"twitter:data1\" content=\"\" \/>\n\t<meta name=\"twitter:label2\" content=\"Disponibilit\u00e9\" \/>\n\t<meta name=\"twitter:data2\" content=\"En stock\" \/>\n<script type=\"application\/ld+json\" class=\"yoast-schema-graph\">{\"@context\":\"https:\/\/schema.org\",\"@graph\":[{\"@type\":\"WebPage\",\"@id\":\"https:\/\/mestra.es\/fr\/producto\/caja-repaso-clinica\/\",\"url\":\"https:\/\/mestra.es\/fr\/producto\/caja-repaso-clinica\/\",\"name\":\"Sirocco - Clinique - Bo\u00eete de r\u00e9vision | MESTRA S.L.\",\"isPartOf\":{\"@id\":\"https:\/\/mestra.es\/fr\/#website\"},\"primaryImageOfPage\":{\"@id\":\"https:\/\/mestra.es\/fr\/producto\/caja-repaso-clinica\/#primaryimage\"},\"image\":{\"@id\":\"https:\/\/mestra.es\/fr\/producto\/caja-repaso-clinica\/#primaryimage\"},\"thumbnailUrl\":\"https:\/\/mestra.es\/wp-content\/uploads\/2024\/03\/080534C.jpg\",\"datePublished\":\"2024-03-11T12:37:29+00:00\",\"dateModified\":\"2025-03-21T10:24:07+00:00\",\"description\":\"Chez MESTRA, nous avons la bo\u00eete de r\u00e9vision Sirocco. Consultez d\u00e8s \u00e0 pr\u00e9sent notre catalogue de mat\u00e9riel dentaire et passez votre commande en ligne.\",\"breadcrumb\":{\"@id\":\"https:\/\/mestra.es\/fr\/producto\/caja-repaso-clinica\/#breadcrumb\"},\"inLanguage\":\"fr-FR\",\"potentialAction\":[{\"@type\":\"ReadAction\",\"target\":[\"https:\/\/mestra.es\/fr\/producto\/caja-repaso-clinica\/\"]}]},{\"@type\":\"ImageObject\",\"inLanguage\":\"fr-FR\",\"@id\":\"https:\/\/mestra.es\/fr\/producto\/caja-repaso-clinica\/#primaryimage\",\"url\":\"https:\/\/mestra.es\/wp-content\/uploads\/2024\/03\/080534C.jpg\",\"contentUrl\":\"https:\/\/mestra.es\/wp-content\/uploads\/2024\/03\/080534C.jpg\",\"width\":2560,\"height\":2029,\"caption\":\"caja de repaso cl\u00ednica\"},{\"@type\":\"BreadcrumbList\",\"@id\":\"https:\/\/mestra.es\/fr\/producto\/caja-repaso-clinica\/#breadcrumb\",\"itemListElement\":[{\"@type\":\"ListItem\",\"position\":1,\"name\":\"Portada\",\"item\":\"https:\/\/mestra.es\/fr\/\"},{\"@type\":\"ListItem\",\"position\":2,\"name\":\"Boutique\",\"item\":\"https:\/\/mestra.es\/fr\/boutique\/\"},{\"@type\":\"ListItem\",\"position\":3,\"name\":\"BOX DE FINITION CABINET\"}]},{\"@type\":\"WebSite\",\"@id\":\"https:\/\/mestra.es\/fr\/#website\",\"url\":\"https:\/\/mestra.es\/fr\/\",\"name\":\"Talleres Mestra\",\"description\":\"\",\"publisher\":{\"@id\":\"https:\/\/mestra.es\/fr\/#organization\"},\"potentialAction\":[{\"@type\":\"SearchAction\",\"target\":{\"@type\":\"EntryPoint\",\"urlTemplate\":\"https:\/\/mestra.es\/fr\/?s={search_term_string}\"},\"query-input\":{\"@type\":\"PropertyValueSpecification\",\"valueRequired\":true,\"valueName\":\"search_term_string\"}}],\"inLanguage\":\"fr-FR\"},{\"@type\":\"Organization\",\"@id\":\"https:\/\/mestra.es\/fr\/#organization\",\"name\":\"Talleres Mestra\",\"url\":\"https:\/\/mestra.es\/fr\/\",\"logo\":{\"@type\":\"ImageObject\",\"inLanguage\":\"fr-FR\",\"@id\":\"https:\/\/mestra.es\/fr\/#\/schema\/logo\/image\/\",\"url\":\"https:\/\/mestra.es\/wp-content\/uploads\/2024\/05\/logo_mestra.png\",\"contentUrl\":\"https:\/\/mestra.es\/wp-content\/uploads\/2024\/05\/logo_mestra.png\",\"width\":300,\"height\":170,\"caption\":\"Talleres Mestra\"},\"image\":{\"@id\":\"https:\/\/mestra.es\/fr\/#\/schema\/logo\/image\/\"}}]}<\/script>\n<meta property=\"product:price:currency\" content=\"EUR\" \/>\n<meta property=\"og:availability\" content=\"instock\" \/>\n<meta property=\"product:availability\" content=\"instock\" \/>\n<meta property=\"product:retailer_item_id\" content=\"080534C\" \/>\n<meta property=\"product:condition\" content=\"new\" \/>\n<!-- \/ Yoast SEO plugin. -->","yoast_head_json":{"title":"Sirocco - Clinique - Bo\u00eete de r\u00e9vision | MESTRA S.L.","description":"Chez MESTRA, nous avons la bo\u00eete de r\u00e9vision Sirocco. Consultez d\u00e8s \u00e0 pr\u00e9sent notre catalogue de mat\u00e9riel dentaire et passez votre commande en ligne.","robots":{"index":"index","follow":"follow","max-snippet":"max-snippet:-1","max-image-preview":"max-image-preview:large","max-video-preview":"max-video-preview:-1"},"canonical":"https:\/\/mestra.es\/fr\/producto\/caja-repaso-clinica\/","og_locale":"fr_FR","og_type":"article","og_title":"Sirocco - Clinique - Bo\u00eete de r\u00e9vision | MESTRA S.L.","og_description":"Chez MESTRA, nous avons la bo\u00eete de r\u00e9vision Sirocco. Consultez d\u00e8s \u00e0 pr\u00e9sent notre catalogue de mat\u00e9riel dentaire et passez votre commande en ligne.","og_url":"https:\/\/mestra.es\/fr\/producto\/caja-repaso-clinica\/","og_site_name":"Talleres Mestra","article_modified_time":"2025-03-21T10:24:07+00:00","og_image":[{"width":2560,"height":2029,"url":"https:\/\/mestra.es\/wp-content\/uploads\/2024\/03\/080534C.jpg","type":"image\/jpeg"}],"twitter_card":"summary_large_image","twitter_misc":{"Prix":"","Disponibilit\u00e9":"En stock"},"schema":{"@context":"https:\/\/schema.org","@graph":[{"@type":"WebPage","@id":"https:\/\/mestra.es\/fr\/producto\/caja-repaso-clinica\/","url":"https:\/\/mestra.es\/fr\/producto\/caja-repaso-clinica\/","name":"Sirocco - Clinique - Bo\u00eete de r\u00e9vision | MESTRA S.L.","isPartOf":{"@id":"https:\/\/mestra.es\/fr\/#website"},"primaryImageOfPage":{"@id":"https:\/\/mestra.es\/fr\/producto\/caja-repaso-clinica\/#primaryimage"},"image":{"@id":"https:\/\/mestra.es\/fr\/producto\/caja-repaso-clinica\/#primaryimage"},"thumbnailUrl":"https:\/\/mestra.es\/wp-content\/uploads\/2024\/03\/080534C.jpg","datePublished":"2024-03-11T12:37:29+00:00","dateModified":"2025-03-21T10:24:07+00:00","description":"Chez MESTRA, nous avons la bo\u00eete de r\u00e9vision Sirocco. Consultez d\u00e8s \u00e0 pr\u00e9sent notre catalogue de mat\u00e9riel dentaire et passez votre commande en ligne.","breadcrumb":{"@id":"https:\/\/mestra.es\/fr\/producto\/caja-repaso-clinica\/#breadcrumb"},"inLanguage":"fr-FR","potentialAction":[{"@type":"ReadAction","target":["https:\/\/mestra.es\/fr\/producto\/caja-repaso-clinica\/"]}]},{"@type":"ImageObject","inLanguage":"fr-FR","@id":"https:\/\/mestra.es\/fr\/producto\/caja-repaso-clinica\/#primaryimage","url":"https:\/\/mestra.es\/wp-content\/uploads\/2024\/03\/080534C.jpg","contentUrl":"https:\/\/mestra.es\/wp-content\/uploads\/2024\/03\/080534C.jpg","width":2560,"height":2029,"caption":"caja de repaso cl\u00ednica"},{"@type":"BreadcrumbList","@id":"https:\/\/mestra.es\/fr\/producto\/caja-repaso-clinica\/#breadcrumb","itemListElement":[{"@type":"ListItem","position":1,"name":"Portada","item":"https:\/\/mestra.es\/fr\/"},{"@type":"ListItem","position":2,"name":"Boutique","item":"https:\/\/mestra.es\/fr\/boutique\/"},{"@type":"ListItem","position":3,"name":"BOX DE FINITION CABINET"}]},{"@type":"WebSite","@id":"https:\/\/mestra.es\/fr\/#website","url":"https:\/\/mestra.es\/fr\/","name":"Talleres Mestra","description":"","publisher":{"@id":"https:\/\/mestra.es\/fr\/#organization"},"potentialAction":[{"@type":"SearchAction","target":{"@type":"EntryPoint","urlTemplate":"https:\/\/mestra.es\/fr\/?s={search_term_string}"},"query-input":{"@type":"PropertyValueSpecification","valueRequired":true,"valueName":"search_term_string"}}],"inLanguage":"fr-FR"},{"@type":"Organization","@id":"https:\/\/mestra.es\/fr\/#organization","name":"Talleres Mestra","url":"https:\/\/mestra.es\/fr\/","logo":{"@type":"ImageObject","inLanguage":"fr-FR","@id":"https:\/\/mestra.es\/fr\/#\/schema\/logo\/image\/","url":"https:\/\/mestra.es\/wp-content\/uploads\/2024\/05\/logo_mestra.png","contentUrl":"https:\/\/mestra.es\/wp-content\/uploads\/2024\/05\/logo_mestra.png","width":300,"height":170,"caption":"Talleres Mestra"},"image":{"@id":"https:\/\/mestra.es\/fr\/#\/schema\/logo\/image\/"}}]},"product_price_currency":"EUR","og_availability":"instock","product_availability":"instock","product_retailer_item_id":"080534C","product_condition":"new"},"_links":{"self":[{"href":"https:\/\/mestra.es\/fr\/wp-json\/wp\/v2\/product\/12523","targetHints":{"allow":["GET"]}}],"collection":[{"href":"https:\/\/mestra.es\/fr\/wp-json\/wp\/v2\/product"}],"about":[{"href":"https:\/\/mestra.es\/fr\/wp-json\/wp\/v2\/types\/product"}],"wp:featuredmedia":[{"embeddable":true,"href":"https:\/\/mestra.es\/fr\/wp-json\/wp\/v2\/media\/9631"}],"wp:attachment":[{"href":"https:\/\/mestra.es\/fr\/wp-json\/wp\/v2\/media?parent=12523"}],"wp:term":[{"taxonomy":"product_brand","embeddable":true,"href":"https:\/\/mestra.es\/fr\/wp-json\/wp\/v2\/product_brand?post=12523"},{"taxonomy":"product_cat","embeddable":true,"href":"https:\/\/mestra.es\/fr\/wp-json\/wp\/v2\/product_cat?post=12523"},{"taxonomy":"product_tag","embeddable":true,"href":"https:\/\/mestra.es\/fr\/wp-json\/wp\/v2\/product_tag?post=12523"}],"curies":[{"name":"wp","href":"https:\/\/api.w.org\/{rel}","templated":true}]}}