{"id":12519,"date":"2024-03-11T13:37:30","date_gmt":"2024-03-11T12:37:30","guid":{"rendered":"https:\/\/mestra.es\/producto\/silla-para-puesto-de-trabajo-sin-ruedas-con-apoyapies-negra\/"},"modified":"2026-03-11T15:47:50","modified_gmt":"2026-03-11T14:47:50","slug":"silla-para-puesto-de-trabajo-sin-ruedas-con-apoyapies-negra","status":"publish","type":"product","link":"https:\/\/mestra.es\/fr\/producto\/silla-para-puesto-de-trabajo-sin-ruedas-con-apoyapies-negra\/","title":{"rendered":"SIEGE ERGONOMIQUE &#8211; SANS ROUES &#8211; NOIR &#8211; 1 REGLEMENT &#8211; AVEC REPOSE-PIEDS"},"content":{"rendered":"<p>Sp\u00e9cialement con\u00e7us pour le laboratoire. Confortables, ergonomiques et d&rsquo;entretien ais\u00e9. Permet un r\u00e9glageen hauteur de l&rsquo;assise.<br \/>\nCe r\u00e9glage permet de trouver facilement la position de travail id\u00e9ale quelle que soit la taille et la constitution physique du proth\u00e9siste.<\/p>\n<p>Le si\u00e8ge est fabriqu\u00e9 en mousse de polyur\u00e9thane noir .Ce mat\u00e9riau permet de concilier le confort et la position de travail id\u00e9ale. Lavable et tr\u00e8s r\u00e9sistant \u00e0 l&rsquo;usure.<\/p>\n<p><span style=\"text-decoration: underline;\"><strong>DIMENSIONS<\/strong><\/span><\/p>\n<p>Hauteur d&rsquo;assise maximale\u00a0: 660 mm<br \/>\nHauteur d&rsquo;assise minimale\u00a0: 460 mm<br \/>\nProfondeur d&rsquo;assise\u00a0: 450 mm<br \/>\nLargeur d&rsquo;assise\u00a0: 460 mm<br \/>\nPoids\u00a0: 9 kg<\/p>\n","protected":false},"excerpt":{"rendered":"<p>Sp\u00e9cialement con\u00e7us pour le laboratoire. Confortables, ergonomiques et d&rsquo;entretien ais\u00e9. Permet un r\u00e9glageen hauteur de l&rsquo;assise. Ce r\u00e9glage permet de trouver facilement la position de travail id\u00e9ale quelle que soit la taille et la constitution physique du proth\u00e9siste. Le si\u00e8ge est fabriqu\u00e9 en mousse de polyur\u00e9thane noir .Ce mat\u00e9riau permet de concilier le confort et [&hellip;]<\/p>\n","protected":false},"featured_media":9823,"template":"","meta":{"_acf_changed":false,"_monsterinsights_skip_tracking":false,"_monsterinsights_sitenote_active":false,"_monsterinsights_sitenote_note":"","_monsterinsights_sitenote_category":0},"product_brand":[],"product_cat":[1318],"product_tag":[],"class_list":{"0":"post-12519","1":"product","2":"type-product","3":"status-publish","4":"has-post-thumbnail","6":"product_cat-chaises","8":"first","9":"instock","10":"product-type-simple"},"acf":[],"yoast_head":"<!-- This site is optimized with the Yoast SEO plugin v27.2 - https:\/\/yoast.com\/product\/yoast-seo-wordpress\/ -->\n<title>Chaise noire sans roulettes et avec repose-pieds | MESTRA<\/title>\n<meta name=\"description\" content=\"Chez MESTRA nous avons chaise noire sans roulettes et avec repose-pieds.. Consultez notre catalogue de mat\u00e9riel dentaire et passez votre commande d\u00e8s maintenant.\" \/>\n<meta name=\"robots\" content=\"index, follow, max-snippet:-1, max-image-preview:large, max-video-preview:-1\" \/>\n<link rel=\"canonical\" href=\"https:\/\/mestra.es\/fr\/producto\/silla-para-puesto-de-trabajo-sin-ruedas-con-apoyapies-negra\/\" \/>\n<meta property=\"og:locale\" content=\"fr_FR\" \/>\n<meta property=\"og:type\" content=\"article\" \/>\n<meta property=\"og:title\" content=\"Chaise noire sans roulettes et avec repose-pieds | MESTRA\" \/>\n<meta property=\"og:description\" content=\"Chez MESTRA nous avons chaise noire sans roulettes et avec repose-pieds.. Consultez notre catalogue de mat\u00e9riel dentaire et passez votre commande d\u00e8s maintenant.\" \/>\n<meta property=\"og:url\" content=\"https:\/\/mestra.es\/fr\/producto\/silla-para-puesto-de-trabajo-sin-ruedas-con-apoyapies-negra\/\" \/>\n<meta property=\"og:site_name\" content=\"Talleres Mestra\" \/>\n<meta property=\"article:modified_time\" content=\"2026-03-11T14:47:50+00:00\" \/>\n<meta property=\"og:image\" content=\"https:\/\/mestra.es\/wp-content\/uploads\/2024\/05\/100297.jpg\" \/>\n\t<meta property=\"og:image:width\" content=\"600\" \/>\n\t<meta property=\"og:image:height\" content=\"600\" \/>\n\t<meta property=\"og:image:type\" content=\"image\/jpeg\" \/>\n<meta name=\"twitter:card\" content=\"summary_large_image\" \/>\n<meta name=\"twitter:label1\" content=\"Prix\" \/>\n\t<meta name=\"twitter:data1\" content=\"\" \/>\n\t<meta name=\"twitter:label2\" content=\"Disponibilit\u00e9\" \/>\n\t<meta name=\"twitter:data2\" content=\"En stock\" \/>\n<script type=\"application\/ld+json\" class=\"yoast-schema-graph\">{\"@context\":\"https:\/\/schema.org\",\"@graph\":[{\"@type\":\"WebPage\",\"@id\":\"https:\/\/mestra.es\/fr\/producto\/silla-para-puesto-de-trabajo-sin-ruedas-con-apoyapies-negra\/\",\"url\":\"https:\/\/mestra.es\/fr\/producto\/silla-para-puesto-de-trabajo-sin-ruedas-con-apoyapies-negra\/\",\"name\":\"Chaise noire sans roulettes et avec repose-pieds | MESTRA\",\"isPartOf\":{\"@id\":\"https:\/\/mestra.es\/fr\/#website\"},\"primaryImageOfPage\":{\"@id\":\"https:\/\/mestra.es\/fr\/producto\/silla-para-puesto-de-trabajo-sin-ruedas-con-apoyapies-negra\/#primaryimage\"},\"image\":{\"@id\":\"https:\/\/mestra.es\/fr\/producto\/silla-para-puesto-de-trabajo-sin-ruedas-con-apoyapies-negra\/#primaryimage\"},\"thumbnailUrl\":\"https:\/\/mestra.es\/wp-content\/uploads\/2024\/05\/100297.jpg\",\"datePublished\":\"2024-03-11T12:37:30+00:00\",\"dateModified\":\"2026-03-11T14:47:50+00:00\",\"description\":\"Chez MESTRA nous avons chaise noire sans roulettes et avec repose-pieds.. Consultez notre catalogue de mat\u00e9riel dentaire et passez votre commande d\u00e8s maintenant.\",\"breadcrumb\":{\"@id\":\"https:\/\/mestra.es\/fr\/producto\/silla-para-puesto-de-trabajo-sin-ruedas-con-apoyapies-negra\/#breadcrumb\"},\"inLanguage\":\"fr-FR\",\"potentialAction\":[{\"@type\":\"ReadAction\",\"target\":[\"https:\/\/mestra.es\/fr\/producto\/silla-para-puesto-de-trabajo-sin-ruedas-con-apoyapies-negra\/\"]}]},{\"@type\":\"ImageObject\",\"inLanguage\":\"fr-FR\",\"@id\":\"https:\/\/mestra.es\/fr\/producto\/silla-para-puesto-de-trabajo-sin-ruedas-con-apoyapies-negra\/#primaryimage\",\"url\":\"https:\/\/mestra.es\/wp-content\/uploads\/2024\/05\/100297.jpg\",\"contentUrl\":\"https:\/\/mestra.es\/wp-content\/uploads\/2024\/05\/100297.jpg\",\"width\":600,\"height\":600,\"caption\":\"silla para puesto de trabajo sin ruedas con apoyapi\u00e9s\"},{\"@type\":\"BreadcrumbList\",\"@id\":\"https:\/\/mestra.es\/fr\/producto\/silla-para-puesto-de-trabajo-sin-ruedas-con-apoyapies-negra\/#breadcrumb\",\"itemListElement\":[{\"@type\":\"ListItem\",\"position\":1,\"name\":\"Portada\",\"item\":\"https:\/\/mestra.es\/fr\/\"},{\"@type\":\"ListItem\",\"position\":2,\"name\":\"Boutique\",\"item\":\"https:\/\/mestra.es\/fr\/boutique\/\"},{\"@type\":\"ListItem\",\"position\":3,\"name\":\"SIEGE ERGONOMIQUE &#8211; SANS ROUES &#8211; NOIR &#8211; 1 REGLEMENT &#8211; AVEC REPOSE-PIEDS\"}]},{\"@type\":\"WebSite\",\"@id\":\"https:\/\/mestra.es\/fr\/#website\",\"url\":\"https:\/\/mestra.es\/fr\/\",\"name\":\"Talleres Mestra\",\"description\":\"\",\"publisher\":{\"@id\":\"https:\/\/mestra.es\/fr\/#organization\"},\"potentialAction\":[{\"@type\":\"SearchAction\",\"target\":{\"@type\":\"EntryPoint\",\"urlTemplate\":\"https:\/\/mestra.es\/fr\/?s={search_term_string}\"},\"query-input\":{\"@type\":\"PropertyValueSpecification\",\"valueRequired\":true,\"valueName\":\"search_term_string\"}}],\"inLanguage\":\"fr-FR\"},{\"@type\":\"Organization\",\"@id\":\"https:\/\/mestra.es\/fr\/#organization\",\"name\":\"Talleres Mestra\",\"url\":\"https:\/\/mestra.es\/fr\/\",\"logo\":{\"@type\":\"ImageObject\",\"inLanguage\":\"fr-FR\",\"@id\":\"https:\/\/mestra.es\/fr\/#\/schema\/logo\/image\/\",\"url\":\"https:\/\/mestra.es\/wp-content\/uploads\/2024\/05\/logo_mestra.png\",\"contentUrl\":\"https:\/\/mestra.es\/wp-content\/uploads\/2024\/05\/logo_mestra.png\",\"width\":300,\"height\":170,\"caption\":\"Talleres Mestra\"},\"image\":{\"@id\":\"https:\/\/mestra.es\/fr\/#\/schema\/logo\/image\/\"}}]}<\/script>\n<meta property=\"product:price:currency\" content=\"EUR\" \/>\n<meta property=\"og:availability\" content=\"instock\" \/>\n<meta property=\"product:availability\" content=\"instock\" \/>\n<meta property=\"product:retailer_item_id\" content=\"100297\" \/>\n<meta property=\"product:condition\" content=\"new\" \/>\n<!-- \/ Yoast SEO plugin. -->","yoast_head_json":{"title":"Chaise noire sans roulettes et avec repose-pieds | MESTRA","description":"Chez MESTRA nous avons chaise noire sans roulettes et avec repose-pieds.. Consultez notre catalogue de mat\u00e9riel dentaire et passez votre commande d\u00e8s maintenant.","robots":{"index":"index","follow":"follow","max-snippet":"max-snippet:-1","max-image-preview":"max-image-preview:large","max-video-preview":"max-video-preview:-1"},"canonical":"https:\/\/mestra.es\/fr\/producto\/silla-para-puesto-de-trabajo-sin-ruedas-con-apoyapies-negra\/","og_locale":"fr_FR","og_type":"article","og_title":"Chaise noire sans roulettes et avec repose-pieds | MESTRA","og_description":"Chez MESTRA nous avons chaise noire sans roulettes et avec repose-pieds.. Consultez notre catalogue de mat\u00e9riel dentaire et passez votre commande d\u00e8s maintenant.","og_url":"https:\/\/mestra.es\/fr\/producto\/silla-para-puesto-de-trabajo-sin-ruedas-con-apoyapies-negra\/","og_site_name":"Talleres Mestra","article_modified_time":"2026-03-11T14:47:50+00:00","og_image":[{"width":600,"height":600,"url":"https:\/\/mestra.es\/wp-content\/uploads\/2024\/05\/100297.jpg","type":"image\/jpeg"}],"twitter_card":"summary_large_image","twitter_misc":{"Prix":"","Disponibilit\u00e9":"En stock"},"schema":{"@context":"https:\/\/schema.org","@graph":[{"@type":"WebPage","@id":"https:\/\/mestra.es\/fr\/producto\/silla-para-puesto-de-trabajo-sin-ruedas-con-apoyapies-negra\/","url":"https:\/\/mestra.es\/fr\/producto\/silla-para-puesto-de-trabajo-sin-ruedas-con-apoyapies-negra\/","name":"Chaise noire sans roulettes et avec repose-pieds | MESTRA","isPartOf":{"@id":"https:\/\/mestra.es\/fr\/#website"},"primaryImageOfPage":{"@id":"https:\/\/mestra.es\/fr\/producto\/silla-para-puesto-de-trabajo-sin-ruedas-con-apoyapies-negra\/#primaryimage"},"image":{"@id":"https:\/\/mestra.es\/fr\/producto\/silla-para-puesto-de-trabajo-sin-ruedas-con-apoyapies-negra\/#primaryimage"},"thumbnailUrl":"https:\/\/mestra.es\/wp-content\/uploads\/2024\/05\/100297.jpg","datePublished":"2024-03-11T12:37:30+00:00","dateModified":"2026-03-11T14:47:50+00:00","description":"Chez MESTRA nous avons chaise noire sans roulettes et avec repose-pieds.. Consultez notre catalogue de mat\u00e9riel dentaire et passez votre commande d\u00e8s maintenant.","breadcrumb":{"@id":"https:\/\/mestra.es\/fr\/producto\/silla-para-puesto-de-trabajo-sin-ruedas-con-apoyapies-negra\/#breadcrumb"},"inLanguage":"fr-FR","potentialAction":[{"@type":"ReadAction","target":["https:\/\/mestra.es\/fr\/producto\/silla-para-puesto-de-trabajo-sin-ruedas-con-apoyapies-negra\/"]}]},{"@type":"ImageObject","inLanguage":"fr-FR","@id":"https:\/\/mestra.es\/fr\/producto\/silla-para-puesto-de-trabajo-sin-ruedas-con-apoyapies-negra\/#primaryimage","url":"https:\/\/mestra.es\/wp-content\/uploads\/2024\/05\/100297.jpg","contentUrl":"https:\/\/mestra.es\/wp-content\/uploads\/2024\/05\/100297.jpg","width":600,"height":600,"caption":"silla para puesto de trabajo sin ruedas con apoyapi\u00e9s"},{"@type":"BreadcrumbList","@id":"https:\/\/mestra.es\/fr\/producto\/silla-para-puesto-de-trabajo-sin-ruedas-con-apoyapies-negra\/#breadcrumb","itemListElement":[{"@type":"ListItem","position":1,"name":"Portada","item":"https:\/\/mestra.es\/fr\/"},{"@type":"ListItem","position":2,"name":"Boutique","item":"https:\/\/mestra.es\/fr\/boutique\/"},{"@type":"ListItem","position":3,"name":"SIEGE ERGONOMIQUE &#8211; SANS ROUES &#8211; NOIR &#8211; 1 REGLEMENT &#8211; AVEC REPOSE-PIEDS"}]},{"@type":"WebSite","@id":"https:\/\/mestra.es\/fr\/#website","url":"https:\/\/mestra.es\/fr\/","name":"Talleres Mestra","description":"","publisher":{"@id":"https:\/\/mestra.es\/fr\/#organization"},"potentialAction":[{"@type":"SearchAction","target":{"@type":"EntryPoint","urlTemplate":"https:\/\/mestra.es\/fr\/?s={search_term_string}"},"query-input":{"@type":"PropertyValueSpecification","valueRequired":true,"valueName":"search_term_string"}}],"inLanguage":"fr-FR"},{"@type":"Organization","@id":"https:\/\/mestra.es\/fr\/#organization","name":"Talleres Mestra","url":"https:\/\/mestra.es\/fr\/","logo":{"@type":"ImageObject","inLanguage":"fr-FR","@id":"https:\/\/mestra.es\/fr\/#\/schema\/logo\/image\/","url":"https:\/\/mestra.es\/wp-content\/uploads\/2024\/05\/logo_mestra.png","contentUrl":"https:\/\/mestra.es\/wp-content\/uploads\/2024\/05\/logo_mestra.png","width":300,"height":170,"caption":"Talleres Mestra"},"image":{"@id":"https:\/\/mestra.es\/fr\/#\/schema\/logo\/image\/"}}]},"product_price_currency":"EUR","og_availability":"instock","product_availability":"instock","product_retailer_item_id":"100297","product_condition":"new"},"_links":{"self":[{"href":"https:\/\/mestra.es\/fr\/wp-json\/wp\/v2\/product\/12519","targetHints":{"allow":["GET"]}}],"collection":[{"href":"https:\/\/mestra.es\/fr\/wp-json\/wp\/v2\/product"}],"about":[{"href":"https:\/\/mestra.es\/fr\/wp-json\/wp\/v2\/types\/product"}],"wp:featuredmedia":[{"embeddable":true,"href":"https:\/\/mestra.es\/fr\/wp-json\/wp\/v2\/media\/9823"}],"wp:attachment":[{"href":"https:\/\/mestra.es\/fr\/wp-json\/wp\/v2\/media?parent=12519"}],"wp:term":[{"taxonomy":"product_brand","embeddable":true,"href":"https:\/\/mestra.es\/fr\/wp-json\/wp\/v2\/product_brand?post=12519"},{"taxonomy":"product_cat","embeddable":true,"href":"https:\/\/mestra.es\/fr\/wp-json\/wp\/v2\/product_cat?post=12519"},{"taxonomy":"product_tag","embeddable":true,"href":"https:\/\/mestra.es\/fr\/wp-json\/wp\/v2\/product_tag?post=12519"}],"curies":[{"name":"wp","href":"https:\/\/api.w.org\/{rel}","templated":true}]}}