{"id":12515,"date":"2024-03-11T13:37:31","date_gmt":"2024-03-11T12:37:31","guid":{"rendered":"https:\/\/mestra.es\/producto\/silla-para-puesto-de-trabajo-con-ruedas-respaldo-regulable-negra\/"},"modified":"2026-03-11T15:55:02","modified_gmt":"2026-03-11T14:55:02","slug":"silla-para-puesto-de-trabajo-con-ruedas-respaldo-regulable-negra","status":"publish","type":"product","link":"https:\/\/mestra.es\/fr\/producto\/silla-para-puesto-de-trabajo-con-ruedas-respaldo-regulable-negra\/","title":{"rendered":"SIEGE ERGONOMIQUE &#8211; AVEC ROUES &#8211; NOIR &#8211; 3 REGLEMENT"},"content":{"rendered":"<p>Sp\u00e9cialement con\u00e7us pour le laboratoire. Confortables, ergonomiques et d&rsquo;entretien ais\u00e9. Permet un r\u00e9glageen hauteur de l&rsquo;assise.<br \/>\nCe r\u00e9glage permet de trouver facilement la position de travail id\u00e9ale quelle que soit la taille et la constitution physique du proth\u00e9siste.<\/p>\n<p>Le si\u00e8ge est fabriqu\u00e9 en mousse de polyur\u00e9thane noir .Ce mat\u00e9riau permet de concilier le confort et la position de travail id\u00e9ale. Lavable et tr\u00e8s r\u00e9sistant \u00e0 l&rsquo;usure.<\/p>\n<p>Roues avec freins de s\u00e9curit\u00e9 (EN 1335)<\/p>\n<p><strong><span style=\"text-decoration: underline;\">DIMENSIONS<\/span><\/strong><\/p>\n<p>Hauteur maximale\u00a0: 555 mm<br \/>\nHauteur minimale\u00a0: 420 mm<br \/>\nProfondeur\u00a0: 450 mm<br \/>\nLargeur\u00a0: 460 mm<br \/>\nPoids\u00a0: 10,3 kg<\/p>\n","protected":false},"excerpt":{"rendered":"<p>Sp\u00e9cialement con\u00e7us pour le laboratoire. Confortables, ergonomiques et d&rsquo;entretien ais\u00e9. Permet un r\u00e9glageen hauteur de l&rsquo;assise. Ce r\u00e9glage permet de trouver facilement la position de travail id\u00e9ale quelle que soit la taille et la constitution physique du proth\u00e9siste. Le si\u00e8ge est fabriqu\u00e9 en mousse de polyur\u00e9thane noir .Ce mat\u00e9riau permet de concilier le confort et [&hellip;]<\/p>\n","protected":false},"featured_media":8323,"template":"","meta":{"_acf_changed":false,"_monsterinsights_skip_tracking":false,"_monsterinsights_sitenote_active":false,"_monsterinsights_sitenote_note":"","_monsterinsights_sitenote_category":0},"product_brand":[],"product_cat":[1318],"product_tag":[],"class_list":{"0":"post-12515","1":"product","2":"type-product","3":"status-publish","4":"has-post-thumbnail","6":"product_cat-chaises","8":"first","9":"instock","10":"product-type-simple"},"acf":[],"yoast_head":"<!-- This site is optimized with the Yoast SEO plugin v27.2 - https:\/\/yoast.com\/product\/yoast-seo-wordpress\/ -->\n<title>SIEGE ERGONOMIQUE AVEC ROUES 3 REGLEMENT | MESTRA<\/title>\n<meta name=\"description\" content=\"Chez MESTRA nous avons siege ergonomique avec roues 3 reglement. Consultez notre catalogue de mat\u00e9riel dentaire et passez votre commande d\u00e8s maintenant.\" \/>\n<meta name=\"robots\" content=\"index, follow, max-snippet:-1, max-image-preview:large, max-video-preview:-1\" \/>\n<link rel=\"canonical\" href=\"https:\/\/mestra.es\/fr\/producto\/silla-para-puesto-de-trabajo-con-ruedas-respaldo-regulable-negra\/\" \/>\n<meta property=\"og:locale\" content=\"fr_FR\" \/>\n<meta property=\"og:type\" content=\"article\" \/>\n<meta property=\"og:title\" content=\"SIEGE ERGONOMIQUE AVEC ROUES 3 REGLEMENT | MESTRA\" \/>\n<meta property=\"og:description\" content=\"Chez MESTRA nous avons siege ergonomique avec roues 3 reglement. Consultez notre catalogue de mat\u00e9riel dentaire et passez votre commande d\u00e8s maintenant.\" \/>\n<meta property=\"og:url\" content=\"https:\/\/mestra.es\/fr\/producto\/silla-para-puesto-de-trabajo-con-ruedas-respaldo-regulable-negra\/\" \/>\n<meta property=\"og:site_name\" content=\"Talleres Mestra\" \/>\n<meta property=\"article:modified_time\" content=\"2026-03-11T14:55:02+00:00\" \/>\n<meta property=\"og:image\" content=\"https:\/\/mestra.es\/wp-content\/uploads\/2024\/03\/100299.jpg\" \/>\n\t<meta property=\"og:image:width\" content=\"600\" \/>\n\t<meta property=\"og:image:height\" content=\"600\" \/>\n\t<meta property=\"og:image:type\" content=\"image\/jpeg\" \/>\n<meta name=\"twitter:card\" content=\"summary_large_image\" \/>\n<meta name=\"twitter:label1\" content=\"Prix\" \/>\n\t<meta name=\"twitter:data1\" content=\"\" \/>\n\t<meta name=\"twitter:label2\" content=\"Disponibilit\u00e9\" \/>\n\t<meta name=\"twitter:data2\" content=\"En stock\" \/>\n<script type=\"application\/ld+json\" class=\"yoast-schema-graph\">{\"@context\":\"https:\/\/schema.org\",\"@graph\":[{\"@type\":\"WebPage\",\"@id\":\"https:\/\/mestra.es\/fr\/producto\/silla-para-puesto-de-trabajo-con-ruedas-respaldo-regulable-negra\/\",\"url\":\"https:\/\/mestra.es\/fr\/producto\/silla-para-puesto-de-trabajo-con-ruedas-respaldo-regulable-negra\/\",\"name\":\"SIEGE ERGONOMIQUE AVEC ROUES 3 REGLEMENT | MESTRA\",\"isPartOf\":{\"@id\":\"https:\/\/mestra.es\/fr\/#website\"},\"primaryImageOfPage\":{\"@id\":\"https:\/\/mestra.es\/fr\/producto\/silla-para-puesto-de-trabajo-con-ruedas-respaldo-regulable-negra\/#primaryimage\"},\"image\":{\"@id\":\"https:\/\/mestra.es\/fr\/producto\/silla-para-puesto-de-trabajo-con-ruedas-respaldo-regulable-negra\/#primaryimage\"},\"thumbnailUrl\":\"https:\/\/mestra.es\/wp-content\/uploads\/2024\/03\/100299.jpg\",\"datePublished\":\"2024-03-11T12:37:31+00:00\",\"dateModified\":\"2026-03-11T14:55:02+00:00\",\"description\":\"Chez MESTRA nous avons siege ergonomique avec roues 3 reglement. Consultez notre catalogue de mat\u00e9riel dentaire et passez votre commande d\u00e8s maintenant.\",\"breadcrumb\":{\"@id\":\"https:\/\/mestra.es\/fr\/producto\/silla-para-puesto-de-trabajo-con-ruedas-respaldo-regulable-negra\/#breadcrumb\"},\"inLanguage\":\"fr-FR\",\"potentialAction\":[{\"@type\":\"ReadAction\",\"target\":[\"https:\/\/mestra.es\/fr\/producto\/silla-para-puesto-de-trabajo-con-ruedas-respaldo-regulable-negra\/\"]}]},{\"@type\":\"ImageObject\",\"inLanguage\":\"fr-FR\",\"@id\":\"https:\/\/mestra.es\/fr\/producto\/silla-para-puesto-de-trabajo-con-ruedas-respaldo-regulable-negra\/#primaryimage\",\"url\":\"https:\/\/mestra.es\/wp-content\/uploads\/2024\/03\/100299.jpg\",\"contentUrl\":\"https:\/\/mestra.es\/wp-content\/uploads\/2024\/03\/100299.jpg\",\"width\":600,\"height\":600,\"caption\":\"silla para puesto de trabajo con ruedas con 3 regulaciones\"},{\"@type\":\"BreadcrumbList\",\"@id\":\"https:\/\/mestra.es\/fr\/producto\/silla-para-puesto-de-trabajo-con-ruedas-respaldo-regulable-negra\/#breadcrumb\",\"itemListElement\":[{\"@type\":\"ListItem\",\"position\":1,\"name\":\"Portada\",\"item\":\"https:\/\/mestra.es\/fr\/\"},{\"@type\":\"ListItem\",\"position\":2,\"name\":\"Boutique\",\"item\":\"https:\/\/mestra.es\/fr\/boutique\/\"},{\"@type\":\"ListItem\",\"position\":3,\"name\":\"SIEGE ERGONOMIQUE &#8211; AVEC ROUES &#8211; NOIR &#8211; 3 REGLEMENT\"}]},{\"@type\":\"WebSite\",\"@id\":\"https:\/\/mestra.es\/fr\/#website\",\"url\":\"https:\/\/mestra.es\/fr\/\",\"name\":\"Talleres Mestra\",\"description\":\"\",\"publisher\":{\"@id\":\"https:\/\/mestra.es\/fr\/#organization\"},\"potentialAction\":[{\"@type\":\"SearchAction\",\"target\":{\"@type\":\"EntryPoint\",\"urlTemplate\":\"https:\/\/mestra.es\/fr\/?s={search_term_string}\"},\"query-input\":{\"@type\":\"PropertyValueSpecification\",\"valueRequired\":true,\"valueName\":\"search_term_string\"}}],\"inLanguage\":\"fr-FR\"},{\"@type\":\"Organization\",\"@id\":\"https:\/\/mestra.es\/fr\/#organization\",\"name\":\"Talleres Mestra\",\"url\":\"https:\/\/mestra.es\/fr\/\",\"logo\":{\"@type\":\"ImageObject\",\"inLanguage\":\"fr-FR\",\"@id\":\"https:\/\/mestra.es\/fr\/#\/schema\/logo\/image\/\",\"url\":\"https:\/\/mestra.es\/wp-content\/uploads\/2024\/05\/logo_mestra.png\",\"contentUrl\":\"https:\/\/mestra.es\/wp-content\/uploads\/2024\/05\/logo_mestra.png\",\"width\":300,\"height\":170,\"caption\":\"Talleres Mestra\"},\"image\":{\"@id\":\"https:\/\/mestra.es\/fr\/#\/schema\/logo\/image\/\"}}]}<\/script>\n<meta property=\"product:price:currency\" content=\"EUR\" \/>\n<meta property=\"og:availability\" content=\"instock\" \/>\n<meta property=\"product:availability\" content=\"instock\" \/>\n<meta property=\"product:retailer_item_id\" content=\"100299\" \/>\n<meta property=\"product:condition\" content=\"new\" \/>\n<!-- \/ Yoast SEO plugin. -->","yoast_head_json":{"title":"SIEGE ERGONOMIQUE AVEC ROUES 3 REGLEMENT | MESTRA","description":"Chez MESTRA nous avons siege ergonomique avec roues 3 reglement. Consultez notre catalogue de mat\u00e9riel dentaire et passez votre commande d\u00e8s maintenant.","robots":{"index":"index","follow":"follow","max-snippet":"max-snippet:-1","max-image-preview":"max-image-preview:large","max-video-preview":"max-video-preview:-1"},"canonical":"https:\/\/mestra.es\/fr\/producto\/silla-para-puesto-de-trabajo-con-ruedas-respaldo-regulable-negra\/","og_locale":"fr_FR","og_type":"article","og_title":"SIEGE ERGONOMIQUE AVEC ROUES 3 REGLEMENT | MESTRA","og_description":"Chez MESTRA nous avons siege ergonomique avec roues 3 reglement. Consultez notre catalogue de mat\u00e9riel dentaire et passez votre commande d\u00e8s maintenant.","og_url":"https:\/\/mestra.es\/fr\/producto\/silla-para-puesto-de-trabajo-con-ruedas-respaldo-regulable-negra\/","og_site_name":"Talleres Mestra","article_modified_time":"2026-03-11T14:55:02+00:00","og_image":[{"width":600,"height":600,"url":"https:\/\/mestra.es\/wp-content\/uploads\/2024\/03\/100299.jpg","type":"image\/jpeg"}],"twitter_card":"summary_large_image","twitter_misc":{"Prix":"","Disponibilit\u00e9":"En stock"},"schema":{"@context":"https:\/\/schema.org","@graph":[{"@type":"WebPage","@id":"https:\/\/mestra.es\/fr\/producto\/silla-para-puesto-de-trabajo-con-ruedas-respaldo-regulable-negra\/","url":"https:\/\/mestra.es\/fr\/producto\/silla-para-puesto-de-trabajo-con-ruedas-respaldo-regulable-negra\/","name":"SIEGE ERGONOMIQUE AVEC ROUES 3 REGLEMENT | MESTRA","isPartOf":{"@id":"https:\/\/mestra.es\/fr\/#website"},"primaryImageOfPage":{"@id":"https:\/\/mestra.es\/fr\/producto\/silla-para-puesto-de-trabajo-con-ruedas-respaldo-regulable-negra\/#primaryimage"},"image":{"@id":"https:\/\/mestra.es\/fr\/producto\/silla-para-puesto-de-trabajo-con-ruedas-respaldo-regulable-negra\/#primaryimage"},"thumbnailUrl":"https:\/\/mestra.es\/wp-content\/uploads\/2024\/03\/100299.jpg","datePublished":"2024-03-11T12:37:31+00:00","dateModified":"2026-03-11T14:55:02+00:00","description":"Chez MESTRA nous avons siege ergonomique avec roues 3 reglement. Consultez notre catalogue de mat\u00e9riel dentaire et passez votre commande d\u00e8s maintenant.","breadcrumb":{"@id":"https:\/\/mestra.es\/fr\/producto\/silla-para-puesto-de-trabajo-con-ruedas-respaldo-regulable-negra\/#breadcrumb"},"inLanguage":"fr-FR","potentialAction":[{"@type":"ReadAction","target":["https:\/\/mestra.es\/fr\/producto\/silla-para-puesto-de-trabajo-con-ruedas-respaldo-regulable-negra\/"]}]},{"@type":"ImageObject","inLanguage":"fr-FR","@id":"https:\/\/mestra.es\/fr\/producto\/silla-para-puesto-de-trabajo-con-ruedas-respaldo-regulable-negra\/#primaryimage","url":"https:\/\/mestra.es\/wp-content\/uploads\/2024\/03\/100299.jpg","contentUrl":"https:\/\/mestra.es\/wp-content\/uploads\/2024\/03\/100299.jpg","width":600,"height":600,"caption":"silla para puesto de trabajo con ruedas con 3 regulaciones"},{"@type":"BreadcrumbList","@id":"https:\/\/mestra.es\/fr\/producto\/silla-para-puesto-de-trabajo-con-ruedas-respaldo-regulable-negra\/#breadcrumb","itemListElement":[{"@type":"ListItem","position":1,"name":"Portada","item":"https:\/\/mestra.es\/fr\/"},{"@type":"ListItem","position":2,"name":"Boutique","item":"https:\/\/mestra.es\/fr\/boutique\/"},{"@type":"ListItem","position":3,"name":"SIEGE ERGONOMIQUE &#8211; AVEC ROUES &#8211; NOIR &#8211; 3 REGLEMENT"}]},{"@type":"WebSite","@id":"https:\/\/mestra.es\/fr\/#website","url":"https:\/\/mestra.es\/fr\/","name":"Talleres Mestra","description":"","publisher":{"@id":"https:\/\/mestra.es\/fr\/#organization"},"potentialAction":[{"@type":"SearchAction","target":{"@type":"EntryPoint","urlTemplate":"https:\/\/mestra.es\/fr\/?s={search_term_string}"},"query-input":{"@type":"PropertyValueSpecification","valueRequired":true,"valueName":"search_term_string"}}],"inLanguage":"fr-FR"},{"@type":"Organization","@id":"https:\/\/mestra.es\/fr\/#organization","name":"Talleres Mestra","url":"https:\/\/mestra.es\/fr\/","logo":{"@type":"ImageObject","inLanguage":"fr-FR","@id":"https:\/\/mestra.es\/fr\/#\/schema\/logo\/image\/","url":"https:\/\/mestra.es\/wp-content\/uploads\/2024\/05\/logo_mestra.png","contentUrl":"https:\/\/mestra.es\/wp-content\/uploads\/2024\/05\/logo_mestra.png","width":300,"height":170,"caption":"Talleres Mestra"},"image":{"@id":"https:\/\/mestra.es\/fr\/#\/schema\/logo\/image\/"}}]},"product_price_currency":"EUR","og_availability":"instock","product_availability":"instock","product_retailer_item_id":"100299","product_condition":"new"},"_links":{"self":[{"href":"https:\/\/mestra.es\/fr\/wp-json\/wp\/v2\/product\/12515","targetHints":{"allow":["GET"]}}],"collection":[{"href":"https:\/\/mestra.es\/fr\/wp-json\/wp\/v2\/product"}],"about":[{"href":"https:\/\/mestra.es\/fr\/wp-json\/wp\/v2\/types\/product"}],"wp:featuredmedia":[{"embeddable":true,"href":"https:\/\/mestra.es\/fr\/wp-json\/wp\/v2\/media\/8323"}],"wp:attachment":[{"href":"https:\/\/mestra.es\/fr\/wp-json\/wp\/v2\/media?parent=12515"}],"wp:term":[{"taxonomy":"product_brand","embeddable":true,"href":"https:\/\/mestra.es\/fr\/wp-json\/wp\/v2\/product_brand?post=12515"},{"taxonomy":"product_cat","embeddable":true,"href":"https:\/\/mestra.es\/fr\/wp-json\/wp\/v2\/product_cat?post=12515"},{"taxonomy":"product_tag","embeddable":true,"href":"https:\/\/mestra.es\/fr\/wp-json\/wp\/v2\/product_tag?post=12515"}],"curies":[{"name":"wp","href":"https:\/\/api.w.org\/{rel}","templated":true}]}}