{"id":12493,"date":"2024-03-11T13:37:37","date_gmt":"2024-03-11T12:37:37","guid":{"rendered":"https:\/\/mestra.es\/producto\/lupa-cabeza-iluminada-tipo-i-luz-frontal\/"},"modified":"2025-03-21T13:12:47","modified_gmt":"2025-03-21T12:12:47","slug":"lupa-cabeza-iluminada-tipo-i-luz-frontal","status":"publish","type":"product","link":"https:\/\/mestra.es\/fr\/producto\/lupa-cabeza-iluminada-tipo-i-luz-frontal\/","title":{"rendered":"LOUPE FRONTALE AVEC LUMIERE TYPE I"},"content":{"rendered":"<p>Son syst\u00e8me de fixation ajustable \u00e0 la t\u00eate permet d\u0092avoir les mains libres pour travailler.<\/p>\n<p>Elle est fournie avec des verres tr\u00e8s transparents \u00e0 faible absorption de la lumi\u00e8re.<\/p>\n<p>Con\u00e7ues pour pouvoir \u00eatre port\u00e9e en m\u00eame temps que des lunettes.<\/p>\n<p>Tr\u00e8s confortable gr\u00e2ce \u00e0 sa bande \u00e9lastique ajustable \u00e0 la t\u00eate.<\/p>\n","protected":false},"excerpt":{"rendered":"<p>Son syst\u00e8me de fixation ajustable \u00e0 la t\u00eate permet d\u0092avoir les mains libres pour travailler. Elle est fournie avec des verres tr\u00e8s transparents \u00e0 faible absorption de la lumi\u00e8re. Con\u00e7ues pour pouvoir \u00eatre port\u00e9e en m\u00eame temps que des lunettes. Tr\u00e8s confortable gr\u00e2ce \u00e0 sa bande \u00e9lastique ajustable \u00e0 la t\u00eate.<\/p>\n","protected":false},"featured_media":9831,"template":"","meta":{"_acf_changed":false,"_monsterinsights_skip_tracking":false,"_monsterinsights_sitenote_active":false,"_monsterinsights_sitenote_note":"","_monsterinsights_sitenote_category":0},"product_brand":[],"product_cat":[1321],"product_tag":[],"class_list":{"0":"post-12493","1":"product","2":"type-product","3":"status-publish","4":"has-post-thumbnail","6":"product_cat-loupes-microscopes","8":"first","9":"instock","10":"product-type-simple"},"acf":[],"yoast_head":"<!-- This site is optimized with the Yoast SEO plugin v27.2 - https:\/\/yoast.com\/product\/yoast-seo-wordpress\/ -->\n<title>Lupa de aumento - Eclairage frontal | MESTRA<\/title>\n<meta name=\"description\" content=\"Chez MESTRA, nous avons Lupa de aumento - Eclairage frontal commander en ligne.\" \/>\n<meta name=\"robots\" content=\"index, follow, max-snippet:-1, max-image-preview:large, max-video-preview:-1\" \/>\n<link rel=\"canonical\" href=\"https:\/\/mestra.es\/fr\/producto\/lupa-cabeza-iluminada-tipo-i-luz-frontal\/\" \/>\n<meta property=\"og:locale\" content=\"fr_FR\" \/>\n<meta property=\"og:type\" content=\"article\" \/>\n<meta property=\"og:title\" content=\"Lupa de aumento - Eclairage frontal | MESTRA\" \/>\n<meta property=\"og:description\" content=\"Chez MESTRA, nous avons Lupa de aumento - Eclairage frontal commander en ligne.\" \/>\n<meta property=\"og:url\" content=\"https:\/\/mestra.es\/fr\/producto\/lupa-cabeza-iluminada-tipo-i-luz-frontal\/\" \/>\n<meta property=\"og:site_name\" content=\"Talleres Mestra\" \/>\n<meta property=\"article:modified_time\" content=\"2025-03-21T12:12:47+00:00\" \/>\n<meta property=\"og:image\" content=\"https:\/\/mestra.es\/wp-content\/uploads\/2024\/05\/100079.jpg\" \/>\n\t<meta property=\"og:image:width\" content=\"600\" \/>\n\t<meta property=\"og:image:height\" content=\"600\" \/>\n\t<meta property=\"og:image:type\" content=\"image\/jpeg\" \/>\n<meta name=\"twitter:card\" content=\"summary_large_image\" \/>\n<meta name=\"twitter:label1\" content=\"Prix\" \/>\n\t<meta name=\"twitter:data1\" content=\"\" \/>\n\t<meta name=\"twitter:label2\" content=\"Disponibilit\u00e9\" \/>\n\t<meta name=\"twitter:data2\" content=\"En stock\" \/>\n<script type=\"application\/ld+json\" class=\"yoast-schema-graph\">{\"@context\":\"https:\/\/schema.org\",\"@graph\":[{\"@type\":\"WebPage\",\"@id\":\"https:\/\/mestra.es\/fr\/producto\/lupa-cabeza-iluminada-tipo-i-luz-frontal\/\",\"url\":\"https:\/\/mestra.es\/fr\/producto\/lupa-cabeza-iluminada-tipo-i-luz-frontal\/\",\"name\":\"Lupa de aumento - Eclairage frontal | MESTRA\",\"isPartOf\":{\"@id\":\"https:\/\/mestra.es\/fr\/#website\"},\"primaryImageOfPage\":{\"@id\":\"https:\/\/mestra.es\/fr\/producto\/lupa-cabeza-iluminada-tipo-i-luz-frontal\/#primaryimage\"},\"image\":{\"@id\":\"https:\/\/mestra.es\/fr\/producto\/lupa-cabeza-iluminada-tipo-i-luz-frontal\/#primaryimage\"},\"thumbnailUrl\":\"https:\/\/mestra.es\/wp-content\/uploads\/2024\/05\/100079.jpg\",\"datePublished\":\"2024-03-11T12:37:37+00:00\",\"dateModified\":\"2025-03-21T12:12:47+00:00\",\"description\":\"Chez MESTRA, nous avons Lupa de aumento - Eclairage frontal commander en ligne.\",\"breadcrumb\":{\"@id\":\"https:\/\/mestra.es\/fr\/producto\/lupa-cabeza-iluminada-tipo-i-luz-frontal\/#breadcrumb\"},\"inLanguage\":\"fr-FR\",\"potentialAction\":[{\"@type\":\"ReadAction\",\"target\":[\"https:\/\/mestra.es\/fr\/producto\/lupa-cabeza-iluminada-tipo-i-luz-frontal\/\"]}]},{\"@type\":\"ImageObject\",\"inLanguage\":\"fr-FR\",\"@id\":\"https:\/\/mestra.es\/fr\/producto\/lupa-cabeza-iluminada-tipo-i-luz-frontal\/#primaryimage\",\"url\":\"https:\/\/mestra.es\/wp-content\/uploads\/2024\/05\/100079.jpg\",\"contentUrl\":\"https:\/\/mestra.es\/wp-content\/uploads\/2024\/05\/100079.jpg\",\"width\":600,\"height\":600,\"caption\":\"lupa de aumento con iluminaci\u00f3n frontal\"},{\"@type\":\"BreadcrumbList\",\"@id\":\"https:\/\/mestra.es\/fr\/producto\/lupa-cabeza-iluminada-tipo-i-luz-frontal\/#breadcrumb\",\"itemListElement\":[{\"@type\":\"ListItem\",\"position\":1,\"name\":\"Portada\",\"item\":\"https:\/\/mestra.es\/fr\/\"},{\"@type\":\"ListItem\",\"position\":2,\"name\":\"Boutique\",\"item\":\"https:\/\/mestra.es\/fr\/boutique\/\"},{\"@type\":\"ListItem\",\"position\":3,\"name\":\"LOUPE FRONTALE AVEC LUMIERE TYPE I\"}]},{\"@type\":\"WebSite\",\"@id\":\"https:\/\/mestra.es\/fr\/#website\",\"url\":\"https:\/\/mestra.es\/fr\/\",\"name\":\"Talleres Mestra\",\"description\":\"\",\"publisher\":{\"@id\":\"https:\/\/mestra.es\/fr\/#organization\"},\"potentialAction\":[{\"@type\":\"SearchAction\",\"target\":{\"@type\":\"EntryPoint\",\"urlTemplate\":\"https:\/\/mestra.es\/fr\/?s={search_term_string}\"},\"query-input\":{\"@type\":\"PropertyValueSpecification\",\"valueRequired\":true,\"valueName\":\"search_term_string\"}}],\"inLanguage\":\"fr-FR\"},{\"@type\":\"Organization\",\"@id\":\"https:\/\/mestra.es\/fr\/#organization\",\"name\":\"Talleres Mestra\",\"url\":\"https:\/\/mestra.es\/fr\/\",\"logo\":{\"@type\":\"ImageObject\",\"inLanguage\":\"fr-FR\",\"@id\":\"https:\/\/mestra.es\/fr\/#\/schema\/logo\/image\/\",\"url\":\"https:\/\/mestra.es\/wp-content\/uploads\/2024\/05\/logo_mestra.png\",\"contentUrl\":\"https:\/\/mestra.es\/wp-content\/uploads\/2024\/05\/logo_mestra.png\",\"width\":300,\"height\":170,\"caption\":\"Talleres Mestra\"},\"image\":{\"@id\":\"https:\/\/mestra.es\/fr\/#\/schema\/logo\/image\/\"}}]}<\/script>\n<meta property=\"product:price:currency\" content=\"EUR\" \/>\n<meta property=\"og:availability\" content=\"instock\" \/>\n<meta property=\"product:availability\" content=\"instock\" \/>\n<meta property=\"product:retailer_item_id\" content=\"100079\" \/>\n<meta property=\"product:condition\" content=\"new\" \/>\n<!-- \/ Yoast SEO plugin. -->","yoast_head_json":{"title":"Lupa de aumento - Eclairage frontal | MESTRA","description":"Chez MESTRA, nous avons Lupa de aumento - Eclairage frontal commander en ligne.","robots":{"index":"index","follow":"follow","max-snippet":"max-snippet:-1","max-image-preview":"max-image-preview:large","max-video-preview":"max-video-preview:-1"},"canonical":"https:\/\/mestra.es\/fr\/producto\/lupa-cabeza-iluminada-tipo-i-luz-frontal\/","og_locale":"fr_FR","og_type":"article","og_title":"Lupa de aumento - Eclairage frontal | MESTRA","og_description":"Chez MESTRA, nous avons Lupa de aumento - Eclairage frontal commander en ligne.","og_url":"https:\/\/mestra.es\/fr\/producto\/lupa-cabeza-iluminada-tipo-i-luz-frontal\/","og_site_name":"Talleres Mestra","article_modified_time":"2025-03-21T12:12:47+00:00","og_image":[{"width":600,"height":600,"url":"https:\/\/mestra.es\/wp-content\/uploads\/2024\/05\/100079.jpg","type":"image\/jpeg"}],"twitter_card":"summary_large_image","twitter_misc":{"Prix":"","Disponibilit\u00e9":"En stock"},"schema":{"@context":"https:\/\/schema.org","@graph":[{"@type":"WebPage","@id":"https:\/\/mestra.es\/fr\/producto\/lupa-cabeza-iluminada-tipo-i-luz-frontal\/","url":"https:\/\/mestra.es\/fr\/producto\/lupa-cabeza-iluminada-tipo-i-luz-frontal\/","name":"Lupa de aumento - Eclairage frontal | MESTRA","isPartOf":{"@id":"https:\/\/mestra.es\/fr\/#website"},"primaryImageOfPage":{"@id":"https:\/\/mestra.es\/fr\/producto\/lupa-cabeza-iluminada-tipo-i-luz-frontal\/#primaryimage"},"image":{"@id":"https:\/\/mestra.es\/fr\/producto\/lupa-cabeza-iluminada-tipo-i-luz-frontal\/#primaryimage"},"thumbnailUrl":"https:\/\/mestra.es\/wp-content\/uploads\/2024\/05\/100079.jpg","datePublished":"2024-03-11T12:37:37+00:00","dateModified":"2025-03-21T12:12:47+00:00","description":"Chez MESTRA, nous avons Lupa de aumento - Eclairage frontal commander en ligne.","breadcrumb":{"@id":"https:\/\/mestra.es\/fr\/producto\/lupa-cabeza-iluminada-tipo-i-luz-frontal\/#breadcrumb"},"inLanguage":"fr-FR","potentialAction":[{"@type":"ReadAction","target":["https:\/\/mestra.es\/fr\/producto\/lupa-cabeza-iluminada-tipo-i-luz-frontal\/"]}]},{"@type":"ImageObject","inLanguage":"fr-FR","@id":"https:\/\/mestra.es\/fr\/producto\/lupa-cabeza-iluminada-tipo-i-luz-frontal\/#primaryimage","url":"https:\/\/mestra.es\/wp-content\/uploads\/2024\/05\/100079.jpg","contentUrl":"https:\/\/mestra.es\/wp-content\/uploads\/2024\/05\/100079.jpg","width":600,"height":600,"caption":"lupa de aumento con iluminaci\u00f3n frontal"},{"@type":"BreadcrumbList","@id":"https:\/\/mestra.es\/fr\/producto\/lupa-cabeza-iluminada-tipo-i-luz-frontal\/#breadcrumb","itemListElement":[{"@type":"ListItem","position":1,"name":"Portada","item":"https:\/\/mestra.es\/fr\/"},{"@type":"ListItem","position":2,"name":"Boutique","item":"https:\/\/mestra.es\/fr\/boutique\/"},{"@type":"ListItem","position":3,"name":"LOUPE FRONTALE AVEC LUMIERE TYPE I"}]},{"@type":"WebSite","@id":"https:\/\/mestra.es\/fr\/#website","url":"https:\/\/mestra.es\/fr\/","name":"Talleres Mestra","description":"","publisher":{"@id":"https:\/\/mestra.es\/fr\/#organization"},"potentialAction":[{"@type":"SearchAction","target":{"@type":"EntryPoint","urlTemplate":"https:\/\/mestra.es\/fr\/?s={search_term_string}"},"query-input":{"@type":"PropertyValueSpecification","valueRequired":true,"valueName":"search_term_string"}}],"inLanguage":"fr-FR"},{"@type":"Organization","@id":"https:\/\/mestra.es\/fr\/#organization","name":"Talleres Mestra","url":"https:\/\/mestra.es\/fr\/","logo":{"@type":"ImageObject","inLanguage":"fr-FR","@id":"https:\/\/mestra.es\/fr\/#\/schema\/logo\/image\/","url":"https:\/\/mestra.es\/wp-content\/uploads\/2024\/05\/logo_mestra.png","contentUrl":"https:\/\/mestra.es\/wp-content\/uploads\/2024\/05\/logo_mestra.png","width":300,"height":170,"caption":"Talleres Mestra"},"image":{"@id":"https:\/\/mestra.es\/fr\/#\/schema\/logo\/image\/"}}]},"product_price_currency":"EUR","og_availability":"instock","product_availability":"instock","product_retailer_item_id":"100079","product_condition":"new"},"_links":{"self":[{"href":"https:\/\/mestra.es\/fr\/wp-json\/wp\/v2\/product\/12493","targetHints":{"allow":["GET"]}}],"collection":[{"href":"https:\/\/mestra.es\/fr\/wp-json\/wp\/v2\/product"}],"about":[{"href":"https:\/\/mestra.es\/fr\/wp-json\/wp\/v2\/types\/product"}],"wp:featuredmedia":[{"embeddable":true,"href":"https:\/\/mestra.es\/fr\/wp-json\/wp\/v2\/media\/9831"}],"wp:attachment":[{"href":"https:\/\/mestra.es\/fr\/wp-json\/wp\/v2\/media?parent=12493"}],"wp:term":[{"taxonomy":"product_brand","embeddable":true,"href":"https:\/\/mestra.es\/fr\/wp-json\/wp\/v2\/product_brand?post=12493"},{"taxonomy":"product_cat","embeddable":true,"href":"https:\/\/mestra.es\/fr\/wp-json\/wp\/v2\/product_cat?post=12493"},{"taxonomy":"product_tag","embeddable":true,"href":"https:\/\/mestra.es\/fr\/wp-json\/wp\/v2\/product_tag?post=12493"}],"curies":[{"name":"wp","href":"https:\/\/api.w.org\/{rel}","templated":true}]}}