{"id":12491,"date":"2024-03-11T13:37:37","date_gmt":"2024-03-11T12:37:37","guid":{"rendered":"https:\/\/mestra.es\/producto\/lupa-cabeza-iluminada-tipo-ii-luz-lateral\/"},"modified":"2025-03-21T13:16:54","modified_gmt":"2025-03-21T12:16:54","slug":"lupa-cabeza-iluminada-tipo-ii-luz-lateral","status":"publish","type":"product","link":"https:\/\/mestra.es\/fr\/producto\/lupa-cabeza-iluminada-tipo-ii-luz-lateral\/","title":{"rendered":"LOUPE FRONTALE AVEC LUMIERE TYPE II"},"content":{"rendered":"<ul>\n<li>Son syst\u00e8me de fixation ajustable \u00e0 la t\u00eate permet d\u0092avoir les mains libres pour travailler.<\/li>\n<li>Elle est fournie avec des verres tr\u00e8s transparents \u00e0 faible absorption de la lumi\u00e8re.<\/li>\n<li>Con\u00e7ues pour pouvoir \u00eatre port\u00e9e en m\u00eame temps que des lunettes.<\/li>\n<li>Tr\u00e8s l\u00e9g\u00e8re avec un grossissement de 1.8X et 2.3X.<\/li>\n<li>Gr\u00e2ce \u00e0 une loupe additionnelle escamotable on parvient \u00e0 des grossissements de 3.7X et 4.8X.<\/li>\n<\/ul>\n","protected":false},"excerpt":{"rendered":"<p>Son syst\u00e8me de fixation ajustable \u00e0 la t\u00eate permet d\u0092avoir les mains libres pour travailler. Elle est fournie avec des verres tr\u00e8s transparents \u00e0 faible absorption de la lumi\u00e8re. Con\u00e7ues pour pouvoir \u00eatre port\u00e9e en m\u00eame temps que des lunettes. Tr\u00e8s l\u00e9g\u00e8re avec un grossissement de 1.8X et 2.3X. Gr\u00e2ce \u00e0 une loupe additionnelle escamotable [&hellip;]<\/p>\n","protected":false},"featured_media":9679,"template":"","meta":{"_acf_changed":false,"_monsterinsights_skip_tracking":false,"_monsterinsights_sitenote_active":false,"_monsterinsights_sitenote_note":"","_monsterinsights_sitenote_category":0},"product_brand":[],"product_cat":[1321],"product_tag":[],"class_list":{"0":"post-12491","1":"product","2":"type-product","3":"status-publish","4":"has-post-thumbnail","6":"product_cat-loupes-microscopes","8":"first","9":"instock","10":"product-type-simple"},"acf":[],"yoast_head":"<!-- This site is optimized with the Yoast SEO plugin v27.2 - https:\/\/yoast.com\/product\/yoast-seo-wordpress\/ -->\n<title>Loupe frontale avec lumiere type II | MESTRA<\/title>\n<meta name=\"description\" content=\"Chez MESTRA, nous avons Loupe frontale avec lumiere type II. Consultez notre catalogue de mat\u00e9riel dentaire et passez votre commande d\u00e8s maintenant.\" \/>\n<meta name=\"robots\" content=\"index, follow, max-snippet:-1, max-image-preview:large, max-video-preview:-1\" \/>\n<link rel=\"canonical\" href=\"https:\/\/mestra.es\/fr\/producto\/lupa-cabeza-iluminada-tipo-ii-luz-lateral\/\" \/>\n<meta property=\"og:locale\" content=\"fr_FR\" \/>\n<meta property=\"og:type\" content=\"article\" \/>\n<meta property=\"og:title\" content=\"Loupe frontale avec lumiere type II | MESTRA\" \/>\n<meta property=\"og:description\" content=\"Chez MESTRA, nous avons Loupe frontale avec lumiere type II. Consultez notre catalogue de mat\u00e9riel dentaire et passez votre commande d\u00e8s maintenant.\" \/>\n<meta property=\"og:url\" content=\"https:\/\/mestra.es\/fr\/producto\/lupa-cabeza-iluminada-tipo-ii-luz-lateral\/\" \/>\n<meta property=\"og:site_name\" content=\"Talleres Mestra\" \/>\n<meta property=\"article:modified_time\" content=\"2025-03-21T12:16:54+00:00\" \/>\n<meta property=\"og:image\" content=\"https:\/\/mestra.es\/wp-content\/uploads\/2024\/03\/100080-.jpg\" \/>\n\t<meta property=\"og:image:width\" content=\"600\" \/>\n\t<meta property=\"og:image:height\" content=\"600\" \/>\n\t<meta property=\"og:image:type\" content=\"image\/jpeg\" \/>\n<meta name=\"twitter:card\" content=\"summary_large_image\" \/>\n<meta name=\"twitter:label1\" content=\"Prix\" \/>\n\t<meta name=\"twitter:data1\" content=\"\" \/>\n\t<meta name=\"twitter:label2\" content=\"Disponibilit\u00e9\" \/>\n\t<meta name=\"twitter:data2\" content=\"En stock\" \/>\n<script type=\"application\/ld+json\" class=\"yoast-schema-graph\">{\"@context\":\"https:\/\/schema.org\",\"@graph\":[{\"@type\":\"WebPage\",\"@id\":\"https:\/\/mestra.es\/fr\/producto\/lupa-cabeza-iluminada-tipo-ii-luz-lateral\/\",\"url\":\"https:\/\/mestra.es\/fr\/producto\/lupa-cabeza-iluminada-tipo-ii-luz-lateral\/\",\"name\":\"Loupe frontale avec lumiere type II | MESTRA\",\"isPartOf\":{\"@id\":\"https:\/\/mestra.es\/fr\/#website\"},\"primaryImageOfPage\":{\"@id\":\"https:\/\/mestra.es\/fr\/producto\/lupa-cabeza-iluminada-tipo-ii-luz-lateral\/#primaryimage\"},\"image\":{\"@id\":\"https:\/\/mestra.es\/fr\/producto\/lupa-cabeza-iluminada-tipo-ii-luz-lateral\/#primaryimage\"},\"thumbnailUrl\":\"https:\/\/mestra.es\/wp-content\/uploads\/2024\/03\/100080-.jpg\",\"datePublished\":\"2024-03-11T12:37:37+00:00\",\"dateModified\":\"2025-03-21T12:16:54+00:00\",\"description\":\"Chez MESTRA, nous avons Loupe frontale avec lumiere type II. Consultez notre catalogue de mat\u00e9riel dentaire et passez votre commande d\u00e8s maintenant.\",\"breadcrumb\":{\"@id\":\"https:\/\/mestra.es\/fr\/producto\/lupa-cabeza-iluminada-tipo-ii-luz-lateral\/#breadcrumb\"},\"inLanguage\":\"fr-FR\",\"potentialAction\":[{\"@type\":\"ReadAction\",\"target\":[\"https:\/\/mestra.es\/fr\/producto\/lupa-cabeza-iluminada-tipo-ii-luz-lateral\/\"]}]},{\"@type\":\"ImageObject\",\"inLanguage\":\"fr-FR\",\"@id\":\"https:\/\/mestra.es\/fr\/producto\/lupa-cabeza-iluminada-tipo-ii-luz-lateral\/#primaryimage\",\"url\":\"https:\/\/mestra.es\/wp-content\/uploads\/2024\/03\/100080-.jpg\",\"contentUrl\":\"https:\/\/mestra.es\/wp-content\/uploads\/2024\/03\/100080-.jpg\",\"width\":600,\"height\":600,\"caption\":\"Lupa de aumento - Iluminaci\u00f3n lateral\"},{\"@type\":\"BreadcrumbList\",\"@id\":\"https:\/\/mestra.es\/fr\/producto\/lupa-cabeza-iluminada-tipo-ii-luz-lateral\/#breadcrumb\",\"itemListElement\":[{\"@type\":\"ListItem\",\"position\":1,\"name\":\"Portada\",\"item\":\"https:\/\/mestra.es\/fr\/\"},{\"@type\":\"ListItem\",\"position\":2,\"name\":\"Boutique\",\"item\":\"https:\/\/mestra.es\/fr\/boutique\/\"},{\"@type\":\"ListItem\",\"position\":3,\"name\":\"LOUPE FRONTALE AVEC LUMIERE TYPE II\"}]},{\"@type\":\"WebSite\",\"@id\":\"https:\/\/mestra.es\/fr\/#website\",\"url\":\"https:\/\/mestra.es\/fr\/\",\"name\":\"Talleres Mestra\",\"description\":\"\",\"publisher\":{\"@id\":\"https:\/\/mestra.es\/fr\/#organization\"},\"potentialAction\":[{\"@type\":\"SearchAction\",\"target\":{\"@type\":\"EntryPoint\",\"urlTemplate\":\"https:\/\/mestra.es\/fr\/?s={search_term_string}\"},\"query-input\":{\"@type\":\"PropertyValueSpecification\",\"valueRequired\":true,\"valueName\":\"search_term_string\"}}],\"inLanguage\":\"fr-FR\"},{\"@type\":\"Organization\",\"@id\":\"https:\/\/mestra.es\/fr\/#organization\",\"name\":\"Talleres Mestra\",\"url\":\"https:\/\/mestra.es\/fr\/\",\"logo\":{\"@type\":\"ImageObject\",\"inLanguage\":\"fr-FR\",\"@id\":\"https:\/\/mestra.es\/fr\/#\/schema\/logo\/image\/\",\"url\":\"https:\/\/mestra.es\/wp-content\/uploads\/2024\/05\/logo_mestra.png\",\"contentUrl\":\"https:\/\/mestra.es\/wp-content\/uploads\/2024\/05\/logo_mestra.png\",\"width\":300,\"height\":170,\"caption\":\"Talleres Mestra\"},\"image\":{\"@id\":\"https:\/\/mestra.es\/fr\/#\/schema\/logo\/image\/\"}}]}<\/script>\n<meta property=\"product:price:currency\" content=\"EUR\" \/>\n<meta property=\"og:availability\" content=\"instock\" \/>\n<meta property=\"product:availability\" content=\"instock\" \/>\n<meta property=\"product:retailer_item_id\" content=\"100080\" \/>\n<meta property=\"product:condition\" content=\"new\" \/>\n<!-- \/ Yoast SEO plugin. -->","yoast_head_json":{"title":"Loupe frontale avec lumiere type II | MESTRA","description":"Chez MESTRA, nous avons Loupe frontale avec lumiere type II. Consultez notre catalogue de mat\u00e9riel dentaire et passez votre commande d\u00e8s maintenant.","robots":{"index":"index","follow":"follow","max-snippet":"max-snippet:-1","max-image-preview":"max-image-preview:large","max-video-preview":"max-video-preview:-1"},"canonical":"https:\/\/mestra.es\/fr\/producto\/lupa-cabeza-iluminada-tipo-ii-luz-lateral\/","og_locale":"fr_FR","og_type":"article","og_title":"Loupe frontale avec lumiere type II | MESTRA","og_description":"Chez MESTRA, nous avons Loupe frontale avec lumiere type II. Consultez notre catalogue de mat\u00e9riel dentaire et passez votre commande d\u00e8s maintenant.","og_url":"https:\/\/mestra.es\/fr\/producto\/lupa-cabeza-iluminada-tipo-ii-luz-lateral\/","og_site_name":"Talleres Mestra","article_modified_time":"2025-03-21T12:16:54+00:00","og_image":[{"width":600,"height":600,"url":"https:\/\/mestra.es\/wp-content\/uploads\/2024\/03\/100080-.jpg","type":"image\/jpeg"}],"twitter_card":"summary_large_image","twitter_misc":{"Prix":"","Disponibilit\u00e9":"En stock"},"schema":{"@context":"https:\/\/schema.org","@graph":[{"@type":"WebPage","@id":"https:\/\/mestra.es\/fr\/producto\/lupa-cabeza-iluminada-tipo-ii-luz-lateral\/","url":"https:\/\/mestra.es\/fr\/producto\/lupa-cabeza-iluminada-tipo-ii-luz-lateral\/","name":"Loupe frontale avec lumiere type II | MESTRA","isPartOf":{"@id":"https:\/\/mestra.es\/fr\/#website"},"primaryImageOfPage":{"@id":"https:\/\/mestra.es\/fr\/producto\/lupa-cabeza-iluminada-tipo-ii-luz-lateral\/#primaryimage"},"image":{"@id":"https:\/\/mestra.es\/fr\/producto\/lupa-cabeza-iluminada-tipo-ii-luz-lateral\/#primaryimage"},"thumbnailUrl":"https:\/\/mestra.es\/wp-content\/uploads\/2024\/03\/100080-.jpg","datePublished":"2024-03-11T12:37:37+00:00","dateModified":"2025-03-21T12:16:54+00:00","description":"Chez MESTRA, nous avons Loupe frontale avec lumiere type II. Consultez notre catalogue de mat\u00e9riel dentaire et passez votre commande d\u00e8s maintenant.","breadcrumb":{"@id":"https:\/\/mestra.es\/fr\/producto\/lupa-cabeza-iluminada-tipo-ii-luz-lateral\/#breadcrumb"},"inLanguage":"fr-FR","potentialAction":[{"@type":"ReadAction","target":["https:\/\/mestra.es\/fr\/producto\/lupa-cabeza-iluminada-tipo-ii-luz-lateral\/"]}]},{"@type":"ImageObject","inLanguage":"fr-FR","@id":"https:\/\/mestra.es\/fr\/producto\/lupa-cabeza-iluminada-tipo-ii-luz-lateral\/#primaryimage","url":"https:\/\/mestra.es\/wp-content\/uploads\/2024\/03\/100080-.jpg","contentUrl":"https:\/\/mestra.es\/wp-content\/uploads\/2024\/03\/100080-.jpg","width":600,"height":600,"caption":"Lupa de aumento - Iluminaci\u00f3n lateral"},{"@type":"BreadcrumbList","@id":"https:\/\/mestra.es\/fr\/producto\/lupa-cabeza-iluminada-tipo-ii-luz-lateral\/#breadcrumb","itemListElement":[{"@type":"ListItem","position":1,"name":"Portada","item":"https:\/\/mestra.es\/fr\/"},{"@type":"ListItem","position":2,"name":"Boutique","item":"https:\/\/mestra.es\/fr\/boutique\/"},{"@type":"ListItem","position":3,"name":"LOUPE FRONTALE AVEC LUMIERE TYPE II"}]},{"@type":"WebSite","@id":"https:\/\/mestra.es\/fr\/#website","url":"https:\/\/mestra.es\/fr\/","name":"Talleres Mestra","description":"","publisher":{"@id":"https:\/\/mestra.es\/fr\/#organization"},"potentialAction":[{"@type":"SearchAction","target":{"@type":"EntryPoint","urlTemplate":"https:\/\/mestra.es\/fr\/?s={search_term_string}"},"query-input":{"@type":"PropertyValueSpecification","valueRequired":true,"valueName":"search_term_string"}}],"inLanguage":"fr-FR"},{"@type":"Organization","@id":"https:\/\/mestra.es\/fr\/#organization","name":"Talleres Mestra","url":"https:\/\/mestra.es\/fr\/","logo":{"@type":"ImageObject","inLanguage":"fr-FR","@id":"https:\/\/mestra.es\/fr\/#\/schema\/logo\/image\/","url":"https:\/\/mestra.es\/wp-content\/uploads\/2024\/05\/logo_mestra.png","contentUrl":"https:\/\/mestra.es\/wp-content\/uploads\/2024\/05\/logo_mestra.png","width":300,"height":170,"caption":"Talleres Mestra"},"image":{"@id":"https:\/\/mestra.es\/fr\/#\/schema\/logo\/image\/"}}]},"product_price_currency":"EUR","og_availability":"instock","product_availability":"instock","product_retailer_item_id":"100080","product_condition":"new"},"_links":{"self":[{"href":"https:\/\/mestra.es\/fr\/wp-json\/wp\/v2\/product\/12491","targetHints":{"allow":["GET"]}}],"collection":[{"href":"https:\/\/mestra.es\/fr\/wp-json\/wp\/v2\/product"}],"about":[{"href":"https:\/\/mestra.es\/fr\/wp-json\/wp\/v2\/types\/product"}],"wp:featuredmedia":[{"embeddable":true,"href":"https:\/\/mestra.es\/fr\/wp-json\/wp\/v2\/media\/9679"}],"wp:attachment":[{"href":"https:\/\/mestra.es\/fr\/wp-json\/wp\/v2\/media?parent=12491"}],"wp:term":[{"taxonomy":"product_brand","embeddable":true,"href":"https:\/\/mestra.es\/fr\/wp-json\/wp\/v2\/product_brand?post=12491"},{"taxonomy":"product_cat","embeddable":true,"href":"https:\/\/mestra.es\/fr\/wp-json\/wp\/v2\/product_cat?post=12491"},{"taxonomy":"product_tag","embeddable":true,"href":"https:\/\/mestra.es\/fr\/wp-json\/wp\/v2\/product_tag?post=12491"}],"curies":[{"name":"wp","href":"https:\/\/api.w.org\/{rel}","templated":true}]}}