{"id":12479,"date":"2024-03-11T13:37:40","date_gmt":"2024-03-11T12:37:40","guid":{"rendered":"https:\/\/mestra.es\/producto\/lupa-de-mano-tipo-relojero-con-luz-30-60-aumentos\/"},"modified":"2025-03-21T12:48:16","modified_gmt":"2025-03-21T11:48:16","slug":"lupa-de-mano-tipo-relojero-con-luz-30-60-aumentos","status":"publish","type":"product","link":"https:\/\/mestra.es\/fr\/producto\/lupa-de-mano-tipo-relojero-con-luz-30-60-aumentos\/","title":{"rendered":"LOUPE A MAIN TYPE HORLOGER AVEC LUMIERE GROSSISSEMENT 30-60"},"content":{"rendered":"<p>Cette loupe Aux dimensions r\u00e9duites est munie de deux verres d&rsquo;un grossissement de X30 et de X60 ainsi de d\u0092un puissant \u00e9clairage LED.<\/p>\n<p>Elle est id\u00e9ale pour d\u00e9celer les petits d\u00e9tails au cours du travail.<\/p>\n","protected":false},"excerpt":{"rendered":"<p>Cette loupe Aux dimensions r\u00e9duites est munie de deux verres d&rsquo;un grossissement de X30 et de X60 ainsi de d\u0092un puissant \u00e9clairage LED. Elle est id\u00e9ale pour d\u00e9celer les petits d\u00e9tails au cours du travail.<\/p>\n","protected":false},"featured_media":9691,"template":"","meta":{"_acf_changed":false,"_monsterinsights_skip_tracking":false,"_monsterinsights_sitenote_active":false,"_monsterinsights_sitenote_note":"","_monsterinsights_sitenote_category":0},"product_brand":[],"product_cat":[1321],"product_tag":[],"class_list":{"0":"post-12479","1":"product","2":"type-product","3":"status-publish","4":"has-post-thumbnail","6":"product_cat-loupes-microscopes","8":"first","9":"instock","10":"product-type-simple"},"acf":[],"yoast_head":"<!-- This site is optimized with the Yoast SEO plugin v27.2 - https:\/\/yoast.com\/product\/yoast-seo-wordpress\/ -->\n<title>Loupe a main type horloger avec lumiere grossissement 30-60 | MESTRA<\/title>\n<meta name=\"description\" content=\"Chez MESTRA, nous avons Loupe a main type horloger avec lumiere grossissement 30-60 commander en ligne.\" \/>\n<meta name=\"robots\" content=\"index, follow, max-snippet:-1, max-image-preview:large, max-video-preview:-1\" \/>\n<link rel=\"canonical\" href=\"https:\/\/mestra.es\/fr\/producto\/lupa-de-mano-tipo-relojero-con-luz-30-60-aumentos\/\" \/>\n<meta property=\"og:locale\" content=\"fr_FR\" \/>\n<meta property=\"og:type\" content=\"article\" \/>\n<meta property=\"og:title\" content=\"Loupe a main type horloger avec lumiere grossissement 30-60 | MESTRA\" \/>\n<meta property=\"og:description\" content=\"Chez MESTRA, nous avons Loupe a main type horloger avec lumiere grossissement 30-60 commander en ligne.\" \/>\n<meta property=\"og:url\" content=\"https:\/\/mestra.es\/fr\/producto\/lupa-de-mano-tipo-relojero-con-luz-30-60-aumentos\/\" \/>\n<meta property=\"og:site_name\" content=\"Talleres Mestra\" \/>\n<meta property=\"article:modified_time\" content=\"2025-03-21T11:48:16+00:00\" \/>\n<meta property=\"og:image\" content=\"https:\/\/mestra.es\/wp-content\/uploads\/2024\/03\/100099.jpg\" \/>\n\t<meta property=\"og:image:width\" content=\"600\" \/>\n\t<meta property=\"og:image:height\" content=\"449\" \/>\n\t<meta property=\"og:image:type\" content=\"image\/jpeg\" \/>\n<meta name=\"twitter:card\" content=\"summary_large_image\" \/>\n<meta name=\"twitter:label1\" content=\"Prix\" \/>\n\t<meta name=\"twitter:data1\" content=\"\" \/>\n\t<meta name=\"twitter:label2\" content=\"Disponibilit\u00e9\" \/>\n\t<meta name=\"twitter:data2\" content=\"En stock\" \/>\n<script type=\"application\/ld+json\" class=\"yoast-schema-graph\">{\"@context\":\"https:\/\/schema.org\",\"@graph\":[{\"@type\":\"WebPage\",\"@id\":\"https:\/\/mestra.es\/fr\/producto\/lupa-de-mano-tipo-relojero-con-luz-30-60-aumentos\/\",\"url\":\"https:\/\/mestra.es\/fr\/producto\/lupa-de-mano-tipo-relojero-con-luz-30-60-aumentos\/\",\"name\":\"Loupe a main type horloger avec lumiere grossissement 30-60 | MESTRA\",\"isPartOf\":{\"@id\":\"https:\/\/mestra.es\/fr\/#website\"},\"primaryImageOfPage\":{\"@id\":\"https:\/\/mestra.es\/fr\/producto\/lupa-de-mano-tipo-relojero-con-luz-30-60-aumentos\/#primaryimage\"},\"image\":{\"@id\":\"https:\/\/mestra.es\/fr\/producto\/lupa-de-mano-tipo-relojero-con-luz-30-60-aumentos\/#primaryimage\"},\"thumbnailUrl\":\"https:\/\/mestra.es\/wp-content\/uploads\/2024\/03\/100099.jpg\",\"datePublished\":\"2024-03-11T12:37:40+00:00\",\"dateModified\":\"2025-03-21T11:48:16+00:00\",\"description\":\"Chez MESTRA, nous avons Loupe a main type horloger avec lumiere grossissement 30-60 commander en ligne.\",\"breadcrumb\":{\"@id\":\"https:\/\/mestra.es\/fr\/producto\/lupa-de-mano-tipo-relojero-con-luz-30-60-aumentos\/#breadcrumb\"},\"inLanguage\":\"fr-FR\",\"potentialAction\":[{\"@type\":\"ReadAction\",\"target\":[\"https:\/\/mestra.es\/fr\/producto\/lupa-de-mano-tipo-relojero-con-luz-30-60-aumentos\/\"]}]},{\"@type\":\"ImageObject\",\"inLanguage\":\"fr-FR\",\"@id\":\"https:\/\/mestra.es\/fr\/producto\/lupa-de-mano-tipo-relojero-con-luz-30-60-aumentos\/#primaryimage\",\"url\":\"https:\/\/mestra.es\/wp-content\/uploads\/2024\/03\/100099.jpg\",\"contentUrl\":\"https:\/\/mestra.es\/wp-content\/uploads\/2024\/03\/100099.jpg\",\"width\":600,\"height\":449},{\"@type\":\"BreadcrumbList\",\"@id\":\"https:\/\/mestra.es\/fr\/producto\/lupa-de-mano-tipo-relojero-con-luz-30-60-aumentos\/#breadcrumb\",\"itemListElement\":[{\"@type\":\"ListItem\",\"position\":1,\"name\":\"Portada\",\"item\":\"https:\/\/mestra.es\/fr\/\"},{\"@type\":\"ListItem\",\"position\":2,\"name\":\"Boutique\",\"item\":\"https:\/\/mestra.es\/fr\/boutique\/\"},{\"@type\":\"ListItem\",\"position\":3,\"name\":\"LOUPE A MAIN TYPE HORLOGER AVEC LUMIERE GROSSISSEMENT 30-60\"}]},{\"@type\":\"WebSite\",\"@id\":\"https:\/\/mestra.es\/fr\/#website\",\"url\":\"https:\/\/mestra.es\/fr\/\",\"name\":\"Talleres Mestra\",\"description\":\"\",\"publisher\":{\"@id\":\"https:\/\/mestra.es\/fr\/#organization\"},\"potentialAction\":[{\"@type\":\"SearchAction\",\"target\":{\"@type\":\"EntryPoint\",\"urlTemplate\":\"https:\/\/mestra.es\/fr\/?s={search_term_string}\"},\"query-input\":{\"@type\":\"PropertyValueSpecification\",\"valueRequired\":true,\"valueName\":\"search_term_string\"}}],\"inLanguage\":\"fr-FR\"},{\"@type\":\"Organization\",\"@id\":\"https:\/\/mestra.es\/fr\/#organization\",\"name\":\"Talleres Mestra\",\"url\":\"https:\/\/mestra.es\/fr\/\",\"logo\":{\"@type\":\"ImageObject\",\"inLanguage\":\"fr-FR\",\"@id\":\"https:\/\/mestra.es\/fr\/#\/schema\/logo\/image\/\",\"url\":\"https:\/\/mestra.es\/wp-content\/uploads\/2024\/05\/logo_mestra.png\",\"contentUrl\":\"https:\/\/mestra.es\/wp-content\/uploads\/2024\/05\/logo_mestra.png\",\"width\":300,\"height\":170,\"caption\":\"Talleres Mestra\"},\"image\":{\"@id\":\"https:\/\/mestra.es\/fr\/#\/schema\/logo\/image\/\"}}]}<\/script>\n<meta property=\"product:price:currency\" content=\"EUR\" \/>\n<meta property=\"og:availability\" content=\"instock\" \/>\n<meta property=\"product:availability\" content=\"instock\" \/>\n<meta property=\"product:retailer_item_id\" content=\"100099\" \/>\n<meta property=\"product:condition\" content=\"new\" \/>\n<!-- \/ Yoast SEO plugin. -->","yoast_head_json":{"title":"Loupe a main type horloger avec lumiere grossissement 30-60 | MESTRA","description":"Chez MESTRA, nous avons Loupe a main type horloger avec lumiere grossissement 30-60 commander en ligne.","robots":{"index":"index","follow":"follow","max-snippet":"max-snippet:-1","max-image-preview":"max-image-preview:large","max-video-preview":"max-video-preview:-1"},"canonical":"https:\/\/mestra.es\/fr\/producto\/lupa-de-mano-tipo-relojero-con-luz-30-60-aumentos\/","og_locale":"fr_FR","og_type":"article","og_title":"Loupe a main type horloger avec lumiere grossissement 30-60 | MESTRA","og_description":"Chez MESTRA, nous avons Loupe a main type horloger avec lumiere grossissement 30-60 commander en ligne.","og_url":"https:\/\/mestra.es\/fr\/producto\/lupa-de-mano-tipo-relojero-con-luz-30-60-aumentos\/","og_site_name":"Talleres Mestra","article_modified_time":"2025-03-21T11:48:16+00:00","og_image":[{"width":600,"height":449,"url":"https:\/\/mestra.es\/wp-content\/uploads\/2024\/03\/100099.jpg","type":"image\/jpeg"}],"twitter_card":"summary_large_image","twitter_misc":{"Prix":"","Disponibilit\u00e9":"En stock"},"schema":{"@context":"https:\/\/schema.org","@graph":[{"@type":"WebPage","@id":"https:\/\/mestra.es\/fr\/producto\/lupa-de-mano-tipo-relojero-con-luz-30-60-aumentos\/","url":"https:\/\/mestra.es\/fr\/producto\/lupa-de-mano-tipo-relojero-con-luz-30-60-aumentos\/","name":"Loupe a main type horloger avec lumiere grossissement 30-60 | MESTRA","isPartOf":{"@id":"https:\/\/mestra.es\/fr\/#website"},"primaryImageOfPage":{"@id":"https:\/\/mestra.es\/fr\/producto\/lupa-de-mano-tipo-relojero-con-luz-30-60-aumentos\/#primaryimage"},"image":{"@id":"https:\/\/mestra.es\/fr\/producto\/lupa-de-mano-tipo-relojero-con-luz-30-60-aumentos\/#primaryimage"},"thumbnailUrl":"https:\/\/mestra.es\/wp-content\/uploads\/2024\/03\/100099.jpg","datePublished":"2024-03-11T12:37:40+00:00","dateModified":"2025-03-21T11:48:16+00:00","description":"Chez MESTRA, nous avons Loupe a main type horloger avec lumiere grossissement 30-60 commander en ligne.","breadcrumb":{"@id":"https:\/\/mestra.es\/fr\/producto\/lupa-de-mano-tipo-relojero-con-luz-30-60-aumentos\/#breadcrumb"},"inLanguage":"fr-FR","potentialAction":[{"@type":"ReadAction","target":["https:\/\/mestra.es\/fr\/producto\/lupa-de-mano-tipo-relojero-con-luz-30-60-aumentos\/"]}]},{"@type":"ImageObject","inLanguage":"fr-FR","@id":"https:\/\/mestra.es\/fr\/producto\/lupa-de-mano-tipo-relojero-con-luz-30-60-aumentos\/#primaryimage","url":"https:\/\/mestra.es\/wp-content\/uploads\/2024\/03\/100099.jpg","contentUrl":"https:\/\/mestra.es\/wp-content\/uploads\/2024\/03\/100099.jpg","width":600,"height":449},{"@type":"BreadcrumbList","@id":"https:\/\/mestra.es\/fr\/producto\/lupa-de-mano-tipo-relojero-con-luz-30-60-aumentos\/#breadcrumb","itemListElement":[{"@type":"ListItem","position":1,"name":"Portada","item":"https:\/\/mestra.es\/fr\/"},{"@type":"ListItem","position":2,"name":"Boutique","item":"https:\/\/mestra.es\/fr\/boutique\/"},{"@type":"ListItem","position":3,"name":"LOUPE A MAIN TYPE HORLOGER AVEC LUMIERE GROSSISSEMENT 30-60"}]},{"@type":"WebSite","@id":"https:\/\/mestra.es\/fr\/#website","url":"https:\/\/mestra.es\/fr\/","name":"Talleres Mestra","description":"","publisher":{"@id":"https:\/\/mestra.es\/fr\/#organization"},"potentialAction":[{"@type":"SearchAction","target":{"@type":"EntryPoint","urlTemplate":"https:\/\/mestra.es\/fr\/?s={search_term_string}"},"query-input":{"@type":"PropertyValueSpecification","valueRequired":true,"valueName":"search_term_string"}}],"inLanguage":"fr-FR"},{"@type":"Organization","@id":"https:\/\/mestra.es\/fr\/#organization","name":"Talleres Mestra","url":"https:\/\/mestra.es\/fr\/","logo":{"@type":"ImageObject","inLanguage":"fr-FR","@id":"https:\/\/mestra.es\/fr\/#\/schema\/logo\/image\/","url":"https:\/\/mestra.es\/wp-content\/uploads\/2024\/05\/logo_mestra.png","contentUrl":"https:\/\/mestra.es\/wp-content\/uploads\/2024\/05\/logo_mestra.png","width":300,"height":170,"caption":"Talleres Mestra"},"image":{"@id":"https:\/\/mestra.es\/fr\/#\/schema\/logo\/image\/"}}]},"product_price_currency":"EUR","og_availability":"instock","product_availability":"instock","product_retailer_item_id":"100099","product_condition":"new"},"_links":{"self":[{"href":"https:\/\/mestra.es\/fr\/wp-json\/wp\/v2\/product\/12479","targetHints":{"allow":["GET"]}}],"collection":[{"href":"https:\/\/mestra.es\/fr\/wp-json\/wp\/v2\/product"}],"about":[{"href":"https:\/\/mestra.es\/fr\/wp-json\/wp\/v2\/types\/product"}],"wp:featuredmedia":[{"embeddable":true,"href":"https:\/\/mestra.es\/fr\/wp-json\/wp\/v2\/media\/9691"}],"wp:attachment":[{"href":"https:\/\/mestra.es\/fr\/wp-json\/wp\/v2\/media?parent=12479"}],"wp:term":[{"taxonomy":"product_brand","embeddable":true,"href":"https:\/\/mestra.es\/fr\/wp-json\/wp\/v2\/product_brand?post=12479"},{"taxonomy":"product_cat","embeddable":true,"href":"https:\/\/mestra.es\/fr\/wp-json\/wp\/v2\/product_cat?post=12479"},{"taxonomy":"product_tag","embeddable":true,"href":"https:\/\/mestra.es\/fr\/wp-json\/wp\/v2\/product_tag?post=12479"}],"curies":[{"name":"wp","href":"https:\/\/api.w.org\/{rel}","templated":true}]}}