{"id":12473,"date":"2024-03-11T13:37:42","date_gmt":"2024-03-11T12:37:42","guid":{"rendered":"https:\/\/mestra.es\/producto\/calentador-de-cera\/"},"modified":"2024-09-25T08:29:07","modified_gmt":"2024-09-25T06:29:07","slug":"calentador-de-cera","status":"publish","type":"product","link":"https:\/\/mestra.es\/fr\/producto\/calentador-de-cera\/","title":{"rendered":"RECHAUFFEUR DE CIRE"},"content":{"rendered":"<p>Le r\u00e9chauffeur de cire MESTRA a \u00e9t\u00e9 con\u00e7u pour un service pratique et efficace en laboratoire.<\/p>\n<p>La partie frontale ne porte pas d&rsquo;\u00e9l\u00e9ments d\u00e9coratifs superflus, pour faire place \u00e0 la fonctionnalit\u00e9, \u00e9tant donn\u00e9 que les op\u00e9rations avec la spatule entra\u00eenent in\u00e9vitablement des coul\u00e9es de cire dans cette zone, pouvant endommager les \u00e9l\u00e9ments de contr\u00f4le.<\/p>\n<p>Le r\u00e9chauffeur de cire MESTRA est ajust\u00e9 \u00e0 une temp\u00e9rature de \u00b185 \u00b0C, qui permet d&rsquo;obtenir une cire liquide en 8 \u00e0 10 minutes.<\/p>\n","protected":false},"excerpt":{"rendered":"<p>Le r\u00e9chauffeur de cire MESTRA a \u00e9t\u00e9 con\u00e7u pour un service pratique et efficace en laboratoire. La partie frontale ne porte pas d&rsquo;\u00e9l\u00e9ments d\u00e9coratifs superflus, pour faire place \u00e0 la fonctionnalit\u00e9, \u00e9tant donn\u00e9 que les op\u00e9rations avec la spatule entra\u00eenent in\u00e9vitablement des coul\u00e9es de cire dans cette zone, pouvant endommager les \u00e9l\u00e9ments de contr\u00f4le. Le [&hellip;]<\/p>\n","protected":false},"featured_media":15743,"template":"","meta":{"_acf_changed":false,"_monsterinsights_skip_tracking":false,"_monsterinsights_sitenote_active":false,"_monsterinsights_sitenote_note":"","_monsterinsights_sitenote_category":0},"product_brand":[],"product_cat":[1363],"product_tag":[],"class_list":{"0":"post-12473","1":"product","2":"type-product","3":"status-publish","4":"has-post-thumbnail","6":"product_cat-rechauffeurs-de-cires","8":"first","9":"instock","10":"product-type-simple"},"acf":[],"yoast_head":"<!-- This site is optimized with the Yoast SEO plugin v27.2 - https:\/\/yoast.com\/product\/yoast-seo-wordpress\/ -->\n<title>Rechauffeur de cire | MESTRA<\/title>\n<meta name=\"description\" content=\"Chez MESTRA, nous avons Rechauffeur de cire commander en ligne.\" \/>\n<meta name=\"robots\" content=\"index, follow, max-snippet:-1, max-image-preview:large, max-video-preview:-1\" \/>\n<link rel=\"canonical\" href=\"https:\/\/mestra.es\/fr\/producto\/calentador-de-cera\/\" \/>\n<meta property=\"og:locale\" content=\"fr_FR\" \/>\n<meta property=\"og:type\" content=\"article\" \/>\n<meta property=\"og:title\" content=\"Rechauffeur de cire | MESTRA\" \/>\n<meta property=\"og:description\" content=\"Chez MESTRA, nous avons Rechauffeur de cire commander en ligne.\" \/>\n<meta property=\"og:url\" content=\"https:\/\/mestra.es\/fr\/producto\/calentador-de-cera\/\" \/>\n<meta property=\"og:site_name\" content=\"Talleres Mestra\" \/>\n<meta property=\"article:modified_time\" content=\"2024-09-25T06:29:07+00:00\" \/>\n<meta property=\"og:image\" content=\"https:\/\/mestra.es\/wp-content\/uploads\/2024\/03\/080070-1.jpg\" \/>\n\t<meta property=\"og:image:width\" content=\"600\" \/>\n\t<meta property=\"og:image:height\" content=\"600\" \/>\n\t<meta property=\"og:image:type\" content=\"image\/jpeg\" \/>\n<meta name=\"twitter:card\" content=\"summary_large_image\" \/>\n<meta name=\"twitter:label1\" content=\"Prix\" \/>\n\t<meta name=\"twitter:data1\" content=\"\" \/>\n\t<meta name=\"twitter:label2\" content=\"Disponibilit\u00e9\" \/>\n\t<meta name=\"twitter:data2\" content=\"En stock\" \/>\n<script type=\"application\/ld+json\" class=\"yoast-schema-graph\">{\"@context\":\"https:\/\/schema.org\",\"@graph\":[{\"@type\":\"WebPage\",\"@id\":\"https:\/\/mestra.es\/fr\/producto\/calentador-de-cera\/\",\"url\":\"https:\/\/mestra.es\/fr\/producto\/calentador-de-cera\/\",\"name\":\"Rechauffeur de cire | MESTRA\",\"isPartOf\":{\"@id\":\"https:\/\/mestra.es\/fr\/#website\"},\"primaryImageOfPage\":{\"@id\":\"https:\/\/mestra.es\/fr\/producto\/calentador-de-cera\/#primaryimage\"},\"image\":{\"@id\":\"https:\/\/mestra.es\/fr\/producto\/calentador-de-cera\/#primaryimage\"},\"thumbnailUrl\":\"https:\/\/mestra.es\/wp-content\/uploads\/2024\/03\/080070-1.jpg\",\"datePublished\":\"2024-03-11T12:37:42+00:00\",\"dateModified\":\"2024-09-25T06:29:07+00:00\",\"description\":\"Chez MESTRA, nous avons Rechauffeur de cire commander en ligne.\",\"breadcrumb\":{\"@id\":\"https:\/\/mestra.es\/fr\/producto\/calentador-de-cera\/#breadcrumb\"},\"inLanguage\":\"fr-FR\",\"potentialAction\":[{\"@type\":\"ReadAction\",\"target\":[\"https:\/\/mestra.es\/fr\/producto\/calentador-de-cera\/\"]}]},{\"@type\":\"ImageObject\",\"inLanguage\":\"fr-FR\",\"@id\":\"https:\/\/mestra.es\/fr\/producto\/calentador-de-cera\/#primaryimage\",\"url\":\"https:\/\/mestra.es\/wp-content\/uploads\/2024\/03\/080070-1.jpg\",\"contentUrl\":\"https:\/\/mestra.es\/wp-content\/uploads\/2024\/03\/080070-1.jpg\",\"width\":600,\"height\":600,\"caption\":\"Calentador de cera\"},{\"@type\":\"BreadcrumbList\",\"@id\":\"https:\/\/mestra.es\/fr\/producto\/calentador-de-cera\/#breadcrumb\",\"itemListElement\":[{\"@type\":\"ListItem\",\"position\":1,\"name\":\"Portada\",\"item\":\"https:\/\/mestra.es\/fr\/\"},{\"@type\":\"ListItem\",\"position\":2,\"name\":\"Boutique\",\"item\":\"https:\/\/mestra.es\/fr\/boutique\/\"},{\"@type\":\"ListItem\",\"position\":3,\"name\":\"RECHAUFFEUR DE CIRE\"}]},{\"@type\":\"WebSite\",\"@id\":\"https:\/\/mestra.es\/fr\/#website\",\"url\":\"https:\/\/mestra.es\/fr\/\",\"name\":\"Talleres Mestra\",\"description\":\"\",\"publisher\":{\"@id\":\"https:\/\/mestra.es\/fr\/#organization\"},\"potentialAction\":[{\"@type\":\"SearchAction\",\"target\":{\"@type\":\"EntryPoint\",\"urlTemplate\":\"https:\/\/mestra.es\/fr\/?s={search_term_string}\"},\"query-input\":{\"@type\":\"PropertyValueSpecification\",\"valueRequired\":true,\"valueName\":\"search_term_string\"}}],\"inLanguage\":\"fr-FR\"},{\"@type\":\"Organization\",\"@id\":\"https:\/\/mestra.es\/fr\/#organization\",\"name\":\"Talleres Mestra\",\"url\":\"https:\/\/mestra.es\/fr\/\",\"logo\":{\"@type\":\"ImageObject\",\"inLanguage\":\"fr-FR\",\"@id\":\"https:\/\/mestra.es\/fr\/#\/schema\/logo\/image\/\",\"url\":\"https:\/\/mestra.es\/wp-content\/uploads\/2024\/05\/logo_mestra.png\",\"contentUrl\":\"https:\/\/mestra.es\/wp-content\/uploads\/2024\/05\/logo_mestra.png\",\"width\":300,\"height\":170,\"caption\":\"Talleres Mestra\"},\"image\":{\"@id\":\"https:\/\/mestra.es\/fr\/#\/schema\/logo\/image\/\"}}]}<\/script>\n<meta property=\"product:price:currency\" content=\"EUR\" \/>\n<meta property=\"og:availability\" content=\"instock\" \/>\n<meta property=\"product:availability\" content=\"instock\" \/>\n<meta property=\"product:retailer_item_id\" content=\"080070\" \/>\n<meta property=\"product:condition\" content=\"new\" \/>\n<!-- \/ Yoast SEO plugin. -->","yoast_head_json":{"title":"Rechauffeur de cire | MESTRA","description":"Chez MESTRA, nous avons Rechauffeur de cire commander en ligne.","robots":{"index":"index","follow":"follow","max-snippet":"max-snippet:-1","max-image-preview":"max-image-preview:large","max-video-preview":"max-video-preview:-1"},"canonical":"https:\/\/mestra.es\/fr\/producto\/calentador-de-cera\/","og_locale":"fr_FR","og_type":"article","og_title":"Rechauffeur de cire | MESTRA","og_description":"Chez MESTRA, nous avons Rechauffeur de cire commander en ligne.","og_url":"https:\/\/mestra.es\/fr\/producto\/calentador-de-cera\/","og_site_name":"Talleres Mestra","article_modified_time":"2024-09-25T06:29:07+00:00","og_image":[{"width":600,"height":600,"url":"https:\/\/mestra.es\/wp-content\/uploads\/2024\/03\/080070-1.jpg","type":"image\/jpeg"}],"twitter_card":"summary_large_image","twitter_misc":{"Prix":"","Disponibilit\u00e9":"En stock"},"schema":{"@context":"https:\/\/schema.org","@graph":[{"@type":"WebPage","@id":"https:\/\/mestra.es\/fr\/producto\/calentador-de-cera\/","url":"https:\/\/mestra.es\/fr\/producto\/calentador-de-cera\/","name":"Rechauffeur de cire | MESTRA","isPartOf":{"@id":"https:\/\/mestra.es\/fr\/#website"},"primaryImageOfPage":{"@id":"https:\/\/mestra.es\/fr\/producto\/calentador-de-cera\/#primaryimage"},"image":{"@id":"https:\/\/mestra.es\/fr\/producto\/calentador-de-cera\/#primaryimage"},"thumbnailUrl":"https:\/\/mestra.es\/wp-content\/uploads\/2024\/03\/080070-1.jpg","datePublished":"2024-03-11T12:37:42+00:00","dateModified":"2024-09-25T06:29:07+00:00","description":"Chez MESTRA, nous avons Rechauffeur de cire commander en ligne.","breadcrumb":{"@id":"https:\/\/mestra.es\/fr\/producto\/calentador-de-cera\/#breadcrumb"},"inLanguage":"fr-FR","potentialAction":[{"@type":"ReadAction","target":["https:\/\/mestra.es\/fr\/producto\/calentador-de-cera\/"]}]},{"@type":"ImageObject","inLanguage":"fr-FR","@id":"https:\/\/mestra.es\/fr\/producto\/calentador-de-cera\/#primaryimage","url":"https:\/\/mestra.es\/wp-content\/uploads\/2024\/03\/080070-1.jpg","contentUrl":"https:\/\/mestra.es\/wp-content\/uploads\/2024\/03\/080070-1.jpg","width":600,"height":600,"caption":"Calentador de cera"},{"@type":"BreadcrumbList","@id":"https:\/\/mestra.es\/fr\/producto\/calentador-de-cera\/#breadcrumb","itemListElement":[{"@type":"ListItem","position":1,"name":"Portada","item":"https:\/\/mestra.es\/fr\/"},{"@type":"ListItem","position":2,"name":"Boutique","item":"https:\/\/mestra.es\/fr\/boutique\/"},{"@type":"ListItem","position":3,"name":"RECHAUFFEUR DE CIRE"}]},{"@type":"WebSite","@id":"https:\/\/mestra.es\/fr\/#website","url":"https:\/\/mestra.es\/fr\/","name":"Talleres Mestra","description":"","publisher":{"@id":"https:\/\/mestra.es\/fr\/#organization"},"potentialAction":[{"@type":"SearchAction","target":{"@type":"EntryPoint","urlTemplate":"https:\/\/mestra.es\/fr\/?s={search_term_string}"},"query-input":{"@type":"PropertyValueSpecification","valueRequired":true,"valueName":"search_term_string"}}],"inLanguage":"fr-FR"},{"@type":"Organization","@id":"https:\/\/mestra.es\/fr\/#organization","name":"Talleres Mestra","url":"https:\/\/mestra.es\/fr\/","logo":{"@type":"ImageObject","inLanguage":"fr-FR","@id":"https:\/\/mestra.es\/fr\/#\/schema\/logo\/image\/","url":"https:\/\/mestra.es\/wp-content\/uploads\/2024\/05\/logo_mestra.png","contentUrl":"https:\/\/mestra.es\/wp-content\/uploads\/2024\/05\/logo_mestra.png","width":300,"height":170,"caption":"Talleres Mestra"},"image":{"@id":"https:\/\/mestra.es\/fr\/#\/schema\/logo\/image\/"}}]},"product_price_currency":"EUR","og_availability":"instock","product_availability":"instock","product_retailer_item_id":"080070","product_condition":"new"},"_links":{"self":[{"href":"https:\/\/mestra.es\/fr\/wp-json\/wp\/v2\/product\/12473","targetHints":{"allow":["GET"]}}],"collection":[{"href":"https:\/\/mestra.es\/fr\/wp-json\/wp\/v2\/product"}],"about":[{"href":"https:\/\/mestra.es\/fr\/wp-json\/wp\/v2\/types\/product"}],"wp:featuredmedia":[{"embeddable":true,"href":"https:\/\/mestra.es\/fr\/wp-json\/wp\/v2\/media\/15743"}],"wp:attachment":[{"href":"https:\/\/mestra.es\/fr\/wp-json\/wp\/v2\/media?parent=12473"}],"wp:term":[{"taxonomy":"product_brand","embeddable":true,"href":"https:\/\/mestra.es\/fr\/wp-json\/wp\/v2\/product_brand?post=12473"},{"taxonomy":"product_cat","embeddable":true,"href":"https:\/\/mestra.es\/fr\/wp-json\/wp\/v2\/product_cat?post=12473"},{"taxonomy":"product_tag","embeddable":true,"href":"https:\/\/mestra.es\/fr\/wp-json\/wp\/v2\/product_tag?post=12473"}],"curies":[{"name":"wp","href":"https:\/\/api.w.org\/{rel}","templated":true}]}}