{"id":12461,"date":"2024-03-11T13:37:45","date_gmt":"2024-03-11T12:37:45","guid":{"rendered":"https:\/\/mestra.es\/producto\/calentador-de-cera-para-inmersion-digital-1-recipiente\/"},"modified":"2024-09-27T13:49:20","modified_gmt":"2024-09-27T11:49:20","slug":"calentador-de-cera-para-inmersion-digital-1-recipiente","status":"publish","type":"product","link":"https:\/\/mestra.es\/fr\/producto\/calentador-de-cera-para-inmersion-digital-1-recipiente\/","title":{"rendered":"RECHAUFFEUR DE CIRE PAR IMMERSION &#8211; NUMERIQUE (1 RECIPIENT)"},"content":{"rendered":"<p>Con\u00e7u pour travailler avec la plupart des cires dentaires du march\u00e9, ce r\u00e9chauffeur de cire peut fondre la cire en quelques minutes et la maintenir \u00e0 la temp\u00e9rature d\u00e9sir\u00e9e avec une marge de variation tr\u00e8s \u00e9troite.<\/p>\n<p>Ceci garantit des propri\u00e9t\u00e9s physiques stables et donc une grande pr\u00e9cision dans les travaux de modelage.  <\/p>\n<p>Le display \u00e9lectronique se lit ais\u00e9ment. On peut v\u00e9rifier la temp\u00e9rature programm\u00e9e et la temp\u00e9rature r\u00e9elle. Le contr\u00f4le poss\u00e8de une m\u00e9moire interne ce qui lui permet de garder les param\u00e8tres du cycle ant\u00e9rieur.<\/p>\n<p>Lorsque la temp\u00e9rature de consigne est atteinte un led s\u0092allume. <\/p>\n<p>La r\u00e9gulation peut se faire en degr\u00e9s Fahrenheit ou en degr\u00e9s Celsius.<\/p>\n","protected":false},"excerpt":{"rendered":"<p>Con\u00e7u pour travailler avec la plupart des cires dentaires du march\u00e9, ce r\u00e9chauffeur de cire peut fondre la cire en quelques minutes et la maintenir \u00e0 la temp\u00e9rature d\u00e9sir\u00e9e avec une marge de variation tr\u00e8s \u00e9troite. Ceci garantit des propri\u00e9t\u00e9s physiques stables et donc une grande pr\u00e9cision dans les travaux de modelage. Le display \u00e9lectronique [&hellip;]<\/p>\n","protected":false},"featured_media":15970,"template":"","meta":{"_acf_changed":false,"_monsterinsights_skip_tracking":false,"_monsterinsights_sitenote_active":false,"_monsterinsights_sitenote_note":"","_monsterinsights_sitenote_category":0},"product_brand":[],"product_cat":[1363],"product_tag":[],"class_list":{"0":"post-12461","1":"product","2":"type-product","3":"status-publish","4":"has-post-thumbnail","6":"product_cat-rechauffeurs-de-cires","8":"first","9":"instock","10":"product-type-simple"},"acf":[],"yoast_head":"<!-- This site is optimized with the Yoast SEO plugin v27.2 - https:\/\/yoast.com\/product\/yoast-seo-wordpress\/ -->\n<title>Rechauffeur de cire par immersion - numerique (1 recipient) | MESTRA<\/title>\n<meta name=\"description\" content=\"Chez MESTRA, nous avons Rechauffeur de cire par immersion - numerique (1 recipient) commander en ligne.\" \/>\n<meta name=\"robots\" content=\"index, follow, max-snippet:-1, max-image-preview:large, max-video-preview:-1\" \/>\n<link rel=\"canonical\" href=\"https:\/\/mestra.es\/fr\/producto\/calentador-de-cera-para-inmersion-digital-1-recipiente\/\" \/>\n<meta property=\"og:locale\" content=\"fr_FR\" \/>\n<meta property=\"og:type\" content=\"article\" \/>\n<meta property=\"og:title\" content=\"Rechauffeur de cire par immersion - numerique (1 recipient) | MESTRA\" \/>\n<meta property=\"og:description\" content=\"Chez MESTRA, nous avons Rechauffeur de cire par immersion - numerique (1 recipient) commander en ligne.\" \/>\n<meta property=\"og:url\" content=\"https:\/\/mestra.es\/fr\/producto\/calentador-de-cera-para-inmersion-digital-1-recipiente\/\" \/>\n<meta property=\"og:site_name\" content=\"Talleres Mestra\" \/>\n<meta property=\"article:modified_time\" content=\"2024-09-27T11:49:20+00:00\" \/>\n<meta property=\"og:image\" content=\"https:\/\/mestra.es\/wp-content\/uploads\/2024\/03\/100126-1.jpg\" \/>\n\t<meta property=\"og:image:width\" content=\"600\" \/>\n\t<meta property=\"og:image:height\" content=\"600\" \/>\n\t<meta property=\"og:image:type\" content=\"image\/jpeg\" \/>\n<meta name=\"twitter:card\" content=\"summary_large_image\" \/>\n<meta name=\"twitter:label1\" content=\"Prix\" \/>\n\t<meta name=\"twitter:data1\" content=\"\" \/>\n\t<meta name=\"twitter:label2\" content=\"Disponibilit\u00e9\" \/>\n\t<meta name=\"twitter:data2\" content=\"En stock\" \/>\n<script type=\"application\/ld+json\" class=\"yoast-schema-graph\">{\"@context\":\"https:\/\/schema.org\",\"@graph\":[{\"@type\":\"WebPage\",\"@id\":\"https:\/\/mestra.es\/fr\/producto\/calentador-de-cera-para-inmersion-digital-1-recipiente\/\",\"url\":\"https:\/\/mestra.es\/fr\/producto\/calentador-de-cera-para-inmersion-digital-1-recipiente\/\",\"name\":\"Rechauffeur de cire par immersion - numerique (1 recipient) | MESTRA\",\"isPartOf\":{\"@id\":\"https:\/\/mestra.es\/fr\/#website\"},\"primaryImageOfPage\":{\"@id\":\"https:\/\/mestra.es\/fr\/producto\/calentador-de-cera-para-inmersion-digital-1-recipiente\/#primaryimage\"},\"image\":{\"@id\":\"https:\/\/mestra.es\/fr\/producto\/calentador-de-cera-para-inmersion-digital-1-recipiente\/#primaryimage\"},\"thumbnailUrl\":\"https:\/\/mestra.es\/wp-content\/uploads\/2024\/03\/100126-1.jpg\",\"datePublished\":\"2024-03-11T12:37:45+00:00\",\"dateModified\":\"2024-09-27T11:49:20+00:00\",\"description\":\"Chez MESTRA, nous avons Rechauffeur de cire par immersion - numerique (1 recipient) commander en ligne.\",\"breadcrumb\":{\"@id\":\"https:\/\/mestra.es\/fr\/producto\/calentador-de-cera-para-inmersion-digital-1-recipiente\/#breadcrumb\"},\"inLanguage\":\"fr-FR\",\"potentialAction\":[{\"@type\":\"ReadAction\",\"target\":[\"https:\/\/mestra.es\/fr\/producto\/calentador-de-cera-para-inmersion-digital-1-recipiente\/\"]}]},{\"@type\":\"ImageObject\",\"inLanguage\":\"fr-FR\",\"@id\":\"https:\/\/mestra.es\/fr\/producto\/calentador-de-cera-para-inmersion-digital-1-recipiente\/#primaryimage\",\"url\":\"https:\/\/mestra.es\/wp-content\/uploads\/2024\/03\/100126-1.jpg\",\"contentUrl\":\"https:\/\/mestra.es\/wp-content\/uploads\/2024\/03\/100126-1.jpg\",\"width\":600,\"height\":600,\"caption\":\"Calentador de cera para inmersi\u00f3n digital - 1 recipiente\"},{\"@type\":\"BreadcrumbList\",\"@id\":\"https:\/\/mestra.es\/fr\/producto\/calentador-de-cera-para-inmersion-digital-1-recipiente\/#breadcrumb\",\"itemListElement\":[{\"@type\":\"ListItem\",\"position\":1,\"name\":\"Portada\",\"item\":\"https:\/\/mestra.es\/fr\/\"},{\"@type\":\"ListItem\",\"position\":2,\"name\":\"Boutique\",\"item\":\"https:\/\/mestra.es\/fr\/boutique\/\"},{\"@type\":\"ListItem\",\"position\":3,\"name\":\"RECHAUFFEUR DE CIRE PAR IMMERSION &#8211; NUMERIQUE (1 RECIPIENT)\"}]},{\"@type\":\"WebSite\",\"@id\":\"https:\/\/mestra.es\/fr\/#website\",\"url\":\"https:\/\/mestra.es\/fr\/\",\"name\":\"Talleres Mestra\",\"description\":\"\",\"publisher\":{\"@id\":\"https:\/\/mestra.es\/fr\/#organization\"},\"potentialAction\":[{\"@type\":\"SearchAction\",\"target\":{\"@type\":\"EntryPoint\",\"urlTemplate\":\"https:\/\/mestra.es\/fr\/?s={search_term_string}\"},\"query-input\":{\"@type\":\"PropertyValueSpecification\",\"valueRequired\":true,\"valueName\":\"search_term_string\"}}],\"inLanguage\":\"fr-FR\"},{\"@type\":\"Organization\",\"@id\":\"https:\/\/mestra.es\/fr\/#organization\",\"name\":\"Talleres Mestra\",\"url\":\"https:\/\/mestra.es\/fr\/\",\"logo\":{\"@type\":\"ImageObject\",\"inLanguage\":\"fr-FR\",\"@id\":\"https:\/\/mestra.es\/fr\/#\/schema\/logo\/image\/\",\"url\":\"https:\/\/mestra.es\/wp-content\/uploads\/2024\/05\/logo_mestra.png\",\"contentUrl\":\"https:\/\/mestra.es\/wp-content\/uploads\/2024\/05\/logo_mestra.png\",\"width\":300,\"height\":170,\"caption\":\"Talleres Mestra\"},\"image\":{\"@id\":\"https:\/\/mestra.es\/fr\/#\/schema\/logo\/image\/\"}}]}<\/script>\n<meta property=\"product:price:currency\" content=\"EUR\" \/>\n<meta property=\"og:availability\" content=\"instock\" \/>\n<meta property=\"product:availability\" content=\"instock\" \/>\n<meta property=\"product:retailer_item_id\" content=\"100126\" \/>\n<meta property=\"product:condition\" content=\"new\" \/>\n<!-- \/ Yoast SEO plugin. -->","yoast_head_json":{"title":"Rechauffeur de cire par immersion - numerique (1 recipient) | MESTRA","description":"Chez MESTRA, nous avons Rechauffeur de cire par immersion - numerique (1 recipient) commander en ligne.","robots":{"index":"index","follow":"follow","max-snippet":"max-snippet:-1","max-image-preview":"max-image-preview:large","max-video-preview":"max-video-preview:-1"},"canonical":"https:\/\/mestra.es\/fr\/producto\/calentador-de-cera-para-inmersion-digital-1-recipiente\/","og_locale":"fr_FR","og_type":"article","og_title":"Rechauffeur de cire par immersion - numerique (1 recipient) | MESTRA","og_description":"Chez MESTRA, nous avons Rechauffeur de cire par immersion - numerique (1 recipient) commander en ligne.","og_url":"https:\/\/mestra.es\/fr\/producto\/calentador-de-cera-para-inmersion-digital-1-recipiente\/","og_site_name":"Talleres Mestra","article_modified_time":"2024-09-27T11:49:20+00:00","og_image":[{"width":600,"height":600,"url":"https:\/\/mestra.es\/wp-content\/uploads\/2024\/03\/100126-1.jpg","type":"image\/jpeg"}],"twitter_card":"summary_large_image","twitter_misc":{"Prix":"","Disponibilit\u00e9":"En stock"},"schema":{"@context":"https:\/\/schema.org","@graph":[{"@type":"WebPage","@id":"https:\/\/mestra.es\/fr\/producto\/calentador-de-cera-para-inmersion-digital-1-recipiente\/","url":"https:\/\/mestra.es\/fr\/producto\/calentador-de-cera-para-inmersion-digital-1-recipiente\/","name":"Rechauffeur de cire par immersion - numerique (1 recipient) | MESTRA","isPartOf":{"@id":"https:\/\/mestra.es\/fr\/#website"},"primaryImageOfPage":{"@id":"https:\/\/mestra.es\/fr\/producto\/calentador-de-cera-para-inmersion-digital-1-recipiente\/#primaryimage"},"image":{"@id":"https:\/\/mestra.es\/fr\/producto\/calentador-de-cera-para-inmersion-digital-1-recipiente\/#primaryimage"},"thumbnailUrl":"https:\/\/mestra.es\/wp-content\/uploads\/2024\/03\/100126-1.jpg","datePublished":"2024-03-11T12:37:45+00:00","dateModified":"2024-09-27T11:49:20+00:00","description":"Chez MESTRA, nous avons Rechauffeur de cire par immersion - numerique (1 recipient) commander en ligne.","breadcrumb":{"@id":"https:\/\/mestra.es\/fr\/producto\/calentador-de-cera-para-inmersion-digital-1-recipiente\/#breadcrumb"},"inLanguage":"fr-FR","potentialAction":[{"@type":"ReadAction","target":["https:\/\/mestra.es\/fr\/producto\/calentador-de-cera-para-inmersion-digital-1-recipiente\/"]}]},{"@type":"ImageObject","inLanguage":"fr-FR","@id":"https:\/\/mestra.es\/fr\/producto\/calentador-de-cera-para-inmersion-digital-1-recipiente\/#primaryimage","url":"https:\/\/mestra.es\/wp-content\/uploads\/2024\/03\/100126-1.jpg","contentUrl":"https:\/\/mestra.es\/wp-content\/uploads\/2024\/03\/100126-1.jpg","width":600,"height":600,"caption":"Calentador de cera para inmersi\u00f3n digital - 1 recipiente"},{"@type":"BreadcrumbList","@id":"https:\/\/mestra.es\/fr\/producto\/calentador-de-cera-para-inmersion-digital-1-recipiente\/#breadcrumb","itemListElement":[{"@type":"ListItem","position":1,"name":"Portada","item":"https:\/\/mestra.es\/fr\/"},{"@type":"ListItem","position":2,"name":"Boutique","item":"https:\/\/mestra.es\/fr\/boutique\/"},{"@type":"ListItem","position":3,"name":"RECHAUFFEUR DE CIRE PAR IMMERSION &#8211; NUMERIQUE (1 RECIPIENT)"}]},{"@type":"WebSite","@id":"https:\/\/mestra.es\/fr\/#website","url":"https:\/\/mestra.es\/fr\/","name":"Talleres Mestra","description":"","publisher":{"@id":"https:\/\/mestra.es\/fr\/#organization"},"potentialAction":[{"@type":"SearchAction","target":{"@type":"EntryPoint","urlTemplate":"https:\/\/mestra.es\/fr\/?s={search_term_string}"},"query-input":{"@type":"PropertyValueSpecification","valueRequired":true,"valueName":"search_term_string"}}],"inLanguage":"fr-FR"},{"@type":"Organization","@id":"https:\/\/mestra.es\/fr\/#organization","name":"Talleres Mestra","url":"https:\/\/mestra.es\/fr\/","logo":{"@type":"ImageObject","inLanguage":"fr-FR","@id":"https:\/\/mestra.es\/fr\/#\/schema\/logo\/image\/","url":"https:\/\/mestra.es\/wp-content\/uploads\/2024\/05\/logo_mestra.png","contentUrl":"https:\/\/mestra.es\/wp-content\/uploads\/2024\/05\/logo_mestra.png","width":300,"height":170,"caption":"Talleres Mestra"},"image":{"@id":"https:\/\/mestra.es\/fr\/#\/schema\/logo\/image\/"}}]},"product_price_currency":"EUR","og_availability":"instock","product_availability":"instock","product_retailer_item_id":"100126","product_condition":"new"},"_links":{"self":[{"href":"https:\/\/mestra.es\/fr\/wp-json\/wp\/v2\/product\/12461","targetHints":{"allow":["GET"]}}],"collection":[{"href":"https:\/\/mestra.es\/fr\/wp-json\/wp\/v2\/product"}],"about":[{"href":"https:\/\/mestra.es\/fr\/wp-json\/wp\/v2\/types\/product"}],"wp:featuredmedia":[{"embeddable":true,"href":"https:\/\/mestra.es\/fr\/wp-json\/wp\/v2\/media\/15970"}],"wp:attachment":[{"href":"https:\/\/mestra.es\/fr\/wp-json\/wp\/v2\/media?parent=12461"}],"wp:term":[{"taxonomy":"product_brand","embeddable":true,"href":"https:\/\/mestra.es\/fr\/wp-json\/wp\/v2\/product_brand?post=12461"},{"taxonomy":"product_cat","embeddable":true,"href":"https:\/\/mestra.es\/fr\/wp-json\/wp\/v2\/product_cat?post=12461"},{"taxonomy":"product_tag","embeddable":true,"href":"https:\/\/mestra.es\/fr\/wp-json\/wp\/v2\/product_tag?post=12461"}],"curies":[{"name":"wp","href":"https:\/\/api.w.org\/{rel}","templated":true}]}}