{"id":12459,"date":"2024-03-11T13:37:46","date_gmt":"2024-03-11T12:37:46","guid":{"rendered":"https:\/\/mestra.es\/producto\/espatula-electronica-para-modelar-cera\/"},"modified":"2025-03-20T08:40:46","modified_gmt":"2025-03-20T07:40:46","slug":"espatula-electronica-para-modelar-cera","status":"publish","type":"product","link":"https:\/\/mestra.es\/fr\/producto\/espatula-electronica-para-modelar-cera\/","title":{"rendered":"SPATULE ELECTRONIQUE DE MODELAGE DE LA CIRE"},"content":{"rendered":"<p>Appareil con\u00e7u pour le laboratoire de proth\u00e8ses dentaires.<\/p>\n<p>Son ergonomie, sa facilit\u00e9 d&#8217;emploi et ses dimensions r\u00e9duites en font un \u00e9l\u00e9ment id\u00e9al pour le modelage de la cire.<\/p>\n<p>La pr\u00e9cision du contr\u00f4le \u00e9lectronique maintient la pointe de la spatule \u00e0 la temp\u00e9rature voulue avec tr\u00e8s peu de marge de variation.<\/p>\n<p>La temp\u00e9rature est lisible sur le display situ\u00e9 dans la bo\u00eete de contr\u00f4le.<\/p>\n","protected":false},"excerpt":{"rendered":"<p>Appareil con\u00e7u pour le laboratoire de proth\u00e8ses dentaires. Son ergonomie, sa facilit\u00e9 d&#8217;emploi et ses dimensions r\u00e9duites en font un \u00e9l\u00e9ment id\u00e9al pour le modelage de la cire. La pr\u00e9cision du contr\u00f4le \u00e9lectronique maintient la pointe de la spatule \u00e0 la temp\u00e9rature voulue avec tr\u00e8s peu de marge de variation. La temp\u00e9rature est lisible sur [&hellip;]<\/p>\n","protected":false},"featured_media":9649,"template":"","meta":{"_acf_changed":false,"_monsterinsights_skip_tracking":false,"_monsterinsights_sitenote_active":false,"_monsterinsights_sitenote_note":"","_monsterinsights_sitenote_category":0},"product_brand":[],"product_cat":[1362],"product_tag":[],"class_list":{"0":"post-12459","1":"product","2":"type-product","3":"status-publish","4":"has-post-thumbnail","6":"product_cat-spatules-electriques","8":"first","9":"instock","10":"product-type-simple"},"acf":[],"yoast_head":"<!-- This site is optimized with the Yoast SEO plugin v27.2 - https:\/\/yoast.com\/product\/yoast-seo-wordpress\/ -->\n<title>Spatule electronique de modelage de la cire | MESTRA<\/title>\n<meta name=\"description\" content=\"Chez MESTRA, nous avons Spatule electronique de modelage de la cire commander en ligne.\" \/>\n<meta name=\"robots\" content=\"index, follow, max-snippet:-1, max-image-preview:large, max-video-preview:-1\" \/>\n<link rel=\"canonical\" href=\"https:\/\/mestra.es\/fr\/producto\/espatula-electronica-para-modelar-cera\/\" \/>\n<meta property=\"og:locale\" content=\"fr_FR\" \/>\n<meta property=\"og:type\" content=\"article\" \/>\n<meta property=\"og:title\" content=\"Spatule electronique de modelage de la cire | MESTRA\" \/>\n<meta property=\"og:description\" content=\"Chez MESTRA, nous avons Spatule electronique de modelage de la cire commander en ligne.\" \/>\n<meta property=\"og:url\" content=\"https:\/\/mestra.es\/fr\/producto\/espatula-electronica-para-modelar-cera\/\" \/>\n<meta property=\"og:site_name\" content=\"Talleres Mestra\" \/>\n<meta property=\"article:modified_time\" content=\"2025-03-20T07:40:46+00:00\" \/>\n<meta property=\"og:image\" content=\"https:\/\/mestra.es\/wp-content\/uploads\/2024\/03\/100007.jpg\" \/>\n\t<meta property=\"og:image:width\" content=\"600\" \/>\n\t<meta property=\"og:image:height\" content=\"430\" \/>\n\t<meta property=\"og:image:type\" content=\"image\/jpeg\" \/>\n<meta name=\"twitter:card\" content=\"summary_large_image\" \/>\n<meta name=\"twitter:label1\" content=\"Prix\" \/>\n\t<meta name=\"twitter:data1\" content=\"\" \/>\n\t<meta name=\"twitter:label2\" content=\"Disponibilit\u00e9\" \/>\n\t<meta name=\"twitter:data2\" content=\"En stock\" \/>\n<script type=\"application\/ld+json\" class=\"yoast-schema-graph\">{\"@context\":\"https:\/\/schema.org\",\"@graph\":[{\"@type\":\"WebPage\",\"@id\":\"https:\/\/mestra.es\/fr\/producto\/espatula-electronica-para-modelar-cera\/\",\"url\":\"https:\/\/mestra.es\/fr\/producto\/espatula-electronica-para-modelar-cera\/\",\"name\":\"Spatule electronique de modelage de la cire | MESTRA\",\"isPartOf\":{\"@id\":\"https:\/\/mestra.es\/fr\/#website\"},\"primaryImageOfPage\":{\"@id\":\"https:\/\/mestra.es\/fr\/producto\/espatula-electronica-para-modelar-cera\/#primaryimage\"},\"image\":{\"@id\":\"https:\/\/mestra.es\/fr\/producto\/espatula-electronica-para-modelar-cera\/#primaryimage\"},\"thumbnailUrl\":\"https:\/\/mestra.es\/wp-content\/uploads\/2024\/03\/100007.jpg\",\"datePublished\":\"2024-03-11T12:37:46+00:00\",\"dateModified\":\"2025-03-20T07:40:46+00:00\",\"description\":\"Chez MESTRA, nous avons Spatule electronique de modelage de la cire commander en ligne.\",\"breadcrumb\":{\"@id\":\"https:\/\/mestra.es\/fr\/producto\/espatula-electronica-para-modelar-cera\/#breadcrumb\"},\"inLanguage\":\"fr-FR\",\"potentialAction\":[{\"@type\":\"ReadAction\",\"target\":[\"https:\/\/mestra.es\/fr\/producto\/espatula-electronica-para-modelar-cera\/\"]}]},{\"@type\":\"ImageObject\",\"inLanguage\":\"fr-FR\",\"@id\":\"https:\/\/mestra.es\/fr\/producto\/espatula-electronica-para-modelar-cera\/#primaryimage\",\"url\":\"https:\/\/mestra.es\/wp-content\/uploads\/2024\/03\/100007.jpg\",\"contentUrl\":\"https:\/\/mestra.es\/wp-content\/uploads\/2024\/03\/100007.jpg\",\"width\":600,\"height\":430,\"caption\":\"Esp\u00e1tula electr\u00f3nica para modelar cera\"},{\"@type\":\"BreadcrumbList\",\"@id\":\"https:\/\/mestra.es\/fr\/producto\/espatula-electronica-para-modelar-cera\/#breadcrumb\",\"itemListElement\":[{\"@type\":\"ListItem\",\"position\":1,\"name\":\"Portada\",\"item\":\"https:\/\/mestra.es\/fr\/\"},{\"@type\":\"ListItem\",\"position\":2,\"name\":\"Boutique\",\"item\":\"https:\/\/mestra.es\/fr\/boutique\/\"},{\"@type\":\"ListItem\",\"position\":3,\"name\":\"SPATULE ELECTRONIQUE DE MODELAGE DE LA CIRE\"}]},{\"@type\":\"WebSite\",\"@id\":\"https:\/\/mestra.es\/fr\/#website\",\"url\":\"https:\/\/mestra.es\/fr\/\",\"name\":\"Talleres Mestra\",\"description\":\"\",\"publisher\":{\"@id\":\"https:\/\/mestra.es\/fr\/#organization\"},\"potentialAction\":[{\"@type\":\"SearchAction\",\"target\":{\"@type\":\"EntryPoint\",\"urlTemplate\":\"https:\/\/mestra.es\/fr\/?s={search_term_string}\"},\"query-input\":{\"@type\":\"PropertyValueSpecification\",\"valueRequired\":true,\"valueName\":\"search_term_string\"}}],\"inLanguage\":\"fr-FR\"},{\"@type\":\"Organization\",\"@id\":\"https:\/\/mestra.es\/fr\/#organization\",\"name\":\"Talleres Mestra\",\"url\":\"https:\/\/mestra.es\/fr\/\",\"logo\":{\"@type\":\"ImageObject\",\"inLanguage\":\"fr-FR\",\"@id\":\"https:\/\/mestra.es\/fr\/#\/schema\/logo\/image\/\",\"url\":\"https:\/\/mestra.es\/wp-content\/uploads\/2024\/05\/logo_mestra.png\",\"contentUrl\":\"https:\/\/mestra.es\/wp-content\/uploads\/2024\/05\/logo_mestra.png\",\"width\":300,\"height\":170,\"caption\":\"Talleres Mestra\"},\"image\":{\"@id\":\"https:\/\/mestra.es\/fr\/#\/schema\/logo\/image\/\"}}]}<\/script>\n<meta property=\"product:price:currency\" content=\"EUR\" \/>\n<meta property=\"og:availability\" content=\"instock\" \/>\n<meta property=\"product:availability\" content=\"instock\" \/>\n<meta property=\"product:retailer_item_id\" content=\"100007\" \/>\n<meta property=\"product:condition\" content=\"new\" \/>\n<!-- \/ Yoast SEO plugin. -->","yoast_head_json":{"title":"Spatule electronique de modelage de la cire | MESTRA","description":"Chez MESTRA, nous avons Spatule electronique de modelage de la cire commander en ligne.","robots":{"index":"index","follow":"follow","max-snippet":"max-snippet:-1","max-image-preview":"max-image-preview:large","max-video-preview":"max-video-preview:-1"},"canonical":"https:\/\/mestra.es\/fr\/producto\/espatula-electronica-para-modelar-cera\/","og_locale":"fr_FR","og_type":"article","og_title":"Spatule electronique de modelage de la cire | MESTRA","og_description":"Chez MESTRA, nous avons Spatule electronique de modelage de la cire commander en ligne.","og_url":"https:\/\/mestra.es\/fr\/producto\/espatula-electronica-para-modelar-cera\/","og_site_name":"Talleres Mestra","article_modified_time":"2025-03-20T07:40:46+00:00","og_image":[{"width":600,"height":430,"url":"https:\/\/mestra.es\/wp-content\/uploads\/2024\/03\/100007.jpg","type":"image\/jpeg"}],"twitter_card":"summary_large_image","twitter_misc":{"Prix":"","Disponibilit\u00e9":"En stock"},"schema":{"@context":"https:\/\/schema.org","@graph":[{"@type":"WebPage","@id":"https:\/\/mestra.es\/fr\/producto\/espatula-electronica-para-modelar-cera\/","url":"https:\/\/mestra.es\/fr\/producto\/espatula-electronica-para-modelar-cera\/","name":"Spatule electronique de modelage de la cire | MESTRA","isPartOf":{"@id":"https:\/\/mestra.es\/fr\/#website"},"primaryImageOfPage":{"@id":"https:\/\/mestra.es\/fr\/producto\/espatula-electronica-para-modelar-cera\/#primaryimage"},"image":{"@id":"https:\/\/mestra.es\/fr\/producto\/espatula-electronica-para-modelar-cera\/#primaryimage"},"thumbnailUrl":"https:\/\/mestra.es\/wp-content\/uploads\/2024\/03\/100007.jpg","datePublished":"2024-03-11T12:37:46+00:00","dateModified":"2025-03-20T07:40:46+00:00","description":"Chez MESTRA, nous avons Spatule electronique de modelage de la cire commander en ligne.","breadcrumb":{"@id":"https:\/\/mestra.es\/fr\/producto\/espatula-electronica-para-modelar-cera\/#breadcrumb"},"inLanguage":"fr-FR","potentialAction":[{"@type":"ReadAction","target":["https:\/\/mestra.es\/fr\/producto\/espatula-electronica-para-modelar-cera\/"]}]},{"@type":"ImageObject","inLanguage":"fr-FR","@id":"https:\/\/mestra.es\/fr\/producto\/espatula-electronica-para-modelar-cera\/#primaryimage","url":"https:\/\/mestra.es\/wp-content\/uploads\/2024\/03\/100007.jpg","contentUrl":"https:\/\/mestra.es\/wp-content\/uploads\/2024\/03\/100007.jpg","width":600,"height":430,"caption":"Esp\u00e1tula electr\u00f3nica para modelar cera"},{"@type":"BreadcrumbList","@id":"https:\/\/mestra.es\/fr\/producto\/espatula-electronica-para-modelar-cera\/#breadcrumb","itemListElement":[{"@type":"ListItem","position":1,"name":"Portada","item":"https:\/\/mestra.es\/fr\/"},{"@type":"ListItem","position":2,"name":"Boutique","item":"https:\/\/mestra.es\/fr\/boutique\/"},{"@type":"ListItem","position":3,"name":"SPATULE ELECTRONIQUE DE MODELAGE DE LA CIRE"}]},{"@type":"WebSite","@id":"https:\/\/mestra.es\/fr\/#website","url":"https:\/\/mestra.es\/fr\/","name":"Talleres Mestra","description":"","publisher":{"@id":"https:\/\/mestra.es\/fr\/#organization"},"potentialAction":[{"@type":"SearchAction","target":{"@type":"EntryPoint","urlTemplate":"https:\/\/mestra.es\/fr\/?s={search_term_string}"},"query-input":{"@type":"PropertyValueSpecification","valueRequired":true,"valueName":"search_term_string"}}],"inLanguage":"fr-FR"},{"@type":"Organization","@id":"https:\/\/mestra.es\/fr\/#organization","name":"Talleres Mestra","url":"https:\/\/mestra.es\/fr\/","logo":{"@type":"ImageObject","inLanguage":"fr-FR","@id":"https:\/\/mestra.es\/fr\/#\/schema\/logo\/image\/","url":"https:\/\/mestra.es\/wp-content\/uploads\/2024\/05\/logo_mestra.png","contentUrl":"https:\/\/mestra.es\/wp-content\/uploads\/2024\/05\/logo_mestra.png","width":300,"height":170,"caption":"Talleres Mestra"},"image":{"@id":"https:\/\/mestra.es\/fr\/#\/schema\/logo\/image\/"}}]},"product_price_currency":"EUR","og_availability":"instock","product_availability":"instock","product_retailer_item_id":"100007","product_condition":"new"},"_links":{"self":[{"href":"https:\/\/mestra.es\/fr\/wp-json\/wp\/v2\/product\/12459","targetHints":{"allow":["GET"]}}],"collection":[{"href":"https:\/\/mestra.es\/fr\/wp-json\/wp\/v2\/product"}],"about":[{"href":"https:\/\/mestra.es\/fr\/wp-json\/wp\/v2\/types\/product"}],"wp:featuredmedia":[{"embeddable":true,"href":"https:\/\/mestra.es\/fr\/wp-json\/wp\/v2\/media\/9649"}],"wp:attachment":[{"href":"https:\/\/mestra.es\/fr\/wp-json\/wp\/v2\/media?parent=12459"}],"wp:term":[{"taxonomy":"product_brand","embeddable":true,"href":"https:\/\/mestra.es\/fr\/wp-json\/wp\/v2\/product_brand?post=12459"},{"taxonomy":"product_cat","embeddable":true,"href":"https:\/\/mestra.es\/fr\/wp-json\/wp\/v2\/product_cat?post=12459"},{"taxonomy":"product_tag","embeddable":true,"href":"https:\/\/mestra.es\/fr\/wp-json\/wp\/v2\/product_tag?post=12459"}],"curies":[{"name":"wp","href":"https:\/\/api.w.org\/{rel}","templated":true}]}}