{"id":12433,"date":"2024-03-11T13:37:52","date_gmt":"2024-03-11T12:37:52","guid":{"rendered":"https:\/\/mestra.es\/producto\/centrifuga-cen-motor-sm-2-acero-inox\/"},"modified":"2025-03-20T15:27:28","modified_gmt":"2025-03-20T14:27:28","slug":"centrifuga-cen-motor-sm-2-acero-inox","status":"publish","type":"product","link":"https:\/\/mestra.es\/fr\/producto\/centrifuga-cen-motor-sm-2-acero-inox\/","title":{"rendered":"FRONDE ELECTRIQUE CEN-MOTOR SM2 (DE TABLE INOX)"},"content":{"rendered":"<p><strong>Fabriqu\u00e9 en Acier inox.<\/strong><\/p>\n<p>La CEN-MOTOR SM-2 induit une nouvelle g\u00e9n\u00e9ration du mod\u00e8le d\u00e9j\u00e0 connu SM-1.<\/p>\n<p>Cette fronde dispose d\u0092un ch\u00e2ssis robuste aux dimensions r\u00e9duites et d\u0092une grande rigidit\u00e9, qui, associ\u00e9 \u00e0 un syst\u00e8me de \u00abcabine flottante\u00bb r\u00e9duit substantiellement les vibrations pendant le fonctionnement de la machine.<\/p>\n<p>Le contr\u00f4le \u00e9lectronique command\u00e9 par micro processeur permet de r\u00e9guler de mani\u00e8re pr\u00e9cise et simple la force de d\u00e9marrage du moteur ainsi que le temps de centrifugation de la fronde.<\/p>\n<p>En ce qui concerne les caract\u00e9ristiques du bras, on peut en souligner son extraordinaire l\u00e9g\u00e8ret\u00e9, son syst\u00e8me de repli automatique \u00e9vitant les cons\u00e9quences d\u0092un d\u00e9marrage non compens\u00e9, et sa capacit\u00e9 \u00e0 recevoir des cylindres jusqu\u0092\u00e0 100 mm de diam\u00e8tre.<\/p>\n","protected":false},"excerpt":{"rendered":"<p>Fabriqu\u00e9 en Acier inox. La CEN-MOTOR SM-2 induit une nouvelle g\u00e9n\u00e9ration du mod\u00e8le d\u00e9j\u00e0 connu SM-1. Cette fronde dispose d\u0092un ch\u00e2ssis robuste aux dimensions r\u00e9duites et d\u0092une grande rigidit\u00e9, qui, associ\u00e9 \u00e0 un syst\u00e8me de \u00abcabine flottante\u00bb r\u00e9duit substantiellement les vibrations pendant le fonctionnement de la machine. Le contr\u00f4le \u00e9lectronique command\u00e9 par micro processeur permet [&hellip;]<\/p>\n","protected":false},"featured_media":9473,"template":"","meta":{"_acf_changed":false,"_monsterinsights_skip_tracking":false,"_monsterinsights_sitenote_active":false,"_monsterinsights_sitenote_note":"","_monsterinsights_sitenote_category":0},"product_brand":[],"product_cat":[1345],"product_tag":[],"class_list":{"0":"post-12433","1":"product","2":"type-product","3":"status-publish","4":"has-post-thumbnail","6":"product_cat-classiques","8":"first","9":"instock","10":"product-type-simple"},"acf":[],"yoast_head":"<!-- This site is optimized with the Yoast SEO plugin v27.2 - https:\/\/yoast.com\/product\/yoast-seo-wordpress\/ -->\n<title>Fronde electrique cen-motor sm2 (de table inox) | MESTRA<\/title>\n<meta name=\"description\" content=\"Chez MESTRA, nous avons Fronde electrique cen-motor sm2 (de table inox) commander en ligne.\" \/>\n<meta name=\"robots\" content=\"index, follow, max-snippet:-1, max-image-preview:large, max-video-preview:-1\" \/>\n<link rel=\"canonical\" href=\"https:\/\/mestra.es\/fr\/producto\/centrifuga-cen-motor-sm-2-acero-inox\/\" \/>\n<meta property=\"og:locale\" content=\"fr_FR\" \/>\n<meta property=\"og:type\" content=\"article\" \/>\n<meta property=\"og:title\" content=\"Fronde electrique cen-motor sm2 (de table inox) | MESTRA\" \/>\n<meta property=\"og:description\" content=\"Chez MESTRA, nous avons Fronde electrique cen-motor sm2 (de table inox) commander en ligne.\" \/>\n<meta property=\"og:url\" content=\"https:\/\/mestra.es\/fr\/producto\/centrifuga-cen-motor-sm-2-acero-inox\/\" \/>\n<meta property=\"og:site_name\" content=\"Talleres Mestra\" \/>\n<meta property=\"article:modified_time\" content=\"2025-03-20T14:27:28+00:00\" \/>\n<meta property=\"og:image\" content=\"https:\/\/mestra.es\/wp-content\/uploads\/2024\/03\/040064.jpg\" \/>\n\t<meta property=\"og:image:width\" content=\"600\" \/>\n\t<meta property=\"og:image:height\" content=\"600\" \/>\n\t<meta property=\"og:image:type\" content=\"image\/jpeg\" \/>\n<meta name=\"twitter:card\" content=\"summary_large_image\" \/>\n<meta name=\"twitter:label1\" content=\"Prix\" \/>\n\t<meta name=\"twitter:data1\" content=\"\" \/>\n\t<meta name=\"twitter:label2\" content=\"Disponibilit\u00e9\" \/>\n\t<meta name=\"twitter:data2\" content=\"En stock\" \/>\n<script type=\"application\/ld+json\" class=\"yoast-schema-graph\">{\"@context\":\"https:\/\/schema.org\",\"@graph\":[{\"@type\":\"WebPage\",\"@id\":\"https:\/\/mestra.es\/fr\/producto\/centrifuga-cen-motor-sm-2-acero-inox\/\",\"url\":\"https:\/\/mestra.es\/fr\/producto\/centrifuga-cen-motor-sm-2-acero-inox\/\",\"name\":\"Fronde electrique cen-motor sm2 (de table inox) | MESTRA\",\"isPartOf\":{\"@id\":\"https:\/\/mestra.es\/fr\/#website\"},\"primaryImageOfPage\":{\"@id\":\"https:\/\/mestra.es\/fr\/producto\/centrifuga-cen-motor-sm-2-acero-inox\/#primaryimage\"},\"image\":{\"@id\":\"https:\/\/mestra.es\/fr\/producto\/centrifuga-cen-motor-sm-2-acero-inox\/#primaryimage\"},\"thumbnailUrl\":\"https:\/\/mestra.es\/wp-content\/uploads\/2024\/03\/040064.jpg\",\"datePublished\":\"2024-03-11T12:37:52+00:00\",\"dateModified\":\"2025-03-20T14:27:28+00:00\",\"description\":\"Chez MESTRA, nous avons Fronde electrique cen-motor sm2 (de table inox) commander en ligne.\",\"breadcrumb\":{\"@id\":\"https:\/\/mestra.es\/fr\/producto\/centrifuga-cen-motor-sm-2-acero-inox\/#breadcrumb\"},\"inLanguage\":\"fr-FR\",\"potentialAction\":[{\"@type\":\"ReadAction\",\"target\":[\"https:\/\/mestra.es\/fr\/producto\/centrifuga-cen-motor-sm-2-acero-inox\/\"]}]},{\"@type\":\"ImageObject\",\"inLanguage\":\"fr-FR\",\"@id\":\"https:\/\/mestra.es\/fr\/producto\/centrifuga-cen-motor-sm-2-acero-inox\/#primaryimage\",\"url\":\"https:\/\/mestra.es\/wp-content\/uploads\/2024\/03\/040064.jpg\",\"contentUrl\":\"https:\/\/mestra.es\/wp-content\/uploads\/2024\/03\/040064.jpg\",\"width\":600,\"height\":600,\"caption\":\"Centr\u00edfuga CEN Motor SM-2\"},{\"@type\":\"BreadcrumbList\",\"@id\":\"https:\/\/mestra.es\/fr\/producto\/centrifuga-cen-motor-sm-2-acero-inox\/#breadcrumb\",\"itemListElement\":[{\"@type\":\"ListItem\",\"position\":1,\"name\":\"Portada\",\"item\":\"https:\/\/mestra.es\/fr\/\"},{\"@type\":\"ListItem\",\"position\":2,\"name\":\"Boutique\",\"item\":\"https:\/\/mestra.es\/fr\/boutique\/\"},{\"@type\":\"ListItem\",\"position\":3,\"name\":\"FRONDE ELECTRIQUE CEN-MOTOR SM2 (DE TABLE INOX)\"}]},{\"@type\":\"WebSite\",\"@id\":\"https:\/\/mestra.es\/fr\/#website\",\"url\":\"https:\/\/mestra.es\/fr\/\",\"name\":\"Talleres Mestra\",\"description\":\"\",\"publisher\":{\"@id\":\"https:\/\/mestra.es\/fr\/#organization\"},\"potentialAction\":[{\"@type\":\"SearchAction\",\"target\":{\"@type\":\"EntryPoint\",\"urlTemplate\":\"https:\/\/mestra.es\/fr\/?s={search_term_string}\"},\"query-input\":{\"@type\":\"PropertyValueSpecification\",\"valueRequired\":true,\"valueName\":\"search_term_string\"}}],\"inLanguage\":\"fr-FR\"},{\"@type\":\"Organization\",\"@id\":\"https:\/\/mestra.es\/fr\/#organization\",\"name\":\"Talleres Mestra\",\"url\":\"https:\/\/mestra.es\/fr\/\",\"logo\":{\"@type\":\"ImageObject\",\"inLanguage\":\"fr-FR\",\"@id\":\"https:\/\/mestra.es\/fr\/#\/schema\/logo\/image\/\",\"url\":\"https:\/\/mestra.es\/wp-content\/uploads\/2024\/05\/logo_mestra.png\",\"contentUrl\":\"https:\/\/mestra.es\/wp-content\/uploads\/2024\/05\/logo_mestra.png\",\"width\":300,\"height\":170,\"caption\":\"Talleres Mestra\"},\"image\":{\"@id\":\"https:\/\/mestra.es\/fr\/#\/schema\/logo\/image\/\"}}]}<\/script>\n<meta property=\"product:price:currency\" content=\"EUR\" \/>\n<meta property=\"og:availability\" content=\"instock\" \/>\n<meta property=\"product:availability\" content=\"instock\" \/>\n<meta property=\"product:retailer_item_id\" content=\"040064\" \/>\n<meta property=\"product:condition\" content=\"new\" \/>\n<!-- \/ Yoast SEO plugin. -->","yoast_head_json":{"title":"Fronde electrique cen-motor sm2 (de table inox) | MESTRA","description":"Chez MESTRA, nous avons Fronde electrique cen-motor sm2 (de table inox) commander en ligne.","robots":{"index":"index","follow":"follow","max-snippet":"max-snippet:-1","max-image-preview":"max-image-preview:large","max-video-preview":"max-video-preview:-1"},"canonical":"https:\/\/mestra.es\/fr\/producto\/centrifuga-cen-motor-sm-2-acero-inox\/","og_locale":"fr_FR","og_type":"article","og_title":"Fronde electrique cen-motor sm2 (de table inox) | MESTRA","og_description":"Chez MESTRA, nous avons Fronde electrique cen-motor sm2 (de table inox) commander en ligne.","og_url":"https:\/\/mestra.es\/fr\/producto\/centrifuga-cen-motor-sm-2-acero-inox\/","og_site_name":"Talleres Mestra","article_modified_time":"2025-03-20T14:27:28+00:00","og_image":[{"width":600,"height":600,"url":"https:\/\/mestra.es\/wp-content\/uploads\/2024\/03\/040064.jpg","type":"image\/jpeg"}],"twitter_card":"summary_large_image","twitter_misc":{"Prix":"","Disponibilit\u00e9":"En stock"},"schema":{"@context":"https:\/\/schema.org","@graph":[{"@type":"WebPage","@id":"https:\/\/mestra.es\/fr\/producto\/centrifuga-cen-motor-sm-2-acero-inox\/","url":"https:\/\/mestra.es\/fr\/producto\/centrifuga-cen-motor-sm-2-acero-inox\/","name":"Fronde electrique cen-motor sm2 (de table inox) | MESTRA","isPartOf":{"@id":"https:\/\/mestra.es\/fr\/#website"},"primaryImageOfPage":{"@id":"https:\/\/mestra.es\/fr\/producto\/centrifuga-cen-motor-sm-2-acero-inox\/#primaryimage"},"image":{"@id":"https:\/\/mestra.es\/fr\/producto\/centrifuga-cen-motor-sm-2-acero-inox\/#primaryimage"},"thumbnailUrl":"https:\/\/mestra.es\/wp-content\/uploads\/2024\/03\/040064.jpg","datePublished":"2024-03-11T12:37:52+00:00","dateModified":"2025-03-20T14:27:28+00:00","description":"Chez MESTRA, nous avons Fronde electrique cen-motor sm2 (de table inox) commander en ligne.","breadcrumb":{"@id":"https:\/\/mestra.es\/fr\/producto\/centrifuga-cen-motor-sm-2-acero-inox\/#breadcrumb"},"inLanguage":"fr-FR","potentialAction":[{"@type":"ReadAction","target":["https:\/\/mestra.es\/fr\/producto\/centrifuga-cen-motor-sm-2-acero-inox\/"]}]},{"@type":"ImageObject","inLanguage":"fr-FR","@id":"https:\/\/mestra.es\/fr\/producto\/centrifuga-cen-motor-sm-2-acero-inox\/#primaryimage","url":"https:\/\/mestra.es\/wp-content\/uploads\/2024\/03\/040064.jpg","contentUrl":"https:\/\/mestra.es\/wp-content\/uploads\/2024\/03\/040064.jpg","width":600,"height":600,"caption":"Centr\u00edfuga CEN Motor SM-2"},{"@type":"BreadcrumbList","@id":"https:\/\/mestra.es\/fr\/producto\/centrifuga-cen-motor-sm-2-acero-inox\/#breadcrumb","itemListElement":[{"@type":"ListItem","position":1,"name":"Portada","item":"https:\/\/mestra.es\/fr\/"},{"@type":"ListItem","position":2,"name":"Boutique","item":"https:\/\/mestra.es\/fr\/boutique\/"},{"@type":"ListItem","position":3,"name":"FRONDE ELECTRIQUE CEN-MOTOR SM2 (DE TABLE INOX)"}]},{"@type":"WebSite","@id":"https:\/\/mestra.es\/fr\/#website","url":"https:\/\/mestra.es\/fr\/","name":"Talleres Mestra","description":"","publisher":{"@id":"https:\/\/mestra.es\/fr\/#organization"},"potentialAction":[{"@type":"SearchAction","target":{"@type":"EntryPoint","urlTemplate":"https:\/\/mestra.es\/fr\/?s={search_term_string}"},"query-input":{"@type":"PropertyValueSpecification","valueRequired":true,"valueName":"search_term_string"}}],"inLanguage":"fr-FR"},{"@type":"Organization","@id":"https:\/\/mestra.es\/fr\/#organization","name":"Talleres Mestra","url":"https:\/\/mestra.es\/fr\/","logo":{"@type":"ImageObject","inLanguage":"fr-FR","@id":"https:\/\/mestra.es\/fr\/#\/schema\/logo\/image\/","url":"https:\/\/mestra.es\/wp-content\/uploads\/2024\/05\/logo_mestra.png","contentUrl":"https:\/\/mestra.es\/wp-content\/uploads\/2024\/05\/logo_mestra.png","width":300,"height":170,"caption":"Talleres Mestra"},"image":{"@id":"https:\/\/mestra.es\/fr\/#\/schema\/logo\/image\/"}}]},"product_price_currency":"EUR","og_availability":"instock","product_availability":"instock","product_retailer_item_id":"040064","product_condition":"new"},"_links":{"self":[{"href":"https:\/\/mestra.es\/fr\/wp-json\/wp\/v2\/product\/12433","targetHints":{"allow":["GET"]}}],"collection":[{"href":"https:\/\/mestra.es\/fr\/wp-json\/wp\/v2\/product"}],"about":[{"href":"https:\/\/mestra.es\/fr\/wp-json\/wp\/v2\/types\/product"}],"wp:featuredmedia":[{"embeddable":true,"href":"https:\/\/mestra.es\/fr\/wp-json\/wp\/v2\/media\/9473"}],"wp:attachment":[{"href":"https:\/\/mestra.es\/fr\/wp-json\/wp\/v2\/media?parent=12433"}],"wp:term":[{"taxonomy":"product_brand","embeddable":true,"href":"https:\/\/mestra.es\/fr\/wp-json\/wp\/v2\/product_brand?post=12433"},{"taxonomy":"product_cat","embeddable":true,"href":"https:\/\/mestra.es\/fr\/wp-json\/wp\/v2\/product_cat?post=12433"},{"taxonomy":"product_tag","embeddable":true,"href":"https:\/\/mestra.es\/fr\/wp-json\/wp\/v2\/product_tag?post=12433"}],"curies":[{"name":"wp","href":"https:\/\/api.w.org\/{rel}","templated":true}]}}