{"id":12431,"date":"2024-03-11T13:37:53","date_gmt":"2024-03-11T12:37:53","guid":{"rendered":"https:\/\/mestra.es\/producto\/centrifuga-induccion-vestacast-acero-inox\/"},"modified":"2025-03-20T15:40:08","modified_gmt":"2025-03-20T14:40:08","slug":"centrifuga-induccion-vestacast-acero-inox","status":"publish","type":"product","link":"https:\/\/mestra.es\/fr\/producto\/centrifuga-induccion-vestacast-acero-inox\/","title":{"rendered":"FRONDE A INDUCTION VESTACAST (ACIER INOX)"},"content":{"rendered":"<p>Fronde compacte de table \u00e0 induction, facile \u00e0 utiliser permettant des coul\u00e9es de qualit\u00e9. Bien que compos\u00e9e d\u0092un contr\u00f4le \u00e9lectronique sophistiqu\u00e9, la fronde VESTACAST est d\u0092une utilisation tr\u00e8s simple, aussi facile sinon plus que celle d\u0092une fronde \u00e9lectrique traditionnelle.<\/p>\n<p>Le ch\u00e2ssis est enti\u00e8rement construit en acier inoxydable. Sa puissance est de 2600 W. Elle b\u00e9n\u00e9ficie d\u0092un contr\u00f4le manuel puissance\/ temp\u00e9rature. La temp\u00e9rature de coul\u00e9e peut atteindre 1750 \u00b0C. Elle peut couler tout type d\u0092alliage, exception faite des alliages \u00e0 base de titane n\u00e9cessitant des mises sous vide.<\/p>\n<p>Les principaux avantages pourraient se r\u00e9sumer comme suit:<\/p>\n<ol>\n<li>Excellent rendement \u00e9nerg\u00e9tique: grande capacit\u00e9 de coul\u00e9e pour une faible consommation.<\/li>\n<li>Coul\u00e9e homog\u00e8ne avec faible d\u00e9perdition de mat\u00e9riau: Gain de temps dans les sablages et retouches post\u00e9rieures \u00e0 la coul\u00e9e.<\/li>\n<li>Tr\u00e8s compacte. Simple d\u0092entretien, simple \u00e0 utiliser.<\/li>\n<\/ol>\n","protected":false},"excerpt":{"rendered":"<p>Fronde compacte de table \u00e0 induction, facile \u00e0 utiliser permettant des coul\u00e9es de qualit\u00e9. Bien que compos\u00e9e d\u0092un contr\u00f4le \u00e9lectronique sophistiqu\u00e9, la fronde VESTACAST est d\u0092une utilisation tr\u00e8s simple, aussi facile sinon plus que celle d\u0092une fronde \u00e9lectrique traditionnelle. Le ch\u00e2ssis est enti\u00e8rement construit en acier inoxydable. Sa puissance est de 2600 W. Elle b\u00e9n\u00e9ficie [&hellip;]<\/p>\n","protected":false},"featured_media":9469,"template":"","meta":{"_acf_changed":false,"_monsterinsights_skip_tracking":false,"_monsterinsights_sitenote_active":false,"_monsterinsights_sitenote_note":"","_monsterinsights_sitenote_category":0},"product_brand":[],"product_cat":[1344],"product_tag":[],"class_list":{"0":"post-12431","1":"product","2":"type-product","3":"status-publish","4":"has-post-thumbnail","6":"product_cat-induction-fr","8":"first","9":"instock","10":"product-type-simple"},"acf":[],"yoast_head":"<!-- This site is optimized with the Yoast SEO plugin v27.2 - https:\/\/yoast.com\/product\/yoast-seo-wordpress\/ -->\n<title>Fronde a induction vestacast (acier inox) | MESTRA<\/title>\n<meta name=\"description\" content=\"Chez MESTRA nous avons Fronde a induction Vestacast (acier inox). Consultez notre catalogue de mat\u00e9riel dentaire et passez votre commande d\u00e8s maintenant.\" \/>\n<meta name=\"robots\" content=\"index, follow, max-snippet:-1, max-image-preview:large, max-video-preview:-1\" \/>\n<link rel=\"canonical\" href=\"https:\/\/mestra.es\/fr\/producto\/centrifuga-induccion-vestacast-acero-inox\/\" \/>\n<meta property=\"og:locale\" content=\"fr_FR\" \/>\n<meta property=\"og:type\" content=\"article\" \/>\n<meta property=\"og:title\" content=\"Fronde a induction vestacast (acier inox) | MESTRA\" \/>\n<meta property=\"og:description\" content=\"Chez MESTRA nous avons Fronde a induction Vestacast (acier inox). Consultez notre catalogue de mat\u00e9riel dentaire et passez votre commande d\u00e8s maintenant.\" \/>\n<meta property=\"og:url\" content=\"https:\/\/mestra.es\/fr\/producto\/centrifuga-induccion-vestacast-acero-inox\/\" \/>\n<meta property=\"og:site_name\" content=\"Talleres Mestra\" \/>\n<meta property=\"article:modified_time\" content=\"2025-03-20T14:40:08+00:00\" \/>\n<meta property=\"og:image\" content=\"https:\/\/mestra.es\/wp-content\/uploads\/2024\/03\/040061.jpg\" \/>\n\t<meta property=\"og:image:width\" content=\"544\" \/>\n\t<meta property=\"og:image:height\" content=\"600\" \/>\n\t<meta property=\"og:image:type\" content=\"image\/jpeg\" \/>\n<meta name=\"twitter:card\" content=\"summary_large_image\" \/>\n<meta name=\"twitter:label1\" content=\"Prix\" \/>\n\t<meta name=\"twitter:data1\" content=\"\" \/>\n\t<meta name=\"twitter:label2\" content=\"Disponibilit\u00e9\" \/>\n\t<meta name=\"twitter:data2\" content=\"En stock\" \/>\n<script type=\"application\/ld+json\" class=\"yoast-schema-graph\">{\"@context\":\"https:\/\/schema.org\",\"@graph\":[{\"@type\":\"WebPage\",\"@id\":\"https:\/\/mestra.es\/fr\/producto\/centrifuga-induccion-vestacast-acero-inox\/\",\"url\":\"https:\/\/mestra.es\/fr\/producto\/centrifuga-induccion-vestacast-acero-inox\/\",\"name\":\"Fronde a induction vestacast (acier inox) | MESTRA\",\"isPartOf\":{\"@id\":\"https:\/\/mestra.es\/fr\/#website\"},\"primaryImageOfPage\":{\"@id\":\"https:\/\/mestra.es\/fr\/producto\/centrifuga-induccion-vestacast-acero-inox\/#primaryimage\"},\"image\":{\"@id\":\"https:\/\/mestra.es\/fr\/producto\/centrifuga-induccion-vestacast-acero-inox\/#primaryimage\"},\"thumbnailUrl\":\"https:\/\/mestra.es\/wp-content\/uploads\/2024\/03\/040061.jpg\",\"datePublished\":\"2024-03-11T12:37:53+00:00\",\"dateModified\":\"2025-03-20T14:40:08+00:00\",\"description\":\"Chez MESTRA nous avons Fronde a induction Vestacast (acier inox). Consultez notre catalogue de mat\u00e9riel dentaire et passez votre commande d\u00e8s maintenant.\",\"breadcrumb\":{\"@id\":\"https:\/\/mestra.es\/fr\/producto\/centrifuga-induccion-vestacast-acero-inox\/#breadcrumb\"},\"inLanguage\":\"fr-FR\",\"potentialAction\":[{\"@type\":\"ReadAction\",\"target\":[\"https:\/\/mestra.es\/fr\/producto\/centrifuga-induccion-vestacast-acero-inox\/\"]}]},{\"@type\":\"ImageObject\",\"inLanguage\":\"fr-FR\",\"@id\":\"https:\/\/mestra.es\/fr\/producto\/centrifuga-induccion-vestacast-acero-inox\/#primaryimage\",\"url\":\"https:\/\/mestra.es\/wp-content\/uploads\/2024\/03\/040061.jpg\",\"contentUrl\":\"https:\/\/mestra.es\/wp-content\/uploads\/2024\/03\/040061.jpg\",\"width\":544,\"height\":600,\"caption\":\"Centr\u00edfuga inductora Vestacast\"},{\"@type\":\"BreadcrumbList\",\"@id\":\"https:\/\/mestra.es\/fr\/producto\/centrifuga-induccion-vestacast-acero-inox\/#breadcrumb\",\"itemListElement\":[{\"@type\":\"ListItem\",\"position\":1,\"name\":\"Portada\",\"item\":\"https:\/\/mestra.es\/fr\/\"},{\"@type\":\"ListItem\",\"position\":2,\"name\":\"Boutique\",\"item\":\"https:\/\/mestra.es\/fr\/boutique\/\"},{\"@type\":\"ListItem\",\"position\":3,\"name\":\"FRONDE A INDUCTION VESTACAST (ACIER INOX)\"}]},{\"@type\":\"WebSite\",\"@id\":\"https:\/\/mestra.es\/fr\/#website\",\"url\":\"https:\/\/mestra.es\/fr\/\",\"name\":\"Talleres Mestra\",\"description\":\"\",\"publisher\":{\"@id\":\"https:\/\/mestra.es\/fr\/#organization\"},\"potentialAction\":[{\"@type\":\"SearchAction\",\"target\":{\"@type\":\"EntryPoint\",\"urlTemplate\":\"https:\/\/mestra.es\/fr\/?s={search_term_string}\"},\"query-input\":{\"@type\":\"PropertyValueSpecification\",\"valueRequired\":true,\"valueName\":\"search_term_string\"}}],\"inLanguage\":\"fr-FR\"},{\"@type\":\"Organization\",\"@id\":\"https:\/\/mestra.es\/fr\/#organization\",\"name\":\"Talleres Mestra\",\"url\":\"https:\/\/mestra.es\/fr\/\",\"logo\":{\"@type\":\"ImageObject\",\"inLanguage\":\"fr-FR\",\"@id\":\"https:\/\/mestra.es\/fr\/#\/schema\/logo\/image\/\",\"url\":\"https:\/\/mestra.es\/wp-content\/uploads\/2024\/05\/logo_mestra.png\",\"contentUrl\":\"https:\/\/mestra.es\/wp-content\/uploads\/2024\/05\/logo_mestra.png\",\"width\":300,\"height\":170,\"caption\":\"Talleres Mestra\"},\"image\":{\"@id\":\"https:\/\/mestra.es\/fr\/#\/schema\/logo\/image\/\"}}]}<\/script>\n<meta property=\"product:price:currency\" content=\"EUR\" \/>\n<meta property=\"og:availability\" content=\"instock\" \/>\n<meta property=\"product:availability\" content=\"instock\" \/>\n<meta property=\"product:retailer_item_id\" content=\"040061\" \/>\n<meta property=\"product:condition\" content=\"new\" \/>\n<!-- \/ Yoast SEO plugin. -->","yoast_head_json":{"title":"Fronde a induction vestacast (acier inox) | MESTRA","description":"Chez MESTRA nous avons Fronde a induction Vestacast (acier inox). Consultez notre catalogue de mat\u00e9riel dentaire et passez votre commande d\u00e8s maintenant.","robots":{"index":"index","follow":"follow","max-snippet":"max-snippet:-1","max-image-preview":"max-image-preview:large","max-video-preview":"max-video-preview:-1"},"canonical":"https:\/\/mestra.es\/fr\/producto\/centrifuga-induccion-vestacast-acero-inox\/","og_locale":"fr_FR","og_type":"article","og_title":"Fronde a induction vestacast (acier inox) | MESTRA","og_description":"Chez MESTRA nous avons Fronde a induction Vestacast (acier inox). Consultez notre catalogue de mat\u00e9riel dentaire et passez votre commande d\u00e8s maintenant.","og_url":"https:\/\/mestra.es\/fr\/producto\/centrifuga-induccion-vestacast-acero-inox\/","og_site_name":"Talleres Mestra","article_modified_time":"2025-03-20T14:40:08+00:00","og_image":[{"width":544,"height":600,"url":"https:\/\/mestra.es\/wp-content\/uploads\/2024\/03\/040061.jpg","type":"image\/jpeg"}],"twitter_card":"summary_large_image","twitter_misc":{"Prix":"","Disponibilit\u00e9":"En stock"},"schema":{"@context":"https:\/\/schema.org","@graph":[{"@type":"WebPage","@id":"https:\/\/mestra.es\/fr\/producto\/centrifuga-induccion-vestacast-acero-inox\/","url":"https:\/\/mestra.es\/fr\/producto\/centrifuga-induccion-vestacast-acero-inox\/","name":"Fronde a induction vestacast (acier inox) | MESTRA","isPartOf":{"@id":"https:\/\/mestra.es\/fr\/#website"},"primaryImageOfPage":{"@id":"https:\/\/mestra.es\/fr\/producto\/centrifuga-induccion-vestacast-acero-inox\/#primaryimage"},"image":{"@id":"https:\/\/mestra.es\/fr\/producto\/centrifuga-induccion-vestacast-acero-inox\/#primaryimage"},"thumbnailUrl":"https:\/\/mestra.es\/wp-content\/uploads\/2024\/03\/040061.jpg","datePublished":"2024-03-11T12:37:53+00:00","dateModified":"2025-03-20T14:40:08+00:00","description":"Chez MESTRA nous avons Fronde a induction Vestacast (acier inox). Consultez notre catalogue de mat\u00e9riel dentaire et passez votre commande d\u00e8s maintenant.","breadcrumb":{"@id":"https:\/\/mestra.es\/fr\/producto\/centrifuga-induccion-vestacast-acero-inox\/#breadcrumb"},"inLanguage":"fr-FR","potentialAction":[{"@type":"ReadAction","target":["https:\/\/mestra.es\/fr\/producto\/centrifuga-induccion-vestacast-acero-inox\/"]}]},{"@type":"ImageObject","inLanguage":"fr-FR","@id":"https:\/\/mestra.es\/fr\/producto\/centrifuga-induccion-vestacast-acero-inox\/#primaryimage","url":"https:\/\/mestra.es\/wp-content\/uploads\/2024\/03\/040061.jpg","contentUrl":"https:\/\/mestra.es\/wp-content\/uploads\/2024\/03\/040061.jpg","width":544,"height":600,"caption":"Centr\u00edfuga inductora Vestacast"},{"@type":"BreadcrumbList","@id":"https:\/\/mestra.es\/fr\/producto\/centrifuga-induccion-vestacast-acero-inox\/#breadcrumb","itemListElement":[{"@type":"ListItem","position":1,"name":"Portada","item":"https:\/\/mestra.es\/fr\/"},{"@type":"ListItem","position":2,"name":"Boutique","item":"https:\/\/mestra.es\/fr\/boutique\/"},{"@type":"ListItem","position":3,"name":"FRONDE A INDUCTION VESTACAST (ACIER INOX)"}]},{"@type":"WebSite","@id":"https:\/\/mestra.es\/fr\/#website","url":"https:\/\/mestra.es\/fr\/","name":"Talleres Mestra","description":"","publisher":{"@id":"https:\/\/mestra.es\/fr\/#organization"},"potentialAction":[{"@type":"SearchAction","target":{"@type":"EntryPoint","urlTemplate":"https:\/\/mestra.es\/fr\/?s={search_term_string}"},"query-input":{"@type":"PropertyValueSpecification","valueRequired":true,"valueName":"search_term_string"}}],"inLanguage":"fr-FR"},{"@type":"Organization","@id":"https:\/\/mestra.es\/fr\/#organization","name":"Talleres Mestra","url":"https:\/\/mestra.es\/fr\/","logo":{"@type":"ImageObject","inLanguage":"fr-FR","@id":"https:\/\/mestra.es\/fr\/#\/schema\/logo\/image\/","url":"https:\/\/mestra.es\/wp-content\/uploads\/2024\/05\/logo_mestra.png","contentUrl":"https:\/\/mestra.es\/wp-content\/uploads\/2024\/05\/logo_mestra.png","width":300,"height":170,"caption":"Talleres Mestra"},"image":{"@id":"https:\/\/mestra.es\/fr\/#\/schema\/logo\/image\/"}}]},"product_price_currency":"EUR","og_availability":"instock","product_availability":"instock","product_retailer_item_id":"040061","product_condition":"new"},"_links":{"self":[{"href":"https:\/\/mestra.es\/fr\/wp-json\/wp\/v2\/product\/12431","targetHints":{"allow":["GET"]}}],"collection":[{"href":"https:\/\/mestra.es\/fr\/wp-json\/wp\/v2\/product"}],"about":[{"href":"https:\/\/mestra.es\/fr\/wp-json\/wp\/v2\/types\/product"}],"wp:featuredmedia":[{"embeddable":true,"href":"https:\/\/mestra.es\/fr\/wp-json\/wp\/v2\/media\/9469"}],"wp:attachment":[{"href":"https:\/\/mestra.es\/fr\/wp-json\/wp\/v2\/media?parent=12431"}],"wp:term":[{"taxonomy":"product_brand","embeddable":true,"href":"https:\/\/mestra.es\/fr\/wp-json\/wp\/v2\/product_brand?post=12431"},{"taxonomy":"product_cat","embeddable":true,"href":"https:\/\/mestra.es\/fr\/wp-json\/wp\/v2\/product_cat?post=12431"},{"taxonomy":"product_tag","embeddable":true,"href":"https:\/\/mestra.es\/fr\/wp-json\/wp\/v2\/product_tag?post=12431"}],"curies":[{"name":"wp","href":"https:\/\/api.w.org\/{rel}","templated":true}]}}