{"id":12407,"date":"2024-03-11T13:38:00","date_gmt":"2024-03-11T12:38:00","guid":{"rendered":"https:\/\/mestra.es\/producto\/calibre-de-puntas-tipo-pie-de-rey\/"},"modified":"2025-04-01T12:11:20","modified_gmt":"2025-04-01T10:11:20","slug":"calibre-de-puntas-tipo-pie-de-rey","status":"publish","type":"product","link":"https:\/\/mestra.es\/fr\/producto\/calibre-de-puntas-tipo-pie-de-rey\/","title":{"rendered":"PIED A COULISSE A POINTES"},"content":{"rendered":"<p>Indispensable pour les travaux de pr\u00e9cision au cabinet et en laboratoire.<\/p>\n<p>Il est dot\u00e9 d\u2019un bouton de remise \u00e0 z\u00e9ro.<\/p>\n<p>Possibilit\u00e9 de lecture en millim\u00e8tres ou en pouces.<\/p>\n<p>Livr\u00e9 avec \u00e9tui.<\/p>\n","protected":false},"excerpt":{"rendered":"<p>Indispensable pour les travaux de pr\u00e9cision au cabinet et en laboratoire. Il est dot\u00e9 d\u2019un bouton de remise \u00e0 z\u00e9ro. Possibilit\u00e9 de lecture en millim\u00e8tres ou en pouces. Livr\u00e9 avec \u00e9tui.<\/p>\n","protected":false},"featured_media":9697,"template":"","meta":{"_acf_changed":false,"_monsterinsights_skip_tracking":false,"_monsterinsights_sitenote_active":false,"_monsterinsights_sitenote_note":"","_monsterinsights_sitenote_category":0},"product_brand":[],"product_cat":[1326],"product_tag":[],"class_list":{"0":"post-12407","1":"product","2":"type-product","3":"status-publish","4":"has-post-thumbnail","6":"product_cat-pieds-a-coulisse-compas-depaisseur","8":"first","9":"instock","10":"product-type-simple"},"acf":[],"yoast_head":"<!-- This site is optimized with the Yoast SEO plugin v27.2 - https:\/\/yoast.com\/product\/yoast-seo-wordpress\/ -->\n<title>Pied a coulisse a pointes | MESTRA<\/title>\n<meta name=\"description\" content=\"Chez MESTRA, nous avons Pied a coulisse a pointes commander en ligne.\" \/>\n<meta name=\"robots\" content=\"index, follow, max-snippet:-1, max-image-preview:large, max-video-preview:-1\" \/>\n<link rel=\"canonical\" href=\"https:\/\/mestra.es\/fr\/producto\/calibre-de-puntas-tipo-pie-de-rey\/\" \/>\n<meta property=\"og:locale\" content=\"fr_FR\" \/>\n<meta property=\"og:type\" content=\"article\" \/>\n<meta property=\"og:title\" content=\"Pied a coulisse a pointes | MESTRA\" \/>\n<meta property=\"og:description\" content=\"Chez MESTRA, nous avons Pied a coulisse a pointes commander en ligne.\" \/>\n<meta property=\"og:url\" content=\"https:\/\/mestra.es\/fr\/producto\/calibre-de-puntas-tipo-pie-de-rey\/\" \/>\n<meta property=\"og:site_name\" content=\"Talleres Mestra\" \/>\n<meta property=\"article:modified_time\" content=\"2025-04-01T10:11:20+00:00\" \/>\n<meta property=\"og:image\" content=\"https:\/\/mestra.es\/wp-content\/uploads\/2024\/03\/100110.jpg\" \/>\n\t<meta property=\"og:image:width\" content=\"600\" \/>\n\t<meta property=\"og:image:height\" content=\"600\" \/>\n\t<meta property=\"og:image:type\" content=\"image\/jpeg\" \/>\n<meta name=\"twitter:card\" content=\"summary_large_image\" \/>\n<meta name=\"twitter:label1\" content=\"Prix\" \/>\n\t<meta name=\"twitter:data1\" content=\"\" \/>\n\t<meta name=\"twitter:label2\" content=\"Disponibilit\u00e9\" \/>\n\t<meta name=\"twitter:data2\" content=\"En stock\" \/>\n<script type=\"application\/ld+json\" class=\"yoast-schema-graph\">{\"@context\":\"https:\/\/schema.org\",\"@graph\":[{\"@type\":\"WebPage\",\"@id\":\"https:\/\/mestra.es\/fr\/producto\/calibre-de-puntas-tipo-pie-de-rey\/\",\"url\":\"https:\/\/mestra.es\/fr\/producto\/calibre-de-puntas-tipo-pie-de-rey\/\",\"name\":\"Pied a coulisse a pointes | MESTRA\",\"isPartOf\":{\"@id\":\"https:\/\/mestra.es\/fr\/#website\"},\"primaryImageOfPage\":{\"@id\":\"https:\/\/mestra.es\/fr\/producto\/calibre-de-puntas-tipo-pie-de-rey\/#primaryimage\"},\"image\":{\"@id\":\"https:\/\/mestra.es\/fr\/producto\/calibre-de-puntas-tipo-pie-de-rey\/#primaryimage\"},\"thumbnailUrl\":\"https:\/\/mestra.es\/wp-content\/uploads\/2024\/03\/100110.jpg\",\"datePublished\":\"2024-03-11T12:38:00+00:00\",\"dateModified\":\"2025-04-01T10:11:20+00:00\",\"description\":\"Chez MESTRA, nous avons Pied a coulisse a pointes commander en ligne.\",\"breadcrumb\":{\"@id\":\"https:\/\/mestra.es\/fr\/producto\/calibre-de-puntas-tipo-pie-de-rey\/#breadcrumb\"},\"inLanguage\":\"fr-FR\",\"potentialAction\":[{\"@type\":\"ReadAction\",\"target\":[\"https:\/\/mestra.es\/fr\/producto\/calibre-de-puntas-tipo-pie-de-rey\/\"]}]},{\"@type\":\"ImageObject\",\"inLanguage\":\"fr-FR\",\"@id\":\"https:\/\/mestra.es\/fr\/producto\/calibre-de-puntas-tipo-pie-de-rey\/#primaryimage\",\"url\":\"https:\/\/mestra.es\/wp-content\/uploads\/2024\/03\/100110.jpg\",\"contentUrl\":\"https:\/\/mestra.es\/wp-content\/uploads\/2024\/03\/100110.jpg\",\"width\":600,\"height\":600,\"caption\":\"Calibre de puntas digital\"},{\"@type\":\"BreadcrumbList\",\"@id\":\"https:\/\/mestra.es\/fr\/producto\/calibre-de-puntas-tipo-pie-de-rey\/#breadcrumb\",\"itemListElement\":[{\"@type\":\"ListItem\",\"position\":1,\"name\":\"Portada\",\"item\":\"https:\/\/mestra.es\/fr\/\"},{\"@type\":\"ListItem\",\"position\":2,\"name\":\"Boutique\",\"item\":\"https:\/\/mestra.es\/fr\/boutique\/\"},{\"@type\":\"ListItem\",\"position\":3,\"name\":\"PIED A COULISSE A POINTES\"}]},{\"@type\":\"WebSite\",\"@id\":\"https:\/\/mestra.es\/fr\/#website\",\"url\":\"https:\/\/mestra.es\/fr\/\",\"name\":\"Talleres Mestra\",\"description\":\"\",\"publisher\":{\"@id\":\"https:\/\/mestra.es\/fr\/#organization\"},\"potentialAction\":[{\"@type\":\"SearchAction\",\"target\":{\"@type\":\"EntryPoint\",\"urlTemplate\":\"https:\/\/mestra.es\/fr\/?s={search_term_string}\"},\"query-input\":{\"@type\":\"PropertyValueSpecification\",\"valueRequired\":true,\"valueName\":\"search_term_string\"}}],\"inLanguage\":\"fr-FR\"},{\"@type\":\"Organization\",\"@id\":\"https:\/\/mestra.es\/fr\/#organization\",\"name\":\"Talleres Mestra\",\"url\":\"https:\/\/mestra.es\/fr\/\",\"logo\":{\"@type\":\"ImageObject\",\"inLanguage\":\"fr-FR\",\"@id\":\"https:\/\/mestra.es\/fr\/#\/schema\/logo\/image\/\",\"url\":\"https:\/\/mestra.es\/wp-content\/uploads\/2024\/05\/logo_mestra.png\",\"contentUrl\":\"https:\/\/mestra.es\/wp-content\/uploads\/2024\/05\/logo_mestra.png\",\"width\":300,\"height\":170,\"caption\":\"Talleres Mestra\"},\"image\":{\"@id\":\"https:\/\/mestra.es\/fr\/#\/schema\/logo\/image\/\"}}]}<\/script>\n<meta property=\"product:price:currency\" content=\"EUR\" \/>\n<meta property=\"og:availability\" content=\"instock\" \/>\n<meta property=\"product:availability\" content=\"instock\" \/>\n<meta property=\"product:retailer_item_id\" content=\"100110\" \/>\n<meta property=\"product:condition\" content=\"new\" \/>\n<!-- \/ Yoast SEO plugin. -->","yoast_head_json":{"title":"Pied a coulisse a pointes | MESTRA","description":"Chez MESTRA, nous avons Pied a coulisse a pointes commander en ligne.","robots":{"index":"index","follow":"follow","max-snippet":"max-snippet:-1","max-image-preview":"max-image-preview:large","max-video-preview":"max-video-preview:-1"},"canonical":"https:\/\/mestra.es\/fr\/producto\/calibre-de-puntas-tipo-pie-de-rey\/","og_locale":"fr_FR","og_type":"article","og_title":"Pied a coulisse a pointes | MESTRA","og_description":"Chez MESTRA, nous avons Pied a coulisse a pointes commander en ligne.","og_url":"https:\/\/mestra.es\/fr\/producto\/calibre-de-puntas-tipo-pie-de-rey\/","og_site_name":"Talleres Mestra","article_modified_time":"2025-04-01T10:11:20+00:00","og_image":[{"width":600,"height":600,"url":"https:\/\/mestra.es\/wp-content\/uploads\/2024\/03\/100110.jpg","type":"image\/jpeg"}],"twitter_card":"summary_large_image","twitter_misc":{"Prix":"","Disponibilit\u00e9":"En stock"},"schema":{"@context":"https:\/\/schema.org","@graph":[{"@type":"WebPage","@id":"https:\/\/mestra.es\/fr\/producto\/calibre-de-puntas-tipo-pie-de-rey\/","url":"https:\/\/mestra.es\/fr\/producto\/calibre-de-puntas-tipo-pie-de-rey\/","name":"Pied a coulisse a pointes | MESTRA","isPartOf":{"@id":"https:\/\/mestra.es\/fr\/#website"},"primaryImageOfPage":{"@id":"https:\/\/mestra.es\/fr\/producto\/calibre-de-puntas-tipo-pie-de-rey\/#primaryimage"},"image":{"@id":"https:\/\/mestra.es\/fr\/producto\/calibre-de-puntas-tipo-pie-de-rey\/#primaryimage"},"thumbnailUrl":"https:\/\/mestra.es\/wp-content\/uploads\/2024\/03\/100110.jpg","datePublished":"2024-03-11T12:38:00+00:00","dateModified":"2025-04-01T10:11:20+00:00","description":"Chez MESTRA, nous avons Pied a coulisse a pointes commander en ligne.","breadcrumb":{"@id":"https:\/\/mestra.es\/fr\/producto\/calibre-de-puntas-tipo-pie-de-rey\/#breadcrumb"},"inLanguage":"fr-FR","potentialAction":[{"@type":"ReadAction","target":["https:\/\/mestra.es\/fr\/producto\/calibre-de-puntas-tipo-pie-de-rey\/"]}]},{"@type":"ImageObject","inLanguage":"fr-FR","@id":"https:\/\/mestra.es\/fr\/producto\/calibre-de-puntas-tipo-pie-de-rey\/#primaryimage","url":"https:\/\/mestra.es\/wp-content\/uploads\/2024\/03\/100110.jpg","contentUrl":"https:\/\/mestra.es\/wp-content\/uploads\/2024\/03\/100110.jpg","width":600,"height":600,"caption":"Calibre de puntas digital"},{"@type":"BreadcrumbList","@id":"https:\/\/mestra.es\/fr\/producto\/calibre-de-puntas-tipo-pie-de-rey\/#breadcrumb","itemListElement":[{"@type":"ListItem","position":1,"name":"Portada","item":"https:\/\/mestra.es\/fr\/"},{"@type":"ListItem","position":2,"name":"Boutique","item":"https:\/\/mestra.es\/fr\/boutique\/"},{"@type":"ListItem","position":3,"name":"PIED A COULISSE A POINTES"}]},{"@type":"WebSite","@id":"https:\/\/mestra.es\/fr\/#website","url":"https:\/\/mestra.es\/fr\/","name":"Talleres Mestra","description":"","publisher":{"@id":"https:\/\/mestra.es\/fr\/#organization"},"potentialAction":[{"@type":"SearchAction","target":{"@type":"EntryPoint","urlTemplate":"https:\/\/mestra.es\/fr\/?s={search_term_string}"},"query-input":{"@type":"PropertyValueSpecification","valueRequired":true,"valueName":"search_term_string"}}],"inLanguage":"fr-FR"},{"@type":"Organization","@id":"https:\/\/mestra.es\/fr\/#organization","name":"Talleres Mestra","url":"https:\/\/mestra.es\/fr\/","logo":{"@type":"ImageObject","inLanguage":"fr-FR","@id":"https:\/\/mestra.es\/fr\/#\/schema\/logo\/image\/","url":"https:\/\/mestra.es\/wp-content\/uploads\/2024\/05\/logo_mestra.png","contentUrl":"https:\/\/mestra.es\/wp-content\/uploads\/2024\/05\/logo_mestra.png","width":300,"height":170,"caption":"Talleres Mestra"},"image":{"@id":"https:\/\/mestra.es\/fr\/#\/schema\/logo\/image\/"}}]},"product_price_currency":"EUR","og_availability":"instock","product_availability":"instock","product_retailer_item_id":"100110","product_condition":"new"},"_links":{"self":[{"href":"https:\/\/mestra.es\/fr\/wp-json\/wp\/v2\/product\/12407","targetHints":{"allow":["GET"]}}],"collection":[{"href":"https:\/\/mestra.es\/fr\/wp-json\/wp\/v2\/product"}],"about":[{"href":"https:\/\/mestra.es\/fr\/wp-json\/wp\/v2\/types\/product"}],"wp:featuredmedia":[{"embeddable":true,"href":"https:\/\/mestra.es\/fr\/wp-json\/wp\/v2\/media\/9697"}],"wp:attachment":[{"href":"https:\/\/mestra.es\/fr\/wp-json\/wp\/v2\/media?parent=12407"}],"wp:term":[{"taxonomy":"product_brand","embeddable":true,"href":"https:\/\/mestra.es\/fr\/wp-json\/wp\/v2\/product_brand?post=12407"},{"taxonomy":"product_cat","embeddable":true,"href":"https:\/\/mestra.es\/fr\/wp-json\/wp\/v2\/product_cat?post=12407"},{"taxonomy":"product_tag","embeddable":true,"href":"https:\/\/mestra.es\/fr\/wp-json\/wp\/v2\/product_tag?post=12407"}],"curies":[{"name":"wp","href":"https:\/\/api.w.org\/{rel}","templated":true}]}}