{"id":12389,"date":"2024-03-11T13:38:04","date_gmt":"2024-03-11T12:38:04","guid":{"rendered":"https:\/\/mestra.es\/producto\/horno-de-ceramica\/"},"modified":"2025-03-20T16:03:34","modified_gmt":"2025-03-20T15:03:34","slug":"horno-de-ceramica","status":"publish","type":"product","link":"https:\/\/mestra.es\/fr\/producto\/horno-de-ceramica\/","title":{"rendered":"FOUR DE CERAMIQUE"},"content":{"rendered":"<p>Nouvelle version du four \u00e0 C\u00e9ramique MESTRA.<\/p>\n<p>Compl\u00e8tement automatis\u00e9 et compatible avec les diff\u00e9rents types de c\u00e9ramique pr\u00e9sents sur le march\u00e9 (except\u00e9 la c\u00e9ramique press\u00e9e).<\/p>\n<p>Un design esth\u00e9tiquement avance.<\/p>\n<p>Son display tactile offre un confort suppl\u00e9mentaire dans sa manipulation, avec des ic\u00f4nes et des graphiques tr\u00e8s intuitifs. Son large \u00e9cran et sa conception, permettent de suivre clairement l\u2019\u00e9volution du programme ou sa cr\u00e9ation.<\/p>\n<p>Il permet la m\u00e9morisation de multiples programmes dont beaucoup sont d\u00e9j\u00e0 pre-install\u00e9s. L\u2019op\u00e9rateur peut d\u00e9finir de nombreux param\u00e8tres\u00a0: Temp\u00e9rature, temps de d\u00e9shydratation, vitesse de chauffe, maintien, d\u00e9clenchement et arr\u00eat du vide, refroidissement\u2026<\/p>\n<p>Programme de calibration.<\/p>\n<p>Le microprocesseur dispose de nombreux messages d\u2019erreur ou d\u2019alarme dans le cas d\u2019un \u00e9ventuel dysfonctionnement.<\/p>\n<p>La pompe \u00e0 vide est fournie.<\/p>\n<p>D\u2019autres \u00e9l\u00e9ments sont \u00e9galement compris comme le kit de calibration ou le plateau de chauffe.<\/p>\n","protected":false},"excerpt":{"rendered":"<p>Nouvelle version du four \u00e0 C\u00e9ramique MESTRA. Compl\u00e8tement automatis\u00e9 et compatible avec les diff\u00e9rents types de c\u00e9ramique pr\u00e9sents sur le march\u00e9 (except\u00e9 la c\u00e9ramique press\u00e9e). Un design esth\u00e9tiquement avance. Son display tactile offre un confort suppl\u00e9mentaire dans sa manipulation, avec des ic\u00f4nes et des graphiques tr\u00e8s intuitifs. Son large \u00e9cran et sa conception, permettent de [&hellip;]<\/p>\n","protected":false},"featured_media":17041,"template":"","meta":{"_acf_changed":false,"_monsterinsights_skip_tracking":false,"_monsterinsights_sitenote_active":false,"_monsterinsights_sitenote_note":"","_monsterinsights_sitenote_category":0},"product_brand":[],"product_cat":[1341],"product_tag":[],"class_list":{"0":"post-12389","1":"product","2":"type-product","3":"status-publish","4":"has-post-thumbnail","6":"product_cat-fours","8":"first","9":"instock","10":"product-type-simple"},"acf":[],"yoast_head":"<!-- This site is optimized with the Yoast SEO plugin v27.2 - https:\/\/yoast.com\/product\/yoast-seo-wordpress\/ -->\n<title>Four de ceramique | MESTRA<\/title>\n<meta name=\"description\" content=\"Chez MESTRA, nous avons Four de ceramique commander en ligne.\" \/>\n<meta name=\"robots\" content=\"index, follow, max-snippet:-1, max-image-preview:large, max-video-preview:-1\" \/>\n<link rel=\"canonical\" href=\"https:\/\/mestra.es\/fr\/producto\/horno-de-ceramica\/\" \/>\n<meta property=\"og:locale\" content=\"fr_FR\" \/>\n<meta property=\"og:type\" content=\"article\" \/>\n<meta property=\"og:title\" content=\"Four de ceramique | MESTRA\" \/>\n<meta property=\"og:description\" content=\"Chez MESTRA, nous avons Four de ceramique commander en ligne.\" \/>\n<meta property=\"og:url\" content=\"https:\/\/mestra.es\/fr\/producto\/horno-de-ceramica\/\" \/>\n<meta property=\"og:site_name\" content=\"Talleres Mestra\" \/>\n<meta property=\"article:modified_time\" content=\"2025-03-20T15:03:34+00:00\" \/>\n<meta property=\"og:image\" content=\"https:\/\/mestra.es\/wp-content\/uploads\/2024\/03\/100249-1.jpg\" \/>\n\t<meta property=\"og:image:width\" content=\"600\" \/>\n\t<meta property=\"og:image:height\" content=\"600\" \/>\n\t<meta property=\"og:image:type\" content=\"image\/jpeg\" \/>\n<meta name=\"twitter:card\" content=\"summary_large_image\" \/>\n<meta name=\"twitter:label1\" content=\"Prix\" \/>\n\t<meta name=\"twitter:data1\" content=\"\" \/>\n\t<meta name=\"twitter:label2\" content=\"Disponibilit\u00e9\" \/>\n\t<meta name=\"twitter:data2\" content=\"En stock\" \/>\n<script type=\"application\/ld+json\" class=\"yoast-schema-graph\">{\"@context\":\"https:\/\/schema.org\",\"@graph\":[{\"@type\":\"WebPage\",\"@id\":\"https:\/\/mestra.es\/fr\/producto\/horno-de-ceramica\/\",\"url\":\"https:\/\/mestra.es\/fr\/producto\/horno-de-ceramica\/\",\"name\":\"Four de ceramique | MESTRA\",\"isPartOf\":{\"@id\":\"https:\/\/mestra.es\/fr\/#website\"},\"primaryImageOfPage\":{\"@id\":\"https:\/\/mestra.es\/fr\/producto\/horno-de-ceramica\/#primaryimage\"},\"image\":{\"@id\":\"https:\/\/mestra.es\/fr\/producto\/horno-de-ceramica\/#primaryimage\"},\"thumbnailUrl\":\"https:\/\/mestra.es\/wp-content\/uploads\/2024\/03\/100249-1.jpg\",\"datePublished\":\"2024-03-11T12:38:04+00:00\",\"dateModified\":\"2025-03-20T15:03:34+00:00\",\"description\":\"Chez MESTRA, nous avons Four de ceramique commander en ligne.\",\"breadcrumb\":{\"@id\":\"https:\/\/mestra.es\/fr\/producto\/horno-de-ceramica\/#breadcrumb\"},\"inLanguage\":\"fr-FR\",\"potentialAction\":[{\"@type\":\"ReadAction\",\"target\":[\"https:\/\/mestra.es\/fr\/producto\/horno-de-ceramica\/\"]}]},{\"@type\":\"ImageObject\",\"inLanguage\":\"fr-FR\",\"@id\":\"https:\/\/mestra.es\/fr\/producto\/horno-de-ceramica\/#primaryimage\",\"url\":\"https:\/\/mestra.es\/wp-content\/uploads\/2024\/03\/100249-1.jpg\",\"contentUrl\":\"https:\/\/mestra.es\/wp-content\/uploads\/2024\/03\/100249-1.jpg\",\"width\":600,\"height\":600,\"caption\":\"Horno de cer\u00e1mica\"},{\"@type\":\"BreadcrumbList\",\"@id\":\"https:\/\/mestra.es\/fr\/producto\/horno-de-ceramica\/#breadcrumb\",\"itemListElement\":[{\"@type\":\"ListItem\",\"position\":1,\"name\":\"Portada\",\"item\":\"https:\/\/mestra.es\/fr\/\"},{\"@type\":\"ListItem\",\"position\":2,\"name\":\"Boutique\",\"item\":\"https:\/\/mestra.es\/fr\/boutique\/\"},{\"@type\":\"ListItem\",\"position\":3,\"name\":\"FOUR DE CERAMIQUE\"}]},{\"@type\":\"WebSite\",\"@id\":\"https:\/\/mestra.es\/fr\/#website\",\"url\":\"https:\/\/mestra.es\/fr\/\",\"name\":\"Talleres Mestra\",\"description\":\"\",\"publisher\":{\"@id\":\"https:\/\/mestra.es\/fr\/#organization\"},\"potentialAction\":[{\"@type\":\"SearchAction\",\"target\":{\"@type\":\"EntryPoint\",\"urlTemplate\":\"https:\/\/mestra.es\/fr\/?s={search_term_string}\"},\"query-input\":{\"@type\":\"PropertyValueSpecification\",\"valueRequired\":true,\"valueName\":\"search_term_string\"}}],\"inLanguage\":\"fr-FR\"},{\"@type\":\"Organization\",\"@id\":\"https:\/\/mestra.es\/fr\/#organization\",\"name\":\"Talleres Mestra\",\"url\":\"https:\/\/mestra.es\/fr\/\",\"logo\":{\"@type\":\"ImageObject\",\"inLanguage\":\"fr-FR\",\"@id\":\"https:\/\/mestra.es\/fr\/#\/schema\/logo\/image\/\",\"url\":\"https:\/\/mestra.es\/wp-content\/uploads\/2024\/05\/logo_mestra.png\",\"contentUrl\":\"https:\/\/mestra.es\/wp-content\/uploads\/2024\/05\/logo_mestra.png\",\"width\":300,\"height\":170,\"caption\":\"Talleres Mestra\"},\"image\":{\"@id\":\"https:\/\/mestra.es\/fr\/#\/schema\/logo\/image\/\"}}]}<\/script>\n<meta property=\"product:price:currency\" content=\"EUR\" \/>\n<meta property=\"og:availability\" content=\"instock\" \/>\n<meta property=\"product:availability\" content=\"instock\" \/>\n<meta property=\"product:retailer_item_id\" content=\"100249\" \/>\n<meta property=\"product:condition\" content=\"new\" \/>\n<!-- \/ Yoast SEO plugin. -->","yoast_head_json":{"title":"Four de ceramique | MESTRA","description":"Chez MESTRA, nous avons Four de ceramique commander en ligne.","robots":{"index":"index","follow":"follow","max-snippet":"max-snippet:-1","max-image-preview":"max-image-preview:large","max-video-preview":"max-video-preview:-1"},"canonical":"https:\/\/mestra.es\/fr\/producto\/horno-de-ceramica\/","og_locale":"fr_FR","og_type":"article","og_title":"Four de ceramique | MESTRA","og_description":"Chez MESTRA, nous avons Four de ceramique commander en ligne.","og_url":"https:\/\/mestra.es\/fr\/producto\/horno-de-ceramica\/","og_site_name":"Talleres Mestra","article_modified_time":"2025-03-20T15:03:34+00:00","og_image":[{"width":600,"height":600,"url":"https:\/\/mestra.es\/wp-content\/uploads\/2024\/03\/100249-1.jpg","type":"image\/jpeg"}],"twitter_card":"summary_large_image","twitter_misc":{"Prix":"","Disponibilit\u00e9":"En stock"},"schema":{"@context":"https:\/\/schema.org","@graph":[{"@type":"WebPage","@id":"https:\/\/mestra.es\/fr\/producto\/horno-de-ceramica\/","url":"https:\/\/mestra.es\/fr\/producto\/horno-de-ceramica\/","name":"Four de ceramique | MESTRA","isPartOf":{"@id":"https:\/\/mestra.es\/fr\/#website"},"primaryImageOfPage":{"@id":"https:\/\/mestra.es\/fr\/producto\/horno-de-ceramica\/#primaryimage"},"image":{"@id":"https:\/\/mestra.es\/fr\/producto\/horno-de-ceramica\/#primaryimage"},"thumbnailUrl":"https:\/\/mestra.es\/wp-content\/uploads\/2024\/03\/100249-1.jpg","datePublished":"2024-03-11T12:38:04+00:00","dateModified":"2025-03-20T15:03:34+00:00","description":"Chez MESTRA, nous avons Four de ceramique commander en ligne.","breadcrumb":{"@id":"https:\/\/mestra.es\/fr\/producto\/horno-de-ceramica\/#breadcrumb"},"inLanguage":"fr-FR","potentialAction":[{"@type":"ReadAction","target":["https:\/\/mestra.es\/fr\/producto\/horno-de-ceramica\/"]}]},{"@type":"ImageObject","inLanguage":"fr-FR","@id":"https:\/\/mestra.es\/fr\/producto\/horno-de-ceramica\/#primaryimage","url":"https:\/\/mestra.es\/wp-content\/uploads\/2024\/03\/100249-1.jpg","contentUrl":"https:\/\/mestra.es\/wp-content\/uploads\/2024\/03\/100249-1.jpg","width":600,"height":600,"caption":"Horno de cer\u00e1mica"},{"@type":"BreadcrumbList","@id":"https:\/\/mestra.es\/fr\/producto\/horno-de-ceramica\/#breadcrumb","itemListElement":[{"@type":"ListItem","position":1,"name":"Portada","item":"https:\/\/mestra.es\/fr\/"},{"@type":"ListItem","position":2,"name":"Boutique","item":"https:\/\/mestra.es\/fr\/boutique\/"},{"@type":"ListItem","position":3,"name":"FOUR DE CERAMIQUE"}]},{"@type":"WebSite","@id":"https:\/\/mestra.es\/fr\/#website","url":"https:\/\/mestra.es\/fr\/","name":"Talleres Mestra","description":"","publisher":{"@id":"https:\/\/mestra.es\/fr\/#organization"},"potentialAction":[{"@type":"SearchAction","target":{"@type":"EntryPoint","urlTemplate":"https:\/\/mestra.es\/fr\/?s={search_term_string}"},"query-input":{"@type":"PropertyValueSpecification","valueRequired":true,"valueName":"search_term_string"}}],"inLanguage":"fr-FR"},{"@type":"Organization","@id":"https:\/\/mestra.es\/fr\/#organization","name":"Talleres Mestra","url":"https:\/\/mestra.es\/fr\/","logo":{"@type":"ImageObject","inLanguage":"fr-FR","@id":"https:\/\/mestra.es\/fr\/#\/schema\/logo\/image\/","url":"https:\/\/mestra.es\/wp-content\/uploads\/2024\/05\/logo_mestra.png","contentUrl":"https:\/\/mestra.es\/wp-content\/uploads\/2024\/05\/logo_mestra.png","width":300,"height":170,"caption":"Talleres Mestra"},"image":{"@id":"https:\/\/mestra.es\/fr\/#\/schema\/logo\/image\/"}}]},"product_price_currency":"EUR","og_availability":"instock","product_availability":"instock","product_retailer_item_id":"100249","product_condition":"new"},"_links":{"self":[{"href":"https:\/\/mestra.es\/fr\/wp-json\/wp\/v2\/product\/12389","targetHints":{"allow":["GET"]}}],"collection":[{"href":"https:\/\/mestra.es\/fr\/wp-json\/wp\/v2\/product"}],"about":[{"href":"https:\/\/mestra.es\/fr\/wp-json\/wp\/v2\/types\/product"}],"wp:featuredmedia":[{"embeddable":true,"href":"https:\/\/mestra.es\/fr\/wp-json\/wp\/v2\/media\/17041"}],"wp:attachment":[{"href":"https:\/\/mestra.es\/fr\/wp-json\/wp\/v2\/media?parent=12389"}],"wp:term":[{"taxonomy":"product_brand","embeddable":true,"href":"https:\/\/mestra.es\/fr\/wp-json\/wp\/v2\/product_brand?post=12389"},{"taxonomy":"product_cat","embeddable":true,"href":"https:\/\/mestra.es\/fr\/wp-json\/wp\/v2\/product_cat?post=12389"},{"taxonomy":"product_tag","embeddable":true,"href":"https:\/\/mestra.es\/fr\/wp-json\/wp\/v2\/product_tag?post=12389"}],"curies":[{"name":"wp","href":"https:\/\/api.w.org\/{rel}","templated":true}]}}