{"id":12387,"date":"2024-03-11T13:38:05","date_gmt":"2024-03-11T12:38:05","guid":{"rendered":"https:\/\/mestra.es\/producto\/catalizador-de-humos-para-horno\/"},"modified":"2025-03-20T15:53:23","modified_gmt":"2025-03-20T14:53:23","slug":"catalizador-de-humos-para-horno","status":"publish","type":"product","link":"https:\/\/mestra.es\/fr\/producto\/catalizador-de-humos-para-horno\/","title":{"rendered":"CATALYSEUR DE FUMEES POUR FOUR"},"content":{"rendered":"<p>Dispositif simple qui se branche a tuyau de l\u0092\u00e9vacuation de fum\u00e9es de n\u0092importe quel four de chauffe pour \u00e9liminer les gaz des produits non br\u00fbl\u00e9s g\u00e9n\u00e9r\u00e9s dans le four lors de la combustion des cires ou autres mat\u00e9riaux.<\/p>\n<p>Un syst\u00e8me de ventilation forc\u00e9 balaye les gaz produits dans le four et les conduit Voir produits la hotte \u00e0 l\u0092ext\u00e9rieur. Lors du passage des fum\u00e9es, les gaz et les produits non consum\u00e9s sont r\u00e9chauff\u00e9s et catalys\u00e9s transform\u00e9s en CO2 et H2O.<\/p>\n<p>L\u0092emploi de ce dispositif \u00e9limine en grande partie les mauvaises odeurs et les produits nocifs pour les bronches g\u00e9n\u00e9r\u00e9s lors de la chauffe.<\/p>\n<p>Le catalyseur est sp\u00e9cialement con\u00e7u pour fonctionner avec les fours de la famille HP de MESTRA. Il peut n\u00e9anmoins se coupler avec n\u0092importe quel autre four de chauffe dont le tube de sortie est inf\u00e9rieur \u00e0 38 mm de diam\u00e8tre ext\u00e9rieur.<\/p>\n","protected":false},"excerpt":{"rendered":"<p>Dispositif simple qui se branche a tuyau de l\u0092\u00e9vacuation de fum\u00e9es de n\u0092importe quel four de chauffe pour \u00e9liminer les gaz des produits non br\u00fbl\u00e9s g\u00e9n\u00e9r\u00e9s dans le four lors de la combustion des cires ou autres mat\u00e9riaux. Un syst\u00e8me de ventilation forc\u00e9 balaye les gaz produits dans le four et les conduit Voir produits [&hellip;]<\/p>\n","protected":false},"featured_media":7553,"template":"","meta":{"_acf_changed":false,"_monsterinsights_skip_tracking":false,"_monsterinsights_sitenote_active":false,"_monsterinsights_sitenote_note":"","_monsterinsights_sitenote_category":0},"product_brand":[],"product_cat":[1340],"product_tag":[],"class_list":{"0":"post-12387","1":"product","2":"type-product","3":"status-publish","4":"has-post-thumbnail","6":"product_cat-accessoires-fours","8":"first","9":"instock","10":"product-type-simple"},"acf":[],"yoast_head":"<!-- This site is optimized with the Yoast SEO plugin v27.2 - https:\/\/yoast.com\/product\/yoast-seo-wordpress\/ -->\n<title>Catalyseur de fumees pour four | MESTRA<\/title>\n<meta name=\"description\" content=\"Chez MESTRA nous avons Catalyseur de fumees pour four. Consultez notre catalogue de mat\u00e9riel dentaire et passez votre commande d\u00e8s maintenant.\" \/>\n<meta name=\"robots\" content=\"index, follow, max-snippet:-1, max-image-preview:large, max-video-preview:-1\" \/>\n<link rel=\"canonical\" href=\"https:\/\/mestra.es\/fr\/producto\/catalizador-de-humos-para-horno\/\" \/>\n<meta property=\"og:locale\" content=\"fr_FR\" \/>\n<meta property=\"og:type\" content=\"article\" \/>\n<meta property=\"og:title\" content=\"Catalyseur de fumees pour four | MESTRA\" \/>\n<meta property=\"og:description\" content=\"Chez MESTRA nous avons Catalyseur de fumees pour four. Consultez notre catalogue de mat\u00e9riel dentaire et passez votre commande d\u00e8s maintenant.\" \/>\n<meta property=\"og:url\" content=\"https:\/\/mestra.es\/fr\/producto\/catalizador-de-humos-para-horno\/\" \/>\n<meta property=\"og:site_name\" content=\"Talleres Mestra\" \/>\n<meta property=\"article:modified_time\" content=\"2025-03-20T14:53:23+00:00\" \/>\n<meta property=\"og:image\" content=\"https:\/\/mestra.es\/wp-content\/uploads\/2024\/03\/080124-1.jpg\" \/>\n\t<meta property=\"og:image:width\" content=\"1003\" \/>\n\t<meta property=\"og:image:height\" content=\"1003\" \/>\n\t<meta property=\"og:image:type\" content=\"image\/jpeg\" \/>\n<meta name=\"twitter:card\" content=\"summary_large_image\" \/>\n<meta name=\"twitter:label1\" content=\"Prix\" \/>\n\t<meta name=\"twitter:data1\" content=\"\" \/>\n\t<meta name=\"twitter:label2\" content=\"Disponibilit\u00e9\" \/>\n\t<meta name=\"twitter:data2\" content=\"En stock\" \/>\n<script type=\"application\/ld+json\" class=\"yoast-schema-graph\">{\"@context\":\"https:\/\/schema.org\",\"@graph\":[{\"@type\":\"WebPage\",\"@id\":\"https:\/\/mestra.es\/fr\/producto\/catalizador-de-humos-para-horno\/\",\"url\":\"https:\/\/mestra.es\/fr\/producto\/catalizador-de-humos-para-horno\/\",\"name\":\"Catalyseur de fumees pour four | MESTRA\",\"isPartOf\":{\"@id\":\"https:\/\/mestra.es\/fr\/#website\"},\"primaryImageOfPage\":{\"@id\":\"https:\/\/mestra.es\/fr\/producto\/catalizador-de-humos-para-horno\/#primaryimage\"},\"image\":{\"@id\":\"https:\/\/mestra.es\/fr\/producto\/catalizador-de-humos-para-horno\/#primaryimage\"},\"thumbnailUrl\":\"https:\/\/mestra.es\/wp-content\/uploads\/2024\/03\/080124-1.jpg\",\"datePublished\":\"2024-03-11T12:38:05+00:00\",\"dateModified\":\"2025-03-20T14:53:23+00:00\",\"description\":\"Chez MESTRA nous avons Catalyseur de fumees pour four. Consultez notre catalogue de mat\u00e9riel dentaire et passez votre commande d\u00e8s maintenant.\",\"breadcrumb\":{\"@id\":\"https:\/\/mestra.es\/fr\/producto\/catalizador-de-humos-para-horno\/#breadcrumb\"},\"inLanguage\":\"fr-FR\",\"potentialAction\":[{\"@type\":\"ReadAction\",\"target\":[\"https:\/\/mestra.es\/fr\/producto\/catalizador-de-humos-para-horno\/\"]}]},{\"@type\":\"ImageObject\",\"inLanguage\":\"fr-FR\",\"@id\":\"https:\/\/mestra.es\/fr\/producto\/catalizador-de-humos-para-horno\/#primaryimage\",\"url\":\"https:\/\/mestra.es\/wp-content\/uploads\/2024\/03\/080124-1.jpg\",\"contentUrl\":\"https:\/\/mestra.es\/wp-content\/uploads\/2024\/03\/080124-1.jpg\",\"width\":1003,\"height\":1003,\"caption\":\"Catalizador de humos para horno\"},{\"@type\":\"BreadcrumbList\",\"@id\":\"https:\/\/mestra.es\/fr\/producto\/catalizador-de-humos-para-horno\/#breadcrumb\",\"itemListElement\":[{\"@type\":\"ListItem\",\"position\":1,\"name\":\"Portada\",\"item\":\"https:\/\/mestra.es\/fr\/\"},{\"@type\":\"ListItem\",\"position\":2,\"name\":\"Boutique\",\"item\":\"https:\/\/mestra.es\/fr\/boutique\/\"},{\"@type\":\"ListItem\",\"position\":3,\"name\":\"CATALYSEUR DE FUMEES POUR FOUR\"}]},{\"@type\":\"WebSite\",\"@id\":\"https:\/\/mestra.es\/fr\/#website\",\"url\":\"https:\/\/mestra.es\/fr\/\",\"name\":\"Talleres Mestra\",\"description\":\"\",\"publisher\":{\"@id\":\"https:\/\/mestra.es\/fr\/#organization\"},\"potentialAction\":[{\"@type\":\"SearchAction\",\"target\":{\"@type\":\"EntryPoint\",\"urlTemplate\":\"https:\/\/mestra.es\/fr\/?s={search_term_string}\"},\"query-input\":{\"@type\":\"PropertyValueSpecification\",\"valueRequired\":true,\"valueName\":\"search_term_string\"}}],\"inLanguage\":\"fr-FR\"},{\"@type\":\"Organization\",\"@id\":\"https:\/\/mestra.es\/fr\/#organization\",\"name\":\"Talleres Mestra\",\"url\":\"https:\/\/mestra.es\/fr\/\",\"logo\":{\"@type\":\"ImageObject\",\"inLanguage\":\"fr-FR\",\"@id\":\"https:\/\/mestra.es\/fr\/#\/schema\/logo\/image\/\",\"url\":\"https:\/\/mestra.es\/wp-content\/uploads\/2024\/05\/logo_mestra.png\",\"contentUrl\":\"https:\/\/mestra.es\/wp-content\/uploads\/2024\/05\/logo_mestra.png\",\"width\":300,\"height\":170,\"caption\":\"Talleres Mestra\"},\"image\":{\"@id\":\"https:\/\/mestra.es\/fr\/#\/schema\/logo\/image\/\"}}]}<\/script>\n<meta property=\"product:price:currency\" content=\"EUR\" \/>\n<meta property=\"og:availability\" content=\"instock\" \/>\n<meta property=\"product:availability\" content=\"instock\" \/>\n<meta property=\"product:retailer_item_id\" content=\"080124\" \/>\n<meta property=\"product:condition\" content=\"new\" \/>\n<!-- \/ Yoast SEO plugin. -->","yoast_head_json":{"title":"Catalyseur de fumees pour four | MESTRA","description":"Chez MESTRA nous avons Catalyseur de fumees pour four. Consultez notre catalogue de mat\u00e9riel dentaire et passez votre commande d\u00e8s maintenant.","robots":{"index":"index","follow":"follow","max-snippet":"max-snippet:-1","max-image-preview":"max-image-preview:large","max-video-preview":"max-video-preview:-1"},"canonical":"https:\/\/mestra.es\/fr\/producto\/catalizador-de-humos-para-horno\/","og_locale":"fr_FR","og_type":"article","og_title":"Catalyseur de fumees pour four | MESTRA","og_description":"Chez MESTRA nous avons Catalyseur de fumees pour four. Consultez notre catalogue de mat\u00e9riel dentaire et passez votre commande d\u00e8s maintenant.","og_url":"https:\/\/mestra.es\/fr\/producto\/catalizador-de-humos-para-horno\/","og_site_name":"Talleres Mestra","article_modified_time":"2025-03-20T14:53:23+00:00","og_image":[{"width":1003,"height":1003,"url":"https:\/\/mestra.es\/wp-content\/uploads\/2024\/03\/080124-1.jpg","type":"image\/jpeg"}],"twitter_card":"summary_large_image","twitter_misc":{"Prix":"","Disponibilit\u00e9":"En stock"},"schema":{"@context":"https:\/\/schema.org","@graph":[{"@type":"WebPage","@id":"https:\/\/mestra.es\/fr\/producto\/catalizador-de-humos-para-horno\/","url":"https:\/\/mestra.es\/fr\/producto\/catalizador-de-humos-para-horno\/","name":"Catalyseur de fumees pour four | MESTRA","isPartOf":{"@id":"https:\/\/mestra.es\/fr\/#website"},"primaryImageOfPage":{"@id":"https:\/\/mestra.es\/fr\/producto\/catalizador-de-humos-para-horno\/#primaryimage"},"image":{"@id":"https:\/\/mestra.es\/fr\/producto\/catalizador-de-humos-para-horno\/#primaryimage"},"thumbnailUrl":"https:\/\/mestra.es\/wp-content\/uploads\/2024\/03\/080124-1.jpg","datePublished":"2024-03-11T12:38:05+00:00","dateModified":"2025-03-20T14:53:23+00:00","description":"Chez MESTRA nous avons Catalyseur de fumees pour four. Consultez notre catalogue de mat\u00e9riel dentaire et passez votre commande d\u00e8s maintenant.","breadcrumb":{"@id":"https:\/\/mestra.es\/fr\/producto\/catalizador-de-humos-para-horno\/#breadcrumb"},"inLanguage":"fr-FR","potentialAction":[{"@type":"ReadAction","target":["https:\/\/mestra.es\/fr\/producto\/catalizador-de-humos-para-horno\/"]}]},{"@type":"ImageObject","inLanguage":"fr-FR","@id":"https:\/\/mestra.es\/fr\/producto\/catalizador-de-humos-para-horno\/#primaryimage","url":"https:\/\/mestra.es\/wp-content\/uploads\/2024\/03\/080124-1.jpg","contentUrl":"https:\/\/mestra.es\/wp-content\/uploads\/2024\/03\/080124-1.jpg","width":1003,"height":1003,"caption":"Catalizador de humos para horno"},{"@type":"BreadcrumbList","@id":"https:\/\/mestra.es\/fr\/producto\/catalizador-de-humos-para-horno\/#breadcrumb","itemListElement":[{"@type":"ListItem","position":1,"name":"Portada","item":"https:\/\/mestra.es\/fr\/"},{"@type":"ListItem","position":2,"name":"Boutique","item":"https:\/\/mestra.es\/fr\/boutique\/"},{"@type":"ListItem","position":3,"name":"CATALYSEUR DE FUMEES POUR FOUR"}]},{"@type":"WebSite","@id":"https:\/\/mestra.es\/fr\/#website","url":"https:\/\/mestra.es\/fr\/","name":"Talleres Mestra","description":"","publisher":{"@id":"https:\/\/mestra.es\/fr\/#organization"},"potentialAction":[{"@type":"SearchAction","target":{"@type":"EntryPoint","urlTemplate":"https:\/\/mestra.es\/fr\/?s={search_term_string}"},"query-input":{"@type":"PropertyValueSpecification","valueRequired":true,"valueName":"search_term_string"}}],"inLanguage":"fr-FR"},{"@type":"Organization","@id":"https:\/\/mestra.es\/fr\/#organization","name":"Talleres Mestra","url":"https:\/\/mestra.es\/fr\/","logo":{"@type":"ImageObject","inLanguage":"fr-FR","@id":"https:\/\/mestra.es\/fr\/#\/schema\/logo\/image\/","url":"https:\/\/mestra.es\/wp-content\/uploads\/2024\/05\/logo_mestra.png","contentUrl":"https:\/\/mestra.es\/wp-content\/uploads\/2024\/05\/logo_mestra.png","width":300,"height":170,"caption":"Talleres Mestra"},"image":{"@id":"https:\/\/mestra.es\/fr\/#\/schema\/logo\/image\/"}}]},"product_price_currency":"EUR","og_availability":"instock","product_availability":"instock","product_retailer_item_id":"080124","product_condition":"new"},"_links":{"self":[{"href":"https:\/\/mestra.es\/fr\/wp-json\/wp\/v2\/product\/12387","targetHints":{"allow":["GET"]}}],"collection":[{"href":"https:\/\/mestra.es\/fr\/wp-json\/wp\/v2\/product"}],"about":[{"href":"https:\/\/mestra.es\/fr\/wp-json\/wp\/v2\/types\/product"}],"wp:featuredmedia":[{"embeddable":true,"href":"https:\/\/mestra.es\/fr\/wp-json\/wp\/v2\/media\/7553"}],"wp:attachment":[{"href":"https:\/\/mestra.es\/fr\/wp-json\/wp\/v2\/media?parent=12387"}],"wp:term":[{"taxonomy":"product_brand","embeddable":true,"href":"https:\/\/mestra.es\/fr\/wp-json\/wp\/v2\/product_brand?post=12387"},{"taxonomy":"product_cat","embeddable":true,"href":"https:\/\/mestra.es\/fr\/wp-json\/wp\/v2\/product_cat?post=12387"},{"taxonomy":"product_tag","embeddable":true,"href":"https:\/\/mestra.es\/fr\/wp-json\/wp\/v2\/product_tag?post=12387"}],"curies":[{"name":"wp","href":"https:\/\/api.w.org\/{rel}","templated":true}]}}