{"id":12383,"date":"2024-03-11T13:38:06","date_gmt":"2024-03-11T12:38:06","guid":{"rendered":"https:\/\/mestra.es\/producto\/desencerador-de-cilindros\/"},"modified":"2025-03-20T15:49:32","modified_gmt":"2025-03-20T14:49:32","slug":"desencerador-de-cilindros","status":"publish","type":"product","link":"https:\/\/mestra.es\/fr\/producto\/desencerador-de-cilindros\/","title":{"rendered":"DISPOSITIF POUR ENLEVER LA CIRE DES CYLINDRES"},"content":{"rendered":"<h4><strong>\u00c9conomiser la cire!<\/strong><\/h4>\n<p>Cet appareil tr\u00e8s pratique a \u00e9t\u00e9 con\u00e7u pour \u00e9liminer la cire des cylindres avant leur introduction dans le four de pr\u00e9chauffe.<\/p>\n<p>Gr\u00e2ce \u00e0 ce simple et rapide proc\u00e9d\u00e9, la fum\u00e9e et les mauvaises odeurs produites par le br\u00fblage de la cire dans le four, sont \u00e9vit\u00e9es.<\/p>\n<p>Sa manipulation est ais\u00e9e: il suffit de remplir la cuvette d\u0092eau et de placer les cylindres \u00e0 l\u0092int\u00e9rieur. Une puissante r\u00e9sistance r\u00e9chauffe l\u0092eau en quelques minutes jusqu&rsquo;\u00e0 ce que la cire fonde.<\/p>\n<p>La temp\u00e9rature de fonctionnement peut \u00eatre r\u00e9gl\u00e9e par un thermostat.<\/p>\n<p>La machine peut \u00e9galement \u00eatre utilis\u00e9e pour d\u0092autres applications exigeant une cuvette d\u0092eau chauff\u00e9e \u00e0 une certaine temp\u00e9rature, comme par exemple la thermo polym\u00e9risation de petits \u00e9l\u00e9ments.<\/p>\n<p>La machine est enti\u00e8rement fabriqu\u00e9e en acier inoxydable, un mat\u00e9riel noble facile \u00e0 nettoyer et d\u0092une excellente r\u00e9sistance \u00e0 la corrosion.<\/p>\n","protected":false},"excerpt":{"rendered":"<p>\u00c9conomiser la cire! Cet appareil tr\u00e8s pratique a \u00e9t\u00e9 con\u00e7u pour \u00e9liminer la cire des cylindres avant leur introduction dans le four de pr\u00e9chauffe. Gr\u00e2ce \u00e0 ce simple et rapide proc\u00e9d\u00e9, la fum\u00e9e et les mauvaises odeurs produites par le br\u00fblage de la cire dans le four, sont \u00e9vit\u00e9es. Sa manipulation est ais\u00e9e: il suffit [&hellip;]<\/p>\n","protected":false},"featured_media":15740,"template":"","meta":{"_acf_changed":false,"_monsterinsights_skip_tracking":false,"_monsterinsights_sitenote_active":false,"_monsterinsights_sitenote_note":"","_monsterinsights_sitenote_category":0},"product_brand":[],"product_cat":[1340],"product_tag":[],"class_list":{"0":"post-12383","1":"product","2":"type-product","3":"status-publish","4":"has-post-thumbnail","6":"product_cat-accessoires-fours","8":"first","9":"instock","10":"product-type-simple"},"acf":[],"yoast_head":"<!-- This site is optimized with the Yoast SEO plugin v27.2 - https:\/\/yoast.com\/product\/yoast-seo-wordpress\/ -->\n<title>Dispositif pour enleVoir produit la cire des cylindres | MESTRA<\/title>\n<meta name=\"description\" content=\"Chez MESTRA, nous avons Dispositif pour enleVoir produit la cire des cylindres commander en ligne.\" \/>\n<meta name=\"robots\" content=\"index, follow, max-snippet:-1, max-image-preview:large, max-video-preview:-1\" \/>\n<link rel=\"canonical\" href=\"https:\/\/mestra.es\/fr\/producto\/desencerador-de-cilindros\/\" \/>\n<meta property=\"og:locale\" content=\"fr_FR\" \/>\n<meta property=\"og:type\" content=\"article\" \/>\n<meta property=\"og:title\" content=\"Dispositif pour enleVoir produit la cire des cylindres | MESTRA\" \/>\n<meta property=\"og:description\" content=\"Chez MESTRA, nous avons Dispositif pour enleVoir produit la cire des cylindres commander en ligne.\" \/>\n<meta property=\"og:url\" content=\"https:\/\/mestra.es\/fr\/producto\/desencerador-de-cilindros\/\" \/>\n<meta property=\"og:site_name\" content=\"Talleres Mestra\" \/>\n<meta property=\"article:modified_time\" content=\"2025-03-20T14:49:32+00:00\" \/>\n<meta property=\"og:image\" content=\"https:\/\/mestra.es\/wp-content\/uploads\/2024\/03\/080068-1.jpg\" \/>\n\t<meta property=\"og:image:width\" content=\"600\" \/>\n\t<meta property=\"og:image:height\" content=\"600\" \/>\n\t<meta property=\"og:image:type\" content=\"image\/jpeg\" \/>\n<meta name=\"twitter:card\" content=\"summary_large_image\" \/>\n<meta name=\"twitter:label1\" content=\"Prix\" \/>\n\t<meta name=\"twitter:data1\" content=\"\" \/>\n\t<meta name=\"twitter:label2\" content=\"Disponibilit\u00e9\" \/>\n\t<meta name=\"twitter:data2\" content=\"En stock\" \/>\n<script type=\"application\/ld+json\" class=\"yoast-schema-graph\">{\"@context\":\"https:\/\/schema.org\",\"@graph\":[{\"@type\":\"WebPage\",\"@id\":\"https:\/\/mestra.es\/fr\/producto\/desencerador-de-cilindros\/\",\"url\":\"https:\/\/mestra.es\/fr\/producto\/desencerador-de-cilindros\/\",\"name\":\"Dispositif pour enleVoir produit la cire des cylindres | MESTRA\",\"isPartOf\":{\"@id\":\"https:\/\/mestra.es\/fr\/#website\"},\"primaryImageOfPage\":{\"@id\":\"https:\/\/mestra.es\/fr\/producto\/desencerador-de-cilindros\/#primaryimage\"},\"image\":{\"@id\":\"https:\/\/mestra.es\/fr\/producto\/desencerador-de-cilindros\/#primaryimage\"},\"thumbnailUrl\":\"https:\/\/mestra.es\/wp-content\/uploads\/2024\/03\/080068-1.jpg\",\"datePublished\":\"2024-03-11T12:38:06+00:00\",\"dateModified\":\"2025-03-20T14:49:32+00:00\",\"description\":\"Chez MESTRA, nous avons Dispositif pour enleVoir produit la cire des cylindres commander en ligne.\",\"breadcrumb\":{\"@id\":\"https:\/\/mestra.es\/fr\/producto\/desencerador-de-cilindros\/#breadcrumb\"},\"inLanguage\":\"fr-FR\",\"potentialAction\":[{\"@type\":\"ReadAction\",\"target\":[\"https:\/\/mestra.es\/fr\/producto\/desencerador-de-cilindros\/\"]}]},{\"@type\":\"ImageObject\",\"inLanguage\":\"fr-FR\",\"@id\":\"https:\/\/mestra.es\/fr\/producto\/desencerador-de-cilindros\/#primaryimage\",\"url\":\"https:\/\/mestra.es\/wp-content\/uploads\/2024\/03\/080068-1.jpg\",\"contentUrl\":\"https:\/\/mestra.es\/wp-content\/uploads\/2024\/03\/080068-1.jpg\",\"width\":600,\"height\":600,\"caption\":\"Desencerador de cilindros\"},{\"@type\":\"BreadcrumbList\",\"@id\":\"https:\/\/mestra.es\/fr\/producto\/desencerador-de-cilindros\/#breadcrumb\",\"itemListElement\":[{\"@type\":\"ListItem\",\"position\":1,\"name\":\"Portada\",\"item\":\"https:\/\/mestra.es\/fr\/\"},{\"@type\":\"ListItem\",\"position\":2,\"name\":\"Boutique\",\"item\":\"https:\/\/mestra.es\/fr\/boutique\/\"},{\"@type\":\"ListItem\",\"position\":3,\"name\":\"DISPOSITIF POUR ENLEVER LA CIRE DES CYLINDRES\"}]},{\"@type\":\"WebSite\",\"@id\":\"https:\/\/mestra.es\/fr\/#website\",\"url\":\"https:\/\/mestra.es\/fr\/\",\"name\":\"Talleres Mestra\",\"description\":\"\",\"publisher\":{\"@id\":\"https:\/\/mestra.es\/fr\/#organization\"},\"potentialAction\":[{\"@type\":\"SearchAction\",\"target\":{\"@type\":\"EntryPoint\",\"urlTemplate\":\"https:\/\/mestra.es\/fr\/?s={search_term_string}\"},\"query-input\":{\"@type\":\"PropertyValueSpecification\",\"valueRequired\":true,\"valueName\":\"search_term_string\"}}],\"inLanguage\":\"fr-FR\"},{\"@type\":\"Organization\",\"@id\":\"https:\/\/mestra.es\/fr\/#organization\",\"name\":\"Talleres Mestra\",\"url\":\"https:\/\/mestra.es\/fr\/\",\"logo\":{\"@type\":\"ImageObject\",\"inLanguage\":\"fr-FR\",\"@id\":\"https:\/\/mestra.es\/fr\/#\/schema\/logo\/image\/\",\"url\":\"https:\/\/mestra.es\/wp-content\/uploads\/2024\/05\/logo_mestra.png\",\"contentUrl\":\"https:\/\/mestra.es\/wp-content\/uploads\/2024\/05\/logo_mestra.png\",\"width\":300,\"height\":170,\"caption\":\"Talleres Mestra\"},\"image\":{\"@id\":\"https:\/\/mestra.es\/fr\/#\/schema\/logo\/image\/\"}}]}<\/script>\n<meta property=\"product:price:currency\" content=\"EUR\" \/>\n<meta property=\"og:availability\" content=\"instock\" \/>\n<meta property=\"product:availability\" content=\"instock\" \/>\n<meta property=\"product:retailer_item_id\" content=\"080068\" \/>\n<meta property=\"product:condition\" content=\"new\" \/>\n<!-- \/ Yoast SEO plugin. -->","yoast_head_json":{"title":"Dispositif pour enleVoir produit la cire des cylindres | MESTRA","description":"Chez MESTRA, nous avons Dispositif pour enleVoir produit la cire des cylindres commander en ligne.","robots":{"index":"index","follow":"follow","max-snippet":"max-snippet:-1","max-image-preview":"max-image-preview:large","max-video-preview":"max-video-preview:-1"},"canonical":"https:\/\/mestra.es\/fr\/producto\/desencerador-de-cilindros\/","og_locale":"fr_FR","og_type":"article","og_title":"Dispositif pour enleVoir produit la cire des cylindres | MESTRA","og_description":"Chez MESTRA, nous avons Dispositif pour enleVoir produit la cire des cylindres commander en ligne.","og_url":"https:\/\/mestra.es\/fr\/producto\/desencerador-de-cilindros\/","og_site_name":"Talleres Mestra","article_modified_time":"2025-03-20T14:49:32+00:00","og_image":[{"width":600,"height":600,"url":"https:\/\/mestra.es\/wp-content\/uploads\/2024\/03\/080068-1.jpg","type":"image\/jpeg"}],"twitter_card":"summary_large_image","twitter_misc":{"Prix":"","Disponibilit\u00e9":"En stock"},"schema":{"@context":"https:\/\/schema.org","@graph":[{"@type":"WebPage","@id":"https:\/\/mestra.es\/fr\/producto\/desencerador-de-cilindros\/","url":"https:\/\/mestra.es\/fr\/producto\/desencerador-de-cilindros\/","name":"Dispositif pour enleVoir produit la cire des cylindres | MESTRA","isPartOf":{"@id":"https:\/\/mestra.es\/fr\/#website"},"primaryImageOfPage":{"@id":"https:\/\/mestra.es\/fr\/producto\/desencerador-de-cilindros\/#primaryimage"},"image":{"@id":"https:\/\/mestra.es\/fr\/producto\/desencerador-de-cilindros\/#primaryimage"},"thumbnailUrl":"https:\/\/mestra.es\/wp-content\/uploads\/2024\/03\/080068-1.jpg","datePublished":"2024-03-11T12:38:06+00:00","dateModified":"2025-03-20T14:49:32+00:00","description":"Chez MESTRA, nous avons Dispositif pour enleVoir produit la cire des cylindres commander en ligne.","breadcrumb":{"@id":"https:\/\/mestra.es\/fr\/producto\/desencerador-de-cilindros\/#breadcrumb"},"inLanguage":"fr-FR","potentialAction":[{"@type":"ReadAction","target":["https:\/\/mestra.es\/fr\/producto\/desencerador-de-cilindros\/"]}]},{"@type":"ImageObject","inLanguage":"fr-FR","@id":"https:\/\/mestra.es\/fr\/producto\/desencerador-de-cilindros\/#primaryimage","url":"https:\/\/mestra.es\/wp-content\/uploads\/2024\/03\/080068-1.jpg","contentUrl":"https:\/\/mestra.es\/wp-content\/uploads\/2024\/03\/080068-1.jpg","width":600,"height":600,"caption":"Desencerador de cilindros"},{"@type":"BreadcrumbList","@id":"https:\/\/mestra.es\/fr\/producto\/desencerador-de-cilindros\/#breadcrumb","itemListElement":[{"@type":"ListItem","position":1,"name":"Portada","item":"https:\/\/mestra.es\/fr\/"},{"@type":"ListItem","position":2,"name":"Boutique","item":"https:\/\/mestra.es\/fr\/boutique\/"},{"@type":"ListItem","position":3,"name":"DISPOSITIF POUR ENLEVER LA CIRE DES CYLINDRES"}]},{"@type":"WebSite","@id":"https:\/\/mestra.es\/fr\/#website","url":"https:\/\/mestra.es\/fr\/","name":"Talleres Mestra","description":"","publisher":{"@id":"https:\/\/mestra.es\/fr\/#organization"},"potentialAction":[{"@type":"SearchAction","target":{"@type":"EntryPoint","urlTemplate":"https:\/\/mestra.es\/fr\/?s={search_term_string}"},"query-input":{"@type":"PropertyValueSpecification","valueRequired":true,"valueName":"search_term_string"}}],"inLanguage":"fr-FR"},{"@type":"Organization","@id":"https:\/\/mestra.es\/fr\/#organization","name":"Talleres Mestra","url":"https:\/\/mestra.es\/fr\/","logo":{"@type":"ImageObject","inLanguage":"fr-FR","@id":"https:\/\/mestra.es\/fr\/#\/schema\/logo\/image\/","url":"https:\/\/mestra.es\/wp-content\/uploads\/2024\/05\/logo_mestra.png","contentUrl":"https:\/\/mestra.es\/wp-content\/uploads\/2024\/05\/logo_mestra.png","width":300,"height":170,"caption":"Talleres Mestra"},"image":{"@id":"https:\/\/mestra.es\/fr\/#\/schema\/logo\/image\/"}}]},"product_price_currency":"EUR","og_availability":"instock","product_availability":"instock","product_retailer_item_id":"080068","product_condition":"new"},"_links":{"self":[{"href":"https:\/\/mestra.es\/fr\/wp-json\/wp\/v2\/product\/12383","targetHints":{"allow":["GET"]}}],"collection":[{"href":"https:\/\/mestra.es\/fr\/wp-json\/wp\/v2\/product"}],"about":[{"href":"https:\/\/mestra.es\/fr\/wp-json\/wp\/v2\/types\/product"}],"wp:featuredmedia":[{"embeddable":true,"href":"https:\/\/mestra.es\/fr\/wp-json\/wp\/v2\/media\/15740"}],"wp:attachment":[{"href":"https:\/\/mestra.es\/fr\/wp-json\/wp\/v2\/media?parent=12383"}],"wp:term":[{"taxonomy":"product_brand","embeddable":true,"href":"https:\/\/mestra.es\/fr\/wp-json\/wp\/v2\/product_brand?post=12383"},{"taxonomy":"product_cat","embeddable":true,"href":"https:\/\/mestra.es\/fr\/wp-json\/wp\/v2\/product_cat?post=12383"},{"taxonomy":"product_tag","embeddable":true,"href":"https:\/\/mestra.es\/fr\/wp-json\/wp\/v2\/product_tag?post=12383"}],"curies":[{"name":"wp","href":"https:\/\/api.w.org\/{rel}","templated":true}]}}