{"id":12363,"date":"2024-03-11T13:38:11","date_gmt":"2024-03-11T12:38:11","guid":{"rendered":"https:\/\/mestra.es\/producto\/lampara-de-polimerizar\/"},"modified":"2025-03-24T15:59:01","modified_gmt":"2025-03-24T14:59:01","slug":"lampara-de-polimerizar","status":"publish","type":"product","link":"https:\/\/mestra.es\/fr\/producto\/lampara-de-polimerizar\/","title":{"rendered":"LAMPE A PHOTOPOLYMERISER"},"content":{"rendered":"<p>Produit \u00e9conomique, robuste et fiable.<\/p>\n<p>Est pourvu d&rsquo;une chambre illumin\u00e9e gr\u00e2ce \u00e0 quatre lampes compactes fluorescentes (puissance lumineuse totale 9 W x 4 = 36 W) qui \u00e9mettent dans une frange 350 \u00e0 400 nanom\u00e8tres.<\/p>\n<p>Son large plateau int\u00e9rieur permet d&rsquo;introduire jusqu&rsquo;\u00e0 4 mod\u00e8les \u00e0 photo polym\u00e9riser en m\u00eame temps.<\/p>\n<p>Gr\u00e2ce \u00e0 une minuterie on peut s\u00e9lectionner un temps de fonctionnement allant jusqu&rsquo;\u00e0 15 minutes. En fin de cycle, la machine \u00e9met un signal acoustique.<\/p>\n","protected":false},"excerpt":{"rendered":"<p>Produit \u00e9conomique, robuste et fiable. Est pourvu d&rsquo;une chambre illumin\u00e9e gr\u00e2ce \u00e0 quatre lampes compactes fluorescentes (puissance lumineuse totale 9 W x 4 = 36 W) qui \u00e9mettent dans une frange 350 \u00e0 400 nanom\u00e8tres. Son large plateau int\u00e9rieur permet d&rsquo;introduire jusqu&rsquo;\u00e0 4 mod\u00e8les \u00e0 photo polym\u00e9riser en m\u00eame temps. Gr\u00e2ce \u00e0 une minuterie on [&hellip;]<\/p>\n","protected":false},"featured_media":15602,"template":"","meta":{"_acf_changed":false,"_monsterinsights_skip_tracking":false,"_monsterinsights_sitenote_active":false,"_monsterinsights_sitenote_note":"","_monsterinsights_sitenote_category":0},"product_brand":[],"product_cat":[1312],"product_tag":[],"class_list":{"0":"post-12363","1":"product","2":"type-product","3":"status-publish","4":"has-post-thumbnail","6":"product_cat-photo-polymerisation","8":"first","9":"instock","10":"product-type-simple"},"acf":[],"yoast_head":"<!-- This site is optimized with the Yoast SEO plugin v27.2 - https:\/\/yoast.com\/product\/yoast-seo-wordpress\/ -->\n<title>Lampe a photopolymeriser | MESTRA<\/title>\n<meta name=\"description\" content=\"Chez MESTRA nous avons lampe a photopolymeriser. Consultez notre catalogue de mat\u00e9riel dentaire et passez votre commande d\u00e8s maintenant.\" \/>\n<meta name=\"robots\" content=\"index, follow, max-snippet:-1, max-image-preview:large, max-video-preview:-1\" \/>\n<link rel=\"canonical\" href=\"https:\/\/mestra.es\/fr\/producto\/lampara-de-polimerizar\/\" \/>\n<meta property=\"og:locale\" content=\"fr_FR\" \/>\n<meta property=\"og:type\" content=\"article\" \/>\n<meta property=\"og:title\" content=\"Lampe a photopolymeriser | MESTRA\" \/>\n<meta property=\"og:description\" content=\"Chez MESTRA nous avons lampe a photopolymeriser. Consultez notre catalogue de mat\u00e9riel dentaire et passez votre commande d\u00e8s maintenant.\" \/>\n<meta property=\"og:url\" content=\"https:\/\/mestra.es\/fr\/producto\/lampara-de-polimerizar\/\" \/>\n<meta property=\"og:site_name\" content=\"Talleres Mestra\" \/>\n<meta property=\"article:modified_time\" content=\"2025-03-24T14:59:01+00:00\" \/>\n<meta property=\"og:image\" content=\"https:\/\/mestra.es\/wp-content\/uploads\/2024\/09\/100035.jpg\" \/>\n\t<meta property=\"og:image:width\" content=\"600\" \/>\n\t<meta property=\"og:image:height\" content=\"600\" \/>\n\t<meta property=\"og:image:type\" content=\"image\/jpeg\" \/>\n<meta name=\"twitter:card\" content=\"summary_large_image\" \/>\n<meta name=\"twitter:label1\" content=\"Prix\" \/>\n\t<meta name=\"twitter:data1\" content=\"\" \/>\n\t<meta name=\"twitter:label2\" content=\"Disponibilit\u00e9\" \/>\n\t<meta name=\"twitter:data2\" content=\"En stock\" \/>\n<script type=\"application\/ld+json\" class=\"yoast-schema-graph\">{\"@context\":\"https:\/\/schema.org\",\"@graph\":[{\"@type\":\"WebPage\",\"@id\":\"https:\/\/mestra.es\/fr\/producto\/lampara-de-polimerizar\/\",\"url\":\"https:\/\/mestra.es\/fr\/producto\/lampara-de-polimerizar\/\",\"name\":\"Lampe a photopolymeriser | MESTRA\",\"isPartOf\":{\"@id\":\"https:\/\/mestra.es\/fr\/#website\"},\"primaryImageOfPage\":{\"@id\":\"https:\/\/mestra.es\/fr\/producto\/lampara-de-polimerizar\/#primaryimage\"},\"image\":{\"@id\":\"https:\/\/mestra.es\/fr\/producto\/lampara-de-polimerizar\/#primaryimage\"},\"thumbnailUrl\":\"https:\/\/mestra.es\/wp-content\/uploads\/2024\/09\/100035.jpg\",\"datePublished\":\"2024-03-11T12:38:11+00:00\",\"dateModified\":\"2025-03-24T14:59:01+00:00\",\"description\":\"Chez MESTRA nous avons lampe a photopolymeriser. Consultez notre catalogue de mat\u00e9riel dentaire et passez votre commande d\u00e8s maintenant.\",\"breadcrumb\":{\"@id\":\"https:\/\/mestra.es\/fr\/producto\/lampara-de-polimerizar\/#breadcrumb\"},\"inLanguage\":\"fr-FR\",\"potentialAction\":[{\"@type\":\"ReadAction\",\"target\":[\"https:\/\/mestra.es\/fr\/producto\/lampara-de-polimerizar\/\"]}]},{\"@type\":\"ImageObject\",\"inLanguage\":\"fr-FR\",\"@id\":\"https:\/\/mestra.es\/fr\/producto\/lampara-de-polimerizar\/#primaryimage\",\"url\":\"https:\/\/mestra.es\/wp-content\/uploads\/2024\/09\/100035.jpg\",\"contentUrl\":\"https:\/\/mestra.es\/wp-content\/uploads\/2024\/09\/100035.jpg\",\"width\":600,\"height\":600,\"caption\":\"L\u00e1mpara Polimerizadora\"},{\"@type\":\"BreadcrumbList\",\"@id\":\"https:\/\/mestra.es\/fr\/producto\/lampara-de-polimerizar\/#breadcrumb\",\"itemListElement\":[{\"@type\":\"ListItem\",\"position\":1,\"name\":\"Portada\",\"item\":\"https:\/\/mestra.es\/fr\/\"},{\"@type\":\"ListItem\",\"position\":2,\"name\":\"Boutique\",\"item\":\"https:\/\/mestra.es\/fr\/boutique\/\"},{\"@type\":\"ListItem\",\"position\":3,\"name\":\"LAMPE A PHOTOPOLYMERISER\"}]},{\"@type\":\"WebSite\",\"@id\":\"https:\/\/mestra.es\/fr\/#website\",\"url\":\"https:\/\/mestra.es\/fr\/\",\"name\":\"Talleres Mestra\",\"description\":\"\",\"publisher\":{\"@id\":\"https:\/\/mestra.es\/fr\/#organization\"},\"potentialAction\":[{\"@type\":\"SearchAction\",\"target\":{\"@type\":\"EntryPoint\",\"urlTemplate\":\"https:\/\/mestra.es\/fr\/?s={search_term_string}\"},\"query-input\":{\"@type\":\"PropertyValueSpecification\",\"valueRequired\":true,\"valueName\":\"search_term_string\"}}],\"inLanguage\":\"fr-FR\"},{\"@type\":\"Organization\",\"@id\":\"https:\/\/mestra.es\/fr\/#organization\",\"name\":\"Talleres Mestra\",\"url\":\"https:\/\/mestra.es\/fr\/\",\"logo\":{\"@type\":\"ImageObject\",\"inLanguage\":\"fr-FR\",\"@id\":\"https:\/\/mestra.es\/fr\/#\/schema\/logo\/image\/\",\"url\":\"https:\/\/mestra.es\/wp-content\/uploads\/2024\/05\/logo_mestra.png\",\"contentUrl\":\"https:\/\/mestra.es\/wp-content\/uploads\/2024\/05\/logo_mestra.png\",\"width\":300,\"height\":170,\"caption\":\"Talleres Mestra\"},\"image\":{\"@id\":\"https:\/\/mestra.es\/fr\/#\/schema\/logo\/image\/\"}}]}<\/script>\n<meta property=\"product:price:currency\" content=\"EUR\" \/>\n<meta property=\"og:availability\" content=\"instock\" \/>\n<meta property=\"product:availability\" content=\"instock\" \/>\n<meta property=\"product:retailer_item_id\" content=\"100035\" \/>\n<meta property=\"product:condition\" content=\"new\" \/>\n<!-- \/ Yoast SEO plugin. -->","yoast_head_json":{"title":"Lampe a photopolymeriser | MESTRA","description":"Chez MESTRA nous avons lampe a photopolymeriser. Consultez notre catalogue de mat\u00e9riel dentaire et passez votre commande d\u00e8s maintenant.","robots":{"index":"index","follow":"follow","max-snippet":"max-snippet:-1","max-image-preview":"max-image-preview:large","max-video-preview":"max-video-preview:-1"},"canonical":"https:\/\/mestra.es\/fr\/producto\/lampara-de-polimerizar\/","og_locale":"fr_FR","og_type":"article","og_title":"Lampe a photopolymeriser | MESTRA","og_description":"Chez MESTRA nous avons lampe a photopolymeriser. Consultez notre catalogue de mat\u00e9riel dentaire et passez votre commande d\u00e8s maintenant.","og_url":"https:\/\/mestra.es\/fr\/producto\/lampara-de-polimerizar\/","og_site_name":"Talleres Mestra","article_modified_time":"2025-03-24T14:59:01+00:00","og_image":[{"width":600,"height":600,"url":"https:\/\/mestra.es\/wp-content\/uploads\/2024\/09\/100035.jpg","type":"image\/jpeg"}],"twitter_card":"summary_large_image","twitter_misc":{"Prix":"","Disponibilit\u00e9":"En stock"},"schema":{"@context":"https:\/\/schema.org","@graph":[{"@type":"WebPage","@id":"https:\/\/mestra.es\/fr\/producto\/lampara-de-polimerizar\/","url":"https:\/\/mestra.es\/fr\/producto\/lampara-de-polimerizar\/","name":"Lampe a photopolymeriser | MESTRA","isPartOf":{"@id":"https:\/\/mestra.es\/fr\/#website"},"primaryImageOfPage":{"@id":"https:\/\/mestra.es\/fr\/producto\/lampara-de-polimerizar\/#primaryimage"},"image":{"@id":"https:\/\/mestra.es\/fr\/producto\/lampara-de-polimerizar\/#primaryimage"},"thumbnailUrl":"https:\/\/mestra.es\/wp-content\/uploads\/2024\/09\/100035.jpg","datePublished":"2024-03-11T12:38:11+00:00","dateModified":"2025-03-24T14:59:01+00:00","description":"Chez MESTRA nous avons lampe a photopolymeriser. Consultez notre catalogue de mat\u00e9riel dentaire et passez votre commande d\u00e8s maintenant.","breadcrumb":{"@id":"https:\/\/mestra.es\/fr\/producto\/lampara-de-polimerizar\/#breadcrumb"},"inLanguage":"fr-FR","potentialAction":[{"@type":"ReadAction","target":["https:\/\/mestra.es\/fr\/producto\/lampara-de-polimerizar\/"]}]},{"@type":"ImageObject","inLanguage":"fr-FR","@id":"https:\/\/mestra.es\/fr\/producto\/lampara-de-polimerizar\/#primaryimage","url":"https:\/\/mestra.es\/wp-content\/uploads\/2024\/09\/100035.jpg","contentUrl":"https:\/\/mestra.es\/wp-content\/uploads\/2024\/09\/100035.jpg","width":600,"height":600,"caption":"L\u00e1mpara Polimerizadora"},{"@type":"BreadcrumbList","@id":"https:\/\/mestra.es\/fr\/producto\/lampara-de-polimerizar\/#breadcrumb","itemListElement":[{"@type":"ListItem","position":1,"name":"Portada","item":"https:\/\/mestra.es\/fr\/"},{"@type":"ListItem","position":2,"name":"Boutique","item":"https:\/\/mestra.es\/fr\/boutique\/"},{"@type":"ListItem","position":3,"name":"LAMPE A PHOTOPOLYMERISER"}]},{"@type":"WebSite","@id":"https:\/\/mestra.es\/fr\/#website","url":"https:\/\/mestra.es\/fr\/","name":"Talleres Mestra","description":"","publisher":{"@id":"https:\/\/mestra.es\/fr\/#organization"},"potentialAction":[{"@type":"SearchAction","target":{"@type":"EntryPoint","urlTemplate":"https:\/\/mestra.es\/fr\/?s={search_term_string}"},"query-input":{"@type":"PropertyValueSpecification","valueRequired":true,"valueName":"search_term_string"}}],"inLanguage":"fr-FR"},{"@type":"Organization","@id":"https:\/\/mestra.es\/fr\/#organization","name":"Talleres Mestra","url":"https:\/\/mestra.es\/fr\/","logo":{"@type":"ImageObject","inLanguage":"fr-FR","@id":"https:\/\/mestra.es\/fr\/#\/schema\/logo\/image\/","url":"https:\/\/mestra.es\/wp-content\/uploads\/2024\/05\/logo_mestra.png","contentUrl":"https:\/\/mestra.es\/wp-content\/uploads\/2024\/05\/logo_mestra.png","width":300,"height":170,"caption":"Talleres Mestra"},"image":{"@id":"https:\/\/mestra.es\/fr\/#\/schema\/logo\/image\/"}}]},"product_price_currency":"EUR","og_availability":"instock","product_availability":"instock","product_retailer_item_id":"100035","product_condition":"new"},"_links":{"self":[{"href":"https:\/\/mestra.es\/fr\/wp-json\/wp\/v2\/product\/12363","targetHints":{"allow":["GET"]}}],"collection":[{"href":"https:\/\/mestra.es\/fr\/wp-json\/wp\/v2\/product"}],"about":[{"href":"https:\/\/mestra.es\/fr\/wp-json\/wp\/v2\/types\/product"}],"wp:featuredmedia":[{"embeddable":true,"href":"https:\/\/mestra.es\/fr\/wp-json\/wp\/v2\/media\/15602"}],"wp:attachment":[{"href":"https:\/\/mestra.es\/fr\/wp-json\/wp\/v2\/media?parent=12363"}],"wp:term":[{"taxonomy":"product_brand","embeddable":true,"href":"https:\/\/mestra.es\/fr\/wp-json\/wp\/v2\/product_brand?post=12363"},{"taxonomy":"product_cat","embeddable":true,"href":"https:\/\/mestra.es\/fr\/wp-json\/wp\/v2\/product_cat?post=12363"},{"taxonomy":"product_tag","embeddable":true,"href":"https:\/\/mestra.es\/fr\/wp-json\/wp\/v2\/product_tag?post=12363"}],"curies":[{"name":"wp","href":"https:\/\/api.w.org\/{rel}","templated":true}]}}